{"id":1835,"date":"2023-07-21T17:32:49","date_gmt":"2023-07-21T09:32:49","guid":{"rendered":"https:\/\/mlkjlasers.com\/?post_type=product&#038;p=1835"},"modified":"2026-01-29T16:14:36","modified_gmt":"2026-01-29T08:14:36","slug":"mlkj-medical-diode-laser-titanium-double-handle-hair-removal-machine-2-2-2","status":"publish","type":"product","link":"https:\/\/www.mlkjlasers.com\/pt\/product\/mlkj-medical-diode-laser-titanium-double-handle-hair-removal-machine-2-2-2\/","title":{"rendered":"Pre\u00e7o da f\u00e1brica! - Dispositivo inovador de remo\u00e7\u00e3o de cabelo 755nm 1064nm 808nm Diode M\u00e1quina de remo\u00e7\u00e3o de cabelo laser para venda"},"content":{"rendered":"<table style=\"border-collapse: collapse; width: 100%; height: 174px;\">\n<tbody>\n<tr style=\"height: 16px;\">\n<td style=\"width: 44.9553%; height: 16px;\"><span style=\"font-family: helvetica, arial, sans-serif; color: #000000; font-size: 12pt;\">M\u00e1quina de remo\u00e7\u00e3o do cabelo laser de diode MLKJ\u00a0<\/span><\/td>\n<td style=\"width: 55.0447%; height: 16px;\"><span style=\"font-family: helvetica, arial, sans-serif; color: #000000; font-size: 12pt;\">Modelo n\u00famero:4K V26<\/span><\/td>\n<\/tr>\n<tr style=\"height: 24px;\">\n<td style=\"width: 44.9553%; height: 24px;\"><span style=\"font-family: helvetica, arial, sans-serif; color: #000000; font-size: 12pt;\">Longitude de onda: 808nm ou 755 808 1064nm<\/span><\/td>\n<td style=\"width: 55.0447%; height: 24px;\"><span style=\"font-family: helvetica, arial, sans-serif; color: #000000; font-size: 12pt;\">Tamanho da tela:14 polegadas de estilo 4K<\/span><\/td>\n<\/tr>\n<tr style=\"height: 24px;\">\n<td style=\"width: 44.9553%; height: 24px;\"><span style=\"font-family: helvetica, arial, sans-serif; color: #000000; font-size: 12pt;\">Tempo de vida: 40 milh\u00f5es de tiros<\/span><\/td>\n<td style=\"width: 55.0447%; height: 24px;\"><span style=\"font-family: helvetica, arial, sans-serif; color: #000000; font-size: 12pt;\">Dura\u00e7\u00e3o do pulso: 10-300 ms<\/span><\/td>\n<\/tr>\n<tr style=\"height: 24px;\">\n<td style=\"width: 44.9553%; height: 24px;\"><span style=\"font-family: helvetica, arial, sans-serif; color: #000000; font-size: 12pt;\">Banda de laser: 100w para cada um, laser bar coerente americano<\/span><\/td>\n<td style=\"width: 55.0447%; height: 24px;\"><span style=\"font-family: helvetica, arial, sans-serif; color: #000000; font-size: 12pt;\">Frequ\u00eancia: 1-10hz<\/span><\/td>\n<\/tr>\n<tr style=\"height: 24px;\">\n<td style=\"width: 44.9553%; height: 24px;\"><span style=\"font-family: helvetica, arial, sans-serif; color: #000000; font-size: 12pt;\">Tamanho do ponto: 12x20mm ou 12x35mm<\/span><\/td>\n<td style=\"width: 55.0447%; height: 24px;\"><span style=\"font-family: helvetica, arial, sans-serif; color: #000000; font-size: 12pt;\">Energia: 1-150J<\/span><\/td>\n<\/tr>\n<tr style=\"height: 24px;\">\n<td style=\"width: 44.9553%; height: 24px;\"><span style=\"font-family: helvetica, arial, sans-serif; color: #000000; font-size: 12pt;\">Sistema de refrigera\u00e7\u00e3o: TEC, \u00e1gua, ar<\/span><\/td>\n<td style=\"width: 55.0447%; height: 24px;\"><span style=\"font-family: helvetica, arial, sans-serif; color: #000000; font-size: 12pt;\">Pot\u00eancia da M\u00e1quina:3500W<\/span><\/td>\n<\/tr>\n<tr style=\"height: 24px;\">\n<td style=\"width: 44.9553%; height: 24px;\"><span style=\"font-family: helvetica, arial, sans-serif; color: #000000; font-size: 12pt;\">Tens\u00e3o: AC110V 60HZ\/AC220V 50HZ<\/span><\/td>\n<td style=\"width: 55.0447%; height: 24px;\"><span style=\"font-family: helvetica, arial, sans-serif; color: #000000; font-size: 12pt;\">Tamanho da m\u00e1quina:1000mm*480mm*5200mm<\/span><\/td>\n<\/tr>\n<tr style=\"height: 14px;\">\n<td style=\"width: 44.9553%; height: 14px;\"><span style=\"font-family: helvetica, arial, sans-serif; color: #000000; font-size: 12pt;\">Paquete: Caixa de alum\u00ednio<\/span><\/td>\n<td style=\"width: 55.0447%; height: 14px;\"><span style=\"font-family: helvetica, arial, sans-serif; color: #000000; font-size: 12pt;\">Garantia de servi\u00e7o: 2 anos de garantia<\/span><\/td>\n<\/tr>\n<\/tbody>\n<\/table>\n<div><img fetchpriority=\"high\" decoding=\"async\" class=\"aligncenter wp-image-3868\" src=\"https:\/\/www.mlkjlasers.com\/wp-content\/uploads\/2026\/01\/V26-1200W-\u6d77\u62a5-4.jpg\" alt=\"\" width=\"1920\" height=\"1152\" srcset=\"https:\/\/www.mlkjlasers.com\/wp-content\/uploads\/2026\/01\/V26-1200W-\u6d77\u62a5-4.jpg 750w, https:\/\/www.mlkjlasers.com\/wp-content\/uploads\/2026\/01\/V26-1200W-\u6d77\u62a5-4-300x180.jpg 300w, https:\/\/www.mlkjlasers.com\/wp-content\/uploads\/2026\/01\/V26-1200W-\u6d77\u62a5-4-18x12.jpg 18w, https:\/\/www.mlkjlasers.com\/wp-content\/uploads\/2026\/01\/V26-1200W-\u6d77\u62a5-4-600x360.jpg 600w\" sizes=\"(max-width: 1920px) 100vw, 1920px\" \/><\/div>\n<div><\/div>\n<div><\/div>\n<div><span style=\"color: #000000; font-family: helvetica, arial, sans-serif; font-size: 12pt;\">Estamos orgulhosos de apresentar a maneira de laser de di\u00f3dio de ponta, uma solu\u00e7\u00e3o n\u00e3o comparada para a remo\u00e7\u00e3o de cabelos sem dor e permanente. atrav\u00e9s de um design cient\u00edfico meticuloso, nosso raio laser de alta energia penetra sem esfor\u00e7o a pele, direcionando precisamente o f\u00f3lico do cabelo durante o tratamento. Ao aproveitar o poder da absor\u00e7\u00e3o da melanina, a sa\u00edda do laser elimina efetivamente o f\u00f3lico do cabelo, garantindo resultados longos que vos deixar\u00e3o surpreendidos.<\/span><\/div>\n<div><\/div>\n<div><img decoding=\"async\" class=\"aligncenter wp-image-3866\" src=\"https:\/\/www.mlkjlasers.com\/wp-content\/uploads\/2026\/01\/V26-1200W-\u6d77\u62a5-2.jpg\" alt=\"\" width=\"1920\" height=\"1280\" srcset=\"https:\/\/www.mlkjlasers.com\/wp-content\/uploads\/2026\/01\/V26-1200W-\u6d77\u62a5-2.jpg 750w, https:\/\/www.mlkjlasers.com\/wp-content\/uploads\/2026\/01\/V26-1200W-\u6d77\u62a5-2-300x200.jpg 300w, https:\/\/www.mlkjlasers.com\/wp-content\/uploads\/2026\/01\/V26-1200W-\u6d77\u62a5-2-18x12.jpg 18w, https:\/\/www.mlkjlasers.com\/wp-content\/uploads\/2026\/01\/V26-1200W-\u6d77\u62a5-2-600x400.jpg 600w\" sizes=\"(max-width: 1920px) 100vw, 1920px\" \/><\/div>\n<div><\/div>\n<p><span style=\"font-family: helvetica, arial, sans-serif;\">Uma das caracter\u00edsticas chave que separa nossa tecnologia \u00e9 o uso de um pulso laser mais curto do que o corpo humano. \u00e9 sentir tempo. Isso significa que o tratamento \u00e9 r\u00e1pido, e com cada tiro de luz terminando em um instante, voc\u00ea&#8217; mal notar\u00e1 nenhum desconforto. Sim, voc\u00ea l\u00ea isso certo \u2013 a remo\u00e7\u00e3o do cabelo sem dor \u00e9 agora uma realidade, revolucionando a forma como abordamos tratamentos cosm\u00e9ticos e melhorando o conforto de nossos clientes.<\/span><\/p>\n<p><span style=\"font-family: helvetica, arial, sans-serif;\">O manejo de laser diode \u00e9 projetado com versatilidade na mente. Ela pode efetivamente remover cabelo de diferentes cores, espessuras e sombras, tornando-o a solu\u00e7\u00e3o perfeita para uma ampla gama de tipos de pele e necessidades de remo\u00e7\u00e3o de cabelo. Embrando a inova\u00e7\u00e3o no seu n\u00facleo, nossa cabe\u00e7a laser \u00fanica tem uma superf\u00edcie maior, possibilitando 40% mais r\u00e1pida remo\u00e7\u00e3o de cabelo em compara\u00e7\u00e3o com outras tecnologias no mercado.<\/span><\/p>\n<p><span style=\"font-family: helvetica, arial, sans-serif;\"> <img decoding=\"async\" class=\"aligncenter wp-image-3870\" src=\"https:\/\/www.mlkjlasers.com\/wp-content\/uploads\/2026\/01\/V26-1200W-\u6d77\u62a5-6.jpg\" alt=\"\" width=\"1920\" height=\"1280\" srcset=\"https:\/\/www.mlkjlasers.com\/wp-content\/uploads\/2026\/01\/V26-1200W-\u6d77\u62a5-6.jpg 750w, https:\/\/www.mlkjlasers.com\/wp-content\/uploads\/2026\/01\/V26-1200W-\u6d77\u62a5-6-300x200.jpg 300w, https:\/\/www.mlkjlasers.com\/wp-content\/uploads\/2026\/01\/V26-1200W-\u6d77\u62a5-6-18x12.jpg 18w, https:\/\/www.mlkjlasers.com\/wp-content\/uploads\/2026\/01\/V26-1200W-\u6d77\u62a5-6-600x400.jpg 600w\" sizes=\"(max-width: 1920px) 100vw, 1920px\" \/><\/span><\/p>\n<p>&nbsp;<\/p>\n<p><span style=\"font-family: helvetica, arial, sans-serif;\">O tamanho do ponto \u00e9 de 12*20mm 12*35mm, perfeito para a remo\u00e7\u00e3o de cabelo em todas as partes do corpo, com um plano de tratamento de 3-5 sess\u00f5es, tornando o processo essencialmente permanente<\/span><\/p>\n<p><span style=\"font-family: helvetica, arial, sans-serif; font-size: 14pt;\"><strong>Tecnologia de refrigera\u00e7\u00e3o<\/strong><\/span><br \/>\n<span style=\"font-family: helvetica, arial, sans-serif;\">Essas m\u00e1quinas usam tecnologia avan\u00e7ada de refrigera\u00e7\u00e3o e operam a uma temperatura baixa de -31\u00b0C, dando aos pacientes conforto sem compara\u00e7\u00e3o durante a remo\u00e7\u00e3o de cabelos. Uma vez que o dispositivo est\u00e1 ligado, ele fornece refrigera\u00e7\u00e3o instant \u00e2nea, assegurando uma experi\u00eancia sem dor. Al\u00e9m disso, o refrigera\u00e7\u00e3o cont\u00ednuo ao longo do tratamento minimiza quaisquer riscos potenciais da pele enquanto mant\u00e9m efetivamente o calor. Os pacientes podem agora desfrutar de um procedimento completamente sem dor, frio e confort\u00e1vel que estabelece um novo padr\u00e3o para tratamento de remo\u00e7\u00e3o de cabelos.<\/span><\/p>\n<p><span style=\"font-family: helvetica, arial, sans-serif;\"><img loading=\"lazy\" decoding=\"async\" class=\"aligncenter wp-image-1823\" src=\"https:\/\/mlkjlasers.com\/wp-content\/uploads\/2023\/07\/\u767d\u8272V19_06.jpg\" alt=\"\" width=\"1920\" height=\"1024\" srcset=\"https:\/\/www.mlkjlasers.com\/wp-content\/uploads\/2023\/07\/\u767d\u8272V19_06.jpg 1200w, https:\/\/www.mlkjlasers.com\/wp-content\/uploads\/2023\/07\/\u767d\u8272V19_06-300x160.jpg 300w, https:\/\/www.mlkjlasers.com\/wp-content\/uploads\/2023\/07\/\u767d\u8272V19_06-1024x546.jpg 1024w, https:\/\/www.mlkjlasers.com\/wp-content\/uploads\/2023\/07\/\u767d\u8272V19_06-768x410.jpg 768w, https:\/\/www.mlkjlasers.com\/wp-content\/uploads\/2023\/07\/\u767d\u8272V19_06-600x320.jpg 600w\" sizes=\"(max-width: 1920px) 100vw, 1920px\" \/><\/span><\/p>\n<p><span style=\"font-family: helvetica, arial, sans-serif; font-size: 14pt;\"><strong>Op\u00e7\u00f5es de tratamento intensivo<\/strong><\/span><\/p>\n<p><span style=\"font-family: helvetica, arial, sans-serif;\">Al\u00e9m de fornecer uma solu\u00e7\u00e3o abrangente para a remo\u00e7\u00e3o de cabelo para todas as partes do corpo, essas m\u00e1quinas inovadoras tamb\u00e9m podem ser pareadas com cabe\u00e7as de tratamento de cabelo no nariz. <\/span><\/p>\n<p><span style=\"font-family: helvetica, arial, sans-serif;\">Essa caracter\u00edstica permite aos profissionais trabalhar com as \u00e1reas mais pequenas, como dedos, ouvidos e cabelo do nariz, ampliando assim o \u00e2mbito de seus servi\u00e7os.<\/span><\/p>\n<p><img loading=\"lazy\" decoding=\"async\" class=\"aligncenter wp-image-3867\" src=\"https:\/\/www.mlkjlasers.com\/wp-content\/uploads\/2026\/01\/V26-1200W-\u6d77\u62a5-3.jpg\" alt=\"\" width=\"1920\" height=\"1280\" srcset=\"https:\/\/www.mlkjlasers.com\/wp-content\/uploads\/2026\/01\/V26-1200W-\u6d77\u62a5-3.jpg 750w, https:\/\/www.mlkjlasers.com\/wp-content\/uploads\/2026\/01\/V26-1200W-\u6d77\u62a5-3-300x200.jpg 300w, https:\/\/www.mlkjlasers.com\/wp-content\/uploads\/2026\/01\/V26-1200W-\u6d77\u62a5-3-18x12.jpg 18w, https:\/\/www.mlkjlasers.com\/wp-content\/uploads\/2026\/01\/V26-1200W-\u6d77\u62a5-3-600x400.jpg 600w\" sizes=\"(max-width: 1920px) 100vw, 1920px\" \/><\/p>\n<p>&nbsp;<\/p>\n<h3 class=\"contents\" style=\"text-align: left;\"><span style=\"font-family: helvetica, arial, sans-serif; color: #000000; font-size: 14pt;\">Antes e depois<\/span><\/h3>\n<p><span style=\"font-family: helvetica, arial, sans-serif;\"><img loading=\"lazy\" decoding=\"async\" class=\"aligncenter wp-image-1853\" src=\"https:\/\/mlkjlasers.com\/wp-content\/uploads\/2023\/07\/\u8131\u6bdb-1.jpg\" alt=\"\" width=\"1920\" height=\"1271\" srcset=\"https:\/\/www.mlkjlasers.com\/wp-content\/uploads\/2023\/07\/\u8131\u6bdb-1.jpg 751w, https:\/\/www.mlkjlasers.com\/wp-content\/uploads\/2023\/07\/\u8131\u6bdb-1-300x199.jpg 300w, https:\/\/www.mlkjlasers.com\/wp-content\/uploads\/2023\/07\/\u8131\u6bdb-1-600x397.jpg 600w\" sizes=\"(max-width: 1920px) 100vw, 1920px\" \/><\/span><\/p>\n<p><span style=\"font-family: helvetica, arial, sans-serif; font-size: 14pt;\"><strong>Al\u00e9m de suas caracter\u00edsticas avan\u00e7adas, nosso manejo de laser de di\u00f3dio tem uma tela de 14 polegadas que oferece uma experi\u00eancia de toque inteligente.<\/strong> <\/span><\/p>\n<p><span style=\"font-family: helvetica, arial, sans-serif;\">\u00c9 altamente personalizada, com seis estilos diferentes de pele para escolher, atendendo \u00e0s diversas prefer\u00eancias de nossos usu\u00e1rios. <\/span><\/p>\n<p><span style=\"font-family: helvetica, arial, sans-serif;\">Operar o dispositivo \u00e9 uma brisa, e fornecemos habilidades de opera\u00e7\u00e3o e servi\u00e7os de ensino abrangentes para assegurar que voc\u00ea tira o m\u00e1ximo desta tecnologia not\u00e1vel.<\/span><\/p>\n<p><img loading=\"lazy\" decoding=\"async\" class=\"aligncenter wp-image-3869\" src=\"https:\/\/www.mlkjlasers.com\/wp-content\/uploads\/2026\/01\/V26-1200W-\u6d77\u62a5-5.jpg\" alt=\"\" width=\"1920\" height=\"1152\" srcset=\"https:\/\/www.mlkjlasers.com\/wp-content\/uploads\/2026\/01\/V26-1200W-\u6d77\u62a5-5.jpg 750w, https:\/\/www.mlkjlasers.com\/wp-content\/uploads\/2026\/01\/V26-1200W-\u6d77\u62a5-5-300x180.jpg 300w, https:\/\/www.mlkjlasers.com\/wp-content\/uploads\/2026\/01\/V26-1200W-\u6d77\u62a5-5-18x12.jpg 18w, https:\/\/www.mlkjlasers.com\/wp-content\/uploads\/2026\/01\/V26-1200W-\u6d77\u62a5-5-600x360.jpg 600w\" sizes=\"(max-width: 1920px) 100vw, 1920px\" \/><\/p>\n<p>&nbsp;<\/p>\n<div class=\"des_detail\">\n<p><strong><span style=\"font-family: helvetica, arial, sans-serif;\">MLKJ \u00e9 uma empresa de 18 anos integrando design, desenvolvimento, produ\u00e7\u00e3o e vendas de instrumentos de beleza. <\/span><\/strong><\/p>\n<p><strong><span style=\"font-family: helvetica, arial, sans-serif;\">Temos certifica\u00e7\u00f5es profissionais da FDA e CE.<\/span><\/strong><\/p>\n<p><strong><span style=\"font-family: helvetica, arial, sans-serif;\">Fabrica real, processo de produ\u00e7\u00e3o real, avalia\u00e7\u00e3o real! <\/span><\/strong><\/p>\n<p><strong><span style=\"font-family: helvetica, arial, sans-serif;\">Bem-vindos \u00e0 nossa empresa ou visita de v\u00eddeo! <\/span><\/strong><\/p>\n<p><strong><span style=\"font-family: helvetica, arial, sans-serif;\">S\u00f3 quando voc\u00ea escolhe um verdadeiro parceiro pode garantir a qualidade do produto!<\/span><\/strong><\/p>\n<p><span style=\"font-size: 18pt; font-family: helvetica, arial, sans-serif; color: #0000ff;\"><a style=\"color: #0000ff;\" href=\"https:\/\/www.mlkjlasers.com\/pt\/contact-us\/\" target=\"_blank\" rel=\"noopener\">Contacte-nos agora!<\/a><\/span><\/p>\n<p>&nbsp;<\/p>\n<\/div>","protected":false},"excerpt":{"rendered":"<p><span style=\"font-family: helvetica, arial, sans-serif;\">laser de di\u00f3dio de 3 ondas 808nm 755nm \u00b0 1064nm, todo tipo de pele pode ser usado<\/span><\/p>\n<p><span style=\"font-family: helvetica, arial, sans-serif;\">Sistema \u00fanico de refrigera\u00e7\u00e3o dual-TEC, mais eficaz para assegurar o funcionamento da m\u00e1quina, 24 horas sem tempo de descanso<\/span><\/p>\n<p><span style=\"font-family: helvetica, arial, sans-serif;\">Barras de laser de ouro de alem\u00e3es ou EUA importadas<\/span><\/p>\n<p><span style=\"font-family: helvetica, arial, sans-serif;\">40 mil milh\u00f5es de anos de vida mais longo Tratamento para remo\u00e7\u00e3o r\u00e1pida e sem dor de cabelos<\/span><\/p>\n<p><span style=\"font-family: helvetica, arial, sans-serif;\">Retira\u00e7\u00e3o permanente do cabelo ap\u00f3s 3-5 tratamentos<\/span><\/p>","protected":false},"featured_media":3878,"comment_status":"open","ping_status":"closed","template":"","meta":[],"product_cat":[15],"product_tag":[],"class_list":["post-1835","product","type-product","status-publish","has-post-thumbnail","hentry","product_cat-diode-laser-hair-removal-machine"],"_links":{"self":[{"href":"https:\/\/www.mlkjlasers.com\/pt\/wp-json\/wp\/v2\/product\/1835","targetHints":{"allow":["GET"]}}],"collection":[{"href":"https:\/\/www.mlkjlasers.com\/pt\/wp-json\/wp\/v2\/product"}],"about":[{"href":"https:\/\/www.mlkjlasers.com\/pt\/wp-json\/wp\/v2\/types\/product"}],"replies":[{"embeddable":true,"href":"https:\/\/www.mlkjlasers.com\/pt\/wp-json\/wp\/v2\/comments?post=1835"}],"wp:featuredmedia":[{"embeddable":true,"href":"https:\/\/www.mlkjlasers.com\/pt\/wp-json\/wp\/v2\/media\/3878"}],"wp:attachment":[{"href":"https:\/\/www.mlkjlasers.com\/pt\/wp-json\/wp\/v2\/media?parent=1835"}],"wp:term":[{"taxonomy":"product_cat","embeddable":true,"href":"https:\/\/www.mlkjlasers.com\/pt\/wp-json\/wp\/v2\/product_cat?post=1835"},{"taxonomy":"product_tag","embeddable":true,"href":"https:\/\/www.mlkjlasers.com\/pt\/wp-json\/wp\/v2\/product_tag?post=1835"}],"curies":[{"name":"wp","href":"https:\/\/api.w.org\/{rel}","templated":true}]}}