{"id":1855,"date":"2023-07-22T09:58:42","date_gmt":"2023-07-22T01:58:42","guid":{"rendered":"https:\/\/mlkjlasers.com\/?post_type=product&#038;p=1855"},"modified":"2026-01-26T09:23:22","modified_gmt":"2026-01-26T01:23:22","slug":"mlkj-medical-diode-laser-titanium-double-handle-hair-removal-machine-2-3","status":"publish","type":"product","link":"https:\/\/www.mlkjlasers.com\/pt\/product\/mlkj-medical-diode-laser-titanium-double-handle-hair-removal-machine-2-3\/","title":{"rendered":"Tecnologia aprovada pela Fda para remover cabelo laser de di\u00f3dio 808 m\u00e1quina de remover cabelo laser de di\u00f3dio\u00a0"},"content":{"rendered":"<table style=\"border-collapse: collapse; width: 100%; height: 174px;\">\n<tbody>\n<tr style=\"height: 16px;\">\n<td style=\"width: 44.9553%; height: 16px;\"><span style=\"font-family: helvetica, arial, sans-serif; color: #000000; font-size: 14pt;\">M\u00e1quina de remo\u00e7\u00e3o de cabelo laser de di\u00f3dio MLKJ\u00a0<\/span><\/td>\n<td style=\"width: 55.0447%; height: 16px;\"><span style=\"font-family: helvetica, arial, sans-serif; color: #000000; font-size: 14pt;\">N\u00famero do modelo: laser de di\u00f3dio V17<\/span><\/td>\n<\/tr>\n<tr style=\"height: 24px;\">\n<td style=\"width: 44.9553%; height: 24px;\"><span style=\"font-family: helvetica, arial, sans-serif; color: #000000; font-size: 14pt;\">Longitude de onda: 808nm ou 755 808 1064nm<\/span><\/td>\n<td style=\"width: 55.0447%; height: 24px;\"><span style=\"font-family: helvetica, arial, sans-serif; color: #000000; font-size: 14pt;\">Tamanho da tela:12 polegadas de toque da tela<\/span><\/td>\n<\/tr>\n<tr style=\"height: 24px;\">\n<td style=\"width: 44.9553%; height: 24px;\"><span style=\"font-family: helvetica, arial, sans-serif; color: #000000; font-size: 14pt;\">Tempo de vida: 40 milh\u00f5es de tiros<\/span><\/td>\n<td style=\"width: 55.0447%; height: 24px;\"><span style=\"font-family: helvetica, arial, sans-serif; color: #000000; font-size: 14pt;\">Dura\u00e7\u00e3o do pulso: 10-300 ms<\/span><\/td>\n<\/tr>\n<tr style=\"height: 24px;\">\n<td style=\"width: 44.9553%; height: 24px;\"><span style=\"font-family: helvetica, arial, sans-serif; color: #000000; font-size: 14pt;\">Banda de laser: 100w para cada um, laser bar coerente americano<\/span><\/td>\n<td style=\"width: 55.0447%; height: 24px;\"><span style=\"font-family: helvetica, arial, sans-serif; color: #000000; font-size: 14pt;\">Frequ\u00eancia: 1-10hz<\/span><\/td>\n<\/tr>\n<tr style=\"height: 24px;\">\n<td style=\"width: 44.9553%; height: 24px;\"><span style=\"font-family: helvetica, arial, sans-serif; color: #000000; font-size: 14pt;\">Tamanho do ponto: 12x20mm e 12x35mm<\/span><\/td>\n<td style=\"width: 55.0447%; height: 24px;\"><span style=\"font-family: helvetica, arial, sans-serif; color: #000000; font-size: 14pt;\">Energia: 1-150J<\/span><\/td>\n<\/tr>\n<tr style=\"height: 24px;\">\n<td style=\"width: 44.9553%; height: 24px;\"><span style=\"font-family: helvetica, arial, sans-serif; color: #000000; font-size: 14pt;\">Sistema de refrigera\u00e7\u00e3o: TEC, \u00e1gua, ar<\/span><\/td>\n<td style=\"width: 55.0447%; height: 24px;\"><span style=\"font-family: helvetica, arial, sans-serif; color: #000000; font-size: 14pt;\">Pot\u00eancia da M\u00e1quina: 3000W<\/span><\/td>\n<\/tr>\n<tr style=\"height: 24px;\">\n<td style=\"width: 44.9553%; height: 24px;\"><span style=\"font-family: helvetica, arial, sans-serif; color: #000000; font-size: 14pt;\">Tens\u00e3o: AC110V 60HZ\/AC220V 50HZ<\/span><\/td>\n<td style=\"width: 55.0447%; height: 24px;\"><span style=\"font-family: helvetica, arial, sans-serif; color: #000000; font-size: 14pt;\">Tamanho da m\u00e1quina:1000mm*480mm*520mm<\/span><\/td>\n<\/tr>\n<tr style=\"height: 14px;\">\n<td style=\"width: 44.9553%; height: 14px;\"><span style=\"font-family: helvetica, arial, sans-serif; color: #000000; font-size: 14pt;\">Paquete: Caixa de alum\u00ednio<\/span><\/td>\n<td style=\"width: 55.0447%; height: 14px;\"><span style=\"font-family: helvetica, arial, sans-serif; color: #000000; font-size: 14pt;\">Garantia de servi\u00e7o: 2 anos de garantia<\/span><\/td>\n<\/tr>\n<\/tbody>\n<\/table>\n<div><\/div>\n<div><span style=\"font-size: 14pt;\"><img fetchpriority=\"high\" decoding=\"async\" class=\"aligncenter wp-image-3542\" src=\"https:\/\/www.mlkjlasers.com\/wp-content\/uploads\/2026\/01\/808V174K-\u5c4f\u8be6\u60c5\u98751.jpg\" alt=\"\" width=\"1920\" height=\"2442\" srcset=\"https:\/\/www.mlkjlasers.com\/wp-content\/uploads\/2026\/01\/808V174K-\u5c4f\u8be6\u60c5\u98751.jpg 750w, https:\/\/www.mlkjlasers.com\/wp-content\/uploads\/2026\/01\/808V174K-\u5c4f\u8be6\u60c5\u98751-236x300.jpg 236w, https:\/\/www.mlkjlasers.com\/wp-content\/uploads\/2026\/01\/808V174K-\u5c4f\u8be6\u60c5\u98751-600x763.jpg 600w\" sizes=\"(max-width: 1920px) 100vw, 1920px\" \/><\/span><\/div>\n<div><\/div>\n<div><\/div>\n<div><span style=\"font-family: helvetica, arial, sans-serif; font-size: 14pt;\"><strong>A edi\u00e7\u00e3o MLKJ combina tr\u00eas comprimentos de onda laser em uma \u00fanica pe\u00e7a de m\u00e3o inovadora, visando simultaneamente diferentes profundidades teciduais, bem como estruturas anat\u00f4micas dentro do f\u00f3lico de cabelo.<\/strong><\/span><\/div>\n<div>\n<div>\n<div class=\"J_module\">\n<div class=\"detail-decorate-json-renderer-container\">\n<div class=\"magic-4\">\n<div class=\"magic-5\">\n<div class=\"magic-6\" data-spm-anchor-id=\"a2700.wholesale.0.i58.1c986547E0aT7y\">\n<div class=\"magic-7\">\n<div style=\"text-align: left;\"><\/div>\n<div style=\"text-align: left;\"><span class=\"magic-9\" style=\"font-family: helvetica, arial, sans-serif; color: #000000; font-size: 14pt;\">TEC\/Compressor \u00e9 uma tecnologia avan\u00e7ada que continuamente refrigera a pele e facilita temperatura controlada pelo intervalo durante todo o tratamento. As folhas do TEC sobre manejo minimizam os riscos epidermais enquanto mant\u00eam calor. A temperatura permanece controlada e constante, o que contribui para a efici\u00eancia do diode. Os pacientes podem agora gozar de uma experi\u00eancia completamente sem dor, fria e confort\u00e1vel durante a sess\u00e3o.<\/span><\/div>\n<div><img decoding=\"async\" class=\"aligncenter wp-image-3547\" src=\"https:\/\/www.mlkjlasers.com\/wp-content\/uploads\/2026\/01\/808V174K-\u5c4f\u8be6\u60c5\u98756.jpg\" alt=\"\" width=\"1920\" height=\"1892\" srcset=\"https:\/\/www.mlkjlasers.com\/wp-content\/uploads\/2026\/01\/808V174K-\u5c4f\u8be6\u60c5\u98756.jpg 750w, https:\/\/www.mlkjlasers.com\/wp-content\/uploads\/2026\/01\/808V174K-\u5c4f\u8be6\u60c5\u98756-300x296.jpg 300w, https:\/\/www.mlkjlasers.com\/wp-content\/uploads\/2026\/01\/808V174K-\u5c4f\u8be6\u60c5\u98756-600x591.jpg 600w, https:\/\/www.mlkjlasers.com\/wp-content\/uploads\/2026\/01\/808V174K-\u5c4f\u8be6\u60c5\u98756-100x100.jpg 100w\" sizes=\"(max-width: 1920px) 100vw, 1920px\" \/><\/div>\n<\/div>\n<\/div>\n<\/div>\n<\/div>\n<\/div>\n<\/div>\n<\/div>\n<div class=\"text-title\">\n<div><\/div>\n<div class=\"magic-17\"><span class=\"magic-9\" style=\"color: #000000; font-family: helvetica, arial, sans-serif; font-size: 14pt;\" data-spm-anchor-id=\"a2700.wholesale.0.i63.1c986547E0aT7y\">12*20 mm ou 12*35 mm de tamanho de ponto adequado para todas as partes de remo\u00e7\u00e3o de cabelo<\/span><\/div>\n<\/div>\n<div class=\"text-content\">\n<div class=\"magic-17\" data-spm-anchor-id=\"a2700.wholesale.0.i64.1c986547E0aT7y\"><span class=\"magic-18\" style=\"color: #000000; font-family: helvetica, arial, sans-serif; font-size: 14pt;\"><b data-spm-anchor-id=\"a2700.wholesale.0.i66.1c986547E0aT7y\">3&#8212; 5 sess\u00f5es obt\u00eam resultado da remo\u00e7\u00e3o do cabelo ao longo da vida, remo\u00e7\u00e3o permanente do cabelo<\/b><\/span><\/div>\n<div data-spm-anchor-id=\"a2700.wholesale.0.i64.1c986547E0aT7y\"><\/div>\n<div data-spm-anchor-id=\"a2700.wholesale.0.i64.1c986547E0aT7y\">\n<div class=\"magic-17\" data-spm-anchor-id=\"a2700.wholesale.0.i68.1c986547E0aT7y\"><span class=\"magic-35\" style=\"font-family: helvetica, arial, sans-serif; font-size: 14pt;\">* Seguro, r\u00e1pido, <b>Sem dor<\/b>[UNK]<b>permanente<\/b><\/span><\/div>\n<div class=\"magic-17\" data-spm-anchor-id=\"a2700.wholesale.0.i68.1c986547E0aT7y\"><span class=\"magic-35\" style=\"font-family: helvetica, arial, sans-serif; font-size: 14pt;\">* Para toda remo\u00e7\u00e3o de cabelo de pele e estilo de cabelo<\/span><\/div>\n<div>\n<div class=\"magic-17\"><span style=\"font-family: helvetica, arial, sans-serif; font-size: 14pt;\">* Sem tempo de descanso<\/span><\/div>\n<div class=\"magic-17\" data-spm-anchor-id=\"a2700.wholesale.0.i67.1c986547E0aT7y\"><span style=\"font-family: helvetica, arial, sans-serif; font-size: 14pt;\">* Sem efeitos secund\u00e1rios<\/span><\/div>\n<\/div>\n<\/div>\n<\/div>\n<\/div>\n<div><span style=\"font-size: 14pt;\"><img decoding=\"async\" class=\"aligncenter wp-image-3549\" src=\"https:\/\/www.mlkjlasers.com\/wp-content\/uploads\/2026\/01\/808V174K-\u5c4f\u8be6\u60c5\u98758.jpg\" alt=\"\" width=\"1920\" height=\"1426\" srcset=\"https:\/\/www.mlkjlasers.com\/wp-content\/uploads\/2026\/01\/808V174K-\u5c4f\u8be6\u60c5\u98758.jpg 750w, https:\/\/www.mlkjlasers.com\/wp-content\/uploads\/2026\/01\/808V174K-\u5c4f\u8be6\u60c5\u98758-300x223.jpg 300w, https:\/\/www.mlkjlasers.com\/wp-content\/uploads\/2026\/01\/808V174K-\u5c4f\u8be6\u60c5\u98758-600x446.jpg 600w\" sizes=\"(max-width: 1920px) 100vw, 1920px\" \/><\/span><\/div>\n<div><\/div>\n<div><span style=\"font-family: helvetica, arial, sans-serif; font-size: 14pt;\">Combinando os n\u00edveis de absor\u00e7\u00e3o e penetra\u00e7\u00e3o de tr\u00eas comprimentos de onda diferentes, juntamente com a cobertura de tratamento, conforto e baixa manuten\u00e7\u00e3o do laser de diodo, atinge o tratamento mais seguro e abrangente de remo\u00e7\u00e3o de cabelo dispon\u00edvel hoje.<\/span><\/div>\n<div>\n<p><span style=\"font-family: helvetica, arial, sans-serif; font-size: 14pt;\"><strong>3 comprimentos de onda combinados cobrindo o espectro de tratamento \u00f3ptimo<\/strong><\/span><br \/>\n<span style=\"font-family: helvetica, arial, sans-serif; font-size: 14pt;\"><strong>Virtualmente sem dor<\/strong><\/span><br \/>\n<span style=\"font-family: helvetica, arial, sans-serif; font-size: 14pt;\"><strong>Registo de seguran\u00e7a provado<\/strong><\/span><br \/>\n<span style=\"font-family: helvetica, arial, sans-serif; font-size: 14pt;\"><strong>Todos os tipos de pele, at\u00e9 mesmo pele tancada<\/strong><\/span><\/p>\n<\/div>\n<div><span style=\"color: #000000; font-family: helvetica, arial, sans-serif; font-size: 14pt;\"><img loading=\"lazy\" decoding=\"async\" class=\"aligncenter wp-image-3545\" src=\"https:\/\/www.mlkjlasers.com\/wp-content\/uploads\/2026\/01\/808V174K-\u5c4f\u8be6\u60c5\u98754.jpg\" alt=\"\" width=\"1920\" height=\"2079\" srcset=\"https:\/\/www.mlkjlasers.com\/wp-content\/uploads\/2026\/01\/808V174K-\u5c4f\u8be6\u60c5\u98754.jpg 750w, https:\/\/www.mlkjlasers.com\/wp-content\/uploads\/2026\/01\/808V174K-\u5c4f\u8be6\u60c5\u98754-277x300.jpg 277w, https:\/\/www.mlkjlasers.com\/wp-content\/uploads\/2026\/01\/808V174K-\u5c4f\u8be6\u60c5\u98754-600x650.jpg 600w\" sizes=\"(max-width: 1920px) 100vw, 1920px\" \/><\/span><\/div>\n<div><\/div>\n<div><span style=\"font-family: helvetica, arial, sans-serif; font-size: 14pt;\"><strong>ALEX 755nm de comprimento de onda: <\/strong><\/span><\/div>\n<div><span style=\"font-family: helvetica, arial, sans-serif; font-size: 14pt;\">Ideal para uma ampla gama de tipos de cabelo e cores, especialmente de cor clara e fino. oferece uma absor\u00e7\u00e3o energ\u00e9tica poderosa pela cromoforia melanina. <\/span><\/div>\n<div><span style=\"font-family: helvetica, arial, sans-serif; font-size: 14pt;\">Objetiva a Bulge do fol\u00edculo de cabelo com penetra\u00e7\u00e3o mais superficial. Especialmente eficaz para o cabelo em \u00e1reas como as pernas e o l\u00e1bio superior. <\/span><\/div>\n<div><\/div>\n<div><span style=\"font-family: helvetica, arial, sans-serif; font-size: 14pt;\"><strong>Velocidade de onda 808nm:<\/strong><\/span><\/div>\n<div><span style=\"font-family: helvetica, arial, sans-serif; font-size: 14pt;\"> Longitude de onda cl\u00e1ssica na remo\u00e7\u00e3o do cabelo laser (810nm). Oferece uma penetra\u00e7\u00e3o profunda do f\u00f3lico de cabelo com alto poder m\u00e9dio. <\/span><\/div>\n<div><span style=\"font-family: helvetica, arial, sans-serif; font-size: 14pt;\">Grande tamanho de pontos de 3,5 cm permite tratamento r\u00e1pido. Moderamente absorve melanina, tornando-a segura para tipos de pele mais escuros. <\/span><\/div>\n<div><span style=\"font-family: helvetica, arial, sans-serif; font-size: 14pt;\">Objetiva a Bulge e a Bulb do f\u00f3lico de cabelo. Ideal para tratar \u00e1reas como bra\u00e7os, pernas, cheeks e barba. <\/span><\/div>\n<div><\/div>\n<div><span style=\"font-family: helvetica, arial, sans-serif; font-size: 14pt;\"><strong>DIODE LASER YAG 1064 para a pele escura: <\/strong><\/span><\/div>\n<div><span style=\"font-family: helvetica, arial, sans-serif; font-size: 14pt;\">Utiliza um laser de di\u00f3dio baseado em um ND: comprimento de onda YAG. Moderamente absorve energia pela cromoforia melanina, adequada para tons de pele escuros. <\/span><\/div>\n<div><span style=\"font-family: helvetica, arial, sans-serif; font-size: 14pt;\">Optima escolha para pacientes com tons de pele escuros.<\/span><\/div>\n<div>\n<div class=\"J_module\">\n<div class=\"detail-decorate-json-renderer-container\">\n<div class=\"magic-4\">\n<div class=\"magic-5\" data-spm-anchor-id=\"a2700.wholesale.0.i57.1c986547E0aT7y\">\n<div class=\"magic-6\"><span style=\"font-size: 14pt;\"><img loading=\"lazy\" decoding=\"async\" class=\"aligncenter wp-image-3544\" src=\"https:\/\/www.mlkjlasers.com\/wp-content\/uploads\/2026\/01\/808V174K-\u5c4f\u8be6\u60c5\u98753.jpg\" alt=\"\" width=\"1920\" height=\"2132\" srcset=\"https:\/\/www.mlkjlasers.com\/wp-content\/uploads\/2026\/01\/808V174K-\u5c4f\u8be6\u60c5\u98753.jpg 750w, https:\/\/www.mlkjlasers.com\/wp-content\/uploads\/2026\/01\/808V174K-\u5c4f\u8be6\u60c5\u98753-270x300.jpg 270w, https:\/\/www.mlkjlasers.com\/wp-content\/uploads\/2026\/01\/808V174K-\u5c4f\u8be6\u60c5\u98753-600x666.jpg 600w\" sizes=\"(max-width: 1920px) 100vw, 1920px\" \/><\/span><\/div>\n<\/div>\n<\/div>\n<\/div>\n<\/div>\n<\/div>\n<div><\/div>\n<div><span style=\"font-family: helvetica, arial, sans-serif; font-size: 14pt;\">*12 polegadas de tela de toque personalizada<\/span><\/div>\n<div>\n<div class=\"J_module\">\n<div class=\"icbu-pc-images magic-1\">\n<div class=\"flex-layout-v\">\n<div class=\"flex-layout-h magic-1\">\n<div class=\"magic-27\" style=\"text-align: left;\">\n<div class=\"des_detail\">\n<div class=\"magic-17\"><span style=\"font-family: helvetica, arial, sans-serif; font-size: 14pt;\">* Com homens e mulheres, 6 estilos de pele para escolher<\/span><br \/>\n<span style=\"font-family: helvetica, arial, sans-serif; font-size: 14pt;\">* F\u00e1cil de operar fornecendo habilidades operacionais e servi\u00e7os de ensino<\/span><br \/>\n<span style=\"font-family: helvetica, arial, sans-serif; font-size: 14pt;\">*Logo e linguagem gratuitos podem ser personalizados na tela<\/span><\/div>\n<\/div>\n<\/div>\n<\/div>\n<div class=\"flex-layout-h magic-1\">\n<div><span style=\"font-size: 14pt;\"><img loading=\"lazy\" decoding=\"async\" class=\"aligncenter wp-image-3543\" src=\"https:\/\/www.mlkjlasers.com\/wp-content\/uploads\/2026\/01\/808V174K-\u5c4f\u8be6\u60c5\u98752.jpg\" alt=\"\" width=\"1920\" height=\"1216\" srcset=\"https:\/\/www.mlkjlasers.com\/wp-content\/uploads\/2026\/01\/808V174K-\u5c4f\u8be6\u60c5\u98752.jpg 750w, https:\/\/www.mlkjlasers.com\/wp-content\/uploads\/2026\/01\/808V174K-\u5c4f\u8be6\u60c5\u98752-300x190.jpg 300w, https:\/\/www.mlkjlasers.com\/wp-content\/uploads\/2026\/01\/808V174K-\u5c4f\u8be6\u60c5\u98752-600x380.jpg 600w\" sizes=\"(max-width: 1920px) 100vw, 1920px\" \/><\/span><\/div>\n<\/div>\n<div><\/div>\n<\/div>\n<\/div>\n<\/div>\n<div class=\"J_module\">\n<div class=\"detail-decorate-json-renderer-container\">\n<div>\n<div>\n<div class=\"J_module\">\n<div class=\"detail-decorate-json-renderer-container\">\n<div class=\"magic-4\">\n<div class=\"magic-17\" style=\"text-align: left;\"><span style=\"font-size: 14pt; color: #000000; font-family: helvetica, arial, sans-serif;\"><strong><span class=\"magic-8\"><span class=\"magic-11\">Cooling of 755 808 1064 diode laser hair removal machine<\/span><\/span><\/strong><\/span><\/div>\n<div style=\"text-align: left;\"><\/div>\n<div class=\"magic-5\">\n<div class=\"magic-6\" data-spm-anchor-id=\"a2700.wholesale.0.i58.1c986547E0aT7y\">\n<div class=\"magic-7\">\n<div style=\"text-align: left;\" data-spm-anchor-id=\"a2700.wholesale.0.i60.1c986547E0aT7y\"><span style=\"font-family: helvetica, arial, sans-serif; color: #000000; font-size: 14pt;\"><span class=\"magic-9\">* ligar a m\u00e1quina, <\/span>imediatamente refrigerando, imediatamente removendo cabelo <\/span><\/div>\n<div style=\"text-align: left;\"><span class=\"magic-9\" style=\"font-family: helvetica, arial, sans-serif; color: #000000; font-size: 14pt;\">* bom refrigera\u00e7\u00e3o mais longa maneja a vida<br \/>\n* efeito real de retirada de cabelo sem dor de gelo<\/span><\/div>\n<\/div>\n<\/div>\n<\/div>\n<\/div>\n<\/div>\n<\/div>\n<\/div>\n<div class=\"text-content\">\n<div data-spm-anchor-id=\"a2700.wholesale.0.i64.1c986547E0aT7y\">\n<div>\n<div data-spm-anchor-id=\"a2700.wholesale.0.i67.1c986547E0aT7y\"><\/div>\n<div class=\"magic-17\" data-spm-anchor-id=\"a2700.wholesale.0.i67.1c986547E0aT7y\"><span style=\"color: #000000; font-family: helvetica, arial, sans-serif; font-size: 14pt;\">Antes e depois<\/span><\/div>\n<div data-spm-anchor-id=\"a2700.wholesale.0.i67.1c986547E0aT7y\"><img loading=\"lazy\" decoding=\"async\" class=\"aligncenter wp-image-3548\" src=\"https:\/\/www.mlkjlasers.com\/wp-content\/uploads\/2026\/01\/808V174K-\u5c4f\u8be6\u60c5\u98757.jpg\" alt=\"\" width=\"1920\" height=\"1695\" srcset=\"https:\/\/www.mlkjlasers.com\/wp-content\/uploads\/2026\/01\/808V174K-\u5c4f\u8be6\u60c5\u98757.jpg 750w, https:\/\/www.mlkjlasers.com\/wp-content\/uploads\/2026\/01\/808V174K-\u5c4f\u8be6\u60c5\u98757-300x265.jpg 300w, https:\/\/www.mlkjlasers.com\/wp-content\/uploads\/2026\/01\/808V174K-\u5c4f\u8be6\u60c5\u98757-600x530.jpg 600w\" sizes=\"(max-width: 1920px) 100vw, 1920px\" \/><\/div>\n<div data-spm-anchor-id=\"a2700.wholesale.0.i67.1c986547E0aT7y\"><\/div>\n<\/div>\n<\/div>\n<\/div>\n<\/div>\n<\/div>\n<\/div>\n<\/div>\n<div class=\"des_box1\">\n<p>&nbsp;<\/p>\n<p style=\"text-align: center;\"><span style=\"color: #000000; font-family: helvetica, arial, sans-serif; font-size: 14pt;\"><strong>Pode ser parejado com cabe\u00e7a de tratamento do nariz!<\/strong><\/span><br \/>\n<span style=\"color: #000000; font-family: helvetica, arial, sans-serif; font-size: 14pt;\">Para a remo\u00e7\u00e3o de cabelos de pe\u00e7as pequenas, como dedos, orelhas, cabelos no nariz, etc.<\/span><\/p>\n<p>&nbsp;<\/p>\n<\/div>\n<p>&nbsp;<\/p>\n<p><span style=\"font-size: 14pt;\"><img loading=\"lazy\" decoding=\"async\" class=\"aligncenter wp-image-3546\" src=\"https:\/\/www.mlkjlasers.com\/wp-content\/uploads\/2026\/01\/808V174K-\u5c4f\u8be6\u60c5\u98755.jpg\" alt=\"\" width=\"1920\" height=\"1190\" srcset=\"https:\/\/www.mlkjlasers.com\/wp-content\/uploads\/2026\/01\/808V174K-\u5c4f\u8be6\u60c5\u98755.jpg 750w, https:\/\/www.mlkjlasers.com\/wp-content\/uploads\/2026\/01\/808V174K-\u5c4f\u8be6\u60c5\u98755-300x186.jpg 300w, https:\/\/www.mlkjlasers.com\/wp-content\/uploads\/2026\/01\/808V174K-\u5c4f\u8be6\u60c5\u98755-600x372.jpg 600w\" sizes=\"(max-width: 1920px) 100vw, 1920px\" \/><\/span><\/p>\n<div class=\"des_detail\">\n<div class=\"magic-17\">\n<div class=\"flex-layout-h magic-1\">\n<div class=\"magic-27\" style=\"text-align: left;\"><span style=\"font-family: helvetica, arial, sans-serif; font-size: 14pt; color: #000000;\"><strong>R\u00e1pido e eficiente<\/strong><\/span><\/div>\n<div><\/div>\n<\/div>\n<div><span style=\"font-family: helvetica, arial, sans-serif; font-size: 14pt;\">A combina\u00e7\u00e3o desses comprimentos de onda de laser de diodo proporciona uma solu\u00e7\u00e3o abrangente e eficaz para a remo\u00e7\u00e3o de cabelos em diversos tipos de cabelo e tons da pele, assegurando resultados \u00f3timos e seguran\u00e7a para todos os pacientes.<\/span><\/div>\n<div class=\"flex-layout-h magic-1\">\n<div><\/div>\n<div class=\"magic-27\" style=\"text-align: left;\"><span style=\"font-family: helvetica, arial, sans-serif; font-size: 14pt;\"><span style=\"color: #000000;\">Com um design maior da cabe\u00e7a laser, essas m\u00e1quinas avan\u00e7adas podem cobrir mais \u00e1rea de superf\u00edcie, <\/span><span style=\"color: #000000;\">fazendo o processo de remo\u00e7\u00e3o de cabelo at\u00e9 40% mais r\u00e1pido do que os sistemas convencionais. <\/span><\/span><\/div>\n<div><\/div>\n<div class=\"magic-27\" style=\"text-align: left;\"><span style=\"font-family: helvetica, arial, sans-serif; color: #000000; font-size: 14pt;\">Essa caracter\u00edstica de poupan\u00e7a de tempo beneficia tanto clientes como praticadores, permitindo programa\u00e7\u00e3o mais eficiente e sess\u00f5es mais r\u00e1pidas.<\/span><\/div>\n<\/div>\n<\/div>\n<\/div>\n<p>&nbsp;<\/p>\n<p>&nbsp;<\/p>\n<div class=\"des_detail\">\n<p><span style=\"font-family: helvetica, arial, sans-serif; color: #000000; font-size: 14pt;\">FDA, CE, ISO13485, e estamos sempre procurando nova inspira\u00e7\u00e3o inovadora para trazer produtos mais confi\u00e1veis para nossos parceiros e clientes.<\/span><\/p>\n<p><span style=\"font-size: 14pt; font-family: helvetica, arial, sans-serif; color: #0000ff;\"><a style=\"color: #0000ff;\" href=\"https:\/\/www.mlkjlasers.com\/pt\/contact-us\/\" target=\"_blank\" rel=\"noopener\">Contacte-nos agora!<\/a><\/span><\/p>\n<p>&nbsp;<\/p>\n<\/div>","protected":false},"excerpt":{"rendered":"<p><span class=\"src\" data-group=\"2-0\">Uma alta taxa de repeti\u00e7\u00e3o de pulsos curtos \u00e9 entregue profundamente na derme, alcan\u00e7ando alto poder m\u00e9dio e aumento de calor terap\u00eautico efetivo, praticamente sem dor. <\/span><\/p>\n<p><span class=\"src\" data-group=\"4-0\">O laser ICE refrigera a superf\u00edcie da pele,evitando queimaduras superficiais para remover o cabelo sem dor. <\/span><\/p>\n<p><span class=\"src\" data-group=\"4-0\">FDA, CE e compromisso ISO. \u00c9 f\u00e1cil operar fornecendo habilidades operacionais e servi\u00e7os de ensino. Logo e linguagem gratuitos podem ser personalizados na tela<\/span><\/p>","protected":false},"featured_media":3534,"comment_status":"open","ping_status":"closed","template":"","meta":[],"product_cat":[15],"product_tag":[],"class_list":["post-1855","product","type-product","status-publish","has-post-thumbnail","hentry","product_cat-diode-laser-hair-removal-machine"],"_links":{"self":[{"href":"https:\/\/www.mlkjlasers.com\/pt\/wp-json\/wp\/v2\/product\/1855","targetHints":{"allow":["GET"]}}],"collection":[{"href":"https:\/\/www.mlkjlasers.com\/pt\/wp-json\/wp\/v2\/product"}],"about":[{"href":"https:\/\/www.mlkjlasers.com\/pt\/wp-json\/wp\/v2\/types\/product"}],"replies":[{"embeddable":true,"href":"https:\/\/www.mlkjlasers.com\/pt\/wp-json\/wp\/v2\/comments?post=1855"}],"wp:featuredmedia":[{"embeddable":true,"href":"https:\/\/www.mlkjlasers.com\/pt\/wp-json\/wp\/v2\/media\/3534"}],"wp:attachment":[{"href":"https:\/\/www.mlkjlasers.com\/pt\/wp-json\/wp\/v2\/media?parent=1855"}],"wp:term":[{"taxonomy":"product_cat","embeddable":true,"href":"https:\/\/www.mlkjlasers.com\/pt\/wp-json\/wp\/v2\/product_cat?post=1855"},{"taxonomy":"product_tag","embeddable":true,"href":"https:\/\/www.mlkjlasers.com\/pt\/wp-json\/wp\/v2\/product_tag?post=1855"}],"curies":[{"name":"wp","href":"https:\/\/api.w.org\/{rel}","templated":true}]}}