{"id":1916,"date":"2023-07-24T13:50:08","date_gmt":"2023-07-24T05:50:08","guid":{"rendered":"https:\/\/mlkjlasers.com\/?post_type=product&#038;p=1916"},"modified":"2026-01-30T09:14:23","modified_gmt":"2026-01-30T01:14:23","slug":"mlkj-medical-diode-laser-titanium-double-handle-hair-removal-machine-2-2-3","status":"publish","type":"product","link":"https:\/\/www.mlkjlasers.com\/pt\/product\/mlkj-medical-diode-laser-titanium-double-handle-hair-removal-machine-2-2-3\/","title":{"rendered":"M\u00e1quina de laser port\u00e1vel 755 808nm 1064nm M\u00e1quina de removimento de cabelo de laser Diode"},"content":{"rendered":"<div>\n<table style=\"border-collapse: collapse; width: 100%; height: 167px;\">\n<tbody>\n<tr style=\"height: 23px;\">\n<td style=\"width: 50%; height: 23px;\"><span style=\"font-family: helvetica, arial, sans-serif; color: #000000; font-size: 12pt;\"><b>Elimina\u00e7\u00e3o de cabelo laser de Diode Protable<\/b><\/span><\/td>\n<td style=\"width: 50%; height: 23px;\"><span style=\"font-family: helvetica, arial, sans-serif; color: #000000; font-size: 12pt;\">N\u00famero do modelo: Diode Laser D10<\/span><\/td>\n<\/tr>\n<tr style=\"height: 24px;\">\n<td style=\"width: 50%; height: 24px;\"><span style=\"font-family: helvetica, arial, sans-serif; color: #000000; font-size: 12pt;\">Longitude de onda: 808nm ou 755 808 1064nm<\/span><\/td>\n<td style=\"width: 50%; height: 24px;\"><span style=\"font-family: helvetica, arial, sans-serif; color: #000000; font-size: 12pt;\">Tamanho da tela:14 polegadas de estilo 4K<\/span><\/td>\n<\/tr>\n<tr style=\"height: 24px;\">\n<td style=\"width: 50%; height: 24px;\"><span style=\"font-family: helvetica, arial, sans-serif; color: #000000; font-size: 12pt;\">Tempo de vida: 40 milh\u00f5es de tiros<\/span><\/td>\n<td style=\"width: 50%; height: 24px;\"><span style=\"font-family: helvetica, arial, sans-serif; color: #000000; font-size: 12pt;\">Dura\u00e7\u00e3o do pulso: 10-300 ms<\/span><\/td>\n<\/tr>\n<tr style=\"height: 24px;\">\n<td style=\"width: 50%; height: 24px;\"><span style=\"font-family: helvetica, arial, sans-serif; color: #000000; font-size: 12pt;\">Banda de laser: 1200w para cada um, laser bar coerente americano<\/span><\/td>\n<td style=\"width: 50%; height: 24px;\"><span style=\"font-family: helvetica, arial, sans-serif; color: #000000; font-size: 12pt;\">Frequ\u00eancia: 1-10hz<\/span><\/td>\n<\/tr>\n<tr style=\"height: 24px;\">\n<td style=\"width: 50%; height: 24px;\"><span style=\"font-family: helvetica, arial, sans-serif; color: #000000; font-size: 12pt;\">Energia: 1-150J<\/span><\/td>\n<td style=\"width: 50%; height: 24px;\"><span style=\"font-family: helvetica, arial, sans-serif; color: #000000; font-size: 12pt;\">Sistema de refrigera\u00e7\u00e3o: Compressor, circuito de \u00e1gua<\/span><\/td>\n<\/tr>\n<tr style=\"height: 24px;\">\n<td style=\"width: 50%; height: 24px;\"><span style=\"font-family: helvetica, arial, sans-serif; color: #000000; font-size: 12pt;\">Pot\u00eancia da M\u00e1quina:3500W<\/span><\/td>\n<td style=\"width: 50%; height: 24px;\"><span style=\"font-family: helvetica, arial, sans-serif; color: #000000; font-size: 12pt;\">Tens\u00e3o: AC110V 60HZ\/AC220V 50HZ<\/span><\/td>\n<\/tr>\n<tr style=\"height: 24px;\">\n<td style=\"width: 50%; height: 24px;\"><span style=\"font-family: helvetica, arial, sans-serif; color: #000000; font-size: 12pt;\">Paquete: Caixa de alum\u00ednio<\/span><\/td>\n<td style=\"width: 50%; height: 24px;\"><span style=\"font-family: helvetica, arial, sans-serif; color: #000000; font-size: 12pt;\">Mandato de deten\u00e7\u00e3o:garantia ao longo da vida<\/span><\/td>\n<\/tr>\n<\/tbody>\n<\/table>\n<\/div>\n<p><img fetchpriority=\"high\" decoding=\"async\" class=\"aligncenter size-full wp-image-3903\" src=\"https:\/\/www.mlkjlasers.com\/wp-content\/uploads\/2026\/01\/D10-\u8be6\u60c5\u9875\u53ef\u7f16\u8f91_01.jpg\" alt=\"\" width=\"2342\" height=\"1545\" srcset=\"https:\/\/www.mlkjlasers.com\/wp-content\/uploads\/2026\/01\/D10-\u8be6\u60c5\u9875\u53ef\u7f16\u8f91_01.jpg 2342w, https:\/\/www.mlkjlasers.com\/wp-content\/uploads\/2026\/01\/D10-\u8be6\u60c5\u9875\u53ef\u7f16\u8f91_01-300x198.jpg 300w, https:\/\/www.mlkjlasers.com\/wp-content\/uploads\/2026\/01\/D10-\u8be6\u60c5\u9875\u53ef\u7f16\u8f91_01-1024x676.jpg 1024w, https:\/\/www.mlkjlasers.com\/wp-content\/uploads\/2026\/01\/D10-\u8be6\u60c5\u9875\u53ef\u7f16\u8f91_01-768x507.jpg 768w, https:\/\/www.mlkjlasers.com\/wp-content\/uploads\/2026\/01\/D10-\u8be6\u60c5\u9875\u53ef\u7f16\u8f91_01-1536x1013.jpg 1536w, https:\/\/www.mlkjlasers.com\/wp-content\/uploads\/2026\/01\/D10-\u8be6\u60c5\u9875\u53ef\u7f16\u8f91_01-2048x1351.jpg 2048w, https:\/\/www.mlkjlasers.com\/wp-content\/uploads\/2026\/01\/D10-\u8be6\u60c5\u9875\u53ef\u7f16\u8f91_01-18x12.jpg 18w, https:\/\/www.mlkjlasers.com\/wp-content\/uploads\/2026\/01\/D10-\u8be6\u60c5\u9875\u53ef\u7f16\u8f91_01-600x396.jpg 600w\" sizes=\"(max-width: 2342px) 100vw, 2342px\" \/><\/p>\n<p style=\"text-align: left;\"><span style=\"font-family: helvetica, arial, sans-serif; color: #000000; font-size: 12pt;\"><span style=\"font-size: 14pt;\"><strong>MLKJ[UNK]Laser<\/strong><\/span>\u00a0\u00e9 o mundo \u00e9 a tecnologia mais avan\u00e7ada e sem dor de remo\u00e7\u00e3o permanente do cabelo. Para diferentes tipos de pele remover cores de cabelo, cabelo de espessura diferente, cabelo de sombras diferentes, etc.; O manejo adota um design laser \u00fanico, a cabe\u00e7a laser \u00e9 maior, ent\u00e3o pode cobrir mais superf\u00edcie, 40% mais r\u00e1pido removimento de cabelo do que outros.<\/span><\/p>\n<p style=\"text-align: left;\"><span style=\"font-family: helvetica, arial, sans-serif; color: #000000; font-size: 12pt;\">4 ondas 755 808 940 1064nm, que tem uma ampla gama de aplicabilidade para diferentes tipos de remo\u00e7\u00e3o de cabelo, temos certificados FDA, CE, ISO13485, e estamos sempre procurando nova inspira\u00e7\u00e3o inovadora para trazer produtos mais confi\u00e1veis para nossos parceiros e clientes.<span style=\"color: #0000ff; font-size: 14pt;\"><strong><a style=\"color: #0000ff;\" href=\"https:\/\/www.mlkjlasers.com\/pt\/contact-us\/\" target=\"_blank\" rel=\"noopener\">Contacte-nos agora!<\/a><\/strong><\/span><\/span><\/p>\n<p>&nbsp;<\/p>\n<p><span style=\"font-family: helvetica, arial, sans-serif; color: #000000; font-size: 12pt;\">Com a introdu\u00e7\u00e3o de <strong>755nm, 808nm, 1064nm<\/strong> tecnologia de remo\u00e7\u00e3o de cabelo, a ind\u00fastria de remo\u00e7\u00e3o de cabelo laser sofreu mudan\u00e7as revolucion\u00e1rias<\/span><\/p>\n<p><span style=\"font-family: helvetica, arial, sans-serif; color: #000000; font-size: 12pt;\">Esses sistemas avan\u00e7ados trazem uma nova era de velocidade, efici\u00eancia e conforto, redefinindo a experi\u00eancia de remo\u00e7\u00e3o de cabelo para clientes e praticantes<\/span><\/p>\n<div class=\"J_module\">\n<div class=\"flex-layout-h magic-1\"><span style=\"font-family: helvetica, arial, sans-serif; color: #000000; font-size: 12pt;\"><img decoding=\"async\" class=\"aligncenter wp-image-3910\" src=\"https:\/\/www.mlkjlasers.com\/wp-content\/uploads\/2026\/01\/D10-\u8be6\u60c5\u9875\u53ef\u7f16\u8f91_08.png\" alt=\"\" width=\"1920\" height=\"1124\" srcset=\"https:\/\/www.mlkjlasers.com\/wp-content\/uploads\/2026\/01\/D10-\u8be6\u60c5\u9875\u53ef\u7f16\u8f91_08.png 1170w, https:\/\/www.mlkjlasers.com\/wp-content\/uploads\/2026\/01\/D10-\u8be6\u60c5\u9875\u53ef\u7f16\u8f91_08-300x176.png 300w, https:\/\/www.mlkjlasers.com\/wp-content\/uploads\/2026\/01\/D10-\u8be6\u60c5\u9875\u53ef\u7f16\u8f91_08-1024x600.png 1024w, https:\/\/www.mlkjlasers.com\/wp-content\/uploads\/2026\/01\/D10-\u8be6\u60c5\u9875\u53ef\u7f16\u8f91_08-768x450.png 768w, https:\/\/www.mlkjlasers.com\/wp-content\/uploads\/2026\/01\/D10-\u8be6\u60c5\u9875\u53ef\u7f16\u8f91_08-18x12.png 18w, https:\/\/www.mlkjlasers.com\/wp-content\/uploads\/2026\/01\/D10-\u8be6\u60c5\u9875\u53ef\u7f16\u8f91_08-600x351.png 600w\" sizes=\"(max-width: 1920px) 100vw, 1920px\" \/><\/span><\/div>\n<div><\/div>\n<\/div>\n<div>\n<p><span style=\"font-family: helvetica, arial, sans-serif; color: #000000; font-size: 14pt;\"><strong>Retira\u00e7\u00e3o completa do cabelo<\/strong><\/span><\/p>\n<p><span style=\"font-family: helvetica, arial, sans-serif; color: #000000; font-size: 12pt;\">A versatilidade desses sistemas laser \u00e9 realmente excepcional. O tamanho do ponto \u00e9 de 12*20mm 12*35mm, perfeito para a remo\u00e7\u00e3o de cabelo em todas as partes do corpo<\/span><\/p>\n<p><span style=\"font-family: helvetica, arial, sans-serif; color: #000000; font-size: 12pt;\">Seja uma grande \u00e1rea ou uma \u00e1rea fr\u00e1gil, os clientes podem agora ter um efeito de remo\u00e7\u00e3o do cabelo ao longo da vida com um plano de tratamento de 3-5 sess\u00f5es, tornando o processo essencialmente permanente<\/span><\/p>\n<\/div>\n<p><img decoding=\"async\" class=\"aligncenter wp-image-3905\" src=\"https:\/\/www.mlkjlasers.com\/wp-content\/uploads\/2026\/01\/D10-\u8be6\u60c5\u9875\u53ef\u7f16\u8f91_03.jpg\" alt=\"\" width=\"1920\" height=\"1701\" srcset=\"https:\/\/www.mlkjlasers.com\/wp-content\/uploads\/2026\/01\/D10-\u8be6\u60c5\u9875\u53ef\u7f16\u8f91_03.jpg 2342w, https:\/\/www.mlkjlasers.com\/wp-content\/uploads\/2026\/01\/D10-\u8be6\u60c5\u9875\u53ef\u7f16\u8f91_03-300x266.jpg 300w, https:\/\/www.mlkjlasers.com\/wp-content\/uploads\/2026\/01\/D10-\u8be6\u60c5\u9875\u53ef\u7f16\u8f91_03-1024x907.jpg 1024w, https:\/\/www.mlkjlasers.com\/wp-content\/uploads\/2026\/01\/D10-\u8be6\u60c5\u9875\u53ef\u7f16\u8f91_03-768x680.jpg 768w, https:\/\/www.mlkjlasers.com\/wp-content\/uploads\/2026\/01\/D10-\u8be6\u60c5\u9875\u53ef\u7f16\u8f91_03-1536x1361.jpg 1536w, https:\/\/www.mlkjlasers.com\/wp-content\/uploads\/2026\/01\/D10-\u8be6\u60c5\u9875\u53ef\u7f16\u8f91_03-2048x1815.jpg 2048w, https:\/\/www.mlkjlasers.com\/wp-content\/uploads\/2026\/01\/D10-\u8be6\u60c5\u9875\u53ef\u7f16\u8f91_03-14x12.jpg 14w, https:\/\/www.mlkjlasers.com\/wp-content\/uploads\/2026\/01\/D10-\u8be6\u60c5\u9875\u53ef\u7f16\u8f91_03-600x532.jpg 600w\" sizes=\"(max-width: 1920px) 100vw, 1920px\" \/><\/p>\n<p>&nbsp;<\/p>\n<p style=\"text-align: left;\"><span style=\"font-family: helvetica, arial, sans-serif; font-size: 14pt; color: #000000;\"><strong>Seguran\u00e7a e efic\u00e1cia<\/strong><\/span><\/p>\n<p style=\"text-align: left;\"><span style=\"font-family: helvetica, arial, sans-serif; color: #000000; font-size: 12pt;\">*FDA CE TUV MDL Certificado M\u00e9dico Aprovado<\/span><br \/>\n<span style=\"font-family: helvetica, arial, sans-serif; color: #000000; font-size: 12pt;\">*Quatro comprimento de onda 755nm 808nm 940nm 1064nm tecnologias de remo\u00e7\u00e3o de cabelo laser de di\u00f3dio em um solo, adequado para todas as cores da pele e cabelo.<\/span><\/p>\n<p><span style=\"font-family: helvetica, arial, sans-serif; color: #000000; font-size: 12pt;\"><img loading=\"lazy\" decoding=\"async\" class=\"aligncenter size-full wp-image-3906\" src=\"https:\/\/www.mlkjlasers.com\/wp-content\/uploads\/2026\/01\/D10-\u8be6\u60c5\u9875\u53ef\u7f16\u8f91_04.jpg\" alt=\"\" width=\"2342\" height=\"1657\" srcset=\"https:\/\/www.mlkjlasers.com\/wp-content\/uploads\/2026\/01\/D10-\u8be6\u60c5\u9875\u53ef\u7f16\u8f91_04.jpg 2342w, https:\/\/www.mlkjlasers.com\/wp-content\/uploads\/2026\/01\/D10-\u8be6\u60c5\u9875\u53ef\u7f16\u8f91_04-300x212.jpg 300w, https:\/\/www.mlkjlasers.com\/wp-content\/uploads\/2026\/01\/D10-\u8be6\u60c5\u9875\u53ef\u7f16\u8f91_04-1024x724.jpg 1024w, https:\/\/www.mlkjlasers.com\/wp-content\/uploads\/2026\/01\/D10-\u8be6\u60c5\u9875\u53ef\u7f16\u8f91_04-768x543.jpg 768w, https:\/\/www.mlkjlasers.com\/wp-content\/uploads\/2026\/01\/D10-\u8be6\u60c5\u9875\u53ef\u7f16\u8f91_04-1536x1087.jpg 1536w, https:\/\/www.mlkjlasers.com\/wp-content\/uploads\/2026\/01\/D10-\u8be6\u60c5\u9875\u53ef\u7f16\u8f91_04-2048x1449.jpg 2048w, https:\/\/www.mlkjlasers.com\/wp-content\/uploads\/2026\/01\/D10-\u8be6\u60c5\u9875\u53ef\u7f16\u8f91_04-18x12.jpg 18w, https:\/\/www.mlkjlasers.com\/wp-content\/uploads\/2026\/01\/D10-\u8be6\u60c5\u9875\u53ef\u7f16\u8f91_04-600x425.jpg 600w\" sizes=\"(max-width: 2342px) 100vw, 2342px\" \/><\/span><\/p>\n<p><span style=\"font-family: helvetica, arial, sans-serif; color: #000000; font-size: 14pt;\"><strong>O resfriamento do gelo diminuiu a dor<\/strong><\/span><\/p>\n<p><span style=\"font-family: helvetica, arial, sans-serif; color: #000000; font-size: 12pt;\">Agora, a tecnologia com alto poder e pulso curto assegura que, antes do corpo sentir dor, o tiro da luz tinha terminado. Todo o processo \u00e9 muito confort\u00e1vel, n\u00e3o sente dor. Normalmente, 3-5 sess\u00f5es podem alcan\u00e7ar remo\u00e7\u00e3o permanente de cabelo. O paciente confort\u00e1vel ao refrigerar continuamente a pele, dor e desconforto s\u00e3o significativamente reduzidos.<\/span><\/p>\n<p><img loading=\"lazy\" decoding=\"async\" class=\"aligncenter size-full wp-image-3908\" src=\"https:\/\/www.mlkjlasers.com\/wp-content\/uploads\/2026\/01\/D10-\u8be6\u60c5\u9875\u53ef\u7f16\u8f91_06.jpg\" alt=\"\" width=\"2342\" height=\"1923\" srcset=\"https:\/\/www.mlkjlasers.com\/wp-content\/uploads\/2026\/01\/D10-\u8be6\u60c5\u9875\u53ef\u7f16\u8f91_06.jpg 2342w, https:\/\/www.mlkjlasers.com\/wp-content\/uploads\/2026\/01\/D10-\u8be6\u60c5\u9875\u53ef\u7f16\u8f91_06-300x246.jpg 300w, https:\/\/www.mlkjlasers.com\/wp-content\/uploads\/2026\/01\/D10-\u8be6\u60c5\u9875\u53ef\u7f16\u8f91_06-1024x841.jpg 1024w, https:\/\/www.mlkjlasers.com\/wp-content\/uploads\/2026\/01\/D10-\u8be6\u60c5\u9875\u53ef\u7f16\u8f91_06-768x631.jpg 768w, https:\/\/www.mlkjlasers.com\/wp-content\/uploads\/2026\/01\/D10-\u8be6\u60c5\u9875\u53ef\u7f16\u8f91_06-1536x1261.jpg 1536w, https:\/\/www.mlkjlasers.com\/wp-content\/uploads\/2026\/01\/D10-\u8be6\u60c5\u9875\u53ef\u7f16\u8f91_06-2048x1682.jpg 2048w, https:\/\/www.mlkjlasers.com\/wp-content\/uploads\/2026\/01\/D10-\u8be6\u60c5\u9875\u53ef\u7f16\u8f91_06-15x12.jpg 15w, https:\/\/www.mlkjlasers.com\/wp-content\/uploads\/2026\/01\/D10-\u8be6\u60c5\u9875\u53ef\u7f16\u8f91_06-600x493.jpg 600w\" sizes=\"(max-width: 2342px) 100vw, 2342px\" \/><\/p>\n<p class=\"contents\" style=\"text-align: left;\"><span style=\"font-size: 18pt;\"><strong><span style=\"font-family: helvetica, arial, sans-serif; color: #000000;\">Antes e depois<\/span><\/strong><\/span><\/p>\n<p><span style=\"font-family: helvetica, arial, sans-serif; color: #000000; font-size: 12pt;\"> <img loading=\"lazy\" decoding=\"async\" class=\"aligncenter size-full wp-image-3909\" src=\"https:\/\/www.mlkjlasers.com\/wp-content\/uploads\/2026\/01\/D10-\u8be6\u60c5\u9875\u53ef\u7f16\u8f91_07.jpg\" alt=\"\" width=\"2342\" height=\"1322\" srcset=\"https:\/\/www.mlkjlasers.com\/wp-content\/uploads\/2026\/01\/D10-\u8be6\u60c5\u9875\u53ef\u7f16\u8f91_07.jpg 2342w, https:\/\/www.mlkjlasers.com\/wp-content\/uploads\/2026\/01\/D10-\u8be6\u60c5\u9875\u53ef\u7f16\u8f91_07-300x169.jpg 300w, https:\/\/www.mlkjlasers.com\/wp-content\/uploads\/2026\/01\/D10-\u8be6\u60c5\u9875\u53ef\u7f16\u8f91_07-1024x578.jpg 1024w, https:\/\/www.mlkjlasers.com\/wp-content\/uploads\/2026\/01\/D10-\u8be6\u60c5\u9875\u53ef\u7f16\u8f91_07-768x434.jpg 768w, https:\/\/www.mlkjlasers.com\/wp-content\/uploads\/2026\/01\/D10-\u8be6\u60c5\u9875\u53ef\u7f16\u8f91_07-1536x867.jpg 1536w, https:\/\/www.mlkjlasers.com\/wp-content\/uploads\/2026\/01\/D10-\u8be6\u60c5\u9875\u53ef\u7f16\u8f91_07-2048x1156.jpg 2048w, https:\/\/www.mlkjlasers.com\/wp-content\/uploads\/2026\/01\/D10-\u8be6\u60c5\u9875\u53ef\u7f16\u8f91_07-18x10.jpg 18w, https:\/\/www.mlkjlasers.com\/wp-content\/uploads\/2026\/01\/D10-\u8be6\u60c5\u9875\u53ef\u7f16\u8f91_07-600x339.jpg 600w\" sizes=\"(max-width: 2342px) 100vw, 2342px\" \/><\/span><\/p>\n<p><span style=\"font-family: helvetica, arial, sans-serif; font-size: 14pt; color: #000000;\"><strong>Opera\u00e7\u00e3o e personaliza\u00e7\u00e3o inteligentes<\/strong><\/span><\/p>\n<p style=\"text-align: left;\"><span style=\"font-family: helvetica, arial, sans-serif; color: #000000; font-size: 12pt;\">12 polegadas de tela 4K, experi\u00eancia de toque inteligente<\/span><br \/>\n<span style=\"font-family: helvetica, arial, sans-serif; color: #000000; font-size: 12pt;\">* Predefini\u00e7\u00f5es personalizadas de tratamento<\/span><br \/>\n<span style=\"font-family: helvetica, arial, sans-serif; color: #000000; font-size: 12pt;\">* Com homens e mulheres, 6 estilos de pele para escolher<\/span><br \/>\n<span style=\"font-family: helvetica, arial, sans-serif; color: #000000; font-size: 12pt;\">* f\u00e1cil de operar fornecendo habilidades de opera\u00e7\u00e3o\/servi\u00e7os de ensino<\/span><br \/>\n<span style=\"font-family: helvetica, arial, sans-serif; color: #000000; font-size: 12pt;\">* Logo e linguagem gratuitos podem ser personalizados na tela<\/span><\/p>\n<p><span style=\"font-family: helvetica, arial, sans-serif; color: #000000; font-size: 12pt;\"> <img loading=\"lazy\" decoding=\"async\" class=\"aligncenter wp-image-3907\" src=\"https:\/\/www.mlkjlasers.com\/wp-content\/uploads\/2026\/01\/D10-\u8be6\u60c5\u9875\u53ef\u7f16\u8f91_05.png\" alt=\"\" width=\"1920\" height=\"1808\" srcset=\"https:\/\/www.mlkjlasers.com\/wp-content\/uploads\/2026\/01\/D10-\u8be6\u60c5\u9875\u53ef\u7f16\u8f91_05.png 1170w, https:\/\/www.mlkjlasers.com\/wp-content\/uploads\/2026\/01\/D10-\u8be6\u60c5\u9875\u53ef\u7f16\u8f91_05-300x283.png 300w, https:\/\/www.mlkjlasers.com\/wp-content\/uploads\/2026\/01\/D10-\u8be6\u60c5\u9875\u53ef\u7f16\u8f91_05-1024x964.png 1024w, https:\/\/www.mlkjlasers.com\/wp-content\/uploads\/2026\/01\/D10-\u8be6\u60c5\u9875\u53ef\u7f16\u8f91_05-768x723.png 768w, https:\/\/www.mlkjlasers.com\/wp-content\/uploads\/2026\/01\/D10-\u8be6\u60c5\u9875\u53ef\u7f16\u8f91_05-13x12.png 13w, https:\/\/www.mlkjlasers.com\/wp-content\/uploads\/2026\/01\/D10-\u8be6\u60c5\u9875\u53ef\u7f16\u8f91_05-600x565.png 600w\" sizes=\"(max-width: 1920px) 100vw, 1920px\" \/><\/span><\/p>\n<p><img loading=\"lazy\" decoding=\"async\" class=\"aligncenter size-full wp-image-3904\" src=\"https:\/\/www.mlkjlasers.com\/wp-content\/uploads\/2026\/01\/D10-\u8be6\u60c5\u9875\u53ef\u7f16\u8f91_02.jpg\" alt=\"\" width=\"2342\" height=\"1392\" srcset=\"https:\/\/www.mlkjlasers.com\/wp-content\/uploads\/2026\/01\/D10-\u8be6\u60c5\u9875\u53ef\u7f16\u8f91_02.jpg 2342w, https:\/\/www.mlkjlasers.com\/wp-content\/uploads\/2026\/01\/D10-\u8be6\u60c5\u9875\u53ef\u7f16\u8f91_02-300x178.jpg 300w, https:\/\/www.mlkjlasers.com\/wp-content\/uploads\/2026\/01\/D10-\u8be6\u60c5\u9875\u53ef\u7f16\u8f91_02-1024x609.jpg 1024w, https:\/\/www.mlkjlasers.com\/wp-content\/uploads\/2026\/01\/D10-\u8be6\u60c5\u9875\u53ef\u7f16\u8f91_02-768x456.jpg 768w, https:\/\/www.mlkjlasers.com\/wp-content\/uploads\/2026\/01\/D10-\u8be6\u60c5\u9875\u53ef\u7f16\u8f91_02-1536x913.jpg 1536w, https:\/\/www.mlkjlasers.com\/wp-content\/uploads\/2026\/01\/D10-\u8be6\u60c5\u9875\u53ef\u7f16\u8f91_02-2048x1217.jpg 2048w, https:\/\/www.mlkjlasers.com\/wp-content\/uploads\/2026\/01\/D10-\u8be6\u60c5\u9875\u53ef\u7f16\u8f91_02-18x12.jpg 18w, https:\/\/www.mlkjlasers.com\/wp-content\/uploads\/2026\/01\/D10-\u8be6\u60c5\u9875\u53ef\u7f16\u8f91_02-600x357.jpg 600w\" sizes=\"(max-width: 2342px) 100vw, 2342px\" \/><\/p>\n<p><img loading=\"lazy\" decoding=\"async\" class=\"aligncenter size-full wp-image-3911\" src=\"https:\/\/www.mlkjlasers.com\/wp-content\/uploads\/2026\/01\/D10-\u8be6\u60c5\u9875\u53ef\u7f16\u8f91_09-scaled.jpg\" alt=\"\" width=\"2069\" height=\"2560\" srcset=\"https:\/\/www.mlkjlasers.com\/wp-content\/uploads\/2026\/01\/D10-\u8be6\u60c5\u9875\u53ef\u7f16\u8f91_09-scaled.jpg 2069w, https:\/\/www.mlkjlasers.com\/wp-content\/uploads\/2026\/01\/D10-\u8be6\u60c5\u9875\u53ef\u7f16\u8f91_09-242x300.jpg 242w, https:\/\/www.mlkjlasers.com\/wp-content\/uploads\/2026\/01\/D10-\u8be6\u60c5\u9875\u53ef\u7f16\u8f91_09-828x1024.jpg 828w, https:\/\/www.mlkjlasers.com\/wp-content\/uploads\/2026\/01\/D10-\u8be6\u60c5\u9875\u53ef\u7f16\u8f91_09-768x950.jpg 768w, https:\/\/www.mlkjlasers.com\/wp-content\/uploads\/2026\/01\/D10-\u8be6\u60c5\u9875\u53ef\u7f16\u8f91_09-1241x1536.jpg 1241w, https:\/\/www.mlkjlasers.com\/wp-content\/uploads\/2026\/01\/D10-\u8be6\u60c5\u9875\u53ef\u7f16\u8f91_09-1655x2048.jpg 1655w, https:\/\/www.mlkjlasers.com\/wp-content\/uploads\/2026\/01\/D10-\u8be6\u60c5\u9875\u53ef\u7f16\u8f91_09-10x12.jpg 10w, https:\/\/www.mlkjlasers.com\/wp-content\/uploads\/2026\/01\/D10-\u8be6\u60c5\u9875\u53ef\u7f16\u8f91_09-600x742.jpg 600w\" sizes=\"(max-width: 2069px) 100vw, 2069px\" \/><\/p>\n<div class=\"des_detail\">\n<p><span style=\"font-family: helvetica, arial, sans-serif; font-size: 12pt; color: #000000;\">N\u00f3s temos <strong>FDA<\/strong> e <strong>CE<\/strong> certifica\u00e7\u00f5es profissionais, prosseguir inova\u00e7\u00e3o e servi\u00e7os est\u00e1veis de marca, e assegurar que parceiros e clientes recebam produtos confi\u00e1veis e avan\u00e7ados.<\/span><br \/>\n<span style=\"font-family: helvetica, arial, sans-serif; font-size: 12pt; color: #000000;\">Contacte-nos agora para experimentar esta tecnologia de \u00faltima tecnologia e avan\u00e7ar no futuro da remo\u00e7\u00e3o de cabelos!<\/span><\/p>\n<p><strong><span style=\"font-size: 14pt; font-family: helvetica, arial, sans-serif; color: #0000ff;\"><a style=\"color: #0000ff;\" href=\"https:\/\/www.mlkjlasers.com\/pt\/contact-us\/\" target=\"_blank\" rel=\"noopener\">Contacte-nos agora!<\/a><\/span><\/strong><\/p>\n<p>&nbsp;<\/p>\n<\/div>","protected":false},"excerpt":{"rendered":"<p><span style=\"font-family: helvetica, arial, sans-serif;\">15 anos de fabricante de instrumentos de beleza laser<\/span><\/p>\n<p><span style=\"font-family: helvetica, arial, sans-serif;\">Adapta\u00e7\u00e3o OEM\/ODM e solu\u00e7\u00f5es de tratamento<\/span><\/p>\n<p><span style=\"font-family: helvetica, arial, sans-serif;\">3-5 sess\u00f5es podem alcan\u00e7ar remo\u00e7\u00e3o permanente do cabelo<\/span><\/p>\n<p>FDA CE TUV MDL Certificado M\u00e9dico Aprovado<\/p>\n<p><a href=\"https:\/\/www.mlkjlasers.com\/pt\/contact-us\/\">Pede pre\u00e7os agora!<\/a><\/p>","protected":false},"featured_media":3857,"comment_status":"open","ping_status":"closed","template":"","meta":[],"product_cat":[15],"product_tag":[],"class_list":["post-1916","product","type-product","status-publish","has-post-thumbnail","hentry","product_cat-diode-laser-hair-removal-machine"],"_links":{"self":[{"href":"https:\/\/www.mlkjlasers.com\/pt\/wp-json\/wp\/v2\/product\/1916","targetHints":{"allow":["GET"]}}],"collection":[{"href":"https:\/\/www.mlkjlasers.com\/pt\/wp-json\/wp\/v2\/product"}],"about":[{"href":"https:\/\/www.mlkjlasers.com\/pt\/wp-json\/wp\/v2\/types\/product"}],"replies":[{"embeddable":true,"href":"https:\/\/www.mlkjlasers.com\/pt\/wp-json\/wp\/v2\/comments?post=1916"}],"wp:featuredmedia":[{"embeddable":true,"href":"https:\/\/www.mlkjlasers.com\/pt\/wp-json\/wp\/v2\/media\/3857"}],"wp:attachment":[{"href":"https:\/\/www.mlkjlasers.com\/pt\/wp-json\/wp\/v2\/media?parent=1916"}],"wp:term":[{"taxonomy":"product_cat","embeddable":true,"href":"https:\/\/www.mlkjlasers.com\/pt\/wp-json\/wp\/v2\/product_cat?post=1916"},{"taxonomy":"product_tag","embeddable":true,"href":"https:\/\/www.mlkjlasers.com\/pt\/wp-json\/wp\/v2\/product_tag?post=1916"}],"curies":[{"name":"wp","href":"https:\/\/api.w.org\/{rel}","templated":true}]}}