{"id":2035,"date":"2023-07-25T14:29:49","date_gmt":"2023-07-25T06:29:49","guid":{"rendered":"https:\/\/mlkjlasers.com\/?post_type=product&#038;p=2035"},"modified":"2026-01-27T14:41:11","modified_gmt":"2026-01-27T06:41:11","slug":"4-handles-in-1-ems-body-sculpt-slimming-machine-2","status":"publish","type":"product","link":"https:\/\/www.mlkjlasers.com\/pt\/product\/4-handles-in-1-ems-body-sculpt-slimming-machine-2\/","title":{"rendered":"Corpo[UNK]Sculpting[UNK]Machine4 Handles Electromagnetic Building Muscle Weight Loss Slimming Machine"},"content":{"rendered":"<p><span style=\"font-size: 14pt;\"><img fetchpriority=\"high\" decoding=\"async\" class=\"aligncenter size-full wp-image-3796\" src=\"https:\/\/www.mlkjlasers.com\/wp-content\/uploads\/2026\/01\/X.jpg\" alt=\"\" width=\"1920\" height=\"1080\" srcset=\"https:\/\/www.mlkjlasers.com\/wp-content\/uploads\/2026\/01\/X.jpg 1920w, https:\/\/www.mlkjlasers.com\/wp-content\/uploads\/2026\/01\/X-300x169.jpg 300w, https:\/\/www.mlkjlasers.com\/wp-content\/uploads\/2026\/01\/X-1024x576.jpg 1024w, https:\/\/www.mlkjlasers.com\/wp-content\/uploads\/2026\/01\/X-768x432.jpg 768w, https:\/\/www.mlkjlasers.com\/wp-content\/uploads\/2026\/01\/X-1536x864.jpg 1536w, https:\/\/www.mlkjlasers.com\/wp-content\/uploads\/2026\/01\/X-18x10.jpg 18w, https:\/\/www.mlkjlasers.com\/wp-content\/uploads\/2026\/01\/X-600x338.jpg 600w\" sizes=\"(max-width: 1920px) 100vw, 1920px\" \/><\/span><\/p>\n<p><span style=\"font-size: 14pt;\"><b>Construir m\u00fasculos<\/b><\/span><br \/>\n<span style=\"font-size: 14pt;\">Os m\u00fasculos contraem 30000 vezes em alta frequ\u00eancia e intensidade, permitindo treinamento e aumento da densidade e volume musculares.<\/span><br \/>\n<span style=\"font-size: 14pt;\"><b>Reduzir a gordura<\/b><\/span><br \/>\n<span style=\"font-size: 14pt;\">A contra\u00e7\u00e3o final dos m\u00fasculos requer uma grande quantidade de suprimento energ\u00e9tico, ent\u00e3o as c\u00e9lulas gordas ao lado dos m\u00fasculos tamb\u00e9m s\u00e3o consumidas, levando a apoptose natural e redu\u00e7\u00e3o efetiva da gordura.<\/span><br \/>\n<span style=\"font-size: 14pt;\"><b>Esculpa muscular<\/b><\/span><br \/>\n<span style=\"font-size: 14pt;\">Exercitando os m\u00fasculos abdominais e gluteais, treinando os m\u00fasculos oblicos do abdome, e formando a linha da sirena.<\/span><\/p>\n<p><span style=\"font-size: 14pt;\"><img decoding=\"async\" class=\"aligncenter size-full wp-image-3767\" src=\"https:\/\/www.mlkjlasers.com\/wp-content\/uploads\/2026\/01\/pro-14.jpg\" alt=\"\" width=\"1920\" height=\"1080\" srcset=\"https:\/\/www.mlkjlasers.com\/wp-content\/uploads\/2026\/01\/pro-14.jpg 1920w, https:\/\/www.mlkjlasers.com\/wp-content\/uploads\/2026\/01\/pro-14-300x169.jpg 300w, https:\/\/www.mlkjlasers.com\/wp-content\/uploads\/2026\/01\/pro-14-1024x576.jpg 1024w, https:\/\/www.mlkjlasers.com\/wp-content\/uploads\/2026\/01\/pro-14-768x432.jpg 768w, https:\/\/www.mlkjlasers.com\/wp-content\/uploads\/2026\/01\/pro-14-1536x864.jpg 1536w, https:\/\/www.mlkjlasers.com\/wp-content\/uploads\/2026\/01\/pro-14-18x10.jpg 18w, https:\/\/www.mlkjlasers.com\/wp-content\/uploads\/2026\/01\/pro-14-600x338.jpg 600w\" sizes=\"(max-width: 1920px) 100vw, 1920px\" \/><\/span><\/p>\n<p><span style=\"font-size: 14pt;\">Funcionalidade Multi-Mode &#8211; Diversos n\u00edveis de intensidade para tratamento personalizado.<\/span><br \/>\n<span style=\"font-size: 14pt;\">R\u00e1pido e - Resultados Vis\u00edveis &#8211; Senta a diferen\u00e7a em apenas algumas sess\u00f5es.<\/span><br \/>\n<span style=\"font-size: 14pt;\">Seguro e seguro N\u00e3o invasivo Sem cirurgia, sem tempo de descanso, sem dor.<\/span><br \/>\n<span style=\"font-size: 14pt;\">Uso Completo do corpo &#8211; Trabalha nos abdominais, bra\u00e7os, coxas, glutas e mais.<\/span><br \/>\n<span style=\"font-size: 14pt;\">f\u00e1cil de usar &#8211; Perfeito para sal\u00f5es, cl\u00ednicas usam.<\/span><\/p>\n<p><span style=\"font-size: 14pt;\"><img decoding=\"async\" class=\"aligncenter size-full wp-image-3772\" src=\"https:\/\/www.mlkjlasers.com\/wp-content\/uploads\/2026\/01\/pro-20.jpg\" alt=\"\" width=\"1920\" height=\"1080\" srcset=\"https:\/\/www.mlkjlasers.com\/wp-content\/uploads\/2026\/01\/pro-20.jpg 1920w, https:\/\/www.mlkjlasers.com\/wp-content\/uploads\/2026\/01\/pro-20-300x169.jpg 300w, https:\/\/www.mlkjlasers.com\/wp-content\/uploads\/2026\/01\/pro-20-1024x576.jpg 1024w, https:\/\/www.mlkjlasers.com\/wp-content\/uploads\/2026\/01\/pro-20-768x432.jpg 768w, https:\/\/www.mlkjlasers.com\/wp-content\/uploads\/2026\/01\/pro-20-1536x864.jpg 1536w, https:\/\/www.mlkjlasers.com\/wp-content\/uploads\/2026\/01\/pro-20-18x10.jpg 18w, https:\/\/www.mlkjlasers.com\/wp-content\/uploads\/2026\/01\/pro-20-600x338.jpg 600w\" sizes=\"(max-width: 1920px) 100vw, 1920px\" \/><\/span><\/p>\n<p><span style=\"font-size: 14pt;\">Manter o display<\/span><\/p>\n<p><span style=\"font-size: 14pt;\"><img loading=\"lazy\" decoding=\"async\" class=\"aligncenter size-full wp-image-3791\" src=\"https:\/\/www.mlkjlasers.com\/wp-content\/uploads\/2026\/01\/m-16.jpg\" alt=\"\" width=\"1920\" height=\"1080\" srcset=\"https:\/\/www.mlkjlasers.com\/wp-content\/uploads\/2026\/01\/m-16.jpg 1920w, https:\/\/www.mlkjlasers.com\/wp-content\/uploads\/2026\/01\/m-16-300x169.jpg 300w, https:\/\/www.mlkjlasers.com\/wp-content\/uploads\/2026\/01\/m-16-1024x576.jpg 1024w, https:\/\/www.mlkjlasers.com\/wp-content\/uploads\/2026\/01\/m-16-768x432.jpg 768w, https:\/\/www.mlkjlasers.com\/wp-content\/uploads\/2026\/01\/m-16-1536x864.jpg 1536w, https:\/\/www.mlkjlasers.com\/wp-content\/uploads\/2026\/01\/m-16-18x10.jpg 18w, https:\/\/www.mlkjlasers.com\/wp-content\/uploads\/2026\/01\/m-16-600x338.jpg 600w\" sizes=\"(max-width: 1920px) 100vw, 1920px\" \/><\/span><\/p>\n<p><span style=\"font-size: 14pt;\">No trabalho di\u00e1rio, quando o manejo atua em diferentes partes de diferentes clientes, s\u00e3o necess\u00e1rios par\u00e2metros diferentes. Cada manobra pode ajustar par\u00e2metros independentemente, perfeitamente satisfazendo os diferentes requisitos energ\u00e9ticos de diferentes partes quando manobras trabalham ao mesmo tempo.<\/span><\/p>\n<p><span style=\"font-size: 14pt;\"><img loading=\"lazy\" decoding=\"async\" class=\"aligncenter size-full wp-image-3793\" src=\"https:\/\/www.mlkjlasers.com\/wp-content\/uploads\/2026\/01\/m-18.jpg\" alt=\"\" width=\"1920\" height=\"1080\" srcset=\"https:\/\/www.mlkjlasers.com\/wp-content\/uploads\/2026\/01\/m-18.jpg 1920w, https:\/\/www.mlkjlasers.com\/wp-content\/uploads\/2026\/01\/m-18-300x169.jpg 300w, https:\/\/www.mlkjlasers.com\/wp-content\/uploads\/2026\/01\/m-18-1024x576.jpg 1024w, https:\/\/www.mlkjlasers.com\/wp-content\/uploads\/2026\/01\/m-18-768x432.jpg 768w, https:\/\/www.mlkjlasers.com\/wp-content\/uploads\/2026\/01\/m-18-1536x864.jpg 1536w, https:\/\/www.mlkjlasers.com\/wp-content\/uploads\/2026\/01\/m-18-18x10.jpg 18w, https:\/\/www.mlkjlasers.com\/wp-content\/uploads\/2026\/01\/m-18-600x338.jpg 600w\" sizes=\"(max-width: 1920px) 100vw, 1920px\" \/><\/span><\/p>\n<p><span style=\"color: #000000; font-family: helvetica, arial, sans-serif; font-size: 14pt;\"><strong>EMS Fat Removal \/ A constru\u00e7\u00e3o de m\u00fasculos<\/strong><\/span><\/p>\n<p><span style=\"color: #000000; font-family: helvetica, arial, sans-serif; font-size: 14pt;\">melhorar a libera\u00e7\u00e3o da epinefrina, o que traz um efeito \u00f3bvio que leva a lip\u00f3lise supram\u00e1xima em c\u00e9lulas gordas.<\/span><br \/>\n<span style=\"color: #000000; font-family: helvetica, arial, sans-serif; font-size: 14pt;\">Circula\u00e7\u00e3o de melhora linf\u00e1tica<\/span><br \/>\n<span style=\"color: #000000; font-family: helvetica, arial, sans-serif; font-size: 14pt;\">As ondas eletromagn\u00e9ticas estimulam a hemoglobina, aumentam o fluxo sangu\u00edneo, a circula\u00e7\u00e3o linf\u00e1tica.<\/span><br \/>\n<span style=\"color: #000000; font-family: helvetica, arial, sans-serif; font-size: 14pt;\">O procedimento aumenta que c\u00e9lulas gordas mortas s\u00e3o eliminadas naturalmente.<\/span><\/p>\n<p><span style=\"font-size: 14pt;\"><img loading=\"lazy\" decoding=\"async\" class=\"aligncenter size-full wp-image-3790\" src=\"https:\/\/www.mlkjlasers.com\/wp-content\/uploads\/2026\/01\/m-14.jpg\" alt=\"\" width=\"1920\" height=\"1080\" srcset=\"https:\/\/www.mlkjlasers.com\/wp-content\/uploads\/2026\/01\/m-14.jpg 1920w, https:\/\/www.mlkjlasers.com\/wp-content\/uploads\/2026\/01\/m-14-300x169.jpg 300w, https:\/\/www.mlkjlasers.com\/wp-content\/uploads\/2026\/01\/m-14-1024x576.jpg 1024w, https:\/\/www.mlkjlasers.com\/wp-content\/uploads\/2026\/01\/m-14-768x432.jpg 768w, https:\/\/www.mlkjlasers.com\/wp-content\/uploads\/2026\/01\/m-14-1536x864.jpg 1536w, https:\/\/www.mlkjlasers.com\/wp-content\/uploads\/2026\/01\/m-14-18x10.jpg 18w, https:\/\/www.mlkjlasers.com\/wp-content\/uploads\/2026\/01\/m-14-600x338.jpg 600w\" sizes=\"(max-width: 1920px) 100vw, 1920px\" \/><span style=\"color: #000000; font-family: helvetica, arial, sans-serif;\"><strong>Avantagens da escultura de ondas magn\u00e9ticas Ems Sculpt<\/strong><\/span><\/span><\/p>\n<p><span style=\"color: #000000; font-family: helvetica, arial, sans-serif; font-size: 14pt;\">1, todo o curso de calor de tratamento, sem radia\u00e7\u00e3o, sem invas\u00e3o, sem per\u00edodo de recupera\u00e7\u00e3o.<\/span><br \/>\n<span style=\"color: #000000; font-family: helvetica, arial, sans-serif; font-size: 14pt;\">2, estimular o crescimento muscular enquanto promover a decomposi\u00e7\u00e3o de gorduras.<\/span><br \/>\n<span style=\"color: #000000; font-family: helvetica, arial, sans-serif; font-size: 14pt;\">3. O tratamento inteiro n\u00e3o precisa tirar roupa, n\u00e3o precisa aplicar gel, apenas deitar-se na cama, colocar o marcador muscular no local de tratamento, e completar um tratamento em 30 minutos<\/span><br \/>\n<span style=\"color: #000000; font-family: helvetica, arial, sans-serif; font-size: 14pt;\">4. Manos e um quadril, suite para todo o corpo<\/span><\/p>\n<p><span style=\"font-size: 14pt;\"><img loading=\"lazy\" decoding=\"async\" class=\"aligncenter size-full wp-image-3789\" src=\"https:\/\/www.mlkjlasers.com\/wp-content\/uploads\/2026\/01\/m-13.jpg\" alt=\"\" width=\"1920\" height=\"1080\" srcset=\"https:\/\/www.mlkjlasers.com\/wp-content\/uploads\/2026\/01\/m-13.jpg 1920w, https:\/\/www.mlkjlasers.com\/wp-content\/uploads\/2026\/01\/m-13-300x169.jpg 300w, https:\/\/www.mlkjlasers.com\/wp-content\/uploads\/2026\/01\/m-13-1024x576.jpg 1024w, https:\/\/www.mlkjlasers.com\/wp-content\/uploads\/2026\/01\/m-13-768x432.jpg 768w, https:\/\/www.mlkjlasers.com\/wp-content\/uploads\/2026\/01\/m-13-1536x864.jpg 1536w, https:\/\/www.mlkjlasers.com\/wp-content\/uploads\/2026\/01\/m-13-18x10.jpg 18w, https:\/\/www.mlkjlasers.com\/wp-content\/uploads\/2026\/01\/m-13-600x338.jpg 600w\" sizes=\"(max-width: 1920px) 100vw, 1920px\" \/><\/span><\/p>\n<p><span style=\"color: #000000; font-family: helvetica, arial, sans-serif; font-size: 14pt;\">Ems usa tecnologia de ondas eletromagn\u00e9ticas de alta intensidade focada para estimular m\u00fasculos para alcan\u00e7ar prolifera\u00e7\u00e3o de fibras musculares, e estimular lip\u00f3lise ao mesmo tempo para alcan\u00e7ar forma\u00e7\u00e3o corporal n\u00e3o invasiva, sem dor e segura.<\/span><\/p>\n<p><span style=\"color: #000000; font-family: helvetica, arial, sans-serif; font-size: 14pt;\">Ao fazer o autom\u00fasculo expandir e contrair continuamente, o treinamento extremo permite que o m\u00fasculo seja profundamente remodelado, is to \u00e9, o crescimento do miof\u00edbril (ampliamento muscular) e a produ\u00e7\u00e3o de novas cadeias de col\u00e1geno e fibras musculares (hiperplasia muscular), treinamento e aumento da densidade e volume musculares. 100% limit a a contra\u00e7\u00e3o muscular pode causar uma grande quantidade de lip\u00f3lise, \u00e1cidos gordos da quebra de triglic\u00e9ridos, acumulados em c\u00e9lulas gordas. A concentra\u00e7\u00e3o de \u00e1cidos gordos \u00e9 muito alta, de modo que a apoptose das c\u00e9lulas gordas, em algumas semanas pelo corpo&#8217; o metabolismo normal excretado do corpo. Portanto, o tratamento com escultura Ems pode alcan\u00e7ar o efeito da redu\u00e7\u00e3o da gordura ao mesmo tempo que fortalece e aumenta os m\u00fasculos.<\/span><\/p>\n<p><span style=\"font-size: 14pt;\"><img loading=\"lazy\" decoding=\"async\" class=\"aligncenter size-full wp-image-3785\" src=\"https:\/\/www.mlkjlasers.com\/wp-content\/uploads\/2026\/01\/m-7.jpg\" alt=\"\" width=\"1920\" height=\"1080\" srcset=\"https:\/\/www.mlkjlasers.com\/wp-content\/uploads\/2026\/01\/m-7.jpg 1920w, https:\/\/www.mlkjlasers.com\/wp-content\/uploads\/2026\/01\/m-7-300x169.jpg 300w, https:\/\/www.mlkjlasers.com\/wp-content\/uploads\/2026\/01\/m-7-1024x576.jpg 1024w, https:\/\/www.mlkjlasers.com\/wp-content\/uploads\/2026\/01\/m-7-768x432.jpg 768w, https:\/\/www.mlkjlasers.com\/wp-content\/uploads\/2026\/01\/m-7-1536x864.jpg 1536w, https:\/\/www.mlkjlasers.com\/wp-content\/uploads\/2026\/01\/m-7-18x10.jpg 18w, https:\/\/www.mlkjlasers.com\/wp-content\/uploads\/2026\/01\/m-7-600x338.jpg 600w\" sizes=\"(max-width: 1920px) 100vw, 1920px\" \/><\/span><\/p>\n<p><span style=\"color: #000000; font-family: helvetica, arial, sans-serif; font-size: 14pt;\">Um bot\u00e3o de energia no design<\/span><br \/>\n<span style=\"color: #000000; font-family: helvetica, arial, sans-serif; font-size: 14pt;\">tela de toque HD de 14 polegadas<\/span><br \/>\n<span style=\"color: #000000; font-family: helvetica, arial, sans-serif; font-size: 14pt;\">Predefinir diferentes par\u00e2metros de tratamento<\/span><br \/>\n<span style=\"color: #000000; font-family: helvetica, arial, sans-serif; font-size: 14pt;\">Servi\u00e7os personalizados: linguagem, sistema, apar\u00eancia, logo&#8230; Anovamentos gratuitos do sistema para a vida<\/span><\/p>\n<p><span style=\"font-size: 14pt;\"><img loading=\"lazy\" decoding=\"async\" class=\"aligncenter size-full wp-image-3784\" src=\"https:\/\/www.mlkjlasers.com\/wp-content\/uploads\/2026\/01\/m-6.jpg\" alt=\"\" width=\"1920\" height=\"1080\" srcset=\"https:\/\/www.mlkjlasers.com\/wp-content\/uploads\/2026\/01\/m-6.jpg 1920w, https:\/\/www.mlkjlasers.com\/wp-content\/uploads\/2026\/01\/m-6-300x169.jpg 300w, https:\/\/www.mlkjlasers.com\/wp-content\/uploads\/2026\/01\/m-6-1024x576.jpg 1024w, https:\/\/www.mlkjlasers.com\/wp-content\/uploads\/2026\/01\/m-6-768x432.jpg 768w, https:\/\/www.mlkjlasers.com\/wp-content\/uploads\/2026\/01\/m-6-1536x864.jpg 1536w, https:\/\/www.mlkjlasers.com\/wp-content\/uploads\/2026\/01\/m-6-18x10.jpg 18w, https:\/\/www.mlkjlasers.com\/wp-content\/uploads\/2026\/01\/m-6-600x338.jpg 600w\" sizes=\"(max-width: 1920px) 100vw, 1920px\" \/><\/span><\/p>\n<div><span style=\"font-size: 14pt;\">\u221a A interface \u00e9 mais clara<\/span><br \/>\n<span style=\"font-size: 14pt;\">\u221a A opera\u00e7\u00e3o \u00e9 mais suave<\/span><br \/>\n<span style=\"font-size: 14pt;\">\u221a O toque \u00e9 mais confort\u00e1vel<\/span><\/div>\n<div><\/div>\n<p><span style=\"font-size: 14pt;\"><img loading=\"lazy\" decoding=\"async\" class=\"aligncenter size-full wp-image-3735\" src=\"https:\/\/www.mlkjlasers.com\/wp-content\/uploads\/2026\/01\/\u4fbf\u643a\u53cc-7.jpg\" alt=\"\" width=\"1920\" height=\"1080\" srcset=\"https:\/\/www.mlkjlasers.com\/wp-content\/uploads\/2026\/01\/\u4fbf\u643a\u53cc-7.jpg 1920w, https:\/\/www.mlkjlasers.com\/wp-content\/uploads\/2026\/01\/\u4fbf\u643a\u53cc-7-300x169.jpg 300w, https:\/\/www.mlkjlasers.com\/wp-content\/uploads\/2026\/01\/\u4fbf\u643a\u53cc-7-1024x576.jpg 1024w, https:\/\/www.mlkjlasers.com\/wp-content\/uploads\/2026\/01\/\u4fbf\u643a\u53cc-7-768x432.jpg 768w, https:\/\/www.mlkjlasers.com\/wp-content\/uploads\/2026\/01\/\u4fbf\u643a\u53cc-7-1536x864.jpg 1536w, https:\/\/www.mlkjlasers.com\/wp-content\/uploads\/2026\/01\/\u4fbf\u643a\u53cc-7-18x10.jpg 18w, https:\/\/www.mlkjlasers.com\/wp-content\/uploads\/2026\/01\/\u4fbf\u643a\u53cc-7-600x338.jpg 600w\" sizes=\"(max-width: 1920px) 100vw, 1920px\" \/><\/span><\/p>\n<table style=\"border-collapse: collapse; width: 100%;\">\n<tbody>\n<tr>\n<td style=\"width: 50%;\"><span style=\"color: #000000; font-family: helvetica, arial, sans-serif; font-size: 14pt;\"><b>4 Trabalha com o corpo que esculpe o m\u00fasculo m\u00e1quina estimular<\/b><\/span><\/td>\n<td style=\"width: 50%;\"><span style=\"color: #000000; font-family: helvetica, arial, sans-serif; font-size: 14pt;\">Tecnologia:Highintensity pulsed electromagnetic Find X<\/span><\/td>\n<\/tr>\n<tr>\n<td style=\"width: 50%;\"><span style=\"color: #000000; font-family: helvetica, arial, sans-serif; font-size: 14pt;\">\u00c1rea alvo: pernas\/bra\u00e7os, p\u00e9s, outros, m\u00e3os, peito, corpo<\/span><\/td>\n<td style=\"width: 50%;\"><span style=\"color: #000000; font-family: helvetica, arial, sans-serif; font-size: 14pt;\">Tipo de plug:AU, Other, UK, EU, US, CN, JP, Za, It<\/span><\/td>\n<\/tr>\n<tr>\n<td style=\"width: 50%;\"><span style=\"color: #000000; font-family: helvetica, arial, sans-serif; font-size: 14pt;\">Fun\u00e7\u00e3o: perda de peso,estimula\u00e7\u00e3o muscular<\/span><\/td>\n<td style=\"width: 50%;\"><span style=\"color: #000000; font-family: helvetica, arial, sans-serif; font-size: 14pt;\">Tens\u00e3o: 110V\/220V 50-60Hz<\/span><\/td>\n<\/tr>\n<tr>\n<td style=\"width: 50%;\"><span style=\"color: #000000; font-family: helvetica, arial, sans-serif; font-size: 14pt;\">Dura\u00e7\u00e3o do pulso:300PS<\/span><\/td>\n<td style=\"width: 50%;\"><span style=\"color: #000000; font-family: helvetica, arial, sans-serif; font-size: 14pt;\">Aplica\u00e7\u00e3o: Para fins comerciais<\/span><\/td>\n<\/tr>\n<tr>\n<td style=\"width: 50%;\"><span style=\"color: #000000; font-family: helvetica, arial, sans-serif; font-size: 14pt;\">Tamanho:71X61X112 cm<\/span><\/td>\n<td style=\"width: 50%;\"><span style=\"color: #000000; font-family: helvetica, arial, sans-serif; font-size: 14pt;\">Peso: 65kgs<\/span><\/td>\n<\/tr>\n<\/tbody>\n<\/table>\n<p><span style=\"color: #000000; font-family: helvetica, arial, sans-serif; font-size: 14pt;\">MLKJ \u00e9 uma empresa de 18 anos integrando design, desenvolvimento, produ\u00e7\u00e3o e vendas de instrumentos de beleza.<\/span><br \/>\n<span style=\"color: #000000; font-family: helvetica, arial, sans-serif; font-size: 14pt;\">Fabrica real, processo de produ\u00e7\u00e3o real, avalia\u00e7\u00e3o real!<\/span><br \/>\n<span style=\"color: #000000; font-family: helvetica, arial, sans-serif; font-size: 14pt;\">Bem-vindos \u00e0 nossa empresa ou visita de v\u00eddeo!<\/span><br \/>\n<span style=\"color: #000000; font-family: helvetica, arial, sans-serif; font-size: 14pt;\">S\u00f3 quando voc\u00ea escolhe um verdadeiro parceiro pode garantir a qualidade do produto!<\/span><\/p>\n<p><span style=\"font-size: 14pt;\"><strong><a href=\"https:\/\/www.mlkjlasers.com\/pt\/contact-us\/\"><span style=\"color: #000000; font-family: helvetica, arial, sans-serif;\">Pede pre\u00e7os agora!<\/span><\/a><\/strong><\/span><\/p>\n<p>&nbsp;<\/p>","protected":false},"excerpt":{"rendered":"<p>Os m\u00fasculos constru\u00eddos contraem 30000 vezes em alta frequ\u00eancia e intensidade, permitindo treinamento e aumento da densidade e volume musculares. Reduzir a gordura A contra\u00e7\u00e3o final dos m\u00fasculos requer uma grande quantidade de fornecimento de energia, ent\u00e3o as c\u00e9lulas gordas ao lado dos m\u00fasculos tamb\u00e9m s\u00e3o consumidas, levando a apoptose natural e redu\u00e7\u00e3o efetiva da gordura. Esculpa muscular [&hellip;]<\/p>","protected":false},"featured_media":3783,"comment_status":"open","ping_status":"closed","template":"","meta":[],"product_cat":[28],"product_tag":[],"class_list":["post-2035","product","type-product","status-publish","has-post-thumbnail","hentry","product_cat-slimming-machine"],"_links":{"self":[{"href":"https:\/\/www.mlkjlasers.com\/pt\/wp-json\/wp\/v2\/product\/2035","targetHints":{"allow":["GET"]}}],"collection":[{"href":"https:\/\/www.mlkjlasers.com\/pt\/wp-json\/wp\/v2\/product"}],"about":[{"href":"https:\/\/www.mlkjlasers.com\/pt\/wp-json\/wp\/v2\/types\/product"}],"replies":[{"embeddable":true,"href":"https:\/\/www.mlkjlasers.com\/pt\/wp-json\/wp\/v2\/comments?post=2035"}],"wp:featuredmedia":[{"embeddable":true,"href":"https:\/\/www.mlkjlasers.com\/pt\/wp-json\/wp\/v2\/media\/3783"}],"wp:attachment":[{"href":"https:\/\/www.mlkjlasers.com\/pt\/wp-json\/wp\/v2\/media?parent=2035"}],"wp:term":[{"taxonomy":"product_cat","embeddable":true,"href":"https:\/\/www.mlkjlasers.com\/pt\/wp-json\/wp\/v2\/product_cat?post=2035"},{"taxonomy":"product_tag","embeddable":true,"href":"https:\/\/www.mlkjlasers.com\/pt\/wp-json\/wp\/v2\/product_tag?post=2035"}],"curies":[{"name":"wp","href":"https:\/\/api.w.org\/{rel}","templated":true}]}}