{"id":2036,"date":"2023-07-25T16:22:01","date_gmt":"2023-07-25T08:22:01","guid":{"rendered":"https:\/\/mlkjlasers.com\/?post_type=product&#038;p=2036"},"modified":"2026-01-27T14:54:04","modified_gmt":"2026-01-27T06:54:04","slug":"4-handles-in-1-ems-body-sculpt-slimming-machine-2-2","status":"publish","type":"product","link":"https:\/\/www.mlkjlasers.com\/pt\/product\/4-handles-in-1-ems-body-sculpt-slimming-machine-2-2\/","title":{"rendered":"Professional Portable Weight Loss Machine Salon Usar duas m\u00e3os Sculpt Body Slimming Machine"},"content":{"rendered":"<div class=\"se4_tit\"><span style=\"font-size: 14pt;\"><img fetchpriority=\"high\" decoding=\"async\" class=\"aligncenter size-full wp-image-3736\" src=\"https:\/\/www.mlkjlasers.com\/wp-content\/uploads\/2026\/01\/\u4fbf\u643a\u53cc-8.jpg\" alt=\"\" width=\"1920\" height=\"1080\" srcset=\"https:\/\/www.mlkjlasers.com\/wp-content\/uploads\/2026\/01\/\u4fbf\u643a\u53cc-8.jpg 1920w, https:\/\/www.mlkjlasers.com\/wp-content\/uploads\/2026\/01\/\u4fbf\u643a\u53cc-8-300x169.jpg 300w, https:\/\/www.mlkjlasers.com\/wp-content\/uploads\/2026\/01\/\u4fbf\u643a\u53cc-8-1024x576.jpg 1024w, https:\/\/www.mlkjlasers.com\/wp-content\/uploads\/2026\/01\/\u4fbf\u643a\u53cc-8-768x432.jpg 768w, https:\/\/www.mlkjlasers.com\/wp-content\/uploads\/2026\/01\/\u4fbf\u643a\u53cc-8-1536x864.jpg 1536w, https:\/\/www.mlkjlasers.com\/wp-content\/uploads\/2026\/01\/\u4fbf\u643a\u53cc-8-18x10.jpg 18w, https:\/\/www.mlkjlasers.com\/wp-content\/uploads\/2026\/01\/\u4fbf\u643a\u53cc-8-600x338.jpg 600w\" sizes=\"(max-width: 1920px) 100vw, 1920px\" \/><b>Construir m\u00fasculos<\/b><\/span><br \/>\n<span style=\"font-size: 14pt;\">Os m\u00fasculos contraem 30000 vezes em alta frequ\u00eancia e intensidade, permitindo treinamento e aumento da densidade e volume musculares.<\/span><br \/>\n<span style=\"font-size: 14pt;\"><b>Reduzir a gordura<\/b><\/span><br \/>\n<span style=\"font-size: 14pt;\">A contra\u00e7\u00e3o final dos m\u00fasculos requer uma grande quantidade de suprimento energ\u00e9tico, ent\u00e3o as c\u00e9lulas gordas ao lado dos m\u00fasculos tamb\u00e9m s\u00e3o consumidas, levando a apoptose natural e redu\u00e7\u00e3o efetiva da gordura.<\/span><br \/>\n<span style=\"font-size: 14pt;\"><b>Esculpa muscular<\/b><\/span><br \/>\n<span style=\"font-size: 14pt;\">Exercitando os m\u00fasculos abdominais e gluteais, treinando os m\u00fasculos oblicos do abdome, e formando a linha da sirena.<\/span><\/div>\n<div class=\"J_module\">\n<div class=\"icbu-pc-images magic-0\">\n<div>\n<div class=\"flex-layout-v\">\n<div class=\"flex-layout-h magic-0\">\n<div class=\"magic-1\"><\/div>\n<\/div>\n<\/div>\n<\/div>\n<\/div>\n<\/div>\n<div class=\"J_module\">\n<div class=\"detail-decorate-json-renderer-container\">\n<div class=\"magic-3\">\n<div class=\"magic-4\">\n<div class=\"magic-5\">\n<div class=\"magic-6\">\n<div class=\"magic-7\" style=\"text-align: left;\"><span style=\"font-size: 14pt;\"><img decoding=\"async\" class=\"aligncenter size-full wp-image-3739\" src=\"https:\/\/www.mlkjlasers.com\/wp-content\/uploads\/2026\/01\/\u4fbf\u643a\u53cc-11.jpg\" alt=\"\" width=\"1920\" height=\"1080\" srcset=\"https:\/\/www.mlkjlasers.com\/wp-content\/uploads\/2026\/01\/\u4fbf\u643a\u53cc-11.jpg 1920w, https:\/\/www.mlkjlasers.com\/wp-content\/uploads\/2026\/01\/\u4fbf\u643a\u53cc-11-300x169.jpg 300w, https:\/\/www.mlkjlasers.com\/wp-content\/uploads\/2026\/01\/\u4fbf\u643a\u53cc-11-1024x576.jpg 1024w, https:\/\/www.mlkjlasers.com\/wp-content\/uploads\/2026\/01\/\u4fbf\u643a\u53cc-11-768x432.jpg 768w, https:\/\/www.mlkjlasers.com\/wp-content\/uploads\/2026\/01\/\u4fbf\u643a\u53cc-11-1536x864.jpg 1536w, https:\/\/www.mlkjlasers.com\/wp-content\/uploads\/2026\/01\/\u4fbf\u643a\u53cc-11-18x10.jpg 18w, https:\/\/www.mlkjlasers.com\/wp-content\/uploads\/2026\/01\/\u4fbf\u643a\u53cc-11-600x338.jpg 600w\" sizes=\"(max-width: 1920px) 100vw, 1920px\" \/><\/span><\/div>\n<div><span style=\"font-size: 14pt;\">Funcionalidade Multi-Mode &#8211; Diversos n\u00edveis de intensidade para tratamento personalizado.<\/span><br \/>\n<span style=\"font-size: 14pt;\">R\u00e1pido e - Resultados Vis\u00edveis &#8211; Senta a diferen\u00e7a em apenas algumas sess\u00f5es.<\/span><br \/>\n<span style=\"font-size: 14pt;\">Seguro e seguro N\u00e3o invasivo Sem cirurgia, sem tempo de descanso, sem dor.<\/span><br \/>\n<span style=\"font-size: 14pt;\">Uso Completo do corpo &#8211; Trabalha nos abdominais, bra\u00e7os, coxas, glutas e mais.<\/span><br \/>\n<span style=\"font-size: 14pt;\">Port\u00e1vel e f\u00e1cil de usar Perfeito para sal\u00f5es ou cl\u00ednicas.<\/span><\/div>\n<div><span style=\"font-size: 14pt;\"><img decoding=\"async\" class=\"aligncenter size-full wp-image-3740\" src=\"https:\/\/www.mlkjlasers.com\/wp-content\/uploads\/2026\/01\/\u4fbf\u643a\u53cc-13.jpg\" alt=\"\" width=\"1920\" height=\"1080\" srcset=\"https:\/\/www.mlkjlasers.com\/wp-content\/uploads\/2026\/01\/\u4fbf\u643a\u53cc-13.jpg 1920w, https:\/\/www.mlkjlasers.com\/wp-content\/uploads\/2026\/01\/\u4fbf\u643a\u53cc-13-300x169.jpg 300w, https:\/\/www.mlkjlasers.com\/wp-content\/uploads\/2026\/01\/\u4fbf\u643a\u53cc-13-1024x576.jpg 1024w, https:\/\/www.mlkjlasers.com\/wp-content\/uploads\/2026\/01\/\u4fbf\u643a\u53cc-13-768x432.jpg 768w, https:\/\/www.mlkjlasers.com\/wp-content\/uploads\/2026\/01\/\u4fbf\u643a\u53cc-13-1536x864.jpg 1536w, https:\/\/www.mlkjlasers.com\/wp-content\/uploads\/2026\/01\/\u4fbf\u643a\u53cc-13-18x10.jpg 18w, https:\/\/www.mlkjlasers.com\/wp-content\/uploads\/2026\/01\/\u4fbf\u643a\u53cc-13-600x338.jpg 600w\" sizes=\"(max-width: 1920px) 100vw, 1920px\" \/><\/span><\/div>\n<div><span style=\"font-size: 14pt;\">Manter o display<\/span><\/div>\n<\/div>\n<\/div>\n<\/div>\n<\/div>\n<\/div>\n<\/div>\n<div class=\"J_module\">\n<div class=\"icbu-pc-images magic-0\">\n<div>\n<div class=\"flex-layout-v\">\n<div class=\"flex-layout-h magic-0\">\n<div class=\"magic-10\"><\/div>\n<\/div>\n<\/div>\n<\/div>\n<div><span style=\"font-size: 14pt;\"><img loading=\"lazy\" decoding=\"async\" class=\"aligncenter size-full wp-image-3741\" src=\"https:\/\/www.mlkjlasers.com\/wp-content\/uploads\/2026\/01\/\u4fbf\u643a\u53cc-15.jpg\" alt=\"\" width=\"1920\" height=\"1080\" srcset=\"https:\/\/www.mlkjlasers.com\/wp-content\/uploads\/2026\/01\/\u4fbf\u643a\u53cc-15.jpg 1920w, https:\/\/www.mlkjlasers.com\/wp-content\/uploads\/2026\/01\/\u4fbf\u643a\u53cc-15-300x169.jpg 300w, https:\/\/www.mlkjlasers.com\/wp-content\/uploads\/2026\/01\/\u4fbf\u643a\u53cc-15-1024x576.jpg 1024w, https:\/\/www.mlkjlasers.com\/wp-content\/uploads\/2026\/01\/\u4fbf\u643a\u53cc-15-768x432.jpg 768w, https:\/\/www.mlkjlasers.com\/wp-content\/uploads\/2026\/01\/\u4fbf\u643a\u53cc-15-1536x864.jpg 1536w, https:\/\/www.mlkjlasers.com\/wp-content\/uploads\/2026\/01\/\u4fbf\u643a\u53cc-15-18x10.jpg 18w, https:\/\/www.mlkjlasers.com\/wp-content\/uploads\/2026\/01\/\u4fbf\u643a\u53cc-15-600x338.jpg 600w\" sizes=\"(max-width: 1920px) 100vw, 1920px\" \/><\/span><\/div>\n<div>\n<div class=\"flex-layout-v\">\n<div class=\"flex-layout-h magic-0\">\n<div><\/div>\n<div><span style=\"font-family: helvetica, arial, sans-serif; color: #000000; font-size: 14pt;\"><b><span class=\"magic-16\">Uma Sess\u00e3o (30 minutos\/tratamento, 4 tratamentos em 2 semanas)<br \/>\n<\/span><\/b><span class=\"magic-9\">1.16 Intensidade Tesla<br \/>\n2.16% constru\u00e7\u00e3o muscular\/19% redu\u00e7\u00e3o da gordura<br \/>\n3. Equivalente a 20.000 assentos\/50.000 contra\u00e7\u00f5es musculares<br \/>\n4. Dupla escultura para a mesma pessoa\/diferente ao mesmo tempo<br \/>\n5. Durabilidade 24\/7 com efici\u00eancia de refrigera\u00e7\u00e3o de reciclagem de \u00e1gua<br \/>\n6. Interface UI intuitiva e amig\u00e1vel ao usu\u00e1rio W\/ default &amp; o programa manual<br \/>\n7. Nenhum operador\/prepara\u00e7\u00e3o necess\u00e1ria\/Downtime<\/span><\/span><\/div>\n<div><span style=\"font-size: 14pt;\"><img loading=\"lazy\" decoding=\"async\" class=\"aligncenter size-full wp-image-3742\" src=\"https:\/\/www.mlkjlasers.com\/wp-content\/uploads\/2026\/01\/\u4fbf\u643a\u53cc-17.jpg\" alt=\"\" width=\"1920\" height=\"1080\" srcset=\"https:\/\/www.mlkjlasers.com\/wp-content\/uploads\/2026\/01\/\u4fbf\u643a\u53cc-17.jpg 1920w, https:\/\/www.mlkjlasers.com\/wp-content\/uploads\/2026\/01\/\u4fbf\u643a\u53cc-17-300x169.jpg 300w, https:\/\/www.mlkjlasers.com\/wp-content\/uploads\/2026\/01\/\u4fbf\u643a\u53cc-17-1024x576.jpg 1024w, https:\/\/www.mlkjlasers.com\/wp-content\/uploads\/2026\/01\/\u4fbf\u643a\u53cc-17-768x432.jpg 768w, https:\/\/www.mlkjlasers.com\/wp-content\/uploads\/2026\/01\/\u4fbf\u643a\u53cc-17-1536x864.jpg 1536w, https:\/\/www.mlkjlasers.com\/wp-content\/uploads\/2026\/01\/\u4fbf\u643a\u53cc-17-18x10.jpg 18w, https:\/\/www.mlkjlasers.com\/wp-content\/uploads\/2026\/01\/\u4fbf\u643a\u53cc-17-600x338.jpg 600w\" sizes=\"(max-width: 1920px) 100vw, 1920px\" \/><\/span><\/div>\n<div><\/div>\n<\/div>\n<\/div>\n<div><span style=\"font-size: 14pt;\"><b class=\"magic-17\" style=\"color: #000000; font-family: helvetica, arial, sans-serif;\">Como funciona a teslasculpa?<\/b><\/span><\/div>\n<\/div>\n<\/div>\n<\/div>\n<div class=\"J_module\">\n<div class=\"detail-decorate-json-renderer-container\">\n<div class=\"magic-3\">\n<div class=\"magic-4\">\n<div class=\"magic-5\">\n<div class=\"magic-6\">\n<div><span class=\"magic-9\" style=\"font-family: helvetica, arial, sans-serif; color: #000000; font-size: 14pt;\"> 1. A Electromagn\u00e9tica de alta intensidade registada passa atrav\u00e9s de roupas e pele para seu corpo. <\/span><\/div>\n<div><span class=\"magic-9\" style=\"font-family: helvetica, arial, sans-serif; color: #000000; font-size: 14pt;\">2. Como o exerc\u00edcio ele desencadea nervos motores e excita a contra\u00e7\u00e3o muscular. <\/span><\/div>\n<div><span class=\"magic-9\" style=\"font-family: helvetica, arial, sans-serif; color: #000000; font-size: 14pt;\">3. E voc\u00ea vai sentir como fazer treinamento intensivo.<\/span><\/div>\n<div><span style=\"font-size: 14pt;\"><img loading=\"lazy\" decoding=\"async\" class=\"aligncenter size-full wp-image-3738\" src=\"https:\/\/www.mlkjlasers.com\/wp-content\/uploads\/2026\/01\/\u4fbf\u643a\u53cc-10.jpg\" alt=\"\" width=\"1920\" height=\"1080\" srcset=\"https:\/\/www.mlkjlasers.com\/wp-content\/uploads\/2026\/01\/\u4fbf\u643a\u53cc-10.jpg 1920w, https:\/\/www.mlkjlasers.com\/wp-content\/uploads\/2026\/01\/\u4fbf\u643a\u53cc-10-300x169.jpg 300w, https:\/\/www.mlkjlasers.com\/wp-content\/uploads\/2026\/01\/\u4fbf\u643a\u53cc-10-1024x576.jpg 1024w, https:\/\/www.mlkjlasers.com\/wp-content\/uploads\/2026\/01\/\u4fbf\u643a\u53cc-10-768x432.jpg 768w, https:\/\/www.mlkjlasers.com\/wp-content\/uploads\/2026\/01\/\u4fbf\u643a\u53cc-10-1536x864.jpg 1536w, https:\/\/www.mlkjlasers.com\/wp-content\/uploads\/2026\/01\/\u4fbf\u643a\u53cc-10-18x10.jpg 18w, https:\/\/www.mlkjlasers.com\/wp-content\/uploads\/2026\/01\/\u4fbf\u643a\u53cc-10-600x338.jpg 600w\" sizes=\"(max-width: 1920px) 100vw, 1920px\" \/><\/span><\/div>\n<div>\n<p><span style=\"font-size: 14pt;\"><b>Visualiza\u00e7\u00e3o de tela: tela de toque de alta defini\u00e7\u00e3o de 14 polegadas<\/b><\/span><\/p>\n<div><span style=\"font-size: 14pt;\">\u221a A interface \u00e9 mais clara<\/span><br \/>\n<span style=\"font-size: 14pt;\">\u221a A opera\u00e7\u00e3o \u00e9 mais suave<\/span><br \/>\n<span style=\"font-size: 14pt;\">\u221a O toque \u00e9 mais confort\u00e1vel<\/span><\/div>\n<\/div>\n<\/div>\n<div><span style=\"font-size: 14pt;\"><img loading=\"lazy\" decoding=\"async\" class=\"aligncenter size-full wp-image-3737\" src=\"https:\/\/www.mlkjlasers.com\/wp-content\/uploads\/2026\/01\/\u4fbf\u643a\u53cc-9.jpg\" alt=\"\" width=\"1920\" height=\"2000\" srcset=\"https:\/\/www.mlkjlasers.com\/wp-content\/uploads\/2026\/01\/\u4fbf\u643a\u53cc-9.jpg 1920w, https:\/\/www.mlkjlasers.com\/wp-content\/uploads\/2026\/01\/\u4fbf\u643a\u53cc-9-288x300.jpg 288w, https:\/\/www.mlkjlasers.com\/wp-content\/uploads\/2026\/01\/\u4fbf\u643a\u53cc-9-983x1024.jpg 983w, https:\/\/www.mlkjlasers.com\/wp-content\/uploads\/2026\/01\/\u4fbf\u643a\u53cc-9-768x800.jpg 768w, https:\/\/www.mlkjlasers.com\/wp-content\/uploads\/2026\/01\/\u4fbf\u643a\u53cc-9-1475x1536.jpg 1475w, https:\/\/www.mlkjlasers.com\/wp-content\/uploads\/2026\/01\/\u4fbf\u643a\u53cc-9-12x12.jpg 12w, https:\/\/www.mlkjlasers.com\/wp-content\/uploads\/2026\/01\/\u4fbf\u643a\u53cc-9-600x625.jpg 600w\" sizes=\"(max-width: 1920px) 100vw, 1920px\" \/><\/span><\/div>\n<\/div>\n<\/div>\n<\/div>\n<\/div>\n<\/div>\n<div class=\"J_module\">\n<div class=\"detail-decorate-json-renderer-container\">\n<div class=\"magic-3\">\n<div class=\"magic-4\">\n<div class=\"magic-5\">\n<div class=\"magic-6\">\n<div><strong style=\"font-size: 14pt;\">Efeito de tratamento<\/strong><\/div>\n<\/div>\n<\/div>\n<\/div>\n<\/div>\n<\/div>\n<\/div>\n<div class=\"J_module\">\n<div class=\"icbu-pc-images magic-0\">\n<div class=\"flex-layout-v\">\n<div class=\"flex-layout-h magic-0\">\n<div><span style=\"font-family: helvetica, arial, sans-serif; font-size: 14pt;\"><strong><span class=\"magic-9\" style=\"color: #000000;\">Caracter\u00edstica<\/span><\/strong><span class=\"magic-9\" style=\"color: #000000;\">Perda de peso, outra, refor\u00e7o da pele, redu\u00e7\u00e3o celul\u00edtica<\/span><\/span><\/div>\n<div><span style=\"font-size: 14pt;\"><img loading=\"lazy\" decoding=\"async\" class=\"aligncenter size-full wp-image-3735\" src=\"https:\/\/www.mlkjlasers.com\/wp-content\/uploads\/2026\/01\/\u4fbf\u643a\u53cc-7.jpg\" alt=\"\" width=\"1920\" height=\"1080\" srcset=\"https:\/\/www.mlkjlasers.com\/wp-content\/uploads\/2026\/01\/\u4fbf\u643a\u53cc-7.jpg 1920w, https:\/\/www.mlkjlasers.com\/wp-content\/uploads\/2026\/01\/\u4fbf\u643a\u53cc-7-300x169.jpg 300w, https:\/\/www.mlkjlasers.com\/wp-content\/uploads\/2026\/01\/\u4fbf\u643a\u53cc-7-1024x576.jpg 1024w, https:\/\/www.mlkjlasers.com\/wp-content\/uploads\/2026\/01\/\u4fbf\u643a\u53cc-7-768x432.jpg 768w, https:\/\/www.mlkjlasers.com\/wp-content\/uploads\/2026\/01\/\u4fbf\u643a\u53cc-7-1536x864.jpg 1536w, https:\/\/www.mlkjlasers.com\/wp-content\/uploads\/2026\/01\/\u4fbf\u643a\u53cc-7-18x10.jpg 18w, https:\/\/www.mlkjlasers.com\/wp-content\/uploads\/2026\/01\/\u4fbf\u643a\u53cc-7-600x338.jpg 600w\" sizes=\"(max-width: 1920px) 100vw, 1920px\" \/><\/span><\/div>\n<div><\/div>\n<div class=\"magic-22\"><\/div>\n<div>\n<table style=\"border-collapse: collapse; width: 100%; height: 336px;\">\n<tbody>\n<tr style=\"height: 24px;\">\n<td style=\"width: 50%; height: 24px;\">\n<div class=\"magic-32\" data-spm-anchor-id=\"a2700.details.0.i38.2bca1f03jENnbH\"><span style=\"font-family: helvetica, arial, sans-serif; color: #000000; font-size: 14pt;\">Certifica\u00e7\u00e3o<\/span><\/div>\n<\/td>\n<td style=\"width: 50%; height: 24px;\">\n<div class=\"magic-33\"><span style=\"font-family: helvetica, arial, sans-serif; color: #000000; font-size: 14pt;\">MDRCE, ce, ISO13485, outros, ISO9001, MDDCe<\/span><\/div>\n<\/td>\n<\/tr>\n<tr style=\"height: 24px;\">\n<td style=\"width: 50%; height: 24px;\">\n<div class=\"magic-32\"><span style=\"font-family: helvetica, arial, sans-serif; color: #000000; font-size: 14pt;\">Caracter\u00edstica<\/span><\/div>\n<\/td>\n<td style=\"width: 50%; height: 24px;\">\n<div class=\"magic-33\"><span style=\"font-family: helvetica, arial, sans-serif; color: #000000; font-size: 14pt;\">Perda de peso, outra, refor\u00e7o da pele, redu\u00e7\u00e3o celul\u00edtica<\/span><\/div>\n<\/td>\n<\/tr>\n<tr style=\"height: 24px;\">\n<td style=\"width: 50%; height: 24px;\">\n<div class=\"magic-32\"><span style=\"font-family: helvetica, arial, sans-serif; color: #000000; font-size: 14pt;\">Aplica\u00e7\u00e3o<\/span><\/div>\n<\/td>\n<td style=\"width: 50%; height: 24px;\">\n<div class=\"magic-33\"><span style=\"font-family: helvetica, arial, sans-serif; color: #000000; font-size: 14pt;\">Para o Com\u00e9rcio<\/span><\/div>\n<\/td>\n<\/tr>\n<tr style=\"height: 48px;\">\n<td style=\"width: 50%; height: 48px;\">\n<div class=\"magic-32\"><span style=\"font-family: helvetica, arial, sans-serif; color: #000000; font-size: 14pt;\">Servi\u00e7o de p\u00f3s-vendas fornecido<\/span><\/div>\n<\/td>\n<td style=\"width: 50%; height: 48px;\">\n<div class=\"magic-33\"><span style=\"font-family: helvetica, arial, sans-serif; color: #000000; font-size: 14pt;\">Partes de reserva gratuitas, suporte online, instala\u00e7\u00e3o de campo, comiss\u00e3o e treinamento, suporte t\u00e9cnico de v\u00eddeo, outros, servi\u00e7o de manuten\u00e7\u00e3o e repara\u00e7\u00e3o de campo<\/span><\/div>\n<\/td>\n<\/tr>\n<tr style=\"height: 24px;\">\n<td style=\"width: 50%; height: 24px;\">\n<div class=\"magic-32\"><span style=\"font-family: helvetica, arial, sans-serif; color: #000000; font-size: 14pt;\">Caracter\u00edstica<\/span><\/div>\n<\/td>\n<td style=\"width: 50%; height: 24px;\">\n<div class=\"magic-33\"><span style=\"font-family: helvetica, arial, sans-serif; color: #000000; font-size: 14pt;\">Perda de peso, refor\u00e7o da pele, redu\u00e7\u00e3o celul\u00edtica<\/span><\/div>\n<\/td>\n<\/tr>\n<tr style=\"height: 24px;\">\n<td style=\"width: 50%; height: 24px;\">\n<div class=\"magic-32\"><span style=\"font-family: helvetica, arial, sans-serif; color: #000000; font-size: 14pt;\">Fun\u00e7\u00e3o<\/span><\/div>\n<\/td>\n<td style=\"width: 50%; height: 24px;\">\n<div class=\"magic-33\"><span style=\"font-family: helvetica, arial, sans-serif; color: #000000; font-size: 14pt;\">Body Slimming<\/span><\/div>\n<\/td>\n<\/tr>\n<tr style=\"height: 24px;\">\n<td style=\"width: 50%; height: 24px;\">\n<div class=\"magic-32\"><span style=\"font-family: helvetica, arial, sans-serif; color: #000000; font-size: 14pt;\">Tecnologia<\/span><\/div>\n<\/td>\n<td style=\"width: 50%; height: 24px;\">\n<div class=\"magic-33\"><span style=\"font-family: helvetica, arial, sans-serif; color: #000000; font-size: 14pt;\">Elektromagneti pulsado de alta intensidade<\/span><\/div>\n<\/td>\n<\/tr>\n<tr style=\"height: 24px;\">\n<td style=\"width: 50%; height: 24px;\">\n<div class=\"magic-32\" data-spm-anchor-id=\"a2700.details.0.i39.2bca1f03jENnbH\"><span style=\"font-family: helvetica, arial, sans-serif; color: #000000; font-size: 14pt;\">Handles<\/span><\/div>\n<\/td>\n<td style=\"width: 50%; height: 24px;\">\n<div class=\"magic-33\" data-spm-anchor-id=\"a2700.details.0.i36.2bca1f03jENnbH\"><span style=\"font-family: helvetica, arial, sans-serif; color: #000000; font-size: 14pt;\">2 Handles<\/span><\/div>\n<\/td>\n<\/tr>\n<tr style=\"height: 24px;\">\n<td style=\"width: 50%; height: 24px;\"><span style=\"color: #000000; font-family: helvetica, arial, sans-serif; font-size: 14pt;\">\u00c1rea alvo:Todo o corpo<\/span><\/td>\n<td style=\"width: 50%; height: 24px;\"><span style=\"color: #000000; font-family: helvetica, arial, sans-serif; font-size: 14pt;\">Tipo de plug:AU, Other, UK, EU, US, CN, JP, Za, It<\/span><\/td>\n<\/tr>\n<tr style=\"height: 24px;\">\n<td style=\"width: 50%; height: 24px;\"><span style=\"color: #000000; font-family: helvetica, arial, sans-serif; font-size: 14pt;\">Fun\u00e7\u00e3o: perda de peso,estimula\u00e7\u00e3o muscular<\/span><\/td>\n<td style=\"width: 50%; height: 24px;\"><span style=\"color: #000000; font-family: helvetica, arial, sans-serif; font-size: 14pt;\">Tens\u00e3o: 110V\/220V 50-60Hz<\/span><\/td>\n<\/tr>\n<tr style=\"height: 24px;\">\n<td style=\"width: 50%; height: 24px;\"><span style=\"color: #000000; font-family: helvetica, arial, sans-serif; font-size: 14pt;\">Dura\u00e7\u00e3o do pulso:300PS<\/span><\/td>\n<td style=\"width: 50%; height: 24px;\"><span style=\"color: #000000; font-family: helvetica, arial, sans-serif; font-size: 14pt;\">Aplica\u00e7\u00e3o: Para fins comerciais<\/span><\/td>\n<\/tr>\n<tr style=\"height: 24px;\">\n<td style=\"width: 50%; height: 24px;\"><span style=\"color: #000000; font-family: helvetica, arial, sans-serif; font-size: 14pt;\">Tamanho:55X54X38cm<\/span><\/td>\n<td style=\"width: 50%; height: 24px;\"><span style=\"color: #000000; font-family: helvetica, arial, sans-serif; font-size: 14pt;\">Peso:35kgs<\/span><\/td>\n<\/tr>\n<\/tbody>\n<\/table>\n<\/div>\n<\/div>\n<\/div>\n<\/div>\n<\/div>\n<p>&nbsp;<\/p>\n<p><span style=\"color: #000000; font-family: helvetica, arial, sans-serif; font-size: 14pt;\">MLKJ \u00e9 uma empresa de 18 anos integrando design, desenvolvimento, produ\u00e7\u00e3o e vendas de instrumentos de beleza.<\/span><br \/>\n<span style=\"color: #000000; font-family: helvetica, arial, sans-serif; font-size: 14pt;\">Fabrica real, processo de produ\u00e7\u00e3o real, avalia\u00e7\u00e3o real!<\/span><br \/>\n<span style=\"color: #000000; font-family: helvetica, arial, sans-serif; font-size: 14pt;\">Bem-vindos \u00e0 nossa empresa ou visita de v\u00eddeo!<\/span><br \/>\n<span style=\"color: #000000; font-family: helvetica, arial, sans-serif; font-size: 14pt;\">S\u00f3 quando voc\u00ea escolhe um verdadeiro parceiro pode garantir a qualidade do produto!<\/span><\/p>\n<p><span style=\"font-family: helvetica, arial, sans-serif; color: #000000; font-size: 14pt;\"><strong><a style=\"color: #000000;\" href=\"https:\/\/www.mlkjlasers.com\/pt\/contact-us\/\">Pede pre\u00e7os agora!<\/a><\/strong><\/span><\/p>\n<p>&nbsp;<\/p>","protected":false},"excerpt":{"rendered":"<p>muito bom servi\u00e7o e feliz com minha m\u00e1quina. Eu definitivamente os usarei novamente. Obrigado Amber<\/p>","protected":false},"featured_media":3731,"comment_status":"open","ping_status":"closed","template":"","meta":[],"product_cat":[28],"product_tag":[],"class_list":["post-2036","product","type-product","status-publish","has-post-thumbnail","hentry","product_cat-slimming-machine"],"_links":{"self":[{"href":"https:\/\/www.mlkjlasers.com\/pt\/wp-json\/wp\/v2\/product\/2036","targetHints":{"allow":["GET"]}}],"collection":[{"href":"https:\/\/www.mlkjlasers.com\/pt\/wp-json\/wp\/v2\/product"}],"about":[{"href":"https:\/\/www.mlkjlasers.com\/pt\/wp-json\/wp\/v2\/types\/product"}],"replies":[{"embeddable":true,"href":"https:\/\/www.mlkjlasers.com\/pt\/wp-json\/wp\/v2\/comments?post=2036"}],"wp:featuredmedia":[{"embeddable":true,"href":"https:\/\/www.mlkjlasers.com\/pt\/wp-json\/wp\/v2\/media\/3731"}],"wp:attachment":[{"href":"https:\/\/www.mlkjlasers.com\/pt\/wp-json\/wp\/v2\/media?parent=2036"}],"wp:term":[{"taxonomy":"product_cat","embeddable":true,"href":"https:\/\/www.mlkjlasers.com\/pt\/wp-json\/wp\/v2\/product_cat?post=2036"},{"taxonomy":"product_tag","embeddable":true,"href":"https:\/\/www.mlkjlasers.com\/pt\/wp-json\/wp\/v2\/product_tag?post=2036"}],"curies":[{"name":"wp","href":"https:\/\/api.w.org\/{rel}","templated":true}]}}