{"id":2055,"date":"2023-07-26T15:34:32","date_gmt":"2023-07-26T07:34:32","guid":{"rendered":"https:\/\/mlkjlasers.com\/?post_type=product&#038;p=2055"},"modified":"2026-01-27T17:28:52","modified_gmt":"2026-01-27T09:28:52","slug":"4-handles-in-1-ems-body-sculpt-slimming-machine-2-3","status":"publish","type":"product","link":"https:\/\/www.mlkjlasers.com\/pt\/product\/4-handles-in-1-ems-body-sculpt-slimming-machine-2-3\/","title":{"rendered":"5 em uma m\u00e1quina de perda de peso de cavita\u00e7\u00e3o vazia"},"content":{"rendered":"<p><span style=\"font-family: helvetica, arial, sans-serif;\"><img fetchpriority=\"high\" decoding=\"async\" class=\"aligncenter wp-image-2066\" src=\"https:\/\/mlkjlasers.com\/wp-content\/uploads\/2023\/07\/\u6d77\u62a5.jpg\" alt=\"\" width=\"1920\" height=\"870\" srcset=\"https:\/\/www.mlkjlasers.com\/wp-content\/uploads\/2023\/07\/\u6d77\u62a5.jpg 1655w, https:\/\/www.mlkjlasers.com\/wp-content\/uploads\/2023\/07\/\u6d77\u62a5-300x136.jpg 300w, https:\/\/www.mlkjlasers.com\/wp-content\/uploads\/2023\/07\/\u6d77\u62a5-1024x464.jpg 1024w, https:\/\/www.mlkjlasers.com\/wp-content\/uploads\/2023\/07\/\u6d77\u62a5-768x348.jpg 768w, https:\/\/www.mlkjlasers.com\/wp-content\/uploads\/2023\/07\/\u6d77\u62a5-1536x696.jpg 1536w, https:\/\/www.mlkjlasers.com\/wp-content\/uploads\/2023\/07\/\u6d77\u62a5-600x272.jpg 600w\" sizes=\"(max-width: 1920px) 100vw, 1920px\" \/> <img decoding=\"async\" class=\"aligncenter wp-image-2061\" src=\"https:\/\/mlkjlasers.com\/wp-content\/uploads\/2023\/07\/\u51cf\u80a5B1_05.jpg\" alt=\"\" width=\"1920\" height=\"1222\" srcset=\"https:\/\/www.mlkjlasers.com\/wp-content\/uploads\/2023\/07\/\u51cf\u80a5B1_05.jpg 803w, https:\/\/www.mlkjlasers.com\/wp-content\/uploads\/2023\/07\/\u51cf\u80a5B1_05-300x191.jpg 300w, https:\/\/www.mlkjlasers.com\/wp-content\/uploads\/2023\/07\/\u51cf\u80a5B1_05-768x489.jpg 768w, https:\/\/www.mlkjlasers.com\/wp-content\/uploads\/2023\/07\/\u51cf\u80a5B1_05-600x382.jpg 600w\" sizes=\"(max-width: 1920px) 100vw, 1920px\" \/><\/span><\/p>\n<p><span style=\"font-family: helvetica, arial, sans-serif;\"><img decoding=\"async\" class=\"aligncenter wp-image-2069\" src=\"https:\/\/mlkjlasers.com\/wp-content\/uploads\/2023\/07\/\u51cf\u80a5B1\u624b\u67c4.jpg\" alt=\"\" width=\"1920\" height=\"1920\" srcset=\"https:\/\/www.mlkjlasers.com\/wp-content\/uploads\/2023\/07\/\u51cf\u80a5B1\u624b\u67c4.jpg 1044w, https:\/\/www.mlkjlasers.com\/wp-content\/uploads\/2023\/07\/\u51cf\u80a5B1\u624b\u67c4-300x300.jpg 300w, https:\/\/www.mlkjlasers.com\/wp-content\/uploads\/2023\/07\/\u51cf\u80a5B1\u624b\u67c4-1024x1024.jpg 1024w, https:\/\/www.mlkjlasers.com\/wp-content\/uploads\/2023\/07\/\u51cf\u80a5B1\u624b\u67c4-150x150.jpg 150w, https:\/\/www.mlkjlasers.com\/wp-content\/uploads\/2023\/07\/\u51cf\u80a5B1\u624b\u67c4-768x768.jpg 768w, https:\/\/www.mlkjlasers.com\/wp-content\/uploads\/2023\/07\/\u51cf\u80a5B1\u624b\u67c4-600x600.jpg 600w, https:\/\/www.mlkjlasers.com\/wp-content\/uploads\/2023\/07\/\u51cf\u80a5B1\u624b\u67c4-100x100.jpg 100w\" sizes=\"(max-width: 1920px) 100vw, 1920px\" \/><\/span><\/p>\n<p><span style=\"font-family: helvetica, arial, sans-serif;\"><strong>5 Em uma m\u00e1quina de perda de peso de cavita\u00e7\u00e3o ultrass\u00f4nica Rf<\/strong><\/span><\/p>\n<p><span style=\"font-family: helvetica, arial, sans-serif;\">A m\u00e1quina de corte corporal do sistema de v\u00e1cuo rf de cavita\u00e7\u00e3o \u00e9 uma m\u00e1quina de beleza multifuncional, tem efeito perfeito na reanima\u00e7\u00e3o da pele, corte corporal e forma:<\/span><br \/>\n<span style=\"font-family: helvetica, arial, sans-serif;\">1) Cabe\u00e7a de cavita\u00e7\u00e3o para queimar c\u00e9lulas gordas, c\u00e9lulas eplode fa.<\/span><br \/>\n<span style=\"font-family: helvetica, arial, sans-serif;\">2) A cabe\u00e7a de RF monop\u00f3lar para a forma\u00e7\u00e3o corporal, remover a ruptura do corpo.<\/span><br \/>\n<span style=\"font-family: helvetica, arial, sans-serif;\">3) Cabe\u00e7a de RF tripolor pequena para apertamento da pele, levantamento da pele, remo\u00e7\u00e3o de espinhos no rosto.<\/span><br \/>\n<span style=\"font-family: helvetica, arial, sans-serif;\">4) Grande cabe\u00e7a de RF tripolar para apertamento da pele, levantamento da pele, remo\u00e7\u00e3o de espinhos no corpo.<\/span><br \/>\n<span style=\"font-family: helvetica, arial, sans-serif;\">5) Cabe\u00e7a de liposun\u00e7\u00e3o vacua para deslizar, remover c\u00e9lulas gordas excedent\u00e1rias.<\/span><\/p>\n<p><span style=\"font-family: helvetica, arial, sans-serif;\"><img loading=\"lazy\" decoding=\"async\" class=\"aligncenter wp-image-2063\" src=\"https:\/\/mlkjlasers.com\/wp-content\/uploads\/2023\/07\/\u51cf\u80a5B1_03.jpg\" alt=\"\" width=\"1920\" height=\"1896\" srcset=\"https:\/\/www.mlkjlasers.com\/wp-content\/uploads\/2023\/07\/\u51cf\u80a5B1_03.jpg 803w, https:\/\/www.mlkjlasers.com\/wp-content\/uploads\/2023\/07\/\u51cf\u80a5B1_03-300x296.jpg 300w, https:\/\/www.mlkjlasers.com\/wp-content\/uploads\/2023\/07\/\u51cf\u80a5B1_03-768x758.jpg 768w, https:\/\/www.mlkjlasers.com\/wp-content\/uploads\/2023\/07\/\u51cf\u80a5B1_03-600x593.jpg 600w, https:\/\/www.mlkjlasers.com\/wp-content\/uploads\/2023\/07\/\u51cf\u80a5B1_03-100x100.jpg 100w\" sizes=\"(max-width: 1920px) 100vw, 1920px\" \/><\/span><\/p>\n<p><span style=\"font-family: helvetica, arial, sans-serif;\"><strong>Efeito de Aplica\u00e7\u00e3o e Tratamento:<\/strong><\/span><br \/>\n<span style=\"font-family: helvetica, arial, sans-serif;\">&gt; Adequada para 6 peles de cores diferentes,incluindo a pele escura.<\/span><br \/>\n<span style=\"font-family: helvetica, arial, sans-serif;\">&gt; A temperatura do safiro se arrefria a 0~3\u00b0C,os clientes se sentem confort\u00e1veis e sem dor em todo o tratamento.<\/span><br \/>\n<span style=\"font-family: helvetica, arial, sans-serif;\">&gt; Longo tempo de trabalho cont\u00ednuo,assegurar o trabalho no uso cl\u00ednico\/sal\u00e3o.<\/span><\/p>\n<p><span style=\"font-family: helvetica, arial, sans-serif;\"><img loading=\"lazy\" decoding=\"async\" class=\"aligncenter wp-image-2059\" src=\"https:\/\/mlkjlasers.com\/wp-content\/uploads\/2023\/07\/\u51cf\u80a5B1_09.jpg\" alt=\"\" width=\"1920\" height=\"1975\" srcset=\"https:\/\/www.mlkjlasers.com\/wp-content\/uploads\/2023\/07\/\u51cf\u80a5B1_09.jpg 803w, https:\/\/www.mlkjlasers.com\/wp-content\/uploads\/2023\/07\/\u51cf\u80a5B1_09-292x300.jpg 292w, https:\/\/www.mlkjlasers.com\/wp-content\/uploads\/2023\/07\/\u51cf\u80a5B1_09-768x790.jpg 768w, https:\/\/www.mlkjlasers.com\/wp-content\/uploads\/2023\/07\/\u51cf\u80a5B1_09-600x617.jpg 600w\" sizes=\"(max-width: 1920px) 100vw, 1920px\" \/><\/span><\/p>\n<p><span style=\"font-family: helvetica, arial, sans-serif;\"> <img loading=\"lazy\" decoding=\"async\" class=\"aligncenter wp-image-2058\" src=\"https:\/\/mlkjlasers.com\/wp-content\/uploads\/2023\/07\/\u51cf\u80a5B1_11.jpg\" alt=\"\" width=\"1920\" height=\"1282\" srcset=\"https:\/\/www.mlkjlasers.com\/wp-content\/uploads\/2023\/07\/\u51cf\u80a5B1_11.jpg 803w, https:\/\/www.mlkjlasers.com\/wp-content\/uploads\/2023\/07\/\u51cf\u80a5B1_11-300x200.jpg 300w, https:\/\/www.mlkjlasers.com\/wp-content\/uploads\/2023\/07\/\u51cf\u80a5B1_11-768x513.jpg 768w, https:\/\/www.mlkjlasers.com\/wp-content\/uploads\/2023\/07\/\u51cf\u80a5B1_11-600x400.jpg 600w\" sizes=\"(max-width: 1920px) 100vw, 1920px\" \/><\/span><\/p>\n<p><span style=\"font-family: helvetica, arial, sans-serif;\"><img loading=\"lazy\" decoding=\"async\" class=\"aligncenter wp-image-2060\" src=\"https:\/\/mlkjlasers.com\/wp-content\/uploads\/2023\/07\/\u51cf\u80a5B1_07.jpg\" alt=\"\" width=\"1920\" height=\"1184\" srcset=\"https:\/\/www.mlkjlasers.com\/wp-content\/uploads\/2023\/07\/\u51cf\u80a5B1_07.jpg 803w, https:\/\/www.mlkjlasers.com\/wp-content\/uploads\/2023\/07\/\u51cf\u80a5B1_07-300x185.jpg 300w, https:\/\/www.mlkjlasers.com\/wp-content\/uploads\/2023\/07\/\u51cf\u80a5B1_07-768x473.jpg 768w, https:\/\/www.mlkjlasers.com\/wp-content\/uploads\/2023\/07\/\u51cf\u80a5B1_07-600x370.jpg 600w\" sizes=\"(max-width: 1920px) 100vw, 1920px\" \/> 1)8 polegadas de cor verdadeira grande tela de toque<br \/>\n2)Experi\u00eancia de toque super fixe<br \/>\n3)6 linguagem para sua escolha, linguagem especial pode ser adicionada<\/span><\/p>\n<p><span style=\"font-family: helvetica, arial, sans-serif;\"><img loading=\"lazy\" decoding=\"async\" class=\"aligncenter wp-image-2057\" src=\"https:\/\/mlkjlasers.com\/wp-content\/uploads\/2023\/07\/\u51cf\u80a5B1_13.jpg\" alt=\"\" width=\"1920\" height=\"1765\" srcset=\"https:\/\/www.mlkjlasers.com\/wp-content\/uploads\/2023\/07\/\u51cf\u80a5B1_13.jpg 803w, https:\/\/www.mlkjlasers.com\/wp-content\/uploads\/2023\/07\/\u51cf\u80a5B1_13-300x276.jpg 300w, https:\/\/www.mlkjlasers.com\/wp-content\/uploads\/2023\/07\/\u51cf\u80a5B1_13-768x706.jpg 768w, https:\/\/www.mlkjlasers.com\/wp-content\/uploads\/2023\/07\/\u51cf\u80a5B1_13-600x551.jpg 600w\" sizes=\"(max-width: 1920px) 100vw, 1920px\" \/><\/span><span style=\"color: #000000; font-family: helvetica, arial, sans-serif;\">MLKJ \u00e9 uma empresa de 15 anos integrando design, desenvolvimento, produ\u00e7\u00e3o e vendas de instrumentos de beleza.<\/span><br \/>\n<span style=\"color: #000000; font-family: helvetica, arial, sans-serif;\">Fabrica real, processo de produ\u00e7\u00e3o real, avalia\u00e7\u00e3o real!<\/span><br \/>\n<span style=\"color: #000000; font-family: helvetica, arial, sans-serif;\">Bem-vindos \u00e0 nossa empresa ou visita de v\u00eddeo!<\/span><br \/>\n<span style=\"color: #000000; font-family: helvetica, arial, sans-serif;\">S\u00f3 quando voc\u00ea escolhe um verdadeiro parceiro pode garantir a qualidade do produto!<\/span><\/p>\n<table style=\"height: 278px; width: 98.0194%; border-collapse: collapse;\">\n<tbody>\n<tr style=\"height: 24px;\">\n<td style=\"width: 49.0421%; height: 43px;\"><span style=\"font-family: helvetica, arial, sans-serif;\">5 Em uma m\u00e1quina de perda de peso de cavita\u00e7\u00e3o ultrass\u00f4nica Rf<\/span><\/td>\n<td style=\"width: 48.9783%; height: 43px;\"><span style=\"color: #000000; font-family: helvetica, arial, sans-serif;\">Tecnologia: M\u00e1quina de Perda de Peso B1<\/span><\/td>\n<\/tr>\n<tr style=\"height: 24px;\">\n<td style=\"width: 49.0421%; height: 88px;\" rowspan=\"5\" data-spm-anchor-id=\"a2700.wholesale.0.i35.6cea66caH0Iylk\">\n<div class=\"magic-10\" data-spm-anchor-id=\"a2700.wholesale.0.i36.6cea66caH0Iylk\"><span style=\"font-family: helvetica, arial, sans-serif;\">Pe\u00e7as de m\u00e3o<\/span><\/div>\n<\/td>\n<td style=\"width: 48.9783%; height: 24px;\">\n<div class=\"magic-11\">\n<p><span style=\"font-family: helvetica, arial, sans-serif;\">Grande cabe\u00e7a de RF Unipolar<\/span><\/p>\n<\/div>\n<\/td>\n<\/tr>\n<tr style=\"height: 24px;\">\n<td style=\"width: 48.9783%; height: 10px;\"><span style=\"font-family: helvetica, arial, sans-serif;\">Pequena cabe\u00e7a de RF Unipolar<\/span><\/td>\n<\/tr>\n<tr style=\"height: 24px;\">\n<td style=\"width: 48.9783%; height: 10px;\"><span style=\"font-family: helvetica, arial, sans-serif;\">cabe\u00e7a de r\u00e1dio bipolar<\/span><\/td>\n<\/tr>\n<tr style=\"height: 24px;\">\n<td style=\"width: 48.9783%; height: 10px;\"><span style=\"font-family: helvetica, arial, sans-serif;\">Cabe\u00e7a magn\u00e9tica RF de tr\u00eas polos grande<\/span><\/td>\n<\/tr>\n<tr style=\"height: 12px;\">\n<td style=\"width: 48.9783%; height: 34px;\"><span style=\"font-family: helvetica, arial, sans-serif;\">Cabe\u00e7a pequena de RF de 3 p\u00f3los<\/span><\/td>\n<\/tr>\n<tr style=\"height: 51px;\">\n<td style=\"width: 49.0421%; height: 10px;\" width=\"136\"><span style=\"font-family: helvetica, arial, sans-serif;\">Tecnologia<\/span><\/td>\n<td style=\"width: 48.9783%; height: 10px;\" width=\"282\"><span style=\"font-family: helvetica, arial, sans-serif;\">RF bipolar grande\/pequeno RF bipolar grande\/pequeno RF tripular)<\/span><\/td>\n<\/tr>\n<tr style=\"height: 51px;\">\n<td style=\"width: 49.0421%; height: 33px;\" width=\"136\"><span style=\"font-family: helvetica, arial, sans-serif;\">Frequ\u00eancia de sa\u00edda<\/span><\/td>\n<td style=\"width: 48.9783%; height: 33px;\" width=\"282\"><span style=\"font-family: helvetica, arial, sans-serif;\">5MHz<\/span><\/td>\n<\/tr>\n<tr style=\"height: 51px;\">\n<td style=\"width: 49.0421%; height: 10px;\" width=\"136\"><span style=\"font-family: helvetica, arial, sans-serif;\">Pot\u00eancia m\u00e1xima de sa\u00edda<\/span><\/td>\n<td style=\"width: 48.9783%; height: 10px;\" width=\"282\"><span style=\"font-family: helvetica, arial, sans-serif;\">150W<\/span><\/td>\n<\/tr>\n<tr style=\"height: 24px;\">\n<td style=\"width: 49.0421%; height: 35px;\">\n<div class=\"magic-10\"><span style=\"font-family: helvetica, arial, sans-serif;\">RF monop\u00edlar<\/span><\/div>\n<\/td>\n<td style=\"width: 48.9783%; height: 35px;\">\n<div class=\"magic-11\" data-spm-anchor-id=\"a2700.wholesale.0.i37.6cea66caH0Iylk\"><span style=\"font-family: helvetica, arial, sans-serif;\">1-10 MHZ (Frequ\u00eancia de sa\u00edda) 150 watts (Pot\u00eancia m\u00e1xima de sa\u00edda)<\/span><\/div>\n<\/td>\n<\/tr>\n<tr style=\"height: 24px;\">\n<td style=\"width: 49.0421%; height: 21px;\">\n<div class=\"magic-10\"><span style=\"font-family: helvetica, arial, sans-serif;\">Press\u00e3o do v\u00e1cuo<\/span><\/div>\n<\/td>\n<td style=\"width: 48.9783%; height: 21px;\">\n<div class=\"magic-11\"><span style=\"font-family: helvetica, arial, sans-serif;\">100 KPA<\/span><\/div>\n<\/td>\n<\/tr>\n<tr style=\"height: 24px;\">\n<td style=\"width: 49.0421%; height: 38px;\">\n<div class=\"magic-10\"><span style=\"font-family: helvetica, arial, sans-serif;\">Tamanho<\/span><\/div>\n<\/td>\n<td style=\"width: 48.9783%; height: 38px;\"><\/td>\n<\/tr>\n<\/tbody>\n<\/table>\n<p>&nbsp;<\/p>\n<p><span style=\"font-family: helvetica, arial, sans-serif;\"><strong><a href=\"https:\/\/www.mlkjlasers.com\/pt\/contact-us\/\"><span style=\"color: #000000; font-size: 14pt;\">Pede pre\u00e7os agora!<\/span><\/a><\/strong><\/span><\/p>\n<p>&nbsp;<\/p>","protected":false},"excerpt":{"rendered":"<p><span style=\"font-family: helvetica, arial, sans-serif;\">A m\u00e1quina de corte corporal do sistema de v\u00e1cuo rf de cavita\u00e7\u00e3o \u00e9 uma m\u00e1quina de beleza multifuncional, tem efeito perfeito na reanima\u00e7\u00e3o da pele, corte corporal e forma:<\/span><br \/>\n<span style=\"font-family: helvetica, arial, sans-serif;\">1) Cabe\u00e7a de cavita\u00e7\u00e3o para queimar c\u00e9lulas gordas, c\u00e9lulas eplode fa.<\/span><br \/>\n<span style=\"font-family: helvetica, arial, sans-serif;\">2) A cabe\u00e7a de RF monop\u00f3lar para a forma\u00e7\u00e3o corporal, remover a ruptura do corpo.<\/span><br \/>\n<span style=\"font-family: helvetica, arial, sans-serif;\">3) Cabe\u00e7a de RF tripolor pequena para apertamento da pele, levantamento da pele, remo\u00e7\u00e3o de espinhos no rosto.<\/span><br \/>\n<span style=\"font-family: helvetica, arial, sans-serif;\">4) Grande cabe\u00e7a de RF tripolar para apertamento da pele, levantamento da pele, remo\u00e7\u00e3o de espinhos no corpo.<\/span><br \/>\n<span style=\"font-family: helvetica, arial, sans-serif;\">5) Cabe\u00e7a de liposun\u00e7\u00e3o vacua para deslizar, remover c\u00e9lulas gordas excedent\u00e1rias.<\/span><\/p>","protected":false},"featured_media":2084,"comment_status":"open","ping_status":"closed","template":"","meta":[],"product_cat":[28],"product_tag":[],"class_list":["post-2055","product","type-product","status-publish","has-post-thumbnail","hentry","product_cat-slimming-machine"],"_links":{"self":[{"href":"https:\/\/www.mlkjlasers.com\/pt\/wp-json\/wp\/v2\/product\/2055","targetHints":{"allow":["GET"]}}],"collection":[{"href":"https:\/\/www.mlkjlasers.com\/pt\/wp-json\/wp\/v2\/product"}],"about":[{"href":"https:\/\/www.mlkjlasers.com\/pt\/wp-json\/wp\/v2\/types\/product"}],"replies":[{"embeddable":true,"href":"https:\/\/www.mlkjlasers.com\/pt\/wp-json\/wp\/v2\/comments?post=2055"}],"wp:featuredmedia":[{"embeddable":true,"href":"https:\/\/www.mlkjlasers.com\/pt\/wp-json\/wp\/v2\/media\/2084"}],"wp:attachment":[{"href":"https:\/\/www.mlkjlasers.com\/pt\/wp-json\/wp\/v2\/media?parent=2055"}],"wp:term":[{"taxonomy":"product_cat","embeddable":true,"href":"https:\/\/www.mlkjlasers.com\/pt\/wp-json\/wp\/v2\/product_cat?post=2055"},{"taxonomy":"product_tag","embeddable":true,"href":"https:\/\/www.mlkjlasers.com\/pt\/wp-json\/wp\/v2\/product_tag?post=2055"}],"curies":[{"name":"wp","href":"https:\/\/api.w.org\/{rel}","templated":true}]}}