{"id":2085,"date":"2023-07-26T16:29:13","date_gmt":"2023-07-26T08:29:13","guid":{"rendered":"https:\/\/mlkjlasers.com\/?post_type=product&#038;p=2085"},"modified":"2026-01-27T16:47:45","modified_gmt":"2026-01-27T08:47:45","slug":"vertical-co2-fractional-laser","status":"publish","type":"product","link":"https:\/\/www.mlkjlasers.com\/pt\/product\/vertical-co2-fractional-laser\/","title":{"rendered":"M\u00e1quina de CO2 Fraccional Vertical M\u00e1quina de Laser Rejuvena\u00e7\u00e3o da pele"},"content":{"rendered":"<div class=\"J_module\">\n<div class=\"icbu-pc-images magic-0\">\n<div>\n<div class=\"flex-layout-v\">\n<div class=\"flex-layout-h magic-0\">\n<div class=\"magic-1\"><span style=\"font-size: 14pt; font-family: helvetica, arial, sans-serif; color: #000000;\"><img fetchpriority=\"high\" decoding=\"async\" class=\"magic-2 alignleft\" src=\"https:\/\/sc04.alicdn.com\/kf\/Hc7c1540801cd44d890aeaa993a9a731a3\/252086154\/Hc7c1540801cd44d890aeaa993a9a731a3.jpg\" width=\"1356\" height=\"904\" data-src=\"\/\/sc04.alicdn.com\/kf\/Hc7c1540801cd44d890aeaa993a9a731a3\/252086154\/Hc7c1540801cd44d890aeaa993a9a731a3.jpg\" \/><\/span><\/div>\n<\/div>\n<\/div>\n<\/div>\n<\/div>\n<\/div>\n<div class=\"J_module\" style=\"text-align: left;\">\n<div id=\"ali-anchor-AliMagic-ifa1jx\" class=\"magic-3\" data-section=\"AliMagic-ifa1jx\" data-section-title=\"Products Description\"><\/div>\n<\/div>\n<div class=\"J_module\" style=\"text-align: left;\">\n<div class=\"detail-decorate-json-renderer-container\">\n<div class=\"magic-4\">\n<div class=\"magic-5\">\n<div class=\"magic-6\">\n<div class=\"magic-7\"><span style=\"font-size: 14pt; font-family: helvetica, arial, sans-serif; color: #000000;\"><b><span class=\"magic-8\"><span class=\"magic-9\">Sistema de Laser Fracional de CO2.<\/span><span class=\"magic-10\"><span class=\"magic-9\">Devolve sua bela pele!<\/span><\/span><\/span><\/b><\/span><\/div>\n<div><\/div>\n<\/div>\n<\/div>\n<\/div>\n<\/div>\n<\/div>\n<div class=\"J_module\" style=\"text-align: left;\">\n<div class=\"icbu-pc-images magic-0\">\n<div>\n<div class=\"flex-layout-v\">\n<div class=\"flex-layout-h magic-0\">\n<div class=\"magic-11\"><span style=\"font-size: 14pt; font-family: helvetica, arial, sans-serif; color: #000000;\"><img decoding=\"async\" class=\"magic-12 alignnone\" src=\"https:\/\/sc04.alicdn.com\/kf\/Hcd5f21fec2b444d5a69cfac84e6e440aj\/252086154\/Hcd5f21fec2b444d5a69cfac84e6e440aj.jpg\" width=\"1355\" height=\"1550\" data-src=\"\/\/sc04.alicdn.com\/kf\/Hcd5f21fec2b444d5a69cfac84e6e440aj\/252086154\/Hcd5f21fec2b444d5a69cfac84e6e440aj.jpg\" \/><\/span><\/div>\n<\/div>\n<\/div>\n<div><\/div>\n<\/div>\n<\/div>\n<\/div>\n<div class=\"J_module\" style=\"text-align: left;\">\n<div class=\"detail-decorate-json-renderer-container\">\n<div class=\"magic-4\">\n<div class=\"magic-5\">\n<div class=\"magic-6\">\n<div class=\"magic-7\"><span class=\"magic-13\" style=\"font-size: 14pt; font-family: helvetica, arial, sans-serif; color: #000000;\"><b>Muitos modos de opera\u00e7\u00e3o<\/b><\/span><\/div>\n<div class=\"magic-7\"><span class=\"magic-13\" style=\"font-size: 14pt; font-family: helvetica, arial, sans-serif; color: #000000;\">Modos de Opera\u00e7\u00e3o cont\u00ednuos, super pulso,fracionais diferentes<\/span><\/div>\n<div><\/div>\n<div class=\"magic-7\"><span class=\"magic-13\" style=\"font-size: 14pt; font-family: helvetica, arial, sans-serif; color: #000000;\"><b>Adjust\u00e1vel<\/b><\/span><\/div>\n<div class=\"magic-7\"><span class=\"magic-13\" style=\"font-size: 14pt; font-family: helvetica, arial, sans-serif; color: #000000;\">Di\u00e2metro e intervalo focais s\u00e3o ajustados<\/span><\/div>\n<div><\/div>\n<div class=\"magic-7\"><span class=\"magic-13\" style=\"font-size: 14pt; font-family: helvetica, arial, sans-serif; color: #000000;\"><b>Importa\u00e7\u00f5es dos EUA<\/b><\/span><\/div>\n<div class=\"magic-7\"><span class=\"magic-13\" style=\"font-size: 14pt; font-family: helvetica, arial, sans-serif; color: #000000;\">O melhor tubo de laser RF dos EUA,importado do CONHERENT,desempenho est\u00e1vel,alto efeito <\/span><\/div>\n<div class=\"magic-7\"><span class=\"magic-13\" style=\"font-size: 14pt; font-family: helvetica, arial, sans-serif; color: #000000;\"><b>Simple<\/b> \u00c9 f\u00e1cil desmontar a pe\u00e7a de m\u00e3o e pendurar a m\u00e1quina<\/span><\/div>\n<div><\/div>\n<\/div>\n<\/div>\n<\/div>\n<\/div>\n<\/div>\n<div class=\"J_module\" style=\"text-align: left;\">\n<div class=\"icbu-pc-images magic-0\">\n<div>\n<div class=\"flex-layout-v\">\n<div class=\"flex-layout-h magic-0\">\n<div class=\"magic-14\"><span style=\"font-size: 14pt; font-family: helvetica, arial, sans-serif; color: #000000;\"><img decoding=\"async\" class=\"magic-15 alignnone\" src=\"https:\/\/sc04.alicdn.com\/kf\/H13d8e5021a814b2799acda22438132f5B\/252086154\/H13d8e5021a814b2799acda22438132f5B.jpg\" width=\"1351\" height=\"1746\" data-src=\"\/\/sc04.alicdn.com\/kf\/H13d8e5021a814b2799acda22438132f5B\/252086154\/H13d8e5021a814b2799acda22438132f5B.jpg\" \/><\/span><\/div>\n<\/div>\n<\/div>\n<\/div>\n<\/div>\n<\/div>\n<div class=\"J_module\" style=\"text-align: left;\">\n<div class=\"icbu-pc-images magic-0\">\n<div>\n<div class=\"flex-layout-v\">\n<div class=\"flex-layout-h magic-0\">\n<div class=\"magic-16\"><span style=\"font-size: 14pt; font-family: helvetica, arial, sans-serif; color: #000000;\"><img loading=\"lazy\" decoding=\"async\" class=\"magic-17 alignnone\" src=\"https:\/\/sc04.alicdn.com\/kf\/H511979c8a40e45558f97ca54f2d09878n\/252086154\/H511979c8a40e45558f97ca54f2d09878n.jpg\" width=\"1351\" height=\"1851\" data-src=\"\/\/sc04.alicdn.com\/kf\/H511979c8a40e45558f97ca54f2d09878n\/252086154\/H511979c8a40e45558f97ca54f2d09878n.jpg\" \/><\/span><\/div>\n<\/div>\n<\/div>\n<div><\/div>\n<\/div>\n<\/div>\n<\/div>\n<div class=\"J_module\" style=\"text-align: left;\">\n<div class=\"detail-decorate-json-renderer-container\">\n<div class=\"magic-4\">\n<div class=\"magic-5\">\n<div class=\"magic-6\">\n<div class=\"magic-7\"><span class=\"magic-13\" style=\"font-size: 14pt; font-family: helvetica, arial, sans-serif; color: #000000;\"><b>Mild<\/b><\/span><\/div>\n<div class=\"magic-7\"><span class=\"magic-13\" style=\"font-size: 14pt; font-family: helvetica, arial, sans-serif; color: #000000;\">Sem pigmenta\u00e7\u00e3o e depigmanta\u00e7\u00e3o da pele,n\u00e3o precisam de consumo extra<\/span><\/div>\n<div><\/div>\n<div class=\"magic-7\"><span class=\"magic-13\" style=\"font-size: 14pt; font-family: helvetica, arial, sans-serif; color: #000000;\"><b>Prote\u00e7\u00e3o da seguran\u00e7a<\/b><\/span><\/div>\n<div class=\"magic-7\"><span class=\"magic-13\" style=\"font-size: 14pt; font-family: helvetica, arial, sans-serif; color: #000000;\">Prote\u00e7\u00e3o de seguran\u00e7a com alam autom\u00e1tico <\/span><\/div>\n<div><\/div>\n<div class=\"magic-7\"><span class=\"magic-13\" style=\"font-size: 14pt; font-family: helvetica, arial, sans-serif; color: #000000;\"><b>Atalho<\/b><\/span><\/div>\n<div class=\"magic-7\"><span class=\"magic-13\" style=\"font-size: 14pt; font-family: helvetica, arial, sans-serif; color: #000000;\">Tratamento f\u00e1cil e r\u00e1pido,sem tempo de descanso<\/span><\/div>\n<div><\/div>\n<div class=\"magic-7\"><span class=\"magic-13\" style=\"font-size: 14pt; font-family: helvetica, arial, sans-serif; color: #000000;\"><b>\u00c9 f\u00e1cil de usar<\/b><\/span><\/div>\n<div class=\"magic-7\"><span class=\"magic-13\" style=\"font-size: 14pt; font-family: helvetica, arial, sans-serif; color: #000000;\">Condu\u00e7\u00e3o de luz de bra\u00e7os unidos <\/span><\/div>\n<div><\/div>\n<div class=\"magic-7\"><span class=\"magic-13\" style=\"font-size: 14pt; font-family: helvetica, arial, sans-serif; color: #000000;\"><b>Larga gama de aplica\u00e7\u00f5es<\/b><\/span><\/div>\n<div class=\"magic-7\"><span class=\"magic-13\" style=\"font-size: 14pt; font-family: helvetica, arial, sans-serif; color: #000000;\">Diversos volumes de pontos s\u00e3o adequados para diferentes \u00e1reas do corpo<\/span><\/div>\n<\/div>\n<\/div>\n<\/div>\n<\/div>\n<\/div>\n<div class=\"J_module\" style=\"text-align: left;\">\n<div class=\"icbu-pc-images magic-0\">\n<div>\n<div class=\"flex-layout-v\">\n<div class=\"flex-layout-h magic-0\">\n<div class=\"magic-18\"><span style=\"font-size: 14pt; font-family: helvetica, arial, sans-serif; color: #000000;\"><img loading=\"lazy\" decoding=\"async\" class=\"magic-19 alignnone\" src=\"https:\/\/sc04.alicdn.com\/kf\/H3e3e18d7e43c4e6994adb599ace4a359I\/252086154\/H3e3e18d7e43c4e6994adb599ace4a359I.jpg\" width=\"1358\" height=\"1194\" data-src=\"\/\/sc04.alicdn.com\/kf\/H3e3e18d7e43c4e6994adb599ace4a359I\/252086154\/H3e3e18d7e43c4e6994adb599ace4a359I.jpg\" \/><\/span><\/div>\n<\/div>\n<\/div>\n<\/div>\n<\/div>\n<\/div>\n<div class=\"J_module\" style=\"text-align: left;\">\n<div class=\"icbu-pc-images magic-0\">\n<div>\n<div class=\"flex-layout-v\">\n<div class=\"flex-layout-h magic-0\">\n<div class=\"magic-20\"><span style=\"font-size: 14pt; font-family: helvetica, arial, sans-serif; color: #000000;\"><img loading=\"lazy\" decoding=\"async\" class=\"magic-21 alignnone\" src=\"https:\/\/sc04.alicdn.com\/kf\/H99fe27be7ace4abc8e39ca13613532575\/252086154\/H99fe27be7ace4abc8e39ca13613532575.jpg\" width=\"1346\" height=\"1958\" data-src=\"\/\/sc04.alicdn.com\/kf\/H99fe27be7ace4abc8e39ca13613532575\/252086154\/H99fe27be7ace4abc8e39ca13613532575.jpg\" \/><\/span><\/div>\n<div><span style=\"font-size: 14pt;\"><b class=\"magic-9\" style=\"color: #000000; font-family: helvetica, arial, sans-serif;\">Cabe\u00e7as de escaneamento importadas geralmente usam para 3 &#8211; 5 anos, com baixa taxa de fracasso, escaneamento mais preciso e longa vida de servi\u00e7o.<\/b><\/span><\/div>\n<\/div>\n<\/div>\n<\/div>\n<\/div>\n<\/div>\n<div class=\"J_module\" style=\"text-align: left;\">\n<div class=\"detail-decorate-json-renderer-container\">\n<div class=\"magic-4\">\n<div class=\"magic-5\">\n<div class=\"magic-6\">\n<div class=\"magic-7\">\n<div><span class=\"magic-13\" style=\"color: #000000; font-size: 14pt; font-family: helvetica, arial, sans-serif;\">O laser de 40w tem alta energia e energia suficiente, e pode funcionar cont\u00ednuamente por um longo tempo.<br \/>\n<\/span><\/div>\n<div><span class=\"magic-13\" style=\"color: #000000; font-size: 14pt; font-family: helvetica, arial, sans-serif;\"><b class=\"magic-9\">Energia forte, emiss\u00e3o uniforme de luz, escaneamento mais preciso, menor taxa de fracasso e longa vida de servi\u00e7o.<\/b><\/span><\/div>\n<\/div>\n<\/div>\n<\/div>\n<\/div>\n<\/div>\n<\/div>\n<div class=\"J_module\" style=\"text-align: left;\">\n<div class=\"icbu-pc-images magic-0\">\n<div>\n<div class=\"flex-layout-v\">\n<div class=\"flex-layout-h magic-0\">\n<div><\/div>\n<\/div>\n<\/div>\n<\/div>\n<\/div>\n<\/div>\n<div class=\"J_module\" style=\"text-align: left;\">\n<div id=\"ali-anchor-AliMagic-hliqyf\" class=\"magic-3\" data-section=\"AliMagic-hliqyf\" data-section-title=\"Effect comparison\"><span style=\"font-size: 14pt; font-family: helvetica, arial, sans-serif; color: #000000;\"><strong>Compara\u00e7\u00e3o de efeitos<\/strong><\/span><\/div>\n<\/div>\n<div class=\"J_module\" style=\"text-align: left;\">\n<div class=\"icbu-pc-images magic-0\">\n<div>\n<div class=\"flex-layout-v\">\n<div class=\"flex-layout-h magic-0\">\n<div class=\"magic-24\"><span style=\"font-size: 14pt; font-family: helvetica, arial, sans-serif; color: #000000;\"><img loading=\"lazy\" decoding=\"async\" class=\"magic-25 alignnone\" src=\"https:\/\/sc04.alicdn.com\/kf\/H6014c423c1754706ab8679382b0299a8p\/252086154\/H6014c423c1754706ab8679382b0299a8p.jpg\" width=\"1349\" height=\"842\" data-src=\"\/\/sc04.alicdn.com\/kf\/H6014c423c1754706ab8679382b0299a8p\/252086154\/H6014c423c1754706ab8679382b0299a8p.jpg\" \/><\/span><\/div>\n<\/div>\n<\/div>\n<\/div>\n<\/div>\n<\/div>\n<div class=\"J_module\" style=\"text-align: left;\">\n<div class=\"icbu-pc-images magic-0\">\n<div>\n<div class=\"flex-layout-v\">\n<div class=\"flex-layout-h magic-0\">\n<div class=\"magic-26\"><span style=\"font-size: 14pt; font-family: helvetica, arial, sans-serif; color: #000000;\"><img loading=\"lazy\" decoding=\"async\" class=\"magic-27 alignnone\" src=\"https:\/\/sc04.alicdn.com\/kf\/H5976fe649456464898017a9262a460e3j\/252086154\/H5976fe649456464898017a9262a460e3j.jpg\" width=\"1360\" height=\"990\" data-src=\"\/\/sc04.alicdn.com\/kf\/H5976fe649456464898017a9262a460e3j\/252086154\/H5976fe649456464898017a9262a460e3j.jpg\" \/><\/span><\/div>\n<\/div>\n<\/div>\n<\/div>\n<\/div>\n<\/div>\n<div class=\"J_module\" style=\"text-align: left;\">\n<div class=\"detail-decorate-json-renderer-container\">\n<div class=\"magic-4\">\n<div class=\"magic-5\">\n<div class=\"magic-6\">\n<div class=\"magic-7\">\n<p><span class=\"magic-13\" style=\"font-size: 14pt; font-family: helvetica, arial, sans-serif; color: #000000;\">16 polegadas de cor verdadeira grande tela de toque<\/span><\/p>\n<div><span class=\"magic-13\" style=\"font-size: 14pt; font-family: helvetica, arial, sans-serif; color: #000000;\">Super cool touch Experience<\/span><\/div>\n<div><span class=\"magic-13\" style=\"font-size: 14pt; font-family: helvetica, arial, sans-serif; color: #000000;\">12 l\u00ednguas para sua escolha,uma l\u00edngua especial pode ser adicionada<br \/>\n<\/span><\/div>\n<div><span class=\"magic-13\" style=\"font-size: 14pt; font-family: helvetica, arial, sans-serif; color: #000000;\">O servi\u00e7o OEM \u00e9 aceito,como par\u00e2metro de ajuste,inclui energia\/fre\/tempo<br \/>\n<\/span><\/div>\n<div data-spm-anchor-id=\"a2700.wholesale.0.i36.304df5d1W3QwJB\"><span class=\"magic-13\" style=\"font-size: 14pt; font-family: helvetica, arial, sans-serif; color: #000000;\">12 tipos de padr\u00f5es de sa\u00edda.<\/span><\/div>\n<\/div>\n<\/div>\n<\/div>\n<\/div>\n<\/div>\n<\/div>\n<div style=\"text-align: left;\" data-spm-anchor-id=\"a2700.wholesale.0.i36.304df5d1W3QwJB\"><\/div>\n<div class=\"J_module\">\n<div class=\"detail-decorate-json-renderer-container\">\n<div class=\"magic-4\">\n<div style=\"text-align: left;\" data-spm-anchor-id=\"a2700.wholesale.0.i36.304df5d1W3QwJB\"><\/div>\n<\/div>\n<\/div>\n<\/div>","protected":false},"excerpt":{"rendered":"<p>Recurso de CO2 ablativo fracional fornece laser de 10600 nm de forma fracional na pele, deixando intacto as \u00e1reas circundantes n\u00e3o tratadas.<\/p>\n<p>O laser cria pontos t\u00e9rmicos microsc\u00f3picos na superf\u00edcie e atua dentro de tecidos, oferecendo melhor apertura da pele, pontos et\u00e1rios, linhas finas, cicatrizes acne, remo\u00e7\u00e3o de marcas de estiragem e reanima\u00e7\u00e3o de vulva. O tecido n\u00e3o tratado ajuda a acelerar o processo de cura e regenerar a pele promovendo a microcircula\u00e7\u00e3o e a nova g\u00eanese celular.<\/p>\n<p>apertamento da pele;<br \/>\nremover cicatriz de acne e acne;<br \/>\ncicatrizes suaves queimadas e cicatrizes cir\u00fargicas, dermabrasia, etc.;<br \/>\nEliminar cloasmas intrat\u00e1veis e pigmenta\u00e7\u00e3o;<br \/>\nRecupera\u00e7\u00e3o de danos solares<\/p>","protected":false},"featured_media":2091,"comment_status":"open","ping_status":"closed","template":"","meta":[],"product_cat":[22],"product_tag":[],"class_list":["post-2085","product","type-product","status-publish","has-post-thumbnail","hentry","product_cat-co2-laser"],"_links":{"self":[{"href":"https:\/\/www.mlkjlasers.com\/pt\/wp-json\/wp\/v2\/product\/2085","targetHints":{"allow":["GET"]}}],"collection":[{"href":"https:\/\/www.mlkjlasers.com\/pt\/wp-json\/wp\/v2\/product"}],"about":[{"href":"https:\/\/www.mlkjlasers.com\/pt\/wp-json\/wp\/v2\/types\/product"}],"replies":[{"embeddable":true,"href":"https:\/\/www.mlkjlasers.com\/pt\/wp-json\/wp\/v2\/comments?post=2085"}],"wp:featuredmedia":[{"embeddable":true,"href":"https:\/\/www.mlkjlasers.com\/pt\/wp-json\/wp\/v2\/media\/2091"}],"wp:attachment":[{"href":"https:\/\/www.mlkjlasers.com\/pt\/wp-json\/wp\/v2\/media?parent=2085"}],"wp:term":[{"taxonomy":"product_cat","embeddable":true,"href":"https:\/\/www.mlkjlasers.com\/pt\/wp-json\/wp\/v2\/product_cat?post=2085"},{"taxonomy":"product_tag","embeddable":true,"href":"https:\/\/www.mlkjlasers.com\/pt\/wp-json\/wp\/v2\/product_tag?post=2085"}],"curies":[{"name":"wp","href":"https:\/\/api.w.org\/{rel}","templated":true}]}}