{"id":2107,"date":"2023-07-27T15:21:47","date_gmt":"2023-07-27T07:21:47","guid":{"rendered":"https:\/\/mlkjlasers.com\/?post_type=product&#038;p=2107"},"modified":"2026-01-27T10:39:05","modified_gmt":"2026-01-27T02:39:05","slug":"vertical-co2-fractional-laser-2","status":"publish","type":"product","link":"https:\/\/www.mlkjlasers.com\/pt\/product\/vertical-co2-fractional-laser-2\/","title":{"rendered":"Transport\u00e1vel 40 W de CO2 Fracional Laser Scar Removal Vaginal Tightening Fractional Co2 Laser Machine"},"content":{"rendered":"<div class=\"J_module\">\n<div class=\"icbu-pc-images magic-0\">\n<div class=\"flex-layout-v\"><span style=\"font-size: 14pt;\"><img fetchpriority=\"high\" decoding=\"async\" class=\"aligncenter wp-image-3659\" src=\"https:\/\/www.mlkjlasers.com\/wp-content\/uploads\/2026\/01\/co2-4.jpg\" alt=\"\" width=\"1920\" height=\"3086\" srcset=\"https:\/\/www.mlkjlasers.com\/wp-content\/uploads\/2026\/01\/co2-4.jpg 1200w, https:\/\/www.mlkjlasers.com\/wp-content\/uploads\/2026\/01\/co2-4-187x300.jpg 187w, https:\/\/www.mlkjlasers.com\/wp-content\/uploads\/2026\/01\/co2-4-637x1024.jpg 637w, https:\/\/www.mlkjlasers.com\/wp-content\/uploads\/2026\/01\/co2-4-768x1235.jpg 768w, https:\/\/www.mlkjlasers.com\/wp-content\/uploads\/2026\/01\/co2-4-956x1536.jpg 956w, https:\/\/www.mlkjlasers.com\/wp-content\/uploads\/2026\/01\/co2-4-600x965.jpg 600w\" sizes=\"(max-width: 1920px) 100vw, 1920px\" \/><\/span><\/div>\n<\/div>\n<\/div>\n<div class=\"J_module\">\n<div class=\"detail-decorate-json-renderer-container\">\n<div data-spm-anchor-id=\"a2700.wholesale.0.i36.304df5d1W3QwJB\"><span style=\"font-size: 14pt;\"><b> Safe, Comfortable, No Downtime Beauty Laser<\/b> <\/span><\/div>\n<div data-spm-anchor-id=\"a2700.wholesale.0.i36.304df5d1W3QwJB\"><span style=\"font-size: 14pt;\">1. A m\u00e1quina de beleza de laser fracionais de CO2 MLKJ usa laser coerente de importa\u00e7\u00e3o dos EUA, m\u00e1quina de suporte <span style=\"color: #c4433c;\"><b>trabalho de longa vida<\/b><\/span>, pot\u00eancia de sa\u00edda constante. <\/span><\/div>\n<div data-spm-anchor-id=\"a2700.wholesale.0.i36.304df5d1W3QwJB\"><span style=\"font-size: 14pt;\">2. A Coreia importa um bra\u00e7o de guia articulado, quase sem perda de energia, alta taxa de transfer \u00eancia de energia, <span style=\"color: #c4433c;\"><b>ap\u00f3s uso a longo prazo, qualquer \u00e2ngulo 7 articula\u00e7\u00e3o, opera\u00e7\u00e3o conveniente e flex\u00edvel<\/b>.<\/span><\/span><\/div>\n<div data-spm-anchor-id=\"a2700.wholesale.0.i36.304df5d1W3QwJB\"><span style=\"font-size: 14pt;\"> 3. Modo de trabalho: fra\u00e7\u00e3o, corte, ginecologia<b> <span style=\"color: #c4433c;\">3 em 1 sistema<\/span><\/b>, permite m\u00faltiplas fun\u00e7\u00f5es como rejuvena\u00e7\u00e3o da pele, acne, remo\u00e7\u00e3o de pulso, repara\u00e7\u00e3o de cicatrizes, corte da epidermide, cuidado viginal, contra\u00e7\u00e3o vaginal, etc. <\/span><\/div>\n<div data-spm-anchor-id=\"a2700.wholesale.0.i36.304df5d1W3QwJB\"><span style=\"font-size: 14pt;\">4.70W profissional <span style=\"color: #c4433c;\"><b>n\u00facleo de laser m\u00e9dico<\/b>.<\/span> Para evitar danos acidentais por laser, o interior est\u00e1 equipado com dispositivos de prote\u00e7\u00e3o, que sustentam o trabalho de laser de longa vida.<\/span><\/div>\n<div data-spm-anchor-id=\"a2700.wholesale.0.i36.304df5d1W3QwJB\"><span style=\"font-size: 14pt;\"><img decoding=\"async\" class=\"aligncenter wp-image-3667\" src=\"https:\/\/www.mlkjlasers.com\/wp-content\/uploads\/2026\/01\/co2-12.jpg\" alt=\"\" width=\"1920\" height=\"1920\" srcset=\"https:\/\/www.mlkjlasers.com\/wp-content\/uploads\/2026\/01\/co2-12.jpg 1080w, https:\/\/www.mlkjlasers.com\/wp-content\/uploads\/2026\/01\/co2-12-300x300.jpg 300w, https:\/\/www.mlkjlasers.com\/wp-content\/uploads\/2026\/01\/co2-12-1024x1024.jpg 1024w, https:\/\/www.mlkjlasers.com\/wp-content\/uploads\/2026\/01\/co2-12-150x150.jpg 150w, https:\/\/www.mlkjlasers.com\/wp-content\/uploads\/2026\/01\/co2-12-768x768.jpg 768w, https:\/\/www.mlkjlasers.com\/wp-content\/uploads\/2026\/01\/co2-12-600x600.jpg 600w, https:\/\/www.mlkjlasers.com\/wp-content\/uploads\/2026\/01\/co2-12-100x100.jpg 100w\" sizes=\"(max-width: 1920px) 100vw, 1920px\" \/><\/span><\/div>\n<div data-spm-anchor-id=\"a2700.wholesale.0.i36.304df5d1W3QwJB\"><span style=\"font-size: 14pt;\"><b>Acne Scar Removal<\/b><\/span><br \/>\n<span style=\"font-size: 14pt;\">Efectivamente reduz cicatrizes de acne promovendo a produ\u00e7\u00e3o de col\u00e1geno e a regenera\u00e7\u00e3o da pele.<\/span><br \/>\n<span style=\"font-size: 14pt;\">Redu\u00e7\u00e3o e Antienvelhecimento Wrinkle<\/span><br \/>\n<span style=\"font-size: 14pt;\">Minimiza linhas finas e esfrega\u00e7\u00f5es apertando a pele e estimulando o novo crescimento de col\u00e1geno.<\/span><br \/>\n<span style=\"font-size: 14pt;\"><b>Tratamento de Pigmenta\u00e7\u00e3o<\/b><\/span><br \/>\n<span style=\"font-size: 14pt;\">Objetivos e quebra les\u00f5es pigmentadas como pontos de idade, pontos de sol e melasma.<\/span><br \/>\n<span style=\"font-size: 14pt;\"><b>Retirar a marca<\/b><\/span><br \/>\n<span style=\"font-size: 14pt;\">Melhoria a elasticidade da pele e a textura estimulando o reparo de tecidos profundos, reduzindo efetivamente as marcas de estilo.<\/span><br \/>\n<span style=\"font-size: 14pt;\"><b>Fortalecimento e ressurrei\u00e7\u00e3o da pele<\/b><\/span><br \/>\n<span style=\"font-size: 14pt;\">Melhor firmeza e suavidade da pele removendo camadas de pele danificadas e promovendo renova\u00e7\u00e3o celular.<\/span><br \/>\n<span style=\"font-size: 14pt;\"><b>Tratamento de Scar e Marcas Cir\u00fargicas<\/b><\/span><br \/>\n<span style=\"font-size: 14pt;\">Reduz a visibilidade das cicatrizes cir\u00fargicas, marcas de les\u00f5es e keloides atrav\u00e9s de abla\u00e7\u00e3o e cura laser precisas.<\/span><\/div>\n<div data-spm-anchor-id=\"a2700.wholesale.0.i36.304df5d1W3QwJB\"><span style=\"font-size: 14pt;\"><img decoding=\"async\" class=\"aligncenter wp-image-3669\" src=\"https:\/\/www.mlkjlasers.com\/wp-content\/uploads\/2026\/01\/co2-14.jpg\" alt=\"\" width=\"1920\" height=\"1451\" srcset=\"https:\/\/www.mlkjlasers.com\/wp-content\/uploads\/2026\/01\/co2-14.jpg 1200w, https:\/\/www.mlkjlasers.com\/wp-content\/uploads\/2026\/01\/co2-14-300x227.jpg 300w, https:\/\/www.mlkjlasers.com\/wp-content\/uploads\/2026\/01\/co2-14-1024x774.jpg 1024w, https:\/\/www.mlkjlasers.com\/wp-content\/uploads\/2026\/01\/co2-14-768x580.jpg 768w, https:\/\/www.mlkjlasers.com\/wp-content\/uploads\/2026\/01\/co2-14-600x454.jpg 600w\" sizes=\"(max-width: 1920px) 100vw, 1920px\" \/><\/span><\/div>\n<div data-spm-anchor-id=\"a2700.wholesale.0.i36.304df5d1W3QwJB\"><span style=\"font-size: 14pt;\"><b>Seis cabe\u00e7as<\/b> N\u00f3s fornecemos 6 cabe\u00e7as de tratamento, <b><span style=\"color: #085275;\">Uma cabe\u00e7a de escaneamento importada pela Alemanha<\/span><\/b> <span style=\"color: #06515d;\"><b>Dois cabe\u00e7as cortadas Tr\u00eas cabe\u00e7as de tratamento privado<\/b><\/span><br \/>\nA cabe\u00e7a de escaneamento \u00e9 usada para pele sens\u00edvel,pores diminuindo, removendo striae gravidarum e chloasma<br \/>\nA cabe\u00e7a cortada \u00e9 usada para remover sarcoma\/nevus<br \/>\nA cabe\u00e7a privada \u00e9 usada para vagina apertada, vulva suave, vulva suave<\/span><\/div>\n<div data-spm-anchor-id=\"a2700.wholesale.0.i36.304df5d1W3QwJB\"><span style=\"font-size: 14pt;\"><img loading=\"lazy\" decoding=\"async\" class=\"aligncenter wp-image-3671\" src=\"https:\/\/www.mlkjlasers.com\/wp-content\/uploads\/2026\/01\/co2-16.jpg\" alt=\"\" width=\"1920\" height=\"1963\" srcset=\"https:\/\/www.mlkjlasers.com\/wp-content\/uploads\/2026\/01\/co2-16.jpg 1200w, https:\/\/www.mlkjlasers.com\/wp-content\/uploads\/2026\/01\/co2-16-293x300.jpg 293w, https:\/\/www.mlkjlasers.com\/wp-content\/uploads\/2026\/01\/co2-16-1001x1024.jpg 1001w, https:\/\/www.mlkjlasers.com\/wp-content\/uploads\/2026\/01\/co2-16-768x785.jpg 768w, https:\/\/www.mlkjlasers.com\/wp-content\/uploads\/2026\/01\/co2-16-600x614.jpg 600w\" sizes=\"(max-width: 1920px) 100vw, 1920px\" \/><\/span><\/div>\n<div data-spm-anchor-id=\"a2700.wholesale.0.i36.304df5d1W3QwJB\">\n<p><span style=\"font-size: 14pt;\"> O laser fracional MLKJ usa componentes n\u00facleos importados e mais sobre uma tecnologia individual, os gr\u00e1ficos s\u00e3o mais padr\u00f5es, os pontos s\u00e3o menores, e o arranjo \u00e9 mais uniforme, melhores resultados cl\u00ednicos, cada pequena coluna fracional reepiteliza tipicamente dentro de um dia. <\/span><\/p>\n<div><span style=\"font-size: 14pt;\"><b><span style=\"color: #c4433c;\">Isso minimiza o risco de cicatrizes, infec\u00e7\u00f5es ou mudan\u00e7as de pigmenta\u00e7\u00e3o a longo prazo.<\/span><\/b><\/span><\/div>\n<div><span style=\"font-size: 14pt;\"><img loading=\"lazy\" decoding=\"async\" class=\"aligncenter wp-image-3673\" src=\"https:\/\/www.mlkjlasers.com\/wp-content\/uploads\/2026\/01\/co2-18.jpg\" alt=\"\" width=\"1920\" height=\"2203\" srcset=\"https:\/\/www.mlkjlasers.com\/wp-content\/uploads\/2026\/01\/co2-18.jpg 1200w, https:\/\/www.mlkjlasers.com\/wp-content\/uploads\/2026\/01\/co2-18-261x300.jpg 261w, https:\/\/www.mlkjlasers.com\/wp-content\/uploads\/2026\/01\/co2-18-892x1024.jpg 892w, https:\/\/www.mlkjlasers.com\/wp-content\/uploads\/2026\/01\/co2-18-768x881.jpg 768w, https:\/\/www.mlkjlasers.com\/wp-content\/uploads\/2026\/01\/co2-18-600x689.jpg 600w\" sizes=\"(max-width: 1920px) 100vw, 1920px\" \/><\/span><\/div>\n<div><span style=\"font-size: 14pt;\"><b>Resurfei\u00e7oamento da pele de alta precis\u00e3o <\/b><\/span><br \/>\n<span style=\"font-size: 14pt;\">Fornece raios laser precisos para alvo da pele danificada, promovendo cura natural e col\u00e1geno<\/span><br \/>\n<span style=\"font-size: 14pt;\">regenera\u00e7\u00e3o.<\/span><br \/>\n<span style=\"font-size: 14pt;\"><b>Modos de Tratamento Multifuncionais<\/b><\/span><br \/>\n<span style=\"font-size: 14pt;\">n\u00edveis de energia ajustados e padr\u00f5es de escaneamento para tratamentos personalizados, incluindo cicatrizes,<\/span><br \/>\n<span style=\"font-size: 14pt;\">roxas, pigmenta\u00e7\u00e3o, estimula a produ\u00e7\u00e3o de col\u00e1geno para reanima\u00e7\u00e3o da pele a longo prazo, reduzindo linhas finas, cicatrizes acne e danos solares.<\/span><br \/>\n<span style=\"font-size: 14pt;\"><b>Sistema de Cooling inovador<\/b><\/span><br \/>\n<span style=\"font-size: 14pt;\">assegura o conforto do paciente durante os tratamentos, protegendo a pele s superf\u00edcie de danos t\u00e9rmicos.<\/span><br \/>\n<span style=\"font-size: 14pt;\"><b>Interface Amiga do Utilizador<\/b><\/span><br \/>\n<span style=\"font-size: 14pt;\">Interface intuitiva de tela de toque para funcionamento f\u00e1cil, adequada tanto para profissionais experientes como para iniciantes.<\/span><br \/>\n<span style=\"font-size: 14pt;\"><b>Seguro e certificado<\/b><\/span><br \/>\n<span style=\"font-size: 14pt;\">CE aprovou, assegurando altos padr\u00f5es de seguran\u00e7a e desempenho para todos os tipos de pele.<\/span><\/div>\n<div><span style=\"font-size: 14pt;\"><img loading=\"lazy\" decoding=\"async\" class=\"aligncenter size-full wp-image-3674\" src=\"https:\/\/www.mlkjlasers.com\/wp-content\/uploads\/2026\/01\/co2-19.jpg\" alt=\"\" width=\"1920\" height=\"1080\" srcset=\"https:\/\/www.mlkjlasers.com\/wp-content\/uploads\/2026\/01\/co2-19.jpg 1920w, https:\/\/www.mlkjlasers.com\/wp-content\/uploads\/2026\/01\/co2-19-300x169.jpg 300w, https:\/\/www.mlkjlasers.com\/wp-content\/uploads\/2026\/01\/co2-19-1024x576.jpg 1024w, https:\/\/www.mlkjlasers.com\/wp-content\/uploads\/2026\/01\/co2-19-768x432.jpg 768w, https:\/\/www.mlkjlasers.com\/wp-content\/uploads\/2026\/01\/co2-19-1536x864.jpg 1536w, https:\/\/www.mlkjlasers.com\/wp-content\/uploads\/2026\/01\/co2-19-600x338.jpg 600w\" sizes=\"(max-width: 1920px) 100vw, 1920px\" \/><\/span><\/div>\n<div><span style=\"font-size: 14pt;\">Efeito de tratamento<\/span><\/div>\n<div><span style=\"font-size: 14pt;\"><img loading=\"lazy\" decoding=\"async\" class=\"aligncenter wp-image-3672\" src=\"https:\/\/www.mlkjlasers.com\/wp-content\/uploads\/2026\/01\/co2-17.jpg\" alt=\"\" width=\"1920\" height=\"1373\" srcset=\"https:\/\/www.mlkjlasers.com\/wp-content\/uploads\/2026\/01\/co2-17.jpg 1200w, https:\/\/www.mlkjlasers.com\/wp-content\/uploads\/2026\/01\/co2-17-300x215.jpg 300w, https:\/\/www.mlkjlasers.com\/wp-content\/uploads\/2026\/01\/co2-17-1024x732.jpg 1024w, https:\/\/www.mlkjlasers.com\/wp-content\/uploads\/2026\/01\/co2-17-768x549.jpg 768w, https:\/\/www.mlkjlasers.com\/wp-content\/uploads\/2026\/01\/co2-17-600x429.jpg 600w\" sizes=\"(max-width: 1920px) 100vw, 1920px\" \/><\/span><\/div>\n<div><span style=\"font-size: 14pt;\"> Para mais informa\u00e7\u00e3o sobre esta m\u00e1quina, por favor envie uma pesquisa e contacte-nos, <span style=\"color: #c4433c;\"><b>24 horas de servi\u00e7o online.<\/b><\/span><\/span><\/div>\n<\/div>\n<div data-spm-anchor-id=\"a2700.wholesale.0.i36.304df5d1W3QwJB\"><\/div>\n<\/div>\n<\/div>","protected":false},"excerpt":{"rendered":"<p><span style=\"font-family: helvetica, arial, sans-serif;\">1) Eliminar acne, cicatriz acne, cicatriz e assim por diante; <\/span><\/p>\n<p><span style=\"font-family: helvetica, arial, sans-serif;\">2)Disp\u00f5e a rodeia ao redor dos olhos, corvo&#8217; S-p\u00e9s, e espinhos formados pela falta de \u00e1gua; <\/span><\/p>\n<p><span style=\"font-family: helvetica, arial, sans-serif;\">3)Reduzir eficazmente o esfregamento na face, frente, articula\u00e7\u00f5es e striae gravidarum; <\/span><\/p>\n<p><span style=\"font-family: helvetica, arial, sans-serif;\">4) Dispilar os freckle, nevus zygomaticus e outros pontos formados por mudan\u00e7as patol\u00f3gicas hipercr\u00f3micas; <\/span><\/p>\n<p><span style=\"font-family: helvetica, arial, sans-serif;\">5)Pele forte e rosto elevado; <\/span><\/p>\n<p><span style=\"font-family: helvetica, arial, sans-serif;\">6) Eliminar striae gravidarum e outras cicatrizes profundas <\/span><\/p>\n<p><span style=\"font-family: helvetica, arial, sans-serif;\">7)remo\u00e7\u00e3o do sarcoma<\/span><\/p>\n<p><span style=\"font-family: helvetica, arial, sans-serif;\">8) Fun\u00e7\u00e3o de apertura vaginal opcional\u00a0<\/span><\/p>","protected":false},"featured_media":3656,"comment_status":"open","ping_status":"closed","template":"","meta":[],"product_cat":[22],"product_tag":[],"class_list":["post-2107","product","type-product","status-publish","has-post-thumbnail","hentry","product_cat-co2-laser"],"_links":{"self":[{"href":"https:\/\/www.mlkjlasers.com\/pt\/wp-json\/wp\/v2\/product\/2107","targetHints":{"allow":["GET"]}}],"collection":[{"href":"https:\/\/www.mlkjlasers.com\/pt\/wp-json\/wp\/v2\/product"}],"about":[{"href":"https:\/\/www.mlkjlasers.com\/pt\/wp-json\/wp\/v2\/types\/product"}],"replies":[{"embeddable":true,"href":"https:\/\/www.mlkjlasers.com\/pt\/wp-json\/wp\/v2\/comments?post=2107"}],"wp:featuredmedia":[{"embeddable":true,"href":"https:\/\/www.mlkjlasers.com\/pt\/wp-json\/wp\/v2\/media\/3656"}],"wp:attachment":[{"href":"https:\/\/www.mlkjlasers.com\/pt\/wp-json\/wp\/v2\/media?parent=2107"}],"wp:term":[{"taxonomy":"product_cat","embeddable":true,"href":"https:\/\/www.mlkjlasers.com\/pt\/wp-json\/wp\/v2\/product_cat?post=2107"},{"taxonomy":"product_tag","embeddable":true,"href":"https:\/\/www.mlkjlasers.com\/pt\/wp-json\/wp\/v2\/product_tag?post=2107"}],"curies":[{"name":"wp","href":"https:\/\/api.w.org\/{rel}","templated":true}]}}