{"id":213,"date":"2023-05-29T16:02:49","date_gmt":"2023-05-29T08:02:49","guid":{"rendered":"https:\/\/mingliang.leadsclouds.com\/?post_type=product&#038;p=213"},"modified":"2026-01-27T17:21:15","modified_gmt":"2026-01-27T09:21:15","slug":"picosecond-laser-tattoo-removal","status":"publish","type":"product","link":"https:\/\/www.mlkjlasers.com\/pt\/product\/picosecond-laser-tattoo-removal\/","title":{"rendered":"M\u00e1quina de retirada de tatuagem de laser de picosegundo para venda de reanima\u00e7\u00e3o da pele"},"content":{"rendered":"<div class=\"J_module\">\n<div class=\"icbu-pc-images magic-0\">\n<div>\n<div class=\"flex-layout-v\">\n<div class=\"flex-layout-h magic-0\">\n<div class=\"magic-1\"><span style=\"color: #000000; font-family: helvetica, arial, sans-serif;\"><img fetchpriority=\"high\" decoding=\"async\" class=\"magic-2 alignleft\" src=\"https:\/\/sc04.alicdn.com\/kf\/H448461831b8043888bd9dc8d38436560Z\/201077653\/H448461831b8043888bd9dc8d38436560Z.jpg\" width=\"1566\" height=\"2138\" data-src=\"\/\/sc04.alicdn.com\/kf\/H448461831b8043888bd9dc8d38436560Z\/201077653\/H448461831b8043888bd9dc8d38436560Z.jpg\" data-spm-anchor-id=\"a2700.details.0.i54.22f824bdtzFEzh\" \/><\/span><\/div>\n<\/div>\n<\/div>\n<\/div>\n<\/div>\n<\/div>\n<div class=\"J_module\" style=\"text-align: left;\">\n<div class=\"detail-decorate-json-renderer-container\">\n<div class=\"magic-3\">\n<div class=\"magic-4\">\n<div class=\"magic-5\">\n<div class=\"magic-6\">\n<div><\/div>\n<div><\/div>\n<div><\/div>\n<div><\/div>\n<div><\/div>\n<div><\/div>\n<div><\/div>\n<div><\/div>\n<div><\/div>\n<div><\/div>\n<div><\/div>\n<div><\/div>\n<div><\/div>\n<div><\/div>\n<div><\/div>\n<div><\/div>\n<div><\/div>\n<div><\/div>\n<div><\/div>\n<div><\/div>\n<div><\/div>\n<div><\/div>\n<div><\/div>\n<div><\/div>\n<div><\/div>\n<div><\/div>\n<div><\/div>\n<div><\/div>\n<div><\/div>\n<div><\/div>\n<div><\/div>\n<div><\/div>\n<div><\/div>\n<div><\/div>\n<div><\/div>\n<div><\/div>\n<div><\/div>\n<div><\/div>\n<div><\/div>\n<div><\/div>\n<div><\/div>\n<div><\/div>\n<div><\/div>\n<div><\/div>\n<div><\/div>\n<div><\/div>\n<div><\/div>\n<div><\/div>\n<div><\/div>\n<div><\/div>\n<div><\/div>\n<div><\/div>\n<div><\/div>\n<div><\/div>\n<div><\/div>\n<div><\/div>\n<div><\/div>\n<div><\/div>\n<div><\/div>\n<div><\/div>\n<div><\/div>\n<div><\/div>\n<div><\/div>\n<div><\/div>\n<div><\/div>\n<div><\/div>\n<div><\/div>\n<div><\/div>\n<div><span class=\"magic-7\" style=\"color: #000000; font-family: helvetica, arial, sans-serif;\"><span class=\"magic-8\"><b class=\"magic-7\"><span class=\"magic-9\">Avantagens: <\/span><\/b><\/span><\/span><\/div>\n<div><span class=\"magic-7\" style=\"color: #000000; font-family: helvetica, arial, sans-serif;\"><span class=\"magic-10\"> 1. Os EUA\/Coreia do Sul importam 7 bra\u00e7os articulados <\/span><\/span><\/div>\n<div><span class=\"magic-7\" style=\"color: #000000; font-family: helvetica, arial, sans-serif;\"><span class=\"magic-10\">2,300ps\/500ps, \u00faltima tecnologia <\/span><\/span><\/div>\n<div><span class=\"magic-7\" style=\"color: #000000; font-family: helvetica, arial, sans-serif;\"><span class=\"magic-10\">3. Longitudes de onda variadas: <\/span><\/span><\/div>\n<div><span class=\"magic-7\" style=\"color: #000000; font-family: helvetica, arial, sans-serif;\"><span class=\"magic-11\">1064 nm:<\/span><span class=\"magic-10\">Les\u00f5es de pigmento cut\u00e2neo e removimento de tatuagem de cor escura <\/span><\/span><\/div>\n<div><span class=\"magic-7\" style=\"color: #000000; font-family: helvetica, arial, sans-serif;\"><span class=\"magic-11\">532nm: <\/span><span class=\"magic-10\">les\u00f5es de pigmentos epid\u00e9rmicos,removimento de tatuagem de caf\u00e9 vermelho, amarelo <\/span><span class=\"magic-11\">585nm:<\/span><span class=\"magic-10\">removimento de tatuagem azul e roxa <\/span><\/span><\/div>\n<div><span class=\"magic-7\" style=\"color: #000000; font-family: helvetica, arial, sans-serif;\"><span class=\"magic-11\">650nm:<\/span><span class=\"magic-10\">Elimina\u00e7\u00e3o de tatuagem verde <\/span><span class=\"magic-11\">755nm:<\/span><span class=\"magic-10\">Les\u00f5es de pigmento epid\u00e9rmico<\/span><\/span><\/div>\n<\/div>\n<\/div>\n<\/div>\n<\/div>\n<\/div>\n<\/div>\n<div class=\"J_module\" style=\"text-align: left;\">\n<div class=\"icbu-pc-images magic-0\">\n<div>\n<div class=\"flex-layout-v\">\n<div class=\"flex-layout-h magic-0\">\n<div class=\"magic-12\"><span style=\"color: #000000; font-family: helvetica, arial, sans-serif;\"><img decoding=\"async\" class=\"magic-13 alignnone\" src=\"https:\/\/sc04.alicdn.com\/kf\/Hf1f2296332834b64a491abd32b25e7870\/201077653\/Hf1f2296332834b64a491abd32b25e7870.jpg\" width=\"1563\" height=\"1517\" data-src=\"\/\/sc04.alicdn.com\/kf\/Hf1f2296332834b64a491abd32b25e7870\/201077653\/Hf1f2296332834b64a491abd32b25e7870.jpg\" \/><\/span><\/div>\n<\/div>\n<div><\/div>\n<div><b class=\"magic-8\" style=\"color: #000000; font-family: helvetica, arial, sans-serif;\">Aplica\u00e7\u00e3o de laser picosegundo:<\/b><\/div>\n<\/div>\n<\/div>\n<\/div>\n<\/div>\n<div class=\"J_module\" style=\"text-align: left;\">\n<div class=\"detail-decorate-json-renderer-container\">\n<div class=\"magic-3\">\n<div class=\"magic-4\">\n<div class=\"magic-5\">\n<div class=\"magic-6\">\n<div><\/div>\n<div><span class=\"magic-10\" style=\"color: #000000; font-family: helvetica, arial, sans-serif;\">A. Cabe\u00e7a de Honeycomb. Alta pot\u00eancia de pico 800-1200mj Alta energia de pulso \u00fanico significa forte habilidade de esmagar o pigmento <\/span><\/div>\n<div><span class=\"magic-10\" style=\"color: #000000; font-family: helvetica, arial, sans-serif;\">B. Muito mais alto poder Luzes duplas pegadas duplas. <\/span><\/div>\n<div><span class=\"magic-10\" style=\"color: #000000; font-family: helvetica, arial, sans-serif;\">1-10 mm de tamanho de pontos ajustados. D. A densidade energ\u00e9tica \u00e9 automaticamente ajustada com tamanho de pontos<\/span><\/div>\n<\/div>\n<\/div>\n<\/div>\n<\/div>\n<\/div>\n<\/div>\n<div class=\"J_module\" style=\"text-align: left;\">\n<div class=\"icbu-pc-images magic-0\">\n<div>\n<div class=\"flex-layout-v\">\n<div class=\"flex-layout-h magic-0\">\n<div class=\"magic-14\"><\/div>\n<div class=\"magic-14\"><span style=\"color: #000000; font-family: helvetica, arial, sans-serif;\"><img decoding=\"async\" class=\"magic-15 alignnone\" src=\"https:\/\/sc04.alicdn.com\/kf\/H47025a57b98148c1ab2ed58306169bb81\/201077653\/H47025a57b98148c1ab2ed58306169bb81.jpg\" width=\"1681\" height=\"1699\" data-src=\"\/\/sc04.alicdn.com\/kf\/H47025a57b98148c1ab2ed58306169bb81\/201077653\/H47025a57b98148c1ab2ed58306169bb81.jpg\" \/><\/span><\/div>\n<\/div>\n<\/div>\n<div><\/div>\n<div><b class=\"magic-8\" style=\"color: #000000; font-family: helvetica, arial, sans-serif;\">Caracter\u00edsticas t\u00e9cnicas:<\/b><\/div>\n<\/div>\n<\/div>\n<\/div>\n<div class=\"J_module\" style=\"text-align: left;\">\n<div class=\"detail-decorate-json-renderer-container\">\n<div class=\"magic-3\">\n<div class=\"magic-4\">\n<div class=\"magic-5\">\n<div class=\"magic-6\">\n<div><span class=\"magic-10\" style=\"color: #000000; font-family: helvetica, arial, sans-serif;\">&gt; &gt; Sem les\u00e3o \u00e0 pele e f\u00f3lico de cabelo; N\u00e3o h\u00e1 risco de cicatrizar.<br \/>\n&gt; &gt; Tecnologia instant\u00e2nea de alta laser, padr\u00e3o internacional de produ\u00e7\u00e3o, teste t\u00e9cnico estritamente.<br \/>\n&gt; &gt; Mecanismo de cassete de troca de pedra Q importado, todo o laser s\u00f3lido, sem substituir o Q-switch.<br \/>\n&gt; &gt; Tratamento sem dor, pouco efeito colateral.<br \/>\n&gt; &gt; \u00c9 f\u00e1cil de operar.<\/span><\/div>\n<\/div>\n<\/div>\n<\/div>\n<\/div>\n<\/div>\n<\/div>\n<div class=\"J_module\" style=\"text-align: left;\">\n<div class=\"icbu-pc-images magic-0\">\n<div>\n<div class=\"flex-layout-v\">\n<div class=\"flex-layout-h magic-0\">\n<div class=\"magic-18\"><span style=\"color: #000000; font-family: helvetica, arial, sans-serif;\"><img loading=\"lazy\" decoding=\"async\" class=\"magic-19\" src=\"https:\/\/sc02.alicdn.com\/kf\/HTB1Us.RgiCYBuNkHFCcq6AHtVXaw\/201077653\/HTB1Us.RgiCYBuNkHFCcq6AHtVXaw.jpg\" width=\"1573\" height=\"971\" data-src=\"\/\/sc02.alicdn.com\/kf\/HTB1Us.RgiCYBuNkHFCcq6AHtVXaw\/201077653\/HTB1Us.RgiCYBuNkHFCcq6AHtVXaw.jpg\" \/><\/span><\/div>\n<\/div>\n<\/div>\n<\/div>\n<\/div>\n<\/div>\n<div class=\"J_module\" style=\"text-align: left;\">\n<div class=\"detail-decorate-json-renderer-container\">\n<div class=\"magic-3\">\n<div class=\"magic-4\">\n<div class=\"magic-5\">\n<div class=\"magic-6\">\n<p><span class=\"magic-10\" style=\"color: #000000; font-family: helvetica, arial, sans-serif;\"><b>Manos de laser picosegundo:<\/b><\/span><\/p>\n<div><span class=\"magic-10\" style=\"color: #000000; font-family: helvetica, arial, sans-serif;\">&gt; &gt; 755 nm: Pico segunda cabe\u00e7a laser, para remover pontos de idade, remover freck, remvoal de chloasma.<br \/>\n&gt; &gt; 1064 nm e 532 nm para remover tatuagens, limpeza das pernas, etc.<br \/>\n&gt; &gt; Nova marca de guia de bra\u00e7o luz para m\u00e1quina de remo\u00e7\u00e3o laser de tatuagem, com uma apar\u00eancia mais delicada.<\/span><\/div>\n<\/div>\n<\/div>\n<\/div>\n<\/div>\n<\/div>\n<\/div>\n<div class=\"J_module\" style=\"text-align: left;\">\n<div class=\"icbu-pc-images magic-0\">\n<div>\n<div class=\"flex-layout-v\">\n<div class=\"flex-layout-h magic-0\">\n<div class=\"magic-20\"><span style=\"color: #000000; font-family: helvetica, arial, sans-serif;\"><img loading=\"lazy\" decoding=\"async\" class=\"magic-21\" src=\"https:\/\/sc04.alicdn.com\/kf\/H9af949599b4141ad9afc83c16c62d4efH\/201077653\/H9af949599b4141ad9afc83c16c62d4efH.jpg\" width=\"1561\" height=\"1080\" data-src=\"\/\/sc04.alicdn.com\/kf\/H9af949599b4141ad9afc83c16c62d4efH\/201077653\/H9af949599b4141ad9afc83c16c62d4efH.jpg\" \/><\/span><\/div>\n<\/div>\n<\/div>\n<\/div>\n<\/div>\n<\/div>\n<div class=\"J_module\" style=\"text-align: left;\">\n<div class=\"detail-decorate-json-renderer-container\">\n<div class=\"magic-3\">\n<div class=\"magic-4\">\n<div class=\"magic-5\">\n<div class=\"magic-6\"><span class=\"magic-10\" style=\"color: #000000; font-family: helvetica, arial, sans-serif;\"><span class=\"magic-8\"><b>\u00c1rea de tratamento da m\u00e1quina de pico laser:<\/b><\/span> \u2022 Todas as cores tatuagem, retirada de linha ocular e liplina \u2022 Epidermos e pigmento de dermis \u2022 Evus de Ota, naevus azul, nevus negro, coffee spotSenile plaques, freckle, sunburn spot e chloasmaSkin whitening and wrinkle removal etc<\/span><\/div>\n<div>\n<div class=\"magic-6\" data-spm-anchor-id=\"a2700.details.0.i53.22f824bdtzFEzh\"><span class=\"magic-10\" style=\"color: #000000; font-family: helvetica, arial, sans-serif;\"><b class=\"magic-8\">Notas de tratamento picosegundo:<\/b> <\/span><\/div>\n<div class=\"magic-6\" data-spm-anchor-id=\"a2700.details.0.i53.22f824bdtzFEzh\"><span class=\"magic-10\" style=\"color: #000000; font-family: helvetica, arial, sans-serif;\">1. Se os pontos s\u00e3o separados, \u00e9 estritamente proibido peg\u00e1-los \u00e0 m\u00e3o e deixar cair naturalmente. <\/span><\/div>\n<div class=\"magic-6\" data-spm-anchor-id=\"a2700.details.0.i53.22f824bdtzFEzh\"><span class=\"magic-10\" style=\"color: #000000; font-family: helvetica, arial, sans-serif;\">2. No est\u00e1gio inicial, \u00e9 necess\u00e1rio aplicar 15 dias de m\u00e1scara de repara\u00e7\u00e3o m\u00e9dica continuamente. Os primeiros sete dias ser\u00e3o publicados de manh\u00e3 e noite. Depois disso, aplica um adesivo todos os dias. Recomenda-se aplicar todos os dias. <\/span><\/div>\n<div class=\"magic-6\" data-spm-anchor-id=\"a2700.details.0.i53.22f824bdtzFEzh\"><span class=\"magic-10\" style=\"color: #000000; font-family: helvetica, arial, sans-serif;\">3. A s\u00e9rie de reparos deve ser usada ap\u00f3s cada tratamento de freckle. <\/span><\/div>\n<div class=\"magic-6\" data-spm-anchor-id=\"a2700.details.0.i53.22f824bdtzFEzh\"><span class=\"magic-10\" style=\"color: #000000; font-family: helvetica, arial, sans-serif;\">4. A exposi\u00e7\u00e3o ao sol \u00e9 estritamente proibida durante todo o per\u00edodo de tratamento. Usar a lot\u00e3o de prote\u00e7\u00e3o solar SPF30 ou PA. <\/span><\/div>\n<div class=\"magic-6\" data-spm-anchor-id=\"a2700.details.0.i53.22f824bdtzFEzh\"><span class=\"magic-10\" style=\"color: #000000; font-family: helvetica, arial, sans-serif;\">5. Muito poucos clientes podem ter refluxo pigmentar ap\u00f3s tratamento ontem \u00e0 noite. N\u00e3o \u00e9 necess\u00e1rio tratamento especial. A prote\u00e7\u00e3o solar e a umidifica\u00e7\u00e3o s\u00e3o feitas, e o pigmento vai metabolizar lentamente.<\/span><\/div>\n<\/div>\n<\/div>\n<\/div>\n<\/div>\n<\/div>\n<\/div>\n<div class=\"J_module\" style=\"text-align: left;\">\n<div class=\"icbu-pc-images magic-0\">\n<div>\n<div class=\"flex-layout-v\">\n<div class=\"flex-layout-h magic-0\">\n<div class=\"magic-22\"><span style=\"color: #000000; font-family: helvetica, arial, sans-serif;\"><img loading=\"lazy\" decoding=\"async\" class=\"magic-23\" src=\"https:\/\/sc04.alicdn.com\/kf\/HTB1BNxVJFXXXXXwXpXXq6xXFXXXt\/201077653\/HTB1BNxVJFXXXXXwXpXXq6xXFXXXt.jpg\" width=\"1568\" height=\"1272\" data-src=\"\/\/sc04.alicdn.com\/kf\/HTB1BNxVJFXXXXXwXpXXq6xXFXXXt\/201077653\/HTB1BNxVJFXXXXXwXpXXq6xXFXXXt.jpg\" \/><\/span><\/div>\n<\/div>\n<\/div>\n<\/div>\n<\/div>\n<\/div>\n<div class=\"J_module\" style=\"text-align: left;\">\n<div class=\"icbu-pc-images magic-0\">\n<div>\n<div class=\"flex-layout-v\">\n<div class=\"flex-layout-h magic-0\">\n<div class=\"magic-24\"><span style=\"color: #000000; font-family: helvetica, arial, sans-serif;\"><img loading=\"lazy\" decoding=\"async\" class=\"magic-25\" src=\"https:\/\/sc04.alicdn.com\/kf\/H7bf48451817146eb8859f68e5abcffd2p\/201077653\/H7bf48451817146eb8859f68e5abcffd2p.jpg\" width=\"1572\" height=\"957\" data-src=\"\/\/sc04.alicdn.com\/kf\/H7bf48451817146eb8859f68e5abcffd2p\/201077653\/H7bf48451817146eb8859f68e5abcffd2p.jpg\" \/><\/span><\/div>\n<\/div>\n<\/div>\n<\/div>\n<\/div>\n<\/div>\n<div class=\"J_module\" style=\"text-align: left;\">\n<div class=\"icbu-pc-images magic-0\">\n<div>\n<div class=\"flex-layout-v\">\n<div class=\"flex-layout-h magic-0\">\n<div class=\"magic-26\"><span style=\"color: #000000; font-family: helvetica, arial, sans-serif;\"><img loading=\"lazy\" decoding=\"async\" class=\"magic-27\" src=\"https:\/\/sc04.alicdn.com\/kf\/Hf05edce2867446ae9711364601b31739f\/201077653\/Hf05edce2867446ae9711364601b31739f.jpg\" width=\"1609\" height=\"1454\" data-src=\"\/\/sc04.alicdn.com\/kf\/Hf05edce2867446ae9711364601b31739f\/201077653\/Hf05edce2867446ae9711364601b31739f.jpg\" \/><\/span><\/div>\n<\/div>\n<\/div>\n<\/div>\n<\/div>\n<\/div>\n<div class=\"J_module\" style=\"text-align: left;\">\n<div class=\"ife-detail-decorate-table\">\n<table class=\"has-title is-zebra all magic-28\" style=\"width: 100.851%; height: 599px;\">\n<tbody>\n<tr>\n<td colspan=\"2\" rowspan=\"1\">\n<div class=\"magic-29\"><span style=\"color: #000000; font-family: helvetica, arial, sans-serif;\">Laser:<\/span><\/div>\n<\/td>\n<td colspan=\"3\" rowspan=\"1\">\n<div class=\"magic-32\"><span style=\"color: #000000; font-family: helvetica, arial, sans-serif;\">Picolaser<\/span><\/div>\n<\/td>\n<\/tr>\n<tr>\n<td colspan=\"2\" rowspan=\"1\">\n<div class=\"magic-29\"><span style=\"color: #000000; font-family: helvetica, arial, sans-serif;\">Modo de sa\u00edda:<\/span><\/div>\n<\/td>\n<td colspan=\"3\" rowspan=\"1\">\n<div class=\"magic-32\"><span style=\"color: #000000; font-family: helvetica, arial, sans-serif;\">Q ativo<\/span><\/div>\n<\/td>\n<\/tr>\n<tr>\n<td colspan=\"2\" rowspan=\"1\">\n<div class=\"magic-29\"><span style=\"color: #000000; font-family: helvetica, arial, sans-serif;\">Roda de cristal laser:<\/span><\/div>\n<\/td>\n<td colspan=\"3\" rowspan=\"1\">\n<div class=\"magic-32\"><span style=\"color: #000000; font-family: helvetica, arial, sans-serif;\">Roda dupla de l\u00e2mpada<\/span><\/div>\n<\/td>\n<\/tr>\n<tr>\n<td colspan=\"2\" rowspan=\"1\">\n<div class=\"magic-29\"><span style=\"color: #000000; font-family: helvetica, arial, sans-serif;\">Longitude de onda:<\/span><\/div>\n<\/td>\n<td colspan=\"3\" rowspan=\"1\">\n<div class=\"magic-32\"><span style=\"color: #000000; font-family: helvetica, arial, sans-serif;\">comprimento de onda 1064 nm &amp; 532nm e 755nm<\/span><\/div>\n<\/td>\n<\/tr>\n<tr>\n<td colspan=\"2\" rowspan=\"1\">\n<div class=\"magic-29\"><span style=\"color: #000000; font-family: helvetica, arial, sans-serif;\">Pantalla de instrumentos:<\/span><\/div>\n<\/td>\n<td colspan=\"3\" rowspan=\"1\">\n<div class=\"magic-32\"><span style=\"color: #000000; font-family: helvetica, arial, sans-serif;\">tela de toque de cor de 12 polegadas<\/span><\/div>\n<\/td>\n<\/tr>\n<tr>\n<td colspan=\"2\" rowspan=\"1\">\n<div class=\"magic-29\"><span style=\"color: #000000; font-family: helvetica, arial, sans-serif;\">Largura do pulso:<\/span><\/div>\n<\/td>\n<td colspan=\"3\" rowspan=\"1\">\n<div class=\"magic-32\"><span style=\"color: #000000; font-family: helvetica, arial, sans-serif;\">300ps-2ns<\/span><\/div>\n<\/td>\n<\/tr>\n<tr>\n<td colspan=\"2\" rowspan=\"1\">\n<div class=\"magic-29\"><span style=\"color: #000000; font-family: helvetica, arial, sans-serif;\">Tamanho do ponto:<\/span><\/div>\n<\/td>\n<td colspan=\"3\" rowspan=\"1\">\n<div class=\"magic-32\"><span style=\"color: #000000; font-family: helvetica, arial, sans-serif;\">1-10 mm<\/span><\/div>\n<\/td>\n<\/tr>\n<tr>\n<td colspan=\"2\" rowspan=\"1\">\n<div class=\"magic-29\"><span style=\"color: #000000; font-family: helvetica, arial, sans-serif;\">Energia:<\/span><\/div>\n<\/td>\n<td colspan=\"3\" rowspan=\"1\">\n<div class=\"magic-32\"><span style=\"color: #000000; font-family: helvetica, arial, sans-serif;\">10-2000mj<\/span><\/div>\n<\/td>\n<\/tr>\n<tr>\n<td colspan=\"2\" rowspan=\"1\">\n<div class=\"magic-29\"><span style=\"color: #000000; font-family: helvetica, arial, sans-serif;\">Frequ\u00eancia:<\/span><\/div>\n<\/td>\n<td colspan=\"3\" rowspan=\"1\">\n<div class=\"magic-32\"><span style=\"color: #000000; font-family: helvetica, arial, sans-serif;\">1-10Hz (ajustado)<\/span><\/div>\n<\/td>\n<\/tr>\n<tr>\n<td colspan=\"2\" rowspan=\"1\">\n<div class=\"magic-29\"><span style=\"color: #000000; font-family: helvetica, arial, sans-serif;\">Peso l\u00edquido:<\/span><\/div>\n<\/td>\n<td colspan=\"3\" rowspan=\"1\">\n<div class=\"magic-32\"><span style=\"color: #000000; font-family: helvetica, arial, sans-serif;\">105kg<\/span><\/div>\n<\/td>\n<\/tr>\n<tr>\n<td colspan=\"2\" rowspan=\"1\">\n<div class=\"magic-29\"><span style=\"color: #000000; font-family: helvetica, arial, sans-serif;\">Volta\u00e7\u00e3o:<\/span><\/div>\n<\/td>\n<td colspan=\"3\" rowspan=\"1\">\n<div class=\"magic-32\"><span style=\"color: #000000; font-family: helvetica, arial, sans-serif;\">220V\/110V\/15A 50Hz (60Hz)<\/span><\/div>\n<\/td>\n<\/tr>\n<tr>\n<td colspan=\"2\" rowspan=\"1\">\n<div class=\"magic-29\"><span style=\"color: #000000; font-family: helvetica, arial, sans-serif;\">Sistema de refrigera\u00e7\u00e3o:<\/span><\/div>\n<\/td>\n<td colspan=\"3\" rowspan=\"1\">\n<div class=\"magic-32\"><span style=\"color: #000000; font-family: helvetica, arial, sans-serif;\">Vento, \u00e1gua, semicondutor refrigera\u00e7\u00e3o<\/span><\/div>\n<\/td>\n<\/tr>\n<tr>\n<td colspan=\"2\" rowspan=\"1\">\n<div class=\"magic-29\"><span style=\"color: #000000; font-family: helvetica, arial, sans-serif;\">Tempo de trabalho cont\u00ednuo:<\/span><\/div>\n<\/td>\n<td colspan=\"3\" rowspan=\"1\">\n<div class=\"magic-32\"><span style=\"color: #000000; font-family: helvetica, arial, sans-serif;\">24 horas<\/span><\/div>\n<\/td>\n<\/tr>\n<\/tbody>\n<\/table>\n<\/div>\n<\/div>\n<div class=\"J_module\">\n<div class=\"detail-decorate-json-renderer-container\">\n<div class=\"magic-3\">\n<div class=\"magic-4\">\n<div class=\"magic-5\">\n<div class=\"magic-6\" style=\"text-align: left;\" data-spm-anchor-id=\"a2700.details.0.i53.22f824bdtzFEzh\"><\/div>\n<\/div>\n<\/div>\n<\/div>\n<\/div>\n<\/div>","protected":false},"excerpt":{"rendered":"<p>Podemos controlar a profundidade da penetra\u00e7\u00e3o de apenas alguns micrometros de profundidade (apenas t\u00e3o profundos quanto algumas folhas de papel) para muito mais profundos com pequenos canais t\u00e9rmicos.<\/p>\n<p>Completamente seguro, e testado por centenas de mulheres no mundo; O comprimento de onda ideal \u00e9 absorvido pela membrana mucosa micron, para evitar qualquer dano t\u00e9rmico por tecido profundo ou \u00f3rg\u00e3o.<\/p>\n<p>Tratamento sem dor[UNK] Os pacientes s\u00f3 podem sentir calor\/quente dentro, n\u00e3o podem sentir qualquer dor<\/p>","protected":false},"featured_media":221,"comment_status":"open","ping_status":"closed","template":"","meta":[],"product_cat":[23],"product_tag":[],"class_list":["post-213","product","type-product","status-publish","has-post-thumbnail","hentry","product_cat-picosecond-laser"],"_links":{"self":[{"href":"https:\/\/www.mlkjlasers.com\/pt\/wp-json\/wp\/v2\/product\/213","targetHints":{"allow":["GET"]}}],"collection":[{"href":"https:\/\/www.mlkjlasers.com\/pt\/wp-json\/wp\/v2\/product"}],"about":[{"href":"https:\/\/www.mlkjlasers.com\/pt\/wp-json\/wp\/v2\/types\/product"}],"replies":[{"embeddable":true,"href":"https:\/\/www.mlkjlasers.com\/pt\/wp-json\/wp\/v2\/comments?post=213"}],"wp:featuredmedia":[{"embeddable":true,"href":"https:\/\/www.mlkjlasers.com\/pt\/wp-json\/wp\/v2\/media\/221"}],"wp:attachment":[{"href":"https:\/\/www.mlkjlasers.com\/pt\/wp-json\/wp\/v2\/media?parent=213"}],"wp:term":[{"taxonomy":"product_cat","embeddable":true,"href":"https:\/\/www.mlkjlasers.com\/pt\/wp-json\/wp\/v2\/product_cat?post=213"},{"taxonomy":"product_tag","embeddable":true,"href":"https:\/\/www.mlkjlasers.com\/pt\/wp-json\/wp\/v2\/product_tag?post=213"}],"curies":[{"name":"wp","href":"https:\/\/api.w.org\/{rel}","templated":true}]}}