{"id":2163,"date":"2023-08-01T09:19:35","date_gmt":"2023-08-01T01:19:35","guid":{"rendered":"https:\/\/mlkjlasers.com\/?post_type=product&#038;p=2163"},"modified":"2026-01-23T13:54:51","modified_gmt":"2026-01-23T05:54:51","slug":"q-switched-nd-yag-laser-tattoo-removal-machine","status":"publish","type":"product","link":"https:\/\/www.mlkjlasers.com\/pt\/product\/q-switched-nd-yag-laser-tattoo-removal-machine\/","title":{"rendered":"M\u00e1quina de retirada de tatuagem laser Picosecond Q-Switched Nd Yag Laser Tattoo Removal"},"content":{"rendered":"<div class=\"J_module\">\n<div class=\"icbu-pc-images magic-0\">\n<div class=\"flex-layout-v\">\n<div class=\"flex-layout-h magic-0\">\n<div class=\"magic-1\"><\/div>\n<div class=\"magic-1\"><span style=\"color: #000000; font-family: helvetica, arial, sans-serif; font-size: 14pt;\"><img fetchpriority=\"high\" decoding=\"async\" class=\"magic-2 aligncenter\" src=\"https:\/\/sc04.alicdn.com\/kf\/H153b63e9a4d1430ea58d382a21a00b81i\/201077653\/H153b63e9a4d1430ea58d382a21a00b81i.jpg\" width=\"1594\" height=\"706\" data-src=\"\/\/sc04.alicdn.com\/kf\/H153b63e9a4d1430ea58d382a21a00b81i\/201077653\/H153b63e9a4d1430ea58d382a21a00b81i.jpg\" \/><\/span><\/div>\n<\/div>\n<\/div>\n<\/div>\n<\/div>\n<div class=\"J_module\">\n<div class=\"detail-decorate-json-renderer-container\">\n<div class=\"magic-3\">\n<div class=\"magic-4\">\n<div class=\"magic-5\">\n<div class=\"magic-6\">\n<div><\/div>\n<\/div>\n<div><span style=\"color: #000000; font-family: helvetica, arial, sans-serif; font-size: 14pt;\">Voc\u00ea \u00e9 um sal\u00e3o de beleza? Distribuidor? Ou uma empresa comercial?<\/span><\/div>\n<div class=\"magic-6\">\n<div class=\"magic-7\"><\/div>\n<div class=\"magic-7\"><span style=\"color: #000000; font-family: helvetica, arial, sans-serif; font-size: 14pt;\"><b><span class=\"magic-9\">Voc\u00ea precisa de OEM ou ODM para os produtos?<\/span><\/b><\/span><\/div>\n<div class=\"magic-7\"><span style=\"color: #000000; font-family: helvetica, arial, sans-serif; font-size: 14pt;\">Nossa f\u00e1brica fornece OEM &amp; Servi\u00e7os ODM.<\/span><\/div>\n<div class=\"magic-7\"><span style=\"color: #000000; font-family: helvetica, arial, sans-serif; font-size: 14pt;\"><b><span class=\"magic-9\">Por favor, envie-nos uma pesquisa para saber os \u00faltimos pre\u00e7os, 24 horas em linha!<\/span><\/b><\/span><\/div>\n<\/div>\n<\/div>\n<\/div>\n<\/div>\n<\/div>\n<\/div>\n<div class=\"magic-10\" data-section=\"AliMagic-vqm1z1\" data-section-title=\"Product Information\"><\/div>\n<div data-section=\"AliMagic-vqm1z1\" data-section-title=\"Product Information\"><\/div>\n<div class=\"J_module\">\n<div class=\"icbu-pc-images magic-0\">\n<div>\n<div class=\"flex-layout-v\">\n<div class=\"flex-layout-h magic-0\">\n<div class=\"magic-11\"><span style=\"color: #000000; font-family: helvetica, arial, sans-serif; font-size: 14pt;\"><img decoding=\"async\" class=\"magic-12 aligncenter\" src=\"https:\/\/sc04.alicdn.com\/kf\/Hfdde0b4367c841ba8c4c189758bf5509a\/201077653\/Hfdde0b4367c841ba8c4c189758bf5509a.jpg\" alt=\"\" width=\"1566\" height=\"921\" data-src=\"\/\/sc04.alicdn.com\/kf\/Hfdde0b4367c841ba8c4c189758bf5509a\/201077653\/Hfdde0b4367c841ba8c4c189758bf5509a.jpg\" \/><\/span><\/div>\n<\/div>\n<\/div>\n<\/div>\n<\/div>\n<\/div>\n<div class=\"J_module\">\n<div class=\"icbu-pc-images magic-0\">\n<div>\n<div class=\"flex-layout-v\">\n<div class=\"flex-layout-h magic-0\">\n<div class=\"magic-13\"><span style=\"color: #000000; font-family: helvetica, arial, sans-serif; font-size: 14pt;\"><img decoding=\"async\" class=\"magic-14 aligncenter\" src=\"https:\/\/sc04.alicdn.com\/kf\/H56eb6dd3d00e400ea57ef01a283882f3U\/201077653\/H56eb6dd3d00e400ea57ef01a283882f3U.jpg\" width=\"1584\" height=\"1234\" data-src=\"\/\/sc04.alicdn.com\/kf\/H56eb6dd3d00e400ea57ef01a283882f3U\/201077653\/H56eb6dd3d00e400ea57ef01a283882f3U.jpg\" \/><\/span><\/div>\n<\/div>\n<\/div>\n<\/div>\n<\/div>\n<\/div>\n<div class=\"J_module\">\n<div class=\"detail-decorate-json-renderer-container\">\n<div class=\"magic-3\">\n<div class=\"magic-4\">\n<div class=\"magic-5\">\n<div class=\"magic-6\">\n<p><span class=\"magic-15\" style=\"color: #000000; font-family: helvetica, arial, sans-serif; font-size: 14pt;\"><span class=\"magic-8\"><b class=\"magic-16\"><span class=\"magic-16\">Qualidade do artesanato, Reflete os detalhes extremos <\/span><\/b><\/span><\/span><\/p>\n<div><span class=\"magic-8\" style=\"color: #000000; font-family: helvetica, arial, sans-serif; font-size: 14pt;\"><b>Design racional <\/b><\/span><\/div>\n<div><span class=\"magic-8\" style=\"color: #000000; font-family: helvetica, arial, sans-serif; font-size: 14pt;\">1. O produto tem uma apar\u00eancia nova e \u00e9 principalmente vendido como um modelo quente <\/span><\/div>\n<div><span class=\"magic-8\" style=\"color: #000000; font-family: helvetica, arial, sans-serif; font-size: 14pt;\">2. Corchete de manejo ajustador, forte e duradoura <\/span><\/div>\n<div><span class=\"magic-8\" style=\"color: #000000; font-family: helvetica, arial, sans-serif; font-size: 14pt;\">3. Mancha sem deslizar, design ergon\u00f4mico <\/span><\/div>\n<div><span class=\"magic-8\" style=\"color: #000000; font-family: helvetica, arial, sans-serif; font-size: 14pt;\">4. Tratamento alargado conectando tubo<\/span><\/div>\n<\/div>\n<\/div>\n<\/div>\n<div><\/div>\n<\/div>\n<\/div>\n<\/div>\n<div class=\"J_module\">\n<div class=\"icbu-pc-images magic-0\">\n<div>\n<div class=\"flex-layout-v\">\n<div class=\"flex-layout-h magic-0\">\n<div class=\"magic-17\"><\/div>\n<div class=\"magic-17\"><span style=\"color: #000000; font-family: helvetica, arial, sans-serif; font-size: 14pt;\"><img loading=\"lazy\" decoding=\"async\" class=\"magic-18 aligncenter\" src=\"https:\/\/sc04.alicdn.com\/kf\/Hfbb2f24ff848486c9c9d30d522d4208ab\/201077653\/Hfbb2f24ff848486c9c9d30d522d4208ab.jpg\" width=\"1539\" height=\"1539\" data-src=\"\/\/sc04.alicdn.com\/kf\/Hfbb2f24ff848486c9c9d30d522d4208ab\/201077653\/Hfbb2f24ff848486c9c9d30d522d4208ab.jpg\" \/><\/span><\/div>\n<div class=\"magic-19\"><\/div>\n<\/div>\n<\/div>\n<\/div>\n<\/div>\n<\/div>\n<div class=\"J_module\">\n<div class=\"detail-decorate-json-renderer-container\">\n<div class=\"magic-3\">\n<div class=\"magic-4\">\n<div class=\"magic-5\">\n<div><\/div>\n<div class=\"magic-6\"><span style=\"font-size: 14pt;\"><span class=\"magic-8\" style=\"color: #000000; font-family: helvetica, arial, sans-serif;\"><b class=\"magic-20\"><span class=\"magic-16\">O menor tamanho<\/span> <\/b><br \/>\n<\/span><span style=\"font-family: helvetica, arial, sans-serif;\">O menor tamanho 1. Adoptar componentes essenciais do equipamento m\u00e9dico. O tamanho da m\u00e1quina \u00e9 menor. <\/span><span style=\"font-family: helvetica, arial, sans-serif;\">2. Carga transfronteiri\u00e7a inferior a m\u00e1quinas comuns. <\/span><span style=\"font-family: helvetica, arial, sans-serif;\">3. O manejo \u00e9 menor e mais conveniente para ser usado<\/span><\/span><\/p>\n<div>\n<div><\/div>\n<\/div>\n<\/div>\n<\/div>\n<\/div>\n<\/div>\n<\/div>\n<\/div>\n<div class=\"J_module\">\n<div class=\"icbu-pc-images magic-0\">\n<div>\n<div class=\"flex-layout-v\">\n<div class=\"flex-layout-h magic-0\">\n<div class=\"magic-21\"><span style=\"color: #000000; font-family: helvetica, arial, sans-serif; font-size: 14pt;\"><img loading=\"lazy\" decoding=\"async\" class=\"magic-22 aligncenter\" src=\"https:\/\/sc04.alicdn.com\/kf\/Hac1ea86853e74444ac97c981943bc883R\/201077653\/Hac1ea86853e74444ac97c981943bc883R.png\" width=\"1559\" height=\"1559\" data-src=\"\/\/sc04.alicdn.com\/kf\/Hac1ea86853e74444ac97c981943bc883R\/201077653\/Hac1ea86853e74444ac97c981943bc883R.png\" \/><\/span><\/div>\n<\/div>\n<\/div>\n<\/div>\n<\/div>\n<\/div>\n<div class=\"J_module\">\n<div id=\"ali-anchor-AliMagic-mrz24u\" class=\"magic-10\" data-section=\"AliMagic-mrz24u\" data-section-title=\"About Handle\"><\/div>\n<\/div>\n<div class=\"J_module\">\n<div class=\"icbu-pc-images magic-0\">\n<div>\n<div class=\"flex-layout-v\">\n<div class=\"flex-layout-h magic-0\">\n<div class=\"magic-21\"><span style=\"color: #000000; font-family: helvetica, arial, sans-serif; font-size: 14pt;\"><img loading=\"lazy\" decoding=\"async\" class=\"magic-22 aligncenter\" src=\"https:\/\/sc04.alicdn.com\/kf\/Hae0e2ad7c5114325b8e680d60a90906ej\/201077653\/Hae0e2ad7c5114325b8e680d60a90906ej.jpg\" width=\"1561\" height=\"1561\" data-src=\"\/\/sc04.alicdn.com\/kf\/Hae0e2ad7c5114325b8e680d60a90906ej\/201077653\/Hae0e2ad7c5114325b8e680d60a90906ej.jpg\" \/><\/span><\/div>\n<\/div>\n<\/div>\n<\/div>\n<\/div>\n<\/div>\n<div class=\"J_module\">\n<div class=\"detail-decorate-json-renderer-container\">\n<div class=\"magic-3\">\n<div class=\"magic-4\">\n<div class=\"magic-5\">\n<div class=\"magic-6\">\n<div>\n<p><span style=\"font-family: helvetica, arial, sans-serif; font-size: 14pt;\">5 cabe\u00e7as de tratamento, desenhabilidade e rota\u00e7\u00e3o de fios externos <\/span><\/p>\n<p><span style=\"font-family: helvetica, arial, sans-serif; font-size: 14pt;\">1.532: Elimina tatuagens coloridas. <\/span><\/p>\n<p><span style=\"font-family: helvetica, arial, sans-serif; font-size: 14pt;\">2.755 cabe\u00e7as de medo: usadas para remover pontos de idade, freckles e chloasma. pequeno dano \u00e0 pele <\/span><\/p>\n<p><span style=\"font-family: helvetica, arial, sans-serif; font-size: 14pt;\">3. Par\u00e2metro ajustador 1064: para remover tatuagens, limpar a perna <\/span><\/p>\n<p><span style=\"font-family: helvetica, arial, sans-serif; font-size: 14pt;\">4. Par\u00e2metro n\u00e3o ajustado 1064: usado para remover tatuagens e limpar as pernas <\/span><\/p>\n<p><span style=\"font-family: helvetica, arial, sans-serif; font-size: 14pt;\">5.1320: tratamento de grande \u00e1rea, grande ponto, velocidade de tratamento r\u00e1pido e bom efeito<\/span><\/p>\n<div><\/div>\n<\/div>\n<\/div>\n<\/div>\n<\/div>\n<\/div>\n<\/div>\n<\/div>\n<div class=\"J_module\">\n<div class=\"icbu-pc-images magic-0\">\n<div>\n<div class=\"flex-layout-v\">\n<div class=\"flex-layout-h magic-0\">\n<div class=\"magic-23\"><span style=\"color: #000000; font-family: helvetica, arial, sans-serif; font-size: 14pt;\"><img loading=\"lazy\" decoding=\"async\" class=\"magic-24 aligncenter\" src=\"https:\/\/sc04.alicdn.com\/kf\/Hec55127115274ca6aaacae52ebf9154fz\/201077653\/Hec55127115274ca6aaacae52ebf9154fz.jpg\" width=\"1587\" height=\"560\" data-src=\"\/\/sc04.alicdn.com\/kf\/Hec55127115274ca6aaacae52ebf9154fz\/201077653\/Hec55127115274ca6aaacae52ebf9154fz.jpg\" \/><\/span><\/div>\n<\/div>\n<\/div>\n<\/div>\n<\/div>\n<\/div>\n<div class=\"J_module\">\n<div class=\"detail-decorate-json-renderer-container\">\n<div class=\"magic-3\">\n<div class=\"magic-4\">\n<div class=\"magic-5\">\n<div class=\"magic-6\">\n<p>&nbsp;<\/p>\n<p><span class=\"magic-8\" style=\"color: #000000; font-family: helvetica, arial, sans-serif; font-size: 14pt;\"><b>A energia m\u00e1xima, o melhor efeito <\/b><\/span><\/p>\n<div><span class=\"magic-8\" style=\"color: #000000; font-family: helvetica, arial, sans-serif; font-size: 14pt;\">1. Os dados do laborat\u00f3rio mostram que a l\u00e2mina laser atinge 2000 mj. <\/span><\/div>\n<div><span class=\"magic-8\" style=\"color: #000000; font-family: helvetica, arial, sans-serif; font-size: 14pt;\">2. C\u00e1lculo preciso do valor laser <\/span><\/div>\n<div><span class=\"magic-8\" style=\"color: #000000; font-family: helvetica, arial, sans-serif; font-size: 14pt;\">3. A dist\u00e2ncia de alvo da luz indicadora \u00e9 de 6-10cm<\/span><\/div>\n<div><\/div>\n<\/div>\n<\/div>\n<\/div>\n<\/div>\n<\/div>\n<\/div>\n<div class=\"J_module\">\n<div class=\"icbu-pc-images magic-0\">\n<div>\n<div class=\"flex-layout-v\">\n<div class=\"flex-layout-h magic-0\">\n<div class=\"magic-11\"><span style=\"color: #000000; font-family: helvetica, arial, sans-serif; font-size: 14pt;\"><img loading=\"lazy\" decoding=\"async\" class=\"magic-12 aligncenter\" src=\"https:\/\/sc04.alicdn.com\/kf\/H2d1d4dbf954d4b40a3c6d6d3765d48c83\/201077653\/H2d1d4dbf954d4b40a3c6d6d3765d48c83.jpg\" width=\"1557\" height=\"916\" data-src=\"\/\/sc04.alicdn.com\/kf\/H2d1d4dbf954d4b40a3c6d6d3765d48c83\/201077653\/H2d1d4dbf954d4b40a3c6d6d3765d48c83.jpg\" \/><\/span><\/div>\n<div><span style=\"color: #000000; font-family: helvetica, arial, sans-serif; font-size: 14pt;\">Mecanismo de cassete de troca de pedra Q importado, todo o laser s\u00f3lido, sem substituir o Q-switch.<\/span><\/div>\n<\/div>\n<\/div>\n<\/div>\n<\/div>\n<\/div>\n<div class=\"J_module\">\n<div class=\"detail-decorate-json-renderer-container\">\n<div class=\"magic-3\">\n<div class=\"magic-4\">\n<div class=\"magic-5\">\n<div class=\"magic-6\">\n<div><span class=\"magic-8\" style=\"color: #000000; font-family: helvetica, arial, sans-serif; font-size: 14pt;\"><b>Elimina\u00e7\u00e3o de tatuagem. Eliminar pigmentos de tatuagem negro, azul, marr\u00e3o e vermelho na perna, linha ocular, linha dos l\u00e1bios e outras partes do corpo Eliminar marca de nascimento, otas nevus e espelho dermal Tecnologia instant\u00e2nea de alta explos\u00e3o laser, padr\u00e3o internacional de produ\u00e7\u00e3o, teste t\u00e9cnico estritamente.<\/b> Uma solu\u00e7\u00e3o para a abund\u00e2nciade problemas cut\u00e2neos.<\/span><\/div>\n<div><\/div>\n<\/div>\n<\/div>\n<\/div>\n<\/div>\n<\/div>\n<\/div>\n<div class=\"J_module\">\n<div class=\"icbu-pc-images magic-0\">\n<div>\n<div class=\"flex-layout-v\">\n<div class=\"flex-layout-h magic-0\">\n<div class=\"magic-25\"><span style=\"color: #000000; font-family: helvetica, arial, sans-serif; font-size: 14pt;\"><img loading=\"lazy\" decoding=\"async\" class=\"magic-26 aligncenter\" src=\"https:\/\/sc04.alicdn.com\/kf\/HTB19sJsXIfrK1RjSszcq6xGGFXaR\/201077653\/HTB19sJsXIfrK1RjSszcq6xGGFXaR.jpg\" width=\"1557\" height=\"809\" data-src=\"\/\/sc04.alicdn.com\/kf\/HTB19sJsXIfrK1RjSszcq6xGGFXaR\/201077653\/HTB19sJsXIfrK1RjSszcq6xGGFXaR.jpg\" \/><\/span><\/div>\n<\/div>\n<\/div>\n<\/div>\n<\/div>\n<\/div>\n<div class=\"J_module\">\n<div id=\"ali-anchor-AliMagic-iv9uij\" class=\"magic-10\" data-section=\"AliMagic-iv9uij\" data-section-title=\"Screen Display\"><\/div>\n<\/div>\n<div class=\"J_module\">\n<div class=\"icbu-pc-images magic-0\">\n<div>\n<div class=\"flex-layout-v\">\n<div class=\"flex-layout-h magic-0\">\n<div class=\"magic-34\"><span style=\"color: #000000; font-family: helvetica, arial, sans-serif; font-size: 14pt;\"><img loading=\"lazy\" decoding=\"async\" class=\"magic-35 aligncenter\" src=\"https:\/\/sc04.alicdn.com\/kf\/Hbc837a1d73274b2cba11b04c00e271abd\/201077653\/Hbc837a1d73274b2cba11b04c00e271abd.jpg\" width=\"1589\" height=\"1207\" data-src=\"\/\/sc04.alicdn.com\/kf\/Hbc837a1d73274b2cba11b04c00e271abd\/201077653\/Hbc837a1d73274b2cba11b04c00e271abd.jpg\" data-spm-anchor-id=\"a2700.wholesale.0.i55.5f0f3c62M7tBsi\" \/><\/span><\/div>\n<\/div>\n<\/div>\n<\/div>\n<\/div>\n<\/div>\n<div class=\"J_module\">\n<div class=\"detail-decorate-json-renderer-container\">\n<div class=\"magic-3\">\n<div class=\"magic-4\">\n<div class=\"magic-5\">\n<div class=\"magic-6\" data-spm-anchor-id=\"a2700.wholesale.0.i54.5f0f3c62M7tBsi\"><span class=\"magic-8\" style=\"color: #000000; font-family: helvetica, arial, sans-serif; font-size: 14pt;\">&#8211; 10 polegadas de cor verdadeira grande tela de toque<br \/>\n&#8211; Imprime qualquer cor. Imprime seu<b> logo<\/b> na m\u00e1quina.<br \/>\n&#8211; Engadir qualquer <b>linguagem<\/b> em sistema de m\u00e1quinas.<br \/>\n&#8211; Design exclusivo <b>concha de m\u00e1quina <\/b>para voc\u00ea, formar sua pr\u00f3pria marca no mercado.<br \/>\n&#8211; Design new <b>interface e sistema<\/b> de m\u00e1quina, faz\u00ea-la mais conveniente para voc\u00ea e seus clientes.<\/span><\/div>\n<\/div>\n<\/div>\n<\/div>\n<\/div>\n<\/div>\n<div data-spm-anchor-id=\"a2700.wholesale.0.i54.5f0f3c62M7tBsi\"><\/div>\n<div data-spm-anchor-id=\"a2700.wholesale.0.i54.5f0f3c62M7tBsi\"><\/div>\n<div data-spm-anchor-id=\"a2700.wholesale.0.i54.5f0f3c62M7tBsi\"><span style=\"font-size: 14pt;\"><em><strong><span style=\"font-family: helvetica, arial, sans-serif;\"><span class=\"src\" data-group=\"0-0\">18 anos de fabrica\u00e7\u00e3o profissional de euquipment de beleza em v\u00e1rias fun\u00e7\u00f5es.<\/span><span class=\"src\" data-group=\"0-1\"> Servi\u00e7o de treinamento de um para um. Contacte-nos agora!<\/span><\/span><\/strong><\/em><\/span><\/div>\n<div data-spm-anchor-id=\"a2700.wholesale.0.i54.5f0f3c62M7tBsi\"><\/div>\n<div data-spm-anchor-id=\"a2700.wholesale.0.i54.5f0f3c62M7tBsi\"><\/div>","protected":false},"excerpt":{"rendered":"<p><span style=\"font-family: helvetica, arial, sans-serif;\">*O mais novo laser port\u00e1til de picosegundos, al\u00e9m das cabe\u00e7as de laser normais, tamb\u00e9m acrescenta cabe\u00e7as de laser de 755nm picosegundos, que podem obter uma camada mais profunda da pele e fazer um bom efeito para todos os tipos de freckle: como chloasma, age pigment, etc.<\/span><\/p>\n<p><span style=\"font-family: helvetica, arial, sans-serif;\">*1064nm,532nm cabe\u00e7a pode fazer removal de tatuagem, removal de linha ocular, etc.<\/span><\/p>\n<p><span style=\"font-family: helvetica, arial, sans-serif;\">*1320nm pode fazer o branqueamento da pele de boneca negra.<\/span><\/p>\n<p><span style=\"font-family: helvetica, arial, sans-serif;\">* Sem les\u00e3o \u00e0 pele e f\u00f3lico de cabelo; N\u00e3o h\u00e1 risco de cicatrizes. Tratamento sem dor, pouco efeito colateral.<\/span><\/p>\n<p><span style=\"font-family: helvetica, arial, sans-serif;\">*<span class=\"src\" data-group=\"0-0\">15 anos de fabrica\u00e7\u00e3o profissional de euquipment de beleza em v\u00e1rias fun\u00e7\u00f5es.<\/span><span class=\"src\" data-group=\"0-1\"> Servi\u00e7o de treinamento de um para um.<\/span><\/span><\/p>","protected":false},"featured_media":2185,"comment_status":"open","ping_status":"closed","template":"","meta":[],"product_cat":[24],"product_tag":[],"class_list":["post-2163","product","type-product","status-publish","has-post-thumbnail","hentry","product_cat-nd-yag-laser"],"_links":{"self":[{"href":"https:\/\/www.mlkjlasers.com\/pt\/wp-json\/wp\/v2\/product\/2163","targetHints":{"allow":["GET"]}}],"collection":[{"href":"https:\/\/www.mlkjlasers.com\/pt\/wp-json\/wp\/v2\/product"}],"about":[{"href":"https:\/\/www.mlkjlasers.com\/pt\/wp-json\/wp\/v2\/types\/product"}],"replies":[{"embeddable":true,"href":"https:\/\/www.mlkjlasers.com\/pt\/wp-json\/wp\/v2\/comments?post=2163"}],"wp:featuredmedia":[{"embeddable":true,"href":"https:\/\/www.mlkjlasers.com\/pt\/wp-json\/wp\/v2\/media\/2185"}],"wp:attachment":[{"href":"https:\/\/www.mlkjlasers.com\/pt\/wp-json\/wp\/v2\/media?parent=2163"}],"wp:term":[{"taxonomy":"product_cat","embeddable":true,"href":"https:\/\/www.mlkjlasers.com\/pt\/wp-json\/wp\/v2\/product_cat?post=2163"},{"taxonomy":"product_tag","embeddable":true,"href":"https:\/\/www.mlkjlasers.com\/pt\/wp-json\/wp\/v2\/product_tag?post=2163"}],"curies":[{"name":"wp","href":"https:\/\/api.w.org\/{rel}","templated":true}]}}