{"id":222,"date":"2023-05-29T16:11:20","date_gmt":"2023-05-29T08:11:20","guid":{"rendered":"https:\/\/mingliang.leadsclouds.com\/?post_type=product&#038;p=222"},"modified":"2026-01-28T10:38:26","modified_gmt":"2026-01-28T02:38:26","slug":"nd-yag-laser-tattoo-removal","status":"publish","type":"product","link":"https:\/\/www.mlkjlasers.com\/pt\/product\/nd-yag-laser-tattoo-removal\/","title":{"rendered":"ND YAG Tattoo Removal Q Skin Rejuvenation Laser Beauty Equipment Tattoo Removal Machine"},"content":{"rendered":"<table style=\"border-collapse: collapse; width: 100%; height: 120px;\">\n<tbody>\n<tr style=\"height: 24px;\">\n<td style=\"width: 50%; height: 24px;\"><span style=\"font-family: helvetica, arial, sans-serif; color: #000000; font-size: 14pt;\"><b>ND YAG Laser Tattoo Removal Machine<\/b><\/span><\/td>\n<td style=\"width: 50%; height: 24px;\"><span style=\"font-family: helvetica, arial, sans-serif; color: #000000; font-size: 14pt;\">N\u00famero do modelo:LA<\/span><\/td>\n<\/tr>\n<tr style=\"height: 24px;\">\n<td style=\"width: 50%; height: 24px;\"><span style=\"font-family: helvetica, arial, sans-serif; color: #000000; font-size: 14pt;\">comprimento de onda(luz):532nm e 1064nm<\/span><\/td>\n<td style=\"width: 50%; height: 24px;\"><span style=\"font-family: helvetica, arial, sans-serif; color: #000000; font-size: 14pt;\">Disparos: 1.500.000<\/span><\/td>\n<\/tr>\n<tr style=\"height: 24px;\">\n<td style=\"width: 50%; height: 24px;\"><span style=\"font-family: helvetica, arial, sans-serif; color: #000000; font-size: 14pt;\">Fun\u00e7\u00e3o: remo\u00e7\u00e3o de tatuagem, branqueamento da pele, reanima\u00e7\u00e3o da pele<\/span><\/td>\n<td style=\"width: 50%; height: 24px;\"><span style=\"font-family: helvetica, arial, sans-serif; color: #000000; font-size: 14pt;\">Tamanho da tela:8,4 LCD tela de toque<\/span><\/td>\n<\/tr>\n<tr style=\"height: 24px;\">\n<td style=\"width: 50%; height: 24px;\"><span style=\"font-family: helvetica, arial, sans-serif; color: #000000; font-size: 14pt;\">Ponto de luz: 1-7 mm ajustado<\/span><\/td>\n<td style=\"width: 50%; height: 24px;\"><span style=\"font-family: helvetica, arial, sans-serif; color: #000000; font-size: 14pt;\">Frequ\u00eancia: 1-20Hz<\/span><\/td>\n<\/tr>\n<tr style=\"height: 24px;\">\n<td style=\"width: 50%; height: 24px;\"><span style=\"font-family: helvetica, arial, sans-serif; color: #000000; font-size: 14pt;\">Paquete: Caixa de alum\u00ednio<\/span><\/td>\n<td style=\"width: 50%; height: 24px;\"><span style=\"font-family: helvetica, arial, sans-serif; color: #000000; font-size: 14pt;\">Garantia: 2 anos<\/span><\/td>\n<\/tr>\n<\/tbody>\n<\/table>\n<div class=\"l right\"><\/div>\n<div class=\"des2\">\n<div class=\"des_box1\">\n<div class=\"des\">\n<p><span style=\"font-family: helvetica, arial, sans-serif; color: #000000; font-size: 14pt;\"><img fetchpriority=\"high\" decoding=\"async\" class=\"size-full wp-image-2826 alignnone\" src=\"https:\/\/mlkjlasers.com\/wp-content\/uploads\/2023\/05\/LA1-\u8be6\u60c5-1-1-scaled.jpg\" alt=\"\" width=\"2560\" height=\"1440\" srcset=\"https:\/\/www.mlkjlasers.com\/wp-content\/uploads\/2023\/05\/LA1-\u8be6\u60c5-1-1-scaled.jpg 2560w, https:\/\/www.mlkjlasers.com\/wp-content\/uploads\/2023\/05\/LA1-\u8be6\u60c5-1-1-300x169.jpg 300w, https:\/\/www.mlkjlasers.com\/wp-content\/uploads\/2023\/05\/LA1-\u8be6\u60c5-1-1-1024x576.jpg 1024w, https:\/\/www.mlkjlasers.com\/wp-content\/uploads\/2023\/05\/LA1-\u8be6\u60c5-1-1-768x432.jpg 768w, https:\/\/www.mlkjlasers.com\/wp-content\/uploads\/2023\/05\/LA1-\u8be6\u60c5-1-1-1536x864.jpg 1536w, https:\/\/www.mlkjlasers.com\/wp-content\/uploads\/2023\/05\/LA1-\u8be6\u60c5-1-1-2048x1152.jpg 2048w, https:\/\/www.mlkjlasers.com\/wp-content\/uploads\/2023\/05\/LA1-\u8be6\u60c5-1-1-600x337.jpg 600w\" sizes=\"(max-width: 2560px) 100vw, 2560px\" \/><\/span><\/p>\n<p><span style=\"font-family: helvetica, arial, sans-serif; color: #000000; font-size: 14pt;\">Este produto usa laser de alta energia para penetrar a pele, decompor as part\u00edculas de pigmento em part\u00edculas min\u00fasculas, que s\u00e3o metabolizadas pelo corpo, de modo a alcan\u00e7ar o efeito da remo\u00e7\u00e3o de tatuagem. Diferentes tatuagens coloridas requerem diferentes comprimentos de onda de luz laser porque diferentes pigmentos coloridos absorvem luz laser em diferentes comprimentos de onda. Por exemplo, uma tatuagem preta pode usar um laser de 1064 nm Nd:YAG, enquanto uma tatuagem verde requer um laser de 532 nm.<\/span><\/p>\n<p><span style=\"font-size: 14pt;\"><img decoding=\"async\" class=\"size-full wp-image-2827 aligncenter\" src=\"https:\/\/mlkjlasers.com\/wp-content\/uploads\/2023\/05\/LA1-\u8be6\u60c5-2-1-scaled.jpg\" alt=\"\" width=\"2560\" height=\"1440\" srcset=\"https:\/\/www.mlkjlasers.com\/wp-content\/uploads\/2023\/05\/LA1-\u8be6\u60c5-2-1-scaled.jpg 2560w, https:\/\/www.mlkjlasers.com\/wp-content\/uploads\/2023\/05\/LA1-\u8be6\u60c5-2-1-300x169.jpg 300w, https:\/\/www.mlkjlasers.com\/wp-content\/uploads\/2023\/05\/LA1-\u8be6\u60c5-2-1-1024x576.jpg 1024w, https:\/\/www.mlkjlasers.com\/wp-content\/uploads\/2023\/05\/LA1-\u8be6\u60c5-2-1-768x432.jpg 768w, https:\/\/www.mlkjlasers.com\/wp-content\/uploads\/2023\/05\/LA1-\u8be6\u60c5-2-1-1536x864.jpg 1536w, https:\/\/www.mlkjlasers.com\/wp-content\/uploads\/2023\/05\/LA1-\u8be6\u60c5-2-1-2048x1152.jpg 2048w, https:\/\/www.mlkjlasers.com\/wp-content\/uploads\/2023\/05\/LA1-\u8be6\u60c5-2-1-600x337.jpg 600w\" sizes=\"(max-width: 2560px) 100vw, 2560px\" \/><\/span><\/p>\n<p>&nbsp;<\/p>\n<p><span style=\"font-family: helvetica, arial, sans-serif; color: #000000; font-size: 14pt;\"><strong>1. Principalmente Uso:<\/strong><\/span><\/p>\n<p><span style=\"font-family: helvetica, arial, sans-serif; color: #000000; font-size: 14pt;\">1). Laser ND YAG: tatuagem\/embroideria ocular\/linha ocular\/remo\u00e7\u00e3o de freckles e branqueamento da pele.<\/span><\/p>\n<p><span style=\"font-family: helvetica, arial, sans-serif; color: #000000; font-size: 14pt;\">2). 1064 nm comprimento de onda: livre-se de frescos e ponto marr\u00e3o amarelo, tatuagem de brown, tatuagem falhada da linha ocular, tatuagem, marca de nascimento e Nevus de Ota, pigmenta\u00e7\u00e3o e ponto de idade, nevus em preto e azul, vermelho escarlato, caf\u00e9 profundo e etc. cor profunda.<\/span><\/p>\n<p><span style=\"font-family: helvetica, arial, sans-serif; color: #000000; font-size: 14pt;\">3). 532 nm de comprimento de onda: livre-se de freckles, tatuagem de brow, tatuagem fracassada da linha ocular, tatuagem, linha dos l\u00e1bios, pigmento, telangiectasia em vermelho, marr\u00e3o e rosa e etc. cor clara. - remo\u00e7\u00e3o de pigmentos.<\/span><\/p>\n<p><span style=\"font-family: helvetica, arial, sans-serif; color: #000000; font-size: 14pt;\">4). 1320nm: Professional for skin rejuvenation and face deep cleaning, blackhead removal, skin tightening and whitening, skin rejuvenation.<\/span><\/p>\n<\/div>\n<\/div>\n<\/div>\n<p>&nbsp;<\/p>\n<p><span style=\"font-size: 14pt;\"><img decoding=\"async\" class=\"size-full wp-image-2828 aligncenter\" src=\"https:\/\/mlkjlasers.com\/wp-content\/uploads\/2023\/05\/LA1-\u8be6\u60c5-3-1-scaled.jpg\" alt=\"\" width=\"2560\" height=\"1440\" srcset=\"https:\/\/www.mlkjlasers.com\/wp-content\/uploads\/2023\/05\/LA1-\u8be6\u60c5-3-1-scaled.jpg 2560w, https:\/\/www.mlkjlasers.com\/wp-content\/uploads\/2023\/05\/LA1-\u8be6\u60c5-3-1-300x169.jpg 300w, https:\/\/www.mlkjlasers.com\/wp-content\/uploads\/2023\/05\/LA1-\u8be6\u60c5-3-1-1024x576.jpg 1024w, https:\/\/www.mlkjlasers.com\/wp-content\/uploads\/2023\/05\/LA1-\u8be6\u60c5-3-1-768x432.jpg 768w, https:\/\/www.mlkjlasers.com\/wp-content\/uploads\/2023\/05\/LA1-\u8be6\u60c5-3-1-1536x864.jpg 1536w, https:\/\/www.mlkjlasers.com\/wp-content\/uploads\/2023\/05\/LA1-\u8be6\u60c5-3-1-2048x1152.jpg 2048w, https:\/\/www.mlkjlasers.com\/wp-content\/uploads\/2023\/05\/LA1-\u8be6\u60c5-3-1-600x337.jpg 600w\" sizes=\"(max-width: 2560px) 100vw, 2560px\" \/><\/span><\/p>\n<div class=\"des2\">\n<div class=\"des_box1\">\n<div class=\"des\">\n<p>&nbsp;<\/p>\n<p><span style=\"font-family: helvetica, arial, sans-serif; font-size: 14pt;\"><b><span class=\"magic-17\">2. Cerca de \"manejo\",5 cabe\u00e7as de tratamento, desenhabilidade e rota\u00e7\u00e3o de fios externos <\/span><\/b><\/span><\/p>\n<p><span style=\"font-family: helvetica, arial, sans-serif; font-size: 14pt;\">1.532: Elimina tatuagens coloridas. <\/span><\/p>\n<p><span style=\"font-family: helvetica, arial, sans-serif; font-size: 14pt;\">2.755 cabe\u00e7as de medo: usadas para remover pontos de idade, freckles e chloasma. pequeno dano \u00e0 pele <\/span><\/p>\n<p><span style=\"font-family: helvetica, arial, sans-serif; font-size: 14pt;\">3. Par\u00e2metro ajustador 1064: para remover tatuagens, limpar a perna <\/span><\/p>\n<p><span style=\"font-family: helvetica, arial, sans-serif; font-size: 14pt;\">4. Par\u00e2metro n\u00e3o ajustado 1064: usado para remover tatuagens e limpar as pernas <\/span><\/p>\n<p><span style=\"font-family: helvetica, arial, sans-serif; font-size: 14pt;\">5.1320: tratamento de grande \u00e1rea, grande ponto, velocidade de tratamento r\u00e1pido e bom efeito<\/span><\/p>\n<p><span style=\"font-size: 14pt;\"><img loading=\"lazy\" decoding=\"async\" class=\"size-full wp-image-2829 alignnone\" src=\"https:\/\/mlkjlasers.com\/wp-content\/uploads\/2023\/05\/LA1-\u8be6\u60c5-4-1-scaled.jpg\" alt=\"\" width=\"2560\" height=\"1440\" srcset=\"https:\/\/www.mlkjlasers.com\/wp-content\/uploads\/2023\/05\/LA1-\u8be6\u60c5-4-1-scaled.jpg 2560w, https:\/\/www.mlkjlasers.com\/wp-content\/uploads\/2023\/05\/LA1-\u8be6\u60c5-4-1-300x169.jpg 300w, https:\/\/www.mlkjlasers.com\/wp-content\/uploads\/2023\/05\/LA1-\u8be6\u60c5-4-1-1024x576.jpg 1024w, https:\/\/www.mlkjlasers.com\/wp-content\/uploads\/2023\/05\/LA1-\u8be6\u60c5-4-1-768x432.jpg 768w, https:\/\/www.mlkjlasers.com\/wp-content\/uploads\/2023\/05\/LA1-\u8be6\u60c5-4-1-1536x864.jpg 1536w, https:\/\/www.mlkjlasers.com\/wp-content\/uploads\/2023\/05\/LA1-\u8be6\u60c5-4-1-2048x1152.jpg 2048w, https:\/\/www.mlkjlasers.com\/wp-content\/uploads\/2023\/05\/LA1-\u8be6\u60c5-4-1-600x337.jpg 600w\" sizes=\"(max-width: 2560px) 100vw, 2560px\" \/><\/span><\/p>\n<div><span class=\"magic-17\" style=\"font-family: helvetica, arial, sans-serif; font-size: 14pt;\"><span class=\"magic-14\">Mecanismo de cassete de troca de pedra Q importado, todo o laser s\u00f3lido, sem substituir o Q-switch.<br \/>\n<\/span><\/span><\/div>\n<div><span class=\"magic-17\" style=\"font-family: helvetica, arial, sans-serif; font-size: 14pt;\"><span class=\"magic-14\">\u00a0<\/span><\/span><\/div>\n<p><span class=\"magic-17\" style=\"font-family: helvetica, arial, sans-serif; font-size: 14pt;\"><span class=\"magic-14\"><b data-spm-anchor-id=\"a2700.wholesale.0.i87.10456c16QWoCVL\">Elimina\u00e7\u00e3o de tatuagem. Eliminar pigmentos de tatuagem negro, azul, marr\u00e3o e vermelho na perna, linha ocular, linha dos l\u00e1bios e outras partes do corpo Eliminar marca de nascimento, otas nevus e espelho dermal Tecnologia instant\u00e2nea de alta explos\u00e3o laser, padr\u00e3o internacional de produ\u00e7\u00e3o, teste t\u00e9cnico estritamente.<\/b><br \/>\n<\/span><\/span><\/p>\n<div><span class=\"magic-17\" style=\"font-family: helvetica, arial, sans-serif; font-size: 14pt;\"><span class=\"magic-14\"><b>\u00a0<\/b><\/span><\/span><\/div>\n<div data-spm-anchor-id=\"a2700.wholesale.0.i86.10456c16QWoCVL\"><span class=\"magic-17\" style=\"font-family: helvetica, arial, sans-serif; font-size: 14pt;\"><span class=\"magic-14\">Uma solu\u00e7\u00e3o para a abund\u00e2nciade problemas cut\u00e2neos.<\/span><\/span><\/div>\n<div class=\"des_detail\">\n<div class=\"img_b\">\n<p><span style=\"font-family: helvetica, arial, sans-serif; color: #000000; font-size: 14pt;\"><img loading=\"lazy\" decoding=\"async\" class=\"alignnone size-full wp-image-2830\" src=\"https:\/\/mlkjlasers.com\/wp-content\/uploads\/2023\/05\/LA1-\u8be6\u60c5-5-1-scaled.jpg\" alt=\"\" width=\"2560\" height=\"1440\" srcset=\"https:\/\/www.mlkjlasers.com\/wp-content\/uploads\/2023\/05\/LA1-\u8be6\u60c5-5-1-scaled.jpg 2560w, https:\/\/www.mlkjlasers.com\/wp-content\/uploads\/2023\/05\/LA1-\u8be6\u60c5-5-1-300x169.jpg 300w, https:\/\/www.mlkjlasers.com\/wp-content\/uploads\/2023\/05\/LA1-\u8be6\u60c5-5-1-1024x576.jpg 1024w, https:\/\/www.mlkjlasers.com\/wp-content\/uploads\/2023\/05\/LA1-\u8be6\u60c5-5-1-768x432.jpg 768w, https:\/\/www.mlkjlasers.com\/wp-content\/uploads\/2023\/05\/LA1-\u8be6\u60c5-5-1-1536x864.jpg 1536w, https:\/\/www.mlkjlasers.com\/wp-content\/uploads\/2023\/05\/LA1-\u8be6\u60c5-5-1-2048x1152.jpg 2048w, https:\/\/www.mlkjlasers.com\/wp-content\/uploads\/2023\/05\/LA1-\u8be6\u60c5-5-1-600x337.jpg 600w\" sizes=\"(max-width: 2560px) 100vw, 2560px\" \/><\/span><\/p>\n<p><span style=\"font-size: 14pt;\"><img loading=\"lazy\" decoding=\"async\" class=\"alignnone size-full wp-image-2831\" src=\"https:\/\/mlkjlasers.com\/wp-content\/uploads\/2023\/05\/LA1-\u8be6\u60c5-6-1-scaled.jpg\" alt=\"\" width=\"2560\" height=\"1440\" srcset=\"https:\/\/www.mlkjlasers.com\/wp-content\/uploads\/2023\/05\/LA1-\u8be6\u60c5-6-1-scaled.jpg 2560w, https:\/\/www.mlkjlasers.com\/wp-content\/uploads\/2023\/05\/LA1-\u8be6\u60c5-6-1-300x169.jpg 300w, https:\/\/www.mlkjlasers.com\/wp-content\/uploads\/2023\/05\/LA1-\u8be6\u60c5-6-1-1024x576.jpg 1024w, https:\/\/www.mlkjlasers.com\/wp-content\/uploads\/2023\/05\/LA1-\u8be6\u60c5-6-1-768x432.jpg 768w, https:\/\/www.mlkjlasers.com\/wp-content\/uploads\/2023\/05\/LA1-\u8be6\u60c5-6-1-1536x864.jpg 1536w, https:\/\/www.mlkjlasers.com\/wp-content\/uploads\/2023\/05\/LA1-\u8be6\u60c5-6-1-2048x1152.jpg 2048w, https:\/\/www.mlkjlasers.com\/wp-content\/uploads\/2023\/05\/LA1-\u8be6\u60c5-6-1-600x337.jpg 600w\" sizes=\"(max-width: 2560px) 100vw, 2560px\" \/><\/span><\/p>\n<p><span style=\"font-family: helvetica, arial, sans-serif; color: #000000; font-size: 14pt;\"><strong>3. Pantalla da Interface:<\/strong><\/span><\/p>\n<div class=\"des_detail\">\n<p style=\"text-align: left;\"><span style=\"font-family: helvetica, arial, sans-serif; color: #000000; font-size: 14pt;\">\u00bb\u00bbScreen Professional, easy to operate\u00bb\u00bbEnglish and any language\u00bb\u00bbOEM is avialalbe\u00bb\u00bbFree logo customable<\/span><\/p>\n<p>&nbsp;<\/p>\n<\/div>\n<p><span style=\"font-size: 14pt;\"><img loading=\"lazy\" decoding=\"async\" class=\"size-full wp-image-2832 aligncenter\" src=\"https:\/\/mlkjlasers.com\/wp-content\/uploads\/2023\/05\/LA1-\u8be6\u60c5-7-1-scaled.jpg\" alt=\"\" width=\"2560\" height=\"1440\" srcset=\"https:\/\/www.mlkjlasers.com\/wp-content\/uploads\/2023\/05\/LA1-\u8be6\u60c5-7-1-scaled.jpg 2560w, https:\/\/www.mlkjlasers.com\/wp-content\/uploads\/2023\/05\/LA1-\u8be6\u60c5-7-1-300x169.jpg 300w, https:\/\/www.mlkjlasers.com\/wp-content\/uploads\/2023\/05\/LA1-\u8be6\u60c5-7-1-1024x576.jpg 1024w, https:\/\/www.mlkjlasers.com\/wp-content\/uploads\/2023\/05\/LA1-\u8be6\u60c5-7-1-768x432.jpg 768w, https:\/\/www.mlkjlasers.com\/wp-content\/uploads\/2023\/05\/LA1-\u8be6\u60c5-7-1-1536x864.jpg 1536w, https:\/\/www.mlkjlasers.com\/wp-content\/uploads\/2023\/05\/LA1-\u8be6\u60c5-7-1-2048x1152.jpg 2048w, https:\/\/www.mlkjlasers.com\/wp-content\/uploads\/2023\/05\/LA1-\u8be6\u60c5-7-1-600x337.jpg 600w\" sizes=\"(max-width: 2560px) 100vw, 2560px\" \/><\/span><\/p>\n<p>&nbsp;<\/p>\n<p><span style=\"font-family: helvetica, arial, sans-serif; font-size: 14pt;\"><b data-spm-anchor-id=\"a2700.wholesale.0.i90.10456c16QWoCVL\">N\u00e3o se preocupe com garantia e servi\u00e7o ap\u00f3s venda <\/b>Todas as m\u00e1quinas t\u00eam uma garantia de dois anos e manuten\u00e7\u00e3o ao longo da vida, voc\u00ea recebe servi\u00e7o online de 24 horas de uma equipe profissional de p\u00f3s-vendas. Quando voc\u00ea tiver problemas, voc\u00ea pode contactar nossa equipe de p\u00f3s-vendas, e o problema ser\u00e1 resolvido no tempo mais r\u00e1pido. <\/span><\/p>\n<p><span style=\"font-family: helvetica, arial, sans-serif; font-size: 14pt;\"><b>Treinamento gratuito em todas as m\u00e1quinas <\/b>Voc\u00ea receber\u00e1 certificado de treinamento e treinamento gratuitos. Obter cursos de treinamento completos e f\u00e1ceis de entender. Tamb\u00e9m bonitos profissionais fornecer\u00e3o orienta\u00e7\u00e3o online. Seu neg\u00f3cio de beleza ser\u00e1 mais f\u00e1cil. <\/span><\/p>\n<p>&nbsp;<\/p>\n<p><span style=\"font-size: 14pt;\"><img loading=\"lazy\" decoding=\"async\" class=\"size-full wp-image-2833 aligncenter\" src=\"https:\/\/mlkjlasers.com\/wp-content\/uploads\/2023\/05\/LA1-\u8be6\u60c5-8-1-scaled.jpg\" alt=\"\" width=\"2560\" height=\"1440\" srcset=\"https:\/\/www.mlkjlasers.com\/wp-content\/uploads\/2023\/05\/LA1-\u8be6\u60c5-8-1-scaled.jpg 2560w, https:\/\/www.mlkjlasers.com\/wp-content\/uploads\/2023\/05\/LA1-\u8be6\u60c5-8-1-300x169.jpg 300w, https:\/\/www.mlkjlasers.com\/wp-content\/uploads\/2023\/05\/LA1-\u8be6\u60c5-8-1-1024x576.jpg 1024w, https:\/\/www.mlkjlasers.com\/wp-content\/uploads\/2023\/05\/LA1-\u8be6\u60c5-8-1-768x432.jpg 768w, https:\/\/www.mlkjlasers.com\/wp-content\/uploads\/2023\/05\/LA1-\u8be6\u60c5-8-1-1536x864.jpg 1536w, https:\/\/www.mlkjlasers.com\/wp-content\/uploads\/2023\/05\/LA1-\u8be6\u60c5-8-1-2048x1152.jpg 2048w, https:\/\/www.mlkjlasers.com\/wp-content\/uploads\/2023\/05\/LA1-\u8be6\u60c5-8-1-600x337.jpg 600w\" sizes=\"(max-width: 2560px) 100vw, 2560px\" \/><\/span><\/p>\n<\/div>\n<\/div>\n<\/div>\n<\/div>\n<\/div>","protected":false},"excerpt":{"rendered":"<p>O dispositivo picosegundo \u00e9 um dispositivo laser de duas ondas que trata les\u00f5es pigmentadas da derme e epidermis. Tem as seguintes vantagens: menor risco de efeitos secund\u00e1rios do tratamento; - Adequado para tons escuros e leves da pele, n\u00e3o f\u00e1cil de se tornar negro; Ambos efeitos terap\u00eauticosMulti-caracter\u00edsticas para cuidado da pele e rejuvena\u00e7\u00e3o; Pequeno per\u00edodo de recupera\u00e7\u00e3o, pode rapidamente voltar ao trabalho normal e descanso, leve e n\u00e3o irritante, adequado para pele sens\u00edvel, o n\u00famero de tratamentos \u00e9 inferior ao laser tradicional.<\/p>","protected":false},"featured_media":1979,"comment_status":"open","ping_status":"closed","template":"","meta":[],"product_cat":[24],"product_tag":[],"class_list":["post-222","product","type-product","status-publish","has-post-thumbnail","hentry","product_cat-nd-yag-laser"],"_links":{"self":[{"href":"https:\/\/www.mlkjlasers.com\/pt\/wp-json\/wp\/v2\/product\/222","targetHints":{"allow":["GET"]}}],"collection":[{"href":"https:\/\/www.mlkjlasers.com\/pt\/wp-json\/wp\/v2\/product"}],"about":[{"href":"https:\/\/www.mlkjlasers.com\/pt\/wp-json\/wp\/v2\/types\/product"}],"replies":[{"embeddable":true,"href":"https:\/\/www.mlkjlasers.com\/pt\/wp-json\/wp\/v2\/comments?post=222"}],"wp:featuredmedia":[{"embeddable":true,"href":"https:\/\/www.mlkjlasers.com\/pt\/wp-json\/wp\/v2\/media\/1979"}],"wp:attachment":[{"href":"https:\/\/www.mlkjlasers.com\/pt\/wp-json\/wp\/v2\/media?parent=222"}],"wp:term":[{"taxonomy":"product_cat","embeddable":true,"href":"https:\/\/www.mlkjlasers.com\/pt\/wp-json\/wp\/v2\/product_cat?post=222"},{"taxonomy":"product_tag","embeddable":true,"href":"https:\/\/www.mlkjlasers.com\/pt\/wp-json\/wp\/v2\/product_tag?post=222"}],"curies":[{"name":"wp","href":"https:\/\/api.w.org\/{rel}","templated":true}]}}