{"id":2238,"date":"2023-08-04T11:31:56","date_gmt":"2023-08-04T03:31:56","guid":{"rendered":"https:\/\/mlkjlasers.com\/?post_type=product&#038;p=2238"},"modified":"2026-02-28T11:56:02","modified_gmt":"2026-02-28T03:56:02","slug":"exfu-icello-diode-laser-machine-2","status":"publish","type":"product","link":"https:\/\/www.mlkjlasers.com\/pt\/product\/exfu-icello-diode-laser-machine-2\/","title":{"rendered":"High Power 1800w Machine Diode Laser Hair Removal Machine Exfu ICELLO"},"content":{"rendered":"<table style=\"border-collapse: collapse; width: 100%; height: 192px;\">\n<tbody>\n<tr style=\"height: 24px;\">\n<td style=\"width: 50%; height: 24px;\"><span style=\"font-size: 14pt; font-family: helvetica, arial, sans-serif;\"><b>M\u00e1quina de remo\u00e7\u00e3o de cabelo de laser diode<\/b><\/span><\/td>\n<td style=\"width: 50%; height: 24px;\"><span style=\"font-size: 14pt; font-family: helvetica, arial, sans-serif;\">N\u00famero do modelo:EXFU ICELLO<\/span><\/td>\n<\/tr>\n<tr style=\"height: 24px;\">\n<td style=\"width: 50%; height: 24px;\"><span style=\"font-size: 14pt; font-family: helvetica, arial, sans-serif;\">Longitude de onda: 808nm ou 755 808 1064nm<\/span><\/td>\n<td style=\"width: 50%; height: 24px;\"><span style=\"font-size: 14pt; font-family: helvetica, arial, sans-serif;\">Tamanho da tela:14 polegadas de estilo 4K<\/span><\/td>\n<\/tr>\n<tr style=\"height: 24px;\">\n<td style=\"width: 50%; height: 24px;\"><span style=\"font-size: 14pt; font-family: helvetica, arial, sans-serif;\">Tempo de vida: 40 milh\u00f5es de tiros<\/span><\/td>\n<td style=\"width: 50%; height: 24px;\"><span style=\"font-size: 14pt; font-family: helvetica, arial, sans-serif;\">Dura\u00e7\u00e3o do pulso: 10-300 ms<\/span><\/td>\n<\/tr>\n<tr style=\"height: 24px;\">\n<td style=\"width: 50%; height: 24px;\"><span style=\"font-size: 14pt; font-family: helvetica, arial, sans-serif;\">Banda de laser: 120w para cada um, uma barra de laser coerente americana<\/span><\/td>\n<td style=\"width: 50%; height: 24px;\"><span style=\"font-size: 14pt; font-family: helvetica, arial, sans-serif;\">Frequ\u00eancia: 1-10hz<\/span><\/td>\n<\/tr>\n<tr style=\"height: 24px;\">\n<td style=\"width: 50%; height: 24px;\"><span style=\"font-size: 14pt; font-family: helvetica, arial, sans-serif;\">Tamanho do ponto:12x24mm ou 12x36mm<\/span><\/td>\n<td style=\"width: 50%; height: 24px;\"><span style=\"font-size: 14pt; font-family: helvetica, arial, sans-serif;\">Energia: 1-150J<\/span><\/td>\n<\/tr>\n<tr style=\"height: 24px;\">\n<td style=\"width: 50%; height: 24px;\"><span style=\"font-size: 14pt; font-family: helvetica, arial, sans-serif;\">Sistema de refrigera\u00e7\u00e3o: Compressor, circuito de \u00e1gua<\/span><\/td>\n<td style=\"width: 50%; height: 24px;\"><span style=\"font-size: 14pt; font-family: helvetica, arial, sans-serif;\">Pot\u00eancia da M\u00e1quina:3500W<\/span><\/td>\n<\/tr>\n<tr style=\"height: 24px;\">\n<td style=\"width: 50%; height: 24px;\"><span style=\"font-size: 14pt; font-family: helvetica, arial, sans-serif;\">Tens\u00e3o: AC110V 60HZ\/AC220V 50HZ<\/span><\/td>\n<td style=\"width: 50%; height: 24px;\"><span style=\"font-size: 14pt; font-family: helvetica, arial, sans-serif;\">Tamanho da m\u00e1quina:480mm*400mm*1300mm<\/span><\/td>\n<\/tr>\n<tr style=\"height: 24px;\">\n<td style=\"width: 50%; height: 24px;\"><span style=\"font-size: 14pt; font-family: helvetica, arial, sans-serif;\">Paquete: Caixa de alum\u00ednio<\/span><\/td>\n<td style=\"width: 50%; height: 24px;\"><span style=\"font-size: 14pt; font-family: helvetica, arial, sans-serif;\">Garantia de servi\u00e7o:garantia de vida<\/span><\/td>\n<\/tr>\n<\/tbody>\n<\/table>\n<div class=\"se4_tit\">\n<div class=\"r left\"><\/div>\n<div class=\"l right\" style=\"text-align: left;\">\n<p><span style=\"font-size: 14pt; font-family: helvetica, arial, sans-serif;\"><img fetchpriority=\"high\" decoding=\"async\" class=\"aligncenter wp-image-2396 size-full\" src=\"https:\/\/www.mlkjlasers.com\/wp-content\/uploads\/2023\/09\/Hd476199b9cf44b38b64099a3367bf0d5P.jpg\" alt=\"\" width=\"1920\" height=\"850\" srcset=\"https:\/\/www.mlkjlasers.com\/wp-content\/uploads\/2023\/09\/Hd476199b9cf44b38b64099a3367bf0d5P.jpg 1920w, https:\/\/www.mlkjlasers.com\/wp-content\/uploads\/2023\/09\/Hd476199b9cf44b38b64099a3367bf0d5P-300x133.jpg 300w, https:\/\/www.mlkjlasers.com\/wp-content\/uploads\/2023\/09\/Hd476199b9cf44b38b64099a3367bf0d5P-1024x453.jpg 1024w, https:\/\/www.mlkjlasers.com\/wp-content\/uploads\/2023\/09\/Hd476199b9cf44b38b64099a3367bf0d5P-768x340.jpg 768w, https:\/\/www.mlkjlasers.com\/wp-content\/uploads\/2023\/09\/Hd476199b9cf44b38b64099a3367bf0d5P-1536x680.jpg 1536w, https:\/\/www.mlkjlasers.com\/wp-content\/uploads\/2023\/09\/Hd476199b9cf44b38b64099a3367bf0d5P-600x266.jpg 600w\" sizes=\"(max-width: 1920px) 100vw, 1920px\" \/><\/span><\/p>\n<\/div>\n<\/div>\n<div class=\"se4_tit\">\n<div class=\"l right\" style=\"text-align: left;\">\n<div class=\"J_module\">\n<div class=\"icbu-pc-images magic-1\">\n<div class=\"flex-layout-v\">\n<div class=\"flex-layout-h magic-1\">\n<div class=\"magic-2\">\n<div class=\"J_module\">\n<div class=\"icbu-pc-images magic-1\">\n<div class=\"flex-layout-v\">\n<div class=\"flex-layout-h magic-1\">\n<div><\/div>\n<div class=\"magic-24\"><strong><span style=\"font-family: helvetica, arial, sans-serif; font-size: 14pt;\">MLKJ A melhor m\u00e1quina comercial de remo\u00e7\u00e3o de cabelo laser.<\/span><\/strong><br \/>\n<span style=\"font-family: helvetica, arial, sans-serif; font-size: 14pt;\">De acordo com o princ\u00edpio da fototermodin\u00e2mica seletiva, o comprimento de onda laser, energia e largura do pulso podem ser adequadamente ajustados para fazer o laser passar pela superf\u00edcie da pele para o f\u00f3lico do cabelo ra\u00edz. Energia de luz \u00e9 absorvida e convertida em energia de calor que destrui tecido f\u00f3lico de cabelo, tornando o cabelo incapaz de regenerar, fazendo laseres MLKJ&#8217; tecnologia patentada sem dor e permanente<\/span><br \/>\n<span style=\"font-family: helvetica, arial, sans-serif; font-size: 14pt;\">O dispositivo de remo\u00e7\u00e3o de cabelo laser \u00e9 um m\u00e9todo de tratamento n\u00e3o invasivo, ap\u00f3s o tratamento n\u00e3o ter\u00e1 certo dano \u00e0 pele ao redor, n\u00e3o afetar\u00e1 a vida normal e o trabalho.<\/span><\/div>\n<div><img decoding=\"async\" class=\"aligncenter size-full wp-image-2230\" src=\"https:\/\/www.mlkjlasers.com\/wp-content\/uploads\/2023\/05\/\u5143\u5b87\u5b99\u5c4f\u5e55.jpg\" alt=\"\" width=\"2000\" height=\"720\" srcset=\"https:\/\/www.mlkjlasers.com\/wp-content\/uploads\/2023\/05\/\u5143\u5b87\u5b99\u5c4f\u5e55.jpg 2000w, https:\/\/www.mlkjlasers.com\/wp-content\/uploads\/2023\/05\/\u5143\u5b87\u5b99\u5c4f\u5e55-300x108.jpg 300w, https:\/\/www.mlkjlasers.com\/wp-content\/uploads\/2023\/05\/\u5143\u5b87\u5b99\u5c4f\u5e55-1024x369.jpg 1024w, https:\/\/www.mlkjlasers.com\/wp-content\/uploads\/2023\/05\/\u5143\u5b87\u5b99\u5c4f\u5e55-768x276.jpg 768w, https:\/\/www.mlkjlasers.com\/wp-content\/uploads\/2023\/05\/\u5143\u5b87\u5b99\u5c4f\u5e55-1536x553.jpg 1536w, https:\/\/www.mlkjlasers.com\/wp-content\/uploads\/2023\/05\/\u5143\u5b87\u5b99\u5c4f\u5e55-600x216.jpg 600w\" sizes=\"(max-width: 2000px) 100vw, 2000px\" \/><\/div>\n<\/div>\n<\/div>\n<\/div>\n<div><\/div>\n<\/div>\n<\/div>\n<\/div>\n<\/div>\n<\/div>\n<\/div>\n<div class=\"J_module\">\n<div class=\"detail-decorate-json-renderer-container\">\n<div class=\"magic-4\">\n<div class=\"magic-7\">\n<div class=\"magic-8\">\n<div class=\"magic-9\">\n<div><span style=\"font-size: 14pt; font-family: helvetica, arial, sans-serif;\"><span class=\"magic-10\">\u2714  FDA<\/span>\u00a0<span class=\"magic-13\">e CE m\u00e9dica <\/span><span class=\"magic-10\">M\u00e1quina Certificada<\/span><\/span><\/div>\n<div><span style=\"font-size: 14pt; font-family: helvetica, arial, sans-serif;\"><span class=\"magic-10\">\u2714<span class=\"magic-12\">3 em 1 <\/span>- Tr\u00eas tecnologias laser em uma m\u00e1quina<br \/>\n\u2714  Alexander<\/span><span class=\"magic-10\">e, Deus<\/span><span class=\"magic-10\">de e Nd: lasers YAG --<span class=\"magic-12\"> trata todos os tipos de pele<\/span><br \/>\n\u2714<span class=\"magic-12\">F\u00e1cil <\/span>para operar<br \/>\n\u2714  Treinamento online dispon\u00edvel<br \/>\n\u2714<span class=\"magic-12\">50 milh\u00f5es de tiros <\/span>por peda\u00e7o de m\u00e3o!<\/span><\/span><\/div>\n<\/div>\n<\/div>\n<\/div>\n<\/div>\n<\/div>\n<\/div>\n<div class=\"J_module\">\n<div data-section=\"AliMagic-1av7nm\" data-section-title=\"Handle display\"><\/div>\n<\/div>\n<\/div>\n<div data-section=\"AliMagic-1av7nm\" data-section-title=\"Handle display\"><img decoding=\"async\" class=\"aligncenter size-full wp-image-2229\" src=\"https:\/\/www.mlkjlasers.com\/wp-content\/uploads\/2023\/05\/\u5143\u5b87\u5b99\u9759\u97f3.jpg\" alt=\"\" width=\"1920\" height=\"1040\" srcset=\"https:\/\/www.mlkjlasers.com\/wp-content\/uploads\/2023\/05\/\u5143\u5b87\u5b99\u9759\u97f3.jpg 1920w, https:\/\/www.mlkjlasers.com\/wp-content\/uploads\/2023\/05\/\u5143\u5b87\u5b99\u9759\u97f3-300x163.jpg 300w, https:\/\/www.mlkjlasers.com\/wp-content\/uploads\/2023\/05\/\u5143\u5b87\u5b99\u9759\u97f3-1024x555.jpg 1024w, https:\/\/www.mlkjlasers.com\/wp-content\/uploads\/2023\/05\/\u5143\u5b87\u5b99\u9759\u97f3-768x416.jpg 768w, https:\/\/www.mlkjlasers.com\/wp-content\/uploads\/2023\/05\/\u5143\u5b87\u5b99\u9759\u97f3-1536x832.jpg 1536w, https:\/\/www.mlkjlasers.com\/wp-content\/uploads\/2023\/05\/\u5143\u5b87\u5b99\u9759\u97f3-600x325.jpg 600w\" sizes=\"(max-width: 1920px) 100vw, 1920px\" \/><\/div>\n<div class=\"l right\" style=\"text-align: left;\">\n<div class=\"J_module\">\n<div data-section=\"AliMagic-1av7nm\" data-section-title=\"Handle display\"><\/div>\n<div id=\"ali-anchor-AliMagic-1av7nm\" class=\"magic-0\" data-section=\"AliMagic-1av7nm\" data-section-title=\"Handle display\"><span style=\"font-size: 14pt; font-family: helvetica, arial, sans-serif;\"><strong>Manter o display<\/strong><\/span><\/div>\n<div data-section=\"AliMagic-1av7nm\" data-section-title=\"Handle display\"><\/div>\n<\/div>\n<div class=\"J_module\">\n<div class=\"icbu-pc-images magic-1\">\n<div>\n<div class=\"flex-layout-v\">\n<div class=\"flex-layout-h magic-1\">\n<div class=\"magic-14\"><\/div>\n<div class=\"magic-14\"><\/div>\n<div class=\"magic-14\"><span style=\"font-size: 14pt; font-family: helvetica, arial, sans-serif;\"><img loading=\"lazy\" decoding=\"async\" class=\"aligncenter wp-image-1765\" src=\"https:\/\/mlkjlasers.com\/wp-content\/uploads\/2023\/07\/\u53cc\u624b\u67c4\u5e26\u9f3b\u6bdb\u5934-V19\u533b\u7597\u6b3e\u5ba3\u4f20\u518c7-10.jpg\" alt=\"\" width=\"1920\" height=\"1080\" srcset=\"https:\/\/www.mlkjlasers.com\/wp-content\/uploads\/2023\/07\/\u53cc\u624b\u67c4\u5e26\u9f3b\u6bdb\u5934-V19\u533b\u7597\u6b3e\u5ba3\u4f20\u518c7-10.jpg 1200w, https:\/\/www.mlkjlasers.com\/wp-content\/uploads\/2023\/07\/\u53cc\u624b\u67c4\u5e26\u9f3b\u6bdb\u5934-V19\u533b\u7597\u6b3e\u5ba3\u4f20\u518c7-10-300x169.jpg 300w, https:\/\/www.mlkjlasers.com\/wp-content\/uploads\/2023\/07\/\u53cc\u624b\u67c4\u5e26\u9f3b\u6bdb\u5934-V19\u533b\u7597\u6b3e\u5ba3\u4f20\u518c7-10-1024x576.jpg 1024w, https:\/\/www.mlkjlasers.com\/wp-content\/uploads\/2023\/07\/\u53cc\u624b\u67c4\u5e26\u9f3b\u6bdb\u5934-V19\u533b\u7597\u6b3e\u5ba3\u4f20\u518c7-10-768x432.jpg 768w, https:\/\/www.mlkjlasers.com\/wp-content\/uploads\/2023\/07\/\u53cc\u624b\u67c4\u5e26\u9f3b\u6bdb\u5934-V19\u533b\u7597\u6b3e\u5ba3\u4f20\u518c7-10-600x338.jpg 600w\" sizes=\"(max-width: 1920px) 100vw, 1920px\" \/><\/span><\/div>\n<div class=\"magic-14\"><\/div>\n<\/div>\n<\/div>\n<\/div>\n<div>\n<div class=\"J_module\">\n<div class=\"icbu-pc-images magic-1\">\n<div class=\"flex-layout-v\">\n<div class=\"flex-layout-h magic-1\">\n<div class=\"magic-2\">\n<div class=\"J_module\">\n<div class=\"detail-decorate-json-renderer-container\">\n<div class=\"magic-4\">\n<div class=\"magic-7\">\n<div class=\"magic-8\">\n<div class=\"magic-9\" data-spm-anchor-id=\"a2700.wholesale.0.i36.51814b4b15mO1L\"><span class=\"magic-10\" style=\"font-size: 14pt; font-family: helvetica, arial, sans-serif;\">1. Sem dor. A ponta do peda\u00e7o de m\u00e3o se refrigera at\u00e9 -32C\u00b0,faz o tratamento confort\u00e1vel e eficaz<\/span><\/div>\n<div class=\"magic-9\" data-spm-anchor-id=\"a2700.wholesale.0.i36.51814b4b15mO1L\"><span class=\"magic-10\" style=\"font-size: 14pt; font-family: helvetica, arial, sans-serif;\">2.Resultados precoces do tratamento.2-3 sess\u00f5es de tratamento podem mostrar resultados permanentes <\/span><\/div>\n<div class=\"magic-9\" data-spm-anchor-id=\"a2700.wholesale.0.i36.51814b4b15mO1L\"><span class=\"magic-10\" style=\"font-size: 14pt; font-family: helvetica, arial, sans-serif;\">3.Virtualmente sem dor contatado com safiro incompar\u00e1vel confort\u00e1vel,e seguran\u00e7a<\/span><\/div>\n<div data-spm-anchor-id=\"a2700.wholesale.0.i36.51814b4b15mO1L\"><span style=\"font-family: helvetica, arial, sans-serif; font-size: 14pt;\">4.Aten\u00e7\u00e3o melhorada da ponta facial. Trate facilmente \u00e1reas que normalmente s\u00e3o dif\u00edceis de alcan\u00e7ar, incluindo orelhas, nariz e glabella.<\/span><\/div>\n<\/div>\n<\/div>\n<\/div>\n<\/div>\n<\/div>\n<\/div>\n<\/div>\n<\/div>\n<\/div>\n<\/div>\n<\/div>\n<div>\n<div class=\"flex-layout-v\">\n<div class=\"flex-layout-h magic-1\">\n<div class=\"magic-14\"><span style=\"font-size: 14pt; font-family: helvetica, arial, sans-serif;\"><img loading=\"lazy\" decoding=\"async\" class=\"aligncenter wp-image-1768\" src=\"https:\/\/mlkjlasers.com\/wp-content\/uploads\/2023\/07\/\u53cc\u624b\u67c4\u5e26\u9f3b\u6bdb\u5934-V19\u533b\u7597\u6b3e\u5ba3\u4f20\u518c7-9.jpg\" alt=\"\" width=\"1920\" height=\"1080\" srcset=\"https:\/\/www.mlkjlasers.com\/wp-content\/uploads\/2023\/07\/\u53cc\u624b\u67c4\u5e26\u9f3b\u6bdb\u5934-V19\u533b\u7597\u6b3e\u5ba3\u4f20\u518c7-9.jpg 1200w, https:\/\/www.mlkjlasers.com\/wp-content\/uploads\/2023\/07\/\u53cc\u624b\u67c4\u5e26\u9f3b\u6bdb\u5934-V19\u533b\u7597\u6b3e\u5ba3\u4f20\u518c7-9-300x169.jpg 300w, https:\/\/www.mlkjlasers.com\/wp-content\/uploads\/2023\/07\/\u53cc\u624b\u67c4\u5e26\u9f3b\u6bdb\u5934-V19\u533b\u7597\u6b3e\u5ba3\u4f20\u518c7-9-1024x576.jpg 1024w, https:\/\/www.mlkjlasers.com\/wp-content\/uploads\/2023\/07\/\u53cc\u624b\u67c4\u5e26\u9f3b\u6bdb\u5934-V19\u533b\u7597\u6b3e\u5ba3\u4f20\u518c7-9-768x432.jpg 768w, https:\/\/www.mlkjlasers.com\/wp-content\/uploads\/2023\/07\/\u53cc\u624b\u67c4\u5e26\u9f3b\u6bdb\u5934-V19\u533b\u7597\u6b3e\u5ba3\u4f20\u518c7-9-600x338.jpg 600w\" sizes=\"(max-width: 1920px) 100vw, 1920px\" \/><\/span><\/div>\n<div><\/div>\n<\/div>\n<\/div>\n<\/div>\n<\/div>\n<\/div>\n<div class=\"J_module\">\n<div class=\"icbu-pc-images magic-1\">\n<div class=\"flex-layout-v\">\n<div class=\"flex-layout-h magic-1\">\n<div class=\"magic-16\"><span style=\"font-size: 14pt; font-family: helvetica, arial, sans-serif;\">Pre\u00e7o da m\u00e1quina de remo\u00e7\u00e3o do cabelo laser 755\/808\/1064 nm.<\/span><br \/>\n<span style=\"font-size: 14pt; font-family: helvetica, arial, sans-serif;\">&gt; &gt; 808 ondas simples ou 755nm\/808nm\/1064nm comprimentos de ondas triplos perfeitos<\/span><br \/>\n<span style=\"font-size: 14pt; font-family: helvetica, arial, sans-serif;\">&gt; &gt; Emissor Importado da Am\u00e9rica, energia forte<\/span><br \/>\n<span style=\"font-size: 14pt; font-family: helvetica, arial, sans-serif;\">&gt; &gt; 10\/12 pe\u00e7as ou 16 pe\u00e7as Alemanha Dilas laser barras originales, 1200W\/1800W poder \u00e9 capaz de satisfazer todas as exig\u00eancias de retirada de cabelo em todo o corpo<\/span><\/div>\n<div><\/div>\n<\/div>\n<div>\n<div class=\"J_module\">\n<div class=\"icbu-pc-images magic-1\">\n<div>\n<div class=\"flex-layout-v\">\n<div class=\"flex-layout-h magic-1\">\n<div class=\"magic-18\"><\/div>\n<\/div>\n<\/div>\n<\/div>\n<\/div>\n<\/div>\n<div class=\"J_module\">\n<div class=\"detail-decorate-json-renderer-container\">\n<div class=\"magic-4\">\n<div class=\"magic-7\">\n<div class=\"magic-8\">\n<div><img loading=\"lazy\" decoding=\"async\" class=\"aligncenter size-full wp-image-2299\" src=\"https:\/\/www.mlkjlasers.com\/wp-content\/uploads\/2023\/08\/3\u4e2d\u95f4\u6a2a\u5e45-1920X600.png\" alt=\"\" width=\"1920\" height=\"600\" srcset=\"https:\/\/www.mlkjlasers.com\/wp-content\/uploads\/2023\/08\/3\u4e2d\u95f4\u6a2a\u5e45-1920X600.png 1920w, https:\/\/www.mlkjlasers.com\/wp-content\/uploads\/2023\/08\/3\u4e2d\u95f4\u6a2a\u5e45-1920X600-300x94.png 300w, https:\/\/www.mlkjlasers.com\/wp-content\/uploads\/2023\/08\/3\u4e2d\u95f4\u6a2a\u5e45-1920X600-1024x320.png 1024w, https:\/\/www.mlkjlasers.com\/wp-content\/uploads\/2023\/08\/3\u4e2d\u95f4\u6a2a\u5e45-1920X600-768x240.png 768w, https:\/\/www.mlkjlasers.com\/wp-content\/uploads\/2023\/08\/3\u4e2d\u95f4\u6a2a\u5e45-1920X600-1536x480.png 1536w, https:\/\/www.mlkjlasers.com\/wp-content\/uploads\/2023\/08\/3\u4e2d\u95f4\u6a2a\u5e45-1920X600-600x188.png 600w\" sizes=\"(max-width: 1920px) 100vw, 1920px\" \/><\/div>\n<div><\/div>\n<div class=\"magic-9\"><span style=\"font-family: helvetica, arial, sans-serif; font-size: 14pt;\">&gt; &gt; Frequ\u00eancia r\u00e1pida 1-10Hz e tamanho de pontos de 15x25 mm asseguram tratamento mais r\u00e1pido, suave e eficaz<\/span><br \/>\n<span style=\"font-family: helvetica, arial, sans-serif; font-size: 14pt;\">&gt; &gt; Sistema de refrigera\u00e7\u00e3o do toque de supersafiro assegura tratamento sem dor e confort\u00e1vel<\/span><br \/>\n<span style=\"font-family: helvetica, arial, sans-serif; font-size: 14pt;\">&gt; &gt; A It\u00e1lia importa bomba de \u00e1gua inoxid\u00e1vel, pode manter a m\u00e1quina trabalhando muito tempo sem parar. Certifique-se de que o calor foi removido muito rapidamente<\/span><br \/>\n<span style=\"font-family: helvetica, arial, sans-serif; font-size: 14pt;\">&gt; &gt; Filtros duplos para manter a qualidade da \u00e1gua<\/span><br \/>\n<span style=\"font-family: helvetica, arial, sans-serif; font-size: 14pt;\">&gt; &gt; Refrigimento do comprimidor \u00b7 Refrigimento do ar \u00b7 Refrigimento da \u00e1gua<\/span><\/div>\n<\/div>\n<\/div>\n<\/div>\n<div class=\"magic-4\">\n<div><\/div>\n<div><span style=\"font-size: 14pt; font-family: helvetica, arial, sans-serif;\"><strong>MLKJ LASER Tecnologia avan\u00e7ada,<\/strong>ele\u00a0<strong>ru\u00eddo operacional<\/strong>\u00a0\u00e9 muito baixo, sob\u00a0<strong>60<\/strong>\u00a0decibelos.<\/span><\/div>\n<div><\/div>\n<\/div>\n<div class=\"magic-4\">\n<div><\/div>\n<div class=\"magic-7\">\n<div class=\"magic-8\">\n<div><span style=\"font-size: 14pt; font-family: helvetica, arial, sans-serif;\"><img loading=\"lazy\" decoding=\"async\" class=\"wp-image-1932 aligncenter\" src=\"https:\/\/mlkjlasers.com\/wp-content\/uploads\/2023\/07\/\u8131\u6bdb\u8fc7\u7a0b\u56fe.jpg\" alt=\"\" width=\"1569\" height=\"629\" srcset=\"https:\/\/www.mlkjlasers.com\/wp-content\/uploads\/2023\/07\/\u8131\u6bdb\u8fc7\u7a0b\u56fe.jpg 840w, https:\/\/www.mlkjlasers.com\/wp-content\/uploads\/2023\/07\/\u8131\u6bdb\u8fc7\u7a0b\u56fe-300x120.jpg 300w, https:\/\/www.mlkjlasers.com\/wp-content\/uploads\/2023\/07\/\u8131\u6bdb\u8fc7\u7a0b\u56fe-768x308.jpg 768w, https:\/\/www.mlkjlasers.com\/wp-content\/uploads\/2023\/07\/\u8131\u6bdb\u8fc7\u7a0b\u56fe-600x241.jpg 600w\" sizes=\"(max-width: 1569px) 100vw, 1569px\" \/><\/span><\/div>\n<div class=\"magic-9\">\n<div><\/div>\n<\/div>\n<\/div>\n<\/div>\n<\/div>\n<\/div>\n<\/div>\n<\/div>\n<div class=\"flex-layout-h magic-1\">\n<div><span style=\"font-size: 14pt; font-family: helvetica, arial, sans-serif;\"><img loading=\"lazy\" decoding=\"async\" class=\"magic-23 aligncenter\" src=\"https:\/\/sc04.alicdn.com\/kf\/H8fb22db20fa24727a7b7781a7ff90a2eO\/200225979\/H8fb22db20fa24727a7b7781a7ff90a2eO.jpg\" width=\"1552\" height=\"300\" data-src=\"\/\/sc04.alicdn.com\/kf\/H8fb22db20fa24727a7b7781a7ff90a2eO\/200225979\/H8fb22db20fa24727a7b7781a7ff90a2eO.jpg\" \/><\/span><\/div>\n<div><\/div>\n<\/div>\n<\/div>\n<\/div>\n<\/div>\n<\/div>\n<\/div>\n<div class=\"des_detail\">\n<div class=\"des_detail\">\n<h4 style=\"text-align: left;\"><span style=\"font-size: 14pt; font-family: helvetica, arial, sans-serif;\">uma tela de 14 polegadas de 4K, experi\u00eancia de toque inteligente<\/span><\/h4>\n<pre style=\"text-align: left;\"><span style=\"font-size: 14pt; font-family: helvetica, arial, sans-serif;\">* 6 estilos de pele para escolher\n* f\u00e1cil de operar fornecendo habilidades de opera\u00e7\u00e3o\/servi\u00e7os de ensino\n* Logo e linguagem gratuitos podem ser personalizados na tela\r\n<\/span><\/pre>\n<div class=\"img_b\">\n<p><span style=\"font-size: 14pt; font-family: helvetica, arial, sans-serif;\"><img loading=\"lazy\" decoding=\"async\" class=\"aligncenter wp-image-2247\" src=\"https:\/\/mlkjlasers.com\/wp-content\/uploads\/2023\/08\/photobank.jpg\" alt=\"\" width=\"1920\" height=\"1280\" srcset=\"https:\/\/www.mlkjlasers.com\/wp-content\/uploads\/2023\/08\/photobank.jpg 1200w, https:\/\/www.mlkjlasers.com\/wp-content\/uploads\/2023\/08\/photobank-300x200.jpg 300w, https:\/\/www.mlkjlasers.com\/wp-content\/uploads\/2023\/08\/photobank-1024x683.jpg 1024w, https:\/\/www.mlkjlasers.com\/wp-content\/uploads\/2023\/08\/photobank-768x512.jpg 768w, https:\/\/www.mlkjlasers.com\/wp-content\/uploads\/2023\/08\/photobank-600x400.jpg 600w\" sizes=\"(max-width: 1920px) 100vw, 1920px\" \/><\/span><\/p>\n<p><span style=\"font-size: 14pt;\"><strong>Antes e depois<\/strong><\/span><\/p>\n<\/div>\n<p>&nbsp;<\/p>\n<\/div>\n<\/div>\n<p><img loading=\"lazy\" decoding=\"async\" class=\"aligncenter size-full wp-image-3106\" src=\"https:\/\/www.mlkjlasers.com\/wp-content\/uploads\/2024\/06\/8.jpg\" alt=\"\" width=\"1920\" height=\"1080\" srcset=\"https:\/\/www.mlkjlasers.com\/wp-content\/uploads\/2024\/06\/8.jpg 1920w, https:\/\/www.mlkjlasers.com\/wp-content\/uploads\/2024\/06\/8-300x169.jpg 300w, https:\/\/www.mlkjlasers.com\/wp-content\/uploads\/2024\/06\/8-1024x576.jpg 1024w, https:\/\/www.mlkjlasers.com\/wp-content\/uploads\/2024\/06\/8-768x432.jpg 768w, https:\/\/www.mlkjlasers.com\/wp-content\/uploads\/2024\/06\/8-1536x864.jpg 1536w, https:\/\/www.mlkjlasers.com\/wp-content\/uploads\/2024\/06\/8-600x338.jpg 600w\" sizes=\"(max-width: 1920px) 100vw, 1920px\" \/><\/p>\n<p><span style=\"font-size: 14pt; font-family: helvetica, arial, sans-serif; color: #000000;\">Fabricante de instrumentos de beleza por 15 anos, tem certificados FDA, CE, ISO13485.<\/span><br \/>\n<span style=\"font-size: 14pt; font-family: helvetica, arial, sans-serif; color: #000000;\">Estamos comprometidos a facilitar seu neg\u00f3cio de beleza!<\/span><br \/>\n<span style=\"font-family: helvetica, arial, sans-serif; font-size: 14pt;\"><a href=\"https:\/\/www.mlkjlasers.com\/pt\/contact-us\/\"><span style=\"color: #0000ff;\">Bem-vindos para nos contatar para mais solu\u00e7\u00f5es de coopera\u00e7\u00e3o!<\/span><\/a><\/span><\/p>\n<p>&nbsp;<\/p>","protected":false},"excerpt":{"rendered":"<p><span style=\"font-family: helvetica, arial, sans-serif; font-size: 14pt;\">MLKJ A melhor m\u00e1quina comercial de remo\u00e7\u00e3o de cabelo laser.<\/span><\/p>\n<p><span style=\"font-size: 14pt; font-family: helvetica, arial, sans-serif; color: #000000;\">Fabricante de instrumentos de beleza por 15 anos, tem certificados FDA, CE, ISO13485.<\/span><\/p>\n<p><span style=\"font-size: 14pt; font-family: helvetica, arial, sans-serif; color: #000000;\">Estamos comprometidos a facilitar seu neg\u00f3cio de beleza!<\/span><\/p>\n<p><span style=\"font-family: helvetica, arial, sans-serif; font-size: 14pt;\"><a href=\"https:\/\/www.mlkjlasers.com\/pt\/contact-us\/\"><span style=\"color: #0000ff;\">Bem-vindos para nos contatar para mais solu\u00e7\u00f5es de coopera\u00e7\u00e3o!<\/span><\/a><\/span><\/p>","protected":false},"featured_media":2243,"comment_status":"open","ping_status":"closed","template":"","meta":[],"product_cat":[15],"product_tag":[],"class_list":["post-2238","product","type-product","status-publish","has-post-thumbnail","hentry","product_cat-diode-laser-hair-removal-machine"],"_links":{"self":[{"href":"https:\/\/www.mlkjlasers.com\/pt\/wp-json\/wp\/v2\/product\/2238","targetHints":{"allow":["GET"]}}],"collection":[{"href":"https:\/\/www.mlkjlasers.com\/pt\/wp-json\/wp\/v2\/product"}],"about":[{"href":"https:\/\/www.mlkjlasers.com\/pt\/wp-json\/wp\/v2\/types\/product"}],"replies":[{"embeddable":true,"href":"https:\/\/www.mlkjlasers.com\/pt\/wp-json\/wp\/v2\/comments?post=2238"}],"wp:featuredmedia":[{"embeddable":true,"href":"https:\/\/www.mlkjlasers.com\/pt\/wp-json\/wp\/v2\/media\/2243"}],"wp:attachment":[{"href":"https:\/\/www.mlkjlasers.com\/pt\/wp-json\/wp\/v2\/media?parent=2238"}],"wp:term":[{"taxonomy":"product_cat","embeddable":true,"href":"https:\/\/www.mlkjlasers.com\/pt\/wp-json\/wp\/v2\/product_cat?post=2238"},{"taxonomy":"product_tag","embeddable":true,"href":"https:\/\/www.mlkjlasers.com\/pt\/wp-json\/wp\/v2\/product_tag?post=2238"}],"curies":[{"name":"wp","href":"https:\/\/api.w.org\/{rel}","templated":true}]}}