{"id":2334,"date":"2023-08-28T09:23:34","date_gmt":"2023-08-28T01:23:34","guid":{"rendered":"https:\/\/mlkjlasers.com\/?post_type=product&#038;p=2334"},"modified":"2026-01-27T15:14:58","modified_gmt":"2026-01-27T07:14:58","slug":"new-technology-fat-removal-ems-body-tightening-machines-lose-weight-machine-sculpting-ems-body-device-stimulator","status":"publish","type":"product","link":"https:\/\/www.mlkjlasers.com\/pt\/product\/new-technology-fat-removal-ems-body-tightening-machines-lose-weight-machine-sculpting-ems-body-device-stimulator\/","title":{"rendered":"Peso de perda port\u00e1til 4 manejo 16 m\u00fasculos Tesla Building Stimulator Fat Sculpting Machine"},"content":{"rendered":"<div class=\"J_module\">\n<div class=\"icbu-pc-images magic-0\">\n<div>\n<div class=\"flex-layout-v\">\n<div class=\"flex-layout-h magic-0\">\n<div class=\"magic-1\"><span style=\"color: #000000; font-size: 14pt; font-family: helvetica, arial, sans-serif;\"><img fetchpriority=\"high\" decoding=\"async\" class=\"size-full wp-image-3747\" src=\"https:\/\/www.mlkjlasers.com\/wp-content\/uploads\/2026\/01\/\u4fbf\u643a\u56db-7.jpg\" alt=\"\" width=\"1920\" height=\"1080\" srcset=\"https:\/\/www.mlkjlasers.com\/wp-content\/uploads\/2026\/01\/\u4fbf\u643a\u56db-7.jpg 1920w, https:\/\/www.mlkjlasers.com\/wp-content\/uploads\/2026\/01\/\u4fbf\u643a\u56db-7-300x169.jpg 300w, https:\/\/www.mlkjlasers.com\/wp-content\/uploads\/2026\/01\/\u4fbf\u643a\u56db-7-1024x576.jpg 1024w, https:\/\/www.mlkjlasers.com\/wp-content\/uploads\/2026\/01\/\u4fbf\u643a\u56db-7-768x432.jpg 768w, https:\/\/www.mlkjlasers.com\/wp-content\/uploads\/2026\/01\/\u4fbf\u643a\u56db-7-1536x864.jpg 1536w, https:\/\/www.mlkjlasers.com\/wp-content\/uploads\/2026\/01\/\u4fbf\u643a\u56db-7-18x10.jpg 18w, https:\/\/www.mlkjlasers.com\/wp-content\/uploads\/2026\/01\/\u4fbf\u643a\u56db-7-600x338.jpg 600w\" sizes=\"(max-width: 1920px) 100vw, 1920px\" \/><\/span><\/div>\n<\/div>\n<\/div>\n<\/div>\n<\/div>\n<\/div>\n<div class=\"J_module\">\n<div class=\"detail-decorate-json-renderer-container\">\n<div class=\"magic-3\">\n<div class=\"magic-4\">\n<div class=\"magic-5\">\n<div class=\"magic-6\">\n<div class=\"magic-7\" style=\"text-align: left;\"><span style=\"font-size: 14pt;\"><b>Construir m\u00fasculos<\/b><\/span><br \/>\n<span style=\"font-size: 14pt;\">Os m\u00fasculos contraem 30000 vezes em alta frequ\u00eancia e intensidade, permitindo treinamento e aumento da densidade e volume musculares.<\/span><br \/>\n<span style=\"font-size: 14pt;\"><b>Reduzir a gordura<\/b><\/span><br \/>\n<span style=\"font-size: 14pt;\">A contra\u00e7\u00e3o final dos m\u00fasculos requer uma grande quantidade de suprimento energ\u00e9tico, ent\u00e3o as c\u00e9lulas gordas ao lado dos m\u00fasculos tamb\u00e9m s\u00e3o consumidas, levando a apoptose natural e redu\u00e7\u00e3o efetiva da gordura.<\/span><br \/>\n<span style=\"font-size: 14pt;\"><b>Esculpa muscular<\/b><\/span><br \/>\n<span style=\"font-size: 14pt;\">Exercitando os m\u00fasculos abdominais e gluteais, treinando os m\u00fasculos oblicos do abdome, e formando a linha da sirena.<\/span><\/div>\n<div style=\"text-align: left;\"><span style=\"font-size: 14pt;\"><img decoding=\"async\" class=\"aligncenter size-full wp-image-3750\" src=\"https:\/\/www.mlkjlasers.com\/wp-content\/uploads\/2026\/01\/\u4fbf\u643a\u56db-11.jpg\" alt=\"\" width=\"1920\" height=\"1080\" srcset=\"https:\/\/www.mlkjlasers.com\/wp-content\/uploads\/2026\/01\/\u4fbf\u643a\u56db-11.jpg 1920w, https:\/\/www.mlkjlasers.com\/wp-content\/uploads\/2026\/01\/\u4fbf\u643a\u56db-11-300x169.jpg 300w, https:\/\/www.mlkjlasers.com\/wp-content\/uploads\/2026\/01\/\u4fbf\u643a\u56db-11-1024x576.jpg 1024w, https:\/\/www.mlkjlasers.com\/wp-content\/uploads\/2026\/01\/\u4fbf\u643a\u56db-11-768x432.jpg 768w, https:\/\/www.mlkjlasers.com\/wp-content\/uploads\/2026\/01\/\u4fbf\u643a\u56db-11-1536x864.jpg 1536w, https:\/\/www.mlkjlasers.com\/wp-content\/uploads\/2026\/01\/\u4fbf\u643a\u56db-11-18x10.jpg 18w, https:\/\/www.mlkjlasers.com\/wp-content\/uploads\/2026\/01\/\u4fbf\u643a\u56db-11-600x338.jpg 600w\" sizes=\"(max-width: 1920px) 100vw, 1920px\" \/><\/span><\/div>\n<div><\/div>\n<div class=\"magic-7\"><span class=\"magic-8\" style=\"color: #000000; font-size: 14pt; font-family: helvetica, arial, sans-serif;\">Super f\u00e1cil de perder peso! <\/span><\/div>\n<div class=\"magic-7\"><span class=\"magic-8\" style=\"color: #000000; font-size: 14pt; font-family: helvetica, arial, sans-serif;\"> Tudo o que voc\u00ea precisa \u00e9 de uma m\u00e1quina de forma\u00e7\u00e3o de m\u00fasculos RF de alta for\u00e7a<\/span><\/div>\n<\/div>\n<div><span style=\"font-size: 14pt;\"><img decoding=\"async\" class=\"size-full wp-image-3749 alignleft\" src=\"https:\/\/www.mlkjlasers.com\/wp-content\/uploads\/2026\/01\/\u4fbf\u643a\u56db-10.jpg\" alt=\"\" width=\"1920\" height=\"1080\" srcset=\"https:\/\/www.mlkjlasers.com\/wp-content\/uploads\/2026\/01\/\u4fbf\u643a\u56db-10.jpg 1920w, https:\/\/www.mlkjlasers.com\/wp-content\/uploads\/2026\/01\/\u4fbf\u643a\u56db-10-300x169.jpg 300w, https:\/\/www.mlkjlasers.com\/wp-content\/uploads\/2026\/01\/\u4fbf\u643a\u56db-10-1024x576.jpg 1024w, https:\/\/www.mlkjlasers.com\/wp-content\/uploads\/2026\/01\/\u4fbf\u643a\u56db-10-768x432.jpg 768w, https:\/\/www.mlkjlasers.com\/wp-content\/uploads\/2026\/01\/\u4fbf\u643a\u56db-10-1536x864.jpg 1536w, https:\/\/www.mlkjlasers.com\/wp-content\/uploads\/2026\/01\/\u4fbf\u643a\u56db-10-18x10.jpg 18w, https:\/\/www.mlkjlasers.com\/wp-content\/uploads\/2026\/01\/\u4fbf\u643a\u56db-10-600x338.jpg 600w\" sizes=\"(max-width: 1920px) 100vw, 1920px\" \/><\/span><\/div>\n<\/div>\n<\/div>\n<\/div>\n<\/div>\n<\/div>\n<div class=\"J_module\">\n<div class=\"icbu-pc-images magic-0\">\n<div>\n<div class=\"flex-layout-v\">\n<div class=\"flex-layout-h magic-0\">\n<div class=\"magic-9\"><span style=\"font-size: 14pt;\"><b style=\"color: #000000; font-family: helvetica, arial, sans-serif;\">Como esta m\u00e1quina funciona?<\/b><\/span><\/div>\n<\/div>\n<\/div>\n<\/div>\n<\/div>\n<\/div>\n<div class=\"J_module\">\n<div class=\"detail-decorate-json-renderer-container\">\n<div class=\"magic-3\">\n<div class=\"magic-4\">\n<div class=\"magic-5\">\n<div class=\"magic-6\" style=\"text-align: left;\"><span class=\"magic-11\" style=\"color: #000000; font-size: 14pt; font-family: helvetica, arial, sans-serif;\">Adota eletromagn\u00e9tico pulsado de alta intensidade para construir m\u00fasculos e tons para o abdome, bra\u00e7os, pernas e traseiros.<br \/>\n<\/span><\/div>\n<div style=\"text-align: left;\"><span style=\"font-size: 14pt;\">No trabalho di\u00e1rio, quando o manejo atua em diferentes partes de diferentes clientes, s\u00e3o necess\u00e1rios par\u00e2metros diferentes. Cada manobra pode ajustar par\u00e2metros independentemente, perfeitamente satisfazendo os diferentes requisitos energ\u00e9ticos de diferentes partes quando manobras trabalham ao mesmo tempo.<\/span><\/div>\n<div><span style=\"font-size: 14pt;\"><img loading=\"lazy\" decoding=\"async\" class=\"aligncenter size-full wp-image-3751\" src=\"https:\/\/www.mlkjlasers.com\/wp-content\/uploads\/2026\/01\/\u4fbf\u643a\u56db-12.jpg\" alt=\"\" width=\"1920\" height=\"1080\" srcset=\"https:\/\/www.mlkjlasers.com\/wp-content\/uploads\/2026\/01\/\u4fbf\u643a\u56db-12.jpg 1920w, https:\/\/www.mlkjlasers.com\/wp-content\/uploads\/2026\/01\/\u4fbf\u643a\u56db-12-300x169.jpg 300w, https:\/\/www.mlkjlasers.com\/wp-content\/uploads\/2026\/01\/\u4fbf\u643a\u56db-12-1024x576.jpg 1024w, https:\/\/www.mlkjlasers.com\/wp-content\/uploads\/2026\/01\/\u4fbf\u643a\u56db-12-768x432.jpg 768w, https:\/\/www.mlkjlasers.com\/wp-content\/uploads\/2026\/01\/\u4fbf\u643a\u56db-12-1536x864.jpg 1536w, https:\/\/www.mlkjlasers.com\/wp-content\/uploads\/2026\/01\/\u4fbf\u643a\u56db-12-18x10.jpg 18w, https:\/\/www.mlkjlasers.com\/wp-content\/uploads\/2026\/01\/\u4fbf\u643a\u56db-12-600x338.jpg 600w\" sizes=\"(max-width: 1920px) 100vw, 1920px\" \/><\/span><\/div>\n<\/div>\n<div style=\"text-align: left;\"><span style=\"font-size: 14pt;\">Funcionalidade Multi-Mode &#8211; Diversos n\u00edveis de intensidade para tratamento personalizado.<\/span><br \/>\n<span style=\"font-size: 14pt;\">R\u00e1pido e - Resultados Vis\u00edveis &#8211; Senta a diferen\u00e7a em apenas algumas sess\u00f5es.<\/span><br \/>\n<span style=\"font-size: 14pt;\">Seguro e seguro N\u00e3o invasivo Sem cirurgia, sem tempo de descanso, sem dor.<\/span><br \/>\n<span style=\"font-size: 14pt;\">Uso Completo do corpo &#8211; Trabalha nos abdominais, bra\u00e7os, coxas, glutas e mais.<\/span><br \/>\n<span style=\"font-size: 14pt;\">Port\u00e1vel e f\u00e1cil de usar Perfeito para sal\u00f5es, cl\u00ednicas ou uso dom\u00e9stico.<\/span><\/div>\n<div><span style=\"font-size: 14pt;\"><img loading=\"lazy\" decoding=\"async\" class=\"aligncenter size-full wp-image-3753\" src=\"https:\/\/www.mlkjlasers.com\/wp-content\/uploads\/2026\/01\/\u4fbf\u643a\u56db-14.jpg\" alt=\"\" width=\"1920\" height=\"1080\" srcset=\"https:\/\/www.mlkjlasers.com\/wp-content\/uploads\/2026\/01\/\u4fbf\u643a\u56db-14.jpg 1920w, https:\/\/www.mlkjlasers.com\/wp-content\/uploads\/2026\/01\/\u4fbf\u643a\u56db-14-300x169.jpg 300w, https:\/\/www.mlkjlasers.com\/wp-content\/uploads\/2026\/01\/\u4fbf\u643a\u56db-14-1024x576.jpg 1024w, https:\/\/www.mlkjlasers.com\/wp-content\/uploads\/2026\/01\/\u4fbf\u643a\u56db-14-768x432.jpg 768w, https:\/\/www.mlkjlasers.com\/wp-content\/uploads\/2026\/01\/\u4fbf\u643a\u56db-14-1536x864.jpg 1536w, https:\/\/www.mlkjlasers.com\/wp-content\/uploads\/2026\/01\/\u4fbf\u643a\u56db-14-18x10.jpg 18w, https:\/\/www.mlkjlasers.com\/wp-content\/uploads\/2026\/01\/\u4fbf\u643a\u56db-14-600x338.jpg 600w\" sizes=\"(max-width: 1920px) 100vw, 1920px\" \/><\/span><\/div>\n<div>\n<article class=\"4ever-article\"><strong><span style=\"font-size: 14pt;\" data-type=\"text\">Vendo pontos do dispositivo de deslizamento magn\u00e9tico de 4 m\u00e3os<\/span><\/strong><\/article>\n<article class=\"4ever-article\"><span style=\"font-size: 14pt;\">1.Quatro Manos Trabalhando Simultaneamente \u2013 Doblar a Efici\u00eancia Tratar m\u00faltiplas \u00e1reas de uma vez (por exemplo, abdomen \u060c coxas \u060c bra\u00e7os \u060c traseiros). - poupa tempo por sess\u00e3o e melhora o turno do cliente - perfeito para cl\u00ednicas ocupadas.<\/span><\/article>\n<article><\/article>\n<article class=\"4ever-article\"><span style=\"font-size: 14pt;\">2.Controlo independente \u2013 Tratamentos tailoreados Cada manejo funciona independentemente com configura\u00e7\u00f5es ajustadas para intensidade e modo. Adaptado para diferentes \u00e1reas e metas corporais, redu\u00e7\u00e3o de gordura, toning ou constru\u00e7\u00e3o muscular.<\/span><\/article>\n<article><\/article>\n<article class=\"4ever-article\"><span style=\"font-size: 14pt;\">3.Conturismo de corpo completo \u2013 Um dispositivo, Solu\u00e7\u00e3o Total cobre abdomen, bra\u00e7os, coxas, traseiras e mais. oferece uma solu\u00e7\u00e3o de escultura completa para aumentar a satisfa\u00e7\u00e3o e reten\u00e7\u00e3o dos clientes.<\/span><\/article>\n<article><\/article>\n<article class=\"4ever-article\"><span style=\"font-size: 14pt;\">4.Eficiente e Cost-Effetivo para Cl\u00ednicas Uma sess\u00e3o visa m\u00faltiplas zonas - menos esfor\u00e7o manual, mais automatiza\u00e7\u00e3o. Aumenta a efici\u00eancia do pessoal e reduz os custos operacionais.<\/span><\/article>\n<article><\/article>\n<article class=\"4ever-article\"><span style=\"font-size: 14pt;\">5.Utiliza\u00e7\u00e3o de duas pessoas \u2013 Maximizar Revenue Dois clientes podem ser tratados ao mesmo tempo. Ideal para horas de pico, pacotes promocionais, ou tratamentos de pares\/grupo.<\/span><\/article>\n<article><\/article>\n<article class=\"4ever-article\"><span style=\"font-size: 14pt;\">6. Apela\u00e7\u00e3o de alta tecnologia \u2013 Premium Client Experience Sleep design com efeitos LED e controles de tela de toque aumenta o valor percebido. Projeta uma imagem modern a e profissional que eleva a posi\u00e7\u00e3o da marca.<\/span><\/article>\n<\/div>\n<\/div>\n<\/div>\n<\/div>\n<\/div>\n<div class=\"J_module\">\n<div class=\"detail-decorate-json-renderer-container\">\n<div class=\"magic-3\">\n<div class=\"magic-4\">\n<div class=\"magic-5\">\n<div class=\"magic-6\">\n<div class=\"magic-7\"><\/div>\n<\/div>\n<\/div>\n<\/div>\n<\/div>\n<\/div>\n<\/div>\n<div class=\"J_module\">\n<div class=\"icbu-pc-images magic-0\">\n<div class=\"flex-layout-v\">\n<div class=\"flex-layout-h magic-0\">\n<div class=\"magic-23\"><\/div>\n<\/div>\n<\/div>\n<\/div>\n<\/div>\n<div class=\"J_module\">\n<div class=\"icbu-pc-images magic-0\">\n<div>\n<div class=\"flex-layout-v\">\n<div class=\"flex-layout-h magic-0\">\n<div class=\"magic-24\"><\/div>\n<\/div>\n<\/div>\n<\/div>\n<\/div>\n<\/div>\n<div class=\"J_module\">\n<div class=\"detail-decorate-json-renderer-container\">\n<div class=\"magic-3\">\n<div class=\"magic-4\">\n<div class=\"magic-5\">\n<div class=\"magic-6\">\n<div class=\"magic-7\">\n<div><span style=\"font-size: 14pt;\"><img loading=\"lazy\" decoding=\"async\" class=\"aligncenter size-full wp-image-3752\" src=\"https:\/\/www.mlkjlasers.com\/wp-content\/uploads\/2026\/01\/\u4fbf\u643a\u56db-13.jpg\" alt=\"\" width=\"1920\" height=\"1080\" srcset=\"https:\/\/www.mlkjlasers.com\/wp-content\/uploads\/2026\/01\/\u4fbf\u643a\u56db-13.jpg 1920w, https:\/\/www.mlkjlasers.com\/wp-content\/uploads\/2026\/01\/\u4fbf\u643a\u56db-13-300x169.jpg 300w, https:\/\/www.mlkjlasers.com\/wp-content\/uploads\/2026\/01\/\u4fbf\u643a\u56db-13-1024x576.jpg 1024w, https:\/\/www.mlkjlasers.com\/wp-content\/uploads\/2026\/01\/\u4fbf\u643a\u56db-13-768x432.jpg 768w, https:\/\/www.mlkjlasers.com\/wp-content\/uploads\/2026\/01\/\u4fbf\u643a\u56db-13-1536x864.jpg 1536w, https:\/\/www.mlkjlasers.com\/wp-content\/uploads\/2026\/01\/\u4fbf\u643a\u56db-13-18x10.jpg 18w, https:\/\/www.mlkjlasers.com\/wp-content\/uploads\/2026\/01\/\u4fbf\u643a\u56db-13-600x338.jpg 600w\" sizes=\"(max-width: 1920px) 100vw, 1920px\" \/><\/span><\/div>\n<div class=\"magic-7\"><\/div>\n<div style=\"text-align: left;\"><span style=\"font-size: 14pt;\"><b style=\"color: #000000; font-family: helvetica, arial, sans-serif; text-align: left;\">Elimina\u00e7\u00e3o da gordura<\/b><\/span><\/div>\n<\/div>\n<\/div>\n<\/div>\n<\/div>\n<\/div>\n<\/div>\n<\/div>\n<div class=\"J_module\">\n<div class=\"detail-decorate-json-renderer-container\">\n<div class=\"magic-3\">\n<div class=\"magic-4\">\n<div class=\"magic-5\">\n<div class=\"magic-6\" style=\"text-align: left;\"><span style=\"color: #000000; font-size: 14pt; font-family: helvetica, arial, sans-serif;\">A constru\u00e7\u00e3o muscular melhora a libera\u00e7\u00e3o da epinefrina, o que traz um efeito \u00f3bvio que leva a lip\u00f3lise supram\u00e1xima nas c\u00e9lulas gordas.<\/span><\/div>\n<div class=\"magic-6\" style=\"text-align: left;\"><span style=\"color: #000000; font-size: 14pt; font-family: helvetica, arial, sans-serif;\"><b>Circula\u00e7\u00e3o de melhora linf\u00e1tica<\/b><\/span><br \/>\n<span style=\"color: #000000; font-size: 14pt; font-family: helvetica, arial, sans-serif;\">As ondas eletromagn\u00e9ticas estimulam a hemoglobina, aumentam o fluxo sangu\u00edneo, a circula\u00e7\u00e3o linf\u00e1tica. O procedimento aumenta que as c\u00e9lulas gordas mortas s\u00e3o eliminadas naturalmente.<\/span><\/div>\n<div class=\"magic-6\" style=\"text-align: left;\"><span style=\"color: #000000; font-size: 14pt; font-family: helvetica, arial, sans-serif;\"><b>Alta Intensidade<\/b><\/span><br \/>\n<span style=\"color: #000000; font-size: 14pt; font-family: helvetica, arial, sans-serif;\">Tesla baseada em energia magn\u00e9tica de alta intensidade, que pode cobrir grandes m\u00fasculos esqueletais do corpo humano, e esse alto n\u00edvel de energia permite a resposta muscular com uma remodela\u00e7\u00e3o profunda da sua estrutura interior.<\/span><\/div>\n<\/div>\n<\/div>\n<\/div>\n<\/div>\n<\/div>\n<div class=\"J_module\">\n<div class=\"detail-decorate-json-renderer-container\">\n<div class=\"magic-3\">\n<div class=\"magic-4\">\n<div class=\"magic-5\">\n<div class=\"magic-6\"><span style=\"font-size: 14pt;\"><img loading=\"lazy\" decoding=\"async\" class=\"aligncenter size-full wp-image-3748\" src=\"https:\/\/www.mlkjlasers.com\/wp-content\/uploads\/2026\/01\/\u4fbf\u643a\u56db-8.jpg\" alt=\"\" width=\"1920\" height=\"1080\" srcset=\"https:\/\/www.mlkjlasers.com\/wp-content\/uploads\/2026\/01\/\u4fbf\u643a\u56db-8.jpg 1920w, https:\/\/www.mlkjlasers.com\/wp-content\/uploads\/2026\/01\/\u4fbf\u643a\u56db-8-300x169.jpg 300w, https:\/\/www.mlkjlasers.com\/wp-content\/uploads\/2026\/01\/\u4fbf\u643a\u56db-8-1024x576.jpg 1024w, https:\/\/www.mlkjlasers.com\/wp-content\/uploads\/2026\/01\/\u4fbf\u643a\u56db-8-768x432.jpg 768w, https:\/\/www.mlkjlasers.com\/wp-content\/uploads\/2026\/01\/\u4fbf\u643a\u56db-8-1536x864.jpg 1536w, https:\/\/www.mlkjlasers.com\/wp-content\/uploads\/2026\/01\/\u4fbf\u643a\u56db-8-18x10.jpg 18w, https:\/\/www.mlkjlasers.com\/wp-content\/uploads\/2026\/01\/\u4fbf\u643a\u56db-8-600x338.jpg 600w\" sizes=\"(max-width: 1920px) 100vw, 1920px\" \/><\/span><\/div>\n<div><span style=\"font-size: 14pt;\"><b class=\"magic-19\" style=\"color: #000000; font-family: helvetica, arial, sans-serif;\"><span class=\"magic-11\"><span class=\"magic-20\">A tela HD de 14K, os par\u00e2metros do sistema masculino e feminino pr\u00e9-estabelecem mais convenientes<\/span><\/span><\/b><\/span><\/div>\n<\/div>\n<\/div>\n<\/div>\n<\/div>\n<\/div>\n<div class=\"J_module\">\n<div id=\"ali-anchor-AliMagic-3dz5fi\" class=\"magic-15\" data-section=\"AliMagic-3dz5fi\" data-section-title=\"Packing &amp; Delivery\">\n<div class=\"magic-7\"><span style=\"color: #000000; font-size: 14pt; font-family: helvetica, arial, sans-serif;\"><b class=\"magic-19\"><span class=\"magic-11\"><span class=\"magic-20\">Design inovador de um clic inicial<\/span><\/span><\/b><\/span><\/div>\n<div><img loading=\"lazy\" decoding=\"async\" class=\"aligncenter size-full wp-image-3735\" src=\"https:\/\/www.mlkjlasers.com\/wp-content\/uploads\/2026\/01\/\u4fbf\u643a\u53cc-7.jpg\" alt=\"\" width=\"1920\" height=\"1080\" srcset=\"https:\/\/www.mlkjlasers.com\/wp-content\/uploads\/2026\/01\/\u4fbf\u643a\u53cc-7.jpg 1920w, https:\/\/www.mlkjlasers.com\/wp-content\/uploads\/2026\/01\/\u4fbf\u643a\u53cc-7-300x169.jpg 300w, https:\/\/www.mlkjlasers.com\/wp-content\/uploads\/2026\/01\/\u4fbf\u643a\u53cc-7-1024x576.jpg 1024w, https:\/\/www.mlkjlasers.com\/wp-content\/uploads\/2026\/01\/\u4fbf\u643a\u53cc-7-768x432.jpg 768w, https:\/\/www.mlkjlasers.com\/wp-content\/uploads\/2026\/01\/\u4fbf\u643a\u53cc-7-1536x864.jpg 1536w, https:\/\/www.mlkjlasers.com\/wp-content\/uploads\/2026\/01\/\u4fbf\u643a\u53cc-7-18x10.jpg 18w, https:\/\/www.mlkjlasers.com\/wp-content\/uploads\/2026\/01\/\u4fbf\u643a\u53cc-7-600x338.jpg 600w\" sizes=\"(max-width: 1920px) 100vw, 1920px\" \/><\/div>\n<\/div>\n<\/div>\n<div class=\"J_module\">\n<div class=\"icbu-pc-images magic-0\">\n<div>\n<div class=\"flex-layout-v\">\n<div class=\"flex-layout-h magic-0\">\n<div class=\"magic-45\"><\/div>\n<\/div>\n<\/div>\n<\/div>\n<\/div>\n<\/div>\n<div class=\"J_module\">\n<div class=\"detail-decorate-json-renderer-container\">\n<div class=\"magic-3\">\n<div class=\"magic-4\">\n<div class=\"magic-5\">\n<div class=\"magic-6\">\n<p class=\"magic-38\" style=\"text-align: center;\" data-spm-anchor-id=\"a2700.wholesale.0.i46.521e26ba3HtoMY\"><span style=\"font-size: 14pt; color: #000000; font-family: helvetica, arial, sans-serif;\"><b><u>embalagem e entrega<\/u><\/b><br \/>\n<b>embalagem:<\/b> Caixa est\u00e1vel de alum\u00ednio com espuma.<br \/>\n<b>Entrega:<\/b> 3 dias trabalhadores, por DHL, UPS, TNT, FedEx, etc. servi\u00e7o porta a porta.<br \/>\nAntes da entrega, nossos engenheiros v\u00e3o testar todos os detalhes da m\u00e1quina, assegurando que nosso cliente possa obter a m\u00e1quina mais perfeita de n\u00f3s.\u00a0\u00a0<\/span><\/p>\n<\/div>\n<p data-spm-anchor-id=\"a2700.wholesale.0.i46.521e26ba3HtoMY\">\n<\/div>\n<\/div>\n<\/div>\n<\/div>\n<\/div>","protected":false},"excerpt":{"rendered":"<p><span class=\"\" title=\"Este gui\u00e3o \u00e9 escrito pela Opera\u00e7\u00e3o Youshu. Este gui\u00e3o \u00e9 completamente gratuito para estudo pessoal e pesquisa. N\u00e3o \u00e9 permitido revenda, lucro e outros comportamentos. Os violadores devem ser concebidos [UNK] conta oficial: Opera\u00e7\u00e3o Youshu\">Slim Beauty Ems Muscle Stimulator<\/span><\/p>\n<p><span class=\"\" title=\"Este gui\u00e3o \u00e9 escrito pela Opera\u00e7\u00e3o Youshu. Este gui\u00e3o \u00e9 completamente gratuito para estudo pessoal e pesquisa. N\u00e3o \u00e9 permitido revenda, lucro e outros comportamentos. Os violadores devem ser concebidos [UNK] conta oficial: Opera\u00e7\u00e3o Youshu\">Ems Shaping Sculpting Machine<\/span><\/p>\n<p><span class=\"\" title=\"Este gui\u00e3o \u00e9 escrito pela Opera\u00e7\u00e3o Youshu. Este gui\u00e3o \u00e9 completamente gratuito para estudo pessoal e pesquisa. N\u00e3o \u00e9 permitido revenda, lucro e outros comportamentos. Os violadores devem ser concebidos [UNK] conta oficial: Opera\u00e7\u00e3o Youshu\">Ems Shaping Sculpt<\/span><\/p>\n<p><span class=\"\" title=\"Este gui\u00e3o \u00e9 escrito pela Opera\u00e7\u00e3o Youshu. Este gui\u00e3o \u00e9 completamente gratuito para estudo pessoal e pesquisa. N\u00e3o \u00e9 permitido revenda, lucro e outros comportamentos. Os violadores devem ser concebidos [UNK] conta oficial: Opera\u00e7\u00e3o Youshu\">Ems Slimming System Ems Device<\/span><\/p>\n<p><span class=\"\" title=\"Este gui\u00e3o \u00e9 escrito pela Opera\u00e7\u00e3o Youshu. Este gui\u00e3o \u00e9 completamente gratuito para estudo pessoal e pesquisa. N\u00e3o \u00e9 permitido revenda, lucro e outros comportamentos. Os violadores devem ser concebidos [UNK] conta oficial: Opera\u00e7\u00e3o Youshu\">Ems Shaping Sculpt Fat Removal<\/span><\/p>","protected":false},"featured_media":3743,"comment_status":"open","ping_status":"closed","template":"","meta":[],"product_cat":[28],"product_tag":[],"class_list":["post-2334","product","type-product","status-publish","has-post-thumbnail","hentry","product_cat-slimming-machine"],"_links":{"self":[{"href":"https:\/\/www.mlkjlasers.com\/pt\/wp-json\/wp\/v2\/product\/2334","targetHints":{"allow":["GET"]}}],"collection":[{"href":"https:\/\/www.mlkjlasers.com\/pt\/wp-json\/wp\/v2\/product"}],"about":[{"href":"https:\/\/www.mlkjlasers.com\/pt\/wp-json\/wp\/v2\/types\/product"}],"replies":[{"embeddable":true,"href":"https:\/\/www.mlkjlasers.com\/pt\/wp-json\/wp\/v2\/comments?post=2334"}],"wp:featuredmedia":[{"embeddable":true,"href":"https:\/\/www.mlkjlasers.com\/pt\/wp-json\/wp\/v2\/media\/3743"}],"wp:attachment":[{"href":"https:\/\/www.mlkjlasers.com\/pt\/wp-json\/wp\/v2\/media?parent=2334"}],"wp:term":[{"taxonomy":"product_cat","embeddable":true,"href":"https:\/\/www.mlkjlasers.com\/pt\/wp-json\/wp\/v2\/product_cat?post=2334"},{"taxonomy":"product_tag","embeddable":true,"href":"https:\/\/www.mlkjlasers.com\/pt\/wp-json\/wp\/v2\/product_tag?post=2334"}],"curies":[{"name":"wp","href":"https:\/\/api.w.org\/{rel}","templated":true}]}}