{"id":2351,"date":"2023-08-28T13:49:00","date_gmt":"2023-08-28T05:49:00","guid":{"rendered":"https:\/\/mlkjlasers.com\/?post_type=product&#038;p=2351"},"modified":"2026-01-27T16:31:00","modified_gmt":"2026-01-27T08:31:00","slug":"q-switched-nd-yag-picosecond-laser-tattoo-removal-machine","status":"publish","type":"product","link":"https:\/\/www.mlkjlasers.com\/pt\/product\/q-switched-nd-yag-picosecond-laser-tattoo-removal-machine\/","title":{"rendered":"Portable Skin Care Q Switched ND YAG Laser Tattoo Removal Machine for Beauty Saon Use"},"content":{"rendered":"<p><span style=\"font-size: 14pt;\"><img fetchpriority=\"high\" decoding=\"async\" class=\"wp-image-3825 alignleft\" src=\"https:\/\/www.mlkjlasers.com\/wp-content\/uploads\/2026\/01\/ND-LV3\u8be6\u60c5\u9875-1.jpg\" alt=\"\" width=\"1920\" height=\"911\" srcset=\"https:\/\/www.mlkjlasers.com\/wp-content\/uploads\/2026\/01\/ND-LV3\u8be6\u60c5\u9875-1.jpg 750w, https:\/\/www.mlkjlasers.com\/wp-content\/uploads\/2026\/01\/ND-LV3\u8be6\u60c5\u9875-1-300x142.jpg 300w, https:\/\/www.mlkjlasers.com\/wp-content\/uploads\/2026\/01\/ND-LV3\u8be6\u60c5\u9875-1-18x9.jpg 18w, https:\/\/www.mlkjlasers.com\/wp-content\/uploads\/2026\/01\/ND-LV3\u8be6\u60c5\u9875-1-600x285.jpg 600w\" sizes=\"(max-width: 1920px) 100vw, 1920px\" \/><span style=\"color: #000000; font-family: helvetica, arial, sans-serif; font-size: 14pt;\">Nd:YAG Lasers for Laser Tattoo Removal (Q-Switched Nd:YAG)<\/span><\/span><\/p>\n<div class=\"J_module\" style=\"text-align: left;\">\n<div class=\"detail-decorate-json-renderer-container\">\n<p style=\"text-align: left;\"><span style=\"font-family: helvetica, arial, sans-serif; color: #000000; font-size: 14pt;\">O laser Nd:YAG switch Q, significando que produz pulsos excepcionalmente curtos e poderosos de energia que duram no m\u00e1ximo alguns nanosegundos. <\/span><\/p>\n<p style=\"text-align: left;\"><span style=\"font-family: helvetica, arial, sans-serif; color: #000000; font-size: 14pt;\">A brevedade do pulso \u00e9 essencial para a retirada de tatuagem de modo que a tinta de tatuagem seja quebrada enquanto o tecido circundante permanece sem dano.<\/span><\/p>\n<p style=\"text-align: left;\"><span style=\"font-family: helvetica, arial, sans-serif; color: #000000; font-size: 14pt;\">Q-switched Nd:YAG lasers are an excellent choice for tattoo removal because the 1064 nm wavelength produced is well absorbed by black tattoos and other tattoo colors.<\/span><\/p>\n<p><span style=\"font-size: 14pt;\"><img decoding=\"async\" class=\"aligncenter wp-image-3827\" src=\"https:\/\/www.mlkjlasers.com\/wp-content\/uploads\/2026\/01\/ND-LV3\u8be6\u60c5\u9875-3.jpg\" alt=\"\" width=\"1920\" height=\"1874\" srcset=\"https:\/\/www.mlkjlasers.com\/wp-content\/uploads\/2026\/01\/ND-LV3\u8be6\u60c5\u9875-3.jpg 750w, https:\/\/www.mlkjlasers.com\/wp-content\/uploads\/2026\/01\/ND-LV3\u8be6\u60c5\u9875-3-300x293.jpg 300w, https:\/\/www.mlkjlasers.com\/wp-content\/uploads\/2026\/01\/ND-LV3\u8be6\u60c5\u9875-3-12x12.jpg 12w, https:\/\/www.mlkjlasers.com\/wp-content\/uploads\/2026\/01\/ND-LV3\u8be6\u60c5\u9875-3-600x586.jpg 600w\" sizes=\"(max-width: 1920px) 100vw, 1920px\" \/><\/span><\/p>\n<p style=\"text-align: left;\"><span style=\"font-family: helvetica, arial, sans-serif; color: #000000; font-size: 14pt;\">Quando o raio de 1064 nm \u00e9 dobrado pela frequ\u00eancia, a luz come\u00e7a a viajar a um segundo comprimento de onda, 532 nm. <\/span><\/p>\n<p style=\"text-align: left;\"><span style=\"font-family: helvetica, arial, sans-serif; color: #000000; font-size: 14pt;\">O comprimento de onda de 532 nm \u00e9 muito eficaz em vermelho, rosa, laranja e outras cores brilhantes.<\/span><\/p>\n<p style=\"text-align: left;\"><span style=\"font-family: helvetica, arial, sans-serif; color: #000000; font-size: 14pt;\">Juntos, os dois comprimentos de onda de um laser Nd:YAG podem tratar quase o espectro completo de cores de tatuagem para quebrar e remover tinta de qualidade <\/span><\/p>\n<p style=\"text-align: left;\"><span style=\"font-family: helvetica, arial, sans-serif; color: #000000; font-size: 14pt;\">\u2013 \u00e9 por isso que os lasers Nd:YAG com Q-switch s \u00e3o a ferramenta de escolha para a maioria da remo\u00e7\u00e3o de tatuagem<\/span><\/p>\n<p><span style=\"font-size: 14pt;\"><img decoding=\"async\" class=\"aligncenter wp-image-3829\" src=\"https:\/\/www.mlkjlasers.com\/wp-content\/uploads\/2026\/01\/ND-LV3\u8be6\u60c5\u9875-5.jpg\" alt=\"\" width=\"1920\" height=\"1853\" srcset=\"https:\/\/www.mlkjlasers.com\/wp-content\/uploads\/2026\/01\/ND-LV3\u8be6\u60c5\u9875-5.jpg 750w, https:\/\/www.mlkjlasers.com\/wp-content\/uploads\/2026\/01\/ND-LV3\u8be6\u60c5\u9875-5-300x290.jpg 300w, https:\/\/www.mlkjlasers.com\/wp-content\/uploads\/2026\/01\/ND-LV3\u8be6\u60c5\u9875-5-12x12.jpg 12w, https:\/\/www.mlkjlasers.com\/wp-content\/uploads\/2026\/01\/ND-LV3\u8be6\u60c5\u9875-5-600x579.jpg 600w\" sizes=\"(max-width: 1920px) 100vw, 1920px\" \/><\/span><\/p>\n<p><span style=\"font-size: 14pt;\"><b class=\"magic-7\">Manter quatro milh\u00f5es de tiros<br \/>\n<\/b>Usou tecnologia \u00fanica de Honeycomb focada para formar uma vacuoliza\u00e7\u00e3o de efeito cut\u00e2neo, que pode proteger a pele de danos durante o tratamento. Os sistemas de fluxo de \u00e1gua e n\u00edvel de \u00e1gua mant\u00eam componentes \u00f3pticos valiosos.<\/span><br \/>\n<span style=\"font-size: 14pt;\">DISPONIBLE<\/span><br \/>\n<span style=\"font-size: 14pt;\"><b>&#8212; &#8212; 1064NM<\/b><\/span><br \/>\n<span style=\"font-size: 14pt;\">Retira\u00e7\u00e3o de pigmentos, retirada de marr\u00e3o escuro,retirada de tatuagem negra.<\/span><br \/>\n<span style=\"font-size: 14pt;\"><b>&#8212; &#8212; 755NM<br \/>\n<\/b>Profissional para remo\u00e7\u00e3o de pigmentos, espelheremoval facial.<\/span><br \/>\n<span style=\"font-size: 14pt;\"><b>&#8212; &#8212; 1320NM<br \/>\n<\/b>boneca de rosto negro,reanima\u00e7\u00e3o da pele,pores de psiquiatra.<\/span><br \/>\n<span style=\"font-size: 14pt;\"><b>&#8212; &#8212; 532NM<br \/>\n<\/b>Retira\u00e7\u00e3o de pigmentos, retirada de tatuagem verde vermelho e marr\u00e3o.<\/span><\/p>\n<p><span style=\"font-size: 14pt;\"><img loading=\"lazy\" decoding=\"async\" class=\"aligncenter wp-image-3830\" src=\"https:\/\/www.mlkjlasers.com\/wp-content\/uploads\/2026\/01\/ND-LV3\u8be6\u60c5\u9875-6.jpg\" alt=\"\" width=\"1920\" height=\"1341\" srcset=\"https:\/\/www.mlkjlasers.com\/wp-content\/uploads\/2026\/01\/ND-LV3\u8be6\u60c5\u9875-6.jpg 750w, https:\/\/www.mlkjlasers.com\/wp-content\/uploads\/2026\/01\/ND-LV3\u8be6\u60c5\u9875-6-300x210.jpg 300w, https:\/\/www.mlkjlasers.com\/wp-content\/uploads\/2026\/01\/ND-LV3\u8be6\u60c5\u9875-6-18x12.jpg 18w, https:\/\/www.mlkjlasers.com\/wp-content\/uploads\/2026\/01\/ND-LV3\u8be6\u60c5\u9875-6-600x419.jpg 600w\" sizes=\"(max-width: 1920px) 100vw, 1920px\" \/><span style=\"font-family: helvetica, arial, sans-serif; color: #000000;\"><span class=\"magic-9\">1. Modos de opera\u00e7\u00e3o cont\u00ednuos, super pulso, diferentes fracionais.<br \/>\n2. Di\u00e2metro e intervalo focais s\u00e3o ajustados.<br \/>\n3. O melhor tubo laser RF dos EUA, desempenho est\u00e1vel, alto efetivo.<\/span><\/span><\/span><\/p>\n<p><span style=\"font-family: helvetica, arial, sans-serif; font-size: 14pt; color: #000000;\"><span class=\"magic-9\">4. Sem pigmenta\u00e7\u00e3o e depigmanta\u00e7\u00e3o da pele, n\u00e3o precisam de consumo extra.<br \/>\n5. Protetor de seguran\u00e7a com alam autom\u00e1tico.<br \/>\n6. Tratamento f\u00e1cil e r\u00e1pido, sem tempo de descanso.<br \/>\n7. Diversos volumes de pontos s\u00e3o adequados para diferentes \u00e1reas do corpo.<\/span><\/span><\/p>\n<p><span style=\"font-size: 14pt;\"><img loading=\"lazy\" decoding=\"async\" class=\"aligncenter wp-image-3828\" src=\"https:\/\/www.mlkjlasers.com\/wp-content\/uploads\/2026\/01\/ND-LV3\u8be6\u60c5\u9875-4.jpg\" alt=\"\" width=\"1920\" height=\"1198\" srcset=\"https:\/\/www.mlkjlasers.com\/wp-content\/uploads\/2026\/01\/ND-LV3\u8be6\u60c5\u9875-4.jpg 750w, https:\/\/www.mlkjlasers.com\/wp-content\/uploads\/2026\/01\/ND-LV3\u8be6\u60c5\u9875-4-300x187.jpg 300w, https:\/\/www.mlkjlasers.com\/wp-content\/uploads\/2026\/01\/ND-LV3\u8be6\u60c5\u9875-4-18x12.jpg 18w, https:\/\/www.mlkjlasers.com\/wp-content\/uploads\/2026\/01\/ND-LV3\u8be6\u60c5\u9875-4-600x374.jpg 600w\" sizes=\"(max-width: 1920px) 100vw, 1920px\" \/><\/span><\/p>\n<\/div>\n<\/div>\n<div class=\"J_module\" style=\"text-align: left;\">\n<div class=\"detail-decorate-json-renderer-container\">\n<div class=\"magic-3\">\n<div class=\"magic-6\">\n<div class=\"magic-7\">\n<div class=\"magic-8\">\n<div><span style=\"color: #000000; font-family: helvetica, arial, sans-serif; font-size: 14pt;\">5 cabe\u00e7as Adjuste o tamanho do ponto de 1mm a 7mm<\/span><\/div>\n<\/div>\n<\/div>\n<\/div>\n<\/div>\n<\/div>\n<\/div>\n<div class=\"J_module\" style=\"text-align: left;\">\n<div class=\"detail-decorate-json-renderer-container\">\n<div class=\"magic-3\">\n<div class=\"magic-6\">\n<div class=\"magic-7\">\n<div class=\"magic-8\">\n<p><span style=\"font-size: 14pt;\">A cabe\u00e7a ajustada 1064\/532 nm \u00e9 para a remo\u00e7\u00e3o de uma grande \u00e1rea de tatuagem\/pigmento;<\/span><\/p>\n<\/div>\n<div class=\"magic-8\"><span style=\"font-family: helvetica, arial, sans-serif; font-size: 14pt; color: #000000;\"><span class=\"magic-5\"> A cabe\u00e7a fixa 1064\/532 nm \u00e9 para pequena \u00e1rea ou lugar especial<\/span><\/span><\/div>\n<div><span style=\"font-size: 14pt;\"><img loading=\"lazy\" decoding=\"async\" class=\"aligncenter wp-image-3836\" src=\"https:\/\/www.mlkjlasers.com\/wp-content\/uploads\/2026\/01\/ND-LV3\u8be6\u60c5\u9875-12.jpg\" alt=\"\" width=\"1920\" height=\"1057\" srcset=\"https:\/\/www.mlkjlasers.com\/wp-content\/uploads\/2026\/01\/ND-LV3\u8be6\u60c5\u9875-12.jpg 750w, https:\/\/www.mlkjlasers.com\/wp-content\/uploads\/2026\/01\/ND-LV3\u8be6\u60c5\u9875-12-300x165.jpg 300w, https:\/\/www.mlkjlasers.com\/wp-content\/uploads\/2026\/01\/ND-LV3\u8be6\u60c5\u9875-12-18x10.jpg 18w, https:\/\/www.mlkjlasers.com\/wp-content\/uploads\/2026\/01\/ND-LV3\u8be6\u60c5\u9875-12-600x330.jpg 600w\" sizes=\"(max-width: 1920px) 100vw, 1920px\" \/><\/span><\/div>\n<\/div>\n<\/div>\n<\/div>\n<\/div>\n<\/div>\n<div class=\"J_module\" style=\"text-align: left;\">\n<div class=\"icbu-pc-images magic-0\">\n<div>\n<div class=\"flex-layout-v\">\n<div class=\"flex-layout-h magic-0\">\n<div class=\"magic-15\"><\/div>\n<div><\/div>\n<\/div>\n<\/div>\n<\/div>\n<\/div>\n<\/div>\n<div class=\"J_module\" style=\"text-align: left;\">\n<div class=\"detail-decorate-json-renderer-container\">\n<div class=\"magic-3\">\n<div class=\"magic-6\">\n<div class=\"magic-7\">\n<div class=\"magic-8\">\n<div><span class=\"magic-9\" style=\"font-family: helvetica, arial, sans-serif; font-size: 14pt; color: #000000;\">1. Modos de opera\u00e7\u00e3o cont\u00ednuos, super pulso, diferentes fracionais.<br \/>\n2. Di\u00e2metro e intervalo focais s\u00e3o ajustados.<br \/>\n3. O melhor tubo de laser RF dos EUA, importado do CONHERENT, desempenho est\u00e1vel, alto efetivo.<br \/>\n4. Sem pigmenta\u00e7\u00e3o e depigmanta\u00e7\u00e3o da pele, n\u00e3o precisam de consumo extra.<br \/>\n5. Protetor de seguran\u00e7a com alam autom\u00e1tico.<br \/>\n6. Tratamento f\u00e1cil e r\u00e1pido, sem tempo de descanso.<br \/>\n7. Diversos volumes de pontos s\u00e3o adequados para diferentes \u00e1reas do corpo.<\/span><\/div>\n<div><span style=\"font-size: 14pt;\"><img loading=\"lazy\" decoding=\"async\" class=\"aligncenter wp-image-3831\" src=\"https:\/\/www.mlkjlasers.com\/wp-content\/uploads\/2026\/01\/ND-LV3\u8be6\u60c5\u9875-7.jpg\" alt=\"\" width=\"1920\" height=\"1288\" srcset=\"https:\/\/www.mlkjlasers.com\/wp-content\/uploads\/2026\/01\/ND-LV3\u8be6\u60c5\u9875-7.jpg 750w, https:\/\/www.mlkjlasers.com\/wp-content\/uploads\/2026\/01\/ND-LV3\u8be6\u60c5\u9875-7-300x201.jpg 300w, https:\/\/www.mlkjlasers.com\/wp-content\/uploads\/2026\/01\/ND-LV3\u8be6\u60c5\u9875-7-18x12.jpg 18w, https:\/\/www.mlkjlasers.com\/wp-content\/uploads\/2026\/01\/ND-LV3\u8be6\u60c5\u9875-7-600x402.jpg 600w\" sizes=\"(max-width: 1920px) 100vw, 1920px\" \/><\/span><\/div>\n<div>\n<p><span class=\"magic-7\" style=\"font-size: 14pt;\">Q switch Nd Yag Laser Tattoo Removal Machine Unique Advantages<\/span><\/p>\n<div><span style=\"font-size: 14pt;\">\u2022 Alemanha CE aprovada, conforme ao Norme de Seguran\u00e7a da Europa<\/span><\/div>\n<div><span style=\"font-size: 14pt;\">\u2022 At\u00e9 10HZ para uma remo\u00e7\u00e3o mais r\u00e1pida de tatuagem<\/span><\/div>\n<div><span style=\"font-size: 14pt;\">\u2022 Raio de alvo infravermelho para opera\u00e7\u00e3o precisa<\/span><\/div>\n<div><span style=\"font-size: 14pt;\">\u2022 Lamp Life tempo mais de 1.000.000 tiros<\/span><\/div>\n<div data-spm-anchor-id=\"a2700.details-description.0.i1.d5cbbYb0bYb0Ce\"><span style=\"font-size: 14pt;\">\u2022 habita\u00e7\u00e3o ABS para trabalho r\u00e1pido de manuten\u00e7\u00e3o<\/span><\/div>\n<div data-spm-anchor-id=\"a2700.details-description.0.i1.d5cbbYb0bYb0Ce\"><span style=\"font-size: 14pt;\"><img loading=\"lazy\" decoding=\"async\" class=\"aligncenter wp-image-3832\" src=\"https:\/\/www.mlkjlasers.com\/wp-content\/uploads\/2026\/01\/ND-LV3\u8be6\u60c5\u9875-8.jpg\" alt=\"\" width=\"1920\" height=\"1144\" srcset=\"https:\/\/www.mlkjlasers.com\/wp-content\/uploads\/2026\/01\/ND-LV3\u8be6\u60c5\u9875-8.jpg 750w, https:\/\/www.mlkjlasers.com\/wp-content\/uploads\/2026\/01\/ND-LV3\u8be6\u60c5\u9875-8-300x179.jpg 300w, https:\/\/www.mlkjlasers.com\/wp-content\/uploads\/2026\/01\/ND-LV3\u8be6\u60c5\u9875-8-18x12.jpg 18w, https:\/\/www.mlkjlasers.com\/wp-content\/uploads\/2026\/01\/ND-LV3\u8be6\u60c5\u9875-8-600x358.jpg 600w\" sizes=\"(max-width: 1920px) 100vw, 1920px\" \/><\/span><\/div>\n<\/div>\n<\/div>\n<\/div>\n<\/div>\n<\/div>\n<\/div>\n<\/div>\n<div class=\"J_module\" style=\"text-align: left;\">\n<div class=\"icbu-pc-images magic-0\">\n<div class=\"flex-layout-v\"><\/div>\n<\/div>\n<\/div>\n<div class=\"J_module\" style=\"text-align: left;\">\n<div class=\"detail-decorate-json-renderer-container\">\n<div class=\"magic-3\">\n<div class=\"magic-6\">\n<div class=\"magic-7\">\n<div class=\"magic-8\"><span style=\"font-size: 14pt;\"><img loading=\"lazy\" decoding=\"async\" class=\"aligncenter wp-image-3833\" src=\"https:\/\/www.mlkjlasers.com\/wp-content\/uploads\/2026\/01\/ND-LV3\u8be6\u60c5\u9875-9.jpg\" alt=\"\" width=\"1920\" height=\"1505\" srcset=\"https:\/\/www.mlkjlasers.com\/wp-content\/uploads\/2026\/01\/ND-LV3\u8be6\u60c5\u9875-9.jpg 750w, https:\/\/www.mlkjlasers.com\/wp-content\/uploads\/2026\/01\/ND-LV3\u8be6\u60c5\u9875-9-300x235.jpg 300w, https:\/\/www.mlkjlasers.com\/wp-content\/uploads\/2026\/01\/ND-LV3\u8be6\u60c5\u9875-9-15x12.jpg 15w, https:\/\/www.mlkjlasers.com\/wp-content\/uploads\/2026\/01\/ND-LV3\u8be6\u60c5\u9875-9-600x470.jpg 600w\" sizes=\"(max-width: 1920px) 100vw, 1920px\" \/><\/span><\/div>\n<div><span style=\"font-size: 14pt;\"><img loading=\"lazy\" decoding=\"async\" class=\"aligncenter wp-image-3834\" src=\"https:\/\/www.mlkjlasers.com\/wp-content\/uploads\/2026\/01\/ND-LV3\u8be6\u60c5\u9875-10.jpg\" alt=\"\" width=\"1920\" height=\"991\" srcset=\"https:\/\/www.mlkjlasers.com\/wp-content\/uploads\/2026\/01\/ND-LV3\u8be6\u60c5\u9875-10.jpg 750w, https:\/\/www.mlkjlasers.com\/wp-content\/uploads\/2026\/01\/ND-LV3\u8be6\u60c5\u9875-10-300x155.jpg 300w, https:\/\/www.mlkjlasers.com\/wp-content\/uploads\/2026\/01\/ND-LV3\u8be6\u60c5\u9875-10-18x9.jpg 18w, https:\/\/www.mlkjlasers.com\/wp-content\/uploads\/2026\/01\/ND-LV3\u8be6\u60c5\u9875-10-600x310.jpg 600w\" sizes=\"(max-width: 1920px) 100vw, 1920px\" \/><\/span><\/div>\n<div><span style=\"font-size: 14pt;\">8,4 polegadas de cor verdadeira grande tela de toque. Super cool touch Experience.<\/span><br \/>\n<span style=\"font-size: 14pt;\">A linguagem especial pode ser adicionada de acordo com seus requisitos reais.<\/span><br \/>\n<span style=\"font-size: 14pt;\">Seu logotipo tamb\u00e9m pode ser adicionado na tela laser de di\u00f3dio.<\/span><\/div>\n<div><span style=\"font-size: 14pt;\"><img loading=\"lazy\" decoding=\"async\" class=\"aligncenter wp-image-3835\" src=\"https:\/\/www.mlkjlasers.com\/wp-content\/uploads\/2026\/01\/ND-LV3\u8be6\u60c5\u9875-11.jpg\" alt=\"\" width=\"1920\" height=\"748\" srcset=\"https:\/\/www.mlkjlasers.com\/wp-content\/uploads\/2026\/01\/ND-LV3\u8be6\u60c5\u9875-11.jpg 750w, https:\/\/www.mlkjlasers.com\/wp-content\/uploads\/2026\/01\/ND-LV3\u8be6\u60c5\u9875-11-300x117.jpg 300w, https:\/\/www.mlkjlasers.com\/wp-content\/uploads\/2026\/01\/ND-LV3\u8be6\u60c5\u9875-11-18x7.jpg 18w, https:\/\/www.mlkjlasers.com\/wp-content\/uploads\/2026\/01\/ND-LV3\u8be6\u60c5\u9875-11-600x234.jpg 600w\" sizes=\"(max-width: 1920px) 100vw, 1920px\" \/><\/span><\/div>\n<div><\/div>\n<\/div>\n<\/div>\n<\/div>\n<div><\/div>\n<\/div>\n<\/div>\n<div class=\"J_module\">\n<div class=\"icbu-pc-images magic-0\">\n<div>\n<div class=\"flex-layout-v\">\n<div class=\"flex-layout-h magic-0\" style=\"text-align: left;\">\n<div class=\"magic-19\"><\/div>\n<div><\/div>\n<div><\/div>\n<\/div>\n<div style=\"text-align: left;\"><span style=\"font-size: 14pt;\"><a href=\"https:\/\/www.mlkjlasers.com\/pt\/contact-us\/\"><span style=\"font-family: helvetica, arial, sans-serif; color: #3366ff;\">Escolha 18 anos fabricante de instrumentos MLKJ Professional Beauty para facilitar sua carreira de beleza!<\/span><\/a><\/span><\/div>\n<div style=\"text-align: left;\"><\/div>\n<div class=\"flex-layout-h magic-0\" style=\"text-align: left;\">\n<div><\/div>\n<\/div>\n<div style=\"text-align: left;\"><\/div>\n<\/div>\n<\/div>\n<\/div>\n<\/div>","protected":false},"excerpt":{"rendered":"<p><span style=\"font-family: helvetica, arial, sans-serif;\">Q-switched Nd:YAG lasers are an excellent choice for tattoo removal because the 1064 nm wavelength produced is well absorbed by black tattoos and other tattoo colors. <\/span><\/p>\n<p><span style=\"font-family: helvetica, arial, sans-serif;\">Quando o raio de 1064 nm \u00e9 dobrado pela frequ\u00eancia, a luz come\u00e7a a viajar a um segundo comprimento de onda, 532 nm. <\/span><\/p>\n<p><span style=\"font-family: helvetica, arial, sans-serif;\">O comprimento de onda de 532 nm \u00e9 muito eficaz em vermelho, rosa, laranja e outras cores brilhantes.<\/span><\/p>","protected":false},"featured_media":3821,"comment_status":"open","ping_status":"closed","template":"","meta":[],"product_cat":[24],"product_tag":[],"class_list":["post-2351","product","type-product","status-publish","has-post-thumbnail","hentry","product_cat-nd-yag-laser"],"_links":{"self":[{"href":"https:\/\/www.mlkjlasers.com\/pt\/wp-json\/wp\/v2\/product\/2351","targetHints":{"allow":["GET"]}}],"collection":[{"href":"https:\/\/www.mlkjlasers.com\/pt\/wp-json\/wp\/v2\/product"}],"about":[{"href":"https:\/\/www.mlkjlasers.com\/pt\/wp-json\/wp\/v2\/types\/product"}],"replies":[{"embeddable":true,"href":"https:\/\/www.mlkjlasers.com\/pt\/wp-json\/wp\/v2\/comments?post=2351"}],"wp:featuredmedia":[{"embeddable":true,"href":"https:\/\/www.mlkjlasers.com\/pt\/wp-json\/wp\/v2\/media\/3821"}],"wp:attachment":[{"href":"https:\/\/www.mlkjlasers.com\/pt\/wp-json\/wp\/v2\/media?parent=2351"}],"wp:term":[{"taxonomy":"product_cat","embeddable":true,"href":"https:\/\/www.mlkjlasers.com\/pt\/wp-json\/wp\/v2\/product_cat?post=2351"},{"taxonomy":"product_tag","embeddable":true,"href":"https:\/\/www.mlkjlasers.com\/pt\/wp-json\/wp\/v2\/product_tag?post=2351"}],"curies":[{"name":"wp","href":"https:\/\/api.w.org\/{rel}","templated":true}]}}