{"id":2448,"date":"2023-09-25T17:08:03","date_gmt":"2023-09-25T09:08:03","guid":{"rendered":"https:\/\/mlkjlasers.com\/?post_type=product&#038;p=2448"},"modified":"2026-01-23T15:07:50","modified_gmt":"2026-01-23T07:07:50","slug":"rf-rolling-fat-removal-3d-negative-pressure-weight-loss-treatment-machine","status":"publish","type":"product","link":"https:\/\/www.mlkjlasers.com\/pt\/product\/rf-rolling-fat-removal-3d-negative-pressure-weight-loss-treatment-machine\/","title":{"rendered":"m\u00e1quina de tratamento de perda de peso de press\u00e3o negativa 3D para retirada de gordura em rolamento RF"},"content":{"rendered":"<p>m\u00e1quina de tratamento de perda de peso de press\u00e3o negativa 3D para retirada de gordura em rolamento RF<\/p>\n<p><img fetchpriority=\"high\" decoding=\"async\" class=\"alignnone size-full wp-image-2457\" src=\"https:\/\/mlkjlasers.com\/wp-content\/uploads\/2023\/09\/1.jpg\" alt=\"\" width=\"1920\" height=\"1080\" srcset=\"https:\/\/www.mlkjlasers.com\/wp-content\/uploads\/2023\/09\/1.jpg 1920w, https:\/\/www.mlkjlasers.com\/wp-content\/uploads\/2023\/09\/1-300x169.jpg 300w, https:\/\/www.mlkjlasers.com\/wp-content\/uploads\/2023\/09\/1-1024x576.jpg 1024w, https:\/\/www.mlkjlasers.com\/wp-content\/uploads\/2023\/09\/1-768x432.jpg 768w, https:\/\/www.mlkjlasers.com\/wp-content\/uploads\/2023\/09\/1-1536x864.jpg 1536w, https:\/\/www.mlkjlasers.com\/wp-content\/uploads\/2023\/09\/1-600x338.jpg 600w\" sizes=\"(max-width: 1920px) 100vw, 1920px\" \/><\/p>\n<p><img decoding=\"async\" class=\"alignnone size-full wp-image-2458\" src=\"https:\/\/mlkjlasers.com\/wp-content\/uploads\/2023\/09\/2.jpg\" alt=\"\" width=\"1920\" height=\"1080\" srcset=\"https:\/\/www.mlkjlasers.com\/wp-content\/uploads\/2023\/09\/2.jpg 1920w, https:\/\/www.mlkjlasers.com\/wp-content\/uploads\/2023\/09\/2-300x169.jpg 300w, https:\/\/www.mlkjlasers.com\/wp-content\/uploads\/2023\/09\/2-1024x576.jpg 1024w, https:\/\/www.mlkjlasers.com\/wp-content\/uploads\/2023\/09\/2-768x432.jpg 768w, https:\/\/www.mlkjlasers.com\/wp-content\/uploads\/2023\/09\/2-1536x864.jpg 1536w, https:\/\/www.mlkjlasers.com\/wp-content\/uploads\/2023\/09\/2-600x338.jpg 600w\" sizes=\"(max-width: 1920px) 100vw, 1920px\" \/> <img decoding=\"async\" class=\"alignnone size-full wp-image-2459\" src=\"https:\/\/mlkjlasers.com\/wp-content\/uploads\/2023\/09\/3.jpg\" alt=\"\" width=\"1920\" height=\"1608\" srcset=\"https:\/\/www.mlkjlasers.com\/wp-content\/uploads\/2023\/09\/3.jpg 1920w, https:\/\/www.mlkjlasers.com\/wp-content\/uploads\/2023\/09\/3-300x251.jpg 300w, https:\/\/www.mlkjlasers.com\/wp-content\/uploads\/2023\/09\/3-1024x858.jpg 1024w, https:\/\/www.mlkjlasers.com\/wp-content\/uploads\/2023\/09\/3-768x643.jpg 768w, https:\/\/www.mlkjlasers.com\/wp-content\/uploads\/2023\/09\/3-1536x1286.jpg 1536w, https:\/\/www.mlkjlasers.com\/wp-content\/uploads\/2023\/09\/3-600x503.jpg 600w\" sizes=\"(max-width: 1920px) 100vw, 1920px\" \/><\/p>\n<p>&nbsp;<\/p>\n<p>*Beauty Facial and Anti-Ageing: Through facial operation head, it can revitalize human fibroblasts to generate collagen, elastic fibres, hyaluronic acid and other substances, and restore skin vitality; Pode resolver a pele facial aburrida amarela, contorno n\u00e3o \u00e9 claro, falta de elasticidade, deslizamento da pele, arrepios, queixo duplo e depress\u00e3o facial.<\/p>\n<p>*Forma\u00e7\u00e3o de corpo deslizado: Para a decomposi\u00e7\u00e3o de adipocitos, lip\u00eddeos desligados, em energia muscular, reduzir o volume de gordura, apertar a pele, efeito de forma. Pode resolver acumula\u00e7\u00e3o celul\u00edtica, obesidade corporal, tecido da pele laranja, edema de umidade, etc.<\/p>\n<p>Avan\u00e7as e Caracter\u00edsticas<br \/>\n1. O manejo corporal est\u00e1 equipado com uma tela de toque de 2,8 polegadas, que \u00e9 mais f\u00e1cil de controlar e ajustar.<br \/>\n2. N\u00e3o h\u00e1 necessidade de massagem laboriosa, opera\u00e7\u00e3o simples \u00e9 segura.<br \/>\n3. Convers\u00e3o de frequ\u00eancia atra\u00e7\u00e3o de press\u00e3o negativa: propriedade f\u00edsica pura n\u00e3o tem danos na pele, o melhor efeito \u00e9 o mais profundo.<br \/>\n4. Roller de pot\u00eancia em duas dire\u00e7\u00f5es: a superf\u00edcie de contato \u00e9 maior, a \u00e1rea da fun\u00e7\u00e3o \u00e9 maior, a profundidade da fun\u00e7\u00e3o \u00e9 mais profunda.<br \/>\n5. Colete exclusivo pessoal: efeito tridimensional profundo, inteligente infinitamente vari\u00e1vel profundidade de estimula\u00e7\u00e3o de velocidade \u00e9 diferente.<\/p>\n<p><img loading=\"lazy\" decoding=\"async\" class=\"alignnone size-full wp-image-2461\" src=\"https:\/\/mlkjlasers.com\/wp-content\/uploads\/2023\/09\/5.jpg\" alt=\"\" width=\"1920\" height=\"1080\" srcset=\"https:\/\/www.mlkjlasers.com\/wp-content\/uploads\/2023\/09\/5.jpg 1920w, https:\/\/www.mlkjlasers.com\/wp-content\/uploads\/2023\/09\/5-300x169.jpg 300w, https:\/\/www.mlkjlasers.com\/wp-content\/uploads\/2023\/09\/5-1024x576.jpg 1024w, https:\/\/www.mlkjlasers.com\/wp-content\/uploads\/2023\/09\/5-768x432.jpg 768w, https:\/\/www.mlkjlasers.com\/wp-content\/uploads\/2023\/09\/5-1536x864.jpg 1536w, https:\/\/www.mlkjlasers.com\/wp-content\/uploads\/2023\/09\/5-600x338.jpg 600w\" sizes=\"(max-width: 1920px) 100vw, 1920px\" \/><\/p>\n<p>&nbsp;<\/p>\n<p>Cavita\u00e7\u00e3o de 80K: Com base no uso de ondas ultrassonogr\u00e1ficas de baixa frequ\u00eancia, ela cria um fen\u00f4meno chamado &#8220; cavita\u00e7\u00e3o no corpo. A cavita\u00e7\u00e3o ocorre quando as ondas ultrassonogr\u00e1ficas causam a forma\u00e7\u00e3o e implos\u00e3o de pequenas bolhas no l\u00edquido que rodea as c\u00e9lulas gordas, fazendo com que elas se separem. Pode ser eficaz para reduzir a apar\u00eancia de celulite, tonificar e fortalecer a pele, e reduzir a circunfer\u00eancia das \u00e1reas tratadas.<\/p>\n<p>Multi-pole RF: Ele usa as ondas eletromagn\u00e9ticas que s\u00e3o aplicadas \u00e0 pele, e as ondas penetram na pele&#8217; \u00e9 superf\u00edcie e alcan\u00e7a as camadas mais profundas, causando os tecidos vibrar e gerar calor. Assim estimula a quebra de c\u00e9lulas gordas<\/p>\n<p>RF Vacuum: Ele combina as tecnologias da suc\u00e7\u00e3o de v\u00e1cuo e da RF. A suc\u00e7\u00e3o de v\u00e1cuo \u00e9 usada para massagem e manipula\u00e7\u00e3o da pele, enquanto a tecnologia RF \u00e9 usada para aquecer as camadas profundas da pele, promovendo a produ\u00e7\u00e3o de col\u00e1geno e a quebra de c\u00e9lulas gordas.<\/p>\n<p>&nbsp;<\/p>\n<p>&nbsp;<\/p>\n<p><img loading=\"lazy\" decoding=\"async\" class=\"alignnone size-full wp-image-2462\" src=\"https:\/\/mlkjlasers.com\/wp-content\/uploads\/2023\/09\/6.jpg\" alt=\"\" width=\"1920\" height=\"1608\" srcset=\"https:\/\/www.mlkjlasers.com\/wp-content\/uploads\/2023\/09\/6.jpg 1920w, https:\/\/www.mlkjlasers.com\/wp-content\/uploads\/2023\/09\/6-300x251.jpg 300w, https:\/\/www.mlkjlasers.com\/wp-content\/uploads\/2023\/09\/6-1024x858.jpg 1024w, https:\/\/www.mlkjlasers.com\/wp-content\/uploads\/2023\/09\/6-768x643.jpg 768w, https:\/\/www.mlkjlasers.com\/wp-content\/uploads\/2023\/09\/6-1536x1286.jpg 1536w, https:\/\/www.mlkjlasers.com\/wp-content\/uploads\/2023\/09\/6-600x503.jpg 600w\" sizes=\"(max-width: 1920px) 100vw, 1920px\" \/> <img loading=\"lazy\" decoding=\"async\" class=\"alignnone size-full wp-image-2463\" src=\"https:\/\/mlkjlasers.com\/wp-content\/uploads\/2023\/09\/7.jpg\" alt=\"\" width=\"1920\" height=\"1080\" srcset=\"https:\/\/www.mlkjlasers.com\/wp-content\/uploads\/2023\/09\/7.jpg 1920w, https:\/\/www.mlkjlasers.com\/wp-content\/uploads\/2023\/09\/7-300x169.jpg 300w, https:\/\/www.mlkjlasers.com\/wp-content\/uploads\/2023\/09\/7-1024x576.jpg 1024w, https:\/\/www.mlkjlasers.com\/wp-content\/uploads\/2023\/09\/7-768x432.jpg 768w, https:\/\/www.mlkjlasers.com\/wp-content\/uploads\/2023\/09\/7-1536x864.jpg 1536w, https:\/\/www.mlkjlasers.com\/wp-content\/uploads\/2023\/09\/7-600x338.jpg 600w\" sizes=\"(max-width: 1920px) 100vw, 1920px\" \/> <img loading=\"lazy\" decoding=\"async\" class=\"alignnone size-full wp-image-2464\" src=\"https:\/\/mlkjlasers.com\/wp-content\/uploads\/2023\/09\/8.jpg\" alt=\"\" width=\"1920\" height=\"1080\" srcset=\"https:\/\/www.mlkjlasers.com\/wp-content\/uploads\/2023\/09\/8.jpg 1920w, https:\/\/www.mlkjlasers.com\/wp-content\/uploads\/2023\/09\/8-300x169.jpg 300w, https:\/\/www.mlkjlasers.com\/wp-content\/uploads\/2023\/09\/8-1024x576.jpg 1024w, https:\/\/www.mlkjlasers.com\/wp-content\/uploads\/2023\/09\/8-768x432.jpg 768w, https:\/\/www.mlkjlasers.com\/wp-content\/uploads\/2023\/09\/8-1536x864.jpg 1536w, https:\/\/www.mlkjlasers.com\/wp-content\/uploads\/2023\/09\/8-600x338.jpg 600w\" sizes=\"(max-width: 1920px) 100vw, 1920px\" \/> <img loading=\"lazy\" decoding=\"async\" class=\"alignnone size-full wp-image-2465\" src=\"https:\/\/mlkjlasers.com\/wp-content\/uploads\/2023\/09\/9.jpg\" alt=\"\" width=\"1920\" height=\"1245\" srcset=\"https:\/\/www.mlkjlasers.com\/wp-content\/uploads\/2023\/09\/9.jpg 1920w, https:\/\/www.mlkjlasers.com\/wp-content\/uploads\/2023\/09\/9-300x195.jpg 300w, https:\/\/www.mlkjlasers.com\/wp-content\/uploads\/2023\/09\/9-1024x664.jpg 1024w, https:\/\/www.mlkjlasers.com\/wp-content\/uploads\/2023\/09\/9-768x498.jpg 768w, https:\/\/www.mlkjlasers.com\/wp-content\/uploads\/2023\/09\/9-1536x996.jpg 1536w, https:\/\/www.mlkjlasers.com\/wp-content\/uploads\/2023\/09\/9-600x389.jpg 600w\" sizes=\"(max-width: 1920px) 100vw, 1920px\" \/><\/p>\n<p>&nbsp;<\/p>","protected":false},"excerpt":{"rendered":"<p>m\u00e1quina de tratamento de perda de peso negativa de press\u00e3o 3D de retirada de gordura em rolamento RF *Beauty Facial and Anti-Ageing: Through facial operation head, it can revitalize human fibroblasts to generate collagen, elastic fibres, hyaluronic acid and other substances, and restore skin vitality; - Pode resolver a pele facial aburrida amarela, contorno n\u00e3o est\u00e1 claro, falta de elasticidade, deslizamento da pele, [&hellip;]<\/p>","protected":false},"featured_media":3493,"comment_status":"open","ping_status":"closed","template":"","meta":[],"product_cat":[28],"product_tag":[],"class_list":["post-2448","product","type-product","status-publish","has-post-thumbnail","hentry","product_cat-slimming-machine"],"_links":{"self":[{"href":"https:\/\/www.mlkjlasers.com\/pt\/wp-json\/wp\/v2\/product\/2448","targetHints":{"allow":["GET"]}}],"collection":[{"href":"https:\/\/www.mlkjlasers.com\/pt\/wp-json\/wp\/v2\/product"}],"about":[{"href":"https:\/\/www.mlkjlasers.com\/pt\/wp-json\/wp\/v2\/types\/product"}],"replies":[{"embeddable":true,"href":"https:\/\/www.mlkjlasers.com\/pt\/wp-json\/wp\/v2\/comments?post=2448"}],"wp:featuredmedia":[{"embeddable":true,"href":"https:\/\/www.mlkjlasers.com\/pt\/wp-json\/wp\/v2\/media\/3493"}],"wp:attachment":[{"href":"https:\/\/www.mlkjlasers.com\/pt\/wp-json\/wp\/v2\/media?parent=2448"}],"wp:term":[{"taxonomy":"product_cat","embeddable":true,"href":"https:\/\/www.mlkjlasers.com\/pt\/wp-json\/wp\/v2\/product_cat?post=2448"},{"taxonomy":"product_tag","embeddable":true,"href":"https:\/\/www.mlkjlasers.com\/pt\/wp-json\/wp\/v2\/product_tag?post=2448"}],"curies":[{"name":"wp","href":"https:\/\/api.w.org\/{rel}","templated":true}]}}