{"id":261,"date":"2023-05-29T16:47:00","date_gmt":"2023-05-29T08:47:00","guid":{"rendered":"https:\/\/mingliang.leadsclouds.com\/?post_type=product&#038;p=261"},"modified":"2026-01-20T16:26:13","modified_gmt":"2026-01-20T08:26:13","slug":"e808v17-2in1","status":"publish","type":"product","link":"https:\/\/www.mlkjlasers.com\/pt\/product\/e808v17-2in1\/","title":{"rendered":"Laser elevado, laser diode V17 2in1"},"content":{"rendered":"<table style=\"border-collapse: collapse; width: 100%; height: 168px;\">\n<tbody>\n<tr style=\"height: 24px;\">\n<td style=\"width: 50%; height: 24px;\"><span style=\"font-family: helvetica, arial, sans-serif; color: #000000;\"><b>Laser de di\u00f3dio de eleva\u00e7\u00e3o V17 2in1<\/b><\/span><\/td>\n<td style=\"width: 50%; height: 24px;\"><span style=\"font-family: helvetica, arial, sans-serif; color: #000000;\">Modelo n\u00famero:2in1 V17<\/span><\/td>\n<\/tr>\n<tr style=\"height: 24px;\">\n<td style=\"width: 50%; height: 24px;\"><span style=\"font-family: helvetica, arial, sans-serif; color: #000000;\">Longitude de onda (IPL elevado):420nm\/510nm\/560nm\/585nm\/640nm\/690nm\/755nm<\/span><\/td>\n<td style=\"width: 50%; height: 24px;\"><span style=\"font-family: helvetica, arial, sans-serif; color: #000000;\">Longitude de onda (laser diodo):755nm 808nm 1064nm<\/span><\/td>\n<\/tr>\n<tr style=\"height: 24px;\">\n<td style=\"width: 50%; height: 24px;\"><span style=\"font-family: helvetica, arial, sans-serif; color: #000000;\">Tamanho da tela:14 polegadas de cor real tela de toque<\/span><\/td>\n<td style=\"width: 50%; height: 24px;\"><span style=\"font-family: helvetica, arial, sans-serif; color: #000000;\">Dura\u00e7\u00e3o do pulso: 10-300 ms<\/span><\/td>\n<\/tr>\n<tr style=\"height: 24px;\">\n<td style=\"width: 50%; height: 24px;\"><span style=\"font-family: helvetica, arial, sans-serif; color: #000000;\">Frequ\u00eancia: 1-10hz<\/span><\/td>\n<td style=\"width: 50%; height: 24px;\"><span style=\"font-family: helvetica, arial, sans-serif; color: #000000;\">Tamanho do ponto(elevado):15*50 mm<\/span><\/td>\n<\/tr>\n<tr style=\"height: 24px;\">\n<td style=\"width: 50%; height: 24px;\"><span style=\"font-family: helvetica, arial, sans-serif; color: #000000;\">Tamanho do ponto (laser de di\u00f3dio):12*20 mm&amp; 12*35mm<\/span><\/td>\n<td style=\"width: 50%; height: 24px;\"><span style=\"font-family: helvetica, arial, sans-serif; color: #000000;\">Energia: 1-150J\/cm2<\/span><\/td>\n<\/tr>\n<tr style=\"height: 24px;\">\n<td style=\"width: 50%; height: 24px;\"><span style=\"font-family: helvetica, arial, sans-serif; color: #000000;\">Cooling: Cooling air TEC &lt; br&gt; Refrigimento de condensador<\/span><\/td>\n<td style=\"width: 50%; height: 24px;\"><span style=\"font-family: helvetica, arial, sans-serif; color: #000000;\">Tens\u00e3o: AC220V\/110V 50HZ\/60HZ<\/span><\/td>\n<\/tr>\n<tr style=\"height: 24px;\">\n<td style=\"width: 50%; height: 24px;\"><span style=\"font-family: helvetica, arial, sans-serif; color: #000000;\">Dem\u00eancia m\u00e1quina:Caixa de alum\u00ednio<\/span><\/td>\n<td style=\"width: 50%; height: 24px;\"><span style=\"font-family: helvetica, arial, sans-serif; color: #000000;\">Garantia: 2 anos<\/span><\/td>\n<\/tr>\n<\/tbody>\n<\/table>\n<div class=\"des2\">\n<div class=\"des_box1\">\n<div class=\"des_detail\">\n<div class=\"des_detail\">\n<p>&nbsp;<\/p>\n<p><span style=\"font-family: helvetica, arial, sans-serif; color: #000000;\"><img fetchpriority=\"high\" decoding=\"async\" class=\"aligncenter wp-image-1941\" src=\"https:\/\/mlkjlasers.com\/wp-content\/uploads\/2023\/05\/v17\u4e8c\u5408\u4e00\u8be6\u60c5\u9875_02.jpg\" alt=\"\" width=\"1920\" height=\"1281\" srcset=\"https:\/\/www.mlkjlasers.com\/wp-content\/uploads\/2023\/05\/v17\u4e8c\u5408\u4e00\u8be6\u60c5\u9875_02.jpg 790w, https:\/\/www.mlkjlasers.com\/wp-content\/uploads\/2023\/05\/v17\u4e8c\u5408\u4e00\u8be6\u60c5\u9875_02-300x200.jpg 300w, https:\/\/www.mlkjlasers.com\/wp-content\/uploads\/2023\/05\/v17\u4e8c\u5408\u4e00\u8be6\u60c5\u9875_02-768x512.jpg 768w, https:\/\/www.mlkjlasers.com\/wp-content\/uploads\/2023\/05\/v17\u4e8c\u5408\u4e00\u8be6\u60c5\u9875_02-600x400.jpg 600w\" sizes=\"(max-width: 1920px) 100vw, 1920px\" \/><\/span><\/p>\n<p>&nbsp;<\/p>\n<p><span style=\"font-family: helvetica, arial, sans-serif; color: #000000;\">M\u00e1quina de combina\u00e7\u00e3o multifuncional com custo eficaz, laser Diode Elight\/IPL maneja em uma m\u00e1quina<\/span><br \/>\n<span style=\"font-family: helvetica, arial, sans-serif; color: #000000;\">Sal\u00e3o multifuncional preferido Ipl elegit tender skin e remove freckles diode laser hair removal machine<\/span><\/p>\n<p><span style=\"font-family: helvetica, arial, sans-serif; color: #000000;\"><img decoding=\"async\" class=\"aligncenter wp-image-1943\" src=\"https:\/\/mlkjlasers.com\/wp-content\/uploads\/2023\/05\/v17\u4e8c\u5408\u4e00\u8be6\u60c5\u9875_04.jpg\" alt=\"\" width=\"1920\" height=\"1976\" srcset=\"https:\/\/www.mlkjlasers.com\/wp-content\/uploads\/2023\/05\/v17\u4e8c\u5408\u4e00\u8be6\u60c5\u9875_04.jpg 790w, https:\/\/www.mlkjlasers.com\/wp-content\/uploads\/2023\/05\/v17\u4e8c\u5408\u4e00\u8be6\u60c5\u9875_04-292x300.jpg 292w, https:\/\/www.mlkjlasers.com\/wp-content\/uploads\/2023\/05\/v17\u4e8c\u5408\u4e00\u8be6\u60c5\u9875_04-768x790.jpg 768w, https:\/\/www.mlkjlasers.com\/wp-content\/uploads\/2023\/05\/v17\u4e8c\u5408\u4e00\u8be6\u60c5\u9875_04-600x617.jpg 600w\" sizes=\"(max-width: 1920px) 100vw, 1920px\" \/><\/span><\/p>\n<p>&nbsp;<\/p>\n<p><span style=\"font-family: helvetica, arial, sans-serif; color: #000000;\">Mancha de Diode Laser para a remo\u00e7\u00e3o permanente e sem dor de cabelo face e corpo com cabe\u00e7a grande e pequena de tratamento.<\/span><br \/>\n<span style=\"font-family: helvetica, arial, sans-serif; color: #000000;\">Agora a tecnologia com alto poder e pulso curto assegura que: antes do corpo sentir dor, o tiro da luz tinha terminado. O processo inteiro \u00e9 muito confort\u00e1vel, n\u00e3o sente dor. Normalmente 3-5 sess\u00f5es podem alcan\u00e7ar remo\u00e7\u00e3o permanente de cabelo.<\/span><\/p>\n<p>&nbsp;<\/p>\n<p><span style=\"font-family: helvetica, arial, sans-serif; color: #000000;\"><img decoding=\"async\" class=\"aligncenter\" src=\"https:\/\/cdn.cloudbf.com\/thumb\/format\/mini_xsize\/files\/28\/img\/2021\/12\/20\/v17-5_1LoKen.png.webp\" width=\"1564\" height=\"1503\" \/><\/span><\/p>\n<p><span style=\"font-family: helvetica, arial, sans-serif; color: #000000;\">Mancha de laser de diode, o feixe de laser de alta energia penetra instantaneamente na pele e atinge o f\u00f3lico do cabelo durante o tratamento, a luz de sa\u00edda \u00e9 absorvida pela melanina no f\u00f3lico do cabelo, destruindo o f\u00f3lico do cabelo e atingindo a remo\u00e7\u00e3o permanente do cabelo. A largura do pulso laser \u00e9 menor do que o tempo que o corpo humano \u00e9 sentir o tempo, um \u00fanico tiro de luz acabou, mas o corpo humano caiu sem dor, ent\u00e3o poderia alcan\u00e7ar o sentimento de tratamento sem dor, para melhorar o cliente&#8217; \u00e9 uma experi\u00eancia confort\u00e1vel.<\/span><\/p>\n<p>&nbsp;<\/p>\n<p><span style=\"font-family: helvetica, arial, sans-serif; color: #000000;\"><img loading=\"lazy\" decoding=\"async\" class=\"aligncenter wp-image-1931\" src=\"https:\/\/mlkjlasers.com\/wp-content\/uploads\/2023\/07\/\u5bf9\u6bd4-1024x393.jpg\" alt=\"\" width=\"1920\" height=\"738\" srcset=\"https:\/\/www.mlkjlasers.com\/wp-content\/uploads\/2023\/07\/\u5bf9\u6bd4-1024x393.jpg 1024w, https:\/\/www.mlkjlasers.com\/wp-content\/uploads\/2023\/07\/\u5bf9\u6bd4-300x115.jpg 300w, https:\/\/www.mlkjlasers.com\/wp-content\/uploads\/2023\/07\/\u5bf9\u6bd4-768x295.jpg 768w, https:\/\/www.mlkjlasers.com\/wp-content\/uploads\/2023\/07\/\u5bf9\u6bd4-600x231.jpg 600w, https:\/\/www.mlkjlasers.com\/wp-content\/uploads\/2023\/07\/\u5bf9\u6bd4.jpg 1200w\" sizes=\"(max-width: 1920px) 100vw, 1920px\" \/><\/span><\/p>\n<\/div>\n<\/div>\n<p><span style=\"font-size: 14pt; font-family: helvetica, arial, sans-serif; color: #000000;\"><strong>Eligido para a reanima\u00e7\u00e3o da pele para remover cabelos<\/strong><\/span><\/p>\n<div class=\"des\">\n<div class=\"des_detail\">\n<div class=\"des_detail\">\n<p><span style=\"font-family: helvetica, arial, sans-serif; color: #000000;\"><img loading=\"lazy\" decoding=\"async\" class=\"aligncenter\" src=\"https:\/\/cdn.cloudbf.com\/thumb\/format\/mini_xsize\/files\/28\/img\/2021\/12\/20\/v17-9_ja6G3P.png.webp\" width=\"1586\" height=\"1264\" \/><\/span><span style=\"font-family: helvetica, arial, sans-serif; color: #000000;\">1. Lampa do Reino Unido, dispara mais de 300.000 vezes<\/span><br \/>\n<span style=\"font-family: helvetica, arial, sans-serif; color: #000000;\">2.7 filtro, poderia fazer mais fun\u00e7\u00f5es<\/span><br \/>\n<span style=\"font-family: helvetica, arial, sans-serif; color: #000000;\">3. Grande ponto tamanho de 15*35mm, para tratamento r\u00e1pido<\/span><br \/>\n<span style=\"font-family: helvetica, arial, sans-serif; color: #000000;\">4. Super refrigera\u00e7\u00e3o reduz o doloroso, torna os pacientes mais confort\u00e1veis<\/span><\/p>\n<p><img loading=\"lazy\" decoding=\"async\" class=\"aligncenter wp-image-1944\" src=\"https:\/\/mlkjlasers.com\/wp-content\/uploads\/2023\/05\/v17\u4e8c\u5408\u4e00\u8be6\u60c5\u9875_05-e1690185469102.jpg\" alt=\"\" width=\"1920\" height=\"1496\" srcset=\"https:\/\/www.mlkjlasers.com\/wp-content\/uploads\/2023\/05\/v17\u4e8c\u5408\u4e00\u8be6\u60c5\u9875_05-e1690185469102.jpg 784w, https:\/\/www.mlkjlasers.com\/wp-content\/uploads\/2023\/05\/v17\u4e8c\u5408\u4e00\u8be6\u60c5\u9875_05-e1690185469102-300x234.jpg 300w, https:\/\/www.mlkjlasers.com\/wp-content\/uploads\/2023\/05\/v17\u4e8c\u5408\u4e00\u8be6\u60c5\u9875_05-e1690185469102-768x599.jpg 768w, https:\/\/www.mlkjlasers.com\/wp-content\/uploads\/2023\/05\/v17\u4e8c\u5408\u4e00\u8be6\u60c5\u9875_05-e1690185469102-600x468.jpg 600w\" sizes=\"(max-width: 1920px) 100vw, 1920px\" \/><\/p>\n<p><span style=\"font-family: helvetica, arial, sans-serif; color: #000000;\"><strong>\u00a0E-light IPL para removal de cabelo\/reanima\u00e7\u00e3o da pele\/Trabalho Vascular\/Pigmenta\u00e7\u00e3o\/Acne clearance&#8230; &#8230; &#8230;<\/strong><\/span><\/p>\n<p><span style=\"font-family: helvetica, arial, sans-serif; color: #000000;\">* A absor\u00e7\u00e3o da energia n\u00e3o \u00e9 afetada pela barreira pigmentar.<\/span><br \/>\n<span style=\"font-family: helvetica, arial, sans-serif; color: #000000;\">* Pode ser usado em pele escura e cabelo fino claro<\/span><br \/>\n<span style=\"font-family: helvetica, arial, sans-serif; color: #000000;\">* A luz pulsada de baixa energia reduz o risco de queimadura da pele e sensa\u00e7\u00e3o de dor.<\/span><br \/>\n<span style=\"font-family: helvetica, arial, sans-serif; color: #000000;\">* Elimina efeitos colaterais causados pelo excesso de energia luminosa.<\/span><br \/>\n<span style=\"font-family: helvetica, arial, sans-serif; color: #000000;\">* Dispositivo \u00fanico de seguran\u00e7a, prote\u00e7\u00e3o segura da pele.<\/span><br \/>\n<span style=\"font-family: helvetica, arial, sans-serif; color: #000000;\">* A cabe\u00e7a de tratamento est\u00e1 diretamente ligada \u00e0 pele, n\u00e3o precisa medir a dist\u00e2ncia da pele, f\u00e1cil de dominar.<\/span><br \/>\n<span style=\"font-family: helvetica, arial, sans-serif; color: #000000;\">* Tecnologia de refrigera\u00e7\u00e3o da pele, tornando cl\u00ednica mais segura e confort\u00e1vel.<\/span><\/p>\n<p><span style=\"font-family: helvetica, arial, sans-serif; color: #000000;\"><img loading=\"lazy\" decoding=\"async\" class=\"aligncenter\" src=\"https:\/\/cdn.cloudbf.com\/thumb\/format\/mini_xsize\/files\/28\/img\/2021\/12\/28\/ipl-a6_12_mna3y7.jpg.webp\" width=\"1557\" height=\"948\" \/><\/span><\/p>\n<p><span style=\"font-family: helvetica, arial, sans-serif; color: #000000;\"><img loading=\"lazy\" decoding=\"async\" class=\"aligncenter\" src=\"https:\/\/cdn.cloudbf.com\/thumb\/format\/mini_xsize\/files\/28\/img\/2023\/06\/26\/v17_03_XVyBgD.jpg.webp\" alt=\"\" width=\"1554\" height=\"1039\" \/><\/span><\/p>\n<p style=\"text-align: left;\"><span style=\"font-family: helvetica, arial, sans-serif; color: #000000;\">Avantagem<\/span><br \/>\n<span style=\"font-family: helvetica, arial, sans-serif; color: #000000;\">Um minuto de refrigera\u00e7\u00e3o<\/span><br \/>\n<span style=\"font-family: helvetica, arial, sans-serif; color: #000000;\">R\u00e1pido, sem dor, Remova\u00e7\u00e3o Permanente de Cabelos Ru\u00eddo baixo do sistema e forte efeito de refrigera\u00e7\u00e3o<\/span><br \/>\n<span style=\"font-family: helvetica, arial, sans-serif; color: #000000;\">24 horas trabalhando cont\u00ednuamente<\/span><br \/>\n<span style=\"font-family: helvetica, arial, sans-serif; color: #000000;\">Reduzir o tempo de prepara\u00e7\u00e3o<\/span><br \/>\n<span style=\"font-family: helvetica, arial, sans-serif; color: #000000;\">Expandir sua base de pacientes<\/span><br \/>\n<span style=\"font-family: helvetica, arial, sans-serif; color: #000000;\">Aumentar seu lucro adequado para o tratamento de todas as partes do corpo<\/span><\/p>\n<p><img loading=\"lazy\" decoding=\"async\" class=\"aligncenter wp-image-1940\" src=\"https:\/\/mlkjlasers.com\/wp-content\/uploads\/2023\/05\/v17\u4e8c\u5408\u4e00\u8be6\u60c5\u9875_01.jpg\" alt=\"\" width=\"1920\" height=\"1281\" srcset=\"https:\/\/www.mlkjlasers.com\/wp-content\/uploads\/2023\/05\/v17\u4e8c\u5408\u4e00\u8be6\u60c5\u9875_01.jpg 790w, https:\/\/www.mlkjlasers.com\/wp-content\/uploads\/2023\/05\/v17\u4e8c\u5408\u4e00\u8be6\u60c5\u9875_01-300x200.jpg 300w, https:\/\/www.mlkjlasers.com\/wp-content\/uploads\/2023\/05\/v17\u4e8c\u5408\u4e00\u8be6\u60c5\u9875_01-768x512.jpg 768w, https:\/\/www.mlkjlasers.com\/wp-content\/uploads\/2023\/05\/v17\u4e8c\u5408\u4e00\u8be6\u60c5\u9875_01-600x400.jpg 600w\" sizes=\"(max-width: 1920px) 100vw, 1920px\" \/><\/p>\n<div class=\"img_b\">\n<p><span style=\"font-family: helvetica, arial, sans-serif; color: #000000;\"><img loading=\"lazy\" decoding=\"async\" class=\"aligncenter\" src=\"https:\/\/www.exfulaser.com\/uploads\/20230130\/%E5%B1%8F%E5%B9%95.jpg\" alt=\"\" width=\"1553\" height=\"1197\" \/><\/span><\/p>\n<p><span style=\"color: #000000; font-family: helvetica, arial, sans-serif; font-size: 14pt;\"><strong>uma tela de 14 polegadas de 4K, experi\u00eancia de toque inteligente<\/strong><\/span><br \/>\n<span style=\"color: #000000; font-family: helvetica, arial, sans-serif;\">* Predefini\u00e7\u00f5es personalizadas de tratamento<\/span><br \/>\n<span style=\"color: #000000; font-family: helvetica, arial, sans-serif;\">* Com homens e mulheres, 6 estilos de pele para escolher<\/span><br \/>\n<span style=\"color: #000000; font-family: helvetica, arial, sans-serif;\">* f\u00e1cil de operar fornecendo habilidades de opera\u00e7\u00e3o\/servi\u00e7os de ensino<\/span><br \/>\n<span style=\"color: #000000; font-family: helvetica, arial, sans-serif;\">* Logo e linguagem gratuitos podem ser personalizados na tela<\/span><\/p>\n<p>&nbsp;<\/p>\n<\/div>\n<\/div>\n<\/div>\n<p><span style=\"font-size: 14pt; color: #0000ff;\"><a style=\"color: #0000ff;\" href=\"https:\/\/www.mlkjlasers.com\/pt\/contact-us\/\"><em><span style=\"font-family: helvetica, arial, sans-serif;\">Aprender mais detalhes do produto!<\/span><\/em><\/a><\/span><br \/>\n<span style=\"color: #0000ff;\"><a style=\"color: #0000ff;\" href=\"https:\/\/www.mlkjlasers.com\/pt\/contact-us\/\"><span style=\"font-size: 14pt;\"><em><span style=\"font-family: helvetica, arial, sans-serif;\">Pede pre\u00e7os!<\/span><\/em><\/span><\/a><\/span><br \/>\n<span style=\"color: #0000ff;\"><a style=\"color: #0000ff;\" href=\"https:\/\/www.mlkjlasers.com\/pt\/contact-us\/\"><span style=\"font-size: 14pt;\"><em><span style=\"font-family: helvetica, arial, sans-serif;\">Ser um agente!<\/span><\/em><\/span><\/a><\/span><br \/>\n<span style=\"color: #0000ff;\"><a style=\"color: #0000ff;\" href=\"https:\/\/www.mlkjlasers.com\/pt\/contact-us\/\"><span style=\"font-size: 14pt;\"><em><span style=\"font-family: helvetica, arial, sans-serif;\">Bem-vindos a perguntar!<\/span><\/em><\/span><\/a><\/span><\/p>\n<p>&nbsp;<\/p>\n<\/div>\n<\/div>\n<\/div>","protected":false},"excerpt":{"rendered":"<p>Mancha de laser de diode, o feixe de laser de alta energia penetra instantaneamente na pele e atinge o f\u00f3lico do cabelo durante o tratamento, a luz de sa\u00edda \u00e9 absorvida pela melanina no f\u00f3lico do cabelo, destruindo o f\u00f3lico do cabelo e atingindo a remo\u00e7\u00e3o permanente do cabelo. A largura do pulso laser \u00e9 menor do que o tempo que o corpo humano \u00e9 sentir o tempo, um \u00fanico tiro de luz acabou, mas o corpo humano caiu sem dor, ent\u00e3o poderia alcan\u00e7ar o sentimento de tratamento sem dor, para melhorar o cliente&#8217; \u00e9 uma experi\u00eancia confort\u00e1vel.<\/p>\n<p>E-light IPL para removal de cabelo\/reanima\u00e7\u00e3o da pele\/Trabalho Vascular\/Pigmenta\u00e7\u00e3o\/Acne clearance&#8230;<br \/>\n* A absor\u00e7\u00e3o da energia n\u00e3o \u00e9 afetada pela barreira pigmentar.<br \/>\n* Pode ser usado em pele escura e cabelo fino claro<br \/>\n* A luz pulsada de baixa energia reduz o risco de queimadura da pele e sensa\u00e7\u00e3o de dor.<\/p>","protected":false},"featured_media":1951,"comment_status":"open","ping_status":"closed","template":"","meta":[],"product_cat":[29],"product_tag":[],"class_list":["post-261","product","type-product","status-publish","has-post-thumbnail","hentry","product_cat-multifunction-beauty-machine"],"_links":{"self":[{"href":"https:\/\/www.mlkjlasers.com\/pt\/wp-json\/wp\/v2\/product\/261","targetHints":{"allow":["GET"]}}],"collection":[{"href":"https:\/\/www.mlkjlasers.com\/pt\/wp-json\/wp\/v2\/product"}],"about":[{"href":"https:\/\/www.mlkjlasers.com\/pt\/wp-json\/wp\/v2\/types\/product"}],"replies":[{"embeddable":true,"href":"https:\/\/www.mlkjlasers.com\/pt\/wp-json\/wp\/v2\/comments?post=261"}],"wp:featuredmedia":[{"embeddable":true,"href":"https:\/\/www.mlkjlasers.com\/pt\/wp-json\/wp\/v2\/media\/1951"}],"wp:attachment":[{"href":"https:\/\/www.mlkjlasers.com\/pt\/wp-json\/wp\/v2\/media?parent=261"}],"wp:term":[{"taxonomy":"product_cat","embeddable":true,"href":"https:\/\/www.mlkjlasers.com\/pt\/wp-json\/wp\/v2\/product_cat?post=261"},{"taxonomy":"product_tag","embeddable":true,"href":"https:\/\/www.mlkjlasers.com\/pt\/wp-json\/wp\/v2\/product_tag?post=261"}],"curies":[{"name":"wp","href":"https:\/\/api.w.org\/{rel}","templated":true}]}}