{"id":268,"date":"2023-05-29T16:51:51","date_gmt":"2023-05-29T08:51:51","guid":{"rendered":"https:\/\/mingliang.leadsclouds.com\/?post_type=product&#038;p=268"},"modified":"2026-01-27T17:06:24","modified_gmt":"2026-01-27T09:06:24","slug":"exfu-11d-hifu-machine","status":"publish","type":"product","link":"https:\/\/www.mlkjlasers.com\/pt\/product\/exfu-11d-hifu-machine\/","title":{"rendered":"EXFU 11D HIFU Machine High Intensity Focused Ultrasound"},"content":{"rendered":"<div class=\"se3_item\">\n<table style=\"border-collapse: collapse; width: 100%; height: 267px;\">\n<tbody>\n<tr style=\"height: 24px;\">\n<td style=\"width: 50%; height: 24px;\"><span style=\"font-family: helvetica, arial, sans-serif; color: #000000; font-size: 14pt;\"><b>EXFU 11D HIFU Machine<\/b><\/span><\/td>\n<td style=\"width: 50%; height: 24px;\"><\/td>\n<\/tr>\n<tr style=\"height: 24px;\">\n<td style=\"width: 50%; height: 24px;\">\n<div><span style=\"font-family: helvetica, arial, sans-serif; color: #000000; font-size: 14pt;\">Modelo<\/span><\/div>\n<\/td>\n<td style=\"width: 50%; height: 24px;\">\n<div><span style=\"font-family: helvetica, arial, sans-serif; color: #000000; font-size: 14pt;\">Dispositivo de Terapia 7D Focused Ultrasound<\/span><\/div>\n<\/td>\n<\/tr>\n<tr style=\"height: 24px;\">\n<td style=\"width: 50%; height: 24px;\">\n<div><span style=\"font-family: helvetica, arial, sans-serif; color: #000000; font-size: 14pt;\">Nome<\/span><\/div>\n<\/td>\n<td style=\"width: 50%; height: 24px;\">\n<div><span style=\"font-family: helvetica, arial, sans-serif; color: #000000; font-size: 14pt;\">Alta Intensidade Focused Ultrasound<\/span><\/div>\n<\/td>\n<\/tr>\n<tr style=\"height: 27px;\">\n<td style=\"width: 50%; height: 51px;\" rowspan=\"2\">\n<div><span style=\"font-family: helvetica, arial, sans-serif; color: #000000; font-size: 14pt;\">Handles<\/span><\/div>\n<\/td>\n<td style=\"width: 50%; height: 27px;\">\n<div><span style=\"font-family: helvetica, arial, sans-serif; color: #000000; font-size: 14pt;\">Facial: 1,5 mm, 3,0 mm, 4,5 mm<\/span><\/div>\n<\/td>\n<\/tr>\n<tr style=\"height: 24px;\">\n<td style=\"width: 50%; height: 24px;\">\n<div><span style=\"font-family: helvetica, arial, sans-serif; color: #000000; font-size: 14pt;\">HF: MF2\/6\/9\/13 L4-4.5 L7-1.5 L7-3.0<\/span><\/div>\n<\/td>\n<\/tr>\n<tr style=\"height: 24px;\">\n<td style=\"width: 50%; height: 24px;\">\n<div><span style=\"font-family: helvetica, arial, sans-serif; color: #000000; font-size: 14pt;\">Produ\u00e7\u00e3o de energia<\/span><\/div>\n<\/td>\n<td style=\"width: 50%; height: 24px;\">\n<div><span style=\"font-family: helvetica, arial, sans-serif; color: #000000; font-size: 14pt;\">0,1J-2,5J (0,1J por passo)<\/span><\/div>\n<\/td>\n<\/tr>\n<tr style=\"height: 24px;\">\n<td style=\"width: 50%; height: 24px;\">\n<div><span style=\"font-family: helvetica, arial, sans-serif; color: #000000; font-size: 14pt;\">Espa\u00e7o entre o ponto<\/span><\/div>\n<\/td>\n<td style=\"width: 50%; height: 24px;\">\n<div><span style=\"font-family: helvetica, arial, sans-serif; color: #000000; font-size: 14pt;\">1.0mm-4.0mm<\/span><\/div>\n<\/td>\n<\/tr>\n<tr style=\"height: 24px;\">\n<td style=\"width: 50%; height: 24px;\">\n<div><span style=\"font-family: helvetica, arial, sans-serif; color: #000000; font-size: 14pt;\">Longitude do tiro<\/span><\/div>\n<\/td>\n<td style=\"width: 50%; height: 24px;\">\n<div><span style=\"font-family: helvetica, arial, sans-serif; color: #000000; font-size: 14pt;\">5mm-25mm<\/span><\/div>\n<\/td>\n<\/tr>\n<tr style=\"height: 24px;\">\n<td style=\"width: 50%; height: 24px;\">\n<div><span style=\"font-family: helvetica, arial, sans-serif; color: #000000; font-size: 14pt;\">fotos<\/span><\/div>\n<\/td>\n<td style=\"width: 50%; height: 24px;\">\n<div><span style=\"font-family: helvetica, arial, sans-serif; color: #000000; font-size: 14pt;\">Cada cartucho 300000 tiros<\/span><\/div>\n<\/td>\n<\/tr>\n<tr style=\"height: 24px;\">\n<td style=\"width: 50%; height: 24px;\">\n<div><span style=\"font-family: helvetica, arial, sans-serif; color: #000000; font-size: 14pt;\">Tamanho da Pantalla<\/span><\/div>\n<\/td>\n<td style=\"width: 50%; height: 24px;\">\n<div><span style=\"font-family: helvetica, arial, sans-serif; color: #000000; font-size: 14pt;\">15 polegadas<\/span><\/div>\n<\/td>\n<\/tr>\n<tr style=\"height: 24px;\">\n<td style=\"width: 50%; height: 24px;\">\n<div><span style=\"font-family: helvetica, arial, sans-serif; color: #000000; font-size: 14pt;\">Volta\u00e7\u00e3o<\/span><\/div>\n<\/td>\n<td style=\"width: 50%; height: 24px;\">\n<div><span style=\"font-family: helvetica, arial, sans-serif; color: #000000; font-size: 14pt;\">110V-240V, 50\/60Hz<\/span><\/div>\n<\/td>\n<\/tr>\n<\/tbody>\n<\/table>\n<\/div>\n<p><span style=\"font-family: helvetica, arial, sans-serif; color: #000000; font-size: 14pt;\">\u00a0\u00a0<img fetchpriority=\"high\" decoding=\"async\" class=\"aligncenter wp-image-1872\" src=\"https:\/\/mlkjlasers.com\/wp-content\/uploads\/2023\/05\/11D-HIFU-\u6d77\u62a5-3-e1689996250612.jpg\" alt=\"\" width=\"1920\" height=\"979\" srcset=\"https:\/\/www.mlkjlasers.com\/wp-content\/uploads\/2023\/05\/11D-HIFU-\u6d77\u62a5-3-e1689996250612.jpg 1200w, https:\/\/www.mlkjlasers.com\/wp-content\/uploads\/2023\/05\/11D-HIFU-\u6d77\u62a5-3-e1689996250612-300x153.jpg 300w, https:\/\/www.mlkjlasers.com\/wp-content\/uploads\/2023\/05\/11D-HIFU-\u6d77\u62a5-3-e1689996250612-1024x522.jpg 1024w, https:\/\/www.mlkjlasers.com\/wp-content\/uploads\/2023\/05\/11D-HIFU-\u6d77\u62a5-3-e1689996250612-768x392.jpg 768w, https:\/\/www.mlkjlasers.com\/wp-content\/uploads\/2023\/05\/11D-HIFU-\u6d77\u62a5-3-e1689996250612-600x306.jpg 600w\" sizes=\"(max-width: 1920px) 100vw, 1920px\" \/><\/span><\/p>\n<p><span style=\"font-family: helvetica, arial, sans-serif; color: #000000; font-size: 14pt;\"><strong>Profundidade de Penetra\u00e7\u00e3o M\u00e1quina HIFU EXFU 11D<\/strong><br \/>\n<strong>V\u00e1rias de aplica\u00e7\u00f5es:<\/strong><br \/>\n1. Eliminar rodas em volta da frente, olhos, boca, etc.<br \/>\n2. Lifting and tightening both cheeks skin.<br \/>\n3. Melhorar a elasticidade da pele e formar o contorno.<br \/>\n4. Melhorar a linha da mand\u00edbula, reduzindo &#8220; linhas de marioneta.<br \/>\n5. Refor\u00e7ar o tecido da pele na frente, levantar as linhas das pernas.<br \/>\n6. Melhorar a complex\u00e3o da pele, tornando a pele delicada e brilhante.<br \/>\n7. Concorda com beleza injet\u00e1vel como \u00e1cido hialur\u00f4nico, colag\u00eanio, para resolver mais problema de envelhecimento.<br \/>\n8. Eliminar os queixos do pesco\u00e7o, proteger o envelhecimento do pesco\u00e7o.<\/span><\/p>\n<p><span style=\"font-family: helvetica, arial, sans-serif; color: #000000; font-size: 14pt;\">\u00a0 \u00a0 \u00a0 \u00a0 \u00a0<\/span><\/p>\n<div class=\"se3_item\">\n<div class=\"des1\" style=\"text-align: left;\">\n<div class=\"l left\"><span style=\"font-family: helvetica, arial, sans-serif; color: #000000; font-size: 14pt;\"><img decoding=\"async\" class=\"aligncenter wp-image-1867\" src=\"https:\/\/mlkjlasers.com\/wp-content\/uploads\/2023\/05\/7D\u6cbb\u7597\u5934.png\" alt=\"\" width=\"1920\" height=\"2234\" srcset=\"https:\/\/www.mlkjlasers.com\/wp-content\/uploads\/2023\/05\/7D\u6cbb\u7597\u5934.png 1058w, https:\/\/www.mlkjlasers.com\/wp-content\/uploads\/2023\/05\/7D\u6cbb\u7597\u5934-258x300.png 258w, https:\/\/www.mlkjlasers.com\/wp-content\/uploads\/2023\/05\/7D\u6cbb\u7597\u5934-880x1024.png 880w, https:\/\/www.mlkjlasers.com\/wp-content\/uploads\/2023\/05\/7D\u6cbb\u7597\u5934-768x894.png 768w, https:\/\/www.mlkjlasers.com\/wp-content\/uploads\/2023\/05\/7D\u6cbb\u7597\u5934-600x698.png 600w\" sizes=\"(max-width: 1920px) 100vw, 1920px\" \/><\/span><\/div>\n<div><\/div>\n<\/div>\n<\/div>\n<div><\/div>\n<div><\/div>\n<div class=\"se3_item\">\n<div class=\"des1\" style=\"text-align: left;\">\n<div class=\"r right\">\n<p><span style=\"font-family: helvetica, arial, sans-serif; color: #000000; font-size: 14pt;\">\u2022 Terapia ultrassonogr\u00e1fica, (<strong>HIFU<\/strong>) fornece energia focada de ultrassom para a mesma camada fundamental (SMAS) tipicamente abordada pelos cirurgi\u00f5es durante a cirurgia cosm\u00e9tica.<\/span><\/p>\n<p><span style=\"font-family: helvetica, arial, sans-serif; color: #000000; font-size: 14pt;\">\u2022 Ao contr\u00e1rio dos lasers, radiofrequ\u00eancia e outros dispositivos, o dispositivo HIFU passa pela superf\u00edcie da pele para fornecer energia em profundidades \u00f3ptimas.<\/span><\/p>\n<p><span style=\"font-family: helvetica, arial, sans-serif; color: #000000; font-size: 14pt;\">\u2022 Os resultados ocorrem instantaneamente, por\u00e9m melhor aparecer durante dois a tr\u00eas meses enquanto o novo colag\u00eanio se construi, gradualmente levantando e apertando a pele.<\/span><\/p>\n<p><span style=\"font-family: helvetica, arial, sans-serif; color: #000000; font-size: 14pt;\">\u2022 O processo continua at\u00e9 6 meses ap\u00f3s o tratamento.<\/span><\/p>\n<p>&nbsp;<\/p>\n<\/div>\n<\/div>\n<\/div>\n<p><span style=\"font-family: helvetica, arial, sans-serif; color: #000000; font-size: 14pt;\"><img decoding=\"async\" class=\"aligncenter wp-image-1879\" src=\"https:\/\/mlkjlasers.com\/wp-content\/uploads\/2023\/05\/11D-HIFU\u8be6\u60c5-4.jpg\" alt=\"\" width=\"1920\" height=\"2214\" srcset=\"https:\/\/www.mlkjlasers.com\/wp-content\/uploads\/2023\/05\/11D-HIFU\u8be6\u60c5-4.jpg 1200w, https:\/\/www.mlkjlasers.com\/wp-content\/uploads\/2023\/05\/11D-HIFU\u8be6\u60c5-4-260x300.jpg 260w, https:\/\/www.mlkjlasers.com\/wp-content\/uploads\/2023\/05\/11D-HIFU\u8be6\u60c5-4-888x1024.jpg 888w, https:\/\/www.mlkjlasers.com\/wp-content\/uploads\/2023\/05\/11D-HIFU\u8be6\u60c5-4-768x886.jpg 768w, https:\/\/www.mlkjlasers.com\/wp-content\/uploads\/2023\/05\/11D-HIFU\u8be6\u60c5-4-600x692.jpg 600w\" sizes=\"(max-width: 1920px) 100vw, 1920px\" \/><\/span><\/p>\n<div class=\"se3_item\">\n<div class=\"des2\">\n<div class=\"des_box1\">\n<p style=\"text-align: left;\"><span style=\"font-family: helvetica, arial, sans-serif; color: #000000; font-size: 14pt;\">TERApia ultrasonizada avan\u00e7ada<\/span><\/p>\n<p style=\"text-align: left;\"><span style=\"font-family: helvetica, arial, sans-serif; color: #000000; font-size: 14pt;\">1. Tratamento n\u00e3o cir\u00fargico do sistema de eleva\u00e7\u00e3o facial, apertura e contorno corporal;<\/span><\/p>\n<p style=\"text-align: left;\"><span style=\"font-family: helvetica, arial, sans-serif; color: #000000; font-size: 14pt;\">2.O mundo a \u00faltima tecnologia ultrassonogr\u00e1fica focada em alta energia;<\/span><\/p>\n<p style=\"text-align: left;\"><span style=\"font-family: helvetica, arial, sans-serif; color: #000000; font-size: 14pt;\">3.N\u00e3o invasivo, seguro,r\u00e1pido, confort\u00e1vel e eficaz;<\/span><\/p>\n<p style=\"text-align: left;\"><span style=\"font-family: helvetica, arial, sans-serif; color: #000000; font-size: 14pt;\">cartucho facial 4,7 1,5 mm,2,0 mm,3,0 mm e 4,5 mm;<\/span><\/p>\n<p style=\"text-align: left;\"><span style=\"font-family: helvetica, arial, sans-serif; color: #000000; font-size: 14pt;\">5.A profundidade da sonda de 6 mm,9 mm e 13 mm pode lidar compreensivamente com o envelhecimento da pele;<\/span><\/p>\n<p style=\"text-align: left;\"><span style=\"font-family: helvetica, arial, sans-serif; color: #000000; font-size: 14pt;\">6.A sonda de 2,0 mm \u00e9 \u00fanica no mundo e pode ser operada em todos os aspectos sem zona proibida;<\/span><\/p>\n<p style=\"text-align: left;\"><span style=\"font-family: helvetica, arial, sans-serif; color: #000000; font-size: 14pt;\">7. Limpar o rosto,apertar a pele e dissolver a gordura,pode fazer em uma m\u00e1quina.<\/span><\/p>\n<p><span style=\"font-family: helvetica, arial, sans-serif; color: #000000; font-size: 14pt;\">\u00a0<\/span><\/p>\n<p><span style=\"font-family: helvetica, arial, sans-serif; color: #000000; font-size: 14pt;\"><img loading=\"lazy\" decoding=\"async\" class=\"aligncenter wp-image-1881\" src=\"https:\/\/mlkjlasers.com\/wp-content\/uploads\/2023\/05\/11D-HIFU\u8be6\u60c5-6-e1689994625795.jpg\" alt=\"\" width=\"1920\" height=\"754\" srcset=\"https:\/\/www.mlkjlasers.com\/wp-content\/uploads\/2023\/05\/11D-HIFU\u8be6\u60c5-6-e1689994625795.jpg 1200w, https:\/\/www.mlkjlasers.com\/wp-content\/uploads\/2023\/05\/11D-HIFU\u8be6\u60c5-6-e1689994625795-300x118.jpg 300w, https:\/\/www.mlkjlasers.com\/wp-content\/uploads\/2023\/05\/11D-HIFU\u8be6\u60c5-6-e1689994625795-1024x402.jpg 1024w, https:\/\/www.mlkjlasers.com\/wp-content\/uploads\/2023\/05\/11D-HIFU\u8be6\u60c5-6-e1689994625795-768x301.jpg 768w, https:\/\/www.mlkjlasers.com\/wp-content\/uploads\/2023\/05\/11D-HIFU\u8be6\u60c5-6-e1689994625795-600x236.jpg 600w\" sizes=\"(max-width: 1920px) 100vw, 1920px\" \/><span style=\"font-size: 14pt;\">Fun\u00e7\u00f5es:<\/span><\/span><\/p>\n<\/div>\n<p style=\"text-align: left;\"><span style=\"font-family: helvetica, arial, sans-serif; color: #000000; font-size: 14pt;\">A \u00faltima m\u00e1quina HIFU tem 11 sondas, totalmente cortadas e antienvelhecidas.<\/span><\/p>\n<p style=\"text-align: left;\"><span style=\"font-family: helvetica, arial, sans-serif; color: #000000; font-size: 14pt;\">1. Sonda facial 1,5 mm, 3,0 mm, 4,5 mm, forma\u00e7\u00e3o de contorno, levantamento e apertura, dilui\u00e7\u00e3o e remo\u00e7\u00e3o de linhas fritas, corvo&#8217; s p\u00e9s, linhas legais, queixo duplo, linhas de pesco\u00e7o.<\/span><\/p>\n<p style=\"text-align: left;\"><span style=\"font-family: helvetica, arial, sans-serif; color: #000000; font-size: 14pt;\">2. Sonda corporal, 6mm, 9mm, 13mm, reduzindo gordura e corpo de forma\u00e7\u00e3o, removendo tecido de pele laranja&amp; celulite, apertamento e levantamento da pele corporal, peito e traseiros.<\/span><\/p>\n<p style=\"text-align: left;\"><span style=\"font-family: helvetica, arial, sans-serif; color: #000000; font-size: 14pt;\">3. A sonda patentada de 2,0 mm tem efeito significativo em marcas de estiramento, marcas de crescimento e marcas de obesidade.<\/span><\/p>\n<div class=\"des_box1\">\n<div class=\"des\">\n<p><span style=\"font-family: helvetica, arial, sans-serif; color: #000000; font-size: 14pt;\"><img loading=\"lazy\" decoding=\"async\" class=\"aligncenter wp-image-1882\" src=\"https:\/\/mlkjlasers.com\/wp-content\/uploads\/2023\/05\/11D-HIFU\u8be6\u60c5-7.jpg\" alt=\"\" width=\"1920\" height=\"2226\" srcset=\"https:\/\/www.mlkjlasers.com\/wp-content\/uploads\/2023\/05\/11D-HIFU\u8be6\u60c5-7.jpg 1200w, https:\/\/www.mlkjlasers.com\/wp-content\/uploads\/2023\/05\/11D-HIFU\u8be6\u60c5-7-259x300.jpg 259w, https:\/\/www.mlkjlasers.com\/wp-content\/uploads\/2023\/05\/11D-HIFU\u8be6\u60c5-7-883x1024.jpg 883w, https:\/\/www.mlkjlasers.com\/wp-content\/uploads\/2023\/05\/11D-HIFU\u8be6\u60c5-7-768x890.jpg 768w, https:\/\/www.mlkjlasers.com\/wp-content\/uploads\/2023\/05\/11D-HIFU\u8be6\u60c5-7-600x696.jpg 600w\" sizes=\"(max-width: 1920px) 100vw, 1920px\" \/><\/span><span style=\"font-family: helvetica, arial, sans-serif; color: #000000; font-size: 14pt;\">Antes e depois<\/span><\/p>\n<p><span style=\"font-family: helvetica, arial, sans-serif; color: #000000; font-size: 14pt;\"><img loading=\"lazy\" decoding=\"async\" class=\"aligncenter wp-image-1884\" src=\"https:\/\/mlkjlasers.com\/wp-content\/uploads\/2023\/05\/11D-HIFU\u8be6\u60c5-9.jpg\" alt=\"\" width=\"1920\" height=\"1044\" srcset=\"https:\/\/www.mlkjlasers.com\/wp-content\/uploads\/2023\/05\/11D-HIFU\u8be6\u60c5-9.jpg 750w, https:\/\/www.mlkjlasers.com\/wp-content\/uploads\/2023\/05\/11D-HIFU\u8be6\u60c5-9-300x163.jpg 300w, https:\/\/www.mlkjlasers.com\/wp-content\/uploads\/2023\/05\/11D-HIFU\u8be6\u60c5-9-600x326.jpg 600w\" sizes=\"(max-width: 1920px) 100vw, 1920px\" \/><\/span><\/p>\n<p><span style=\"font-size: 14pt;\"><img loading=\"lazy\" decoding=\"async\" class=\"aligncenter wp-image-1883\" src=\"https:\/\/www.mlkjlasers.com\/wp-content\/uploads\/2023\/05\/11D-HIFU\u8be6\u60c5-8.jpg\" alt=\"\" width=\"1920\" height=\"1978\" srcset=\"https:\/\/www.mlkjlasers.com\/wp-content\/uploads\/2023\/05\/11D-HIFU\u8be6\u60c5-8.jpg 1200w, https:\/\/www.mlkjlasers.com\/wp-content\/uploads\/2023\/05\/11D-HIFU\u8be6\u60c5-8-291x300.jpg 291w, https:\/\/www.mlkjlasers.com\/wp-content\/uploads\/2023\/05\/11D-HIFU\u8be6\u60c5-8-994x1024.jpg 994w, https:\/\/www.mlkjlasers.com\/wp-content\/uploads\/2023\/05\/11D-HIFU\u8be6\u60c5-8-768x791.jpg 768w, https:\/\/www.mlkjlasers.com\/wp-content\/uploads\/2023\/05\/11D-HIFU\u8be6\u60c5-8-600x618.jpg 600w\" sizes=\"(max-width: 1920px) 100vw, 1920px\" \/><strong style=\"color: #000000; font-style: italic;\"><span style=\"font-family: helvetica, arial, sans-serif;\">LED Touch Screen Smart Control System Hifu dispositivo<\/span><\/strong><\/span><\/p>\n<p><span style=\"font-size: 14pt;\"><strong style=\"color: #000000; font-style: italic;\"><span style=\"font-family: helvetica, arial, sans-serif;\">15 polegadas de tela 4K, experi\u00eancia de toque inteligente<\/span><\/strong><\/span><\/p>\n<p><span style=\"color: #000000; font-family: helvetica, arial, sans-serif; font-style: italic; font-size: 14pt;\">* Predefini\u00e7\u00f5es personalizadas de tratamento<\/span><\/p>\n<p><span style=\"color: #000000; font-family: helvetica, arial, sans-serif; font-style: italic; font-size: 14pt;\">* Com homens e mulheres, 6 estilos de pele para escolher<\/span><\/p>\n<p><span style=\"color: #000000; font-family: helvetica, arial, sans-serif; font-style: italic; font-size: 14pt;\">* f\u00e1cil de operar fornecendo habilidades operacionais e servi\u00e7os de ensino<\/span><\/p>\n<p><span style=\"color: #000000; font-family: helvetica, arial, sans-serif; font-style: italic; font-size: 14pt;\">* Logo e linguagem gratuitos podem ser personalizados na tela<\/span><\/p>\n<p><span style=\"font-size: 14pt;\"><img loading=\"lazy\" decoding=\"async\" class=\"aligncenter wp-image-1877\" src=\"https:\/\/www.mlkjlasers.com\/wp-content\/uploads\/2023\/05\/11D-HIFU\u8be6\u60c5-2.jpg\" alt=\"\" width=\"1920\" height=\"1184\" srcset=\"https:\/\/www.mlkjlasers.com\/wp-content\/uploads\/2023\/05\/11D-HIFU\u8be6\u60c5-2.jpg 1200w, https:\/\/www.mlkjlasers.com\/wp-content\/uploads\/2023\/05\/11D-HIFU\u8be6\u60c5-2-300x185.jpg 300w, https:\/\/www.mlkjlasers.com\/wp-content\/uploads\/2023\/05\/11D-HIFU\u8be6\u60c5-2-1024x631.jpg 1024w, https:\/\/www.mlkjlasers.com\/wp-content\/uploads\/2023\/05\/11D-HIFU\u8be6\u60c5-2-768x474.jpg 768w, https:\/\/www.mlkjlasers.com\/wp-content\/uploads\/2023\/05\/11D-HIFU\u8be6\u60c5-2-600x370.jpg 600w\" sizes=\"(max-width: 1920px) 100vw, 1920px\" \/><\/span><\/p>\n<p><span style=\"font-size: 14pt;\"><img loading=\"lazy\" decoding=\"async\" class=\"aligncenter wp-image-1871\" src=\"https:\/\/www.mlkjlasers.com\/wp-content\/uploads\/2023\/05\/11D-HIFU-\u6d77\u62a5-2.jpg\" alt=\"\" width=\"1920\" height=\"997\" srcset=\"https:\/\/www.mlkjlasers.com\/wp-content\/uploads\/2023\/05\/11D-HIFU-\u6d77\u62a5-2.jpg 1200w, https:\/\/www.mlkjlasers.com\/wp-content\/uploads\/2023\/05\/11D-HIFU-\u6d77\u62a5-2-300x156.jpg 300w, https:\/\/www.mlkjlasers.com\/wp-content\/uploads\/2023\/05\/11D-HIFU-\u6d77\u62a5-2-1024x532.jpg 1024w, https:\/\/www.mlkjlasers.com\/wp-content\/uploads\/2023\/05\/11D-HIFU-\u6d77\u62a5-2-768x399.jpg 768w, https:\/\/www.mlkjlasers.com\/wp-content\/uploads\/2023\/05\/11D-HIFU-\u6d77\u62a5-2-600x312.jpg 600w\" sizes=\"(max-width: 1920px) 100vw, 1920px\" \/><strong style=\"color: #000000; font-family: helvetica, arial, sans-serif; font-style: italic;\"><a style=\"color: #000000;\" href=\"https:\/\/exfulaser.com\/single\/contact.html\" target=\"_blank\" rel=\"noopener\">Por favor, contacte-nos pelo pre\u00e7o mais baixo!!!<\/a><\/strong><\/span><\/p>\n<\/div>\n<\/div>\n<\/div>\n<\/div>","protected":false},"excerpt":{"rendered":"<p style=\"text-align: left;\"><span style=\"font-family: helvetica, arial, sans-serif;\">*Uma alta taxa de repeti\u00e7\u00e3o de pulsos curtos s\u00e3o entregues profundamente na derme, alcan\u00e7ando alto poder m\u00e9dio e acumula\u00e7\u00e3o terap\u00eautica eficaz de calor, praticamente sem dor.<\/span><\/p>\n<p><span style=\"font-family: helvetica, arial, sans-serif;\">*A \u00faltima m\u00e1quina HIFU tem 11 sondas, totalmente cortadas e antienvelhecidas.<\/span><\/p>\n<p><span style=\"font-family: helvetica, arial, sans-serif;\">* Tratamento n\u00e3o cir\u00fargico de eleva\u00e7\u00e3o facial, apertura e sistema de forma\u00e7\u00e3o de contorno corporal. O mundo a \u00faltima tecnologia ultrassonogr\u00e1fica focada em alta energia.<\/span><\/p>","protected":false},"featured_media":1885,"comment_status":"open","ping_status":"closed","template":"","meta":[],"product_cat":[30],"product_tag":[],"class_list":["post-268","product","type-product","status-publish","has-post-thumbnail","hentry","product_cat-11d-hifu"],"_links":{"self":[{"href":"https:\/\/www.mlkjlasers.com\/pt\/wp-json\/wp\/v2\/product\/268","targetHints":{"allow":["GET"]}}],"collection":[{"href":"https:\/\/www.mlkjlasers.com\/pt\/wp-json\/wp\/v2\/product"}],"about":[{"href":"https:\/\/www.mlkjlasers.com\/pt\/wp-json\/wp\/v2\/types\/product"}],"replies":[{"embeddable":true,"href":"https:\/\/www.mlkjlasers.com\/pt\/wp-json\/wp\/v2\/comments?post=268"}],"wp:featuredmedia":[{"embeddable":true,"href":"https:\/\/www.mlkjlasers.com\/pt\/wp-json\/wp\/v2\/media\/1885"}],"wp:attachment":[{"href":"https:\/\/www.mlkjlasers.com\/pt\/wp-json\/wp\/v2\/media?parent=268"}],"wp:term":[{"taxonomy":"product_cat","embeddable":true,"href":"https:\/\/www.mlkjlasers.com\/pt\/wp-json\/wp\/v2\/product_cat?post=268"},{"taxonomy":"product_tag","embeddable":true,"href":"https:\/\/www.mlkjlasers.com\/pt\/wp-json\/wp\/v2\/product_tag?post=268"}],"curies":[{"name":"wp","href":"https:\/\/api.w.org\/{rel}","templated":true}]}}