{"id":2713,"date":"2023-11-15T14:54:18","date_gmt":"2023-11-15T06:54:18","guid":{"rendered":"https:\/\/mlkjlasers.com\/?post_type=product&#038;p=2713"},"modified":"2026-01-24T10:17:12","modified_gmt":"2026-01-24T02:17:12","slug":"q-switched-nd-yag-laser-tattoo-removal-machine-2","status":"publish","type":"product","link":"https:\/\/www.mlkjlasers.com\/pt\/product\/q-switched-nd-yag-laser-tattoo-removal-machine-2\/","title":{"rendered":"Pico Laser Tattoo Removal Q-Switched Nd Yag Laser Machine"},"content":{"rendered":"<div class=\"J_module\">\n<div class=\"icbu-pc-images magic-0\">\n<div class=\"flex-layout-v\">\n<div class=\"flex-layout-h magic-0\">\n<div><span style=\"font-size: 14pt;\"><img fetchpriority=\"high\" decoding=\"async\" class=\"aligncenter size-full wp-image-3487\" src=\"https:\/\/www.mlkjlasers.com\/wp-content\/uploads\/2026\/01\/ND-LA3\u6d77\u62a5.jpg\" alt=\"\" width=\"1920\" height=\"300\" srcset=\"https:\/\/www.mlkjlasers.com\/wp-content\/uploads\/2026\/01\/ND-LA3\u6d77\u62a5.jpg 1920w, https:\/\/www.mlkjlasers.com\/wp-content\/uploads\/2026\/01\/ND-LA3\u6d77\u62a5-300x47.jpg 300w, https:\/\/www.mlkjlasers.com\/wp-content\/uploads\/2026\/01\/ND-LA3\u6d77\u62a5-1024x160.jpg 1024w, https:\/\/www.mlkjlasers.com\/wp-content\/uploads\/2026\/01\/ND-LA3\u6d77\u62a5-768x120.jpg 768w, https:\/\/www.mlkjlasers.com\/wp-content\/uploads\/2026\/01\/ND-LA3\u6d77\u62a5-1536x240.jpg 1536w, https:\/\/www.mlkjlasers.com\/wp-content\/uploads\/2026\/01\/ND-LA3\u6d77\u62a5-600x94.jpg 600w\" sizes=\"(max-width: 1920px) 100vw, 1920px\" \/><\/span><\/div>\n<div class=\"magic-1\">\n<p><span style=\"font-family: Arial; font-size: 14pt;\">1. Fun\u00e7\u00e3o: retirada de tatuagem, retirada permanente de makup, retirada de nevus, retirada de ota, tratamento de corte de carbono;<\/span><\/p>\n<p><span style=\"font-size: 14pt;\"><span style=\"font-family: Arial;\" data-spm-anchor-id=\"a2700.pc-decorate.0.i6.3eba3333s30LTF\">2. Sondas: 6 sondas <\/span><span style=\"font-family: Arial;\">Adjust\u00e1vel 1064\/532nm: pode ajustar o tamanho do ponto, mais f\u00e1cil para tratamento de grande \u00e1rea; <\/span><span style=\"font-family: Arial;\">Fixado 1064\/532nm: pode&#8217; t ajustar o tamanho do ponto;<\/span><span style=\"font-family: Arial;\">755\/1320nm: reanima\u00e7\u00e3o da pele.<\/span><\/span><\/p>\n<div><span style=\"font-family: Arial; font-size: 14pt;\">3.Frequ\u00eancia: 1-20HZ;<\/span><\/div>\n<\/div>\n<div class=\"magic-1\"><\/div>\n<div class=\"magic-1\"><\/div>\n<\/div>\n<\/div>\n<\/div>\n<\/div>\n<div class=\"J_module\">\n<div class=\"icbu-pc-images magic-0\">\n<div class=\"flex-layout-v\">\n<div class=\"flex-layout-h magic-0\">\n<div class=\"magic-11\"><span style=\"color: #000000; font-family: helvetica, arial, sans-serif; font-size: 14pt;\"><img decoding=\"async\" class=\"aligncenter size-full wp-image-3532\" src=\"https:\/\/www.mlkjlasers.com\/wp-content\/uploads\/2026\/01\/LA3\u8be6\u60c5\u98751_01.jpg\" alt=\"\" width=\"2344\" height=\"1329\" srcset=\"https:\/\/www.mlkjlasers.com\/wp-content\/uploads\/2026\/01\/LA3\u8be6\u60c5\u98751_01.jpg 2344w, https:\/\/www.mlkjlasers.com\/wp-content\/uploads\/2026\/01\/LA3\u8be6\u60c5\u98751_01-300x170.jpg 300w, https:\/\/www.mlkjlasers.com\/wp-content\/uploads\/2026\/01\/LA3\u8be6\u60c5\u98751_01-1024x581.jpg 1024w, https:\/\/www.mlkjlasers.com\/wp-content\/uploads\/2026\/01\/LA3\u8be6\u60c5\u98751_01-768x435.jpg 768w, https:\/\/www.mlkjlasers.com\/wp-content\/uploads\/2026\/01\/LA3\u8be6\u60c5\u98751_01-1536x871.jpg 1536w, https:\/\/www.mlkjlasers.com\/wp-content\/uploads\/2026\/01\/LA3\u8be6\u60c5\u98751_01-2048x1161.jpg 2048w, https:\/\/www.mlkjlasers.com\/wp-content\/uploads\/2026\/01\/LA3\u8be6\u60c5\u98751_01-600x340.jpg 600w\" sizes=\"(max-width: 2344px) 100vw, 2344px\" \/><\/span><\/div>\n<div><\/div>\n<\/div>\n<\/div>\n<\/div>\n<\/div>\n<div class=\"J_module\">\n<div class=\"detail-decorate-json-renderer-container\">\n<div class=\"magic-3\">\n<div class=\"magic-4\">\n<div class=\"magic-5\">\n<div class=\"magic-6\">\n<p><span style=\"font-size: 14pt;\"><span class=\"magic-15\" style=\"color: #000000; font-family: helvetica, arial, sans-serif;\"><span class=\"magic-8\"><b class=\"magic-16\"><span class=\"magic-16\">Qualidade do artesanato, Reflete os detalhes extremos <\/span><\/b><\/span><\/span><span class=\"magic-8\" style=\"color: #000000; font-family: helvetica, arial, sans-serif;\"><b>Design racional <\/b><\/span><\/span><\/p>\n<div><span class=\"magic-8\" style=\"color: #000000; font-family: helvetica, arial, sans-serif; font-size: 14pt;\">1. O produto tem uma apar\u00eancia nova e \u00e9 principalmente vendido como um modelo quente <\/span><\/div>\n<div><span class=\"magic-8\" style=\"color: #000000; font-family: helvetica, arial, sans-serif; font-size: 14pt;\">2. Corchete de manejo ajustador, forte e duradoura <\/span><\/div>\n<div><span class=\"magic-8\" style=\"color: #000000; font-family: helvetica, arial, sans-serif; font-size: 14pt;\">3. Mancha sem deslizar, design ergon\u00f4mico <\/span><\/div>\n<div><span class=\"magic-8\" style=\"color: #000000; font-family: helvetica, arial, sans-serif; font-size: 14pt;\">4. Tratamento alargado conectando tubo<\/span><\/div>\n<div><\/div>\n<\/div>\n<div><span style=\"font-size: 14pt;\"><img decoding=\"async\" class=\"aligncenter size-full wp-image-3523\" src=\"https:\/\/www.mlkjlasers.com\/wp-content\/uploads\/2026\/01\/LA3\u8be6\u60c5\u98751_10.jpg\" alt=\"\" width=\"2344\" height=\"1656\" srcset=\"https:\/\/www.mlkjlasers.com\/wp-content\/uploads\/2026\/01\/LA3\u8be6\u60c5\u98751_10.jpg 2344w, https:\/\/www.mlkjlasers.com\/wp-content\/uploads\/2026\/01\/LA3\u8be6\u60c5\u98751_10-300x212.jpg 300w, https:\/\/www.mlkjlasers.com\/wp-content\/uploads\/2026\/01\/LA3\u8be6\u60c5\u98751_10-1024x723.jpg 1024w, https:\/\/www.mlkjlasers.com\/wp-content\/uploads\/2026\/01\/LA3\u8be6\u60c5\u98751_10-768x543.jpg 768w, https:\/\/www.mlkjlasers.com\/wp-content\/uploads\/2026\/01\/LA3\u8be6\u60c5\u98751_10-1536x1085.jpg 1536w, https:\/\/www.mlkjlasers.com\/wp-content\/uploads\/2026\/01\/LA3\u8be6\u60c5\u98751_10-2048x1447.jpg 2048w, https:\/\/www.mlkjlasers.com\/wp-content\/uploads\/2026\/01\/LA3\u8be6\u60c5\u98751_10-600x424.jpg 600w\" sizes=\"(max-width: 2344px) 100vw, 2344px\" \/><\/span><\/div>\n<\/div>\n<\/div>\n<div><\/div>\n<\/div>\n<\/div>\n<\/div>\n<div class=\"J_module\">\n<div class=\"icbu-pc-images magic-0\">\n<div class=\"flex-layout-v\">\n<div class=\"flex-layout-h magic-0\">\n<div class=\"magic-19\"><span style=\"font-size: 14pt;\"><b class=\"magic-20\" style=\"color: #000000; font-family: helvetica, arial, sans-serif;\"><span class=\"magic-16\">O menor tamanho<\/span><\/b><\/span><\/div>\n<\/div>\n<\/div>\n<\/div>\n<\/div>\n<div class=\"J_module\">\n<div class=\"detail-decorate-json-renderer-container\">\n<div class=\"magic-3\">\n<div class=\"magic-4\">\n<div class=\"magic-5\">\n<div class=\"magic-6\"><span style=\"font-family: helvetica, arial, sans-serif; font-size: 14pt;\">O menor tamanho 1. Adoptar componentes essenciais do equipamento m\u00e9dico. O tamanho da m\u00e1quina \u00e9 menor. <\/span><\/div>\n<div class=\"magic-6\"><span style=\"font-family: helvetica, arial, sans-serif; font-size: 14pt;\">2. Carga transfronteiri\u00e7a inferior a m\u00e1quinas comuns. <\/span><\/div>\n<div class=\"magic-6\">\n<p><span style=\"font-family: helvetica, arial, sans-serif; font-size: 14pt;\">3. O manejo \u00e9 menor e mais conveniente para ser usado<\/span><\/p>\n<p><span style=\"font-size: 14pt;\"><img loading=\"lazy\" decoding=\"async\" class=\"aligncenter size-full wp-image-3529\" src=\"https:\/\/www.mlkjlasers.com\/wp-content\/uploads\/2026\/01\/LA3\u8be6\u60c5\u98751_04.jpg\" alt=\"\" width=\"2344\" height=\"1434\" srcset=\"https:\/\/www.mlkjlasers.com\/wp-content\/uploads\/2026\/01\/LA3\u8be6\u60c5\u98751_04.jpg 2344w, https:\/\/www.mlkjlasers.com\/wp-content\/uploads\/2026\/01\/LA3\u8be6\u60c5\u98751_04-300x184.jpg 300w, https:\/\/www.mlkjlasers.com\/wp-content\/uploads\/2026\/01\/LA3\u8be6\u60c5\u98751_04-1024x626.jpg 1024w, https:\/\/www.mlkjlasers.com\/wp-content\/uploads\/2026\/01\/LA3\u8be6\u60c5\u98751_04-768x470.jpg 768w, https:\/\/www.mlkjlasers.com\/wp-content\/uploads\/2026\/01\/LA3\u8be6\u60c5\u98751_04-1536x940.jpg 1536w, https:\/\/www.mlkjlasers.com\/wp-content\/uploads\/2026\/01\/LA3\u8be6\u60c5\u98751_04-2048x1253.jpg 2048w, https:\/\/www.mlkjlasers.com\/wp-content\/uploads\/2026\/01\/LA3\u8be6\u60c5\u98751_04-600x367.jpg 600w\" sizes=\"(max-width: 2344px) 100vw, 2344px\" \/><\/span><\/p>\n<div>\n<p><span style=\"font-size: 14pt;\"><strong style=\"font-family: helvetica, arial, sans-serif;\">5 cabe\u00e7as de tratamento, desenhabilidade e rota\u00e7\u00e3o de fios externos<\/strong><\/span><\/p>\n<\/div>\n<\/div>\n<\/div>\n<\/div>\n<\/div>\n<\/div>\n<\/div>\n<div class=\"J_module\">\n<div class=\"detail-decorate-json-renderer-container\">\n<div class=\"magic-3\">\n<div class=\"magic-4\">\n<div class=\"magic-5\">\n<div class=\"magic-6\">\n<p><span style=\"font-family: helvetica, arial, sans-serif; font-size: 14pt;\">1. <strong>532:<\/strong> Eliminar tatuagens coloridas. <\/span><\/p>\n<p><span style=\"font-family: helvetica, arial, sans-serif; font-size: 14pt;\">2. <strong>755:<\/strong> cabe\u00e7a de medo: usada para remover pontos de idade, freckles e chloasma. pequeno dano \u00e0 pele <\/span><\/p>\n<p><span style=\"font-family: helvetica, arial, sans-serif; font-size: 14pt;\">3. <strong>Par\u00e2metro ajustador 1064:<\/strong> para remover tatuagens, limpar as pernas <\/span><\/p>\n<p><span style=\"font-family: helvetica, arial, sans-serif; font-size: 14pt;\">4. <strong>Par\u00e2metro n\u00e3o ajustado 1064:<\/strong> usados para remover tatuagens e limpar as pernas <\/span><\/p>\n<p><span style=\"font-family: helvetica, arial, sans-serif; font-size: 14pt;\">5. <strong>1320:<\/strong> tratamento de grande \u00e1rea, grande ponto, velocidade de tratamento r\u00e1pido e bom efeito<\/span><\/p>\n<div><span style=\"font-size: 14pt;\"><img loading=\"lazy\" decoding=\"async\" class=\"aligncenter size-full wp-image-3530\" src=\"https:\/\/www.mlkjlasers.com\/wp-content\/uploads\/2026\/01\/LA3\u8be6\u60c5\u98751_03.jpg\" alt=\"\" width=\"2344\" height=\"2064\" srcset=\"https:\/\/www.mlkjlasers.com\/wp-content\/uploads\/2026\/01\/LA3\u8be6\u60c5\u98751_03.jpg 2344w, https:\/\/www.mlkjlasers.com\/wp-content\/uploads\/2026\/01\/LA3\u8be6\u60c5\u98751_03-300x264.jpg 300w, https:\/\/www.mlkjlasers.com\/wp-content\/uploads\/2026\/01\/LA3\u8be6\u60c5\u98751_03-1024x902.jpg 1024w, https:\/\/www.mlkjlasers.com\/wp-content\/uploads\/2026\/01\/LA3\u8be6\u60c5\u98751_03-768x676.jpg 768w, https:\/\/www.mlkjlasers.com\/wp-content\/uploads\/2026\/01\/LA3\u8be6\u60c5\u98751_03-1536x1353.jpg 1536w, https:\/\/www.mlkjlasers.com\/wp-content\/uploads\/2026\/01\/LA3\u8be6\u60c5\u98751_03-2048x1803.jpg 2048w, https:\/\/www.mlkjlasers.com\/wp-content\/uploads\/2026\/01\/LA3\u8be6\u60c5\u98751_03-600x528.jpg 600w\" sizes=\"(max-width: 2344px) 100vw, 2344px\" \/><\/span><\/div>\n<\/div>\n<\/div>\n<\/div>\n<\/div>\n<\/div>\n<\/div>\n<div class=\"J_module\">\n<div class=\"icbu-pc-images magic-0\">\n<div>\n<div class=\"flex-layout-v\">\n<div class=\"flex-layout-h magic-0\">\n<div><span style=\"font-size: 14pt;\"><b style=\"color: #000000; font-family: helvetica, arial, sans-serif;\">A energia m\u00e1xima, o melhor efeito<\/b><\/span><\/div>\n<\/div>\n<\/div>\n<\/div>\n<\/div>\n<\/div>\n<div class=\"J_module\">\n<div class=\"detail-decorate-json-renderer-container\">\n<div class=\"magic-3\">\n<div class=\"magic-4\">\n<div class=\"magic-5\">\n<div class=\"magic-6\">\n<div><span class=\"magic-8\" style=\"color: #000000; font-family: helvetica, arial, sans-serif; font-size: 14pt;\">1. Os dados do laborat\u00f3rio mostram que a l\u00e2mina laser atinge 2000 mj. <\/span><\/div>\n<div><span class=\"magic-8\" style=\"color: #000000; font-family: helvetica, arial, sans-serif; font-size: 14pt;\">2. C\u00e1lculo preciso do valor laser <\/span><\/div>\n<div><span class=\"magic-8\" style=\"color: #000000; font-family: helvetica, arial, sans-serif; font-size: 14pt;\">3. A dist\u00e2ncia de alvo da luz indicadora \u00e9 de 6-10cm<\/span><\/div>\n<div><span style=\"font-size: 14pt;\"><img loading=\"lazy\" decoding=\"async\" class=\"aligncenter size-full wp-image-3525\" src=\"https:\/\/www.mlkjlasers.com\/wp-content\/uploads\/2026\/01\/LA3\u8be6\u60c5\u98751_08.jpg\" alt=\"\" width=\"2344\" height=\"1800\" srcset=\"https:\/\/www.mlkjlasers.com\/wp-content\/uploads\/2026\/01\/LA3\u8be6\u60c5\u98751_08.jpg 2344w, https:\/\/www.mlkjlasers.com\/wp-content\/uploads\/2026\/01\/LA3\u8be6\u60c5\u98751_08-300x230.jpg 300w, https:\/\/www.mlkjlasers.com\/wp-content\/uploads\/2026\/01\/LA3\u8be6\u60c5\u98751_08-1024x786.jpg 1024w, https:\/\/www.mlkjlasers.com\/wp-content\/uploads\/2026\/01\/LA3\u8be6\u60c5\u98751_08-768x590.jpg 768w, https:\/\/www.mlkjlasers.com\/wp-content\/uploads\/2026\/01\/LA3\u8be6\u60c5\u98751_08-1536x1180.jpg 1536w, https:\/\/www.mlkjlasers.com\/wp-content\/uploads\/2026\/01\/LA3\u8be6\u60c5\u98751_08-2048x1573.jpg 2048w, https:\/\/www.mlkjlasers.com\/wp-content\/uploads\/2026\/01\/LA3\u8be6\u60c5\u98751_08-600x461.jpg 600w\" sizes=\"(max-width: 2344px) 100vw, 2344px\" \/><\/span><\/div>\n<\/div>\n<\/div>\n<\/div>\n<\/div>\n<\/div>\n<\/div>\n<div class=\"J_module\">\n<div class=\"icbu-pc-images magic-0\">\n<div>\n<div class=\"flex-layout-v\">\n<div class=\"flex-layout-h magic-0\">\n<div class=\"magic-11\"><\/div>\n<\/div>\n<\/div>\n<\/div>\n<\/div>\n<\/div>\n<div class=\"J_module\">\n<div class=\"detail-decorate-json-renderer-container\">\n<div class=\"magic-3\">\n<div class=\"magic-4\">\n<div class=\"magic-5\">\n<div class=\"magic-6\">\n<p><span style=\"color: #000000; font-family: helvetica, arial, sans-serif; font-size: 14pt;\">Mecanismo de cassete de troca de pedra Q importado, todo o laser s\u00f3lido, sem substituir o Q-switch.<\/span><\/p>\n<div><span class=\"magic-8\" style=\"color: #000000; font-family: helvetica, arial, sans-serif; font-size: 14pt;\"><b>Elimina\u00e7\u00e3o de tatuagem. Eliminar pigmentos de tatuagem negro, azul, marr\u00e3o e vermelho na perna, linha ocular, linha dos l\u00e1bios e outras partes do corpo Eliminar marca de nascimento, otas nevus e espelho dermal Tecnologia instant\u00e2nea de alta explos\u00e3o laser, padr\u00e3o internacional de produ\u00e7\u00e3o, teste t\u00e9cnico estritamente.<\/b> Uma solu\u00e7\u00e3o para a abund\u00e2nciade problemas cut\u00e2neos.<\/span><\/div>\n<div><span style=\"font-size: 14pt;\"><img loading=\"lazy\" decoding=\"async\" class=\"aligncenter size-full wp-image-3522\" src=\"https:\/\/www.mlkjlasers.com\/wp-content\/uploads\/2026\/01\/LA3\u8be6\u60c5\u98751_11.jpg\" alt=\"\" width=\"2344\" height=\"2151\" srcset=\"https:\/\/www.mlkjlasers.com\/wp-content\/uploads\/2026\/01\/LA3\u8be6\u60c5\u98751_11.jpg 2344w, https:\/\/www.mlkjlasers.com\/wp-content\/uploads\/2026\/01\/LA3\u8be6\u60c5\u98751_11-300x275.jpg 300w, https:\/\/www.mlkjlasers.com\/wp-content\/uploads\/2026\/01\/LA3\u8be6\u60c5\u98751_11-1024x940.jpg 1024w, https:\/\/www.mlkjlasers.com\/wp-content\/uploads\/2026\/01\/LA3\u8be6\u60c5\u98751_11-768x705.jpg 768w, https:\/\/www.mlkjlasers.com\/wp-content\/uploads\/2026\/01\/LA3\u8be6\u60c5\u98751_11-1536x1410.jpg 1536w, https:\/\/www.mlkjlasers.com\/wp-content\/uploads\/2026\/01\/LA3\u8be6\u60c5\u98751_11-2048x1879.jpg 2048w, https:\/\/www.mlkjlasers.com\/wp-content\/uploads\/2026\/01\/LA3\u8be6\u60c5\u98751_11-600x551.jpg 600w\" sizes=\"(max-width: 2344px) 100vw, 2344px\" \/><\/span><\/div>\n<\/div>\n<\/div>\n<div><\/div>\n<\/div>\n<\/div>\n<\/div>\n<\/div>\n<div class=\"J_module\">\n<div class=\"icbu-pc-images magic-0\">\n<div class=\"flex-layout-v\">\n<div class=\"flex-layout-h magic-0\">\n<div class=\"magic-32\"><\/div>\n<\/div>\n<\/div>\n<\/div>\n<\/div>\n<div class=\"J_module\">\n<div class=\"detail-decorate-json-renderer-container\">\n<div class=\"magic-3\">\n<div class=\"magic-4\">\n<div class=\"magic-5\">\n<div class=\"magic-6\" data-spm-anchor-id=\"a2700.wholesale.0.i54.5f0f3c62M7tBsi\"><span class=\"magic-8\" style=\"color: #000000; font-family: helvetica, arial, sans-serif; font-size: 14pt;\">&#8211; 12 polegadas de cor verdadeira grande tela de toque<br \/>\n&#8211; Imprime qualquer cor. Imprime seu<b> logo<\/b> na m\u00e1quina.<br \/>\n&#8211; Engadir qualquer <b>linguagem<\/b> em sistema de m\u00e1quinas.<br \/>\n&#8211; Design exclusivo <b>concha de m\u00e1quina <\/b>para voc\u00ea, formar sua pr\u00f3pria marca no mercado.<br \/>\n&#8211; Design new <b>interface e sistema<\/b> de m\u00e1quina, faz\u00ea-la mais conveniente para voc\u00ea e seus clientes.<\/span><\/div>\n<div data-spm-anchor-id=\"a2700.wholesale.0.i54.5f0f3c62M7tBsi\"><span style=\"font-size: 14pt;\"><img loading=\"lazy\" decoding=\"async\" class=\"aligncenter size-full wp-image-3528\" src=\"https:\/\/www.mlkjlasers.com\/wp-content\/uploads\/2026\/01\/LA3\u8be6\u60c5\u98751_05-scaled.jpg\" alt=\"\" width=\"2209\" height=\"2560\" srcset=\"https:\/\/www.mlkjlasers.com\/wp-content\/uploads\/2026\/01\/LA3\u8be6\u60c5\u98751_05-scaled.jpg 2209w, https:\/\/www.mlkjlasers.com\/wp-content\/uploads\/2026\/01\/LA3\u8be6\u60c5\u98751_05-259x300.jpg 259w, https:\/\/www.mlkjlasers.com\/wp-content\/uploads\/2026\/01\/LA3\u8be6\u60c5\u98751_05-883x1024.jpg 883w, https:\/\/www.mlkjlasers.com\/wp-content\/uploads\/2026\/01\/LA3\u8be6\u60c5\u98751_05-768x890.jpg 768w, https:\/\/www.mlkjlasers.com\/wp-content\/uploads\/2026\/01\/LA3\u8be6\u60c5\u98751_05-1325x1536.jpg 1325w, https:\/\/www.mlkjlasers.com\/wp-content\/uploads\/2026\/01\/LA3\u8be6\u60c5\u98751_05-1767x2048.jpg 1767w, https:\/\/www.mlkjlasers.com\/wp-content\/uploads\/2026\/01\/LA3\u8be6\u60c5\u98751_05-600x695.jpg 600w\" sizes=\"(max-width: 2209px) 100vw, 2209px\" \/><\/span><\/div>\n<\/div>\n<\/div>\n<\/div>\n<\/div>\n<\/div>\n<div data-spm-anchor-id=\"a2700.wholesale.0.i54.5f0f3c62M7tBsi\"><span style=\"font-size: 14pt;\"><img loading=\"lazy\" decoding=\"async\" class=\"aligncenter size-full wp-image-3531\" src=\"https:\/\/www.mlkjlasers.com\/wp-content\/uploads\/2026\/01\/LA3\u8be6\u60c5\u98751_02.jpg\" alt=\"\" width=\"2344\" height=\"1385\" srcset=\"https:\/\/www.mlkjlasers.com\/wp-content\/uploads\/2026\/01\/LA3\u8be6\u60c5\u98751_02.jpg 2344w, https:\/\/www.mlkjlasers.com\/wp-content\/uploads\/2026\/01\/LA3\u8be6\u60c5\u98751_02-300x177.jpg 300w, https:\/\/www.mlkjlasers.com\/wp-content\/uploads\/2026\/01\/LA3\u8be6\u60c5\u98751_02-1024x605.jpg 1024w, https:\/\/www.mlkjlasers.com\/wp-content\/uploads\/2026\/01\/LA3\u8be6\u60c5\u98751_02-768x454.jpg 768w, https:\/\/www.mlkjlasers.com\/wp-content\/uploads\/2026\/01\/LA3\u8be6\u60c5\u98751_02-1536x908.jpg 1536w, https:\/\/www.mlkjlasers.com\/wp-content\/uploads\/2026\/01\/LA3\u8be6\u60c5\u98751_02-2048x1210.jpg 2048w, https:\/\/www.mlkjlasers.com\/wp-content\/uploads\/2026\/01\/LA3\u8be6\u60c5\u98751_02-600x355.jpg 600w\" sizes=\"(max-width: 2344px) 100vw, 2344px\" \/><\/span><\/div>\n<div data-spm-anchor-id=\"a2700.wholesale.0.i54.5f0f3c62M7tBsi\"><strong><span style=\"font-size: 14pt; font-family: arial, helvetica, sans-serif;\">5 cabe\u00e7as de tratamento <\/span><span style=\"font-size: 14pt; font-family: arial, helvetica, sans-serif;\">Uma solu\u00e7\u00e3o para uma variedade de problemas cut\u00e2neos<\/span><\/strong><br \/>\n<span style=\"font-size: 14pt; font-family: arial, helvetica, sans-serif;\">532: Elimina tatuagens coloridas.<\/span><br \/>\n<span style=\"font-size: 14pt; font-family: arial, helvetica, sans-serif;\">755 cabe\u00e7as de medo: usadas para remover pontos de idade, freckles e chloasma. pequeno dano \u00e0 pele<\/span><br \/>\n<span style=\"font-size: 14pt; font-family: arial, helvetica, sans-serif;\">Par\u00e2metro ajustador 1064: para remover tatuagens, limpar a perna<\/span><br \/>\n<span style=\"font-size: 14pt; font-family: arial, helvetica, sans-serif;\">Par\u00e2metro n\u00e3o ajustado 1064: usado para remover tatuagens e limpar as pernas<\/span><br \/>\n<span style=\"font-size: 14pt; font-family: arial, helvetica, sans-serif;\">1320: tratamento de grande \u00e1rea, grande ponto, velocidade de tratamento r\u00e1pido e bom efeito<\/span><\/div>\n<div data-spm-anchor-id=\"a2700.wholesale.0.i54.5f0f3c62M7tBsi\"><img loading=\"lazy\" decoding=\"async\" class=\"aligncenter size-full wp-image-3526\" src=\"https:\/\/www.mlkjlasers.com\/wp-content\/uploads\/2026\/01\/LA3\u8be6\u60c5\u98751_07.jpg\" alt=\"\" width=\"2344\" height=\"1461\" srcset=\"https:\/\/www.mlkjlasers.com\/wp-content\/uploads\/2026\/01\/LA3\u8be6\u60c5\u98751_07.jpg 2344w, https:\/\/www.mlkjlasers.com\/wp-content\/uploads\/2026\/01\/LA3\u8be6\u60c5\u98751_07-300x187.jpg 300w, https:\/\/www.mlkjlasers.com\/wp-content\/uploads\/2026\/01\/LA3\u8be6\u60c5\u98751_07-1024x638.jpg 1024w, https:\/\/www.mlkjlasers.com\/wp-content\/uploads\/2026\/01\/LA3\u8be6\u60c5\u98751_07-768x479.jpg 768w, https:\/\/www.mlkjlasers.com\/wp-content\/uploads\/2026\/01\/LA3\u8be6\u60c5\u98751_07-1536x957.jpg 1536w, https:\/\/www.mlkjlasers.com\/wp-content\/uploads\/2026\/01\/LA3\u8be6\u60c5\u98751_07-2048x1277.jpg 2048w, https:\/\/www.mlkjlasers.com\/wp-content\/uploads\/2026\/01\/LA3\u8be6\u60c5\u98751_07-600x374.jpg 600w\" sizes=\"(max-width: 2344px) 100vw, 2344px\" \/><\/div>\n<div data-spm-anchor-id=\"a2700.wholesale.0.i54.5f0f3c62M7tBsi\"><img loading=\"lazy\" decoding=\"async\" class=\"aligncenter size-full wp-image-3524\" src=\"https:\/\/www.mlkjlasers.com\/wp-content\/uploads\/2026\/01\/LA3\u8be6\u60c5\u98751_09.jpg\" alt=\"\" width=\"2344\" height=\"1428\" srcset=\"https:\/\/www.mlkjlasers.com\/wp-content\/uploads\/2026\/01\/LA3\u8be6\u60c5\u98751_09.jpg 2344w, https:\/\/www.mlkjlasers.com\/wp-content\/uploads\/2026\/01\/LA3\u8be6\u60c5\u98751_09-300x183.jpg 300w, https:\/\/www.mlkjlasers.com\/wp-content\/uploads\/2026\/01\/LA3\u8be6\u60c5\u98751_09-1024x624.jpg 1024w, https:\/\/www.mlkjlasers.com\/wp-content\/uploads\/2026\/01\/LA3\u8be6\u60c5\u98751_09-768x468.jpg 768w, https:\/\/www.mlkjlasers.com\/wp-content\/uploads\/2026\/01\/LA3\u8be6\u60c5\u98751_09-1536x936.jpg 1536w, https:\/\/www.mlkjlasers.com\/wp-content\/uploads\/2026\/01\/LA3\u8be6\u60c5\u98751_09-2048x1248.jpg 2048w, https:\/\/www.mlkjlasers.com\/wp-content\/uploads\/2026\/01\/LA3\u8be6\u60c5\u98751_09-600x366.jpg 600w\" sizes=\"(max-width: 2344px) 100vw, 2344px\" \/><\/div>\n<div data-spm-anchor-id=\"a2700.wholesale.0.i54.5f0f3c62M7tBsi\"><span style=\"font-size: 14pt;\"><em><strong><span style=\"font-family: helvetica, arial, sans-serif;\"><span class=\"src\" data-group=\"0-0\">18 anos de fabrica\u00e7\u00e3o profissional de euquipment de beleza em v\u00e1rias fun\u00e7\u00f5es.<\/span><span class=\"src\" data-group=\"0-1\"> Servi\u00e7o de treinamento de um para um. Contacte-nos agora!<\/span><\/span><\/strong><\/em><\/span><\/div>\n<div data-spm-anchor-id=\"a2700.wholesale.0.i54.5f0f3c62M7tBsi\"><\/div>\n<div data-spm-anchor-id=\"a2700.wholesale.0.i54.5f0f3c62M7tBsi\"><\/div>","protected":false},"excerpt":{"rendered":"<p><span style=\"font-family: helvetica, arial, sans-serif;\">*O mais novo laser port\u00e1til de picosegundos, al\u00e9m das cabe\u00e7as de laser normais, tamb\u00e9m acrescenta cabe\u00e7as de laser de 755nm picosegundos, que podem obter uma camada mais profunda da pele e fazer um bom efeito para todos os tipos de freckle: como chloasma, age pigment, etc.<\/span><\/p>\n<p><span style=\"font-family: helvetica, arial, sans-serif;\">*1064nm,532nm cabe\u00e7a pode fazer removal de tatuagem, removal de linha ocular, etc.<\/span><\/p>\n<p><span style=\"font-family: helvetica, arial, sans-serif;\">*1320nm pode fazer o branqueamento da pele de boneca negra.<\/span><\/p>\n<p><span style=\"font-family: helvetica, arial, sans-serif;\">* Sem les\u00e3o \u00e0 pele e f\u00f3lico de cabelo; N\u00e3o h\u00e1 risco de cicatrizes. Tratamento sem dor, pouco efeito colateral.<\/span><\/p>\n<p><span style=\"font-family: helvetica, arial, sans-serif;\">*<span class=\"src\" data-group=\"0-0\">15 anos de fabrica\u00e7\u00e3o profissional de euquipment de beleza em v\u00e1rias fun\u00e7\u00f5es.<\/span><span class=\"src\" data-group=\"0-1\"> Servi\u00e7o de treinamento de um para um.<\/span><\/span><\/p>","protected":false},"featured_media":3481,"comment_status":"open","ping_status":"closed","template":"","meta":[],"product_cat":[23],"product_tag":[],"class_list":["post-2713","product","type-product","status-publish","has-post-thumbnail","hentry","product_cat-picosecond-laser"],"_links":{"self":[{"href":"https:\/\/www.mlkjlasers.com\/pt\/wp-json\/wp\/v2\/product\/2713","targetHints":{"allow":["GET"]}}],"collection":[{"href":"https:\/\/www.mlkjlasers.com\/pt\/wp-json\/wp\/v2\/product"}],"about":[{"href":"https:\/\/www.mlkjlasers.com\/pt\/wp-json\/wp\/v2\/types\/product"}],"replies":[{"embeddable":true,"href":"https:\/\/www.mlkjlasers.com\/pt\/wp-json\/wp\/v2\/comments?post=2713"}],"wp:featuredmedia":[{"embeddable":true,"href":"https:\/\/www.mlkjlasers.com\/pt\/wp-json\/wp\/v2\/media\/3481"}],"wp:attachment":[{"href":"https:\/\/www.mlkjlasers.com\/pt\/wp-json\/wp\/v2\/media?parent=2713"}],"wp:term":[{"taxonomy":"product_cat","embeddable":true,"href":"https:\/\/www.mlkjlasers.com\/pt\/wp-json\/wp\/v2\/product_cat?post=2713"},{"taxonomy":"product_tag","embeddable":true,"href":"https:\/\/www.mlkjlasers.com\/pt\/wp-json\/wp\/v2\/product_tag?post=2713"}],"curies":[{"name":"wp","href":"https:\/\/api.w.org\/{rel}","templated":true}]}}