{"id":275,"date":"2023-05-29T16:57:17","date_gmt":"2023-05-29T08:57:17","guid":{"rendered":"https:\/\/mingliang.leadsclouds.com\/?post_type=product&#038;p=275"},"modified":"2026-01-23T16:35:53","modified_gmt":"2026-01-23T08:35:53","slug":"exfu-violin","status":"publish","type":"product","link":"https:\/\/www.mlkjlasers.com\/pt\/product\/exfu-violin\/","title":{"rendered":"Portable High Power 1200w 1800w Diode Laser Super Fast Hair Removal Machine with 3 Waves 755\/808\/1064nm"},"content":{"rendered":"<div class=\"se3_item\">\n<table style=\"border-collapse: collapse; width: 100%; height: 192px;\">\n<tbody>\n<tr style=\"height: 24px;\">\n<td style=\"width: 50%; height: 24px;\"><span style=\"font-family: helvetica, arial, sans-serif; font-size: 12pt;\"><b>EXFU VIOLIN<\/b><\/span><\/td>\n<td style=\"width: 50%; height: 24px;\"><span style=\"font-family: helvetica, arial, sans-serif; font-size: 12pt;\">N\u00famero do modelo:EXFU VIOLIN<\/span><\/td>\n<\/tr>\n<tr style=\"height: 24px;\">\n<td style=\"width: 50%; height: 24px;\"><span style=\"font-family: helvetica, arial, sans-serif; font-size: 12pt;\">Longitude de onda: 808nm ou 755 808 1064nm<\/span><\/td>\n<td style=\"width: 50%; height: 24px;\"><span style=\"font-family: helvetica, arial, sans-serif; font-size: 12pt;\">Tamanho da tela: 12 polegadas de tela de toque de estilo 4K<\/span><\/td>\n<\/tr>\n<tr style=\"height: 24px;\">\n<td style=\"width: 50%; height: 24px;\"><span style=\"font-family: helvetica, arial, sans-serif; font-size: 12pt;\">Tempo de vida: 40 milh\u00f5es de tiros<\/span><\/td>\n<td style=\"width: 50%; height: 24px;\"><span style=\"font-family: helvetica, arial, sans-serif; font-size: 12pt;\">Dura\u00e7\u00e3o do pulso: 10-300 ms<\/span><\/td>\n<\/tr>\n<tr style=\"height: 24px;\">\n<td style=\"width: 50%; height: 24px;\"><span style=\"font-family: helvetica, arial, sans-serif; font-size: 12pt;\">Banda de laser: 100w para cada um, laser bar coerente americano<\/span><\/td>\n<td style=\"width: 50%; height: 24px;\"><span style=\"font-family: helvetica, arial, sans-serif; font-size: 12pt;\">Frequ\u00eancia: 1-10hz<\/span><\/td>\n<\/tr>\n<tr style=\"height: 24px;\">\n<td style=\"width: 50%; height: 24px;\"><span style=\"font-family: helvetica, arial, sans-serif; font-size: 12pt;\">Tamanho do ponto:12&#215; tamanho de pontos 24 mm ou 12,36 mm<\/span><\/td>\n<td style=\"width: 50%; height: 24px;\"><span style=\"font-family: helvetica, arial, sans-serif; font-size: 12pt;\">Energia: 1-150J<\/span><\/td>\n<\/tr>\n<tr style=\"height: 24px;\">\n<td style=\"width: 50%; height: 24px;\"><span style=\"font-family: helvetica, arial, sans-serif; font-size: 12pt;\">Sistema de refrigera\u00e7\u00e3o: Compressor, circuito de \u00e1gua<\/span><\/td>\n<td style=\"width: 50%; height: 24px;\"><span style=\"font-family: helvetica, arial, sans-serif; font-size: 12pt;\">Pot\u00eancia da M\u00e1quina: 2000 W<\/span><\/td>\n<\/tr>\n<tr style=\"height: 24px;\">\n<td style=\"width: 50%; height: 24px;\"><span style=\"font-family: helvetica, arial, sans-serif; font-size: 12pt;\">Tens\u00e3o: AC110V 60HZ\/AC220V 50HZ<\/span><\/td>\n<td style=\"width: 50%; height: 24px;\"><span style=\"font-family: helvetica, arial, sans-serif; font-size: 12pt;\">Dem\u00eancia m\u00e1quina: 380mm*535mm*350mm<\/span><\/td>\n<\/tr>\n<tr style=\"height: 24px;\">\n<td style=\"width: 50%; height: 24px;\"><span style=\"font-family: helvetica, arial, sans-serif; font-size: 12pt;\">Paquete: Caixa de alum\u00ednio<\/span><\/td>\n<td style=\"width: 50%; height: 24px;\"><span style=\"font-family: helvetica, arial, sans-serif; font-size: 12pt;\">Mandato de deten\u00e7\u00e3o: 2 anos para m\u00e1quina e 1 ano para manejo<\/span><\/td>\n<\/tr>\n<\/tbody>\n<\/table>\n<\/div>\n<div class=\"se3_item\">\n<div class=\"se4_tit\">\n<div class=\"r left\"><\/div>\n<div class=\"r left\"><\/div>\n<div class=\"r left\"><span style=\"font-family: helvetica, arial, sans-serif; font-size: 12pt;\"><img fetchpriority=\"high\" decoding=\"async\" class=\"aligncenter wp-image-3506 size-full\" src=\"https:\/\/www.mlkjlasers.com\/wp-content\/uploads\/2026\/01\/banner.jpg\" alt=\"\" width=\"1920\" height=\"1080\" srcset=\"https:\/\/www.mlkjlasers.com\/wp-content\/uploads\/2026\/01\/banner.jpg 1920w, https:\/\/www.mlkjlasers.com\/wp-content\/uploads\/2026\/01\/banner-300x169.jpg 300w, https:\/\/www.mlkjlasers.com\/wp-content\/uploads\/2026\/01\/banner-1024x576.jpg 1024w, https:\/\/www.mlkjlasers.com\/wp-content\/uploads\/2026\/01\/banner-768x432.jpg 768w, https:\/\/www.mlkjlasers.com\/wp-content\/uploads\/2026\/01\/banner-1536x864.jpg 1536w, https:\/\/www.mlkjlasers.com\/wp-content\/uploads\/2026\/01\/banner-600x338.jpg 600w\" sizes=\"(max-width: 1920px) 100vw, 1920px\" \/><\/span><\/div>\n<div class=\"r left\"><\/div>\n<div class=\"r left\"><span style=\"font-family: helvetica, arial, sans-serif; font-size: 12pt;\">atrav\u00e9s do projeto cient\u00edfico do laser de di\u00f3dio, o raio laser de alta energia penetra instantaneamente na pele e atinge o f\u00f3lico de cabelo durante o tratamento, a luz de sa\u00edda \u00e9 absorvida pela melanina no f\u00f3lico de cabelo, destruindo assim o f\u00f3lico de cabelo e atingindo a remo\u00e7\u00e3o permanente do cabelo. A largura do pulso laser \u00e9 menor do que o tempo que o corpo humano \u00e9 sentir o tempo, um \u00fanico tiro de luz acabou, mas o corpo humano caiu sem dor, ent\u00e3o poderia alcan\u00e7ar o sentimento de tratamento sem dor, para melhorar o cliente&#8217; \u00e9 uma experi\u00eancia confort\u00e1vel.<\/span><\/div>\n<\/div>\n<div class=\"des1\" style=\"text-align: left;\">\n<div><img decoding=\"async\" class=\"aligncenter wp-image-1768\" src=\"https:\/\/www.mlkjlasers.com\/wp-content\/uploads\/2023\/07\/\u53cc\u624b\u67c4\u5e26\u9f3b\u6bdb\u5934-V19\u533b\u7597\u6b3e\u5ba3\u4f20\u518c7-9.jpg\" alt=\"\" width=\"1920\" height=\"1080\" srcset=\"https:\/\/www.mlkjlasers.com\/wp-content\/uploads\/2023\/07\/\u53cc\u624b\u67c4\u5e26\u9f3b\u6bdb\u5934-V19\u533b\u7597\u6b3e\u5ba3\u4f20\u518c7-9.jpg 1200w, https:\/\/www.mlkjlasers.com\/wp-content\/uploads\/2023\/07\/\u53cc\u624b\u67c4\u5e26\u9f3b\u6bdb\u5934-V19\u533b\u7597\u6b3e\u5ba3\u4f20\u518c7-9-300x169.jpg 300w, https:\/\/www.mlkjlasers.com\/wp-content\/uploads\/2023\/07\/\u53cc\u624b\u67c4\u5e26\u9f3b\u6bdb\u5934-V19\u533b\u7597\u6b3e\u5ba3\u4f20\u518c7-9-1024x576.jpg 1024w, https:\/\/www.mlkjlasers.com\/wp-content\/uploads\/2023\/07\/\u53cc\u624b\u67c4\u5e26\u9f3b\u6bdb\u5934-V19\u533b\u7597\u6b3e\u5ba3\u4f20\u518c7-9-768x432.jpg 768w, https:\/\/www.mlkjlasers.com\/wp-content\/uploads\/2023\/07\/\u53cc\u624b\u67c4\u5e26\u9f3b\u6bdb\u5934-V19\u533b\u7597\u6b3e\u5ba3\u4f20\u518c7-9-600x338.jpg 600w\" sizes=\"(max-width: 1920px) 100vw, 1920px\" \/><\/div>\n<div class=\"l left\"><\/div>\n<div class=\"l left\"><span style=\"font-family: helvetica, arial, sans-serif; font-size: 12pt;\">Tr\u00eas comprimentos de onda<\/span><\/div>\n<div class=\"r right\">\n<p><span style=\"font-family: helvetica, arial, sans-serif; font-size: 12pt;\">Tecnologias de retirada de cabelo de di\u00f3dio 755nm 808nm 1064nm em uma m\u00e3o<\/span><\/p>\n<\/div>\n<\/div>\n<div class=\"des2\">\n<div class=\"des_box1\">\n<p>&nbsp;<\/p>\n<p>&nbsp;<\/p>\n<p style=\"text-align: left;\"><span style=\"font-family: helvetica, arial, sans-serif; font-size: 12pt;\"><img decoding=\"async\" class=\"aligncenter\" src=\"https:\/\/www.exfulaser.com\/uploads\/20221125\/2in1808-22_04.png\" alt=\"\" \/><\/span><\/p>\n<p>&nbsp;<\/p>\n<p style=\"text-align: left;\"><span style=\"font-family: helvetica, arial, sans-serif; font-size: 12pt;\"><img decoding=\"async\" src=\"https:\/\/www.exfulaser.com\/uploads\/20221125\/2in1808-33_08.png\" alt=\"\" \/><\/span><\/p>\n<p>&nbsp;<\/p>\n<p style=\"text-align: left;\"><span style=\"font-family: helvetica, arial, sans-serif; font-size: 12pt;\"><strong>Diminui\u00e7\u00e3o da dor<\/strong><\/span><\/p>\n<p style=\"text-align: left;\"><span style=\"font-family: helvetica, arial, sans-serif; font-size: 12pt;\">O paciente confort\u00e1vel ao refrigerar continuamente a pele, dor e desconforto s\u00e3o significativamente reduzidos.<\/span><\/p>\n<p class=\"tit_p contents\" style=\"text-align: left;\"><span style=\"font-family: helvetica, arial, sans-serif; font-size: 12pt;\">Agora, a tecnologia com alto poder e pulso curto assegura que, antes do corpo sentir dor, o tiro da luz tinha terminado. Todo o processo \u00e9 muito confort\u00e1vel, n\u00e3o sente dor. Normalmente, 3-5 sess\u00f5es podem alcan\u00e7ar remo\u00e7\u00e3o permanente de cabelo.<\/span><\/p>\n<div class=\"des_detail\">\n<div class=\"des_detail\">\n<h3 style=\"text-align: left;\"><span style=\"font-family: helvetica, arial, sans-serif; font-size: 12pt;\">Sistema de Controlo Inteligente<\/span><\/h3>\n<h4 style=\"text-align: left;\"><span style=\"font-family: helvetica, arial, sans-serif; font-size: 12pt;\">12 polegadas de tela 4K, experi\u00eancia de toque inteligente<\/span><br \/>\n<span style=\"font-family: helvetica, arial, sans-serif; font-size: 12pt;\">* Predefini\u00e7\u00f5es personalizadas de tratamento<\/span><br \/>\n<span style=\"font-family: helvetica, arial, sans-serif; font-size: 12pt;\">* Com homens e mulheres, 6 estilos de pele para escolher<\/span><br \/>\n<span style=\"font-family: helvetica, arial, sans-serif; font-size: 12pt;\">* f\u00e1cil de operar fornecendo habilidades operacionais e servi\u00e7os de ensino<\/span><br \/>\n<span style=\"font-family: helvetica, arial, sans-serif; font-size: 12pt;\">* logo e linguagem podem ser personalizados na tela<\/span><\/h4>\n<div class=\"img_b\">\n<p><span style=\"font-family: helvetica, arial, sans-serif; font-size: 12pt;\"><img decoding=\"async\" class=\"aligncenter wp-image-3507 size-full\" src=\"https:\/\/www.mlkjlasers.com\/wp-content\/uploads\/2026\/01\/\u5c4f\u5e55\u6d77\u62a5.jpg\" alt=\"\" width=\"1920\" height=\"1080\" srcset=\"https:\/\/www.mlkjlasers.com\/wp-content\/uploads\/2026\/01\/\u5c4f\u5e55\u6d77\u62a5.jpg 1920w, https:\/\/www.mlkjlasers.com\/wp-content\/uploads\/2026\/01\/\u5c4f\u5e55\u6d77\u62a5-300x169.jpg 300w, https:\/\/www.mlkjlasers.com\/wp-content\/uploads\/2026\/01\/\u5c4f\u5e55\u6d77\u62a5-1024x576.jpg 1024w, https:\/\/www.mlkjlasers.com\/wp-content\/uploads\/2026\/01\/\u5c4f\u5e55\u6d77\u62a5-768x432.jpg 768w, https:\/\/www.mlkjlasers.com\/wp-content\/uploads\/2026\/01\/\u5c4f\u5e55\u6d77\u62a5-1536x864.jpg 1536w, https:\/\/www.mlkjlasers.com\/wp-content\/uploads\/2026\/01\/\u5c4f\u5e55\u6d77\u62a5-600x338.jpg 600w\" sizes=\"(max-width: 1920px) 100vw, 1920px\" \/><\/span><\/p>\n<p style=\"text-align: left;\"><span style=\"font-family: helvetica, arial, sans-serif; font-size: 12pt;\">EXFU VIOLIN O mundo \u00e9 a tecnologia mais avan\u00e7ada e sem dor de remo\u00e7\u00e3o permanente do cabelo. Para diferentes tipos de pele remover cores de cabelo, cabelo de espessura diferente, cabelo de sombras diferentes, etc.; O manejo adota um design laser \u00fanico, a cabe\u00e7a laser \u00e9 maior, ent\u00e3o pode cobrir mais superf\u00edcie, 40% mais r\u00e1pido removimento de cabelo do que outros.\u00a0<\/span><\/p>\n<p style=\"text-align: left;\"><span style=\"font-family: helvetica, arial, sans-serif; font-size: 12pt;\">4 ondas 755 808 940 1064nm, que tem uma ampla gama de aplicabilidade para diferentes tipos de remo\u00e7\u00e3o de cabelo, temos certificados FDA, CE, ISO13485, e estamos sempre procurando nova inspira\u00e7\u00e3o inovadora para trazer produtos mais confi\u00e1veis para nossos parceiros e clientes.<\/span><\/p>\n<p><img loading=\"lazy\" decoding=\"async\" class=\"aligncenter size-full wp-image-3505\" src=\"https:\/\/www.mlkjlasers.com\/wp-content\/uploads\/2026\/01\/3-2.jpg\" alt=\"\" width=\"1920\" height=\"1080\" srcset=\"https:\/\/www.mlkjlasers.com\/wp-content\/uploads\/2026\/01\/3-2.jpg 1920w, https:\/\/www.mlkjlasers.com\/wp-content\/uploads\/2026\/01\/3-2-300x169.jpg 300w, https:\/\/www.mlkjlasers.com\/wp-content\/uploads\/2026\/01\/3-2-1024x576.jpg 1024w, https:\/\/www.mlkjlasers.com\/wp-content\/uploads\/2026\/01\/3-2-768x432.jpg 768w, https:\/\/www.mlkjlasers.com\/wp-content\/uploads\/2026\/01\/3-2-1536x864.jpg 1536w, https:\/\/www.mlkjlasers.com\/wp-content\/uploads\/2026\/01\/3-2-600x338.jpg 600w\" sizes=\"(max-width: 1920px) 100vw, 1920px\" \/><\/p>\n<\/div>\n<\/div>\n<\/div>\n<p><span style=\"font-family: helvetica, arial, sans-serif; font-size: 12pt;\">Antes e depois<\/span><\/p>\n<\/div>\n<\/div>\n<\/div>\n<p><img loading=\"lazy\" decoding=\"async\" class=\"aligncenter size-full wp-image-3106\" src=\"https:\/\/www.mlkjlasers.com\/wp-content\/uploads\/2024\/06\/8.jpg\" alt=\"\" width=\"1920\" height=\"1080\" srcset=\"https:\/\/www.mlkjlasers.com\/wp-content\/uploads\/2024\/06\/8.jpg 1920w, https:\/\/www.mlkjlasers.com\/wp-content\/uploads\/2024\/06\/8-300x169.jpg 300w, https:\/\/www.mlkjlasers.com\/wp-content\/uploads\/2024\/06\/8-1024x576.jpg 1024w, https:\/\/www.mlkjlasers.com\/wp-content\/uploads\/2024\/06\/8-768x432.jpg 768w, https:\/\/www.mlkjlasers.com\/wp-content\/uploads\/2024\/06\/8-1536x864.jpg 1536w, https:\/\/www.mlkjlasers.com\/wp-content\/uploads\/2024\/06\/8-600x338.jpg 600w\" sizes=\"(max-width: 1920px) 100vw, 1920px\" \/><\/p>\n<table class=\"alignleft\" style=\"border-collapse: collapse; width: 100%; height: 168px;\">\n<tbody>\n<tr style=\"height: 24px;\">\n<td style=\"width: 50%; height: 24px;\"><span style=\"font-family: helvetica, arial, sans-serif; font-size: 12pt;\">Avantagem<\/span><\/td>\n<td style=\"width: 50%; height: 24px;\"><span style=\"font-family: helvetica, arial, sans-serif; font-size: 12pt;\">Refrigimento minuto<\/span><\/td>\n<\/tr>\n<tr style=\"height: 24px;\">\n<td style=\"width: 50%; height: 24px;\"><span style=\"font-family: helvetica, arial, sans-serif; font-size: 12pt;\">R\u00e1pido, sem dor, Remova\u00e7\u00e3o Permanente de Cabelo<\/span><\/td>\n<td style=\"width: 50%; height: 24px;\"><span style=\"font-family: helvetica, arial, sans-serif; font-size: 12pt;\">Baixo ru\u00eddo do sistema e forte efeito de refrigera\u00e7\u00e3o<\/span><\/td>\n<\/tr>\n<tr style=\"height: 24px;\">\n<td style=\"width: 50%; height: 24px;\"><span style=\"font-family: helvetica, arial, sans-serif; font-size: 12pt;\">24 horas trabalhando cont\u00ednuamente<\/span><\/td>\n<td style=\"width: 50%; height: 24px;\"><span style=\"font-family: helvetica, arial, sans-serif; font-size: 12pt;\">N\u00e3o h\u00e1 necessidade de anestesia local<\/span><\/td>\n<\/tr>\n<tr style=\"height: 24px;\">\n<td style=\"width: 50%; height: 24px;\"><span style=\"font-family: helvetica, arial, sans-serif; font-size: 12pt;\">Reduzir o tempo de prepara\u00e7\u00e3o<\/span><\/td>\n<td style=\"width: 50%; height: 24px;\"><span style=\"font-family: helvetica, arial, sans-serif; font-size: 12pt;\">Baixos custos de transporte mar\u00edtimo, maior desempenho<\/span><\/td>\n<\/tr>\n<tr style=\"height: 24px;\">\n<td style=\"width: 50%; height: 24px;\"><span style=\"font-family: helvetica, arial, sans-serif; font-size: 12pt;\">Expandir sua base de pacientes<\/span><\/td>\n<td style=\"width: 50%; height: 24px;\"><span style=\"font-family: helvetica, arial, sans-serif; font-size: 12pt;\">Aumentar seu lucro<\/span><\/td>\n<\/tr>\n<tr style=\"height: 24px;\">\n<td style=\"width: 50%; height: 24px;\"><span style=\"font-family: helvetica, arial, sans-serif; font-size: 12pt;\">Adequado para o tratamento de todas as partes do corpo<\/span><\/td>\n<td style=\"width: 50%; height: 24px;\"><span style=\"font-family: helvetica, arial, sans-serif; font-size: 12pt;\">Aumentar seu lucro<\/span><\/td>\n<\/tr>\n<tr style=\"height: 24px;\">\n<td style=\"width: 50%; height: 24px;\"><span style=\"font-family: helvetica, arial, sans-serif; font-size: 12pt;\">Tamb\u00e9m pode ser usado em casa<\/span><\/td>\n<td style=\"width: 50%; height: 24px;\"><span style=\"font-family: helvetica, arial, sans-serif; font-size: 12pt;\">Port\u00e1vel e compacto, pode ser trazido \u00e0 porta para tratamento do cliente<\/span><\/td>\n<\/tr>\n<\/tbody>\n<\/table>\n<div class=\"des_detail\" style=\"text-align: left;\">\n<h3><\/h3>\n<h3><\/h3>\n<\/div>\n<h3><\/h3>\n<div class=\"des_detail\" style=\"text-align: left;\">\n<p>&nbsp;<\/p>\n<p>&nbsp;<\/p>\n<p>&nbsp;<\/p>\n<p><span style=\"font-family: helvetica, arial, sans-serif; font-size: 12pt;\">Tamanho do ponto: 12x24 mm Tamanho do ponto, para melhor absor\u00e7\u00e3o de energia no f\u00f3lico alvo.<\/span><br \/>\n<span style=\"font-family: helvetica, arial, sans-serif; font-size: 12pt;\">O \u00fanico laser com tecnologia \u00fanica e dedicada \u00e0 redu\u00e7\u00e3o da dor, efic\u00e1cia melhorada, seguran\u00e7a.<\/span><\/p>\n<p>&nbsp;<\/p>\n<\/div>\n<div class=\"des_detail\">\n<h3 style=\"text-align: left;\"><span style=\"font-family: helvetica, arial, sans-serif; font-size: 12pt;\">Vers\u00e1til<\/span><\/h3>\n<h4 style=\"text-align: left;\"><span style=\"font-family: helvetica, arial, sans-serif; font-size: 12pt;\">A cabe\u00e7a laser EXFU VIOLIN permite a redu\u00e7\u00e3o permanente do cabelo de todas as \u00e1reas do corpo. Sua tecnologia avan\u00e7ada reduz a dor enquanto aumenta a efic\u00e1cia, possibilitando tratamentos r\u00e1pidos e confort\u00e1veis para pacientes e m\u00e9dicos.<\/span><\/h4>\n<div class=\"des_detail\" style=\"text-align: left;\">\n<p><span style=\"font-family: helvetica, arial, sans-serif; font-size: 12pt;\"><img loading=\"lazy\" decoding=\"async\" class=\"aligncenter\" src=\"https:\/\/www.exfulaser.com\/uploads\/20221125\/%E6%95%88%E6%9E%9C.png\" alt=\"\" width=\"1604\" height=\"252\" \/><\/span><\/p>\n<p><span style=\"font-family: helvetica, arial, sans-serif; font-size: 12pt;\">\u2460  O laser atua seletivamente na melanina no f\u00f3lico do cabelo, destruindo a \u00e1rea de crescimento do cabelo<\/span><\/p>\n<p><span style=\"font-family: helvetica, arial, sans-serif; font-size: 12pt;\">\u2461  Efeito de remo\u00e7\u00e3o do cabelo ap\u00f3s 1-3 tratamentos \u203a Perda natural do cabelo, prevenir a regenera\u00e7\u00e3o, e alcan\u00e7ar o prop\u00f3sito de remo\u00e7\u00e3o do cabelo<\/span><\/p>\n<p><span style=\"font-family: helvetica, arial, sans-serif; font-size: 12pt;\">\u2462  Efeito de remo\u00e7\u00e3o do cabelo ap\u00f3s 3-5 tratamentos \u203a Remova\u00e7\u00e3o do cabelo tamb\u00e9m estimula a regenera\u00e7\u00e3o do col\u00e1geno, diminui os poros e torna a pele firme e suave<\/span><\/p>\n<p>&nbsp;<\/p>\n<\/div>\n<\/div>","protected":false},"excerpt":{"rendered":"<p>Refrigimento TEC: ventilador de 600 W TEC - tanque de \u00e1gua, TEC assegura que a m\u00e1quina pode funcionar cont\u00ednuamente por 24 horas sem qualquer problema, e a temperatura da \u00e1gua \u00e9 controlada entre 22&#8211; 24 C 2)<br \/>\nFornecimento de energia: 2000 W fornecimento de alta energia para garantir uma boa e est\u00e1vel sa\u00edda de energia da m\u00e1quina<br \/>\nFiltro: Filtro duplo para garantir boa qualidade de \u00e1gua e circula\u00e7\u00e3o de \u00e1gua<br \/>\nA m\u00e1quina s estrutura interna de todo metal, o design da estrutura interna \u00e9 maduro e razo\u00e1vel, para assegurar o bom funcionamento da m\u00e1quina*Exfu\u2122 Tecnologia \u2013 Enfriamento integrado de contato[UNK]proporciona prote\u00e7\u00e3o epidermal para \u00e1reas de tratamento que requerem precis\u00e3o e maior flu\u00eancia.<\/p>","protected":false},"featured_media":3504,"comment_status":"open","ping_status":"closed","template":"","meta":[],"product_cat":[15],"product_tag":[],"class_list":["post-275","product","type-product","status-publish","has-post-thumbnail","hentry","product_cat-diode-laser-hair-removal-machine"],"_links":{"self":[{"href":"https:\/\/www.mlkjlasers.com\/pt\/wp-json\/wp\/v2\/product\/275","targetHints":{"allow":["GET"]}}],"collection":[{"href":"https:\/\/www.mlkjlasers.com\/pt\/wp-json\/wp\/v2\/product"}],"about":[{"href":"https:\/\/www.mlkjlasers.com\/pt\/wp-json\/wp\/v2\/types\/product"}],"replies":[{"embeddable":true,"href":"https:\/\/www.mlkjlasers.com\/pt\/wp-json\/wp\/v2\/comments?post=275"}],"wp:featuredmedia":[{"embeddable":true,"href":"https:\/\/www.mlkjlasers.com\/pt\/wp-json\/wp\/v2\/media\/3504"}],"wp:attachment":[{"href":"https:\/\/www.mlkjlasers.com\/pt\/wp-json\/wp\/v2\/media?parent=275"}],"wp:term":[{"taxonomy":"product_cat","embeddable":true,"href":"https:\/\/www.mlkjlasers.com\/pt\/wp-json\/wp\/v2\/product_cat?post=275"},{"taxonomy":"product_tag","embeddable":true,"href":"https:\/\/www.mlkjlasers.com\/pt\/wp-json\/wp\/v2\/product_tag?post=275"}],"curies":[{"name":"wp","href":"https:\/\/api.w.org\/{rel}","templated":true}]}}