{"id":2840,"date":"2023-12-13T11:23:21","date_gmt":"2023-12-13T03:23:21","guid":{"rendered":"https:\/\/mlkjlasers.com\/?post_type=product&#038;p=2840"},"modified":"2026-01-26T10:34:42","modified_gmt":"2026-01-26T02:34:42","slug":"professional-755-808-1064-diode-laser-hair-removal-nd-yag-q-switched-tattoo-removal-laser","status":"publish","type":"product","link":"https:\/\/www.mlkjlasers.com\/pt\/product\/professional-755-808-1064-diode-laser-hair-removal-nd-yag-q-switched-tattoo-removal-laser\/","title":{"rendered":"Professional 755 808 1064 diode laser hair removal Ndyag q switched tattoo removal laser"},"content":{"rendered":"<p>&nbsp;<\/p>\n<p><img fetchpriority=\"high\" decoding=\"async\" class=\"aligncenter size-full wp-image-3557\" src=\"https:\/\/www.mlkjlasers.com\/wp-content\/uploads\/2026\/01\/D19-808ND-\u5207\u56fe_01.jpg\" alt=\"\" width=\"2400\" height=\"1350\" srcset=\"https:\/\/www.mlkjlasers.com\/wp-content\/uploads\/2026\/01\/D19-808ND-\u5207\u56fe_01.jpg 2400w, https:\/\/www.mlkjlasers.com\/wp-content\/uploads\/2026\/01\/D19-808ND-\u5207\u56fe_01-300x169.jpg 300w, https:\/\/www.mlkjlasers.com\/wp-content\/uploads\/2026\/01\/D19-808ND-\u5207\u56fe_01-1024x576.jpg 1024w, https:\/\/www.mlkjlasers.com\/wp-content\/uploads\/2026\/01\/D19-808ND-\u5207\u56fe_01-768x432.jpg 768w, https:\/\/www.mlkjlasers.com\/wp-content\/uploads\/2026\/01\/D19-808ND-\u5207\u56fe_01-1536x864.jpg 1536w, https:\/\/www.mlkjlasers.com\/wp-content\/uploads\/2026\/01\/D19-808ND-\u5207\u56fe_01-2048x1152.jpg 2048w, https:\/\/www.mlkjlasers.com\/wp-content\/uploads\/2026\/01\/D19-808ND-\u5207\u56fe_01-600x338.jpg 600w\" sizes=\"(max-width: 2400px) 100vw, 2400px\" \/><\/p>\n<p><span style=\"font-size: 18pt; font-family: arial, helvetica, sans-serif;\"><strong>Avantagens:<\/strong><\/span><br \/>\n<span style=\"font-size: 14pt; font-family: arial, helvetica, sans-serif;\"><strong>Descri\u00e7\u00f5es de 2 em 1 ND\/808nm m\u00e1quina multifuncional de di\u00f3dio laser,A m\u00e1quina inclui 2 manos:<\/strong><\/span><br \/>\n<span style=\"font-size: 14pt; font-family: arial, helvetica, sans-serif;\"><strong>1) ND yag handle para removal de tatuagem, removal de pigmentos,removal de freckles,removal de mole,removal de embroidery eyebrow,removal de cara negra[UNK]doll;<\/strong><\/span><br \/>\n<span style=\"font-size: 14pt; font-family: arial, helvetica, sans-serif;\"><strong>2) Mancha laser de di\u00f3dio de 808nm para remo\u00e7\u00e3o permanente, r\u00e1pida e sem dor de cabelo.<\/strong><\/span><\/p>\n<div><span style=\"font-size: 14pt; font-family: arial, helvetica, sans-serif;\"><strong>808nm Diode Laser: Descobre o pico da efici\u00eancia na remo\u00e7\u00e3o permanente do cabelo com nosso 808nm Diode Laser, projetado para atender sem esfor\u00e7o a todos os tipos de pele e cores de cabelo. Experimente a revolu\u00e7\u00e3o na remo\u00e7\u00e3o de cabelos com tratamentos que n\u00e3o s\u00e3o apenas r\u00e1pidos mas tamb\u00e9m praticamente sem dor, dando resultados n\u00e3o comparados.<\/strong><\/span><\/div>\n<p>&nbsp;<\/p>\n<div><img decoding=\"async\" class=\"aligncenter size-full wp-image-3558\" src=\"https:\/\/www.mlkjlasers.com\/wp-content\/uploads\/2026\/01\/D19-808ND-\u5207\u56fe_02.jpg\" alt=\"\" width=\"2400\" height=\"1350\" srcset=\"https:\/\/www.mlkjlasers.com\/wp-content\/uploads\/2026\/01\/D19-808ND-\u5207\u56fe_02.jpg 2400w, https:\/\/www.mlkjlasers.com\/wp-content\/uploads\/2026\/01\/D19-808ND-\u5207\u56fe_02-300x169.jpg 300w, https:\/\/www.mlkjlasers.com\/wp-content\/uploads\/2026\/01\/D19-808ND-\u5207\u56fe_02-1024x576.jpg 1024w, https:\/\/www.mlkjlasers.com\/wp-content\/uploads\/2026\/01\/D19-808ND-\u5207\u56fe_02-768x432.jpg 768w, https:\/\/www.mlkjlasers.com\/wp-content\/uploads\/2026\/01\/D19-808ND-\u5207\u56fe_02-1536x864.jpg 1536w, https:\/\/www.mlkjlasers.com\/wp-content\/uploads\/2026\/01\/D19-808ND-\u5207\u56fe_02-2048x1152.jpg 2048w, https:\/\/www.mlkjlasers.com\/wp-content\/uploads\/2026\/01\/D19-808ND-\u5207\u56fe_02-600x338.jpg 600w\" sizes=\"(max-width: 2400px) 100vw, 2400px\" \/><\/div>\n<div class=\"magic-13\"><span style=\"font-family: arial, helvetica, sans-serif; font-size: 18pt; color: #000000;\"><b class=\"magic-14\"><span class=\"magic-15\" data-spm-anchor-id=\"a2700.wholesale.0.i85.410c572fClQ0UR\">Para esta m\u00e1quina, tem totalmente 2 manos:<\/span><\/b><\/span><\/div>\n<div class=\"magic-13\"><span style=\"font-family: arial, helvetica, sans-serif; font-size: 14pt; color: #000000;\"><b>1) Mancha de Diode Laser, usar para:<\/b><\/span><\/div>\n<div class=\"magic-13\"><span style=\"font-family: arial, helvetica, sans-serif; font-size: 14pt; color: #993300;\">Retira\u00e7\u00e3o permanente do cabelo.<\/span><\/div>\n<div class=\"magic-13\"><span style=\"font-family: arial, helvetica, sans-serif; font-size: 14pt; color: #000000;\"><b>2) ND YAG handle, use for:<\/b><\/span><\/div>\n<div class=\"magic-13\" data-spm-anchor-id=\"a2700.wholesale.0.i84.410c572fClQ0UR\"><span style=\"font-family: arial, helvetica, sans-serif; font-size: 14pt; color: #993300;\">Retira\u00e7\u00e3o de tatuagem, tatuagem na retirada do brow, retirada de liplina, reanima\u00e7\u00e3o da pele, retirada marca de nascimento, otas nevus e espelho dermal.<\/span><\/div>\n<p><span style=\"color: #993366; font-family: arial, helvetica, sans-serif;\"><strong><span style=\"font-size: 14pt;\"><span class=\"magic-12\" data-spm-anchor-id=\"a2700.wholesale.0.i80.405d3809lncSnH\">1. Diode Laser t\u00e9cnico, fatos para todos os tipos de pele e cabelo.<\/span><\/span><\/strong><\/span><\/p>\n<p><span style=\"color: #993366; font-family: arial, helvetica, sans-serif;\"><strong><span style=\"font-size: 14pt;\"><span class=\"magic-12\" data-spm-anchor-id=\"a2700.wholesale.0.i80.405d3809lncSnH\">2. Manos: tamanho de ponto 12*20mm, os outros 12*35mm<\/span><\/span><\/strong><\/span><\/p>\n<p><span style=\"color: #993366; font-family: arial, helvetica, sans-serif;\"><strong><span style=\"font-size: 14pt;\"><span class=\"magic-12\" data-spm-anchor-id=\"a2700.wholesale.0.i80.405d3809lncSnH\">3. Tratamento r\u00e1pido: frequ\u00eancia de 1-10 Hz, barras laser importadas pelos EUA.<\/span><\/span><\/strong><\/span><\/p>\n<p><span style=\"color: #993366; font-family: arial, helvetica, sans-serif;\"><strong><span class=\"magic-12\" style=\"font-size: 14pt;\">4,755 808 1064,para todo tipo de pele<\/span><\/strong><\/span><\/p>\n<p>&nbsp;<\/p>\n<p><img decoding=\"async\" class=\"aligncenter size-full wp-image-3559\" src=\"https:\/\/www.mlkjlasers.com\/wp-content\/uploads\/2026\/01\/D19-808ND-\u5207\u56fe_03.jpg\" alt=\"\" width=\"2400\" height=\"1350\" srcset=\"https:\/\/www.mlkjlasers.com\/wp-content\/uploads\/2026\/01\/D19-808ND-\u5207\u56fe_03.jpg 2400w, https:\/\/www.mlkjlasers.com\/wp-content\/uploads\/2026\/01\/D19-808ND-\u5207\u56fe_03-300x169.jpg 300w, https:\/\/www.mlkjlasers.com\/wp-content\/uploads\/2026\/01\/D19-808ND-\u5207\u56fe_03-1024x576.jpg 1024w, https:\/\/www.mlkjlasers.com\/wp-content\/uploads\/2026\/01\/D19-808ND-\u5207\u56fe_03-768x432.jpg 768w, https:\/\/www.mlkjlasers.com\/wp-content\/uploads\/2026\/01\/D19-808ND-\u5207\u56fe_03-1536x864.jpg 1536w, https:\/\/www.mlkjlasers.com\/wp-content\/uploads\/2026\/01\/D19-808ND-\u5207\u56fe_03-2048x1152.jpg 2048w, https:\/\/www.mlkjlasers.com\/wp-content\/uploads\/2026\/01\/D19-808ND-\u5207\u56fe_03-600x338.jpg 600w\" sizes=\"(max-width: 2400px) 100vw, 2400px\" \/><\/p>\n<p><span style=\"font-family: arial, helvetica, sans-serif;\"><strong><span style=\"font-size: 14pt;\">1.<\/span><\/strong><\/span><br \/>\n<span style=\"font-family: arial, helvetica, sans-serif;\"><strong><span style=\"font-size: 14pt;\">2. O di\u00e2metro e o intervalo focais s\u00e3o ajustados.<\/span><\/strong><\/span><br \/>\n<span style=\"font-family: arial, helvetica, sans-serif;\"><strong><span style=\"font-size: 14pt;\">3. O melhor tubo de laser RF dos EUA, importado do CONHERENT, desempenho est\u00e1vel, alto efetivo.<\/span><\/strong><\/span><br \/>\n<span style=\"font-family: arial, helvetica, sans-serif;\"><strong><span style=\"font-size: 14pt;\">4. Sem pigmenta\u00e7\u00e3o e depigmanta\u00e7\u00e3o da pele, n\u00e3o precisam de consumo extra.<\/span><\/strong><\/span><br \/>\n<span style=\"font-family: arial, helvetica, sans-serif;\"><strong><span style=\"font-size: 14pt;\">5. Protetor de seguran\u00e7a com alam autom\u00e1tico.<\/span><\/strong><\/span><br \/>\n<span style=\"font-family: arial, helvetica, sans-serif;\"><strong><span style=\"font-size: 14pt;\">6. Tratamento f\u00e1cil e r\u00e1pido, sem tempo de descanso.<\/span><\/strong><\/span><br \/>\n<span style=\"font-family: arial, helvetica, sans-serif;\"><strong><span style=\"font-size: 14pt;\">7. Diversos volumes de pontos s\u00e3o adequados para diferentes \u00e1reas do corpo.<\/span><\/strong><\/span><\/p>\n<p><img loading=\"lazy\" decoding=\"async\" class=\"aligncenter size-full wp-image-3567\" src=\"https:\/\/www.mlkjlasers.com\/wp-content\/uploads\/2026\/01\/D19-808ND-\u5207\u56fe_11.jpg\" alt=\"\" width=\"2400\" height=\"1350\" srcset=\"https:\/\/www.mlkjlasers.com\/wp-content\/uploads\/2026\/01\/D19-808ND-\u5207\u56fe_11.jpg 2400w, https:\/\/www.mlkjlasers.com\/wp-content\/uploads\/2026\/01\/D19-808ND-\u5207\u56fe_11-300x169.jpg 300w, https:\/\/www.mlkjlasers.com\/wp-content\/uploads\/2026\/01\/D19-808ND-\u5207\u56fe_11-1024x576.jpg 1024w, https:\/\/www.mlkjlasers.com\/wp-content\/uploads\/2026\/01\/D19-808ND-\u5207\u56fe_11-768x432.jpg 768w, https:\/\/www.mlkjlasers.com\/wp-content\/uploads\/2026\/01\/D19-808ND-\u5207\u56fe_11-1536x864.jpg 1536w, https:\/\/www.mlkjlasers.com\/wp-content\/uploads\/2026\/01\/D19-808ND-\u5207\u56fe_11-2048x1152.jpg 2048w, https:\/\/www.mlkjlasers.com\/wp-content\/uploads\/2026\/01\/D19-808ND-\u5207\u56fe_11-600x338.jpg 600w\" sizes=\"(max-width: 2400px) 100vw, 2400px\" \/><\/p>\n<div class=\"magic-7\"><span style=\"font-family: arial, helvetica, sans-serif; font-size: 14pt; color: #993300;\"><span class=\"magic-12\">Tecnologia de laser de alta velocidade, padr\u00e3o internacional de produ\u00e7\u00e3o, teste t\u00e9cnico estritamente.<\/span><\/span><\/div>\n<div class=\"magic-7\" data-spm-anchor-id=\"a2700.wholesale.0.i82.405d3809lncSnH\"><span style=\"font-family: arial, helvetica, sans-serif; font-size: 14pt; color: #993300;\"><span class=\"magic-12\" data-spm-anchor-id=\"a2700.wholesale.0.i83.405d3809lncSnH\">Mecanismo de cassete de troca de pedra Q importado, todo o laser s\u00f3lido, sem substituir o Q-switch.<\/span><\/span><\/div>\n<div data-spm-anchor-id=\"a2700.wholesale.0.i82.405d3809lncSnH\"><img loading=\"lazy\" decoding=\"async\" class=\"aligncenter size-full wp-image-3560\" src=\"https:\/\/www.mlkjlasers.com\/wp-content\/uploads\/2026\/01\/D19-808ND-\u5207\u56fe_04.jpg\" alt=\"\" width=\"2400\" height=\"1350\" srcset=\"https:\/\/www.mlkjlasers.com\/wp-content\/uploads\/2026\/01\/D19-808ND-\u5207\u56fe_04.jpg 2400w, https:\/\/www.mlkjlasers.com\/wp-content\/uploads\/2026\/01\/D19-808ND-\u5207\u56fe_04-300x169.jpg 300w, https:\/\/www.mlkjlasers.com\/wp-content\/uploads\/2026\/01\/D19-808ND-\u5207\u56fe_04-1024x576.jpg 1024w, https:\/\/www.mlkjlasers.com\/wp-content\/uploads\/2026\/01\/D19-808ND-\u5207\u56fe_04-768x432.jpg 768w, https:\/\/www.mlkjlasers.com\/wp-content\/uploads\/2026\/01\/D19-808ND-\u5207\u56fe_04-1536x864.jpg 1536w, https:\/\/www.mlkjlasers.com\/wp-content\/uploads\/2026\/01\/D19-808ND-\u5207\u56fe_04-2048x1152.jpg 2048w, https:\/\/www.mlkjlasers.com\/wp-content\/uploads\/2026\/01\/D19-808ND-\u5207\u56fe_04-600x338.jpg 600w\" sizes=\"(max-width: 2400px) 100vw, 2400px\" \/><\/div>\n<p>&nbsp;<\/p>\n<p><span style=\"font-family: arial, helvetica, sans-serif; font-size: 14pt;\"><strong><span style=\"color: #993366;\">5 cabe\u00e7as Adjuste o tamanho do ponto de 1mm a 7mm<\/span><\/strong><\/span><\/p>\n<p><span style=\"font-family: arial, helvetica, sans-serif; font-size: 14pt;\"><strong><span style=\"color: #993366;\">755 nm de degrada\u00e7\u00e3o precisa e profunda de pigmentos, usados para remover v\u00e1rios pontos e melhorar a textura da pele<\/span><\/strong><\/span><\/p>\n<p><span style=\"font-family: arial, helvetica, sans-serif; font-size: 14pt;\"><strong><span style=\"color: #993366;\">A cabe\u00e7a ajustada 1064\/532 nm \u00e9 para a remo\u00e7\u00e3o de uma grande \u00e1rea de tatuagem\/pigmento;<\/span><\/strong><\/span><\/p>\n<p><span style=\"font-family: arial, helvetica, sans-serif; font-size: 14pt;\"><strong><span style=\"color: #993366;\">A cabe\u00e7a fixa 1064\/532 nm \u00e9 para pequena \u00e1rea ou lugar especial de tatuagem\/remo\u00e7\u00e3o de pigmento_;<\/span><\/strong><\/span><\/p>\n<div><span style=\"font-family: arial, helvetica, sans-serif; font-size: 14pt;\"><strong><span style=\"color: #993366;\">1320 nm de cabe\u00e7a \u00e9 para Doll Negro Tratando para a renova\u00e7\u00e3o da pele branca.<\/span><\/strong><\/span><\/div>\n<div><img loading=\"lazy\" decoding=\"async\" class=\"aligncenter size-full wp-image-3561\" src=\"https:\/\/www.mlkjlasers.com\/wp-content\/uploads\/2026\/01\/D19-808ND-\u5207\u56fe_05.jpg\" alt=\"\" width=\"2400\" height=\"1350\" srcset=\"https:\/\/www.mlkjlasers.com\/wp-content\/uploads\/2026\/01\/D19-808ND-\u5207\u56fe_05.jpg 2400w, https:\/\/www.mlkjlasers.com\/wp-content\/uploads\/2026\/01\/D19-808ND-\u5207\u56fe_05-300x169.jpg 300w, https:\/\/www.mlkjlasers.com\/wp-content\/uploads\/2026\/01\/D19-808ND-\u5207\u56fe_05-1024x576.jpg 1024w, https:\/\/www.mlkjlasers.com\/wp-content\/uploads\/2026\/01\/D19-808ND-\u5207\u56fe_05-768x432.jpg 768w, https:\/\/www.mlkjlasers.com\/wp-content\/uploads\/2026\/01\/D19-808ND-\u5207\u56fe_05-1536x864.jpg 1536w, https:\/\/www.mlkjlasers.com\/wp-content\/uploads\/2026\/01\/D19-808ND-\u5207\u56fe_05-2048x1152.jpg 2048w, https:\/\/www.mlkjlasers.com\/wp-content\/uploads\/2026\/01\/D19-808ND-\u5207\u56fe_05-600x338.jpg 600w\" sizes=\"(max-width: 2400px) 100vw, 2400px\" \/><\/div>\n<p>&nbsp;<\/p>\n<p><span style=\"font-size: 14pt;\"><strong><span style=\"font-family: arial, helvetica, sans-serif;\">Explore Nossos Aplica\u00e7\u00f5es de Tratamento:<\/span><\/strong><\/span><br \/>\n<span style=\"font-size: 14pt; font-family: arial, helvetica, sans-serif;\">Remova\u00e7\u00e3o do cabelo: Experimente um procedimento r\u00e1pido e sem dor que \u00e9 lindamente adaptado para todos os tipos de pele.<\/span><br \/>\n<span style=\"font-size: 14pt; font-family: arial, helvetica, sans-serif;\">remo\u00e7\u00e3o de tatuagem, remo\u00e7\u00e3o de pigmentos,remo\u00e7\u00e3o de freckles,remo\u00e7\u00e3o de molas,remo\u00e7\u00e3o de embroideria de brow,<span style=\"color: #000000;\">remo\u00e7\u00e3o do nevus, remo\u00e7\u00e3o da marca de nascimento, reanima\u00e7\u00e3o da pele e branqueamento da pele.<\/span><\/span><span style=\"font-family: arial, helvetica, sans-serif; font-size: 14pt; color: #000000;\">\u00a0<\/span><\/p>\n<p>&nbsp;<\/p>\n<p><img loading=\"lazy\" decoding=\"async\" class=\"aligncenter size-full wp-image-3566\" src=\"https:\/\/www.mlkjlasers.com\/wp-content\/uploads\/2026\/01\/D19-808ND-\u5207\u56fe_10.jpg\" alt=\"\" width=\"2400\" height=\"1350\" srcset=\"https:\/\/www.mlkjlasers.com\/wp-content\/uploads\/2026\/01\/D19-808ND-\u5207\u56fe_10.jpg 2400w, https:\/\/www.mlkjlasers.com\/wp-content\/uploads\/2026\/01\/D19-808ND-\u5207\u56fe_10-300x169.jpg 300w, https:\/\/www.mlkjlasers.com\/wp-content\/uploads\/2026\/01\/D19-808ND-\u5207\u56fe_10-1024x576.jpg 1024w, https:\/\/www.mlkjlasers.com\/wp-content\/uploads\/2026\/01\/D19-808ND-\u5207\u56fe_10-768x432.jpg 768w, https:\/\/www.mlkjlasers.com\/wp-content\/uploads\/2026\/01\/D19-808ND-\u5207\u56fe_10-1536x864.jpg 1536w, https:\/\/www.mlkjlasers.com\/wp-content\/uploads\/2026\/01\/D19-808ND-\u5207\u56fe_10-2048x1152.jpg 2048w, https:\/\/www.mlkjlasers.com\/wp-content\/uploads\/2026\/01\/D19-808ND-\u5207\u56fe_10-600x338.jpg 600w\" sizes=\"(max-width: 2400px) 100vw, 2400px\" \/><\/p>\n<p><span style=\"font-family: arial, helvetica, sans-serif; font-size: 14pt; color: #000000;\">1) Grande tamanho: usado <b>tela de toque de cor de 14 polegadas.<\/b><br \/>\n2) Linguagem m\u00faltipla: tr\u00eas tipos de op\u00e7\u00e3o de tipo de pele, f\u00e1cil de operar.<br \/>\n3) <b>Servi\u00e7o OEM<\/b>: seu logotipo pode ser adicionado na tela de m\u00e1quina gratuitamente,aceite sua l\u00edngua especial.<\/span><\/p>\n<p>&nbsp;<\/p>\n<p><img loading=\"lazy\" decoding=\"async\" class=\"aligncenter size-full wp-image-3563\" src=\"https:\/\/www.mlkjlasers.com\/wp-content\/uploads\/2026\/01\/D19-808ND-\u5207\u56fe_07.jpg\" alt=\"\" width=\"2400\" height=\"1350\" srcset=\"https:\/\/www.mlkjlasers.com\/wp-content\/uploads\/2026\/01\/D19-808ND-\u5207\u56fe_07.jpg 2400w, https:\/\/www.mlkjlasers.com\/wp-content\/uploads\/2026\/01\/D19-808ND-\u5207\u56fe_07-300x169.jpg 300w, https:\/\/www.mlkjlasers.com\/wp-content\/uploads\/2026\/01\/D19-808ND-\u5207\u56fe_07-1024x576.jpg 1024w, https:\/\/www.mlkjlasers.com\/wp-content\/uploads\/2026\/01\/D19-808ND-\u5207\u56fe_07-768x432.jpg 768w, https:\/\/www.mlkjlasers.com\/wp-content\/uploads\/2026\/01\/D19-808ND-\u5207\u56fe_07-1536x864.jpg 1536w, https:\/\/www.mlkjlasers.com\/wp-content\/uploads\/2026\/01\/D19-808ND-\u5207\u56fe_07-2048x1152.jpg 2048w, https:\/\/www.mlkjlasers.com\/wp-content\/uploads\/2026\/01\/D19-808ND-\u5207\u56fe_07-600x338.jpg 600w\" sizes=\"(max-width: 2400px) 100vw, 2400px\" \/><\/p>\n<p><span style=\"font-size: 14pt; font-family: arial, helvetica, sans-serif;\"><strong>Interface Amiga do Utilizador: Navega\u00e7\u00e3o sem esfor\u00e7o com uma interface intuitiva de tela de toque, projetada para facilidade de uso<\/strong><\/span><br \/>\n<span style=\"font-size: 14pt; font-family: arial, helvetica, sans-serif;\"><strong>Sistema de Enfriamento Avan\u00e7ado: Garantiza conforto superior do paciente e evita sobrecarga, assegurando uma experi\u00eancia tranquila<\/strong><\/span><br \/>\n<span style=\"font-size: 14pt; font-family: arial, helvetica, sans-serif;\"><strong>Alto Performance: Consistentemente fornece resultados confi\u00e1veis, seguros e eficientes para cada sess\u00e3o<\/strong><\/span><br \/>\n<span style=\"font-size: 14pt; font-family: arial, helvetica, sans-serif;\"><strong>Design Dur\u00e1vel: Constru\u00eddo com materiais prim\u00e1rios para assegurar desempenho duradouro e longevidade<\/strong><\/span><\/p>\n<p><img loading=\"lazy\" decoding=\"async\" class=\"aligncenter size-full wp-image-3564\" src=\"https:\/\/www.mlkjlasers.com\/wp-content\/uploads\/2026\/01\/D19-808ND-\u5207\u56fe_08.jpg\" alt=\"\" width=\"2400\" height=\"1350\" srcset=\"https:\/\/www.mlkjlasers.com\/wp-content\/uploads\/2026\/01\/D19-808ND-\u5207\u56fe_08.jpg 2400w, https:\/\/www.mlkjlasers.com\/wp-content\/uploads\/2026\/01\/D19-808ND-\u5207\u56fe_08-300x169.jpg 300w, https:\/\/www.mlkjlasers.com\/wp-content\/uploads\/2026\/01\/D19-808ND-\u5207\u56fe_08-1024x576.jpg 1024w, https:\/\/www.mlkjlasers.com\/wp-content\/uploads\/2026\/01\/D19-808ND-\u5207\u56fe_08-768x432.jpg 768w, https:\/\/www.mlkjlasers.com\/wp-content\/uploads\/2026\/01\/D19-808ND-\u5207\u56fe_08-1536x864.jpg 1536w, https:\/\/www.mlkjlasers.com\/wp-content\/uploads\/2026\/01\/D19-808ND-\u5207\u56fe_08-2048x1152.jpg 2048w, https:\/\/www.mlkjlasers.com\/wp-content\/uploads\/2026\/01\/D19-808ND-\u5207\u56fe_08-600x338.jpg 600w\" sizes=\"(max-width: 2400px) 100vw, 2400px\" \/><\/p>\n<p>&nbsp;<\/p>\n<p><img loading=\"lazy\" decoding=\"async\" class=\"aligncenter size-full wp-image-3562\" src=\"https:\/\/www.mlkjlasers.com\/wp-content\/uploads\/2026\/01\/D19-808ND-\u5207\u56fe_06.jpg\" alt=\"\" width=\"2400\" height=\"1350\" srcset=\"https:\/\/www.mlkjlasers.com\/wp-content\/uploads\/2026\/01\/D19-808ND-\u5207\u56fe_06.jpg 2400w, https:\/\/www.mlkjlasers.com\/wp-content\/uploads\/2026\/01\/D19-808ND-\u5207\u56fe_06-300x169.jpg 300w, https:\/\/www.mlkjlasers.com\/wp-content\/uploads\/2026\/01\/D19-808ND-\u5207\u56fe_06-1024x576.jpg 1024w, https:\/\/www.mlkjlasers.com\/wp-content\/uploads\/2026\/01\/D19-808ND-\u5207\u56fe_06-768x432.jpg 768w, https:\/\/www.mlkjlasers.com\/wp-content\/uploads\/2026\/01\/D19-808ND-\u5207\u56fe_06-1536x864.jpg 1536w, https:\/\/www.mlkjlasers.com\/wp-content\/uploads\/2026\/01\/D19-808ND-\u5207\u56fe_06-2048x1152.jpg 2048w, https:\/\/www.mlkjlasers.com\/wp-content\/uploads\/2026\/01\/D19-808ND-\u5207\u56fe_06-600x338.jpg 600w\" sizes=\"(max-width: 2400px) 100vw, 2400px\" \/><\/p>\n<p><span style=\"font-size: 14pt; font-family: arial, helvetica, sans-serif;\">A m\u00e1quina de beleza mais avan\u00e7ada de 2 em 1 profissional, cuidadosamente projetada para excel\u00eancia est\u00e9tica n\u00e3o comparada. Ela tem habilidades extraordin\u00e1rias na remo\u00e7\u00e3o de cabelo, remo\u00e7\u00e3o de tatuagem, remo\u00e7\u00e3o de pigmentos, remo\u00e7\u00e3o de freckles, remo\u00e7\u00e3o de molas, remo\u00e7\u00e3o de embroideria de pernas, cara negra de boneca. Ela \u00e9 projetada para elevar o servi\u00e7o de sal\u00f5es profissionais, cl\u00ednicas de beleza e spas m\u00e9dicos a novos n\u00edveis de complexidade e satisfa\u00e7\u00e3o dos clientes.<\/span><\/p>\n<p>&nbsp;<\/p>\n<p><img loading=\"lazy\" decoding=\"async\" class=\"aligncenter size-full wp-image-3565\" src=\"https:\/\/www.mlkjlasers.com\/wp-content\/uploads\/2026\/01\/D19-808ND-\u5207\u56fe_09.jpg\" alt=\"\" width=\"2400\" height=\"1350\" srcset=\"https:\/\/www.mlkjlasers.com\/wp-content\/uploads\/2026\/01\/D19-808ND-\u5207\u56fe_09.jpg 2400w, https:\/\/www.mlkjlasers.com\/wp-content\/uploads\/2026\/01\/D19-808ND-\u5207\u56fe_09-300x169.jpg 300w, https:\/\/www.mlkjlasers.com\/wp-content\/uploads\/2026\/01\/D19-808ND-\u5207\u56fe_09-1024x576.jpg 1024w, https:\/\/www.mlkjlasers.com\/wp-content\/uploads\/2026\/01\/D19-808ND-\u5207\u56fe_09-768x432.jpg 768w, https:\/\/www.mlkjlasers.com\/wp-content\/uploads\/2026\/01\/D19-808ND-\u5207\u56fe_09-1536x864.jpg 1536w, https:\/\/www.mlkjlasers.com\/wp-content\/uploads\/2026\/01\/D19-808ND-\u5207\u56fe_09-2048x1152.jpg 2048w, https:\/\/www.mlkjlasers.com\/wp-content\/uploads\/2026\/01\/D19-808ND-\u5207\u56fe_09-600x338.jpg 600w\" sizes=\"(max-width: 2400px) 100vw, 2400px\" \/><\/p>\n<p>&nbsp;<\/p>\n<p><span style=\"font-family: arial, helvetica, sans-serif;\"><strong>FDA, CE, ISO13485, ROHS estamos sempre procurando nova inspira\u00e7\u00e3o de inova\u00e7\u00e3o para trazer produtos mais confi\u00e1veis para nossos parceiros e clientes.<\/strong><\/span><\/p>\n<p><span style=\"font-family: arial, helvetica, sans-serif;\"><strong><a href=\"https:\/\/www.mlkjlasers.com\/pt\/contact-us\/\" target=\"_blank\" rel=\"noopener\">Contacte-nos hoje!<\/a><\/strong><\/span><\/p>\n<p><span style=\"font-family: arial, helvetica, sans-serif;\"><strong><a href=\"https:\/\/www.mlkjlasers.com\/pt\/contact-us\/\" target=\"_blank\" rel=\"noopener\">[Phone\u00a0Number]\uff1a+8615965364558<\/a><\/strong><\/span><\/p>\n<p><span style=\"font-family: arial, helvetica, sans-serif;\">[Email\u00a0Address]:sale@mingliangkj.com<\/span><\/p>","protected":false},"excerpt":{"rendered":"<p>Professional 755 808 1064 diode laser hair removal Ndyag q switched tattoo removal laser<\/p>","protected":false},"featured_media":3554,"comment_status":"open","ping_status":"closed","template":"","meta":[],"product_cat":[29],"product_tag":[],"class_list":["post-2840","product","type-product","status-publish","has-post-thumbnail","hentry","product_cat-multifunction-beauty-machine"],"_links":{"self":[{"href":"https:\/\/www.mlkjlasers.com\/pt\/wp-json\/wp\/v2\/product\/2840","targetHints":{"allow":["GET"]}}],"collection":[{"href":"https:\/\/www.mlkjlasers.com\/pt\/wp-json\/wp\/v2\/product"}],"about":[{"href":"https:\/\/www.mlkjlasers.com\/pt\/wp-json\/wp\/v2\/types\/product"}],"replies":[{"embeddable":true,"href":"https:\/\/www.mlkjlasers.com\/pt\/wp-json\/wp\/v2\/comments?post=2840"}],"wp:featuredmedia":[{"embeddable":true,"href":"https:\/\/www.mlkjlasers.com\/pt\/wp-json\/wp\/v2\/media\/3554"}],"wp:attachment":[{"href":"https:\/\/www.mlkjlasers.com\/pt\/wp-json\/wp\/v2\/media?parent=2840"}],"wp:term":[{"taxonomy":"product_cat","embeddable":true,"href":"https:\/\/www.mlkjlasers.com\/pt\/wp-json\/wp\/v2\/product_cat?post=2840"},{"taxonomy":"product_tag","embeddable":true,"href":"https:\/\/www.mlkjlasers.com\/pt\/wp-json\/wp\/v2\/product_tag?post=2840"}],"curies":[{"name":"wp","href":"https:\/\/api.w.org\/{rel}","templated":true}]}}