{"id":2890,"date":"2024-01-19T14:00:16","date_gmt":"2024-01-19T06:00:16","guid":{"rendered":"https:\/\/mlkjlasers.com\/?post_type=product&#038;p=2890"},"modified":"2026-01-23T15:05:25","modified_gmt":"2026-01-23T07:05:25","slug":"80k-cavitation-vacuum-machine-rf-roller-massage-body-shaping-slimming-machine-cavitation-vacuum-rf-machine","status":"publish","type":"product","link":"https:\/\/www.mlkjlasers.com\/pt\/product\/80k-cavitation-vacuum-machine-rf-roller-massage-body-shaping-slimming-machine-cavitation-vacuum-rf-machine\/","title":{"rendered":"m\u00e1quina de v\u00e1cuo de cavita\u00e7\u00e3o 80K rf m\u00e1quina de v\u00e1cuo de cavita\u00e7\u00e3o rf"},"content":{"rendered":"<p><img fetchpriority=\"high\" decoding=\"async\" class=\"aligncenter wp-image-2891\" src=\"https:\/\/mlkjlasers.com\/wp-content\/uploads\/2024\/01\/1.jpg\" alt=\"\" width=\"1920\" height=\"1080\" srcset=\"https:\/\/www.mlkjlasers.com\/wp-content\/uploads\/2024\/01\/1.jpg 1920w, https:\/\/www.mlkjlasers.com\/wp-content\/uploads\/2024\/01\/1-300x169.jpg 300w, https:\/\/www.mlkjlasers.com\/wp-content\/uploads\/2024\/01\/1-1024x576.jpg 1024w, https:\/\/www.mlkjlasers.com\/wp-content\/uploads\/2024\/01\/1-768x432.jpg 768w, https:\/\/www.mlkjlasers.com\/wp-content\/uploads\/2024\/01\/1-1536x864.jpg 1536w, https:\/\/www.mlkjlasers.com\/wp-content\/uploads\/2024\/01\/1-600x338.jpg 600w\" sizes=\"(max-width: 1920px) 100vw, 1920px\" \/><\/p>\n<p><img decoding=\"async\" class=\"aligncenter wp-image-2892\" src=\"https:\/\/mlkjlasers.com\/wp-content\/uploads\/2024\/01\/2.jpg\" alt=\"\" width=\"1920\" height=\"1080\" srcset=\"https:\/\/www.mlkjlasers.com\/wp-content\/uploads\/2024\/01\/2.jpg 1920w, https:\/\/www.mlkjlasers.com\/wp-content\/uploads\/2024\/01\/2-300x169.jpg 300w, https:\/\/www.mlkjlasers.com\/wp-content\/uploads\/2024\/01\/2-1024x576.jpg 1024w, https:\/\/www.mlkjlasers.com\/wp-content\/uploads\/2024\/01\/2-768x432.jpg 768w, https:\/\/www.mlkjlasers.com\/wp-content\/uploads\/2024\/01\/2-1536x864.jpg 1536w, https:\/\/www.mlkjlasers.com\/wp-content\/uploads\/2024\/01\/2-600x338.jpg 600w\" sizes=\"(max-width: 1920px) 100vw, 1920px\" \/><\/p>\n<p>&nbsp;<\/p>\n<p><span class=\"magic-9\"><b class=\"magic-10\" data-spm-anchor-id=\"a2700.wholesale.0.i89.7c517cf3tiIswF\">80K Cavita\u00e7\u00e3o: <\/b>Com base no uso de ondas ultrassonogr\u00e1ficas de baixa frequ\u00eancia, ela cria um fen\u00f4meno chamado \"cavita\u00e7\u00e3o\" no corpo. A cavita\u00e7\u00e3o ocorre quando as ondas ultrassonogr\u00e1ficas causam a forma\u00e7\u00e3o e implos\u00e3o de pequenas bolhas no l\u00edquido que rodea as c\u00e9lulas gordas, fazendo com que elas se separem. Pode ser eficaz para reduzir a apar\u00eancia de celulite, tonificar e fortalecer a pele, e reduzir a circunfer\u00eancia das \u00e1reas tratadas. <\/span><\/p>\n<div data-spm-anchor-id=\"a2700.wholesale.0.i87.7c517cf3tiIswF\"><span class=\"magic-9\"><b class=\"magic-10\">RF multipolo: <\/b>Ela usa as ondas eletromagn\u00e9ticas que s \u00e3o aplicadas \u00e0 pele, e as ondas penetram na superf\u00edcie da pele e alcan\u00e7am as camadas mais profundas, causando os tecidos vibrar e gerar calor. Assim estimula a quebra de c\u00e9lulas gordas <\/span><\/div>\n<div data-spm-anchor-id=\"a2700.wholesale.0.i88.7c517cf3tiIswF\"><span class=\"magic-9\"><b class=\"magic-10\">RF de Vacuo: <\/b>Ele combina as tecnologias tanto da suc\u00e7\u00e3o de v\u00e1cuo como da RF. A suc\u00e7\u00e3o de v\u00e1cuo \u00e9 usada para massagem e manipula\u00e7\u00e3o da pele, enquanto a tecnologia RF \u00e9 usada para aquecer as camadas profundas da pele, promovendo a produ\u00e7\u00e3o de col\u00e1geno e a quebra de c\u00e9lulas gordas.<\/span><\/div>\n<div data-spm-anchor-id=\"a2700.wholesale.0.i88.7c517cf3tiIswF\"><\/div>\n<div data-spm-anchor-id=\"a2700.wholesale.0.i88.7c517cf3tiIswF\"><img decoding=\"async\" class=\"aligncenter wp-image-2893\" src=\"https:\/\/mlkjlasers.com\/wp-content\/uploads\/2024\/01\/3.jpg\" alt=\"\" width=\"1920\" height=\"1608\" srcset=\"https:\/\/www.mlkjlasers.com\/wp-content\/uploads\/2024\/01\/3.jpg 1920w, https:\/\/www.mlkjlasers.com\/wp-content\/uploads\/2024\/01\/3-300x251.jpg 300w, https:\/\/www.mlkjlasers.com\/wp-content\/uploads\/2024\/01\/3-1024x858.jpg 1024w, https:\/\/www.mlkjlasers.com\/wp-content\/uploads\/2024\/01\/3-768x643.jpg 768w, https:\/\/www.mlkjlasers.com\/wp-content\/uploads\/2024\/01\/3-1536x1286.jpg 1536w, https:\/\/www.mlkjlasers.com\/wp-content\/uploads\/2024\/01\/3-600x503.jpg 600w\" sizes=\"(max-width: 1920px) 100vw, 1920px\" \/><\/div>\n<div data-spm-anchor-id=\"a2700.wholesale.0.i88.7c517cf3tiIswF\"><\/div>\n<div data-spm-anchor-id=\"a2700.wholesale.0.i88.7c517cf3tiIswF\"><b class=\"magic-10\" data-spm-anchor-id=\"a2700.wholesale.0.i91.7c517cf3tiIswF\">Como esta m\u00e1quina funciona?<br \/>\n<\/b>atrav\u00e9s da cabe\u00e7a de opera\u00e7\u00e3o facial, ela pode revitalizar fibroblastos humanos para gerar col\u00e1geno, fibras el\u00e1sticas, \u00e1cido hialur\u00f4nico e outras subst\u00e2ncias, e restaurar a vitalidade da pele; Pode resolver a pele facial aburrida amarela, contorno n\u00e3o \u00e9 claro, falta de elasticidade, deslizamento da pele, arrepios, queixo duplo e depress\u00e3o facial. Forma\u00e7\u00e3o do corpo deslizante: Para a decomposi\u00e7\u00e3o de adipocitos,lip\u00eddeos desligados, em energia muscular, reduzir o volume de gordura, apertar a pele, efeito de forma. Pode resolver acumula\u00e7\u00e3o celul\u00edtica, obesidade corporal, tecido da pele laranja, edema de umidade, etc.<\/p>\n<\/div>\n<div data-spm-anchor-id=\"a2700.wholesale.0.i88.7c517cf3tiIswF\"><\/div>\n<div data-spm-anchor-id=\"a2700.wholesale.0.i88.7c517cf3tiIswF\"><img loading=\"lazy\" decoding=\"async\" class=\"aligncenter wp-image-2897\" src=\"https:\/\/mlkjlasers.com\/wp-content\/uploads\/2024\/01\/7.jpg\" alt=\"\" width=\"1920\" height=\"1080\" srcset=\"https:\/\/www.mlkjlasers.com\/wp-content\/uploads\/2024\/01\/7.jpg 1920w, https:\/\/www.mlkjlasers.com\/wp-content\/uploads\/2024\/01\/7-300x169.jpg 300w, https:\/\/www.mlkjlasers.com\/wp-content\/uploads\/2024\/01\/7-1024x576.jpg 1024w, https:\/\/www.mlkjlasers.com\/wp-content\/uploads\/2024\/01\/7-768x432.jpg 768w, https:\/\/www.mlkjlasers.com\/wp-content\/uploads\/2024\/01\/7-1536x864.jpg 1536w, https:\/\/www.mlkjlasers.com\/wp-content\/uploads\/2024\/01\/7-600x338.jpg 600w\" sizes=\"(max-width: 1920px) 100vw, 1920px\" \/><\/div>\n<div data-spm-anchor-id=\"a2700.wholesale.0.i88.7c517cf3tiIswF\"><\/div>\n<div data-spm-anchor-id=\"a2700.wholesale.0.i88.7c517cf3tiIswF\"><b class=\"magic-10\">Avan\u00e7as e Caracter\u00edsticas<br \/>\n<\/b>1. O manejo corporal est\u00e1 equipado com uma tela de toque de 2,8 polegadas, que \u00e9 mais f\u00e1cil de controlar e ajustar.<br \/>\n2. N\u00e3o h\u00e1 necessidade de massagem laboriosa, opera\u00e7\u00e3o simples \u00e9 segura.<br \/>\n3. Convers\u00e3o de frequ\u00eancia atra\u00e7\u00e3o de press\u00e3o negativa: propriedade f\u00edsica pura n\u00e3o tem danos na pele, o melhor efeito \u00e9<br \/>\nmais profundamente.<br \/>\n4. Roller de pot\u00eancia em duas dire\u00e7\u00f5es: a superf\u00edcie de contato \u00e9 maior, a \u00e1rea da fun\u00e7\u00e3o \u00e9 maior, a profundidade da fun\u00e7\u00e3o \u00e9 mais profunda.<br \/>\n5. Colete exclusivo pessoal: efeito tridimensional profundo, inteligente infinitamente vari\u00e1vel profundidade de estimula\u00e7\u00e3o de velocidade \u00e9 diferente.<\/div>\n<div data-spm-anchor-id=\"a2700.wholesale.0.i88.7c517cf3tiIswF\"><\/div>\n<div data-spm-anchor-id=\"a2700.wholesale.0.i88.7c517cf3tiIswF\"><img loading=\"lazy\" decoding=\"async\" class=\"aligncenter wp-image-2895\" src=\"https:\/\/mlkjlasers.com\/wp-content\/uploads\/2024\/01\/5.jpg\" alt=\"\" width=\"1920\" height=\"1080\" srcset=\"https:\/\/www.mlkjlasers.com\/wp-content\/uploads\/2024\/01\/5.jpg 1920w, https:\/\/www.mlkjlasers.com\/wp-content\/uploads\/2024\/01\/5-300x169.jpg 300w, https:\/\/www.mlkjlasers.com\/wp-content\/uploads\/2024\/01\/5-1024x576.jpg 1024w, https:\/\/www.mlkjlasers.com\/wp-content\/uploads\/2024\/01\/5-768x432.jpg 768w, https:\/\/www.mlkjlasers.com\/wp-content\/uploads\/2024\/01\/5-1536x864.jpg 1536w, https:\/\/www.mlkjlasers.com\/wp-content\/uploads\/2024\/01\/5-600x338.jpg 600w\" sizes=\"(max-width: 1920px) 100vw, 1920px\" \/><\/div>\n<div data-spm-anchor-id=\"a2700.wholesale.0.i88.7c517cf3tiIswF\"><\/div>\n<div data-spm-anchor-id=\"a2700.wholesale.0.i88.7c517cf3tiIswF\"><img loading=\"lazy\" decoding=\"async\" class=\"aligncenter wp-image-2896\" src=\"https:\/\/mlkjlasers.com\/wp-content\/uploads\/2024\/01\/6.jpg\" alt=\"\" width=\"1920\" height=\"1608\" srcset=\"https:\/\/www.mlkjlasers.com\/wp-content\/uploads\/2024\/01\/6.jpg 1920w, https:\/\/www.mlkjlasers.com\/wp-content\/uploads\/2024\/01\/6-300x251.jpg 300w, https:\/\/www.mlkjlasers.com\/wp-content\/uploads\/2024\/01\/6-1024x858.jpg 1024w, https:\/\/www.mlkjlasers.com\/wp-content\/uploads\/2024\/01\/6-768x643.jpg 768w, https:\/\/www.mlkjlasers.com\/wp-content\/uploads\/2024\/01\/6-1536x1286.jpg 1536w, https:\/\/www.mlkjlasers.com\/wp-content\/uploads\/2024\/01\/6-600x503.jpg 600w\" sizes=\"(max-width: 1920px) 100vw, 1920px\" \/><\/div>\n<div data-spm-anchor-id=\"a2700.wholesale.0.i88.7c517cf3tiIswF\"><\/div>\n<div data-spm-anchor-id=\"a2700.wholesale.0.i88.7c517cf3tiIswF\"><img loading=\"lazy\" decoding=\"async\" class=\"aligncenter wp-image-2894\" src=\"https:\/\/mlkjlasers.com\/wp-content\/uploads\/2024\/01\/4.jpg\" alt=\"\" width=\"1920\" height=\"1080\" srcset=\"https:\/\/www.mlkjlasers.com\/wp-content\/uploads\/2024\/01\/4.jpg 1920w, https:\/\/www.mlkjlasers.com\/wp-content\/uploads\/2024\/01\/4-300x169.jpg 300w, https:\/\/www.mlkjlasers.com\/wp-content\/uploads\/2024\/01\/4-1024x576.jpg 1024w, https:\/\/www.mlkjlasers.com\/wp-content\/uploads\/2024\/01\/4-768x432.jpg 768w, https:\/\/www.mlkjlasers.com\/wp-content\/uploads\/2024\/01\/4-1536x864.jpg 1536w, https:\/\/www.mlkjlasers.com\/wp-content\/uploads\/2024\/01\/4-600x338.jpg 600w\" sizes=\"(max-width: 1920px) 100vw, 1920px\" \/><\/div>\n<div data-spm-anchor-id=\"a2700.wholesale.0.i88.7c517cf3tiIswF\"><\/div>\n<div data-spm-anchor-id=\"a2700.wholesale.0.i88.7c517cf3tiIswF\">*tela de toque de 14 polegadas, f\u00e1cil de operar;<br \/>\n*Fornecer servi\u00e7os de apar\u00eancia de produtos e personaliza\u00e7\u00e3o do sistema operacional;<br \/>\n*Treinamento de orienta\u00e7\u00e3o para o uso de produtos;<br \/>\n*Guia de atualiza\u00e7\u00e3o do sistema, servi\u00e7o exclusivo de rastreamento do cliente!<\/div>\n<div data-spm-anchor-id=\"a2700.wholesale.0.i88.7c517cf3tiIswF\"><\/div>\n<div data-spm-anchor-id=\"a2700.wholesale.0.i88.7c517cf3tiIswF\"><img loading=\"lazy\" decoding=\"async\" class=\"aligncenter wp-image-2898\" src=\"https:\/\/mlkjlasers.com\/wp-content\/uploads\/2024\/01\/8.jpg\" alt=\"\" width=\"1920\" height=\"1080\" srcset=\"https:\/\/www.mlkjlasers.com\/wp-content\/uploads\/2024\/01\/8.jpg 1920w, https:\/\/www.mlkjlasers.com\/wp-content\/uploads\/2024\/01\/8-300x169.jpg 300w, https:\/\/www.mlkjlasers.com\/wp-content\/uploads\/2024\/01\/8-1024x576.jpg 1024w, https:\/\/www.mlkjlasers.com\/wp-content\/uploads\/2024\/01\/8-768x432.jpg 768w, https:\/\/www.mlkjlasers.com\/wp-content\/uploads\/2024\/01\/8-1536x864.jpg 1536w, https:\/\/www.mlkjlasers.com\/wp-content\/uploads\/2024\/01\/8-600x338.jpg 600w\" sizes=\"(max-width: 1920px) 100vw, 1920px\" \/><\/div>\n<div data-spm-anchor-id=\"a2700.wholesale.0.i88.7c517cf3tiIswF\"><\/div>\n<div data-spm-anchor-id=\"a2700.wholesale.0.i88.7c517cf3tiIswF\"><em><strong><span style=\"color: #0000ff;\">Mais detalhes de produtos e m\u00e9todos de aplica\u00e7\u00e3o, bem-vindos a nos consultar!<\/span><\/strong><\/em><br \/>\n<em><strong><span style=\"color: #0000ff;\">7*24 horas de servi\u00e7o online!<\/span><\/strong><\/em><\/div>\n<div data-spm-anchor-id=\"a2700.wholesale.0.i88.7c517cf3tiIswF\"><\/div>","protected":false},"excerpt":{"rendered":"<p>&nbsp; Cavita\u00e7\u00e3o de 80K: Com base no uso de ondas ultrassonogr\u00e1ficas de baixa frequ\u00eancia, ela cria um fen\u00f4meno chamado \u201ccavita\u00e7\u00e3o\u201d no corpo. A cavita\u00e7\u00e3o ocorre quando as ondas ultrassonogr\u00e1ficas causam a forma\u00e7\u00e3o e implos\u00e3o de pequenas bolhas no l\u00edquido que rodea as c\u00e9lulas gordas, fazendo com que elas se separem. - Pode ser eficaz para reduzir a apar\u00eancia de [&hellip;]<\/p>","protected":false},"featured_media":3492,"comment_status":"open","ping_status":"closed","template":"","meta":[],"product_cat":[28],"product_tag":[],"class_list":["post-2890","product","type-product","status-publish","has-post-thumbnail","hentry","product_cat-slimming-machine"],"_links":{"self":[{"href":"https:\/\/www.mlkjlasers.com\/pt\/wp-json\/wp\/v2\/product\/2890","targetHints":{"allow":["GET"]}}],"collection":[{"href":"https:\/\/www.mlkjlasers.com\/pt\/wp-json\/wp\/v2\/product"}],"about":[{"href":"https:\/\/www.mlkjlasers.com\/pt\/wp-json\/wp\/v2\/types\/product"}],"replies":[{"embeddable":true,"href":"https:\/\/www.mlkjlasers.com\/pt\/wp-json\/wp\/v2\/comments?post=2890"}],"wp:featuredmedia":[{"embeddable":true,"href":"https:\/\/www.mlkjlasers.com\/pt\/wp-json\/wp\/v2\/media\/3492"}],"wp:attachment":[{"href":"https:\/\/www.mlkjlasers.com\/pt\/wp-json\/wp\/v2\/media?parent=2890"}],"wp:term":[{"taxonomy":"product_cat","embeddable":true,"href":"https:\/\/www.mlkjlasers.com\/pt\/wp-json\/wp\/v2\/product_cat?post=2890"},{"taxonomy":"product_tag","embeddable":true,"href":"https:\/\/www.mlkjlasers.com\/pt\/wp-json\/wp\/v2\/product_tag?post=2890"}],"curies":[{"name":"wp","href":"https:\/\/api.w.org\/{rel}","templated":true}]}}