{"id":2941,"date":"2024-01-30T09:19:38","date_gmt":"2024-01-30T01:19:38","guid":{"rendered":"https:\/\/mlkjlasers.com\/?post_type=product&#038;p=2941"},"modified":"2026-01-21T08:59:37","modified_gmt":"2026-01-21T00:59:37","slug":"10d-focused-ultrasound-hifu-skin-rejuvenation-beauty-hifu-10d-hifu-machine-skin-tightening","status":"publish","type":"product","link":"https:\/\/www.mlkjlasers.com\/pt\/product\/10d-focused-ultrasound-hifu-skin-rejuvenation-beauty-hifu-10d-hifu-machine-skin-tightening\/","title":{"rendered":"10D Focused Ultrasound Hifu Skin Rejuvenation Beauty Hifu 10D Hifu Machine Skin Tightening"},"content":{"rendered":"<p><img fetchpriority=\"high\" decoding=\"async\" class=\"alignnone wp-image-2942\" src=\"https:\/\/mlkjlasers.com\/wp-content\/uploads\/2024\/01\/\u8be6\u60c5\u9875_01.jpg\" alt=\"\" width=\"1920\" height=\"3241\" srcset=\"https:\/\/www.mlkjlasers.com\/wp-content\/uploads\/2024\/01\/\u8be6\u60c5\u9875_01.jpg 750w, https:\/\/www.mlkjlasers.com\/wp-content\/uploads\/2024\/01\/\u8be6\u60c5\u9875_01-178x300.jpg 178w, https:\/\/www.mlkjlasers.com\/wp-content\/uploads\/2024\/01\/\u8be6\u60c5\u9875_01-607x1024.jpg 607w, https:\/\/www.mlkjlasers.com\/wp-content\/uploads\/2024\/01\/\u8be6\u60c5\u9875_01-600x1013.jpg 600w\" sizes=\"(max-width: 1920px) 100vw, 1920px\" \/><\/p>\n<div data-spm-anchor-id=\"a2700.wholesale.0.i82.36bff5dflxmUVP\"><\/div>\n<div data-spm-anchor-id=\"a2700.wholesale.0.i82.36bff5dflxmUVP\">A \u00faltima m\u00e1quina HIFU focou o ultrassom<\/div>\n<div data-spm-anchor-id=\"a2700.wholesale.0.i83.36bff5dflxmUVP\">A mais recente 7D 9D 10D 11D Hifu Body Slimming Facelifting Winkle Removal<\/div>\n<div data-spm-anchor-id=\"a2700.wholesale.0.i83.36bff5dflxmUVP\"><\/div>\n<div data-spm-anchor-id=\"a2700.wholesale.0.i83.36bff5dflxmUVP\"><img decoding=\"async\" class=\"alignnone wp-image-2950\" src=\"https:\/\/mlkjlasers.com\/wp-content\/uploads\/2024\/01\/\u8be6\u60c5\u9875_09.jpg\" alt=\"\" width=\"1920\" height=\"1498\" srcset=\"https:\/\/www.mlkjlasers.com\/wp-content\/uploads\/2024\/01\/\u8be6\u60c5\u9875_09.jpg 750w, https:\/\/www.mlkjlasers.com\/wp-content\/uploads\/2024\/01\/\u8be6\u60c5\u9875_09-300x234.jpg 300w, https:\/\/www.mlkjlasers.com\/wp-content\/uploads\/2024\/01\/\u8be6\u60c5\u9875_09-600x468.jpg 600w\" sizes=\"(max-width: 1920px) 100vw, 1920px\" \/><\/div>\n<div data-spm-anchor-id=\"a2700.wholesale.0.i83.36bff5dflxmUVP\"><\/div>\n<div data-spm-anchor-id=\"a2700.wholesale.0.i83.36bff5dflxmUVP\">HIFU High Intensity Focused Ultrasound Use high energy ultrasound focusing on the treatment position, so that the skin tissue creates the thermal,<\/div>\n<div data-spm-anchor-id=\"a2700.wholesale.0.i83.36bff5dflxmUVP\">e fazer c\u00e9lulas de fric\u00e7\u00e3o de alta velocidade para estimular o col\u00e1geno. Esse efeito t\u00e9rmico n\u00e3o prejudicar\u00e1 a epidermis, porque o tratamento r\u00e1pido e direto<\/div>\n<div data-spm-anchor-id=\"a2700.wholesale.0.i83.36bff5dflxmUVP\">local de tratamento dentro de 0-0,5 segundos, sem tocar no tecido circundante e pode ser passado diretamente ao sistema superficial de membrana tendonal (SMAS),<\/div>\n<div data-spm-anchor-id=\"a2700.wholesale.0.i83.36bff5dflxmUVP\">ent\u00e3o pode ser feita pele firme enquanto puxa a camada muscular, o rosto fino at\u00e9 o efeito progressivo.<\/div>\n<div data-spm-anchor-id=\"a2700.wholesale.0.i83.36bff5dflxmUVP\"><\/div>\n<div data-spm-anchor-id=\"a2700.wholesale.0.i83.36bff5dflxmUVP\"><img decoding=\"async\" class=\"alignnone wp-image-2945\" src=\"https:\/\/mlkjlasers.com\/wp-content\/uploads\/2024\/01\/\u8be6\u60c5\u9875_04.jpg\" alt=\"\" width=\"1920\" height=\"2967\" srcset=\"https:\/\/www.mlkjlasers.com\/wp-content\/uploads\/2024\/01\/\u8be6\u60c5\u9875_04.jpg 750w, https:\/\/www.mlkjlasers.com\/wp-content\/uploads\/2024\/01\/\u8be6\u60c5\u9875_04-194x300.jpg 194w, https:\/\/www.mlkjlasers.com\/wp-content\/uploads\/2024\/01\/\u8be6\u60c5\u9875_04-663x1024.jpg 663w, https:\/\/www.mlkjlasers.com\/wp-content\/uploads\/2024\/01\/\u8be6\u60c5\u9875_04-600x927.jpg 600w\" sizes=\"(max-width: 1920px) 100vw, 1920px\" \/><\/div>\n<div data-spm-anchor-id=\"a2700.wholesale.0.i83.36bff5dflxmUVP\"><\/div>\n<div data-spm-anchor-id=\"a2700.wholesale.0.i83.36bff5dflxmUVP\">\n<div>Cartuchos L7-1,5mm,MF2,0mm,L7-3,0mm,L4-4,5mm,<\/div>\n<div data-spm-anchor-id=\"a2700.wholesale.0.i86.36bff5dflxmUVP\">MF6.0mm, MF9.0mm,MF13.0mm,DL1.5,DL3.0,DL4.5<\/div>\n<\/div>\n<div data-spm-anchor-id=\"a2700.wholesale.0.i86.36bff5dflxmUVP\"><\/div>\n<div data-spm-anchor-id=\"a2700.wholesale.0.i86.36bff5dflxmUVP\"><img loading=\"lazy\" decoding=\"async\" class=\"alignnone wp-image-2946\" src=\"https:\/\/mlkjlasers.com\/wp-content\/uploads\/2024\/01\/\u8be6\u60c5\u9875_05.jpg\" alt=\"\" width=\"1920\" height=\"2332\" srcset=\"https:\/\/www.mlkjlasers.com\/wp-content\/uploads\/2024\/01\/\u8be6\u60c5\u9875_05.jpg 750w, https:\/\/www.mlkjlasers.com\/wp-content\/uploads\/2024\/01\/\u8be6\u60c5\u9875_05-247x300.jpg 247w, https:\/\/www.mlkjlasers.com\/wp-content\/uploads\/2024\/01\/\u8be6\u60c5\u9875_05-600x729.jpg 600w\" sizes=\"(max-width: 1920px) 100vw, 1920px\" \/><\/div>\n<div data-spm-anchor-id=\"a2700.wholesale.0.i86.36bff5dflxmUVP\"><\/div>\n<div data-spm-anchor-id=\"a2700.wholesale.0.i86.36bff5dflxmUVP\"><img loading=\"lazy\" decoding=\"async\" class=\"alignnone wp-image-2944\" src=\"https:\/\/mlkjlasers.com\/wp-content\/uploads\/2024\/01\/\u8be6\u60c5\u9875_03.jpg\" alt=\"\" width=\"1920\" height=\"1905\" srcset=\"https:\/\/www.mlkjlasers.com\/wp-content\/uploads\/2024\/01\/\u8be6\u60c5\u9875_03.jpg 750w, https:\/\/www.mlkjlasers.com\/wp-content\/uploads\/2024\/01\/\u8be6\u60c5\u9875_03-300x298.jpg 300w, https:\/\/www.mlkjlasers.com\/wp-content\/uploads\/2024\/01\/\u8be6\u60c5\u9875_03-150x150.jpg 150w, https:\/\/www.mlkjlasers.com\/wp-content\/uploads\/2024\/01\/\u8be6\u60c5\u9875_03-600x595.jpg 600w, https:\/\/www.mlkjlasers.com\/wp-content\/uploads\/2024\/01\/\u8be6\u60c5\u9875_03-100x100.jpg 100w\" sizes=\"(max-width: 1920px) 100vw, 1920px\" \/><\/div>\n<div data-spm-anchor-id=\"a2700.wholesale.0.i86.36bff5dflxmUVP\"><\/div>\n<div data-spm-anchor-id=\"a2700.wholesale.0.i83.36bff5dflxmUVP\">\n<div data-spm-anchor-id=\"a2700.wholesale.0.i86.36bff5dflxmUVP\">*Uma alta taxa de repeti\u00e7\u00e3o de pulsos curtos s\u00e3o entregues profundamente na derme, alcan\u00e7ando alto poder m\u00e9dio e acumula\u00e7\u00e3o terap\u00eautica eficaz de calor, praticamente sem dor.<\/div>\n<div data-spm-anchor-id=\"a2700.wholesale.0.i86.36bff5dflxmUVP\">*A \u00faltima m\u00e1quina tem 11 sondas, totalmente cortadas e antienvelhecidas.<br \/>\n* Tratamento n\u00e3o cir\u00fargico de eleva\u00e7\u00e3o facial, apertura e sistema de forma\u00e7\u00e3o de contorno corporal. A \u00faltima tecnologia mundial de alta energia focada em ultrassonos.<\/div>\n<div data-spm-anchor-id=\"a2700.wholesale.0.i86.36bff5dflxmUVP\"><\/div>\n<div data-spm-anchor-id=\"a2700.wholesale.0.i86.36bff5dflxmUVP\"><img loading=\"lazy\" decoding=\"async\" class=\"alignnone wp-image-2948\" src=\"https:\/\/mlkjlasers.com\/wp-content\/uploads\/2024\/01\/\u8be6\u60c5\u9875_07.jpg\" alt=\"\" width=\"1920\" height=\"1300\" srcset=\"https:\/\/www.mlkjlasers.com\/wp-content\/uploads\/2024\/01\/\u8be6\u60c5\u9875_07.jpg 750w, https:\/\/www.mlkjlasers.com\/wp-content\/uploads\/2024\/01\/\u8be6\u60c5\u9875_07-300x203.jpg 300w, https:\/\/www.mlkjlasers.com\/wp-content\/uploads\/2024\/01\/\u8be6\u60c5\u9875_07-600x406.jpg 600w\" sizes=\"(max-width: 1920px) 100vw, 1920px\" \/><\/div>\n<div data-spm-anchor-id=\"a2700.wholesale.0.i86.36bff5dflxmUVP\"><\/div>\n<div data-spm-anchor-id=\"a2700.wholesale.0.i86.36bff5dflxmUVP\">\n<p>1. Eliminar rodas em volta da frente, olhos, boca, etc.<\/p>\n<div>2. Lifting and tightening both cheeks skin.<\/div>\n<div>3. Melhorar a elasticidade da pele e formar o contorno.<\/div>\n<div>4. Melhorar a linha de mand\u00edbula, reduzindo as \"linhas de marioneta\".<\/div>\n<div>5. Refor\u00e7ar o tecido da pele na frente, levantar as linhas das pernas.<\/div>\n<div>6. Melhorar a complex\u00e3o da pele, tornando a pele delicada e brilhante.<\/div>\n<div>7. Concorda com beleza injet\u00e1vel como \u00e1cido hialur\u00f4nico, colag\u00eanio, para resolver mais problema de envelhecimento.<\/div>\n<div data-spm-anchor-id=\"a2700.wholesale.0.i88.36bff5dflxmUVP\">8. Eliminar os queixos do pesco\u00e7o, proteger o envelhecimento do pesco\u00e7o.<\/div>\n<div data-spm-anchor-id=\"a2700.wholesale.0.i88.36bff5dflxmUVP\"><\/div>\n<div data-spm-anchor-id=\"a2700.wholesale.0.i88.36bff5dflxmUVP\"><img loading=\"lazy\" decoding=\"async\" class=\"alignnone wp-image-2947\" src=\"https:\/\/mlkjlasers.com\/wp-content\/uploads\/2024\/01\/\u8be6\u60c5\u9875_06.jpg\" alt=\"\" width=\"1920\" height=\"2112\" srcset=\"https:\/\/www.mlkjlasers.com\/wp-content\/uploads\/2024\/01\/\u8be6\u60c5\u9875_06.jpg 750w, https:\/\/www.mlkjlasers.com\/wp-content\/uploads\/2024\/01\/\u8be6\u60c5\u9875_06-273x300.jpg 273w, https:\/\/www.mlkjlasers.com\/wp-content\/uploads\/2024\/01\/\u8be6\u60c5\u9875_06-600x660.jpg 600w\" sizes=\"(max-width: 1920px) 100vw, 1920px\" \/><\/div>\n<\/div>\n<p><strong>Renova\u00e7\u00e3o da pele do toque de cor<br \/>\n<\/strong>uma tela de toque de 15,6 polegadas, humanizada projetada<br \/>\n2. Homem\/f\u00eamea, partes corporais, 6 tipos de pele para op\u00e7\u00e3o.<br \/>\n3. Ingl\u00eas sua l\u00edngua materna.<br \/>\n4. Servi\u00e7o gratuito de programa\u00e7\u00e3o OEM(logo\/sistema&#8230;;<\/p>\n<table class=\"cke_show_border\" style=\"width: 100.525%; height: 502px;\">\n<tbody>\n<tr style=\"height: 23px;\">\n<td style=\"width: 23.182%; height: 23px;\" colspan=\"1\" rowspan=\"1\">Nome do dispositivo<\/td>\n<td style=\"width: 215.953%; height: 23px;\" colspan=\"1\" rowspan=\"1\">EXFU Seiko HIFU<\/td>\n<\/tr>\n<tr style=\"height: 25px;\">\n<td style=\"width: 23.182%; height: 25px;\" colspan=\"1\" rowspan=\"1\">Tipo de Elemento<\/td>\n<td style=\"width: 215.953%; height: 25px;\" colspan=\"1\" rowspan=\"1\">Double Control Foldable 11DUltrasound Machine<\/td>\n<\/tr>\n<tr style=\"height: 34px;\">\n<td style=\"width: 23.182%; height: 34px;\" colspan=\"1\" rowspan=\"1\">Tecnologia<\/td>\n<td style=\"width: 215.953%; height: 34px;\" colspan=\"1\" rowspan=\"1\">Alta Intensidade Focused Ultrasound<\/td>\n<\/tr>\n<tr style=\"height: 37px;\">\n<td style=\"width: 23.182%; height: 37px;\" colspan=\"1\" rowspan=\"1\">Volta\u00e7\u00e3o de entrada<\/td>\n<td style=\"width: 215.953%; height: 37px;\" colspan=\"1\" rowspan=\"1\">AC100V &#8211; 240V<\/td>\n<\/tr>\n<tr style=\"height: 38px;\">\n<td style=\"width: 23.182%; height: 38px;\" colspan=\"1\" rowspan=\"1\">Frequ\u00eancia de sa\u00edda<\/td>\n<td style=\"width: 215.953%; height: 38px;\" colspan=\"1\" rowspan=\"1\">2-7MHz<\/td>\n<\/tr>\n<tr style=\"height: 38px;\">\n<td style=\"width: 23.182%; height: 38px;\" colspan=\"1\" rowspan=\"1\">Pot\u00eancia m\u00e1xima<\/td>\n<td style=\"width: 215.953%; height: 38px;\" colspan=\"1\" rowspan=\"1\">200-400VA<\/td>\n<\/tr>\n<tr style=\"height: 51px;\">\n<td style=\"width: 23.182%; height: 51px;\" colspan=\"1\" rowspan=\"1\">Fuse<\/td>\n<td style=\"width: 215.953%; height: 51px;\" colspan=\"1\" rowspan=\"1\">5A<\/td>\n<\/tr>\n<tr style=\"height: 38px;\">\n<td style=\"width: 23.182%; height: 38px;\" colspan=\"1\" rowspan=\"1\">N\u00famero de tratamentos<\/td>\n<td style=\"width: 215.953%; height: 38px;\" colspan=\"1\" rowspan=\"1\">2 Handles<\/td>\n<\/tr>\n<tr style=\"height: 36px;\">\n<td style=\"width: 23.182%; height: 36px;\" colspan=\"1\" rowspan=\"1\">\u00c1rea de tratamento<\/td>\n<td style=\"width: 215.953%; height: 36px;\" colspan=\"1\" rowspan=\"1\">Cara, corpo,<\/td>\n<\/tr>\n<tr style=\"height: 51px;\">\n<td style=\"width: 23.182%; height: 102px;\" colspan=\"1\" rowspan=\"2\">Cartuchos<\/td>\n<td style=\"width: 215.953%; height: 51px;\" colspan=\"1\" rowspan=\"1\">L7-1,5mm,MF2,0mm,L7-3,0mm,L4-4,5mm,<\/td>\n<\/tr>\n<tr style=\"height: 51px;\">\n<td style=\"width: 215.953%; height: 51px;\" colspan=\"1\" rowspan=\"1\">MF6.0mm,MF9.0mm,MF13.0mm,DL1.5,DL3.0,DL4.5<\/td>\n<\/tr>\n<tr style=\"height: 51px;\">\n<td style=\"width: 23.182%; height: 51px;\" colspan=\"1\" rowspan=\"1\">Disparos<\/td>\n<td style=\"width: 215.953%; height: 51px;\" colspan=\"1\" rowspan=\"1\">20000 tiros \/ cartucho<\/td>\n<\/tr>\n<tr style=\"height: 19px;\">\n<td style=\"width: 23.182%; height: 19px;\" colspan=\"1\" rowspan=\"1\">Peso da embalagem<\/td>\n<td style=\"width: 215.953%; height: 19px;\" colspan=\"1\" rowspan=\"1\">11 kg<\/td>\n<\/tr>\n<tr style=\"height: 10px;\">\n<td style=\"width: 23.182%; height: 10px;\" colspan=\"1\" rowspan=\"1\">Tamanho da embalagem<\/td>\n<td style=\"width: 215.953%; height: 10px;\" colspan=\"1\" rowspan=\"1\">550x430x180mm<\/td>\n<\/tr>\n<\/tbody>\n<\/table>\n<p><img loading=\"lazy\" decoding=\"async\" class=\"alignnone wp-image-2943\" src=\"https:\/\/mlkjlasers.com\/wp-content\/uploads\/2024\/01\/\u8be6\u60c5\u9875_02.jpg\" alt=\"\" width=\"1920\" height=\"924\" srcset=\"https:\/\/www.mlkjlasers.com\/wp-content\/uploads\/2024\/01\/\u8be6\u60c5\u9875_02.jpg 750w, https:\/\/www.mlkjlasers.com\/wp-content\/uploads\/2024\/01\/\u8be6\u60c5\u9875_02-300x144.jpg 300w, https:\/\/www.mlkjlasers.com\/wp-content\/uploads\/2024\/01\/\u8be6\u60c5\u9875_02-600x289.jpg 600w\" sizes=\"(max-width: 1920px) 100vw, 1920px\" \/><\/p>\n<p>1) fabricante de f\u00e1brica de 16 anos: 100% boa resposta de todos os clientes.<br \/>\n3) Equipa de p\u00f3s-venda que pode resolver problemas facilmente. Servi\u00e7o de programa OEM gratuito(logo\/sistema&#8230;;<\/p>\n<div data-spm-anchor-id=\"a2700.wholesale.0.i93.36bff5dflxmUVP\"><\/div>\n<div data-spm-anchor-id=\"a2700.wholesale.0.i93.36bff5dflxmUVP\"><span style=\"color: #339966; font-size: 14pt;\"><em><strong>Aprendem mais sobre equipamento de beleza e conhecimento, sentem-se livres de nos contatar!<\/strong><\/em><\/span><\/div>\n<div data-spm-anchor-id=\"a2700.wholesale.0.i93.36bff5dflxmUVP\"><\/div>\n<\/div>","protected":false},"excerpt":{"rendered":"<p>A \u00faltima m\u00e1quina HIFU focou o ultrassom mais recente 7D 9D 10D 11D Hifu Body Slimming Facelifting Winkle Removal HIFU High Intensity Focused Ultrasound Use ultrassom de alta energia focando na posi\u00e7\u00e3o de tratamento, de modo que o tecido da pele crie o t\u00e9rmico, e faz c\u00e9lulas de fric\u00e7\u00e3o de alta velocidade para estimular o col\u00e1geno. Esse efeito de calor n\u00e3o vai magoar a epidermis, porque o tratamento [&hellip;]<\/p>","protected":false},"featured_media":2953,"comment_status":"open","ping_status":"closed","template":"","meta":[],"product_cat":[30],"product_tag":[],"class_list":["post-2941","product","type-product","status-publish","has-post-thumbnail","hentry","product_cat-11d-hifu"],"_links":{"self":[{"href":"https:\/\/www.mlkjlasers.com\/pt\/wp-json\/wp\/v2\/product\/2941","targetHints":{"allow":["GET"]}}],"collection":[{"href":"https:\/\/www.mlkjlasers.com\/pt\/wp-json\/wp\/v2\/product"}],"about":[{"href":"https:\/\/www.mlkjlasers.com\/pt\/wp-json\/wp\/v2\/types\/product"}],"replies":[{"embeddable":true,"href":"https:\/\/www.mlkjlasers.com\/pt\/wp-json\/wp\/v2\/comments?post=2941"}],"wp:featuredmedia":[{"embeddable":true,"href":"https:\/\/www.mlkjlasers.com\/pt\/wp-json\/wp\/v2\/media\/2953"}],"wp:attachment":[{"href":"https:\/\/www.mlkjlasers.com\/pt\/wp-json\/wp\/v2\/media?parent=2941"}],"wp:term":[{"taxonomy":"product_cat","embeddable":true,"href":"https:\/\/www.mlkjlasers.com\/pt\/wp-json\/wp\/v2\/product_cat?post=2941"},{"taxonomy":"product_tag","embeddable":true,"href":"https:\/\/www.mlkjlasers.com\/pt\/wp-json\/wp\/v2\/product_tag?post=2941"}],"curies":[{"name":"wp","href":"https:\/\/api.w.org\/{rel}","templated":true}]}}