{"id":2958,"date":"2024-02-28T17:02:20","date_gmt":"2024-02-28T09:02:20","guid":{"rendered":"https:\/\/mlkjlasers.com\/?post_type=product&#038;p=2958"},"modified":"2024-02-29T16:46:35","modified_gmt":"2024-02-29T08:46:35","slug":"laser-q-swithced-nanosecond-short-pulse-755-532-1064-vascular-therapy-scar-repair-picosecond-laser-tattoo-removal-machine","status":"publish","type":"product","link":"https:\/\/www.mlkjlasers.com\/pt\/product\/laser-q-swithced-nanosecond-short-pulse-755-532-1064-vascular-therapy-scar-repair-picosecond-laser-tattoo-removal-machine\/","title":{"rendered":"Pulso curto de nanosegundo com Q laser 755 532 1064 cicatriz de terapia vascular m\u00e1quina de remo\u00e7\u00e3o de cicatrizes de tatuagem de laser picosegundo"},"content":{"rendered":"<p><img fetchpriority=\"high\" decoding=\"async\" class=\"size-full wp-image-2986 aligncenter\" src=\"https:\/\/mlkjlasers.com\/wp-content\/uploads\/2024\/02\/1-2.jpg\" alt=\"\" width=\"1920\" height=\"1080\" srcset=\"https:\/\/www.mlkjlasers.com\/wp-content\/uploads\/2024\/02\/1-2.jpg 1920w, https:\/\/www.mlkjlasers.com\/wp-content\/uploads\/2024\/02\/1-2-300x169.jpg 300w, https:\/\/www.mlkjlasers.com\/wp-content\/uploads\/2024\/02\/1-2-1024x576.jpg 1024w, https:\/\/www.mlkjlasers.com\/wp-content\/uploads\/2024\/02\/1-2-768x432.jpg 768w, https:\/\/www.mlkjlasers.com\/wp-content\/uploads\/2024\/02\/1-2-1536x864.jpg 1536w, https:\/\/www.mlkjlasers.com\/wp-content\/uploads\/2024\/02\/1-2-600x338.jpg 600w\" sizes=\"(max-width: 1920px) 100vw, 1920px\" \/> <img decoding=\"async\" class=\"size-full wp-image-2987 aligncenter\" src=\"https:\/\/mlkjlasers.com\/wp-content\/uploads\/2024\/02\/2-2.jpg\" alt=\"\" width=\"1920\" height=\"1080\" srcset=\"https:\/\/www.mlkjlasers.com\/wp-content\/uploads\/2024\/02\/2-2.jpg 1920w, https:\/\/www.mlkjlasers.com\/wp-content\/uploads\/2024\/02\/2-2-300x169.jpg 300w, https:\/\/www.mlkjlasers.com\/wp-content\/uploads\/2024\/02\/2-2-1024x576.jpg 1024w, https:\/\/www.mlkjlasers.com\/wp-content\/uploads\/2024\/02\/2-2-768x432.jpg 768w, https:\/\/www.mlkjlasers.com\/wp-content\/uploads\/2024\/02\/2-2-1536x864.jpg 1536w, https:\/\/www.mlkjlasers.com\/wp-content\/uploads\/2024\/02\/2-2-600x338.jpg 600w\" sizes=\"(max-width: 1920px) 100vw, 1920px\" \/><\/p>\n<p>&nbsp;<\/p>\n<p><span class=\"src\" data-group=\"0-0\">Laser de pulso curto: dura\u00e7\u00e3o \u2264 nanosegundos (10e-6 segundos) <\/span><span class=\"src\" data-group=\"1-0\">Caracter\u00edsticas: <\/span><\/p>\n<p><span class=\"src\" data-group=\"2-0\">\u2460  Usando o efeito mec\u00e2nico de explos\u00e3o da press\u00e3o sonora da luz, uma \u00fanica dura\u00e7\u00e3o de emiss\u00e3o \u00e9 curta, alta energia, m\u00e1xima pot\u00eancia; <\/span><\/p>\n<p><span class=\"src\" data-group=\"3-0\">\u2461  A largura do pulso geralmente n\u00e3o \u00e9 ajustada; <\/span><span class=\"src\" data-group=\"4-0\">\u2462  Pulso curto \u00e9 realizado pela tecnologia de troca de Q<\/span><\/p>\n<p>&nbsp;<\/p>\n<p><img decoding=\"async\" class=\"size-full wp-image-2988 aligncenter\" src=\"https:\/\/mlkjlasers.com\/wp-content\/uploads\/2024\/02\/3-2.jpg\" alt=\"\" width=\"1920\" height=\"1080\" srcset=\"https:\/\/www.mlkjlasers.com\/wp-content\/uploads\/2024\/02\/3-2.jpg 1920w, https:\/\/www.mlkjlasers.com\/wp-content\/uploads\/2024\/02\/3-2-300x169.jpg 300w, https:\/\/www.mlkjlasers.com\/wp-content\/uploads\/2024\/02\/3-2-1024x576.jpg 1024w, https:\/\/www.mlkjlasers.com\/wp-content\/uploads\/2024\/02\/3-2-768x432.jpg 768w, https:\/\/www.mlkjlasers.com\/wp-content\/uploads\/2024\/02\/3-2-1536x864.jpg 1536w, https:\/\/www.mlkjlasers.com\/wp-content\/uploads\/2024\/02\/3-2-600x338.jpg 600w\" sizes=\"(max-width: 1920px) 100vw, 1920px\" \/> <img loading=\"lazy\" decoding=\"async\" class=\"size-full wp-image-2990 aligncenter\" src=\"https:\/\/mlkjlasers.com\/wp-content\/uploads\/2024\/02\/5-3.jpg\" alt=\"\" width=\"1920\" height=\"1080\" srcset=\"https:\/\/www.mlkjlasers.com\/wp-content\/uploads\/2024\/02\/5-3.jpg 1920w, https:\/\/www.mlkjlasers.com\/wp-content\/uploads\/2024\/02\/5-3-300x169.jpg 300w, https:\/\/www.mlkjlasers.com\/wp-content\/uploads\/2024\/02\/5-3-1024x576.jpg 1024w, https:\/\/www.mlkjlasers.com\/wp-content\/uploads\/2024\/02\/5-3-768x432.jpg 768w, https:\/\/www.mlkjlasers.com\/wp-content\/uploads\/2024\/02\/5-3-1536x864.jpg 1536w, https:\/\/www.mlkjlasers.com\/wp-content\/uploads\/2024\/02\/5-3-600x338.jpg 600w\" sizes=\"(max-width: 1920px) 100vw, 1920px\" \/><\/p>\n<p>&nbsp;<\/p>\n<p>Informa\u00e7\u00e3o sobre produtos<br \/>\nCom 7 bra\u00e7os luzes orientadores, a luz \u00e9 mais sim\u00e9trica!<br \/>\nA densidade energ\u00e9tica (J\/cm2) \u00e9 o par\u00e2metro decisivo da terapia laser com Q.<br \/>\nO laser Q-switched normalmente n\u00e3o pode ajustar a largura do pulso, estabelecer o mesmo valor de energia luminosa (mJ), se menor a \u00e1rea de a\u00e7\u00e3o (menor o di\u00e2metro do ponto), maior a densidade de energia, maior a rea\u00e7\u00e3o cut\u00e2nea, que \u00e9 o significado de &#8220; focando<\/p>\n<p>Caracter\u00edsticas:<br \/>\n1. Alto desempenho: O sistema laser Ruby tem uma alta produ\u00e7\u00e3o de energia e alta densidade de energia, possibilitando cirurgia r\u00e1pida e eficaz e tratamento.<br \/>\n2. Seguran\u00e7a: O sistema usa tecnologia laser avan\u00e7ada para controlar exatamente a profundidade e intensidade do feixe laser, minimizando danos ao tecido circundante.<br \/>\n3. Multifuncional: o sistema laser Ruby pode ser usado para uma variedade de cirurgias e tratamentos, incluindo remo\u00e7\u00e3o da pele, tratamento de doen\u00e7as vasculares, repara\u00e7\u00e3o de cicatrizes, etc.<br \/>\n4. Alta precis\u00e3o: O sistema tem fun\u00e7\u00f5es de posicionamento e controle de raio laser de alta precis\u00e3o, pode lidar com precis\u00e3o com o tecido alvo, melhorar a taxa de sucesso da cirurgia e efeito de tratamento.<br \/>\n5. Portabilidade: o sistema Ruby Laser adota design compacto, f\u00e1cil de carregar e mover, adequado para ambientes cl\u00ednicos diferentes.<\/p>\n<p>755 comprimentos de onda usados para branquear e amarrar rapidamente removem pigmentos de p\u00f3 e facilmente restauram sua pele branca<br \/>\nO laser de 532 nm picosegundos tem o melhor efeito nas tatuagens amarelas, seguidas de tatuagens vermelhas. O laser de 1064 nm picosegundos funciona melhor para tatuagens negras.<br \/>\nO comprimento de onda \u00e9 usado para tratar pontos epidermais como freckles,coffee spots,photo-aging spots,acne marks and wrinkles,as well as red and yellow tattoos.<br \/>\n1064 usados para tratar pontos dermais como cianmoles marr\u00f5es,Otamoles,chloasma,pigmenta \u00e7\u00e3o,branqueamento e brilho para remover tatuagens amarelas, negras e azuis podem ser lavados,usados para tratar acne,reduzir poros,e tightenskin,Para alcan\u00e7ar o efeito da reanima\u00e7\u00e3o da pele.<\/p>\n<p>&nbsp;<\/p>\n<p><img loading=\"lazy\" decoding=\"async\" class=\"size-full wp-image-2989 aligncenter\" src=\"https:\/\/mlkjlasers.com\/wp-content\/uploads\/2024\/02\/4-2.jpg\" alt=\"\" width=\"1920\" height=\"1080\" srcset=\"https:\/\/www.mlkjlasers.com\/wp-content\/uploads\/2024\/02\/4-2.jpg 1920w, https:\/\/www.mlkjlasers.com\/wp-content\/uploads\/2024\/02\/4-2-300x169.jpg 300w, https:\/\/www.mlkjlasers.com\/wp-content\/uploads\/2024\/02\/4-2-1024x576.jpg 1024w, https:\/\/www.mlkjlasers.com\/wp-content\/uploads\/2024\/02\/4-2-768x432.jpg 768w, https:\/\/www.mlkjlasers.com\/wp-content\/uploads\/2024\/02\/4-2-1536x864.jpg 1536w, https:\/\/www.mlkjlasers.com\/wp-content\/uploads\/2024\/02\/4-2-600x338.jpg 600w\" sizes=\"(max-width: 1920px) 100vw, 1920px\" \/> <img loading=\"lazy\" decoding=\"async\" class=\"size-full wp-image-2992 aligncenter\" src=\"https:\/\/mlkjlasers.com\/wp-content\/uploads\/2024\/02\/7-1.jpg\" alt=\"\" width=\"1920\" height=\"1080\" srcset=\"https:\/\/www.mlkjlasers.com\/wp-content\/uploads\/2024\/02\/7-1.jpg 1920w, https:\/\/www.mlkjlasers.com\/wp-content\/uploads\/2024\/02\/7-1-300x169.jpg 300w, https:\/\/www.mlkjlasers.com\/wp-content\/uploads\/2024\/02\/7-1-1024x576.jpg 1024w, https:\/\/www.mlkjlasers.com\/wp-content\/uploads\/2024\/02\/7-1-768x432.jpg 768w, https:\/\/www.mlkjlasers.com\/wp-content\/uploads\/2024\/02\/7-1-1536x864.jpg 1536w, https:\/\/www.mlkjlasers.com\/wp-content\/uploads\/2024\/02\/7-1-600x338.jpg 600w\" sizes=\"(max-width: 1920px) 100vw, 1920px\" \/> <img loading=\"lazy\" decoding=\"async\" class=\"size-full wp-image-2993 aligncenter\" src=\"https:\/\/mlkjlasers.com\/wp-content\/uploads\/2024\/02\/8-1.jpg\" alt=\"\" width=\"1920\" height=\"1080\" srcset=\"https:\/\/www.mlkjlasers.com\/wp-content\/uploads\/2024\/02\/8-1.jpg 1920w, https:\/\/www.mlkjlasers.com\/wp-content\/uploads\/2024\/02\/8-1-300x169.jpg 300w, https:\/\/www.mlkjlasers.com\/wp-content\/uploads\/2024\/02\/8-1-1024x576.jpg 1024w, https:\/\/www.mlkjlasers.com\/wp-content\/uploads\/2024\/02\/8-1-768x432.jpg 768w, https:\/\/www.mlkjlasers.com\/wp-content\/uploads\/2024\/02\/8-1-1536x864.jpg 1536w, https:\/\/www.mlkjlasers.com\/wp-content\/uploads\/2024\/02\/8-1-600x338.jpg 600w\" sizes=\"(max-width: 1920px) 100vw, 1920px\" \/><\/p>\n<p>&nbsp;<\/p>","protected":false},"excerpt":{"rendered":"<p>&nbsp; Laser de pulso curto: dura\u00e7\u00e3o \u2264 nanosegundos (10e-6 segundos) Caracter\u00edsticas: \u2460  Usando o efeito mec\u00e2nico de explos\u00e3o da press\u00e3o sonora da luz, uma \u00fanica dura\u00e7\u00e3o de emiss\u00e3o \u00e9 curta, alta energia, m\u00e1xima pot\u00eancia;  \u2461  A largura do pulso geralmente n\u00e3o \u00e9 ajustada;  \u2462  Pulso curto \u00e9 realizado pela tecnologia de Q-switching &nbsp; &nbsp; Informa\u00e7\u00e3o de Produtos com 7 bra\u00e7os leves, o [&hellip;]<\/p>","protected":false},"featured_media":2985,"comment_status":"open","ping_status":"closed","template":"","meta":[],"product_cat":[23],"product_tag":[],"class_list":["post-2958","product","type-product","status-publish","has-post-thumbnail","hentry","product_cat-picosecond-laser"],"_links":{"self":[{"href":"https:\/\/www.mlkjlasers.com\/pt\/wp-json\/wp\/v2\/product\/2958","targetHints":{"allow":["GET"]}}],"collection":[{"href":"https:\/\/www.mlkjlasers.com\/pt\/wp-json\/wp\/v2\/product"}],"about":[{"href":"https:\/\/www.mlkjlasers.com\/pt\/wp-json\/wp\/v2\/types\/product"}],"replies":[{"embeddable":true,"href":"https:\/\/www.mlkjlasers.com\/pt\/wp-json\/wp\/v2\/comments?post=2958"}],"wp:featuredmedia":[{"embeddable":true,"href":"https:\/\/www.mlkjlasers.com\/pt\/wp-json\/wp\/v2\/media\/2985"}],"wp:attachment":[{"href":"https:\/\/www.mlkjlasers.com\/pt\/wp-json\/wp\/v2\/media?parent=2958"}],"wp:term":[{"taxonomy":"product_cat","embeddable":true,"href":"https:\/\/www.mlkjlasers.com\/pt\/wp-json\/wp\/v2\/product_cat?post=2958"},{"taxonomy":"product_tag","embeddable":true,"href":"https:\/\/www.mlkjlasers.com\/pt\/wp-json\/wp\/v2\/product_tag?post=2958"}],"curies":[{"name":"wp","href":"https:\/\/api.w.org\/{rel}","templated":true}]}}