{"id":2998,"date":"2024-03-01T10:09:26","date_gmt":"2024-03-01T02:09:26","guid":{"rendered":"https:\/\/mlkjlasers.com\/?post_type=product&#038;p=2998"},"modified":"2026-01-27T13:53:21","modified_gmt":"2026-01-27T05:53:21","slug":"ems-body-sculpting-machine-body-sculpting-slimming-machine-building-lifting-body-sculpting-slimming-machine","status":"publish","type":"product","link":"https:\/\/www.mlkjlasers.com\/pt\/product\/ems-body-sculpting-machine-body-sculpting-slimming-machine-building-lifting-body-sculpting-slimming-machine\/","title":{"rendered":"2026 Body Sculpt Slimming Machine Training Muscle Sculpt Weight Loss Machine"},"content":{"rendered":"<p><span style=\"font-size: 14pt;\"><img fetchpriority=\"high\" decoding=\"async\" class=\"aligncenter size-full wp-image-3701\" src=\"https:\/\/www.mlkjlasers.com\/wp-content\/uploads\/2026\/01\/pro-1.jpg\" alt=\"\" width=\"1080\" height=\"1080\" \/><\/span><\/p>\n<p><span style=\"font-size: 14pt;\"><b>Construir m\u00fasculos<\/b><\/span><br \/>\n<span style=\"font-size: 14pt;\">Os m\u00fasculos contraem 30000 vezes em alta frequ\u00eancia e intensidade, permitindo treinamento e aumento da densidade e volume musculares.<\/span><br \/>\n<span style=\"font-size: 14pt;\"><b>Reduzir a gordura<\/b><\/span><br \/>\n<span style=\"font-size: 14pt;\">A contra\u00e7\u00e3o final dos m\u00fasculos requer uma grande quantidade de suprimento energ\u00e9tico, ent\u00e3o as c\u00e9lulas gordas ao lado dos m\u00fasculos tamb\u00e9m s\u00e3o consumidas, levando a apoptose natural e redu\u00e7\u00e3o efetiva da gordura.<\/span><br \/>\n<span style=\"font-size: 14pt;\"><b>Esculpa muscular<\/b><\/span><br \/>\n<span style=\"font-size: 14pt;\">Exercitando os m\u00fasculos abdominais e gluteais, treinando os m\u00fasculos oblicos do abdome, e formando a linha da sirena.<\/span><\/p>\n<p><span style=\"font-size: 14pt;\"><img decoding=\"async\" class=\"aligncenter size-full wp-image-3706\" src=\"https:\/\/www.mlkjlasers.com\/wp-content\/uploads\/2026\/01\/pro-6.jpg\" alt=\"\" width=\"1080\" height=\"1080\" \/><\/span><\/p>\n<p><span style=\"font-size: 14pt;\">Funcionalidade Multi-Mode &#8211; Diversos n\u00edveis de intensidade para tratamento personalizado.<\/span><br \/>\n<span style=\"font-size: 14pt;\">R\u00e1pido e - Resultados Vis\u00edveis &#8211; Senta a diferen\u00e7a em apenas algumas sess\u00f5es.<\/span><br \/>\n<span style=\"font-size: 14pt;\">Seguro e seguro N\u00e3o invasivo Sem cirurgia, sem tempo de descanso, sem dor.<\/span><br \/>\n<span style=\"font-size: 14pt;\">Uso Completo do corpo &#8211; Trabalha nos abdominais, bra\u00e7os, coxas, glutas e mais.<\/span><br \/>\n<span style=\"font-size: 14pt;\">Vertical &amp; f\u00e1cil de usar Perfeito para sal\u00f5es ou cl\u00ednicas.<\/span><\/p>\n<p><span style=\"font-size: 14pt;\"><img decoding=\"async\" class=\"aligncenter size-full wp-image-3767\" src=\"https:\/\/www.mlkjlasers.com\/wp-content\/uploads\/2026\/01\/pro-14.jpg\" alt=\"\" width=\"1920\" height=\"1080\" srcset=\"https:\/\/www.mlkjlasers.com\/wp-content\/uploads\/2026\/01\/pro-14.jpg 1920w, https:\/\/www.mlkjlasers.com\/wp-content\/uploads\/2026\/01\/pro-14-300x169.jpg 300w, https:\/\/www.mlkjlasers.com\/wp-content\/uploads\/2026\/01\/pro-14-1024x576.jpg 1024w, https:\/\/www.mlkjlasers.com\/wp-content\/uploads\/2026\/01\/pro-14-768x432.jpg 768w, https:\/\/www.mlkjlasers.com\/wp-content\/uploads\/2026\/01\/pro-14-1536x864.jpg 1536w, https:\/\/www.mlkjlasers.com\/wp-content\/uploads\/2026\/01\/pro-14-18x10.jpg 18w, https:\/\/www.mlkjlasers.com\/wp-content\/uploads\/2026\/01\/pro-14-600x338.jpg 600w\" sizes=\"(max-width: 1920px) 100vw, 1920px\" \/><\/span><\/p>\n<p><span style=\"font-size: 14pt;\">Manter o display<\/span><\/p>\n<p><span style=\"font-size: 14pt;\"><img loading=\"lazy\" decoding=\"async\" class=\"aligncenter size-full wp-image-3777\" src=\"https:\/\/www.mlkjlasers.com\/wp-content\/uploads\/2026\/01\/pro-25.jpg\" alt=\"\" width=\"1920\" height=\"1080\" srcset=\"https:\/\/www.mlkjlasers.com\/wp-content\/uploads\/2026\/01\/pro-25.jpg 1920w, https:\/\/www.mlkjlasers.com\/wp-content\/uploads\/2026\/01\/pro-25-300x169.jpg 300w, https:\/\/www.mlkjlasers.com\/wp-content\/uploads\/2026\/01\/pro-25-1024x576.jpg 1024w, https:\/\/www.mlkjlasers.com\/wp-content\/uploads\/2026\/01\/pro-25-768x432.jpg 768w, https:\/\/www.mlkjlasers.com\/wp-content\/uploads\/2026\/01\/pro-25-1536x864.jpg 1536w, https:\/\/www.mlkjlasers.com\/wp-content\/uploads\/2026\/01\/pro-25-18x10.jpg 18w, https:\/\/www.mlkjlasers.com\/wp-content\/uploads\/2026\/01\/pro-25-600x338.jpg 600w\" sizes=\"(max-width: 1920px) 100vw, 1920px\" \/><\/span><\/p>\n<p><span style=\"font-size: 14pt;\">A m\u00e1quina usa campo eletromagn\u00e9tico focado com intensidade segura para passar pelo corpo e interagir com neur\u00f4nios motores. \u00c9 projetado para estimular e contrair continuamente o m\u00fasculo, o que \u00e9 ideal para <b>profundamente transformando<\/b> a estrutura interna do m\u00fasculo.<\/span><\/p>\n<p><span style=\"font-size: 14pt;\"><img loading=\"lazy\" decoding=\"async\" class=\"aligncenter size-full wp-image-3776\" src=\"https:\/\/www.mlkjlasers.com\/wp-content\/uploads\/2026\/01\/pro-24.jpg\" alt=\"\" width=\"1920\" height=\"2000\" srcset=\"https:\/\/www.mlkjlasers.com\/wp-content\/uploads\/2026\/01\/pro-24.jpg 1920w, https:\/\/www.mlkjlasers.com\/wp-content\/uploads\/2026\/01\/pro-24-288x300.jpg 288w, https:\/\/www.mlkjlasers.com\/wp-content\/uploads\/2026\/01\/pro-24-983x1024.jpg 983w, https:\/\/www.mlkjlasers.com\/wp-content\/uploads\/2026\/01\/pro-24-768x800.jpg 768w, https:\/\/www.mlkjlasers.com\/wp-content\/uploads\/2026\/01\/pro-24-1475x1536.jpg 1475w, https:\/\/www.mlkjlasers.com\/wp-content\/uploads\/2026\/01\/pro-24-12x12.jpg 12w, https:\/\/www.mlkjlasers.com\/wp-content\/uploads\/2026\/01\/pro-24-600x625.jpg 600w\" sizes=\"(max-width: 1920px) 100vw, 1920px\" \/><\/span><\/p>\n<div><span style=\"font-size: 14pt;\">\u2022 16 Energia Eletromagn\u00e9tica de alta intensidade Tesla <\/span><br \/>\n<span style=\"font-size: 14pt;\">\u2022 At\u00e9 16% crescimento muscular e 19% redu\u00e7\u00e3o de gorduras <\/span><br \/>\n<span style=\"font-size: 14pt;\">\u2022 Equivalente a 20.000 Sit-Ups ou 50.000 Muscle Contractions per Session <\/span><br \/>\n<span style=\"font-size: 14pt;\">\u2022 Capacidade de dupla escultura - Trate duas \u00e1reas simultaneamente nos mesmos ou diferentes indiv\u00edduos<\/span><\/div>\n<div><span style=\"font-size: 14pt;\"><img loading=\"lazy\" decoding=\"async\" class=\"aligncenter size-full wp-image-3770\" src=\"https:\/\/www.mlkjlasers.com\/wp-content\/uploads\/2026\/01\/pro-18.jpg\" alt=\"\" width=\"1920\" height=\"2000\" srcset=\"https:\/\/www.mlkjlasers.com\/wp-content\/uploads\/2026\/01\/pro-18.jpg 1920w, https:\/\/www.mlkjlasers.com\/wp-content\/uploads\/2026\/01\/pro-18-288x300.jpg 288w, https:\/\/www.mlkjlasers.com\/wp-content\/uploads\/2026\/01\/pro-18-983x1024.jpg 983w, https:\/\/www.mlkjlasers.com\/wp-content\/uploads\/2026\/01\/pro-18-768x800.jpg 768w, https:\/\/www.mlkjlasers.com\/wp-content\/uploads\/2026\/01\/pro-18-1475x1536.jpg 1475w, https:\/\/www.mlkjlasers.com\/wp-content\/uploads\/2026\/01\/pro-18-12x12.jpg 12w, https:\/\/www.mlkjlasers.com\/wp-content\/uploads\/2026\/01\/pro-18-600x625.jpg 600w\" sizes=\"(max-width: 1920px) 100vw, 1920px\" \/><\/span><\/div>\n<div><span style=\"font-size: 14pt;\">Caracter\u00edsticas da M\u00e1quina<\/span><br \/>\n<span style=\"font-size: 14pt;\">1. Bom resultado --<b> 30 minutos de tratamento= 20000 treinamentos<\/b>aumentar 16% m\u00fasculo e reduzir 21% gordura ap\u00f3s cerca de 2-4 cursos<\/span><\/p>\n<div><span style=\"font-size: 14pt;\">2. N\u00e3o invasivo, sem efeitos secund\u00e1rios e sem dor<\/span><\/div>\n<div><span style=\"font-size: 14pt;\">3.<b> 16 Tesla High Intensity<\/b>- cobre grandes m\u00fasculos esqueletais, e remodelar sua estrutura interior.<\/span><br \/>\n<span style=\"font-size: 14pt;\">4.5 aplicadores magn\u00e9ticos - quebram os dep\u00f3sitos de gordura e aumentam o tom muscular e a for\u00e7a<\/span><\/div>\n<div><span style=\"font-size: 14pt;\">5. Destinando 5 partes corporais\u2014abdome, arms, hips, hamstring, thighs<\/span><\/div>\n<div><span style=\"font-size: 14pt;\">6. Treinamento progressivo - melhorar o sentimento e efeito do exerc\u00edcio real<\/span><\/div>\n<\/div>\n<div><span style=\"font-size: 14pt;\"><img loading=\"lazy\" decoding=\"async\" class=\"aligncenter size-full wp-image-3774\" src=\"https:\/\/www.mlkjlasers.com\/wp-content\/uploads\/2026\/01\/pro-22.jpg\" alt=\"\" width=\"1920\" height=\"1080\" srcset=\"https:\/\/www.mlkjlasers.com\/wp-content\/uploads\/2026\/01\/pro-22.jpg 1920w, https:\/\/www.mlkjlasers.com\/wp-content\/uploads\/2026\/01\/pro-22-300x169.jpg 300w, https:\/\/www.mlkjlasers.com\/wp-content\/uploads\/2026\/01\/pro-22-1024x576.jpg 1024w, https:\/\/www.mlkjlasers.com\/wp-content\/uploads\/2026\/01\/pro-22-768x432.jpg 768w, https:\/\/www.mlkjlasers.com\/wp-content\/uploads\/2026\/01\/pro-22-1536x864.jpg 1536w, https:\/\/www.mlkjlasers.com\/wp-content\/uploads\/2026\/01\/pro-22-18x10.jpg 18w, https:\/\/www.mlkjlasers.com\/wp-content\/uploads\/2026\/01\/pro-22-600x338.jpg 600w\" sizes=\"(max-width: 1920px) 100vw, 1920px\" \/><\/span><\/div>\n<div><span style=\"font-size: 14pt;\"><img loading=\"lazy\" decoding=\"async\" class=\"aligncenter size-full wp-image-3766\" src=\"https:\/\/www.mlkjlasers.com\/wp-content\/uploads\/2026\/01\/pro-13.jpg\" alt=\"\" width=\"1080\" height=\"1080\" srcset=\"https:\/\/www.mlkjlasers.com\/wp-content\/uploads\/2026\/01\/pro-13.jpg 1080w, https:\/\/www.mlkjlasers.com\/wp-content\/uploads\/2026\/01\/pro-13-300x300.jpg 300w, https:\/\/www.mlkjlasers.com\/wp-content\/uploads\/2026\/01\/pro-13-1024x1024.jpg 1024w, https:\/\/www.mlkjlasers.com\/wp-content\/uploads\/2026\/01\/pro-13-150x150.jpg 150w, https:\/\/www.mlkjlasers.com\/wp-content\/uploads\/2026\/01\/pro-13-768x768.jpg 768w, https:\/\/www.mlkjlasers.com\/wp-content\/uploads\/2026\/01\/pro-13-12x12.jpg 12w, https:\/\/www.mlkjlasers.com\/wp-content\/uploads\/2026\/01\/pro-13-600x600.jpg 600w, https:\/\/www.mlkjlasers.com\/wp-content\/uploads\/2026\/01\/pro-13-100x100.jpg 100w\" sizes=\"(max-width: 1080px) 100vw, 1080px\" \/><\/span><\/div>\n<div><span style=\"font-size: 14pt;\">No trabalho di\u00e1rio, quando o manejo atua em diferentes partes de diferentes clientes, s\u00e3o necess\u00e1rios par\u00e2metros diferentes. Cada manobra pode ajustar par\u00e2metros independentemente, perfeitamente satisfazendo os diferentes requisitos energ\u00e9ticos de diferentes partes quando manobras trabalham ao mesmo tempo.<\/span><\/div>\n<div><span style=\"font-size: 14pt;\"><img loading=\"lazy\" decoding=\"async\" class=\"aligncenter size-full wp-image-3755\" src=\"https:\/\/www.mlkjlasers.com\/wp-content\/uploads\/2026\/01\/pro-2.jpg\" alt=\"\" width=\"1080\" height=\"1080\" srcset=\"https:\/\/www.mlkjlasers.com\/wp-content\/uploads\/2026\/01\/pro-2.jpg 1080w, https:\/\/www.mlkjlasers.com\/wp-content\/uploads\/2026\/01\/pro-2-300x300.jpg 300w, https:\/\/www.mlkjlasers.com\/wp-content\/uploads\/2026\/01\/pro-2-1024x1024.jpg 1024w, https:\/\/www.mlkjlasers.com\/wp-content\/uploads\/2026\/01\/pro-2-150x150.jpg 150w, https:\/\/www.mlkjlasers.com\/wp-content\/uploads\/2026\/01\/pro-2-768x768.jpg 768w, https:\/\/www.mlkjlasers.com\/wp-content\/uploads\/2026\/01\/pro-2-12x12.jpg 12w, https:\/\/www.mlkjlasers.com\/wp-content\/uploads\/2026\/01\/pro-2-600x600.jpg 600w, https:\/\/www.mlkjlasers.com\/wp-content\/uploads\/2026\/01\/pro-2-100x100.jpg 100w\" sizes=\"(max-width: 1080px) 100vw, 1080px\" \/><\/span><\/div>\n<div><\/div>\n<div><span style=\"font-size: 14pt;\"><img loading=\"lazy\" decoding=\"async\" class=\"aligncenter size-full wp-image-3756\" src=\"https:\/\/www.mlkjlasers.com\/wp-content\/uploads\/2026\/01\/pro-3.jpg\" alt=\"\" width=\"1080\" height=\"1080\" srcset=\"https:\/\/www.mlkjlasers.com\/wp-content\/uploads\/2026\/01\/pro-3.jpg 1080w, https:\/\/www.mlkjlasers.com\/wp-content\/uploads\/2026\/01\/pro-3-300x300.jpg 300w, https:\/\/www.mlkjlasers.com\/wp-content\/uploads\/2026\/01\/pro-3-1024x1024.jpg 1024w, https:\/\/www.mlkjlasers.com\/wp-content\/uploads\/2026\/01\/pro-3-150x150.jpg 150w, https:\/\/www.mlkjlasers.com\/wp-content\/uploads\/2026\/01\/pro-3-768x768.jpg 768w, https:\/\/www.mlkjlasers.com\/wp-content\/uploads\/2026\/01\/pro-3-12x12.jpg 12w, https:\/\/www.mlkjlasers.com\/wp-content\/uploads\/2026\/01\/pro-3-600x600.jpg 600w, https:\/\/www.mlkjlasers.com\/wp-content\/uploads\/2026\/01\/pro-3-100x100.jpg 100w\" sizes=\"(max-width: 1080px) 100vw, 1080px\" \/><\/span><\/div>\n<div>\n<p><span style=\"font-size: 14pt;\"><b>Pantalla de tela: Pantalla de toque de 14 polegadas de alta defini\u00e7\u00e3o<\/b><\/span><\/p>\n<div><span style=\"font-size: 14pt;\">\u221a A interface \u00e9 mais clara<br \/>\n\u221a A opera\u00e7\u00e3o \u00e9 mais suave<br \/>\n\u221a O toque \u00e9 mais confort\u00e1vel<\/span><\/div>\n<div><span style=\"font-size: 14pt;\"><img loading=\"lazy\" decoding=\"async\" class=\"aligncenter size-full wp-image-3735\" src=\"https:\/\/www.mlkjlasers.com\/wp-content\/uploads\/2026\/01\/\u4fbf\u643a\u53cc-7.jpg\" alt=\"\" width=\"1920\" height=\"1080\" srcset=\"https:\/\/www.mlkjlasers.com\/wp-content\/uploads\/2026\/01\/\u4fbf\u643a\u53cc-7.jpg 1920w, https:\/\/www.mlkjlasers.com\/wp-content\/uploads\/2026\/01\/\u4fbf\u643a\u53cc-7-300x169.jpg 300w, https:\/\/www.mlkjlasers.com\/wp-content\/uploads\/2026\/01\/\u4fbf\u643a\u53cc-7-1024x576.jpg 1024w, https:\/\/www.mlkjlasers.com\/wp-content\/uploads\/2026\/01\/\u4fbf\u643a\u53cc-7-768x432.jpg 768w, https:\/\/www.mlkjlasers.com\/wp-content\/uploads\/2026\/01\/\u4fbf\u643a\u53cc-7-1536x864.jpg 1536w, https:\/\/www.mlkjlasers.com\/wp-content\/uploads\/2026\/01\/\u4fbf\u643a\u53cc-7-18x10.jpg 18w, https:\/\/www.mlkjlasers.com\/wp-content\/uploads\/2026\/01\/\u4fbf\u643a\u53cc-7-600x338.jpg 600w\" sizes=\"(max-width: 1920px) 100vw, 1920px\" \/><\/span><\/div>\n<div><span style=\"font-size: 14pt;\"><img loading=\"lazy\" decoding=\"async\" class=\"aligncenter size-full wp-image-3775\" src=\"https:\/\/www.mlkjlasers.com\/wp-content\/uploads\/2026\/01\/pro-23.jpg\" alt=\"\" width=\"1920\" height=\"1080\" srcset=\"https:\/\/www.mlkjlasers.com\/wp-content\/uploads\/2026\/01\/pro-23.jpg 1920w, https:\/\/www.mlkjlasers.com\/wp-content\/uploads\/2026\/01\/pro-23-300x169.jpg 300w, https:\/\/www.mlkjlasers.com\/wp-content\/uploads\/2026\/01\/pro-23-1024x576.jpg 1024w, https:\/\/www.mlkjlasers.com\/wp-content\/uploads\/2026\/01\/pro-23-768x432.jpg 768w, https:\/\/www.mlkjlasers.com\/wp-content\/uploads\/2026\/01\/pro-23-1536x864.jpg 1536w, https:\/\/www.mlkjlasers.com\/wp-content\/uploads\/2026\/01\/pro-23-18x10.jpg 18w, https:\/\/www.mlkjlasers.com\/wp-content\/uploads\/2026\/01\/pro-23-600x338.jpg 600w\" sizes=\"(max-width: 1920px) 100vw, 1920px\" \/><\/span><\/div>\n<\/div>\n<div><\/div>\n<div><span style=\"font-size: 14pt;\"><strong><span style=\"color: #0000ff;\"><span class=\"src\" data-group=\"0-0\">Contacte-nos! <\/span><span class=\"src\" data-group=\"1-0\">Obter mais informa\u00e7\u00e3o. <\/span><\/span><\/strong><\/span><\/div>\n<div><span style=\"font-size: 14pt;\"><strong><span class=\"src\" style=\"color: #0000ff;\" data-group=\"2-0\">Estamos sempre aqui para ajudar voc\u00eas e fornecer solu\u00e7\u00f5es. <\/span><\/strong><\/span><\/div>\n<div><\/div>\n<div><span style=\"font-size: 14pt;\"><strong><span class=\"src\" style=\"color: #0000ff;\" data-group=\"4-0\"> Tel: +86 15965364558 <\/span><\/strong><\/span><\/div>\n<div><span style=\"font-size: 14pt;\"><strong><span class=\"src\" style=\"color: #0000ff;\" data-group=\"5-0\">E-mail: sale@mingliangkj.com<\/span><\/strong><\/span><\/div>\n<div><\/div>","protected":false},"excerpt":{"rendered":"<p>Os m\u00fasculos constru\u00eddos contraem 30000 vezes em alta frequ\u00eancia e intensidade, permitindo treinamento e aumento da densidade e volume musculares. Reduzir a gordura A contra\u00e7\u00e3o final dos m\u00fasculos requer uma grande quantidade de fornecimento de energia, ent\u00e3o as c\u00e9lulas gordas ao lado dos m\u00fasculos tamb\u00e9m s\u00e3o consumidas, levando a apoptose natural e redu\u00e7\u00e3o efetiva da gordura. Esculpa muscular [&hellip;]<\/p>","protected":false},"featured_media":3765,"comment_status":"open","ping_status":"closed","template":"","meta":[],"product_cat":[28],"product_tag":[],"class_list":["post-2998","product","type-product","status-publish","has-post-thumbnail","hentry","product_cat-slimming-machine"],"_links":{"self":[{"href":"https:\/\/www.mlkjlasers.com\/pt\/wp-json\/wp\/v2\/product\/2998","targetHints":{"allow":["GET"]}}],"collection":[{"href":"https:\/\/www.mlkjlasers.com\/pt\/wp-json\/wp\/v2\/product"}],"about":[{"href":"https:\/\/www.mlkjlasers.com\/pt\/wp-json\/wp\/v2\/types\/product"}],"replies":[{"embeddable":true,"href":"https:\/\/www.mlkjlasers.com\/pt\/wp-json\/wp\/v2\/comments?post=2998"}],"wp:featuredmedia":[{"embeddable":true,"href":"https:\/\/www.mlkjlasers.com\/pt\/wp-json\/wp\/v2\/media\/3765"}],"wp:attachment":[{"href":"https:\/\/www.mlkjlasers.com\/pt\/wp-json\/wp\/v2\/media?parent=2998"}],"wp:term":[{"taxonomy":"product_cat","embeddable":true,"href":"https:\/\/www.mlkjlasers.com\/pt\/wp-json\/wp\/v2\/product_cat?post=2998"},{"taxonomy":"product_tag","embeddable":true,"href":"https:\/\/www.mlkjlasers.com\/pt\/wp-json\/wp\/v2\/product_tag?post=2998"}],"curies":[{"name":"wp","href":"https:\/\/api.w.org\/{rel}","templated":true}]}}