{"id":3006,"date":"2024-04-01T13:51:19","date_gmt":"2024-04-01T05:51:19","guid":{"rendered":"https:\/\/mlkjlasers.com\/?post_type=product&#038;p=3006"},"modified":"2026-01-20T15:53:26","modified_gmt":"2026-01-20T07:53:26","slug":"mlkj-medical-diode-laser-titanium-double-handle-hair-removal-machine-2-2-2-2","status":"publish","type":"product","link":"https:\/\/www.mlkjlasers.com\/pt\/product\/mlkj-medical-diode-laser-titanium-double-handle-hair-removal-machine-2-2-2-2\/","title":{"rendered":"Pre\u00e7o da f\u00e1brica! 755nm 808nm 1064nm m\u00e1quina de beleza para remover cabelo laser1800W m\u00e1quina de remover cabelo laser Diode V29"},"content":{"rendered":"<table style=\"border-collapse: collapse; width: 100%; height: 174px;\">\n<tbody>\n<tr style=\"height: 16px;\">\n<td style=\"width: 44.9553%; height: 16px;\"><span style=\"font-family: helvetica, arial, sans-serif; color: #000000; font-size: 12pt;\">M\u00e1quina de remo\u00e7\u00e3o do cabelo laser de diode MLKJ\u00a0<\/span><\/td>\n<td style=\"width: 55.0447%; height: 16px;\"><span style=\"font-family: helvetica, arial, sans-serif; color: #000000; font-size: 12pt;\">Modelo n\u00famero:4K V29<\/span><\/td>\n<\/tr>\n<tr style=\"height: 24px;\">\n<td style=\"width: 44.9553%; height: 24px;\"><span style=\"font-family: helvetica, arial, sans-serif; color: #000000; font-size: 12pt;\">Longitude de onda: 808nm ou 755 808 1064nm<\/span><\/td>\n<td style=\"width: 55.0447%; height: 24px;\"><span style=\"font-family: helvetica, arial, sans-serif; color: #000000; font-size: 12pt;\">Tamanho da tela:14 polegadas de estilo 4K<\/span><\/td>\n<\/tr>\n<tr style=\"height: 24px;\">\n<td style=\"width: 44.9553%; height: 24px;\"><span style=\"font-family: helvetica, arial, sans-serif; color: #000000; font-size: 12pt;\">Tempo de vida: 40 milh\u00f5es de tiros<\/span><\/td>\n<td style=\"width: 55.0447%; height: 24px;\"><span style=\"font-family: helvetica, arial, sans-serif; color: #000000; font-size: 12pt;\">Dura\u00e7\u00e3o do pulso: 10-300 ms<\/span><\/td>\n<\/tr>\n<tr style=\"height: 24px;\">\n<td style=\"width: 44.9553%; height: 24px;\"><span style=\"font-family: helvetica, arial, sans-serif; color: #000000; font-size: 12pt;\">Banda de laser: 100w para cada um, laser bar coerente americano<\/span><\/td>\n<td style=\"width: 55.0447%; height: 24px;\"><span style=\"font-family: helvetica, arial, sans-serif; color: #000000; font-size: 12pt;\">Frequ\u00eancia: 1-10hz<\/span><\/td>\n<\/tr>\n<tr style=\"height: 24px;\">\n<td style=\"width: 44.9553%; height: 24px;\"><span style=\"font-family: helvetica, arial, sans-serif; color: #000000; font-size: 12pt;\">Tamanho do ponto: 12x20mm ou 12x35mm<\/span><\/td>\n<td style=\"width: 55.0447%; height: 24px;\"><span style=\"font-family: helvetica, arial, sans-serif; color: #000000; font-size: 12pt;\">Energia: 1-150J<\/span><\/td>\n<\/tr>\n<tr style=\"height: 24px;\">\n<td style=\"width: 44.9553%; height: 24px;\"><span style=\"font-family: helvetica, arial, sans-serif; color: #000000; font-size: 12pt;\">Sistema de refrigera\u00e7\u00e3o: TEC, \u00e1gua, ar<\/span><\/td>\n<td style=\"width: 55.0447%; height: 24px;\"><span style=\"font-family: helvetica, arial, sans-serif; color: #000000; font-size: 12pt;\">Pot\u00eancia da M\u00e1quina:3500W<\/span><\/td>\n<\/tr>\n<tr style=\"height: 24px;\">\n<td style=\"width: 44.9553%; height: 24px;\"><span style=\"font-family: helvetica, arial, sans-serif; color: #000000; font-size: 12pt;\">Tens\u00e3o: AC110V 60HZ\/AC220V 50HZ<\/span><\/td>\n<td style=\"width: 55.0447%; height: 24px;\"><span style=\"font-family: helvetica, arial, sans-serif; color: #000000; font-size: 12pt;\">Tamanho da m\u00e1quina:1000mm*480mm*5200mm<\/span><\/td>\n<\/tr>\n<tr style=\"height: 14px;\">\n<td style=\"width: 44.9553%; height: 14px;\"><span style=\"font-family: helvetica, arial, sans-serif; color: #000000; font-size: 12pt;\">Paquete: Caixa de alum\u00ednio<\/span><\/td>\n<td style=\"width: 55.0447%; height: 14px;\"><span style=\"font-family: helvetica, arial, sans-serif; color: #000000; font-size: 12pt;\">Garantia de servi\u00e7o: 2 anos de garantia<\/span><\/td>\n<\/tr>\n<\/tbody>\n<\/table>\n<div><\/div>\n<div><\/div>\n<div><span style=\"font-family: helvetica, arial, sans-serif; color: #000000; font-size: 12pt;\"><img fetchpriority=\"high\" decoding=\"async\" class=\"aligncenter wp-image-3007\" src=\"https:\/\/mlkjlasers.com\/wp-content\/uploads\/2024\/04\/1920X1080-\u6d77\u62a5.jpg\" alt=\"\" width=\"1920\" height=\"1080\" srcset=\"https:\/\/www.mlkjlasers.com\/wp-content\/uploads\/2024\/04\/1920X1080-\u6d77\u62a5.jpg 1920w, https:\/\/www.mlkjlasers.com\/wp-content\/uploads\/2024\/04\/1920X1080-\u6d77\u62a5-300x169.jpg 300w, https:\/\/www.mlkjlasers.com\/wp-content\/uploads\/2024\/04\/1920X1080-\u6d77\u62a5-1024x576.jpg 1024w, https:\/\/www.mlkjlasers.com\/wp-content\/uploads\/2024\/04\/1920X1080-\u6d77\u62a5-768x432.jpg 768w, https:\/\/www.mlkjlasers.com\/wp-content\/uploads\/2024\/04\/1920X1080-\u6d77\u62a5-1536x864.jpg 1536w, https:\/\/www.mlkjlasers.com\/wp-content\/uploads\/2024\/04\/1920X1080-\u6d77\u62a5-600x338.jpg 600w\" sizes=\"(max-width: 1920px) 100vw, 1920px\" \/><\/span><\/div>\n<div><\/div>\n<div><\/div>\n<div><\/div>\n<div><span style=\"color: #000000; font-family: helvetica, arial, sans-serif; font-size: 12pt;\">Estamos orgulhosos de apresentar a maneira de laser de di\u00f3dio de ponta, uma solu\u00e7\u00e3o n\u00e3o comparada para a remo\u00e7\u00e3o de cabelos sem dor e permanente. atrav\u00e9s de um design cient\u00edfico meticuloso, nosso raio laser de alta energia penetra sem esfor\u00e7o a pele, direcionando precisamente o f\u00f3lico do cabelo durante o tratamento. Ao aproveitar o poder da absor\u00e7\u00e3o da melanina, a sa\u00edda do laser elimina efetivamente o f\u00f3lico do cabelo, garantindo resultados longos que vos deixar\u00e3o surpreendidos.<\/span><\/div>\n<div><\/div>\n<div><span style=\"color: #000000; font-family: helvetica, arial, sans-serif; font-size: 12pt;\"><img decoding=\"async\" class=\"aligncenter wp-image-1831\" src=\"https:\/\/mlkjlasers.com\/wp-content\/uploads\/2023\/07\/V19-\u767d\u8272\u4e3b\u56fe3.jpg\" alt=\"\" width=\"1920\" height=\"1920\" srcset=\"https:\/\/www.mlkjlasers.com\/wp-content\/uploads\/2023\/07\/V19-\u767d\u8272\u4e3b\u56fe3.jpg 750w, https:\/\/www.mlkjlasers.com\/wp-content\/uploads\/2023\/07\/V19-\u767d\u8272\u4e3b\u56fe3-300x300.jpg 300w, https:\/\/www.mlkjlasers.com\/wp-content\/uploads\/2023\/07\/V19-\u767d\u8272\u4e3b\u56fe3-150x150.jpg 150w, https:\/\/www.mlkjlasers.com\/wp-content\/uploads\/2023\/07\/V19-\u767d\u8272\u4e3b\u56fe3-600x600.jpg 600w, https:\/\/www.mlkjlasers.com\/wp-content\/uploads\/2023\/07\/V19-\u767d\u8272\u4e3b\u56fe3-100x100.jpg 100w\" sizes=\"(max-width: 1920px) 100vw, 1920px\" \/><\/span><\/div>\n<div><\/div>\n<p><span style=\"font-family: helvetica, arial, sans-serif;\">Uma das caracter\u00edsticas chave que separa nossa tecnologia \u00e9 o uso de um pulso laser mais curto do que o corpo humano. \u00e9 sentir tempo. Isso significa que o tratamento \u00e9 r\u00e1pido, e com cada tiro de luz terminando em um instante, voc\u00ea&#8217; mal notar\u00e1 nenhum desconforto. Sim, voc\u00ea l\u00ea isso certo \u2013 a remo\u00e7\u00e3o do cabelo sem dor \u00e9 agora uma realidade, revolucionando a forma como abordamos tratamentos cosm\u00e9ticos e melhorando o conforto de nossos clientes.<\/span><\/p>\n<p><span style=\"font-family: helvetica, arial, sans-serif;\">O manejo de laser diode \u00e9 projetado com versatilidade na mente. Ela pode efetivamente remover cabelo de diferentes cores, espessuras e sombras, tornando-o a solu\u00e7\u00e3o perfeita para uma ampla gama de tipos de pele e necessidades de remo\u00e7\u00e3o de cabelo. Embrando a inova\u00e7\u00e3o no seu n\u00facleo, nossa cabe\u00e7a laser \u00fanica tem uma superf\u00edcie maior, possibilitando 40% mais r\u00e1pida remo\u00e7\u00e3o de cabelo em compara\u00e7\u00e3o com outras tecnologias no mercado.<\/span><\/p>\n<p><span style=\"font-family: helvetica, arial, sans-serif;\">\u00a0<\/span><\/p>\n<p><span style=\"font-family: helvetica, arial, sans-serif;\"><img decoding=\"async\" class=\"aligncenter wp-image-1847\" src=\"https:\/\/mlkjlasers.com\/wp-content\/uploads\/2023\/07\/V26-\u6d77\u62a51200_02.jpg\" alt=\"\" width=\"1920\" height=\"973\" srcset=\"https:\/\/www.mlkjlasers.com\/wp-content\/uploads\/2023\/07\/V26-\u6d77\u62a51200_02.jpg 1200w, https:\/\/www.mlkjlasers.com\/wp-content\/uploads\/2023\/07\/V26-\u6d77\u62a51200_02-300x152.jpg 300w, https:\/\/www.mlkjlasers.com\/wp-content\/uploads\/2023\/07\/V26-\u6d77\u62a51200_02-1024x519.jpg 1024w, https:\/\/www.mlkjlasers.com\/wp-content\/uploads\/2023\/07\/V26-\u6d77\u62a51200_02-768x389.jpg 768w, https:\/\/www.mlkjlasers.com\/wp-content\/uploads\/2023\/07\/V26-\u6d77\u62a51200_02-600x304.jpg 600w\" sizes=\"(max-width: 1920px) 100vw, 1920px\" \/><\/span><\/p>\n<p>&nbsp;<\/p>\n<p><span style=\"font-family: helvetica, arial, sans-serif;\">O tamanho do ponto \u00e9 de 12*20mm 12*35mm, perfeito para a remo\u00e7\u00e3o de cabelo em todas as partes do corpo, com um plano de tratamento de 3-5 sess\u00f5es, tornando o processo essencialmente permanente<\/span><\/p>\n<p>&nbsp;<\/p>\n<p><span style=\"font-family: helvetica, arial, sans-serif; font-size: 14pt;\"><strong>Tecnologia de refrigera\u00e7\u00e3o<\/strong><\/span><br \/>\n<span style=\"font-family: helvetica, arial, sans-serif;\">Essas m\u00e1quinas usam tecnologia avan\u00e7ada de refrigera\u00e7\u00e3o e operam a uma temperatura baixa de -31\u00b0C, dando aos pacientes conforto sem compara\u00e7\u00e3o durante a remo\u00e7\u00e3o de cabelos. Uma vez que o dispositivo est\u00e1 ligado, ele fornece refrigera\u00e7\u00e3o instant \u00e2nea, assegurando uma experi\u00eancia sem dor. Al\u00e9m disso, o refrigera\u00e7\u00e3o cont\u00ednuo ao longo do tratamento minimiza quaisquer riscos potenciais da pele enquanto mant\u00e9m efetivamente o calor. Os pacientes podem agora desfrutar de um procedimento completamente sem dor, frio e confort\u00e1vel que estabelece um novo padr\u00e3o para tratamento de remo\u00e7\u00e3o de cabelos.<\/span><\/p>\n<p>&nbsp;<\/p>\n<p><span style=\"font-family: helvetica, arial, sans-serif;\"><img loading=\"lazy\" decoding=\"async\" class=\"aligncenter wp-image-1823\" src=\"https:\/\/mlkjlasers.com\/wp-content\/uploads\/2023\/07\/\u767d\u8272V19_06.jpg\" alt=\"\" width=\"1920\" height=\"1024\" srcset=\"https:\/\/www.mlkjlasers.com\/wp-content\/uploads\/2023\/07\/\u767d\u8272V19_06.jpg 1200w, https:\/\/www.mlkjlasers.com\/wp-content\/uploads\/2023\/07\/\u767d\u8272V19_06-300x160.jpg 300w, https:\/\/www.mlkjlasers.com\/wp-content\/uploads\/2023\/07\/\u767d\u8272V19_06-1024x546.jpg 1024w, https:\/\/www.mlkjlasers.com\/wp-content\/uploads\/2023\/07\/\u767d\u8272V19_06-768x410.jpg 768w, https:\/\/www.mlkjlasers.com\/wp-content\/uploads\/2023\/07\/\u767d\u8272V19_06-600x320.jpg 600w\" sizes=\"(max-width: 1920px) 100vw, 1920px\" \/><\/span><\/p>\n<p>&nbsp;<\/p>\n<p><span style=\"font-family: helvetica, arial, sans-serif; font-size: 14pt;\"><strong>Op\u00e7\u00f5es de tratamento intensivo<\/strong><\/span><\/p>\n<p><span style=\"font-family: helvetica, arial, sans-serif;\">Al\u00e9m de fornecer uma solu\u00e7\u00e3o abrangente para a remo\u00e7\u00e3o de cabelo para todas as partes do corpo, essas m\u00e1quinas inovadoras tamb\u00e9m podem ser pareadas com cabe\u00e7as de tratamento de cabelo no nariz. <\/span><\/p>\n<p><span style=\"font-family: helvetica, arial, sans-serif;\">Essa caracter\u00edstica permite aos profissionais trabalhar com as \u00e1reas mais pequenas, como dedos, ouvidos e cabelo do nariz, ampliando assim o \u00e2mbito de seus servi\u00e7os.<\/span><\/p>\n<p>&nbsp;<\/p>\n<p><span style=\"font-family: helvetica, arial, sans-serif;\"> <img loading=\"lazy\" decoding=\"async\" class=\"aligncenter wp-image-1820\" src=\"https:\/\/mlkjlasers.com\/wp-content\/uploads\/2023\/07\/\u767d\u8272V19_09.jpg\" alt=\"\" width=\"1920\" height=\"1176\" srcset=\"https:\/\/www.mlkjlasers.com\/wp-content\/uploads\/2023\/07\/\u767d\u8272V19_09.jpg 1200w, https:\/\/www.mlkjlasers.com\/wp-content\/uploads\/2023\/07\/\u767d\u8272V19_09-300x184.jpg 300w, https:\/\/www.mlkjlasers.com\/wp-content\/uploads\/2023\/07\/\u767d\u8272V19_09-1024x627.jpg 1024w, https:\/\/www.mlkjlasers.com\/wp-content\/uploads\/2023\/07\/\u767d\u8272V19_09-768x470.jpg 768w, https:\/\/www.mlkjlasers.com\/wp-content\/uploads\/2023\/07\/\u767d\u8272V19_09-600x368.jpg 600w\" sizes=\"(max-width: 1920px) 100vw, 1920px\" \/><\/span><\/p>\n<p><img loading=\"lazy\" decoding=\"async\" class=\"aligncenter wp-image-3008\" src=\"https:\/\/mlkjlasers.com\/wp-content\/uploads\/2024\/04\/\u624b\u67c4\u53ca\u6548\u679c-2.jpg\" alt=\"\" width=\"1920\" height=\"1920\" srcset=\"https:\/\/www.mlkjlasers.com\/wp-content\/uploads\/2024\/04\/\u624b\u67c4\u53ca\u6548\u679c-2.jpg 750w, https:\/\/www.mlkjlasers.com\/wp-content\/uploads\/2024\/04\/\u624b\u67c4\u53ca\u6548\u679c-2-300x300.jpg 300w, https:\/\/www.mlkjlasers.com\/wp-content\/uploads\/2024\/04\/\u624b\u67c4\u53ca\u6548\u679c-2-150x150.jpg 150w, https:\/\/www.mlkjlasers.com\/wp-content\/uploads\/2024\/04\/\u624b\u67c4\u53ca\u6548\u679c-2-600x600.jpg 600w, https:\/\/www.mlkjlasers.com\/wp-content\/uploads\/2024\/04\/\u624b\u67c4\u53ca\u6548\u679c-2-100x100.jpg 100w\" sizes=\"(max-width: 1920px) 100vw, 1920px\" \/><\/p>\n<p>&nbsp;<\/p>\n<p><span style=\"font-family: helvetica, arial, sans-serif; font-size: 14pt;\"><strong>Al\u00e9m de suas caracter\u00edsticas avan\u00e7adas, nosso manejo de laser de di\u00f3dio tem uma tela de 14 polegadas que oferece uma experi\u00eancia de toque inteligente.<\/strong> <\/span><\/p>\n<p><span style=\"font-family: helvetica, arial, sans-serif;\">\u00c9 altamente personalizada, com seis estilos diferentes de pele para escolher, atendendo \u00e0s diversas prefer\u00eancias de nossos usu\u00e1rios. <\/span><\/p>\n<p><span style=\"font-family: helvetica, arial, sans-serif;\">Operar o dispositivo \u00e9 uma brisa, e fornecemos habilidades de opera\u00e7\u00e3o e servi\u00e7os de ensino abrangentes para assegurar que voc\u00ea tira o m\u00e1ximo desta tecnologia not\u00e1vel.<\/span><\/p>\n<p><span style=\"font-family: helvetica, arial, sans-serif;\"> <img loading=\"lazy\" decoding=\"async\" class=\"aligncenter wp-image-1824\" src=\"https:\/\/mlkjlasers.com\/wp-content\/uploads\/2023\/07\/\u767d\u8272V19_05.jpg\" alt=\"\" width=\"1920\" height=\"955\" srcset=\"https:\/\/www.mlkjlasers.com\/wp-content\/uploads\/2023\/07\/\u767d\u8272V19_05.jpg 1200w, https:\/\/www.mlkjlasers.com\/wp-content\/uploads\/2023\/07\/\u767d\u8272V19_05-300x149.jpg 300w, https:\/\/www.mlkjlasers.com\/wp-content\/uploads\/2023\/07\/\u767d\u8272V19_05-1024x509.jpg 1024w, https:\/\/www.mlkjlasers.com\/wp-content\/uploads\/2023\/07\/\u767d\u8272V19_05-768x382.jpg 768w, https:\/\/www.mlkjlasers.com\/wp-content\/uploads\/2023\/07\/\u767d\u8272V19_05-600x299.jpg 600w\" sizes=\"(max-width: 1920px) 100vw, 1920px\" \/><\/span><\/p>\n<p>&nbsp;<\/p>\n<div class=\"des_detail\">\n<p><strong><span style=\"font-family: helvetica, arial, sans-serif;\">MLKJ \u00e9 uma empresa de 16 anos integrando design, desenvolvimento, produ\u00e7\u00e3o e vendas de instrumentos de beleza. <\/span><\/strong><\/p>\n<p><strong><span style=\"font-family: helvetica, arial, sans-serif;\">Temos certifica\u00e7\u00f5es profissionais da FDA e CE.<\/span><\/strong><\/p>\n<p><strong><span style=\"font-family: helvetica, arial, sans-serif;\">Fabrica real, processo de produ\u00e7\u00e3o real, avalia\u00e7\u00e3o real! <\/span><\/strong><\/p>\n<p><strong><span style=\"font-family: helvetica, arial, sans-serif;\">Bem-vindos \u00e0 nossa empresa ou visita de v\u00eddeo! <\/span><\/strong><\/p>\n<p><strong><span style=\"font-family: helvetica, arial, sans-serif;\">S\u00f3 quando voc\u00ea escolhe um verdadeiro parceiro pode garantir a qualidade do produto!<\/span><\/strong><\/p>\n<p><span style=\"font-size: 18pt; font-family: helvetica, arial, sans-serif; color: #0000ff;\"><a style=\"color: #0000ff;\" href=\"https:\/\/www.mlkjlasers.com\/pt\/contact-us\/\" target=\"_blank\" rel=\"noopener\">Contacte-nos agora!<\/a><\/span><\/p>\n<p>&nbsp;<\/p>\n<\/div>","protected":false},"excerpt":{"rendered":"<p><span style=\"font-family: helvetica, arial, sans-serif;\">laser de di\u00f3dio de 3 ondas 808nm 755nm \u00b0 1064nm, todo tipo de pele pode ser usado<\/span><\/p>\n<p><span style=\"font-family: helvetica, arial, sans-serif;\">Sistema \u00fanico de refrigera\u00e7\u00e3o dual-TEC, mais eficaz para assegurar o funcionamento da m\u00e1quina, 24 horas sem tempo de descanso<\/span><\/p>\n<p><span style=\"font-family: helvetica, arial, sans-serif;\">Barras de laser de ouro de alem\u00e3es ou EUA importadas<\/span><\/p>\n<p><span style=\"font-family: helvetica, arial, sans-serif;\">40 mil milh\u00f5es de anos de vida mais longo Tratamento para remo\u00e7\u00e3o r\u00e1pida e sem dor de cabelos<\/span><\/p>\n<p><span style=\"font-family: helvetica, arial, sans-serif;\">Retira\u00e7\u00e3o permanente do cabelo ap\u00f3s 3-5 tratamentos<\/span><\/p>","protected":false},"featured_media":3011,"comment_status":"open","ping_status":"closed","template":"","meta":[],"product_cat":[15],"product_tag":[],"class_list":["post-3006","product","type-product","status-publish","has-post-thumbnail","hentry","product_cat-diode-laser-hair-removal-machine"],"_links":{"self":[{"href":"https:\/\/www.mlkjlasers.com\/pt\/wp-json\/wp\/v2\/product\/3006","targetHints":{"allow":["GET"]}}],"collection":[{"href":"https:\/\/www.mlkjlasers.com\/pt\/wp-json\/wp\/v2\/product"}],"about":[{"href":"https:\/\/www.mlkjlasers.com\/pt\/wp-json\/wp\/v2\/types\/product"}],"replies":[{"embeddable":true,"href":"https:\/\/www.mlkjlasers.com\/pt\/wp-json\/wp\/v2\/comments?post=3006"}],"wp:featuredmedia":[{"embeddable":true,"href":"https:\/\/www.mlkjlasers.com\/pt\/wp-json\/wp\/v2\/media\/3011"}],"wp:attachment":[{"href":"https:\/\/www.mlkjlasers.com\/pt\/wp-json\/wp\/v2\/media?parent=3006"}],"wp:term":[{"taxonomy":"product_cat","embeddable":true,"href":"https:\/\/www.mlkjlasers.com\/pt\/wp-json\/wp\/v2\/product_cat?post=3006"},{"taxonomy":"product_tag","embeddable":true,"href":"https:\/\/www.mlkjlasers.com\/pt\/wp-json\/wp\/v2\/product_tag?post=3006"}],"curies":[{"name":"wp","href":"https:\/\/api.w.org\/{rel}","templated":true}]}}