{"id":3323,"date":"2026-01-06T10:13:24","date_gmt":"2026-01-06T02:13:24","guid":{"rendered":"https:\/\/www.mlkjlasers.com\/?post_type=product&#038;p=3323"},"modified":"2026-02-24T09:45:38","modified_gmt":"2026-02-24T01:45:38","slug":"2026-professional-three-wavelengths-755-808-1064-diode-laser-hair-removal-machine","status":"publish","type":"product","link":"https:\/\/www.mlkjlasers.com\/pt\/product\/2026-professional-three-wavelengths-755-808-1064-diode-laser-hair-removal-machine\/","title":{"rendered":"2026 Professional three wavelengths 755 808 1064 diode laser hair removal machine"},"content":{"rendered":"<p><img fetchpriority=\"high\" decoding=\"async\" class=\"aligncenter size-full wp-image-3319\" src=\"https:\/\/www.mlkjlasers.com\/wp-content\/uploads\/2026\/01\/laser-equipment-1-1.jpg\" alt=\"\" width=\"1920\" height=\"1080\" srcset=\"https:\/\/www.mlkjlasers.com\/wp-content\/uploads\/2026\/01\/laser-equipment-1-1.jpg 1920w, https:\/\/www.mlkjlasers.com\/wp-content\/uploads\/2026\/01\/laser-equipment-1-1-300x169.jpg 300w, https:\/\/www.mlkjlasers.com\/wp-content\/uploads\/2026\/01\/laser-equipment-1-1-1024x576.jpg 1024w, https:\/\/www.mlkjlasers.com\/wp-content\/uploads\/2026\/01\/laser-equipment-1-1-768x432.jpg 768w, https:\/\/www.mlkjlasers.com\/wp-content\/uploads\/2026\/01\/laser-equipment-1-1-1536x864.jpg 1536w, https:\/\/www.mlkjlasers.com\/wp-content\/uploads\/2026\/01\/laser-equipment-1-1-600x338.jpg 600w\" sizes=\"(max-width: 1920px) 100vw, 1920px\" \/><\/p>\n<div><span style=\"font-size: 18pt; font-weight: bold;\">Avantagens do que outros lasers<\/span><\/div>\n<div><span style=\"font-size: 14pt;\">1) <span style=\"font-weight: bold; color: #993366;\">Laser de di\u00f3dio de 808nm <\/span>permite que a luz penetre mais profundamente na pele e \u00e9 <span style=\"color: #993366; font-weight: bold;\">mais seguro <\/span>do que outros lasers porque pode evitar o pigmento da melanina na pele&#8217; \u00e9 epidermis. <\/span><\/div>\n<div class=\"br-block\"><span style=\"font-size: 14pt;\">2) frequ\u00eancia r\u00e1pida de 1-10Hz combinada com um tamanho de pontos de 12x20 mm para resultados mais r\u00e1pidos, simples e efetivos, <span style=\"font-weight: bold; color: #993366;\">r\u00e1pido removimento de cabelo <\/span>para tratamento de grande \u00e1rea.<\/span><\/div>\n<div class=\"br-block\"><span style=\"font-size: 14pt;\">3) A m\u00e1quina de 2000 W pode funcionar\u00a0<span style=\"color: #993366; font-weight: bold;\">continuamente por 24 horas<\/span> sem interrup\u00e7\u00e3o, assegurando uma opera\u00e7\u00e3o est\u00e1vel em cl\u00ednicas ocupadas e sal\u00f5es para garantir uma efici\u00eancia \u00f3ptima do tratamento.<\/span><\/div>\n<div class=\"br-block\"><span style=\"font-size: 14pt;\">4) Podemos us\u00e1-la para\u00a0<span style=\"font-weight: bold; color: #993366;\">remo\u00e7\u00e3o permanente do cabelo<\/span> de todos os cabelos de cores em todos os 6 tipos de pele, incluindo pele tancada. <\/span><\/div>\n<div class=\"br-block\"><span style=\"font-size: 14pt;\">5) Sistema de base de dados amig\u00e1vel ao usu\u00e1rio, capaz de conduzir tratamentos em modos masculinos e femininos, incluindo v\u00e1rias partes corporais, assegurando\u00a0<span style=\"font-weight: bold; color: #993366;\">seguro<\/span> par\u00e2metros para rec\u00e9m-chegados.<\/span><\/div>\n<div><img decoding=\"async\" class=\"aligncenter size-full wp-image-3316\" src=\"https:\/\/www.mlkjlasers.com\/wp-content\/uploads\/2026\/01\/laser-equipment-7-1.jpg\" alt=\"\" width=\"1920\" height=\"1080\" srcset=\"https:\/\/www.mlkjlasers.com\/wp-content\/uploads\/2026\/01\/laser-equipment-7-1.jpg 1920w, https:\/\/www.mlkjlasers.com\/wp-content\/uploads\/2026\/01\/laser-equipment-7-1-300x169.jpg 300w, https:\/\/www.mlkjlasers.com\/wp-content\/uploads\/2026\/01\/laser-equipment-7-1-1024x576.jpg 1024w, https:\/\/www.mlkjlasers.com\/wp-content\/uploads\/2026\/01\/laser-equipment-7-1-768x432.jpg 768w, https:\/\/www.mlkjlasers.com\/wp-content\/uploads\/2026\/01\/laser-equipment-7-1-1536x864.jpg 1536w, https:\/\/www.mlkjlasers.com\/wp-content\/uploads\/2026\/01\/laser-equipment-7-1-600x338.jpg 600w\" sizes=\"(max-width: 1920px) 100vw, 1920px\" \/><\/div>\n<div>\n<div class=\"br-block\"><span style=\"font-size: 16px;\"><span style=\"font-size: 18pt; font-weight: bold;\">Sistema de Enfriamento TEC<\/span><br \/>\n<span style=\"font-size: 14pt;\">1) Enfriamento de ar \u00b7 Enfriamento de \u00e1gua \u00b7 Alta pot\u00eancia Semiconductor refrigerador termostatico \u00b7 Trate o chip TEC : -15[UNK] a 5[UNK] .\u00a0<\/span><\/span><\/div>\n<div class=\"br-block\"><span style=\"font-size: 14pt;\">2) O sistema de refrigera\u00e7\u00e3o n\u00e3o s\u00f3 torna o tratamento doloroso e muito confort\u00e1vel para os clientes, mas tamb\u00e9m assegura que a m\u00e1quina funciona continuamente 24 horas por dia.<\/span><\/div>\n<div class=\"br-block\"><span style=\"font-size: 14pt;\">3) O sistema de refrigera\u00e7\u00e3o TEC mant\u00e9m a temperatura da \u00e1gua a 26\u00baC-28\u00baC constantemente.<\/span><\/div>\n<div><img decoding=\"async\" class=\"aligncenter size-full wp-image-3315\" src=\"https:\/\/www.mlkjlasers.com\/wp-content\/uploads\/2026\/01\/laser-equipment-6-1.jpg\" alt=\"\" width=\"1920\" height=\"1080\" srcset=\"https:\/\/www.mlkjlasers.com\/wp-content\/uploads\/2026\/01\/laser-equipment-6-1.jpg 1920w, https:\/\/www.mlkjlasers.com\/wp-content\/uploads\/2026\/01\/laser-equipment-6-1-300x169.jpg 300w, https:\/\/www.mlkjlasers.com\/wp-content\/uploads\/2026\/01\/laser-equipment-6-1-1024x576.jpg 1024w, https:\/\/www.mlkjlasers.com\/wp-content\/uploads\/2026\/01\/laser-equipment-6-1-768x432.jpg 768w, https:\/\/www.mlkjlasers.com\/wp-content\/uploads\/2026\/01\/laser-equipment-6-1-1536x864.jpg 1536w, https:\/\/www.mlkjlasers.com\/wp-content\/uploads\/2026\/01\/laser-equipment-6-1-600x338.jpg 600w\" sizes=\"(max-width: 1920px) 100vw, 1920px\" \/><\/div>\n<div>\n<div class=\"br-block\"><span style=\"font-size: 16px;\"><span style=\"font-size: 18pt; font-weight: bold;\">Pantalla HD de 14 polegadas<\/span><br \/>\n<span style=\"font-size: 14pt;\">1) Personalize sua experi\u00eancia: A tela permite adicionar seu pr\u00f3prio logotipo \u00fanico sem esfor\u00e7o.<\/span><br \/>\n<span style=\"font-size: 14pt;\">2) Apoio multilingue: tela dispon\u00edvel com 10 l\u00ednguas diferentes para adaptabilidade global.<\/span><br \/>\n<span style=\"font-size: 14pt;\">3) \u00c1reas de tratamento selecionais: Escolha de v\u00e1rias partes do corpo no toque de um bot\u00e3o para come\u00e7ar seu tratamento personalizado instantaneamente!<\/span><\/span><\/div>\n<div><img loading=\"lazy\" decoding=\"async\" class=\"aligncenter size-full wp-image-3313\" src=\"https:\/\/www.mlkjlasers.com\/wp-content\/uploads\/2026\/01\/laser-equipment-4-1.jpg\" alt=\"\" width=\"1920\" height=\"1080\" srcset=\"https:\/\/www.mlkjlasers.com\/wp-content\/uploads\/2026\/01\/laser-equipment-4-1.jpg 1920w, https:\/\/www.mlkjlasers.com\/wp-content\/uploads\/2026\/01\/laser-equipment-4-1-300x169.jpg 300w, https:\/\/www.mlkjlasers.com\/wp-content\/uploads\/2026\/01\/laser-equipment-4-1-1024x576.jpg 1024w, https:\/\/www.mlkjlasers.com\/wp-content\/uploads\/2026\/01\/laser-equipment-4-1-768x432.jpg 768w, https:\/\/www.mlkjlasers.com\/wp-content\/uploads\/2026\/01\/laser-equipment-4-1-1536x864.jpg 1536w, https:\/\/www.mlkjlasers.com\/wp-content\/uploads\/2026\/01\/laser-equipment-4-1-600x338.jpg 600w\" sizes=\"(max-width: 1920px) 100vw, 1920px\" \/><\/div>\n<div>\n<div><span style=\"font-size: 18pt; font-weight: bold;\">Mancha de alta pot\u00eancia<\/span><br \/>\n<span style=\"font-size: 14pt;\">1) 90% das pe\u00e7as de reposi\u00e7\u00e3o de pe\u00e7as manuais s\u00e3o origem importada da Alemanha, dos EUA e do Jap\u00e3o, asseguram desempenho est\u00e1vel da m\u00e1quina, resultados incr\u00edveis e longo tempo de trabalho.\u00a0<\/span><br \/>\n<span style=\"font-size: 14pt;\">2) Sistema de refrigera\u00e7\u00e3o perfeito&#8212; A temperatura do safiro se arrefria a 0~3\u00b0C, os clientes se sentem confort\u00e1veis e sem dor durante todo o tratamento.\u00a0<\/span><br \/>\n<span style=\"font-size: 14pt;\">3) Men\u00fa de tratamento simples e amig\u00e1vel, e sistema de prote\u00e7\u00e3o autoalarme do fluxo de \u00e1gua, n\u00edvel de \u00e1gua e temperatura da \u00e1gua no menu.<\/span><\/div>\n<\/div>\n<\/div>\n<div><\/div>\n<\/div>\n<div><img loading=\"lazy\" decoding=\"async\" class=\"aligncenter size-full wp-image-3311\" src=\"https:\/\/www.mlkjlasers.com\/wp-content\/uploads\/2026\/01\/laser-equipment-2-1.jpg\" alt=\"\" width=\"1920\" height=\"1080\" srcset=\"https:\/\/www.mlkjlasers.com\/wp-content\/uploads\/2026\/01\/laser-equipment-2-1.jpg 1920w, https:\/\/www.mlkjlasers.com\/wp-content\/uploads\/2026\/01\/laser-equipment-2-1-300x169.jpg 300w, https:\/\/www.mlkjlasers.com\/wp-content\/uploads\/2026\/01\/laser-equipment-2-1-1024x576.jpg 1024w, https:\/\/www.mlkjlasers.com\/wp-content\/uploads\/2026\/01\/laser-equipment-2-1-768x432.jpg 768w, https:\/\/www.mlkjlasers.com\/wp-content\/uploads\/2026\/01\/laser-equipment-2-1-1536x864.jpg 1536w, https:\/\/www.mlkjlasers.com\/wp-content\/uploads\/2026\/01\/laser-equipment-2-1-600x338.jpg 600w\" sizes=\"(max-width: 1920px) 100vw, 1920px\" \/><\/div>\n<div><\/div>\n<div>\n<div><span style=\"font-size: 18pt;\"><strong>Manter Detalles<\/strong><\/span><\/div>\n<div><span style=\"font-size: 14pt;\"><span style=\"font-weight: bold;\">Alex 755nm<\/span>: Para os cabelos louros e finos, enfrentando esses tipos desafiadores com facilidade e fineza. Especificamente projetado para abordar os desafios \u00fanicos do cabelo louro e fino, nosso laser de 755 nm assegura resultados not\u00e1veis.<\/span><\/div>\n<div class=\"br-block\"><\/div>\n<div class=\"br-block\"><span style=\"font-size: 14pt;\"><span style=\"font-weight: bold;\">Velocidade r\u00e1pida 808nm<\/span>:O comprimento de onda padr\u00e3o de ouro, perfeitamente adequado para remover cabelos de todos os tipos e texturas, atendendo \u00e0s diversas necessidades de remo\u00e7\u00e3o de cabelos.<\/span><\/div>\n<div class=\"br-block\"><span style=\"font-size: 14pt;\"><span style=\"font-weight: bold;\">Pulso longo 1064 nm<\/span>: Com foco na penetra\u00e7\u00e3o mais profunda, esse comprimento de onda \u00e9 projetado para pele escura e tancada, fornecendo tratamentos seguros e eficazes para uma gama mais ampla de tons da pele. Pele escura e tancada.<\/span><\/div>\n<\/div>\n<div><img loading=\"lazy\" decoding=\"async\" class=\"aligncenter size-full wp-image-3317\" src=\"https:\/\/www.mlkjlasers.com\/wp-content\/uploads\/2026\/01\/laser-equipment-8-1.jpg\" alt=\"\" width=\"1920\" height=\"1080\" srcset=\"https:\/\/www.mlkjlasers.com\/wp-content\/uploads\/2026\/01\/laser-equipment-8-1.jpg 1920w, https:\/\/www.mlkjlasers.com\/wp-content\/uploads\/2026\/01\/laser-equipment-8-1-300x169.jpg 300w, https:\/\/www.mlkjlasers.com\/wp-content\/uploads\/2026\/01\/laser-equipment-8-1-1024x576.jpg 1024w, https:\/\/www.mlkjlasers.com\/wp-content\/uploads\/2026\/01\/laser-equipment-8-1-768x432.jpg 768w, https:\/\/www.mlkjlasers.com\/wp-content\/uploads\/2026\/01\/laser-equipment-8-1-1536x864.jpg 1536w, https:\/\/www.mlkjlasers.com\/wp-content\/uploads\/2026\/01\/laser-equipment-8-1-600x338.jpg 600w\" sizes=\"(max-width: 1920px) 100vw, 1920px\" \/><\/div>\n<div>\n<div><span style=\"font-weight: bold; font-size: 18pt;\">Grande Avantagem<\/span><\/div>\n<div><span style=\"font-size: 14pt;\">&gt; &gt; Reconhecimento inteligente das cores da pele &#8211; A cor da pele corresponde automaticamente \u00e0 energia, reduzindo o risco de queimaduras.<\/span><br \/>\n<span style=\"font-size: 14pt;\">&gt; &gt; 10 milh\u00f5es de vidas de laser calculado com base no tratamento corporal completo, pode servir 300 clientes.<\/span><br \/>\n<span style=\"font-size: 14pt;\">&gt; &gt; A tela de toque de alta defini\u00e7\u00e3o, suportando um clic de troca de interfaces lingu\u00edsticas em v\u00e1rios pa\u00edses.<\/span><br \/>\n<span style=\"font-size: 14pt;\">&gt; &gt; Design de manejo ligeiro, agarrar por 30 minutos sem ferida.<\/span><br \/>\n<span style=\"font-size: 14pt;\">&gt; &gt; Toda a m\u00e1quina passou pela FDA, CE, ISO e outras certifica\u00e7\u00f5es, e \u00e9 exportada para 72 pa\u00edses sem barreiras.<\/span><\/div>\n<div class=\"br-block\"><span style=\"font-size: 14pt;\">&gt; &gt; 1000W 1200w possibilita a remo\u00e7\u00e3o completa do cabelo em todo o corpo.<br \/>\n&gt; &gt; 755nm\/808nm\/1064nm exaustos comprimentos de onda triplos.<br \/>\n&gt; &gt; A longevidade impressionante, com uma vida superior a 40 milh\u00f5es de tiros.<br \/>\n&gt; &gt; - Pompa de \u00e1gua da It\u00e1lia, assegurando uma opera\u00e7\u00e3o cont\u00ednua por 24 horas sem interrup\u00e7\u00e3o.<\/span><\/div>\n<div><img loading=\"lazy\" decoding=\"async\" class=\"aligncenter size-full wp-image-3312\" src=\"https:\/\/www.mlkjlasers.com\/wp-content\/uploads\/2026\/01\/laser-equipment-3-1.jpg\" alt=\"\" width=\"1920\" height=\"1080\" srcset=\"https:\/\/www.mlkjlasers.com\/wp-content\/uploads\/2026\/01\/laser-equipment-3-1.jpg 1920w, https:\/\/www.mlkjlasers.com\/wp-content\/uploads\/2026\/01\/laser-equipment-3-1-300x169.jpg 300w, https:\/\/www.mlkjlasers.com\/wp-content\/uploads\/2026\/01\/laser-equipment-3-1-1024x576.jpg 1024w, https:\/\/www.mlkjlasers.com\/wp-content\/uploads\/2026\/01\/laser-equipment-3-1-768x432.jpg 768w, https:\/\/www.mlkjlasers.com\/wp-content\/uploads\/2026\/01\/laser-equipment-3-1-1536x864.jpg 1536w, https:\/\/www.mlkjlasers.com\/wp-content\/uploads\/2026\/01\/laser-equipment-3-1-600x338.jpg 600w\" sizes=\"(max-width: 1920px) 100vw, 1920px\" \/><\/div>\n<\/div>\n<p><span style=\"font-size: 18pt; font-weight: bold;\">755 808 1064nm m\u00e1quina de remo\u00e7\u00e3o de cabelo laser de di\u00f3dio \u00e9 principalmente para remo\u00e7\u00e3o profissional de cabelo<\/span><\/p>\n<p><span style=\"font-size: 14pt;\">-O 755 nm principalmente para o cabelo ligeiro na pele branca,<\/span><br \/>\n<span style=\"font-size: 14pt;\">- Os 808nm t\u00eam um bom resultado para todo tipo de pele e cor de cabelo.<\/span><br \/>\n<span style=\"font-size: 14pt;\">- O 1064 nm faz um bom trabalho para a remo\u00e7\u00e3o de cabelo de pele negra.<\/span><\/p>\n<h3 class=\"contents\"><span style=\"font-size: 18pt; font-family: georgia, palatino, serif;\">Antes e Depois<\/span><span style=\"font-size: 16px;\"> <img loading=\"lazy\" decoding=\"async\" class=\"aligncenter size-full wp-image-3106\" src=\"https:\/\/www.mlkjlasers.com\/wp-content\/uploads\/2024\/06\/8.jpg\" alt=\"\" width=\"1920\" height=\"1080\" srcset=\"https:\/\/www.mlkjlasers.com\/wp-content\/uploads\/2024\/06\/8.jpg 1920w, https:\/\/www.mlkjlasers.com\/wp-content\/uploads\/2024\/06\/8-300x169.jpg 300w, https:\/\/www.mlkjlasers.com\/wp-content\/uploads\/2024\/06\/8-1024x576.jpg 1024w, https:\/\/www.mlkjlasers.com\/wp-content\/uploads\/2024\/06\/8-768x432.jpg 768w, https:\/\/www.mlkjlasers.com\/wp-content\/uploads\/2024\/06\/8-1536x864.jpg 1536w, https:\/\/www.mlkjlasers.com\/wp-content\/uploads\/2024\/06\/8-600x338.jpg 600w\" sizes=\"(max-width: 1920px) 100vw, 1920px\" \/><\/span><\/h3>\n<p><span style=\"font-size: 14pt;\">\u00c9 adequado para todos os tipos de pele e cabelo. Como remover permanentemente o cabelo dos l\u00e1bios, o cabelo de barba, o cabelo do peito, o cabelo do armpit, os membros e o cabelo n\u00e3o desejado em qualquer parte do corpo.<\/span><\/p>\n<p><img loading=\"lazy\" decoding=\"async\" class=\"aligncenter wp-image-3107\" src=\"https:\/\/www.mlkjlasers.com\/wp-content\/uploads\/2024\/06\/9.jpg\" alt=\"\" width=\"1518\" height=\"854\" srcset=\"https:\/\/www.mlkjlasers.com\/wp-content\/uploads\/2024\/06\/9.jpg 1200w, https:\/\/www.mlkjlasers.com\/wp-content\/uploads\/2024\/06\/9-300x169.jpg 300w, https:\/\/www.mlkjlasers.com\/wp-content\/uploads\/2024\/06\/9-1024x576.jpg 1024w, https:\/\/www.mlkjlasers.com\/wp-content\/uploads\/2024\/06\/9-768x432.jpg 768w, https:\/\/www.mlkjlasers.com\/wp-content\/uploads\/2024\/06\/9-600x338.jpg 600w\" sizes=\"(max-width: 1518px) 100vw, 1518px\" \/><\/p>\n<p><span style=\"font-size: 14pt; font-family: helvetica, arial, sans-serif;\"><strong><a href=\"https:\/\/www.mlkjlasers.com\/pt\/contact-us\/\" target=\"_blank\" rel=\"noopener\">Contacte-nos hoje! <\/a><\/strong><\/span><\/p>\n<p><span style=\"font-size: 14pt; font-family: helvetica, arial, sans-serif;\"><strong><a href=\"https:\/\/www.mlkjlasers.com\/pt\/contact-us\/\" target=\"_blank\" rel=\"noopener\">[Phone Number]\uff1a+8618054417523<\/a><\/strong><\/span><\/p>\n<p>[Email\u00a0Address]:sale@mingliangkj.com<\/p>","protected":false},"excerpt":{"rendered":"<p>*755nm 808nm 1064nm tecnologia de di\u00f3dio laser, adequada para todos os tipos de pele.<\/p>\n<p>* De fato promove acumula\u00e7\u00e3o de calor em f\u00f3licos de cabelo,c<span data-slate-fragment=\"JTVCJTdCJTIydHlwZSUyMiUzQSUyMnBhcmFncmFwaCUyMiUyQyUyMmNoaWxkcmVuJTIyJTNBJTVCJTdCJTIyaWQlMjIlM0ElMjJ6bExab0xiMG16JTIyJTJDJTIycGFyYUlkeCUyMiUzQTAlMkMlMjJzcmMlMjIlM0ElMjJzZWFtbGVzcyUyMGFuZCUyMGVmZmVjdGl2ZSUyMHJlc3VsdHMlMkMlQzIlQTBmYXN0JTIwaGFpciUyMHJlbW92YWwlMjBmb3IlMjBiaWclMjBhcmVhJTIwdHJlYXRtZW50LiUyMiUyQyUyMmRzdCUyMiUzQSUyMiVFNiU5NyVBMCVFNyVCQyU5RCVFNiU5QyU4OSVFNiU5NSU4OCVFNyU5QSU4NCVFNiU5NSU4OCVFNiU5RSU5QyVFRiVCQyU4QyVFNSVCRiVBQiVFOSU4MCU5RiVFOCU4NCVCMSVFNiVBRiU5QiVFRiVCQyU4QyVFOSU4MCU4MiVFNyU5NCVBOCVFNCVCQSU4RSVFNSVBNCVBNyVFOSU5RCVBMiVFNyVBNyVBRiVFNiVCMiVCQiVFNyU5NiU5NyVFMyU4MCU4MiUyMiUyQyUyMm1ldGFkYXRhJTIyJTNBJTIyJTIyJTJDJTIybWF0Y2hlcyUyMiUzQW51bGwlMkMlMjJ0cmFuc2xhdGVkQnklMjIlM0FudWxsJTJDJTIybWV0YURhdGElMjIlM0ElNUIlNUQlMkMlMjJ0ZXh0JTIyJTNBJTIyc2VhbWxlc3MlMjBhbmQlMjBlZmZlY3RpdmUlMjByZXN1bHRzJTJDJUMyJUEwZmFzdCUyMGhhaXIlMjByZW1vdmFsJTIwZm9yJTIwYmlnJTIwYXJlYSUyMHRyZWF0bWVudC4lMjIlN0QlNUQlN0QlNUQ=\">uma r\u00e1pida remo\u00e7\u00e3o do cabelo.<\/span><\/p>\n<p>*808nm de di\u00f3dio laser \u00e9 mais seguro, com refrigera\u00e7\u00e3o eficiente, ponto de congelamento sem dor, e remo\u00e7\u00e3o permanente de cabelo sem dor.<\/p>\n<p>*Sistema de refrigera\u00e7\u00e3o de tr\u00eas em um: refrigera\u00e7\u00e3o de ar, refrigera\u00e7\u00e3o de \u00e1gua, compressor de refrigera\u00e7\u00e3o de tr\u00eas em um. 24 horas de capacidade de trabalho.<\/p>","protected":false},"featured_media":3302,"comment_status":"open","ping_status":"closed","template":"","meta":[],"product_cat":[15],"product_tag":[],"class_list":["post-3323","product","type-product","status-publish","has-post-thumbnail","hentry","product_cat-diode-laser-hair-removal-machine"],"_links":{"self":[{"href":"https:\/\/www.mlkjlasers.com\/pt\/wp-json\/wp\/v2\/product\/3323","targetHints":{"allow":["GET"]}}],"collection":[{"href":"https:\/\/www.mlkjlasers.com\/pt\/wp-json\/wp\/v2\/product"}],"about":[{"href":"https:\/\/www.mlkjlasers.com\/pt\/wp-json\/wp\/v2\/types\/product"}],"replies":[{"embeddable":true,"href":"https:\/\/www.mlkjlasers.com\/pt\/wp-json\/wp\/v2\/comments?post=3323"}],"wp:featuredmedia":[{"embeddable":true,"href":"https:\/\/www.mlkjlasers.com\/pt\/wp-json\/wp\/v2\/media\/3302"}],"wp:attachment":[{"href":"https:\/\/www.mlkjlasers.com\/pt\/wp-json\/wp\/v2\/media?parent=3323"}],"wp:term":[{"taxonomy":"product_cat","embeddable":true,"href":"https:\/\/www.mlkjlasers.com\/pt\/wp-json\/wp\/v2\/product_cat?post=3323"},{"taxonomy":"product_tag","embeddable":true,"href":"https:\/\/www.mlkjlasers.com\/pt\/wp-json\/wp\/v2\/product_tag?post=3323"}],"curies":[{"name":"wp","href":"https:\/\/api.w.org\/{rel}","templated":true}]}}