{"id":660,"date":"2023-06-05T16:57:34","date_gmt":"2023-06-05T08:57:34","guid":{"rendered":"https:\/\/mingliang.leadsclouds.com\/?post_type=product&#038;p=660"},"modified":"2026-01-28T10:22:58","modified_gmt":"2026-01-28T02:22:58","slug":"portable-microneedle-980","status":"publish","type":"product","link":"https:\/\/www.mlkjlasers.com\/pt\/product\/portable-microneedle-980\/","title":{"rendered":"Microagulha portable 980 diode laser blood vessels removal 980 nm laser vascular removal machine"},"content":{"rendered":"<table class=\"alignleft\" style=\"border-collapse: collapse; width: 100%; height: 168px;\">\n<tbody>\n<tr style=\"height: 24px;\">\n<td style=\"width: 50%; height: 24px;\"><span style=\"font-family: helvetica, arial, sans-serif; color: #000000; font-size: 14pt;\"><b>Microagulha port\u00e1vel, laser de di\u00f3dio 980<\/b><\/span><\/td>\n<td style=\"width: 50%; height: 24px;\"><span style=\"font-family: helvetica, arial, sans-serif; color: #000000; font-size: 14pt;\">N\u00famero do modelo:Microagulha 980NM<\/span><\/td>\n<\/tr>\n<tr style=\"height: 24px;\">\n<td style=\"width: 50%; height: 24px;\"><span style=\"font-family: helvetica, arial, sans-serif; color: #000000; font-size: 14pt;\">Estilo:Port\u00e1vel<\/span><\/td>\n<td style=\"width: 50%; height: 24px;\"><span style=\"font-family: helvetica, arial, sans-serif; color: #000000; font-size: 14pt;\">Tamanho da tela: 10,4 polegadas de cor real tela de toque<\/span><\/td>\n<\/tr>\n<tr style=\"height: 24px;\">\n<td style=\"width: 50%; height: 24px;\"><span style=\"font-family: helvetica, arial, sans-serif; color: #000000; font-size: 14pt;\">Fun\u00e7\u00e3o: Reduzir os arrepios<\/span><\/td>\n<td style=\"width: 50%; height: 24px;\"><span style=\"font-family: helvetica, arial, sans-serif; color: #000000; font-size: 14pt;\">Resultado total: 10 a 120mi\/pin adiust\u00e1vel<\/span><\/td>\n<\/tr>\n<tr style=\"height: 24px;\">\n<td style=\"width: 50%; height: 24px;\"><span style=\"font-family: helvetica, arial, sans-serif; color: #000000; font-size: 14pt;\">Profundidade: 0-4,0 ajustada<\/span><\/td>\n<td style=\"width: 50%; height: 24px;\"><span style=\"font-family: helvetica, arial, sans-serif; color: #000000; font-size: 14pt;\">RF:10-150 ajust\u00e1vel<\/span><\/td>\n<\/tr>\n<tr style=\"height: 24px;\">\n<td style=\"width: 50%; height: 24px;\"><span style=\"font-family: helvetica, arial, sans-serif; color: #000000; font-size: 14pt;\">Tratamento: Indu\u00e7\u00e3o autom\u00e1tica do v\u00e1cuo, manual<\/span><\/td>\n<td style=\"width: 50%; height: 24px;\"><span style=\"font-family: helvetica, arial, sans-serif; color: #000000; font-size: 14pt;\">Tens\u00e3o: AC220V\/110V 50HZ\/60HZ<\/span><\/td>\n<\/tr>\n<tr style=\"height: 24px;\">\n<td style=\"width: 50%; height: 24px;\"><span style=\"font-family: helvetica, arial, sans-serif; color: #000000; font-size: 14pt;\">Dem\u00eancia m\u00e1quina:L*W*H: 280*240*300mm<\/span><\/td>\n<td style=\"width: 50%; height: 24px;\"><span style=\"font-family: helvetica, arial, sans-serif; color: #000000; font-size: 14pt;\">Paquete: Caixa de alum\u00ednio<\/span><\/td>\n<\/tr>\n<tr style=\"height: 24px;\">\n<td style=\"width: 50%; height: 24px;\"><span style=\"font-family: helvetica, arial, sans-serif; color: #000000; font-size: 14pt;\">Servi\u00e7o de clientes: pe\u00e7as de reserva gratuitas, suporte t\u00e9cnico de v\u00eddeo, suporte online<\/span><\/td>\n<td style=\"width: 50%; height: 24px;\"><span style=\"font-family: helvetica, arial, sans-serif; color: #000000; font-size: 14pt;\">Garantia: 1 ano para m\u00e1quina e meio ano para manejo<\/span><\/td>\n<\/tr>\n<\/tbody>\n<\/table>\n<div class=\"se4_tit\" style=\"text-align: left;\"><\/div>\n<div class=\"des\" style=\"text-align: left;\">\n<div class=\"des_item\">\n<div class=\"des_detail\">\n<div class=\"J_module\">\n<div class=\"icbu-pc-images magic-0\">\n<div class=\"flex-layout-v\">\n<div class=\"flex-layout-h magic-0\">\n<div class=\"magic-1\"><\/div>\n<\/div>\n<\/div>\n<div><\/div>\n<\/div>\n<\/div>\n<div class=\"J_module\">\n<div class=\"detail-decorate-json-renderer-container\">\n<div class=\"magic-3\">\n<div class=\"magic-4\">\n<div class=\"magic-5\">\n<div><\/div>\n<div><\/div>\n<div class=\"magic-6\">\n<p>&nbsp;<\/p>\n<p>&nbsp;<\/p>\n<p><span style=\"font-size: 14pt;\"><img fetchpriority=\"high\" decoding=\"async\" class=\"\" src=\"https:\/\/sc04.alicdn.com\/kf\/Hb8b5e85ea91d45ef8bdde700da07170aw\/252086154\/Hb8b5e85ea91d45ef8bdde700da07170aw.jpg\" width=\"1554\" height=\"1122\" \/><\/span><\/p>\n<p><span class=\"magic-11\" style=\"font-size: 14pt;\">1. Anti-arrugar, fortalecer a pele, melhorar pseudo arrugar, dissolver gordura, formar e levantar. <\/span><\/p>\n<p><span class=\"magic-11\" style=\"font-size: 14pt;\">2. Melhorar rapidamente o sintoma aburrido e desesperado, aumentar a pele seca e complex\u00f5es sallow, iluminar a pele e tornar mais sens\u00edvel.<\/span><\/p>\n<p><span class=\"magic-11\" style=\"font-size: 14pt;\">3. Promover ativamente a circula\u00e7\u00e3o linf\u00e1tica facial, resolver o problema do edema cut\u00e2neo. <\/span><\/p>\n<p><span class=\"magic-11\" style=\"font-size: 14pt;\">4. Lifting and tightening the skin, effectively solving the problem of facial sagging, shaping delicate face, repairing stretch marks. <\/span><\/p>\n<p><span class=\"magic-11\" style=\"font-size: 14pt;\">5. Eliminar o bordo negro do olho, bolsas de olho e arrugamentos ao redor do olho. - Reduzir os poros, reparar cicatriz da l\u00e2mina, acalmar a pele.<\/span><\/p>\n<\/div>\n<\/div>\n<\/div>\n<\/div>\n<\/div>\n<\/div>\n<div class=\"J_module\">\n<div class=\"icbu-pc-images magic-0\">\n<div class=\"flex-layout-v\">\n<div class=\"flex-layout-h magic-0\">\n<div class=\"magic-10\"><img decoding=\"async\" class=\"\" src=\"https:\/\/sc04.alicdn.com\/kf\/Hd4e8e4265ae94e6e9ccfd635cf074d24U\/252086154\/Hd4e8e4265ae94e6e9ccfd635cf074d24U.jpg\" width=\"1559\" height=\"1782\" \/><\/div>\n<\/div>\n<\/div>\n<\/div>\n<\/div>\n<div class=\"J_module\">\n<div class=\"detail-decorate-json-renderer-container\">\n<div class=\"magic-3\">\n<div class=\"magic-4\">\n<div class=\"magic-5\">\n<div class=\"magic-6\">\n<p><span class=\"magic-8\" style=\"font-family: helvetica, arial, sans-serif; color: #000000; font-size: 14pt;\"><b>2 em 1 980 nm de di\u00f3dio laser, Micro Needle<\/b><\/span><\/p>\n<div><span class=\"magic-9\" style=\"font-family: helvetica, arial, sans-serif; color: #000000; font-size: 14pt;\">O raio laser de 1,980nm \u00e9 focado em uma faixa de di\u00e2metro de 0,2-0,5 mm, para permitir uma energia mais focada para atingir o tecido alvo, evitando queimar o tecido da pele ao redor A irradia\u00e7\u00e3o transcut\u00e2nea (com uma penetra\u00e7\u00e3o de 1 a 2 mm no tecido)causa absor\u00e7\u00e3o seletiva de tecidos por hemeglobina (a hemoglobina \u00e9 o principal alvo do laser) <\/span><\/div>\n<div><span class=\"magic-9\" style=\"font-family: helvetica, arial, sans-serif; color: #000000; font-size: 14pt;\">2. RF Microagulha tratamento utiliza agulhas de sulfina e energia de radiofrequ\u00eancia (RF) para penetrar a camada superior da pele. Isso permite a regenera\u00e7\u00e3o de elastina e col\u00e1geno nas \u00e1reas tratadas, resultando em uma apar\u00eancia revitalizada da pele.<\/span><\/div>\n<\/div>\n<\/div>\n<\/div>\n<\/div>\n<\/div>\n<\/div>\n<div class=\"J_module\">\n<div class=\"icbu-pc-images magic-0\">\n<div>\n<div class=\"flex-layout-v\">\n<div class=\"flex-layout-h magic-0\">\n<div class=\"magic-12\"><span style=\"font-family: helvetica, arial, sans-serif; color: #000000; font-size: 14pt;\"><img decoding=\"async\" class=\"magic-13 alignleft\" src=\"https:\/\/sc04.alicdn.com\/kf\/Hfd0c3bfa095c4231835fcc8749feb1b9N\/252086154\/Hfd0c3bfa095c4231835fcc8749feb1b9N.jpg\" width=\"1562\" height=\"1562\" data-src=\"\/\/sc04.alicdn.com\/kf\/Hfd0c3bfa095c4231835fcc8749feb1b9N\/252086154\/Hfd0c3bfa095c4231835fcc8749feb1b9N.jpg\" \/><\/span><\/div>\n<div class=\"magic-14\"><span style=\"font-family: helvetica, arial, sans-serif; color: #000000; font-size: 14pt;\"><img loading=\"lazy\" decoding=\"async\" class=\"magic-15\" src=\"https:\/\/sc04.alicdn.com\/kf\/H63b4fd714d704086a06436049985b6fcj\/252086154\/H63b4fd714d704086a06436049985b6fcj.jpg\" width=\"1560\" height=\"1560\" data-src=\"\/\/sc04.alicdn.com\/kf\/H63b4fd714d704086a06436049985b6fcj\/252086154\/H63b4fd714d704086a06436049985b6fcj.jpg\" \/><\/span><\/div>\n<\/div>\n<\/div>\n<\/div>\n<\/div>\n<\/div>\n<div class=\"J_module\">\n<div id=\"ali-anchor-AliMagic-bqw1j4\" class=\"magic-16\" data-section=\"AliMagic-bqw1j4\" data-section-title=\"RF Microneedling Handle Display\"><span style=\"font-size: 14pt;\"><strong><span style=\"font-family: helvetica, arial, sans-serif; color: #000000;\">RF Microneedling Handle Display<\/span><\/strong><\/span><\/div>\n<\/div>\n<div class=\"J_module\">\n<div class=\"icbu-pc-images magic-0\">\n<div>\n<div class=\"flex-layout-v\">\n<div class=\"flex-layout-h magic-0\">\n<div class=\"magic-17\"><span style=\"font-family: helvetica, arial, sans-serif; color: #000000; font-size: 14pt;\"><img loading=\"lazy\" decoding=\"async\" class=\"magic-18 alignnone\" src=\"https:\/\/sc04.alicdn.com\/kf\/H154ddd392cfd42e68914023c0cbadef6r\/252086154\/H154ddd392cfd42e68914023c0cbadef6r.jpg\" width=\"1567\" height=\"1744\" data-src=\"\/\/sc04.alicdn.com\/kf\/H154ddd392cfd42e68914023c0cbadef6r\/252086154\/H154ddd392cfd42e68914023c0cbadef6r.jpg\" \/><\/span><\/div>\n<\/div>\n<div><\/div>\n<\/div>\n<\/div>\n<\/div>\n<\/div>\n<div class=\"J_module\">\n<div class=\"detail-decorate-json-renderer-container\">\n<div class=\"magic-3\">\n<div class=\"magic-4\">\n<div class=\"magic-5\">\n<div class=\"magic-6\"><span class=\"magic-9\" style=\"font-family: helvetica, arial, sans-serif; color: #000000; font-size: 14pt;\">A m\u00e1quina de microagulha Exfu RF pode apertar a pele e assegurar firmeza, atrav\u00e9s da coagula\u00e7\u00e3o de tecidos moles. Isso permite a regenera\u00e7\u00e3o de elastina e col\u00e1geno nas \u00e1reas tratadas, resultando em uma apar\u00eancia revitalizada da pele.<\/span><\/div>\n<div>\n<div class=\"J_module\">\n<div class=\"icbu-pc-images magic-0\">\n<div><\/div>\n<div><span style=\"font-size: 14pt;\"><b style=\"color: #000000; font-family: helvetica, arial, sans-serif;\">Como tratar a revitaliza\u00e7\u00e3o da pele?<\/b><\/span><\/div>\n<\/div>\n<\/div>\n<div class=\"J_module\">\n<div class=\"detail-decorate-json-renderer-container\">\n<div class=\"magic-3\">\n<div class=\"magic-4\">\n<div class=\"magic-5\">\n<div><\/div>\n<div class=\"magic-6\"><span class=\"magic-9\" style=\"font-family: helvetica, arial, sans-serif; color: #000000; font-size: 14pt;\">Acorda sua pele \u00e9 colag\u00eanio natural e - produ\u00e7\u00e3o de elastina. O tratamento de microagulhas de frequ\u00eancia utiliza agulhas ultrafinas e energia de radiofrequ\u00eancia (RF) para penetrar a camada superior da pele e desencadear o corpo&#8217; o processo de cura natural para regenerar novo colag\u00eanio e elastina. Contrariamente a outros tratamentos de revitaliza\u00e7\u00e3o da pele, esses tratamentos podem ser realizados em todos os tipos de pele, em qualquer lugar no corpo e em qualquer momento do ano.<\/span><\/div>\n<\/div>\n<\/div>\n<\/div>\n<\/div>\n<\/div>\n<\/div>\n<div><\/div>\n<\/div>\n<\/div>\n<\/div>\n<\/div>\n<\/div>\n<div class=\"J_module\">\n<div class=\"icbu-pc-images magic-0\">\n<div>\n<div class=\"flex-layout-v\">\n<div class=\"flex-layout-h magic-0\">\n<div class=\"magic-19\"><span style=\"font-family: helvetica, arial, sans-serif; color: #000000; font-size: 14pt;\"><img loading=\"lazy\" decoding=\"async\" class=\"magic-20 alignnone\" src=\"https:\/\/sc04.alicdn.com\/kf\/H166086f7a74342b09575d7831c0b64f19\/252086154\/H166086f7a74342b09575d7831c0b64f19.jpg\" width=\"1559\" height=\"1559\" data-src=\"\/\/sc04.alicdn.com\/kf\/H166086f7a74342b09575d7831c0b64f19\/252086154\/H166086f7a74342b09575d7831c0b64f19.jpg\" \/><\/span><\/div>\n<\/div>\n<\/div>\n<\/div>\n<\/div>\n<\/div>\n<div class=\"J_module\">\n<div class=\"detail-decorate-json-renderer-container\">\n<div class=\"magic-3\">\n<div class=\"magic-4\">\n<div class=\"magic-5\">\n<div class=\"magic-6\"><\/div>\n<\/div>\n<div>\n<h4 style=\"text-align: left;\"><span style=\"font-family: helvetica, arial, sans-serif; color: #000000; font-size: 14pt;\"><img loading=\"lazy\" decoding=\"async\" class=\"alignnone\" src=\"https:\/\/www.exfulaser.com\/uploads\/20221125\/%E5%9B%BE%E5%B1%82-213.jpg\" alt=\"\" width=\"1680\" height=\"413\" \/><\/span><\/h4>\n<\/div>\n<\/div>\n<\/div>\n<\/div>\n<\/div>\n<div class=\"J_module\">\n<div class=\"detail-decorate-json-renderer-container\">\n<div class=\"magic-3\">\n<div class=\"magic-4\">\n<div class=\"magic-5\">\n<div class=\"magic-6\">\n<p><span class=\"magic-9\" style=\"font-family: helvetica, arial, sans-serif; color: #000000; font-size: 14pt;\"><b>Quais s\u00e3o as \u00e1reas de tratamento? <\/b><\/span><\/p>\n<div><span class=\"magic-9\" style=\"font-family: helvetica, arial, sans-serif; color: #000000; font-size: 14pt;\">Tanto o rosto quanto o corpo s\u00e3o capazes de ser tratados. - A \u00e1rea de \u00e1reas tratadas como segue: Cara Completa\/Cabe\u00e7a\/p\u00e9s de corvo\/Cheek Superior\/Olhos inferiores\/Cheek\/Nas Superior &amp; Lipa inferior\/Chin\/Jawline\/Neck\/Decolletage\/Elbows\/Abdomen<\/span><\/div>\n<div><\/div>\n<div><span style=\"font-size: 14pt;\"><strong><span style=\"color: #000000; font-family: helvetica, arial, sans-serif;\">Display de 980nm Diode Laser Handle<\/span><\/strong><\/span><\/div>\n<\/div>\n<\/div>\n<\/div>\n<\/div>\n<\/div>\n<\/div>\n<div class=\"J_module\">\n<div data-section=\"AliMagic-r0ip19\" data-section-title=\"980nm Diode Laser Handle display\"><\/div>\n<\/div>\n<div class=\"J_module\">\n<div class=\"icbu-pc-images magic-0\">\n<div>\n<div class=\"flex-layout-v\">\n<div class=\"flex-layout-h magic-0\">\n<div class=\"magic-21\"><span style=\"font-family: helvetica, arial, sans-serif; color: #000000; font-size: 14pt;\"><img loading=\"lazy\" decoding=\"async\" class=\"magic-22 alignnone\" src=\"https:\/\/sc04.alicdn.com\/kf\/H57ad29db6f494a7eba3d2f89125e44dfP\/252086154\/H57ad29db6f494a7eba3d2f89125e44dfP.jpg\" width=\"1562\" height=\"1063\" data-src=\"\/\/sc04.alicdn.com\/kf\/H57ad29db6f494a7eba3d2f89125e44dfP\/252086154\/H57ad29db6f494a7eba3d2f89125e44dfP.jpg\" \/><\/span><\/div>\n<\/div>\n<\/div>\n<div><\/div>\n<\/div>\n<\/div>\n<\/div>\n<div class=\"J_module\">\n<div class=\"detail-decorate-json-renderer-container\">\n<div class=\"magic-3\">\n<div class=\"magic-4\">\n<div class=\"magic-5\">\n<div class=\"magic-6\">\n<div class=\"magic-25\"><span class=\"magic-9\" style=\"color: #000000; font-family: helvetica, arial, sans-serif; font-size: 14pt;\"><b class=\"magic-26\">M\u00e1quina de laser vascular 980 Diode<\/b><\/span><\/div>\n<div class=\"magic-25\"><span class=\"magic-9\" style=\"color: #000000; font-family: helvetica, arial, sans-serif; font-size: 14pt;\"><b class=\"magic-26\">Repara\u00e7\u00e3o de Diode Laser 980nm e remover nai gris<\/b><\/span><\/div>\n<\/div>\n<div><\/div>\n<\/div>\n<\/div>\n<\/div>\n<\/div>\n<\/div>\n<div class=\"J_module\">\n<div class=\"icbu-pc-images magic-0\">\n<div>\n<div class=\"flex-layout-v\">\n<div class=\"flex-layout-h magic-0\">\n<div class=\"magic-27\"><span style=\"font-family: helvetica, arial, sans-serif; color: #000000; font-size: 14pt;\"><img loading=\"lazy\" decoding=\"async\" class=\"magic-28 alignnone\" src=\"https:\/\/sc04.alicdn.com\/kf\/H24211fab3e594d65a7c17f7a36aa70899\/252086154\/H24211fab3e594d65a7c17f7a36aa70899.jpg\" width=\"1588\" height=\"2035\" data-src=\"\/\/sc04.alicdn.com\/kf\/H24211fab3e594d65a7c17f7a36aa70899\/252086154\/H24211fab3e594d65a7c17f7a36aa70899.jpg\" \/><\/span><\/div>\n<div><\/div>\n<\/div>\n<\/div>\n<\/div>\n<\/div>\n<\/div>\n<div class=\"J_module\">\n<div class=\"detail-decorate-json-renderer-container\">\n<div class=\"magic-3\">\n<div class=\"magic-4\">\n<div class=\"magic-5\">\n<div class=\"magic-6\"><span class=\"magic-8\" style=\"font-family: helvetica, arial, sans-serif; color: #000000; font-size: 14pt;\"><b>Caracter\u00edsticas da m\u00e1quina: <\/b><\/span><\/div>\n<div class=\"magic-6\"><span class=\"magic-9\" style=\"font-family: helvetica, arial, sans-serif; color: #000000; font-size: 14pt;\">* Sem pe\u00e7as consum\u00edveis, a m\u00e1quina pode funcionar 24 horas por dia. <\/span><\/div>\n<div class=\"magic-6\"><span class=\"magic-9\" style=\"font-family: helvetica, arial, sans-serif; color: #000000; font-size: 14pt;\">* N\u00e3o danifica a epidermis em absoluto. <\/span><\/div>\n<div class=\"magic-6\"><span class=\"magic-9\" style=\"font-family: helvetica, arial, sans-serif; color: #000000; font-size: 14pt;\">* Sem dor, sem invas\u00e3o, sem tempo de descanso. <\/span><\/div>\n<div class=\"magic-6\"><span class=\"magic-9\" style=\"font-family: helvetica, arial, sans-serif; color: #000000; font-size: 14pt;\">* Design port\u00e1til, f\u00e1cil para transporte. <\/span><\/div>\n<div class=\"magic-6\"><span class=\"magic-9\" style=\"font-family: helvetica, arial, sans-serif; color: #000000; font-size: 14pt;\">* Laser de 980 nm com 4 aneis para ajustar a m\u00e1quina de microagulha de ouro com 4 cabe\u00e7as para ressurrei\u00e7\u00e3o da pele. <\/span><\/div>\n<div class=\"magic-6\"><span class=\"magic-9\" style=\"font-family: helvetica, arial, sans-serif; color: #000000; font-size: 14pt;\">* V\u00e1rias l\u00ednguas podem ser selecionadas, podemos fazer o logotipo gratuito de acordo com seus requisitos.<\/span><\/div>\n<div><\/div>\n<\/div>\n<\/div>\n<\/div>\n<\/div>\n<\/div>\n<div class=\"J_module\">\n<div class=\"icbu-pc-images magic-0\">\n<div>\n<div class=\"flex-layout-v\">\n<div class=\"flex-layout-h magic-0\">\n<div class=\"magic-21\"><span style=\"font-family: helvetica, arial, sans-serif; color: #000000; font-size: 14pt;\"><img loading=\"lazy\" decoding=\"async\" class=\"magic-22 alignnone\" src=\"https:\/\/sc04.alicdn.com\/kf\/Hb8c48007443e4bc6a50fc8ed220ca7000\/252086154\/Hb8c48007443e4bc6a50fc8ed220ca7000.jpg\" width=\"1603\" height=\"1091\" data-src=\"\/\/sc04.alicdn.com\/kf\/Hb8c48007443e4bc6a50fc8ed220ca7000\/252086154\/Hb8c48007443e4bc6a50fc8ed220ca7000.jpg\" \/><\/span><\/div>\n<\/div>\n<\/div>\n<\/div>\n<\/div>\n<\/div>\n<div class=\"J_module\">\n<div class=\"detail-decorate-json-renderer-container\">\n<div class=\"magic-3\">\n<div class=\"magic-4\">\n<div class=\"magic-5\">\n<div class=\"magic-6\">\n<div class=\"magic-25\"><span style=\"font-family: helvetica, arial, sans-serif; color: #000000; font-size: 14pt;\"><b><span class=\"magic-31\"> Design de uma chave <\/span><\/b><\/span><\/div>\n<\/div>\n<\/div>\n<\/div>\n<\/div>\n<\/div>\n<\/div>\n<div class=\"J_module\">\n<div data-section=\"AliMagic-whquon\" data-section-title=\"Screen Display\"><\/div>\n<div id=\"ali-anchor-AliMagic-whquon\" class=\"magic-16\" data-section=\"AliMagic-whquon\" data-section-title=\"Screen Display\"><span style=\"font-family: helvetica, arial, sans-serif; color: #000000; font-size: 14pt;\">Visualiza\u00e7\u00e3o da Pantalla<\/span><\/div>\n<div data-section=\"AliMagic-whquon\" data-section-title=\"Screen Display\"><\/div>\n<\/div>\n<div class=\"J_module\">\n<div class=\"icbu-pc-images magic-0\">\n<div>\n<div class=\"flex-layout-v\">\n<div class=\"flex-layout-h magic-0\">\n<div class=\"magic-32\"><span style=\"font-family: helvetica, arial, sans-serif; color: #000000; font-size: 14pt;\"><img loading=\"lazy\" decoding=\"async\" class=\"magic-33 alignnone\" src=\"https:\/\/sc04.alicdn.com\/kf\/Ha927851f2e944ee683ef6c7b2d5de1a1f\/252086154\/Ha927851f2e944ee683ef6c7b2d5de1a1f.jpg\" width=\"1582\" height=\"1204\" data-src=\"\/\/sc04.alicdn.com\/kf\/Ha927851f2e944ee683ef6c7b2d5de1a1f\/252086154\/Ha927851f2e944ee683ef6c7b2d5de1a1f.jpg\" \/><\/span><\/div>\n<\/div>\n<\/div>\n<\/div>\n<\/div>\n<\/div>\n<div class=\"J_module\">\n<div class=\"detail-decorate-json-renderer-container\">\n<div class=\"magic-3\">\n<div class=\"magic-4\">\n<div class=\"magic-5\">\n<div data-spm-anchor-id=\"a2700.wholesale.0.i28.464341182zYuX6\"><\/div>\n<div class=\"magic-6\" data-spm-anchor-id=\"a2700.wholesale.0.i28.464341182zYuX6\"><span style=\"font-family: helvetica, arial, sans-serif; color: #000000; font-size: 14pt;\">uma tela de toque de 1.14 polegadas, humanizada projetada <\/span><\/div>\n<div class=\"magic-6\" data-spm-anchor-id=\"a2700.wholesale.0.i28.464341182zYuX6\"><span style=\"font-family: helvetica, arial, sans-serif; color: #000000; font-size: 14pt;\">2. Homem\/f\u00eamea, partes corporais, 6 tipos de pele para op\u00e7\u00e3o. <\/span><br \/>\n<span style=\"font-family: helvetica, arial, sans-serif; color: #000000; font-size: 14pt;\">3. Ingl\u00eas sua l\u00edngua materna. <\/span><br \/>\n<span style=\"font-family: helvetica, arial, sans-serif; color: #000000; font-size: 14pt;\">4. Servi\u00e7o gratuito de programa OEM(logo\/sistema&#8230;)<\/span><\/div>\n<\/div>\n<\/div>\n<\/div>\n<\/div>\n<\/div>\n<\/div>\n<\/div>\n<\/div>\n<div style=\"text-align: left;\" data-spm-anchor-id=\"a2700.wholesale.0.i28.464341182zYuX6\"><\/div>\n<div style=\"text-align: left;\" data-spm-anchor-id=\"a2700.wholesale.0.i28.464341182zYuX6\"><\/div>\n<div style=\"text-align: left;\" data-spm-anchor-id=\"a2700.wholesale.0.i28.464341182zYuX6\"><span style=\"font-size: 14pt;\"><em><span style=\"color: #0000ff;\"><strong><span style=\"font-family: helvetica, arial, sans-serif;\">Aprende mais agora!<\/span><\/strong><\/span><\/em><\/span><\/div>\n<div style=\"text-align: left;\" data-spm-anchor-id=\"a2700.wholesale.0.i28.464341182zYuX6\"><\/div>","protected":false},"excerpt":{"rendered":"<div><span class=\"magic-9\" style=\"font-family: helvetica, arial, sans-serif; color: #000000;\">O raio laser 980nm \u00e9 focado em uma faixa de di\u00e2metro de 0,2-0,5 mm, para permitir uma energia mais focada para atingir o tecido alvo, evitando queimar o tecido da pele ao redor A irradia\u00e7\u00e3o transcut\u00e2nea (com uma penetra\u00e7\u00e3o de 1 a 2 mm no tecido)causa absor\u00e7\u00e3o seletiva de tecidos por hemeglobina (a hemoglobina \u00e9 o principal alvo do laser)<\/span><\/div>\n<div><\/div>\n<div><span class=\"magic-9\" style=\"font-family: helvetica, arial, sans-serif; color: #000000;\">RF Microneedling tratamento usa agulhas de sulfina e energia de radiofrequ\u00eancia (RF) para penetrar a camada superior da pele. Isso permite a regenera\u00e7\u00e3o de elastina e col\u00e1geno nas \u00e1reas tratadas, resultando em uma apar\u00eancia revitalizada da pele.<\/span><\/div>\n<div><\/div>\n<div>15 anos fabricante de instrumentos de beleza, pode fornecer servi\u00e7os mais personalizados<\/div>","protected":false},"featured_media":662,"comment_status":"open","ping_status":"closed","template":"","meta":[],"product_cat":[25],"product_tag":[],"class_list":["post-660","product","type-product","status-publish","has-post-thumbnail","hentry","product_cat-micro-needle-microneedle-multi-function"],"_links":{"self":[{"href":"https:\/\/www.mlkjlasers.com\/pt\/wp-json\/wp\/v2\/product\/660","targetHints":{"allow":["GET"]}}],"collection":[{"href":"https:\/\/www.mlkjlasers.com\/pt\/wp-json\/wp\/v2\/product"}],"about":[{"href":"https:\/\/www.mlkjlasers.com\/pt\/wp-json\/wp\/v2\/types\/product"}],"replies":[{"embeddable":true,"href":"https:\/\/www.mlkjlasers.com\/pt\/wp-json\/wp\/v2\/comments?post=660"}],"wp:featuredmedia":[{"embeddable":true,"href":"https:\/\/www.mlkjlasers.com\/pt\/wp-json\/wp\/v2\/media\/662"}],"wp:attachment":[{"href":"https:\/\/www.mlkjlasers.com\/pt\/wp-json\/wp\/v2\/media?parent=660"}],"wp:term":[{"taxonomy":"product_cat","embeddable":true,"href":"https:\/\/www.mlkjlasers.com\/pt\/wp-json\/wp\/v2\/product_cat?post=660"},{"taxonomy":"product_tag","embeddable":true,"href":"https:\/\/www.mlkjlasers.com\/pt\/wp-json\/wp\/v2\/product_tag?post=660"}],"curies":[{"name":"wp","href":"https:\/\/api.w.org\/{rel}","templated":true}]}}