{"id":2320,"date":"2023-08-22T13:37:17","date_gmt":"2023-08-22T05:37:17","guid":{"rendered":"https:\/\/mlkjlasers.com\/?page_id=2320"},"modified":"2023-08-22T13:41:17","modified_gmt":"2023-08-22T05:41:17","slug":"privacy-policy","status":"publish","type":"page","link":"https:\/\/www.mlkjlasers.com\/ro\/privacy-policy\/","title":{"rendered":"Politica de confiden\u021bialitate"},"content":{"rendered":"<div data-elementor-type=\"wp-page\" data-elementor-id=\"2320\" class=\"elementor elementor-2320\" data-elementor-post-type=\"page\">\n\t\t\t\t\t\t<section class=\"elementor-section elementor-top-section elementor-element elementor-element-777b5a7 elementor-section-boxed elementor-section-height-default elementor-section-height-default\" data-id=\"777b5a7\" data-element_type=\"section\">\n\t\t\t\t\t\t<div class=\"elementor-container elementor-column-gap-default\">\n\t\t\t\t\t<div class=\"elementor-column elementor-col-100 elementor-top-column elementor-element elementor-element-e53dd6c\" data-id=\"e53dd6c\" data-element_type=\"column\">\n\t\t\t<div class=\"elementor-widget-wrap elementor-element-populated\">\n\t\t\t\t\t\t<div class=\"elementor-element elementor-element-6f21634 elementor-widget elementor-widget-text-editor\" data-id=\"6f21634\" data-element_type=\"widget\" data-widget_type=\"text-editor.default\">\n\t\t\t\t<div class=\"elementor-widget-container\">\n\t\t\t\t\t\t\t\t\t<p><span style=\"font-size: 14pt\"><strong>1.Ce informa\u021bii colect\u0103m?<\/strong><\/span><br \/><span style=\"font-size: 14pt\">Colecta\u021bi clientul&#8217; numele, informa\u021biile de contact, con\u021binutul lucr\u0103rii, bunurile pe care dori\u021bi s\u0103 le cump\u0103ra\u021bi \u00een viitorul apropiat etc.<\/span><\/p><p><span style=\"font-size: 14pt\"><strong>2.Cum utiliz\u0103m aceste informa\u021bii?<\/strong><\/span><br \/><span style=\"font-size: 14pt\">\u00a0Respect\u0103m strict legile \u0219i reglement\u0103rile \u0219i acordurile cu utilizatorii \u0219i utiliz\u0103m informa\u021biile colectate \u00een urm\u0103toarele scopuri. Dac\u0103 utiliz\u0103m informa\u021biile dvs. \u00een mai multe scopuri dec\u00e2t urm\u0103toarele, v\u0103 le vom explica din nou \u0219i v\u0103 vom ob\u021bine consim\u021b\u0103m\u00e2ntul.<\/span><br \/><span style=\"font-size: 14pt\">V\u0103 oferim servicii care s\u0103 v\u0103 \u00eendeplineasc\u0103 nevoile personale, cum ar fi set\u0103rile de limb\u0103, set\u0103rile de loca\u021bie \u0219i serviciile de ajutor personalizate. Departamentul de securitate recomand\u0103 publicitate, informa\u0163ii etc. Este posibil s\u0103 v\u0103 intereseze evaluarea \u0219i \u00eembun\u0103t\u0103\u021birea eficacit\u0103\u021bii publicit\u0103\u021bii \u0219i a altor activit\u0103\u021bi promo\u021bionale. V\u0103 rug\u0103m s\u0103 participa\u021bi la sondajul privind serviciile noastre.<\/span><\/p><p><span style=\"font-size: 14pt\"><strong>Vom \u00eemp\u0103rt\u0103\u0219i aceste informa\u021bii cu franciza\u021bi sau ter\u021bi?<\/strong><\/span><br \/><span style=\"font-size: 14pt\">Respect\u0103m confiden\u021bialitatea dvs. \u0219i scopul pentru care vizitatorii site-ului nostru ne furnizeaz\u0103 informa\u021bii. Nu vom \u00eemp\u0103rt\u0103\u0219i, vinde sau \u00eenchiria informa\u021bii colectate c\u0103tre ter\u021bi \u0219i nu vom face acest lucru \u00een viitor.<\/span><br \/><span style=\"font-size: 14pt\">Dac\u0103 ne solicita\u021bi sau ne trimite\u021bi informa\u021bii prin trimiterea unui e-mail sau completarea formularului de contact prin intermediul &#8220; Trimite\u021bi la:&#8221; Putem salva adresa dvs. de e-mail \u0219i orice alte informa\u021bii pe care le pute\u021bi furniza. Aceste informa\u021bii pot fi utilizate \u00een viitor pentru a v\u0103 contacta prin e-mail, e-mail sau telefon pentru a transmite informa\u021bii despre solu\u021bii sau servicii care credem c\u0103 v\u0103 pot fi benefice. E-mailul \u0219i alte informa\u021bii pe care le furniza\u021bi nu vor fi v\u00e2ndute niciunei ter\u021be p\u0103r\u021bi.<\/span><\/p><p><span style=\"font-size: 14pt\"><strong>Pot clien\u021bii vizualiza sau \u0219terge informa\u021biile pe care le colect\u0103m?<\/strong><\/span><br \/><span style=\"font-size: 14pt\">V\u0103 oferim op\u021biuni convenabile de gestionare a informa\u021biilor, astfel \u00eenc\u00e2t s\u0103 pute\u021bi face alegeri adecvate \u0219i s\u0103 v\u0103 gestiona\u021bi informa\u021biile personale. Respect\u0103m strict legile \u0219i reglement\u0103rile pentru a v\u0103 proteja secretele de comunicare \u0219i pentru a v\u0103 oferi servicii de comunicare sigure.<\/span><\/p><p><span style=\"font-size: 14pt\"><strong>5.R\u0103spunderea la solicit\u0103ri legale<\/strong><\/span><br \/><span style=\"font-size: 14pt\">(1) Din motive de securitate, este posibil s\u0103 fie necesar\u0103 o cerere pentru a v\u0103 dovedi identitatea. V\u0103 putem cere s\u0103 v\u0103 verifica\u021bi identitatea \u00eenainte de a v\u0103 procesa cererea.<\/span><br \/><span style=\"font-size: 14pt\">(2) Vom r\u0103spunde \u00een termen de 30 de zile. Dac\u0103 nu sunte\u021bi mul\u021bumit, pute\u021bi ini\u021bia, de asemenea, o pl\u00e2ngere prin intermediul informa\u021biilor de contact ale serviciului de clien\u021bi din aceast\u0103 politic\u0103 de confiden\u021bialitate.<\/span><br \/><span style=\"font-size: 14pt\">(3) Nu vom putea r\u0103spunde la cererea dvs. \u00een conformitate cu legile \u0219i reglement\u0103rile \u00een urm\u0103toarele cazuri:<\/span><br \/><span style=\"font-size: 14pt\">* legate de securitatea na\u0163ional\u0103 \u015fi securitatea ap\u0103r\u0103rii na\u0163ionale;<\/span><br \/><span style=\"font-size: 14pt\">* \u00een leg\u0103tur\u0103 cu siguran\u021ba public\u0103, s\u0103n\u0103tatea public\u0103 \u0219i interesele publice majore;<\/span><br \/><span style=\"font-size: 14pt\">* legate de ancheta penal\u0103, urm\u0103rirea penal\u0103, procesul \u0219i executarea hot\u0103r\u00e2rii;<\/span><br \/><span style=\"font-size: 14pt\">Exist\u0103 dovezi suficiente pentru a demonstra c\u0103 subiectul informa\u021biilor cu caracter personal are o r\u0103u inten\u021bie subiectiv\u0103 sau abuz de drepturi;<\/span><br \/><span style=\"font-size: 14pt\">R\u0103spunsul la cererea dvs. va provoca daune grave drepturilor \u0219i intereselor legitime ale dvs. sau ale altor persoane \u0219i organiza\u021bii;<\/span><br \/><span style=\"font-size: 14pt\">* implic\u0103 secrete comerciale.<\/span><\/p><p><span style=\"font-size: 14pt\"><strong>Cum v\u0103 vom notifica dac\u0103 schimb\u0103m practicile noastre de confiden\u021bialitate?<\/strong><\/span><br \/><span style=\"font-size: 14pt\">Dac\u0103 astfel de modific\u0103ri duc la o derogare semnificativ\u0103 a drepturilor dumneavoastr\u0103 \u00een conformitate cu aceast\u0103 Politic\u0103, v\u0103 vom notifica cu privire la modific\u0103ri prin notificare proeminent\u0103 pe pagina, prin e-mail sau prin alte mijloace \u00eenainte ca modific\u0103rile s\u0103 intre \u00een vigoare. \u00cen astfel de circumstan\u021be, continu\u00e2nd s\u0103 utiliza\u021bi serviciile noastre, sunte\u021bi de acord s\u0103 fi\u021bi legat de politica revizuit\u0103.<\/span><\/p><p><span style=\"font-size: 14pt\"><strong>7.Cum ne pute\u021bi contacta?<\/strong><\/span><br \/><span style=\"font-size: 14pt\">Dac\u0103 ave\u021bi \u00eentreb\u0103ri, comentarii sau sugestii cu privire la aceast\u0103 politic\u0103 de confiden\u021bialitate, ne pute\u021bi contacta prin\u00a0<\/span><br \/><span style=\"font-size: 14pt\">Email: sale@mingliangkj.com\u00a0<\/span><br \/><span style=\"font-size: 14pt\">Num\u0103r: 8615965364558 (acela\u0219i num\u0103r WhatsApp), etc.<\/span><\/p><p><span style=\"font-size: 14pt\"><strong>8.C\u00e2nd intr\u0103 \u00een vigoare politica de confiden\u021bialitate?<\/strong><\/span><br \/><span style=\"font-size: 14pt\">Con\u021binutul modificat sau modificat intr\u0103 \u00een vigoare la o zi de la notificarea sau publicarea acestuia. Dac\u0103 continua\u021bi s\u0103 utiliza\u021bi oricare dintre serviciile noastre sau s\u0103 vizita\u021bi site-urile noastre relevante dup\u0103 ajustarea sau schimbarea politicii de confiden\u021bialitate, credem c\u0103 acest lucru \u00eenseamn\u0103 c\u0103 a\u021bi citit, \u00een\u021beles \u0219i acceptat pe deplin politica de confiden\u021bialitate revizuit\u0103 \u0219i sunte\u021bi obliga\u021bi de ea.<\/span><\/p>\t\t\t\t\t\t\t\t<\/div>\n\t\t\t\t<\/div>\n\t\t\t\t\t<\/div>\n\t\t<\/div>\n\t\t\t\t\t<\/div>\n\t\t<\/section>\n\t\t\t\t<\/div>","protected":false},"excerpt":{"rendered":"<p>1.Ce informa\u021bii colect\u0103m? Colecta\u021bi clientul&#8217; numele, informa\u021biile de contact, con\u021binutul lucr\u0103rii, bunurile pe care dori\u021bi s\u0103 le cump\u0103ra\u021bi \u00een viitorul apropiat etc. 2.Cum utiliz\u0103m aceste informa\u021bii? Respect\u0103m strict legile \u0219i reglement\u0103rile \u0219i acordurile cu utilizatorii \u0219i utiliz\u0103m informa\u021biile colectate \u00een urm\u0103toarele scopuri. Dac\u0103 utiliz\u0103m informa\u021biile dvs. pentru mai mult de [&hellip;]<\/p>","protected":false},"author":167,"featured_media":0,"parent":0,"menu_order":11,"comment_status":"closed","ping_status":"closed","template":"elementor_header_footer","meta":{"footnotes":""},"class_list":["post-2320","page","type-page","status-publish","hentry"],"_links":{"self":[{"href":"https:\/\/www.mlkjlasers.com\/ro\/wp-json\/wp\/v2\/pages\/2320","targetHints":{"allow":["GET"]}}],"collection":[{"href":"https:\/\/www.mlkjlasers.com\/ro\/wp-json\/wp\/v2\/pages"}],"about":[{"href":"https:\/\/www.mlkjlasers.com\/ro\/wp-json\/wp\/v2\/types\/page"}],"author":[{"embeddable":true,"href":"https:\/\/www.mlkjlasers.com\/ro\/wp-json\/wp\/v2\/users\/167"}],"replies":[{"embeddable":true,"href":"https:\/\/www.mlkjlasers.com\/ro\/wp-json\/wp\/v2\/comments?post=2320"}],"version-history":[{"count":7,"href":"https:\/\/www.mlkjlasers.com\/ro\/wp-json\/wp\/v2\/pages\/2320\/revisions"}],"predecessor-version":[{"id":2328,"href":"https:\/\/www.mlkjlasers.com\/ro\/wp-json\/wp\/v2\/pages\/2320\/revisions\/2328"}],"wp:attachment":[{"href":"https:\/\/www.mlkjlasers.com\/ro\/wp-json\/wp\/v2\/media?parent=2320"}],"curies":[{"name":"wp","href":"https:\/\/api.w.org\/{rel}","templated":true}]}}