{"id":1866,"date":"2023-07-22T11:59:32","date_gmt":"2023-07-22T03:59:32","guid":{"rendered":"https:\/\/mlkjlasers.com\/?post_type=product&#038;p=1866"},"modified":"2026-01-27T09:57:11","modified_gmt":"2026-01-27T01:57:11","slug":"nd-yag-laser-tattoo-removal-2","status":"publish","type":"product","link":"https:\/\/www.mlkjlasers.com\/ro\/product\/nd-yag-laser-tattoo-removal-2\/","title":{"rendered":"Medical clinic 1064 532 755nm Q-comutat nd yag laser picosecond ma\u0219in\u0103 portabil\u0103 de \u00eendep\u0103rtare a tatuajului cu laser"},"content":{"rendered":"<div class=\"se4_tit\" style=\"text-align: left;\">\n<div class=\"l right\">\n<p><img fetchpriority=\"high\" decoding=\"async\" class=\"aligncenter size-full wp-image-3641\" src=\"https:\/\/www.mlkjlasers.com\/wp-content\/uploads\/2026\/01\/\u5c0f\u76ae\u79d2\u8be6\u60c5\u9875\u5207\u56fe-4.jpg\" alt=\"\" width=\"1920\" height=\"1080\" srcset=\"https:\/\/www.mlkjlasers.com\/wp-content\/uploads\/2026\/01\/\u5c0f\u76ae\u79d2\u8be6\u60c5\u9875\u5207\u56fe-4.jpg 1920w, https:\/\/www.mlkjlasers.com\/wp-content\/uploads\/2026\/01\/\u5c0f\u76ae\u79d2\u8be6\u60c5\u9875\u5207\u56fe-4-300x169.jpg 300w, https:\/\/www.mlkjlasers.com\/wp-content\/uploads\/2026\/01\/\u5c0f\u76ae\u79d2\u8be6\u60c5\u9875\u5207\u56fe-4-1024x576.jpg 1024w, https:\/\/www.mlkjlasers.com\/wp-content\/uploads\/2026\/01\/\u5c0f\u76ae\u79d2\u8be6\u60c5\u9875\u5207\u56fe-4-768x432.jpg 768w, https:\/\/www.mlkjlasers.com\/wp-content\/uploads\/2026\/01\/\u5c0f\u76ae\u79d2\u8be6\u60c5\u9875\u5207\u56fe-4-1536x864.jpg 1536w, https:\/\/www.mlkjlasers.com\/wp-content\/uploads\/2026\/01\/\u5c0f\u76ae\u79d2\u8be6\u60c5\u9875\u5207\u56fe-4-600x338.jpg 600w\" sizes=\"(max-width: 1920px) 100vw, 1920px\" \/><\/p>\n<\/div>\n<\/div>\n<div class=\"des2\" style=\"text-align: left;\">\n<div class=\"des_box1\">\n<p><strong><span style=\"font-family: helvetica, arial, sans-serif; font-size: 14pt;\">Echipament laser picosecond cu 6 capete de tratament: fix 1064&amp; 532nm, 1320nm, 755nm \u0219i reglabil 1064 &amp; amp; 532nm<\/span><\/strong><br \/>\n<span style=\"font-family: helvetica, arial, sans-serif; font-size: 14pt;\">* 1064nm pentru eliminarea tatuajului negru, albastru, cian pe spr\u00e2ncene, linia buzelor, bra\u021b \u0219i alte p\u0103r\u021bi ale corpului.<\/span><br \/>\n<span style=\"font-family: helvetica, arial, sans-serif; font-size: 14pt;\">* 532nm pentru eliminarea tatuajului ro\u0219u, cafea, maro pe spr\u00e2ncene, linia buzelor, bra\u021b \u0219i alt\u0103 parte a corpului.<\/span><br \/>\n<span style=\"font-family: helvetica, arial, sans-serif; font-size: 14pt;\">* Regolabil 1064 &amp; amp; 532nm pentru \u00eendep\u0103rtarea tatuajelor mari.<\/span><br \/>\n<span style=\"font-family: helvetica, arial, sans-serif; font-size: 14pt;\">* 755nm pentru \u00eendep\u0103rtarea pielii galbene.<\/span><br \/>\n<span style=\"font-family: helvetica, arial, sans-serif; font-size: 14pt;\">* 1320nm pentru p\u0103pu\u0219\u0103 neagr\u0103, \u00eentinarea pielii \u0219i albirea.<\/span><\/p>\n<\/div>\n<p><span style=\"font-size: 14pt;\"><img decoding=\"async\" class=\"aligncenter size-full wp-image-3638\" src=\"https:\/\/www.mlkjlasers.com\/wp-content\/uploads\/2026\/01\/\u5c0f\u76ae\u79d2\u8be6\u60c5\u9875\u5207\u56fe-1.jpg\" alt=\"\" width=\"1920\" height=\"1080\" srcset=\"https:\/\/www.mlkjlasers.com\/wp-content\/uploads\/2026\/01\/\u5c0f\u76ae\u79d2\u8be6\u60c5\u9875\u5207\u56fe-1.jpg 1920w, https:\/\/www.mlkjlasers.com\/wp-content\/uploads\/2026\/01\/\u5c0f\u76ae\u79d2\u8be6\u60c5\u9875\u5207\u56fe-1-300x169.jpg 300w, https:\/\/www.mlkjlasers.com\/wp-content\/uploads\/2026\/01\/\u5c0f\u76ae\u79d2\u8be6\u60c5\u9875\u5207\u56fe-1-1024x576.jpg 1024w, https:\/\/www.mlkjlasers.com\/wp-content\/uploads\/2026\/01\/\u5c0f\u76ae\u79d2\u8be6\u60c5\u9875\u5207\u56fe-1-768x432.jpg 768w, https:\/\/www.mlkjlasers.com\/wp-content\/uploads\/2026\/01\/\u5c0f\u76ae\u79d2\u8be6\u60c5\u9875\u5207\u56fe-1-1536x864.jpg 1536w, https:\/\/www.mlkjlasers.com\/wp-content\/uploads\/2026\/01\/\u5c0f\u76ae\u79d2\u8be6\u60c5\u9875\u5207\u56fe-1-600x338.jpg 600w\" sizes=\"(max-width: 1920px) 100vw, 1920px\" \/><\/span><\/p>\n<\/div>\n<div class=\"des2\" style=\"text-align: left;\">\n<p><span style=\"font-family: helvetica, arial, sans-serif; font-size: 14pt;\"><strong>Caracteristici tehnice Laser Picosencond:<\/strong><\/span><\/p>\n<p><span style=\"font-family: helvetica, arial, sans-serif; font-size: 14pt;\">1) F\u0103r\u0103 leziuni ale pielii \u0219i foliculului de p\u0103r; F\u0103r\u0103 risc de cicatrici.<\/span><br \/>\n<span style=\"font-family: helvetica, arial, sans-serif; font-size: 14pt;\">2) Tehnologie laser de \u00eenalt\u0103 calitate, standard interna\u021bional de produc\u021bie, test tehnic strict.<\/span><br \/>\n<span style=\"font-family: helvetica, arial, sans-serif; font-size: 14pt;\">3) Tratament f\u0103r\u0103 durere, efect secundar mic.<\/span><br \/>\n<span style=\"font-family: helvetica, arial, sans-serif; font-size: 14pt;\">4) Laserul Picosecond folose\u0219te tija laser de leg\u0103tur\u0103 cu cristale, cu o durat\u0103 de via\u021b\u0103 lung\u0103 de mai mult de 1 milion.<\/span><br \/>\n<span style=\"font-family: helvetica, arial, sans-serif; font-size: 14pt;\">5) 500W DZ putere, 2 condensatoare, energia maxim\u0103 poate ajunge la 2000mj.<\/span><br \/>\n<span style=\"font-family: helvetica, arial, sans-serif; font-size: 14pt;\">6) garan\u021bie de 2 ani pentru ma\u0219in\u0103, 1 an pentru m\u00e2ner.<\/span><\/p>\n<p><span style=\"font-size: 14pt;\"><img decoding=\"async\" class=\"aligncenter size-full wp-image-3645\" src=\"https:\/\/www.mlkjlasers.com\/wp-content\/uploads\/2026\/01\/\u5c0f\u76ae\u79d2\u8be6\u60c5\u9875\u5207\u56fe-9.jpg\" alt=\"\" width=\"1920\" height=\"1080\" srcset=\"https:\/\/www.mlkjlasers.com\/wp-content\/uploads\/2026\/01\/\u5c0f\u76ae\u79d2\u8be6\u60c5\u9875\u5207\u56fe-9.jpg 1920w, https:\/\/www.mlkjlasers.com\/wp-content\/uploads\/2026\/01\/\u5c0f\u76ae\u79d2\u8be6\u60c5\u9875\u5207\u56fe-9-300x169.jpg 300w, https:\/\/www.mlkjlasers.com\/wp-content\/uploads\/2026\/01\/\u5c0f\u76ae\u79d2\u8be6\u60c5\u9875\u5207\u56fe-9-1024x576.jpg 1024w, https:\/\/www.mlkjlasers.com\/wp-content\/uploads\/2026\/01\/\u5c0f\u76ae\u79d2\u8be6\u60c5\u9875\u5207\u56fe-9-768x432.jpg 768w, https:\/\/www.mlkjlasers.com\/wp-content\/uploads\/2026\/01\/\u5c0f\u76ae\u79d2\u8be6\u60c5\u9875\u5207\u56fe-9-1536x864.jpg 1536w, https:\/\/www.mlkjlasers.com\/wp-content\/uploads\/2026\/01\/\u5c0f\u76ae\u79d2\u8be6\u60c5\u9875\u5207\u56fe-9-600x338.jpg 600w\" sizes=\"(max-width: 1920px) 100vw, 1920px\" \/><\/span><\/p>\n<p><span style=\"font-size: 14pt; font-family: helvetica, arial, sans-serif;\"><strong>Aplicarea laserului picosecond:<\/strong><\/span><\/p>\n<p><span style=\"font-family: helvetica, arial, sans-serif; font-size: 14pt;\">Cel mai nou laser picosecond portabil, pe l\u00e2ng\u0103 capetele laser normale, ad\u0103ug\u0103, de asemenea, capete laser picosecond de 755nm, care pot ob\u021bine strat mai ad\u00e2nc al pielii \u0219i pot face un efect foarte bun pentru toate tipurile de p\u00eengi: cum ar fi cloasma, pigmentul de v\u00e2rst\u0103 etc.<\/span><\/p>\n<p><span style=\"font-family: helvetica, arial, sans-serif; font-size: 14pt;\">* 1064nm, capul 532nm poate face \u00eendep\u0103rtarea tatuajului, \u00eendep\u0103rtarea ochilor etc.<\/span><br \/>\n<span style=\"font-family: helvetica, arial, sans-serif; font-size: 14pt;\">* 1320nm poate face albirea pielii p\u0103pu\u0219ii negre.<\/span><\/p>\n<div class=\"des_box1\">\n<p><span style=\"font-size: 14pt;\"><img loading=\"lazy\" decoding=\"async\" class=\"aligncenter wp-image-3642\" src=\"https:\/\/www.mlkjlasers.com\/wp-content\/uploads\/2026\/01\/\u5c0f\u76ae\u79d2\u8be6\u60c5\u9875\u5207\u56fe-5.jpg\" alt=\"\" width=\"1920\" height=\"1728\" srcset=\"https:\/\/www.mlkjlasers.com\/wp-content\/uploads\/2026\/01\/\u5c0f\u76ae\u79d2\u8be6\u60c5\u9875\u5207\u56fe-5.jpg 1200w, https:\/\/www.mlkjlasers.com\/wp-content\/uploads\/2026\/01\/\u5c0f\u76ae\u79d2\u8be6\u60c5\u9875\u5207\u56fe-5-300x270.jpg 300w, https:\/\/www.mlkjlasers.com\/wp-content\/uploads\/2026\/01\/\u5c0f\u76ae\u79d2\u8be6\u60c5\u9875\u5207\u56fe-5-1024x922.jpg 1024w, https:\/\/www.mlkjlasers.com\/wp-content\/uploads\/2026\/01\/\u5c0f\u76ae\u79d2\u8be6\u60c5\u9875\u5207\u56fe-5-768x691.jpg 768w, https:\/\/www.mlkjlasers.com\/wp-content\/uploads\/2026\/01\/\u5c0f\u76ae\u79d2\u8be6\u60c5\u9875\u5207\u56fe-5-600x540.jpg 600w\" sizes=\"(max-width: 1920px) 100vw, 1920px\" \/><\/span><\/p>\n<\/div>\n<\/div>\n<div class=\"des2\">\n<div class=\"des_box1\">\n<div class=\"des\">\n<h3 class=\"contents\" style=\"text-align: left;\"><span style=\"font-family: helvetica, arial, sans-serif; font-size: 14pt;\">\u00cenainte \u015fi dup\u0103<\/span><\/h3>\n<div style=\"text-align: left;\"><span style=\"font-family: helvetica, arial, sans-serif; font-size: 14pt;\"> <img loading=\"lazy\" decoding=\"async\" class=\"aligncenter size-full wp-image-3643\" src=\"https:\/\/www.mlkjlasers.com\/wp-content\/uploads\/2026\/01\/\u5c0f\u76ae\u79d2\u8be6\u60c5\u9875\u5207\u56fe-6.jpg\" alt=\"\" width=\"1700\" height=\"1000\" srcset=\"https:\/\/www.mlkjlasers.com\/wp-content\/uploads\/2026\/01\/\u5c0f\u76ae\u79d2\u8be6\u60c5\u9875\u5207\u56fe-6.jpg 1700w, https:\/\/www.mlkjlasers.com\/wp-content\/uploads\/2026\/01\/\u5c0f\u76ae\u79d2\u8be6\u60c5\u9875\u5207\u56fe-6-300x176.jpg 300w, https:\/\/www.mlkjlasers.com\/wp-content\/uploads\/2026\/01\/\u5c0f\u76ae\u79d2\u8be6\u60c5\u9875\u5207\u56fe-6-1024x602.jpg 1024w, https:\/\/www.mlkjlasers.com\/wp-content\/uploads\/2026\/01\/\u5c0f\u76ae\u79d2\u8be6\u60c5\u9875\u5207\u56fe-6-768x452.jpg 768w, https:\/\/www.mlkjlasers.com\/wp-content\/uploads\/2026\/01\/\u5c0f\u76ae\u79d2\u8be6\u60c5\u9875\u5207\u56fe-6-1536x904.jpg 1536w, https:\/\/www.mlkjlasers.com\/wp-content\/uploads\/2026\/01\/\u5c0f\u76ae\u79d2\u8be6\u60c5\u9875\u5207\u56fe-6-600x353.jpg 600w\" sizes=\"(max-width: 1700px) 100vw, 1700px\" \/><\/span><\/div>\n<div>\n<div style=\"text-align: left;\"><span style=\"font-family: helvetica, arial, sans-serif; font-size: 14pt;\"> <img loading=\"lazy\" decoding=\"async\" class=\"aligncenter size-full wp-image-3640\" src=\"https:\/\/www.mlkjlasers.com\/wp-content\/uploads\/2026\/01\/\u5c0f\u76ae\u79d2\u8be6\u60c5\u9875\u5207\u56fe-3.jpg\" alt=\"\" width=\"1920\" height=\"1516\" srcset=\"https:\/\/www.mlkjlasers.com\/wp-content\/uploads\/2026\/01\/\u5c0f\u76ae\u79d2\u8be6\u60c5\u9875\u5207\u56fe-3.jpg 1920w, https:\/\/www.mlkjlasers.com\/wp-content\/uploads\/2026\/01\/\u5c0f\u76ae\u79d2\u8be6\u60c5\u9875\u5207\u56fe-3-300x237.jpg 300w, https:\/\/www.mlkjlasers.com\/wp-content\/uploads\/2026\/01\/\u5c0f\u76ae\u79d2\u8be6\u60c5\u9875\u5207\u56fe-3-1024x809.jpg 1024w, https:\/\/www.mlkjlasers.com\/wp-content\/uploads\/2026\/01\/\u5c0f\u76ae\u79d2\u8be6\u60c5\u9875\u5207\u56fe-3-768x606.jpg 768w, https:\/\/www.mlkjlasers.com\/wp-content\/uploads\/2026\/01\/\u5c0f\u76ae\u79d2\u8be6\u60c5\u9875\u5207\u56fe-3-1536x1213.jpg 1536w, https:\/\/www.mlkjlasers.com\/wp-content\/uploads\/2026\/01\/\u5c0f\u76ae\u79d2\u8be6\u60c5\u9875\u5207\u56fe-3-600x474.jpg 600w\" sizes=\"(max-width: 1920px) 100vw, 1920px\" \/><\/span><\/div>\n<p style=\"text-align: left;\"><span style=\"font-family: helvetica, arial, sans-serif; font-size: 14pt;\"><strong>* Trata\u021bi petele de piele, cum ar fi petele de cafea, petele de foto\u00eemb\u0103tr\u00e2nire, m\u0103rcile de acnee \u0219i ridurile, precum \u0219i tatuajele ro\u0219ii \u0219i galbene<\/strong><\/span><br \/>\n<span style=\"font-family: helvetica, arial, sans-serif; font-size: 14pt;\"><strong>* Trata\u021bi petele dermale, cum ar fi maro<\/strong><\/span><br \/>\n<span style=\"font-family: helvetica, arial, sans-serif; font-size: 14pt;\"><strong>* Cyan nevus, Ota nevus, cloasma, pigmentare, precum \u0219i albire \u0219i luminare pentru a elimina galben, poate sp\u0103la tatuajele negru \u0219i albastru<\/strong><\/span><br \/>\n<span style=\"font-family: helvetica, arial, sans-serif; font-size: 14pt;\"><strong>* Trata\u021bi groape de acnee, mic\u0219ora\u021bi porii, str\u00e2nge\u021bi pielea \u0219i ob\u021bine\u021bi efectul \u00eentinarii pielii.<\/strong><\/span><\/p>\n<div class=\"des\" style=\"text-align: left;\">\n<div class=\"des_item\">\n<table style=\"border-collapse: collapse; width: 100%; height: 120px;\">\n<tbody>\n<tr style=\"height: 24px;\">\n<td style=\"width: 50%; height: 24px;\"><span style=\"font-family: helvetica, arial, sans-serif; font-size: 14pt;\">Avantaje<\/span><\/td>\n<td style=\"width: 50%; height: 24px;\"><span style=\"font-family: helvetica, arial, sans-serif; font-size: 14pt;\">siguran\u021b\u0103<\/span><\/td>\n<\/tr>\n<tr style=\"height: 24px;\">\n<td style=\"width: 50%; height: 24px;\"><span style=\"font-family: helvetica, arial, sans-serif; font-size: 14pt;\">Rapid, f\u0103r\u0103 durere<\/span><\/td>\n<td style=\"width: 50%; height: 24px;\"><span style=\"font-family: helvetica, arial, sans-serif; font-size: 14pt;\">Zgomot redus al sistemului<\/span><\/td>\n<\/tr>\n<tr style=\"height: 24px;\">\n<td style=\"width: 50%; height: 24px;\"><span style=\"font-family: helvetica, arial, sans-serif; font-size: 14pt;\">Nu este nevoie de anestezie local\u0103<\/span><\/td>\n<td style=\"width: 50%; height: 24px;\"><span style=\"font-family: helvetica, arial, sans-serif; font-size: 14pt;\">Reducerea timpului de preg\u0103tire<\/span><\/td>\n<\/tr>\n<tr style=\"height: 24px;\">\n<td style=\"width: 50%; height: 24px;\"><span style=\"font-family: helvetica, arial, sans-serif; font-size: 14pt;\">Expandeaz\u0103-\u021bi baza de pacien\u021bi<\/span><\/td>\n<td style=\"width: 50%; height: 24px;\"><span style=\"font-family: helvetica, arial, sans-serif; font-size: 14pt;\">Cre\u015fte\u0163i profitul<\/span><\/td>\n<\/tr>\n<tr style=\"height: 24px;\">\n<td style=\"width: 50%; height: 24px;\"><span style=\"font-family: helvetica, arial, sans-serif; font-size: 14pt;\">Potrivit pentru tratamentul tuturor p\u0103r\u021bilor corpului<\/span><\/td>\n<td style=\"width: 50%; height: 24px;\"><\/td>\n<\/tr>\n<\/tbody>\n<\/table>\n<p><span style=\"font-size: 14pt;\"><img loading=\"lazy\" decoding=\"async\" class=\"aligncenter wp-image-3639\" src=\"https:\/\/www.mlkjlasers.com\/wp-content\/uploads\/2026\/01\/\u5c0f\u76ae\u79d2\u8be6\u60c5\u9875\u5207\u56fe-2.jpg\" alt=\"\" width=\"1920\" height=\"909\" srcset=\"https:\/\/www.mlkjlasers.com\/wp-content\/uploads\/2026\/01\/\u5c0f\u76ae\u79d2\u8be6\u60c5\u9875\u5207\u56fe-2.jpg 1200w, https:\/\/www.mlkjlasers.com\/wp-content\/uploads\/2026\/01\/\u5c0f\u76ae\u79d2\u8be6\u60c5\u9875\u5207\u56fe-2-300x142.jpg 300w, https:\/\/www.mlkjlasers.com\/wp-content\/uploads\/2026\/01\/\u5c0f\u76ae\u79d2\u8be6\u60c5\u9875\u5207\u56fe-2-1024x485.jpg 1024w, https:\/\/www.mlkjlasers.com\/wp-content\/uploads\/2026\/01\/\u5c0f\u76ae\u79d2\u8be6\u60c5\u9875\u5207\u56fe-2-768x364.jpg 768w, https:\/\/www.mlkjlasers.com\/wp-content\/uploads\/2026\/01\/\u5c0f\u76ae\u79d2\u8be6\u60c5\u9875\u5207\u56fe-2-600x284.jpg 600w\" sizes=\"(max-width: 1920px) 100vw, 1920px\" \/><\/span><\/p>\n<\/div>\n<\/div>\n<div class=\"des_detail\">\n<h3 style=\"text-align: left;\"><span style=\"font-family: helvetica, arial, sans-serif; font-size: 14pt;\">Sistem de control inteligent cu ecran tactil LED<\/span><\/h3>\n<h4 style=\"text-align: left;\"><span style=\"font-family: helvetica, arial, sans-serif; font-size: 14pt;\">Ecran profesionist, u\u0219or de utilizat<\/span><\/h4>\n<h4 style=\"text-align: left;\"><span style=\"font-family: helvetica, arial, sans-serif; font-size: 14pt;\">Engleza \u0219i orice limb\u0103<\/span><\/h4>\n<h4 style=\"text-align: left;\"><span style=\"font-family: helvetica, arial, sans-serif; font-size: 14pt;\">OEM este avialalbe<\/span><\/h4>\n<h4 style=\"text-align: left;\"><span style=\"font-family: helvetica, arial, sans-serif; font-size: 14pt;\">Logo gratuit personalizabil<\/span><\/h4>\n<table class=\"alignleft\" style=\"border-collapse: collapse; width: 100%; height: 120px;\">\n<tbody>\n<tr style=\"height: 24px;\">\n<td style=\"width: 50%; height: 24px;\"><span style=\"font-family: helvetica, arial, sans-serif; font-size: 14pt;\"><b>\u00cendep\u0103rtarea tatuajului cu laser Picosecond<\/b><\/span><\/td>\n<td style=\"width: 50%; height: 24px;\"><span style=\"font-family: helvetica, arial, sans-serif; font-size: 14pt;\">Num\u0103rul modelului: Picosecond portabil<\/span><\/td>\n<\/tr>\n<tr style=\"height: 24px;\">\n<td style=\"width: 50%; height: 24px;\"><span style=\"font-family: helvetica, arial, sans-serif; font-size: 14pt;\">lungime de und\u0103 (lumin\u0103): 1064nm 532nm (spot reglabil); 1064nm 532nm 1320nm 755nm (spot nu reglabil)\u00a0<\/span><\/td>\n<td style=\"width: 50%; height: 24px;\"><span style=\"font-family: helvetica, arial, sans-serif; font-size: 14pt;\">Fotografii: 1.500.000<\/span><\/td>\n<\/tr>\n<tr style=\"height: 24px;\">\n<td style=\"width: 50%; height: 24px;\"><span style=\"font-family: helvetica, arial, sans-serif; font-size: 14pt;\">Func\u021bie: \u00eendep\u0103rtarea tatuajului, albirea pielii, \u00eentinarea pielii<\/span><\/td>\n<td style=\"width: 50%; height: 24px;\"><span style=\"font-family: helvetica, arial, sans-serif; font-size: 14pt;\">Dimensiunea ecranului: ecran tactil LCD 8.4<\/span><\/td>\n<\/tr>\n<tr style=\"height: 24px;\">\n<td style=\"width: 50%; height: 24px;\"><span style=\"font-family: helvetica, arial, sans-serif; font-size: 14pt;\">Spot de lumin\u0103: 1-7mm reglabil<\/span><\/td>\n<td style=\"width: 50%; height: 24px;\"><span style=\"font-family: helvetica, arial, sans-serif; font-size: 14pt;\">Frecven\u021b\u0103: 1-20Hz<\/span><\/td>\n<\/tr>\n<tr style=\"height: 24px;\">\n<td style=\"width: 50%; height: 24px;\"><span style=\"font-family: helvetica, arial, sans-serif; font-size: 14pt;\">Pachet: cutie din aluminiu<\/span><\/td>\n<td style=\"width: 50%; height: 24px;\"><span style=\"font-family: helvetica, arial, sans-serif; font-size: 14pt;\">Garantie: 2 ani<\/span><\/td>\n<\/tr>\n<\/tbody>\n<\/table>\n<div class=\"se4_tit\" style=\"text-align: left;\">\n<div class=\"l right\">\n<p>&nbsp;<\/p>\n<\/div>\n<\/div>\n<p style=\"text-align: left;\">\n<\/div>\n<\/div>\n<\/div>\n<\/div>\n<\/div>","protected":false},"excerpt":{"rendered":"<p><span class=\"src\" data-group=\"0-0\">* Trata\u021bi petele de piele, cum ar fi petele de cafea, petele de foto\u00eemb\u0103tr\u00e2nire, m\u0103rcile de acnee \u0219i ridurile, precum \u0219i tatuajele ro\u0219ii \u0219i galbene <\/span><\/p>\n<p><span class=\"src\" data-group=\"1-0\">* Trata\u021bi petele dermale, cum ar fi maro <\/span><\/p>\n<p><span class=\"src\" data-group=\"2-0\">* Cyan nevus, Ota nevus, cloasma, pigmentare, precum \u0219i albire \u0219i luminare pentru a elimina galben, poate sp\u0103la tatuajele negru \u0219i albastru <\/span><\/p>\n<p><span class=\"src\" data-group=\"3-0\">* Trata\u021bi groape de acnee, mic\u0219ora\u021bi porii, str\u00e2nge\u021bi pielea \u0219i ob\u021bine\u021bi efectul \u00eentinarii pielii.<\/span><\/p>","protected":false},"featured_media":3652,"comment_status":"open","ping_status":"closed","template":"","meta":[],"product_cat":[23],"product_tag":[],"class_list":["post-1866","product","type-product","status-publish","has-post-thumbnail","hentry","product_cat-picosecond-laser"],"_links":{"self":[{"href":"https:\/\/www.mlkjlasers.com\/ro\/wp-json\/wp\/v2\/product\/1866","targetHints":{"allow":["GET"]}}],"collection":[{"href":"https:\/\/www.mlkjlasers.com\/ro\/wp-json\/wp\/v2\/product"}],"about":[{"href":"https:\/\/www.mlkjlasers.com\/ro\/wp-json\/wp\/v2\/types\/product"}],"replies":[{"embeddable":true,"href":"https:\/\/www.mlkjlasers.com\/ro\/wp-json\/wp\/v2\/comments?post=1866"}],"wp:featuredmedia":[{"embeddable":true,"href":"https:\/\/www.mlkjlasers.com\/ro\/wp-json\/wp\/v2\/media\/3652"}],"wp:attachment":[{"href":"https:\/\/www.mlkjlasers.com\/ro\/wp-json\/wp\/v2\/media?parent=1866"}],"wp:term":[{"taxonomy":"product_cat","embeddable":true,"href":"https:\/\/www.mlkjlasers.com\/ro\/wp-json\/wp\/v2\/product_cat?post=1866"},{"taxonomy":"product_tag","embeddable":true,"href":"https:\/\/www.mlkjlasers.com\/ro\/wp-json\/wp\/v2\/product_tag?post=1866"}],"curies":[{"name":"wp","href":"https:\/\/api.w.org\/{rel}","templated":true}]}}