{"id":1916,"date":"2023-07-24T13:50:08","date_gmt":"2023-07-24T05:50:08","guid":{"rendered":"https:\/\/mlkjlasers.com\/?post_type=product&#038;p=1916"},"modified":"2026-01-30T09:14:23","modified_gmt":"2026-01-30T01:14:23","slug":"mlkj-medical-diode-laser-titanium-double-handle-hair-removal-machine-2-2-3","status":"publish","type":"product","link":"https:\/\/www.mlkjlasers.com\/ro\/product\/mlkj-medical-diode-laser-titanium-double-handle-hair-removal-machine-2-2-3\/","title":{"rendered":"Ma\u0219in\u0103 portabil\u0103 cu laser 755 808nm 1064nm Ma\u0219in\u0103 de \u00eendep\u0103rtare cu laser cu diod\u0103"},"content":{"rendered":"<div>\n<table style=\"border-collapse: collapse; width: 100%; height: 167px;\">\n<tbody>\n<tr style=\"height: 23px;\">\n<td style=\"width: 50%; height: 23px;\"><span style=\"font-family: helvetica, arial, sans-serif; color: #000000; font-size: 12pt;\"><b>Protable Diode Laser \u00eendep\u0103rtare a p\u0103rului<\/b><\/span><\/td>\n<td style=\"width: 50%; height: 23px;\"><span style=\"font-family: helvetica, arial, sans-serif; color: #000000; font-size: 12pt;\">Num\u0103rul modelului: Diode Laser D10<\/span><\/td>\n<\/tr>\n<tr style=\"height: 24px;\">\n<td style=\"width: 50%; height: 24px;\"><span style=\"font-family: helvetica, arial, sans-serif; color: #000000; font-size: 12pt;\">Lungimea de und\u0103: 808nm sau 755 808 1064nm<\/span><\/td>\n<td style=\"width: 50%; height: 24px;\"><span style=\"font-family: helvetica, arial, sans-serif; color: #000000; font-size: 12pt;\">Dimensiune ecran: 14 inch 4K stil ecran tactil<\/span><\/td>\n<\/tr>\n<tr style=\"height: 24px;\">\n<td style=\"width: 50%; height: 24px;\"><span style=\"font-family: helvetica, arial, sans-serif; color: #000000; font-size: 12pt;\">Durata de via\u021b\u0103: 40 de milioane de fotografii<\/span><\/td>\n<td style=\"width: 50%; height: 24px;\"><span style=\"font-family: helvetica, arial, sans-serif; color: #000000; font-size: 12pt;\">Durata pulsului: 10-300ms<\/span><\/td>\n<\/tr>\n<tr style=\"height: 24px;\">\n<td style=\"width: 50%; height: 24px;\"><span style=\"font-family: helvetica, arial, sans-serif; color: #000000; font-size: 12pt;\">Banda cu laser: 1200w pentru fiecare, bara cu laser coerent\u0103 din America<\/span><\/td>\n<td style=\"width: 50%; height: 24px;\"><span style=\"font-family: helvetica, arial, sans-serif; color: #000000; font-size: 12pt;\">Frecven\u021b\u0103: 1-10hz<\/span><\/td>\n<\/tr>\n<tr style=\"height: 24px;\">\n<td style=\"width: 50%; height: 24px;\"><span style=\"font-family: helvetica, arial, sans-serif; color: #000000; font-size: 12pt;\">Energie: 1-150J<\/span><\/td>\n<td style=\"width: 50%; height: 24px;\"><span style=\"font-family: helvetica, arial, sans-serif; color: #000000; font-size: 12pt;\">Sistem de r\u0103cire: circuit de ap\u0103 a compresorului<\/span><\/td>\n<\/tr>\n<tr style=\"height: 24px;\">\n<td style=\"width: 50%; height: 24px;\"><span style=\"font-family: helvetica, arial, sans-serif; color: #000000; font-size: 12pt;\">Puterea ma\u0219inii: 3500W<\/span><\/td>\n<td style=\"width: 50%; height: 24px;\"><span style=\"font-family: helvetica, arial, sans-serif; color: #000000; font-size: 12pt;\">Tensiune: AC110V 60HZ \/ AC220V 50HZ<\/span><\/td>\n<\/tr>\n<tr style=\"height: 24px;\">\n<td style=\"width: 50%; height: 24px;\"><span style=\"font-family: helvetica, arial, sans-serif; color: #000000; font-size: 12pt;\">Pachet: cutie din aluminiu<\/span><\/td>\n<td style=\"width: 50%; height: 24px;\"><span style=\"font-family: helvetica, arial, sans-serif; color: #000000; font-size: 12pt;\">Mandat de arestare: garan\u021bie pe via\u021b\u0103<\/span><\/td>\n<\/tr>\n<\/tbody>\n<\/table>\n<\/div>\n<p><img fetchpriority=\"high\" decoding=\"async\" class=\"aligncenter size-full wp-image-3903\" src=\"https:\/\/www.mlkjlasers.com\/wp-content\/uploads\/2026\/01\/D10-\u8be6\u60c5\u9875\u53ef\u7f16\u8f91_01.jpg\" alt=\"\" width=\"2342\" height=\"1545\" srcset=\"https:\/\/www.mlkjlasers.com\/wp-content\/uploads\/2026\/01\/D10-\u8be6\u60c5\u9875\u53ef\u7f16\u8f91_01.jpg 2342w, https:\/\/www.mlkjlasers.com\/wp-content\/uploads\/2026\/01\/D10-\u8be6\u60c5\u9875\u53ef\u7f16\u8f91_01-300x198.jpg 300w, https:\/\/www.mlkjlasers.com\/wp-content\/uploads\/2026\/01\/D10-\u8be6\u60c5\u9875\u53ef\u7f16\u8f91_01-1024x676.jpg 1024w, https:\/\/www.mlkjlasers.com\/wp-content\/uploads\/2026\/01\/D10-\u8be6\u60c5\u9875\u53ef\u7f16\u8f91_01-768x507.jpg 768w, https:\/\/www.mlkjlasers.com\/wp-content\/uploads\/2026\/01\/D10-\u8be6\u60c5\u9875\u53ef\u7f16\u8f91_01-1536x1013.jpg 1536w, https:\/\/www.mlkjlasers.com\/wp-content\/uploads\/2026\/01\/D10-\u8be6\u60c5\u9875\u53ef\u7f16\u8f91_01-2048x1351.jpg 2048w, https:\/\/www.mlkjlasers.com\/wp-content\/uploads\/2026\/01\/D10-\u8be6\u60c5\u9875\u53ef\u7f16\u8f91_01-18x12.jpg 18w, https:\/\/www.mlkjlasers.com\/wp-content\/uploads\/2026\/01\/D10-\u8be6\u60c5\u9875\u53ef\u7f16\u8f91_01-600x396.jpg 600w\" sizes=\"(max-width: 2342px) 100vw, 2342px\" \/><\/p>\n<p style=\"text-align: left;\"><span style=\"font-family: helvetica, arial, sans-serif; color: #000000; font-size: 12pt;\"><span style=\"font-size: 14pt;\"><strong>MLKJ cu laser<\/strong><\/span>\u00a0Este lumea&#8217; s cea mai avansat\u0103 \u0219i nedureroas\u0103 tehnologie de \u00eendep\u0103rtare permanent\u0103 a p\u0103rului. Pentru diferite tipuri de piele \u00eendep\u0103rtarea culorii p\u0103rului, p\u0103rul de grosime diferit\u0103, p\u0103rul de nuan\u021be diferite etc.; m\u00e2nerul adopt\u0103 un design laser unic, capul laser este mai mare, astfel \u00eenc\u00e2t s\u0103 poat\u0103 acoperi mai mult\u0103 suprafa\u021b\u0103, \u00eendep\u0103rtarea p\u0103rului cu 40% mai rapid\u0103 dec\u00e2t altele.<\/span><\/p>\n<p style=\"text-align: left;\"><span style=\"font-family: helvetica, arial, sans-serif; color: #000000; font-size: 12pt;\">4 unde 755 808 940 1064nm, care are o gam\u0103 larg\u0103 de aplicabilitate pentru diferite tipuri de \u00eendep\u0103rtare a p\u0103rului, avem certificate FDA, CE, ISO13485 \u0219i c\u0103ut\u0103m \u00eentotdeauna inspira\u021bie inovatoare pentru a aduce produse mai fiabile partenerilor \u0219i clien\u021bilor no\u0219tri.<span style=\"color: #0000ff; font-size: 14pt;\"><strong><a style=\"color: #0000ff;\" href=\"https:\/\/www.mlkjlasers.com\/ro\/contact-us\/\" target=\"_blank\" rel=\"noopener\">Contacta\u0163i-ne acum!<\/a><\/strong><\/span><\/span><\/p>\n<p>&nbsp;<\/p>\n<p><span style=\"font-family: helvetica, arial, sans-serif; color: #000000; font-size: 12pt;\">Cu introducerea de <strong>755nm, 808nm, 1064nm<\/strong> tehnologie de \u00eendep\u0103rtare a p\u0103rului, industria de \u00eendep\u0103rtare a p\u0103rului cu laser a suferit schimb\u0103ri revolu\u021bionare<\/span><\/p>\n<p><span style=\"font-family: helvetica, arial, sans-serif; color: #000000; font-size: 12pt;\">Aceste sisteme avansate aduc o nou\u0103 er\u0103 de vitez\u0103, eficien\u021b\u0103 \u0219i confort, redefinind experien\u021ba de \u00eendep\u0103rtare a p\u0103rului at\u00e2t pentru clien\u021bi, c\u00e2t \u0219i pentru practicieni.<\/span><\/p>\n<div class=\"J_module\">\n<div class=\"flex-layout-h magic-1\"><span style=\"font-family: helvetica, arial, sans-serif; color: #000000; font-size: 12pt;\"><img decoding=\"async\" class=\"aligncenter wp-image-3910\" src=\"https:\/\/www.mlkjlasers.com\/wp-content\/uploads\/2026\/01\/D10-\u8be6\u60c5\u9875\u53ef\u7f16\u8f91_08.png\" alt=\"\" width=\"1920\" height=\"1124\" srcset=\"https:\/\/www.mlkjlasers.com\/wp-content\/uploads\/2026\/01\/D10-\u8be6\u60c5\u9875\u53ef\u7f16\u8f91_08.png 1170w, https:\/\/www.mlkjlasers.com\/wp-content\/uploads\/2026\/01\/D10-\u8be6\u60c5\u9875\u53ef\u7f16\u8f91_08-300x176.png 300w, https:\/\/www.mlkjlasers.com\/wp-content\/uploads\/2026\/01\/D10-\u8be6\u60c5\u9875\u53ef\u7f16\u8f91_08-1024x600.png 1024w, https:\/\/www.mlkjlasers.com\/wp-content\/uploads\/2026\/01\/D10-\u8be6\u60c5\u9875\u53ef\u7f16\u8f91_08-768x450.png 768w, https:\/\/www.mlkjlasers.com\/wp-content\/uploads\/2026\/01\/D10-\u8be6\u60c5\u9875\u53ef\u7f16\u8f91_08-18x12.png 18w, https:\/\/www.mlkjlasers.com\/wp-content\/uploads\/2026\/01\/D10-\u8be6\u60c5\u9875\u53ef\u7f16\u8f91_08-600x351.png 600w\" sizes=\"(max-width: 1920px) 100vw, 1920px\" \/><\/span><\/div>\n<div><\/div>\n<\/div>\n<div>\n<p><span style=\"font-family: helvetica, arial, sans-serif; color: #000000; font-size: 14pt;\"><strong>\u00cendep\u0103rtarea complet\u0103 a p\u0103rului<\/strong><\/span><\/p>\n<p><span style=\"font-family: helvetica, arial, sans-serif; color: #000000; font-size: 12pt;\">Versatilitatea acestor sisteme laser este cu adev\u0103rat excep\u021bional\u0103. Dimensiunea punctului este 12 * 20mm 12 * 35mm, perfect pentru \u00eendep\u0103rtarea p\u0103rului pe toate p\u0103r\u021bile corpului<\/span><\/p>\n<p><span style=\"font-family: helvetica, arial, sans-serif; color: #000000; font-size: 12pt;\">Indiferent dac\u0103 este o zon\u0103 mare sau o zon\u0103 fragil\u0103, clien\u021bii pot ob\u021bine acum un efect de \u00eendep\u0103rtare a p\u0103rului pe toat\u0103 via\u021ba cu un plan de tratament de 3-5 sesiuni, f\u0103c\u00e2nd procesul esen\u021bial permanent.<\/span><\/p>\n<\/div>\n<p><img decoding=\"async\" class=\"aligncenter wp-image-3905\" src=\"https:\/\/www.mlkjlasers.com\/wp-content\/uploads\/2026\/01\/D10-\u8be6\u60c5\u9875\u53ef\u7f16\u8f91_03.jpg\" alt=\"\" width=\"1920\" height=\"1701\" srcset=\"https:\/\/www.mlkjlasers.com\/wp-content\/uploads\/2026\/01\/D10-\u8be6\u60c5\u9875\u53ef\u7f16\u8f91_03.jpg 2342w, https:\/\/www.mlkjlasers.com\/wp-content\/uploads\/2026\/01\/D10-\u8be6\u60c5\u9875\u53ef\u7f16\u8f91_03-300x266.jpg 300w, https:\/\/www.mlkjlasers.com\/wp-content\/uploads\/2026\/01\/D10-\u8be6\u60c5\u9875\u53ef\u7f16\u8f91_03-1024x907.jpg 1024w, https:\/\/www.mlkjlasers.com\/wp-content\/uploads\/2026\/01\/D10-\u8be6\u60c5\u9875\u53ef\u7f16\u8f91_03-768x680.jpg 768w, https:\/\/www.mlkjlasers.com\/wp-content\/uploads\/2026\/01\/D10-\u8be6\u60c5\u9875\u53ef\u7f16\u8f91_03-1536x1361.jpg 1536w, https:\/\/www.mlkjlasers.com\/wp-content\/uploads\/2026\/01\/D10-\u8be6\u60c5\u9875\u53ef\u7f16\u8f91_03-2048x1815.jpg 2048w, https:\/\/www.mlkjlasers.com\/wp-content\/uploads\/2026\/01\/D10-\u8be6\u60c5\u9875\u53ef\u7f16\u8f91_03-14x12.jpg 14w, https:\/\/www.mlkjlasers.com\/wp-content\/uploads\/2026\/01\/D10-\u8be6\u60c5\u9875\u53ef\u7f16\u8f91_03-600x532.jpg 600w\" sizes=\"(max-width: 1920px) 100vw, 1920px\" \/><\/p>\n<p>&nbsp;<\/p>\n<p style=\"text-align: left;\"><span style=\"font-family: helvetica, arial, sans-serif; font-size: 14pt; color: #000000;\"><strong>Siguran\u021b\u0103 \u0219i eficacitate<\/strong><\/span><\/p>\n<p style=\"text-align: left;\"><span style=\"font-family: helvetica, arial, sans-serif; color: #000000; font-size: 12pt;\">* FDA CE TUV MDL Certificat medical aprobat<\/span><br \/>\n<span style=\"font-family: helvetica, arial, sans-serif; color: #000000; font-size: 12pt;\">* Patru lungimi de unda 755nm 808nm 940nm 1064nm diod\u0103 laser de \u00eendep\u0103rtare a p\u0103rului tehnologii \u00eentr-un singur m\u00e2ner, potrivit pentru toate culorile pielii \u0219i p\u0103rului.<\/span><\/p>\n<p><span style=\"font-family: helvetica, arial, sans-serif; color: #000000; font-size: 12pt;\"><img loading=\"lazy\" decoding=\"async\" class=\"aligncenter size-full wp-image-3906\" src=\"https:\/\/www.mlkjlasers.com\/wp-content\/uploads\/2026\/01\/D10-\u8be6\u60c5\u9875\u53ef\u7f16\u8f91_04.jpg\" alt=\"\" width=\"2342\" height=\"1657\" srcset=\"https:\/\/www.mlkjlasers.com\/wp-content\/uploads\/2026\/01\/D10-\u8be6\u60c5\u9875\u53ef\u7f16\u8f91_04.jpg 2342w, https:\/\/www.mlkjlasers.com\/wp-content\/uploads\/2026\/01\/D10-\u8be6\u60c5\u9875\u53ef\u7f16\u8f91_04-300x212.jpg 300w, https:\/\/www.mlkjlasers.com\/wp-content\/uploads\/2026\/01\/D10-\u8be6\u60c5\u9875\u53ef\u7f16\u8f91_04-1024x724.jpg 1024w, https:\/\/www.mlkjlasers.com\/wp-content\/uploads\/2026\/01\/D10-\u8be6\u60c5\u9875\u53ef\u7f16\u8f91_04-768x543.jpg 768w, https:\/\/www.mlkjlasers.com\/wp-content\/uploads\/2026\/01\/D10-\u8be6\u60c5\u9875\u53ef\u7f16\u8f91_04-1536x1087.jpg 1536w, https:\/\/www.mlkjlasers.com\/wp-content\/uploads\/2026\/01\/D10-\u8be6\u60c5\u9875\u53ef\u7f16\u8f91_04-2048x1449.jpg 2048w, https:\/\/www.mlkjlasers.com\/wp-content\/uploads\/2026\/01\/D10-\u8be6\u60c5\u9875\u53ef\u7f16\u8f91_04-18x12.jpg 18w, https:\/\/www.mlkjlasers.com\/wp-content\/uploads\/2026\/01\/D10-\u8be6\u60c5\u9875\u53ef\u7f16\u8f91_04-600x425.jpg 600w\" sizes=\"(max-width: 2342px) 100vw, 2342px\" \/><\/span><\/p>\n<p><span style=\"font-family: helvetica, arial, sans-serif; color: #000000; font-size: 14pt;\"><strong>R\u0103cirea cu ghea\u021b\u0103 reduce durerea<\/strong><\/span><\/p>\n<p><span style=\"font-family: helvetica, arial, sans-serif; color: #000000; font-size: 12pt;\">Acum tehnologia cu putere ridicat\u0103 \u0219i puls scurt asigur\u0103 c\u0103: \u00eenainte ca corpul s\u0103 simt\u0103 durerea, lovitura de lumin\u0103 s-a terminat. \u00centregul proces este foarte confortabil, nu sim\u021bi durere. De obicei, 3-5 sesiuni pot realiza \u00eendep\u0103rtarea permanent\u0103 a p\u0103rului. Comfortbale-ul pacientului prin r\u0103cirea continu\u0103 a pielii, durerea \u0219i disconfortul sunt reduse semnificativ.<\/span><\/p>\n<p><img loading=\"lazy\" decoding=\"async\" class=\"aligncenter size-full wp-image-3908\" src=\"https:\/\/www.mlkjlasers.com\/wp-content\/uploads\/2026\/01\/D10-\u8be6\u60c5\u9875\u53ef\u7f16\u8f91_06.jpg\" alt=\"\" width=\"2342\" height=\"1923\" srcset=\"https:\/\/www.mlkjlasers.com\/wp-content\/uploads\/2026\/01\/D10-\u8be6\u60c5\u9875\u53ef\u7f16\u8f91_06.jpg 2342w, https:\/\/www.mlkjlasers.com\/wp-content\/uploads\/2026\/01\/D10-\u8be6\u60c5\u9875\u53ef\u7f16\u8f91_06-300x246.jpg 300w, https:\/\/www.mlkjlasers.com\/wp-content\/uploads\/2026\/01\/D10-\u8be6\u60c5\u9875\u53ef\u7f16\u8f91_06-1024x841.jpg 1024w, https:\/\/www.mlkjlasers.com\/wp-content\/uploads\/2026\/01\/D10-\u8be6\u60c5\u9875\u53ef\u7f16\u8f91_06-768x631.jpg 768w, https:\/\/www.mlkjlasers.com\/wp-content\/uploads\/2026\/01\/D10-\u8be6\u60c5\u9875\u53ef\u7f16\u8f91_06-1536x1261.jpg 1536w, https:\/\/www.mlkjlasers.com\/wp-content\/uploads\/2026\/01\/D10-\u8be6\u60c5\u9875\u53ef\u7f16\u8f91_06-2048x1682.jpg 2048w, https:\/\/www.mlkjlasers.com\/wp-content\/uploads\/2026\/01\/D10-\u8be6\u60c5\u9875\u53ef\u7f16\u8f91_06-15x12.jpg 15w, https:\/\/www.mlkjlasers.com\/wp-content\/uploads\/2026\/01\/D10-\u8be6\u60c5\u9875\u53ef\u7f16\u8f91_06-600x493.jpg 600w\" sizes=\"(max-width: 2342px) 100vw, 2342px\" \/><\/p>\n<p class=\"contents\" style=\"text-align: left;\"><span style=\"font-size: 18pt;\"><strong><span style=\"font-family: helvetica, arial, sans-serif; color: #000000;\">\u00cenainte \u015fi dup\u0103<\/span><\/strong><\/span><\/p>\n<p><span style=\"font-family: helvetica, arial, sans-serif; color: #000000; font-size: 12pt;\"> <img loading=\"lazy\" decoding=\"async\" class=\"aligncenter size-full wp-image-3909\" src=\"https:\/\/www.mlkjlasers.com\/wp-content\/uploads\/2026\/01\/D10-\u8be6\u60c5\u9875\u53ef\u7f16\u8f91_07.jpg\" alt=\"\" width=\"2342\" height=\"1322\" srcset=\"https:\/\/www.mlkjlasers.com\/wp-content\/uploads\/2026\/01\/D10-\u8be6\u60c5\u9875\u53ef\u7f16\u8f91_07.jpg 2342w, https:\/\/www.mlkjlasers.com\/wp-content\/uploads\/2026\/01\/D10-\u8be6\u60c5\u9875\u53ef\u7f16\u8f91_07-300x169.jpg 300w, https:\/\/www.mlkjlasers.com\/wp-content\/uploads\/2026\/01\/D10-\u8be6\u60c5\u9875\u53ef\u7f16\u8f91_07-1024x578.jpg 1024w, https:\/\/www.mlkjlasers.com\/wp-content\/uploads\/2026\/01\/D10-\u8be6\u60c5\u9875\u53ef\u7f16\u8f91_07-768x434.jpg 768w, https:\/\/www.mlkjlasers.com\/wp-content\/uploads\/2026\/01\/D10-\u8be6\u60c5\u9875\u53ef\u7f16\u8f91_07-1536x867.jpg 1536w, https:\/\/www.mlkjlasers.com\/wp-content\/uploads\/2026\/01\/D10-\u8be6\u60c5\u9875\u53ef\u7f16\u8f91_07-2048x1156.jpg 2048w, https:\/\/www.mlkjlasers.com\/wp-content\/uploads\/2026\/01\/D10-\u8be6\u60c5\u9875\u53ef\u7f16\u8f91_07-18x10.jpg 18w, https:\/\/www.mlkjlasers.com\/wp-content\/uploads\/2026\/01\/D10-\u8be6\u60c5\u9875\u53ef\u7f16\u8f91_07-600x339.jpg 600w\" sizes=\"(max-width: 2342px) 100vw, 2342px\" \/><\/span><\/p>\n<p><span style=\"font-family: helvetica, arial, sans-serif; font-size: 14pt; color: #000000;\"><strong>Func\u021bionare inteligent\u0103 \u0219i personalizare<\/strong><\/span><\/p>\n<p style=\"text-align: left;\"><span style=\"font-family: helvetica, arial, sans-serif; color: #000000; font-size: 12pt;\">Ecran 4K de 12 inchi, experien\u021b\u0103 tactil\u0103 inteligent\u0103<\/span><br \/>\n<span style=\"font-family: helvetica, arial, sans-serif; color: #000000; font-size: 12pt;\">* Preseturi de tratament personalizabile<\/span><br \/>\n<span style=\"font-family: helvetica, arial, sans-serif; color: #000000; font-size: 12pt;\">* Cu b\u0103rba\u021bi \u0219i femei, 6 stiluri de piele pentru a alege din<\/span><br \/>\n<span style=\"font-family: helvetica, arial, sans-serif; color: #000000; font-size: 12pt;\">* U\u0219or de operat oferind abilit\u0103\u021bi de operare \/ servicii de predare<\/span><br \/>\n<span style=\"font-family: helvetica, arial, sans-serif; color: #000000; font-size: 12pt;\">* Logo-ul \u0219i limba gratuite pot fi personalizate pe ecran<\/span><\/p>\n<p><span style=\"font-family: helvetica, arial, sans-serif; color: #000000; font-size: 12pt;\"> <img loading=\"lazy\" decoding=\"async\" class=\"aligncenter wp-image-3907\" src=\"https:\/\/www.mlkjlasers.com\/wp-content\/uploads\/2026\/01\/D10-\u8be6\u60c5\u9875\u53ef\u7f16\u8f91_05.png\" alt=\"\" width=\"1920\" height=\"1808\" srcset=\"https:\/\/www.mlkjlasers.com\/wp-content\/uploads\/2026\/01\/D10-\u8be6\u60c5\u9875\u53ef\u7f16\u8f91_05.png 1170w, https:\/\/www.mlkjlasers.com\/wp-content\/uploads\/2026\/01\/D10-\u8be6\u60c5\u9875\u53ef\u7f16\u8f91_05-300x283.png 300w, https:\/\/www.mlkjlasers.com\/wp-content\/uploads\/2026\/01\/D10-\u8be6\u60c5\u9875\u53ef\u7f16\u8f91_05-1024x964.png 1024w, https:\/\/www.mlkjlasers.com\/wp-content\/uploads\/2026\/01\/D10-\u8be6\u60c5\u9875\u53ef\u7f16\u8f91_05-768x723.png 768w, https:\/\/www.mlkjlasers.com\/wp-content\/uploads\/2026\/01\/D10-\u8be6\u60c5\u9875\u53ef\u7f16\u8f91_05-13x12.png 13w, https:\/\/www.mlkjlasers.com\/wp-content\/uploads\/2026\/01\/D10-\u8be6\u60c5\u9875\u53ef\u7f16\u8f91_05-600x565.png 600w\" sizes=\"(max-width: 1920px) 100vw, 1920px\" \/><\/span><\/p>\n<p><img loading=\"lazy\" decoding=\"async\" class=\"aligncenter size-full wp-image-3904\" src=\"https:\/\/www.mlkjlasers.com\/wp-content\/uploads\/2026\/01\/D10-\u8be6\u60c5\u9875\u53ef\u7f16\u8f91_02.jpg\" alt=\"\" width=\"2342\" height=\"1392\" srcset=\"https:\/\/www.mlkjlasers.com\/wp-content\/uploads\/2026\/01\/D10-\u8be6\u60c5\u9875\u53ef\u7f16\u8f91_02.jpg 2342w, https:\/\/www.mlkjlasers.com\/wp-content\/uploads\/2026\/01\/D10-\u8be6\u60c5\u9875\u53ef\u7f16\u8f91_02-300x178.jpg 300w, https:\/\/www.mlkjlasers.com\/wp-content\/uploads\/2026\/01\/D10-\u8be6\u60c5\u9875\u53ef\u7f16\u8f91_02-1024x609.jpg 1024w, https:\/\/www.mlkjlasers.com\/wp-content\/uploads\/2026\/01\/D10-\u8be6\u60c5\u9875\u53ef\u7f16\u8f91_02-768x456.jpg 768w, https:\/\/www.mlkjlasers.com\/wp-content\/uploads\/2026\/01\/D10-\u8be6\u60c5\u9875\u53ef\u7f16\u8f91_02-1536x913.jpg 1536w, https:\/\/www.mlkjlasers.com\/wp-content\/uploads\/2026\/01\/D10-\u8be6\u60c5\u9875\u53ef\u7f16\u8f91_02-2048x1217.jpg 2048w, https:\/\/www.mlkjlasers.com\/wp-content\/uploads\/2026\/01\/D10-\u8be6\u60c5\u9875\u53ef\u7f16\u8f91_02-18x12.jpg 18w, https:\/\/www.mlkjlasers.com\/wp-content\/uploads\/2026\/01\/D10-\u8be6\u60c5\u9875\u53ef\u7f16\u8f91_02-600x357.jpg 600w\" sizes=\"(max-width: 2342px) 100vw, 2342px\" \/><\/p>\n<p><img loading=\"lazy\" decoding=\"async\" class=\"aligncenter size-full wp-image-3911\" src=\"https:\/\/www.mlkjlasers.com\/wp-content\/uploads\/2026\/01\/D10-\u8be6\u60c5\u9875\u53ef\u7f16\u8f91_09-scaled.jpg\" alt=\"\" width=\"2069\" height=\"2560\" srcset=\"https:\/\/www.mlkjlasers.com\/wp-content\/uploads\/2026\/01\/D10-\u8be6\u60c5\u9875\u53ef\u7f16\u8f91_09-scaled.jpg 2069w, https:\/\/www.mlkjlasers.com\/wp-content\/uploads\/2026\/01\/D10-\u8be6\u60c5\u9875\u53ef\u7f16\u8f91_09-242x300.jpg 242w, https:\/\/www.mlkjlasers.com\/wp-content\/uploads\/2026\/01\/D10-\u8be6\u60c5\u9875\u53ef\u7f16\u8f91_09-828x1024.jpg 828w, https:\/\/www.mlkjlasers.com\/wp-content\/uploads\/2026\/01\/D10-\u8be6\u60c5\u9875\u53ef\u7f16\u8f91_09-768x950.jpg 768w, https:\/\/www.mlkjlasers.com\/wp-content\/uploads\/2026\/01\/D10-\u8be6\u60c5\u9875\u53ef\u7f16\u8f91_09-1241x1536.jpg 1241w, https:\/\/www.mlkjlasers.com\/wp-content\/uploads\/2026\/01\/D10-\u8be6\u60c5\u9875\u53ef\u7f16\u8f91_09-1655x2048.jpg 1655w, https:\/\/www.mlkjlasers.com\/wp-content\/uploads\/2026\/01\/D10-\u8be6\u60c5\u9875\u53ef\u7f16\u8f91_09-10x12.jpg 10w, https:\/\/www.mlkjlasers.com\/wp-content\/uploads\/2026\/01\/D10-\u8be6\u60c5\u9875\u53ef\u7f16\u8f91_09-600x742.jpg 600w\" sizes=\"(max-width: 2069px) 100vw, 2069px\" \/><\/p>\n<div class=\"des_detail\">\n<p><span style=\"font-family: helvetica, arial, sans-serif; font-size: 12pt; color: #000000;\">Avem <strong>FDA-ului<\/strong> \u0219i <strong>CE<\/strong> certificarea profesional\u0103, urm\u0103rirea inova\u021biei \u0219i a serviciilor de marc\u0103 stabile \u0219i asigurarea faptului c\u0103 partenerii \u0219i clien\u021bii primesc produse de \u00eencredere \u0219i de ultim\u0103 or\u0103.<\/span><br \/>\n<span style=\"font-family: helvetica, arial, sans-serif; font-size: 12pt; color: #000000;\">Contacta\u0163i-ne acum pentru a experimenta aceast\u0103 tehnologie de ultim\u0103 or\u0103 \u015fi pentru a intra \u00een viitorul \u00eendep\u0103rt\u0103rii p\u0103rului!<\/span><\/p>\n<p><strong><span style=\"font-size: 14pt; font-family: helvetica, arial, sans-serif; color: #0000ff;\"><a style=\"color: #0000ff;\" href=\"https:\/\/www.mlkjlasers.com\/ro\/contact-us\/\" target=\"_blank\" rel=\"noopener\">Contacta\u0163i-ne acum!<\/a><\/span><\/strong><\/p>\n<p>&nbsp;<\/p>\n<\/div>","protected":false},"excerpt":{"rendered":"<p><span style=\"font-family: helvetica, arial, sans-serif;\">15 ani de produc\u0103tor de instrumente de frumuse\u021be laser<\/span><\/p>\n<p><span style=\"font-family: helvetica, arial, sans-serif;\">Solu\u021bii de personalizare \u0219i tratament OEM\/ODM<\/span><\/p>\n<p><span style=\"font-family: helvetica, arial, sans-serif;\">3-5 sesiuni pot realiza \u00eendep\u0103rtarea permanent\u0103 a p\u0103rului<\/span><\/p>\n<p>FDA CE TUV MDL Certificat medical aprobat<\/p>\n<p><a href=\"https:\/\/www.mlkjlasers.com\/ro\/contact-us\/\">Cere\u021bi pre\u021buri acum!<\/a><\/p>","protected":false},"featured_media":3857,"comment_status":"open","ping_status":"closed","template":"","meta":[],"product_cat":[15],"product_tag":[],"class_list":["post-1916","product","type-product","status-publish","has-post-thumbnail","hentry","product_cat-diode-laser-hair-removal-machine"],"_links":{"self":[{"href":"https:\/\/www.mlkjlasers.com\/ro\/wp-json\/wp\/v2\/product\/1916","targetHints":{"allow":["GET"]}}],"collection":[{"href":"https:\/\/www.mlkjlasers.com\/ro\/wp-json\/wp\/v2\/product"}],"about":[{"href":"https:\/\/www.mlkjlasers.com\/ro\/wp-json\/wp\/v2\/types\/product"}],"replies":[{"embeddable":true,"href":"https:\/\/www.mlkjlasers.com\/ro\/wp-json\/wp\/v2\/comments?post=1916"}],"wp:featuredmedia":[{"embeddable":true,"href":"https:\/\/www.mlkjlasers.com\/ro\/wp-json\/wp\/v2\/media\/3857"}],"wp:attachment":[{"href":"https:\/\/www.mlkjlasers.com\/ro\/wp-json\/wp\/v2\/media?parent=1916"}],"wp:term":[{"taxonomy":"product_cat","embeddable":true,"href":"https:\/\/www.mlkjlasers.com\/ro\/wp-json\/wp\/v2\/product_cat?post=1916"},{"taxonomy":"product_tag","embeddable":true,"href":"https:\/\/www.mlkjlasers.com\/ro\/wp-json\/wp\/v2\/product_tag?post=1916"}],"curies":[{"name":"wp","href":"https:\/\/api.w.org\/{rel}","templated":true}]}}