{"id":2035,"date":"2023-07-25T14:29:49","date_gmt":"2023-07-25T06:29:49","guid":{"rendered":"https:\/\/mlkjlasers.com\/?post_type=product&#038;p=2035"},"modified":"2026-01-27T14:41:11","modified_gmt":"2026-01-27T06:41:11","slug":"4-handles-in-1-ems-body-sculpt-slimming-machine-2","status":"publish","type":"product","link":"https:\/\/www.mlkjlasers.com\/ro\/product\/4-handles-in-1-ems-body-sculpt-slimming-machine-2\/","title":{"rendered":"Ma\u0219in\u0103 de sculptur\u0103 a corpului 4 m\u00e2nere electromagnetice de cl\u0103dire a mu\u0219chilor Pierderea \u00een greutate Ma\u0219in\u0103 de sl\u0103bire"},"content":{"rendered":"<p><span style=\"font-size: 14pt;\"><img fetchpriority=\"high\" decoding=\"async\" class=\"aligncenter size-full wp-image-3796\" src=\"https:\/\/www.mlkjlasers.com\/wp-content\/uploads\/2026\/01\/X.jpg\" alt=\"\" width=\"1920\" height=\"1080\" srcset=\"https:\/\/www.mlkjlasers.com\/wp-content\/uploads\/2026\/01\/X.jpg 1920w, https:\/\/www.mlkjlasers.com\/wp-content\/uploads\/2026\/01\/X-300x169.jpg 300w, https:\/\/www.mlkjlasers.com\/wp-content\/uploads\/2026\/01\/X-1024x576.jpg 1024w, https:\/\/www.mlkjlasers.com\/wp-content\/uploads\/2026\/01\/X-768x432.jpg 768w, https:\/\/www.mlkjlasers.com\/wp-content\/uploads\/2026\/01\/X-1536x864.jpg 1536w, https:\/\/www.mlkjlasers.com\/wp-content\/uploads\/2026\/01\/X-18x10.jpg 18w, https:\/\/www.mlkjlasers.com\/wp-content\/uploads\/2026\/01\/X-600x338.jpg 600w\" sizes=\"(max-width: 1920px) 100vw, 1920px\" \/><\/span><\/p>\n<p><span style=\"font-size: 14pt;\"><b>Construi\u021bi Muschi<\/b><\/span><br \/>\n<span style=\"font-size: 14pt;\">Muschii se contract\u0103 de 30.000 de ori la frecven\u021b\u0103 \u0219i intensitate ridicate, permi\u021b\u00e2nd antrenamentul \u0219i cre\u0219terea densit\u0103\u021bii \u0219i volumului muscular.<\/span><br \/>\n<span style=\"font-size: 14pt;\"><b>Reducerea gr\u0103similor<\/b><\/span><br \/>\n<span style=\"font-size: 14pt;\">Contrac\u021bia final\u0103 a mu\u0219chilor necesit\u0103 o cantitate mare de energie, astfel \u00eenc\u00e2t celulele grase l\u00e2ng\u0103 mu\u0219chi sunt, de asemenea, consumate, duc\u00e2nd la apoptoz\u0103 natural\u0103 \u0219i reducerea eficient\u0103 a gr\u0103simii.<\/span><br \/>\n<span style=\"font-size: 14pt;\"><b>sculptur\u0103 muscular\u0103<\/b><\/span><br \/>\n<span style=\"font-size: 14pt;\">Exercitarea mu\u0219chilor abdominali \u0219i glutei, antrena\u021bi mu\u0219chii oblici ai abdomenului \u0219i modela\u021bi linia sirenei.<\/span><\/p>\n<p><span style=\"font-size: 14pt;\"><img decoding=\"async\" class=\"aligncenter size-full wp-image-3767\" src=\"https:\/\/www.mlkjlasers.com\/wp-content\/uploads\/2026\/01\/pro-14.jpg\" alt=\"\" width=\"1920\" height=\"1080\" srcset=\"https:\/\/www.mlkjlasers.com\/wp-content\/uploads\/2026\/01\/pro-14.jpg 1920w, https:\/\/www.mlkjlasers.com\/wp-content\/uploads\/2026\/01\/pro-14-300x169.jpg 300w, https:\/\/www.mlkjlasers.com\/wp-content\/uploads\/2026\/01\/pro-14-1024x576.jpg 1024w, https:\/\/www.mlkjlasers.com\/wp-content\/uploads\/2026\/01\/pro-14-768x432.jpg 768w, https:\/\/www.mlkjlasers.com\/wp-content\/uploads\/2026\/01\/pro-14-1536x864.jpg 1536w, https:\/\/www.mlkjlasers.com\/wp-content\/uploads\/2026\/01\/pro-14-18x10.jpg 18w, https:\/\/www.mlkjlasers.com\/wp-content\/uploads\/2026\/01\/pro-14-600x338.jpg 600w\" sizes=\"(max-width: 1920px) 100vw, 1920px\" \/><\/span><\/p>\n<p><span style=\"font-size: 14pt;\">Func\u021bionalitate multi-mod &#8211; Diferite niveluri de intensitate pentru tratament personalizat.<\/span><br \/>\n<span style=\"font-size: 14pt;\">Rapid &amp; Rezultate vizibile &#8211; Sim\u021bi\u021bi diferen\u021ba \u00een doar c\u00e2teva sesiuni.<\/span><br \/>\n<span style=\"font-size: 14pt;\">Sigur &amp; Non-invaziv &#8211; F\u0103r\u0103 opera\u0163ie, f\u0103r\u0103 timp de oprire, f\u0103r\u0103 durere.<\/span><br \/>\n<span style=\"font-size: 14pt;\">Utilizarea \u00eentregului corp &#8211; Func\u021bioneaz\u0103 pe abdomen, bra\u021be, coapsele, glutee \u0219i multe altele.<\/span><br \/>\n<span style=\"font-size: 14pt;\">U\u0219or de utilizat &#8211; Perfect pentru saloane, clinici de utilizare.<\/span><\/p>\n<p><span style=\"font-size: 14pt;\"><img decoding=\"async\" class=\"aligncenter size-full wp-image-3772\" src=\"https:\/\/www.mlkjlasers.com\/wp-content\/uploads\/2026\/01\/pro-20.jpg\" alt=\"\" width=\"1920\" height=\"1080\" srcset=\"https:\/\/www.mlkjlasers.com\/wp-content\/uploads\/2026\/01\/pro-20.jpg 1920w, https:\/\/www.mlkjlasers.com\/wp-content\/uploads\/2026\/01\/pro-20-300x169.jpg 300w, https:\/\/www.mlkjlasers.com\/wp-content\/uploads\/2026\/01\/pro-20-1024x576.jpg 1024w, https:\/\/www.mlkjlasers.com\/wp-content\/uploads\/2026\/01\/pro-20-768x432.jpg 768w, https:\/\/www.mlkjlasers.com\/wp-content\/uploads\/2026\/01\/pro-20-1536x864.jpg 1536w, https:\/\/www.mlkjlasers.com\/wp-content\/uploads\/2026\/01\/pro-20-18x10.jpg 18w, https:\/\/www.mlkjlasers.com\/wp-content\/uploads\/2026\/01\/pro-20-600x338.jpg 600w\" sizes=\"(max-width: 1920px) 100vw, 1920px\" \/><\/span><\/p>\n<p><span style=\"font-size: 14pt;\">Afi\u0219aj m\u00e2ner<\/span><\/p>\n<p><span style=\"font-size: 14pt;\"><img loading=\"lazy\" decoding=\"async\" class=\"aligncenter size-full wp-image-3791\" src=\"https:\/\/www.mlkjlasers.com\/wp-content\/uploads\/2026\/01\/m-16.jpg\" alt=\"\" width=\"1920\" height=\"1080\" srcset=\"https:\/\/www.mlkjlasers.com\/wp-content\/uploads\/2026\/01\/m-16.jpg 1920w, https:\/\/www.mlkjlasers.com\/wp-content\/uploads\/2026\/01\/m-16-300x169.jpg 300w, https:\/\/www.mlkjlasers.com\/wp-content\/uploads\/2026\/01\/m-16-1024x576.jpg 1024w, https:\/\/www.mlkjlasers.com\/wp-content\/uploads\/2026\/01\/m-16-768x432.jpg 768w, https:\/\/www.mlkjlasers.com\/wp-content\/uploads\/2026\/01\/m-16-1536x864.jpg 1536w, https:\/\/www.mlkjlasers.com\/wp-content\/uploads\/2026\/01\/m-16-18x10.jpg 18w, https:\/\/www.mlkjlasers.com\/wp-content\/uploads\/2026\/01\/m-16-600x338.jpg 600w\" sizes=\"(max-width: 1920px) 100vw, 1920px\" \/><\/span><\/p>\n<p><span style=\"font-size: 14pt;\">\u00cen munca zilnic\u0103, atunci c\u00e2nd m\u00e2nerul ac\u021bioneaz\u0103 asupra diferitelor p\u0103r\u021bi ale clien\u021bilor diferi\u021bi, sunt necesari parametri diferi\u021bi. Fiecare m\u00e2ner poate ajusta parametrii independent, \u00eendeplinind perfect diferitele cerin\u021be energetice ale diferitelor p\u0103r\u021bi atunci c\u00e2nd m\u00e2nerele lucreaz\u0103 \u00een acela\u0219i timp.<\/span><\/p>\n<p><span style=\"font-size: 14pt;\"><img loading=\"lazy\" decoding=\"async\" class=\"aligncenter size-full wp-image-3793\" src=\"https:\/\/www.mlkjlasers.com\/wp-content\/uploads\/2026\/01\/m-18.jpg\" alt=\"\" width=\"1920\" height=\"1080\" srcset=\"https:\/\/www.mlkjlasers.com\/wp-content\/uploads\/2026\/01\/m-18.jpg 1920w, https:\/\/www.mlkjlasers.com\/wp-content\/uploads\/2026\/01\/m-18-300x169.jpg 300w, https:\/\/www.mlkjlasers.com\/wp-content\/uploads\/2026\/01\/m-18-1024x576.jpg 1024w, https:\/\/www.mlkjlasers.com\/wp-content\/uploads\/2026\/01\/m-18-768x432.jpg 768w, https:\/\/www.mlkjlasers.com\/wp-content\/uploads\/2026\/01\/m-18-1536x864.jpg 1536w, https:\/\/www.mlkjlasers.com\/wp-content\/uploads\/2026\/01\/m-18-18x10.jpg 18w, https:\/\/www.mlkjlasers.com\/wp-content\/uploads\/2026\/01\/m-18-600x338.jpg 600w\" sizes=\"(max-width: 1920px) 100vw, 1920px\" \/><\/span><\/p>\n<p><span style=\"color: #000000; font-family: helvetica, arial, sans-serif; font-size: 14pt;\"><strong>EMS Eliminarea gr\u0103similor \/ Construirea muscular\u0103<\/strong><\/span><\/p>\n<p><span style=\"color: #000000; font-family: helvetica, arial, sans-serif; font-size: 14pt;\">\u00eembun\u0103t\u0103\u021be\u0219te eliberarea epinefrinei, care aduce un efect evident care duce la lipoliza supramaxim\u0103 \u00een celulele grase.<\/span><br \/>\n<span style=\"color: #000000; font-family: helvetica, arial, sans-serif; font-size: 14pt;\">Circularea \u00eembun\u0103t\u0103\u021birii limfatice<\/span><br \/>\n<span style=\"color: #000000; font-family: helvetica, arial, sans-serif; font-size: 14pt;\">Undele electromagnetice stimuleaz\u0103 hemoglobina, cre\u0219te fluxul sanguin, circula\u021bia limfatic\u0103.<\/span><br \/>\n<span style=\"color: #000000; font-family: helvetica, arial, sans-serif; font-size: 14pt;\">Procedura cre\u0219te faptul c\u0103 celulele de gr\u0103sime moarte sunt eliminate \u00een mod natural.<\/span><\/p>\n<p><span style=\"font-size: 14pt;\"><img loading=\"lazy\" decoding=\"async\" class=\"aligncenter size-full wp-image-3790\" src=\"https:\/\/www.mlkjlasers.com\/wp-content\/uploads\/2026\/01\/m-14.jpg\" alt=\"\" width=\"1920\" height=\"1080\" srcset=\"https:\/\/www.mlkjlasers.com\/wp-content\/uploads\/2026\/01\/m-14.jpg 1920w, https:\/\/www.mlkjlasers.com\/wp-content\/uploads\/2026\/01\/m-14-300x169.jpg 300w, https:\/\/www.mlkjlasers.com\/wp-content\/uploads\/2026\/01\/m-14-1024x576.jpg 1024w, https:\/\/www.mlkjlasers.com\/wp-content\/uploads\/2026\/01\/m-14-768x432.jpg 768w, https:\/\/www.mlkjlasers.com\/wp-content\/uploads\/2026\/01\/m-14-1536x864.jpg 1536w, https:\/\/www.mlkjlasers.com\/wp-content\/uploads\/2026\/01\/m-14-18x10.jpg 18w, https:\/\/www.mlkjlasers.com\/wp-content\/uploads\/2026\/01\/m-14-600x338.jpg 600w\" sizes=\"(max-width: 1920px) 100vw, 1920px\" \/><span style=\"color: #000000; font-family: helvetica, arial, sans-serif;\"><strong>Avantajele sculpturii cu unde magnetice Ems Sculpt<\/strong><\/span><\/span><\/p>\n<p><span style=\"color: #000000; font-family: helvetica, arial, sans-serif; font-size: 14pt;\">1, \u00eentregul curs de tratament termic, f\u0103r\u0103 radia\u021bii, neinvaziv, f\u0103r\u0103 perioad\u0103 de recuperare.<\/span><br \/>\n<span style=\"color: #000000; font-family: helvetica, arial, sans-serif; font-size: 14pt;\">2, stimuleaz\u0103 cre\u0219terea muscular\u0103 \u00een timp ce promoveaz\u0103 descompunerea gr\u0103similor.<\/span><br \/>\n<span style=\"color: #000000; font-family: helvetica, arial, sans-serif; font-size: 14pt;\">3. \u00centregul tratament nu trebuie s\u0103 se scoat\u0103 hainele, nu trebuie s\u0103 se aplice gel, doar se \u00eentinde pe pat, pune stimulatorul muscular pe locul de tratament \u0219i finalizeaz\u0103 un tratament \u00een 30 de minute<\/span><br \/>\n<span style=\"color: #000000; font-family: helvetica, arial, sans-serif; font-size: 14pt;\">4. M\u00e2nere \u0219i un pad de \u0219old, suite pentru \u00eentregul corp<\/span><\/p>\n<p><span style=\"font-size: 14pt;\"><img loading=\"lazy\" decoding=\"async\" class=\"aligncenter size-full wp-image-3789\" src=\"https:\/\/www.mlkjlasers.com\/wp-content\/uploads\/2026\/01\/m-13.jpg\" alt=\"\" width=\"1920\" height=\"1080\" srcset=\"https:\/\/www.mlkjlasers.com\/wp-content\/uploads\/2026\/01\/m-13.jpg 1920w, https:\/\/www.mlkjlasers.com\/wp-content\/uploads\/2026\/01\/m-13-300x169.jpg 300w, https:\/\/www.mlkjlasers.com\/wp-content\/uploads\/2026\/01\/m-13-1024x576.jpg 1024w, https:\/\/www.mlkjlasers.com\/wp-content\/uploads\/2026\/01\/m-13-768x432.jpg 768w, https:\/\/www.mlkjlasers.com\/wp-content\/uploads\/2026\/01\/m-13-1536x864.jpg 1536w, https:\/\/www.mlkjlasers.com\/wp-content\/uploads\/2026\/01\/m-13-18x10.jpg 18w, https:\/\/www.mlkjlasers.com\/wp-content\/uploads\/2026\/01\/m-13-600x338.jpg 600w\" sizes=\"(max-width: 1920px) 100vw, 1920px\" \/><\/span><\/p>\n<p><span style=\"color: #000000; font-family: helvetica, arial, sans-serif; font-size: 14pt;\">Ems utilizeaz\u0103 tehnologia de unde electromagnetice concentrate de \u00eenalt\u0103 intensitate pentru a stimula mu\u0219chii pentru a ob\u021bine proliferarea fibrelor musculare \u0219i pentru a stimula lipoliza \u00een acela\u0219i timp pentru a ob\u021bine modelarea corpului neinvaziv\u0103, f\u0103r\u0103 durere \u0219i \u00een condi\u021bii de siguran\u021b\u0103.<\/span><\/p>\n<p><span style=\"color: #000000; font-family: helvetica, arial, sans-serif; font-size: 14pt;\">Prin extinderea \u0219i contractarea continu\u0103 a automu\u0219chilor, antrenamentul extrem permite remodelarea profund\u0103 a mu\u0219chilor, adic\u0103 cre\u0219terea miofibrilului (m\u0103rirea mu\u0219chilor) \u0219i produc\u021bia de noi lan\u021buri de colagen \u0219i fibre musculare (hiperplazia muscular\u0103), antrenamentul \u0219i cre\u0219terea densit\u0103\u021bii \u0219i volumului mu\u0219chilor. Contrac\u021bia muscular\u0103 limitat\u0103 de 100% poate provoca o cantitate mare de lipoliz\u0103, acizi gra\u0219i din descompunerea trigliceridelor, acumulate \u00een celulele grase. Concentra\u021bia de acizi gra\u0219i este prea mare, astfel \u00eenc\u00e2t celulele grase apoptoz\u0103, \u00een c\u00e2teva s\u0103pt\u0103m\u00e2ni de c\u0103tre organism&#8217; s metabolismul normal excretat din organism. Prin urmare, tratamentul de sculptur\u0103 Ems poate ob\u021bine efectul reducerii gr\u0103simii \u00een timp ce \u00eent\u0103re\u0219te \u0219i cre\u0219te mu\u0219chii.<\/span><\/p>\n<p><span style=\"font-size: 14pt;\"><img loading=\"lazy\" decoding=\"async\" class=\"aligncenter size-full wp-image-3785\" src=\"https:\/\/www.mlkjlasers.com\/wp-content\/uploads\/2026\/01\/m-7.jpg\" alt=\"\" width=\"1920\" height=\"1080\" srcset=\"https:\/\/www.mlkjlasers.com\/wp-content\/uploads\/2026\/01\/m-7.jpg 1920w, https:\/\/www.mlkjlasers.com\/wp-content\/uploads\/2026\/01\/m-7-300x169.jpg 300w, https:\/\/www.mlkjlasers.com\/wp-content\/uploads\/2026\/01\/m-7-1024x576.jpg 1024w, https:\/\/www.mlkjlasers.com\/wp-content\/uploads\/2026\/01\/m-7-768x432.jpg 768w, https:\/\/www.mlkjlasers.com\/wp-content\/uploads\/2026\/01\/m-7-1536x864.jpg 1536w, https:\/\/www.mlkjlasers.com\/wp-content\/uploads\/2026\/01\/m-7-18x10.jpg 18w, https:\/\/www.mlkjlasers.com\/wp-content\/uploads\/2026\/01\/m-7-600x338.jpg 600w\" sizes=\"(max-width: 1920px) 100vw, 1920px\" \/><\/span><\/p>\n<p><span style=\"color: #000000; font-family: helvetica, arial, sans-serif; font-size: 14pt;\">Putere cu un singur buton pe design<\/span><br \/>\n<span style=\"color: #000000; font-family: helvetica, arial, sans-serif; font-size: 14pt;\">Ecran tactil HD de 14 inchi<\/span><br \/>\n<span style=\"color: #000000; font-family: helvetica, arial, sans-serif; font-size: 14pt;\">Preseta\u021bi diferi\u021bi parametri de tratament<\/span><br \/>\n<span style=\"color: #000000; font-family: helvetica, arial, sans-serif; font-size: 14pt;\">Servicii personalizate: limba, sistemul, aspectul, logo&#8230; Upgrade-uri gratuite pentru via\u021b\u0103<\/span><\/p>\n<p><span style=\"font-size: 14pt;\"><img loading=\"lazy\" decoding=\"async\" class=\"aligncenter size-full wp-image-3784\" src=\"https:\/\/www.mlkjlasers.com\/wp-content\/uploads\/2026\/01\/m-6.jpg\" alt=\"\" width=\"1920\" height=\"1080\" srcset=\"https:\/\/www.mlkjlasers.com\/wp-content\/uploads\/2026\/01\/m-6.jpg 1920w, https:\/\/www.mlkjlasers.com\/wp-content\/uploads\/2026\/01\/m-6-300x169.jpg 300w, https:\/\/www.mlkjlasers.com\/wp-content\/uploads\/2026\/01\/m-6-1024x576.jpg 1024w, https:\/\/www.mlkjlasers.com\/wp-content\/uploads\/2026\/01\/m-6-768x432.jpg 768w, https:\/\/www.mlkjlasers.com\/wp-content\/uploads\/2026\/01\/m-6-1536x864.jpg 1536w, https:\/\/www.mlkjlasers.com\/wp-content\/uploads\/2026\/01\/m-6-18x10.jpg 18w, https:\/\/www.mlkjlasers.com\/wp-content\/uploads\/2026\/01\/m-6-600x338.jpg 600w\" sizes=\"(max-width: 1920px) 100vw, 1920px\" \/><\/span><\/p>\n<div><span style=\"font-size: 14pt;\">\u221a Interfa\u021ba este mai clar\u0103<\/span><br \/>\n<span style=\"font-size: 14pt;\">\u221a Opera\u021bia este mai neted\u0103<\/span><br \/>\n<span style=\"font-size: 14pt;\">\u221a Atingerea este mai confortabil\u0103<\/span><\/div>\n<div><\/div>\n<p><span style=\"font-size: 14pt;\"><img loading=\"lazy\" decoding=\"async\" class=\"aligncenter size-full wp-image-3735\" src=\"https:\/\/www.mlkjlasers.com\/wp-content\/uploads\/2026\/01\/\u4fbf\u643a\u53cc-7.jpg\" alt=\"\" width=\"1920\" height=\"1080\" srcset=\"https:\/\/www.mlkjlasers.com\/wp-content\/uploads\/2026\/01\/\u4fbf\u643a\u53cc-7.jpg 1920w, https:\/\/www.mlkjlasers.com\/wp-content\/uploads\/2026\/01\/\u4fbf\u643a\u53cc-7-300x169.jpg 300w, https:\/\/www.mlkjlasers.com\/wp-content\/uploads\/2026\/01\/\u4fbf\u643a\u53cc-7-1024x576.jpg 1024w, https:\/\/www.mlkjlasers.com\/wp-content\/uploads\/2026\/01\/\u4fbf\u643a\u53cc-7-768x432.jpg 768w, https:\/\/www.mlkjlasers.com\/wp-content\/uploads\/2026\/01\/\u4fbf\u643a\u53cc-7-1536x864.jpg 1536w, https:\/\/www.mlkjlasers.com\/wp-content\/uploads\/2026\/01\/\u4fbf\u643a\u53cc-7-18x10.jpg 18w, https:\/\/www.mlkjlasers.com\/wp-content\/uploads\/2026\/01\/\u4fbf\u643a\u53cc-7-600x338.jpg 600w\" sizes=\"(max-width: 1920px) 100vw, 1920px\" \/><\/span><\/p>\n<table style=\"border-collapse: collapse; width: 100%;\">\n<tbody>\n<tr>\n<td style=\"width: 50%;\"><span style=\"color: #000000; font-family: helvetica, arial, sans-serif; font-size: 14pt;\"><b>4 M\u00e2nere ems corp sculptare ma\u0219in\u0103 stimula mu\u0219chii<\/b><\/span><\/td>\n<td style=\"width: 50%;\"><span style=\"color: #000000; font-family: helvetica, arial, sans-serif; font-size: 14pt;\">Tehnologie: (electromagnetic pulsat de \u00eenalt\u0103 intensitate) G\u0103si\u021bi X<\/span><\/td>\n<\/tr>\n<tr>\n<td style=\"width: 50%;\"><span style=\"color: #000000; font-family: helvetica, arial, sans-serif; font-size: 14pt;\">Zona \u021bint\u0103: picioare \/ bra\u021be, picioare, al\u021bii, m\u00e2ini, piept, corp<\/span><\/td>\n<td style=\"width: 50%;\"><span style=\"color: #000000; font-family: helvetica, arial, sans-serif; font-size: 14pt;\">Tipul de priz\u0103: AU, Alte, Marea Britanie, UE, SUA, CN, JP, Za, Ea<\/span><\/td>\n<\/tr>\n<tr>\n<td style=\"width: 50%;\"><span style=\"color: #000000; font-family: helvetica, arial, sans-serif; font-size: 14pt;\">Func\u021bie: Pierderea \u00een greutate, stimularea mu\u0219chilor<\/span><\/td>\n<td style=\"width: 50%;\"><span style=\"color: #000000; font-family: helvetica, arial, sans-serif; font-size: 14pt;\">Tensiune: 110V \/ 220V 50-60Hz<\/span><\/td>\n<\/tr>\n<tr>\n<td style=\"width: 50%;\"><span style=\"color: #000000; font-family: helvetica, arial, sans-serif; font-size: 14pt;\">Durata pulsului: 300PS<\/span><\/td>\n<td style=\"width: 50%;\"><span style=\"color: #000000; font-family: helvetica, arial, sans-serif; font-size: 14pt;\">Aplicare: \u00cen scopuri comerciale<\/span><\/td>\n<\/tr>\n<tr>\n<td style=\"width: 50%;\"><span style=\"color: #000000; font-family: helvetica, arial, sans-serif; font-size: 14pt;\">Dimensiune: 71X61X112 cm<\/span><\/td>\n<td style=\"width: 50%;\"><span style=\"color: #000000; font-family: helvetica, arial, sans-serif; font-size: 14pt;\">Greutate: 65 kg<\/span><\/td>\n<\/tr>\n<\/tbody>\n<\/table>\n<p><span style=\"color: #000000; font-family: helvetica, arial, sans-serif; font-size: 14pt;\">MLKJ este o companie de 18 ani care integreaz\u0103 proiectarea, dezvoltarea, produc\u021bia \u0219i v\u00e2nz\u0103rile de instrumente de frumuse\u021be.<\/span><br \/>\n<span style=\"color: #000000; font-family: helvetica, arial, sans-serif; font-size: 14pt;\">Fabric\u0103 real\u0103, proces de produc\u021bie real, evaluare real\u0103!<\/span><br \/>\n<span style=\"color: #000000; font-family: helvetica, arial, sans-serif; font-size: 14pt;\">Bine a\u021bi venit la compania noastr\u0103 sau vizita video!<\/span><br \/>\n<span style=\"color: #000000; font-family: helvetica, arial, sans-serif; font-size: 14pt;\">Numai atunci c\u00e2nd alege\u021bi un partener real, calitatea produsului poate fi garantat\u0103!<\/span><\/p>\n<p><span style=\"font-size: 14pt;\"><strong><a href=\"https:\/\/www.mlkjlasers.com\/ro\/contact-us\/\"><span style=\"color: #000000; font-family: helvetica, arial, sans-serif;\">Cere\u021bi pre\u021buri acum!<\/span><\/a><\/strong><\/span><\/p>\n<p>&nbsp;<\/p>","protected":false},"excerpt":{"rendered":"<p>Muschii se contract\u0103 de 30.000 de ori la frecven\u021b\u0103 \u0219i intensitate ridicate, permi\u021b\u00e2nd antrenamentul \u0219i cre\u0219terea densit\u0103\u021bii \u0219i volumului muscular. Reducerea gr\u0103similor Contrac\u021bia final\u0103 a mu\u0219chilor necesit\u0103 o cantitate mare de energie, astfel \u00eenc\u00e2t celulele de gr\u0103sime l\u00e2ng\u0103 mu\u0219chi sunt, de asemenea, consumate, duc\u00e2nd la apoptoz\u0103 natural\u0103 \u0219i reducerea eficient\u0103 a gr\u0103similor. Sculptur\u0103 muscular\u0103 [&hellip;]<\/p>","protected":false},"featured_media":3783,"comment_status":"open","ping_status":"closed","template":"","meta":[],"product_cat":[28],"product_tag":[],"class_list":["post-2035","product","type-product","status-publish","has-post-thumbnail","hentry","product_cat-slimming-machine"],"_links":{"self":[{"href":"https:\/\/www.mlkjlasers.com\/ro\/wp-json\/wp\/v2\/product\/2035","targetHints":{"allow":["GET"]}}],"collection":[{"href":"https:\/\/www.mlkjlasers.com\/ro\/wp-json\/wp\/v2\/product"}],"about":[{"href":"https:\/\/www.mlkjlasers.com\/ro\/wp-json\/wp\/v2\/types\/product"}],"replies":[{"embeddable":true,"href":"https:\/\/www.mlkjlasers.com\/ro\/wp-json\/wp\/v2\/comments?post=2035"}],"wp:featuredmedia":[{"embeddable":true,"href":"https:\/\/www.mlkjlasers.com\/ro\/wp-json\/wp\/v2\/media\/3783"}],"wp:attachment":[{"href":"https:\/\/www.mlkjlasers.com\/ro\/wp-json\/wp\/v2\/media?parent=2035"}],"wp:term":[{"taxonomy":"product_cat","embeddable":true,"href":"https:\/\/www.mlkjlasers.com\/ro\/wp-json\/wp\/v2\/product_cat?post=2035"},{"taxonomy":"product_tag","embeddable":true,"href":"https:\/\/www.mlkjlasers.com\/ro\/wp-json\/wp\/v2\/product_tag?post=2035"}],"curies":[{"name":"wp","href":"https:\/\/api.w.org\/{rel}","templated":true}]}}