{"id":2036,"date":"2023-07-25T16:22:01","date_gmt":"2023-07-25T08:22:01","guid":{"rendered":"https:\/\/mlkjlasers.com\/?post_type=product&#038;p=2036"},"modified":"2026-01-27T14:54:04","modified_gmt":"2026-01-27T06:54:04","slug":"4-handles-in-1-ems-body-sculpt-slimming-machine-2-2","status":"publish","type":"product","link":"https:\/\/www.mlkjlasers.com\/ro\/product\/4-handles-in-1-ems-body-sculpt-slimming-machine-2-2\/","title":{"rendered":"Profesional\u0103 ma\u0219in\u0103 de pierdere \u00een greutate portabil\u0103 Salon de utilizare a dou\u0103 m\u00e2nere sculptur\u0103 corp sl\u0103bire ma\u0219in\u0103"},"content":{"rendered":"<div class=\"se4_tit\"><span style=\"font-size: 14pt;\"><img fetchpriority=\"high\" decoding=\"async\" class=\"aligncenter size-full wp-image-3736\" src=\"https:\/\/www.mlkjlasers.com\/wp-content\/uploads\/2026\/01\/\u4fbf\u643a\u53cc-8.jpg\" alt=\"\" width=\"1920\" height=\"1080\" srcset=\"https:\/\/www.mlkjlasers.com\/wp-content\/uploads\/2026\/01\/\u4fbf\u643a\u53cc-8.jpg 1920w, https:\/\/www.mlkjlasers.com\/wp-content\/uploads\/2026\/01\/\u4fbf\u643a\u53cc-8-300x169.jpg 300w, https:\/\/www.mlkjlasers.com\/wp-content\/uploads\/2026\/01\/\u4fbf\u643a\u53cc-8-1024x576.jpg 1024w, https:\/\/www.mlkjlasers.com\/wp-content\/uploads\/2026\/01\/\u4fbf\u643a\u53cc-8-768x432.jpg 768w, https:\/\/www.mlkjlasers.com\/wp-content\/uploads\/2026\/01\/\u4fbf\u643a\u53cc-8-1536x864.jpg 1536w, https:\/\/www.mlkjlasers.com\/wp-content\/uploads\/2026\/01\/\u4fbf\u643a\u53cc-8-18x10.jpg 18w, https:\/\/www.mlkjlasers.com\/wp-content\/uploads\/2026\/01\/\u4fbf\u643a\u53cc-8-600x338.jpg 600w\" sizes=\"(max-width: 1920px) 100vw, 1920px\" \/><b>Construi\u021bi Muschi<\/b><\/span><br \/>\n<span style=\"font-size: 14pt;\">Muschii se contract\u0103 de 30.000 de ori la frecven\u021b\u0103 \u0219i intensitate ridicate, permi\u021b\u00e2nd antrenamentul \u0219i cre\u0219terea densit\u0103\u021bii \u0219i volumului muscular.<\/span><br \/>\n<span style=\"font-size: 14pt;\"><b>Reducerea gr\u0103similor<\/b><\/span><br \/>\n<span style=\"font-size: 14pt;\">Contrac\u021bia final\u0103 a mu\u0219chilor necesit\u0103 o cantitate mare de energie, astfel \u00eenc\u00e2t celulele grase l\u00e2ng\u0103 mu\u0219chi sunt, de asemenea, consumate, duc\u00e2nd la apoptoz\u0103 natural\u0103 \u0219i reducerea eficient\u0103 a gr\u0103simii.<\/span><br \/>\n<span style=\"font-size: 14pt;\"><b>sculptur\u0103 muscular\u0103<\/b><\/span><br \/>\n<span style=\"font-size: 14pt;\">Exercitarea mu\u0219chilor abdominali \u0219i glutei, antrena\u021bi mu\u0219chii oblici ai abdomenului \u0219i modela\u021bi linia sirenei.<\/span><\/div>\n<div class=\"J_module\">\n<div class=\"icbu-pc-images magic-0\">\n<div>\n<div class=\"flex-layout-v\">\n<div class=\"flex-layout-h magic-0\">\n<div class=\"magic-1\"><\/div>\n<\/div>\n<\/div>\n<\/div>\n<\/div>\n<\/div>\n<div class=\"J_module\">\n<div class=\"detail-decorate-json-renderer-container\">\n<div class=\"magic-3\">\n<div class=\"magic-4\">\n<div class=\"magic-5\">\n<div class=\"magic-6\">\n<div class=\"magic-7\" style=\"text-align: left;\"><span style=\"font-size: 14pt;\"><img decoding=\"async\" class=\"aligncenter size-full wp-image-3739\" src=\"https:\/\/www.mlkjlasers.com\/wp-content\/uploads\/2026\/01\/\u4fbf\u643a\u53cc-11.jpg\" alt=\"\" width=\"1920\" height=\"1080\" srcset=\"https:\/\/www.mlkjlasers.com\/wp-content\/uploads\/2026\/01\/\u4fbf\u643a\u53cc-11.jpg 1920w, https:\/\/www.mlkjlasers.com\/wp-content\/uploads\/2026\/01\/\u4fbf\u643a\u53cc-11-300x169.jpg 300w, https:\/\/www.mlkjlasers.com\/wp-content\/uploads\/2026\/01\/\u4fbf\u643a\u53cc-11-1024x576.jpg 1024w, https:\/\/www.mlkjlasers.com\/wp-content\/uploads\/2026\/01\/\u4fbf\u643a\u53cc-11-768x432.jpg 768w, https:\/\/www.mlkjlasers.com\/wp-content\/uploads\/2026\/01\/\u4fbf\u643a\u53cc-11-1536x864.jpg 1536w, https:\/\/www.mlkjlasers.com\/wp-content\/uploads\/2026\/01\/\u4fbf\u643a\u53cc-11-18x10.jpg 18w, https:\/\/www.mlkjlasers.com\/wp-content\/uploads\/2026\/01\/\u4fbf\u643a\u53cc-11-600x338.jpg 600w\" sizes=\"(max-width: 1920px) 100vw, 1920px\" \/><\/span><\/div>\n<div><span style=\"font-size: 14pt;\">Func\u021bionalitate multi-mod &#8211; Diferite niveluri de intensitate pentru tratament personalizat.<\/span><br \/>\n<span style=\"font-size: 14pt;\">Rapid &amp; Rezultate vizibile &#8211; Sim\u021bi\u021bi diferen\u021ba \u00een doar c\u00e2teva sesiuni.<\/span><br \/>\n<span style=\"font-size: 14pt;\">Sigur &amp; Non-invaziv &#8211; F\u0103r\u0103 opera\u0163ie, f\u0103r\u0103 timp de oprire, f\u0103r\u0103 durere.<\/span><br \/>\n<span style=\"font-size: 14pt;\">Utilizarea \u00eentregului corp &#8211; Func\u021bioneaz\u0103 pe abdomen, bra\u021be, coapsele, glutee \u0219i multe altele.<\/span><br \/>\n<span style=\"font-size: 14pt;\">Portabil &amp; U\u0219or de utilizat &#8211; Perfect pentru utilizarea \u00een saloane sau clinici.<\/span><\/div>\n<div><span style=\"font-size: 14pt;\"><img decoding=\"async\" class=\"aligncenter size-full wp-image-3740\" src=\"https:\/\/www.mlkjlasers.com\/wp-content\/uploads\/2026\/01\/\u4fbf\u643a\u53cc-13.jpg\" alt=\"\" width=\"1920\" height=\"1080\" srcset=\"https:\/\/www.mlkjlasers.com\/wp-content\/uploads\/2026\/01\/\u4fbf\u643a\u53cc-13.jpg 1920w, https:\/\/www.mlkjlasers.com\/wp-content\/uploads\/2026\/01\/\u4fbf\u643a\u53cc-13-300x169.jpg 300w, https:\/\/www.mlkjlasers.com\/wp-content\/uploads\/2026\/01\/\u4fbf\u643a\u53cc-13-1024x576.jpg 1024w, https:\/\/www.mlkjlasers.com\/wp-content\/uploads\/2026\/01\/\u4fbf\u643a\u53cc-13-768x432.jpg 768w, https:\/\/www.mlkjlasers.com\/wp-content\/uploads\/2026\/01\/\u4fbf\u643a\u53cc-13-1536x864.jpg 1536w, https:\/\/www.mlkjlasers.com\/wp-content\/uploads\/2026\/01\/\u4fbf\u643a\u53cc-13-18x10.jpg 18w, https:\/\/www.mlkjlasers.com\/wp-content\/uploads\/2026\/01\/\u4fbf\u643a\u53cc-13-600x338.jpg 600w\" sizes=\"(max-width: 1920px) 100vw, 1920px\" \/><\/span><\/div>\n<div><span style=\"font-size: 14pt;\">Afi\u0219aj m\u00e2ner<\/span><\/div>\n<\/div>\n<\/div>\n<\/div>\n<\/div>\n<\/div>\n<\/div>\n<div class=\"J_module\">\n<div class=\"icbu-pc-images magic-0\">\n<div>\n<div class=\"flex-layout-v\">\n<div class=\"flex-layout-h magic-0\">\n<div class=\"magic-10\"><\/div>\n<\/div>\n<\/div>\n<\/div>\n<div><span style=\"font-size: 14pt;\"><img loading=\"lazy\" decoding=\"async\" class=\"aligncenter size-full wp-image-3741\" src=\"https:\/\/www.mlkjlasers.com\/wp-content\/uploads\/2026\/01\/\u4fbf\u643a\u53cc-15.jpg\" alt=\"\" width=\"1920\" height=\"1080\" srcset=\"https:\/\/www.mlkjlasers.com\/wp-content\/uploads\/2026\/01\/\u4fbf\u643a\u53cc-15.jpg 1920w, https:\/\/www.mlkjlasers.com\/wp-content\/uploads\/2026\/01\/\u4fbf\u643a\u53cc-15-300x169.jpg 300w, https:\/\/www.mlkjlasers.com\/wp-content\/uploads\/2026\/01\/\u4fbf\u643a\u53cc-15-1024x576.jpg 1024w, https:\/\/www.mlkjlasers.com\/wp-content\/uploads\/2026\/01\/\u4fbf\u643a\u53cc-15-768x432.jpg 768w, https:\/\/www.mlkjlasers.com\/wp-content\/uploads\/2026\/01\/\u4fbf\u643a\u53cc-15-1536x864.jpg 1536w, https:\/\/www.mlkjlasers.com\/wp-content\/uploads\/2026\/01\/\u4fbf\u643a\u53cc-15-18x10.jpg 18w, https:\/\/www.mlkjlasers.com\/wp-content\/uploads\/2026\/01\/\u4fbf\u643a\u53cc-15-600x338.jpg 600w\" sizes=\"(max-width: 1920px) 100vw, 1920px\" \/><\/span><\/div>\n<div>\n<div class=\"flex-layout-v\">\n<div class=\"flex-layout-h magic-0\">\n<div><\/div>\n<div><span style=\"font-family: helvetica, arial, sans-serif; color: #000000; font-size: 14pt;\"><b><span class=\"magic-16\">O sesiune (30 de minute \/ tratament, 4 tratamente \u00een 2 s\u0103pt\u0103m\u00e2ni)<br \/>\n<\/span><\/b><span class=\"magic-9\">1. 16 Intensitatea Tesla<br \/>\n2. 16% musculare \/ 19% reducere a gr\u0103similor<br \/>\n3. Echivalent cu 20.000 sit-ups \/ 50.000 contrac\u021bii musculare<br \/>\n4. Sculptur\u0103 dubl\u0103 pentru aceea\u0219i persoan\u0103 \/ diferit\u0103 \u00een acela\u0219i timp<br \/>\n5. durabilitate 24\/7 cu eficien\u021ba de r\u0103cire a recicl\u0103rii apei<br \/>\n6. UI intuitiv u\u0219or de utilizat W \/ implicit &amp; programul manual<br \/>\n7. Nu este necesar operator\/preg\u0103tiri\/timp de inactivitate<\/span><\/span><\/div>\n<div><span style=\"font-size: 14pt;\"><img loading=\"lazy\" decoding=\"async\" class=\"aligncenter size-full wp-image-3742\" src=\"https:\/\/www.mlkjlasers.com\/wp-content\/uploads\/2026\/01\/\u4fbf\u643a\u53cc-17.jpg\" alt=\"\" width=\"1920\" height=\"1080\" srcset=\"https:\/\/www.mlkjlasers.com\/wp-content\/uploads\/2026\/01\/\u4fbf\u643a\u53cc-17.jpg 1920w, https:\/\/www.mlkjlasers.com\/wp-content\/uploads\/2026\/01\/\u4fbf\u643a\u53cc-17-300x169.jpg 300w, https:\/\/www.mlkjlasers.com\/wp-content\/uploads\/2026\/01\/\u4fbf\u643a\u53cc-17-1024x576.jpg 1024w, https:\/\/www.mlkjlasers.com\/wp-content\/uploads\/2026\/01\/\u4fbf\u643a\u53cc-17-768x432.jpg 768w, https:\/\/www.mlkjlasers.com\/wp-content\/uploads\/2026\/01\/\u4fbf\u643a\u53cc-17-1536x864.jpg 1536w, https:\/\/www.mlkjlasers.com\/wp-content\/uploads\/2026\/01\/\u4fbf\u643a\u53cc-17-18x10.jpg 18w, https:\/\/www.mlkjlasers.com\/wp-content\/uploads\/2026\/01\/\u4fbf\u643a\u53cc-17-600x338.jpg 600w\" sizes=\"(max-width: 1920px) 100vw, 1920px\" \/><\/span><\/div>\n<div><\/div>\n<\/div>\n<\/div>\n<div><span style=\"font-size: 14pt;\"><b class=\"magic-17\" style=\"color: #000000; font-family: helvetica, arial, sans-serif;\">Cum func\u021bioneaz\u0103 teslasculpt?<\/b><\/span><\/div>\n<\/div>\n<\/div>\n<\/div>\n<div class=\"J_module\">\n<div class=\"detail-decorate-json-renderer-container\">\n<div class=\"magic-3\">\n<div class=\"magic-4\">\n<div class=\"magic-5\">\n<div class=\"magic-6\">\n<div><span class=\"magic-9\" style=\"font-family: helvetica, arial, sans-serif; color: #000000; font-size: 14pt;\"> 1. Electromagnetic de \u00eenalt\u0103 intensitate depus trece prin haine \u0219i piele \u00een corpul t\u0103u. <\/span><\/div>\n<div><span class=\"magic-9\" style=\"font-family: helvetica, arial, sans-serif; color: #000000; font-size: 14pt;\">2. Ca \u0219i exerci\u021biul declan\u0219eaz\u0103 nervii motori \u0219i stimuleaz\u0103 contrac\u021bia muscular\u0103. <\/span><\/div>\n<div><span class=\"magic-9\" style=\"font-family: helvetica, arial, sans-serif; color: #000000; font-size: 14pt;\">3. \u0218i ve\u021bi fi ca f\u0103c\u00e2nd antrenament de \u00eenalt\u0103 intensitate.<\/span><\/div>\n<div><span style=\"font-size: 14pt;\"><img loading=\"lazy\" decoding=\"async\" class=\"aligncenter size-full wp-image-3738\" src=\"https:\/\/www.mlkjlasers.com\/wp-content\/uploads\/2026\/01\/\u4fbf\u643a\u53cc-10.jpg\" alt=\"\" width=\"1920\" height=\"1080\" srcset=\"https:\/\/www.mlkjlasers.com\/wp-content\/uploads\/2026\/01\/\u4fbf\u643a\u53cc-10.jpg 1920w, https:\/\/www.mlkjlasers.com\/wp-content\/uploads\/2026\/01\/\u4fbf\u643a\u53cc-10-300x169.jpg 300w, https:\/\/www.mlkjlasers.com\/wp-content\/uploads\/2026\/01\/\u4fbf\u643a\u53cc-10-1024x576.jpg 1024w, https:\/\/www.mlkjlasers.com\/wp-content\/uploads\/2026\/01\/\u4fbf\u643a\u53cc-10-768x432.jpg 768w, https:\/\/www.mlkjlasers.com\/wp-content\/uploads\/2026\/01\/\u4fbf\u643a\u53cc-10-1536x864.jpg 1536w, https:\/\/www.mlkjlasers.com\/wp-content\/uploads\/2026\/01\/\u4fbf\u643a\u53cc-10-18x10.jpg 18w, https:\/\/www.mlkjlasers.com\/wp-content\/uploads\/2026\/01\/\u4fbf\u643a\u53cc-10-600x338.jpg 600w\" sizes=\"(max-width: 1920px) 100vw, 1920px\" \/><\/span><\/div>\n<div>\n<p><span style=\"font-size: 14pt;\"><b>Afi\u0219aj ecran: ecran tactil de \u00eenalt\u0103 defini\u021bie de 14 inch<\/b><\/span><\/p>\n<div><span style=\"font-size: 14pt;\">\u221a Interfa\u021ba este mai clar\u0103<\/span><br \/>\n<span style=\"font-size: 14pt;\">\u221a Opera\u021bia este mai neted\u0103<\/span><br \/>\n<span style=\"font-size: 14pt;\">\u221a Atingerea este mai confortabil\u0103<\/span><\/div>\n<\/div>\n<\/div>\n<div><span style=\"font-size: 14pt;\"><img loading=\"lazy\" decoding=\"async\" class=\"aligncenter size-full wp-image-3737\" src=\"https:\/\/www.mlkjlasers.com\/wp-content\/uploads\/2026\/01\/\u4fbf\u643a\u53cc-9.jpg\" alt=\"\" width=\"1920\" height=\"2000\" srcset=\"https:\/\/www.mlkjlasers.com\/wp-content\/uploads\/2026\/01\/\u4fbf\u643a\u53cc-9.jpg 1920w, https:\/\/www.mlkjlasers.com\/wp-content\/uploads\/2026\/01\/\u4fbf\u643a\u53cc-9-288x300.jpg 288w, https:\/\/www.mlkjlasers.com\/wp-content\/uploads\/2026\/01\/\u4fbf\u643a\u53cc-9-983x1024.jpg 983w, https:\/\/www.mlkjlasers.com\/wp-content\/uploads\/2026\/01\/\u4fbf\u643a\u53cc-9-768x800.jpg 768w, https:\/\/www.mlkjlasers.com\/wp-content\/uploads\/2026\/01\/\u4fbf\u643a\u53cc-9-1475x1536.jpg 1475w, https:\/\/www.mlkjlasers.com\/wp-content\/uploads\/2026\/01\/\u4fbf\u643a\u53cc-9-12x12.jpg 12w, https:\/\/www.mlkjlasers.com\/wp-content\/uploads\/2026\/01\/\u4fbf\u643a\u53cc-9-600x625.jpg 600w\" sizes=\"(max-width: 1920px) 100vw, 1920px\" \/><\/span><\/div>\n<\/div>\n<\/div>\n<\/div>\n<\/div>\n<\/div>\n<div class=\"J_module\">\n<div class=\"detail-decorate-json-renderer-container\">\n<div class=\"magic-3\">\n<div class=\"magic-4\">\n<div class=\"magic-5\">\n<div class=\"magic-6\">\n<div><strong style=\"font-size: 14pt;\">Efectul tratamentului<\/strong><\/div>\n<\/div>\n<\/div>\n<\/div>\n<\/div>\n<\/div>\n<\/div>\n<div class=\"J_module\">\n<div class=\"icbu-pc-images magic-0\">\n<div class=\"flex-layout-v\">\n<div class=\"flex-layout-h magic-0\">\n<div><span style=\"font-family: helvetica, arial, sans-serif; font-size: 14pt;\"><strong><span class=\"magic-9\" style=\"color: #000000;\">Caracteristic\u0103:<\/span><\/strong><span class=\"magic-9\" style=\"color: #000000;\">Pierderea \u00een greutate, alte, \u00cenghe\u021barea pielii, Reducerea celulitei<\/span><\/span><\/div>\n<div><span style=\"font-size: 14pt;\"><img loading=\"lazy\" decoding=\"async\" class=\"aligncenter size-full wp-image-3735\" src=\"https:\/\/www.mlkjlasers.com\/wp-content\/uploads\/2026\/01\/\u4fbf\u643a\u53cc-7.jpg\" alt=\"\" width=\"1920\" height=\"1080\" srcset=\"https:\/\/www.mlkjlasers.com\/wp-content\/uploads\/2026\/01\/\u4fbf\u643a\u53cc-7.jpg 1920w, https:\/\/www.mlkjlasers.com\/wp-content\/uploads\/2026\/01\/\u4fbf\u643a\u53cc-7-300x169.jpg 300w, https:\/\/www.mlkjlasers.com\/wp-content\/uploads\/2026\/01\/\u4fbf\u643a\u53cc-7-1024x576.jpg 1024w, https:\/\/www.mlkjlasers.com\/wp-content\/uploads\/2026\/01\/\u4fbf\u643a\u53cc-7-768x432.jpg 768w, https:\/\/www.mlkjlasers.com\/wp-content\/uploads\/2026\/01\/\u4fbf\u643a\u53cc-7-1536x864.jpg 1536w, https:\/\/www.mlkjlasers.com\/wp-content\/uploads\/2026\/01\/\u4fbf\u643a\u53cc-7-18x10.jpg 18w, https:\/\/www.mlkjlasers.com\/wp-content\/uploads\/2026\/01\/\u4fbf\u643a\u53cc-7-600x338.jpg 600w\" sizes=\"(max-width: 1920px) 100vw, 1920px\" \/><\/span><\/div>\n<div><\/div>\n<div class=\"magic-22\"><\/div>\n<div>\n<table style=\"border-collapse: collapse; width: 100%; height: 336px;\">\n<tbody>\n<tr style=\"height: 24px;\">\n<td style=\"width: 50%; height: 24px;\">\n<div class=\"magic-32\" data-spm-anchor-id=\"a2700.details.0.i38.2bca1f03jENnbH\"><span style=\"font-family: helvetica, arial, sans-serif; color: #000000; font-size: 14pt;\">Certificare<\/span><\/div>\n<\/td>\n<td style=\"width: 50%; height: 24px;\">\n<div class=\"magic-33\"><span style=\"font-family: helvetica, arial, sans-serif; color: #000000; font-size: 14pt;\">MDRCE, CE, ISO13485, alte, ISO9001, MDDCe<\/span><\/div>\n<\/td>\n<\/tr>\n<tr style=\"height: 24px;\">\n<td style=\"width: 50%; height: 24px;\">\n<div class=\"magic-32\"><span style=\"font-family: helvetica, arial, sans-serif; color: #000000; font-size: 14pt;\">Caracteristic\u0103<\/span><\/div>\n<\/td>\n<td style=\"width: 50%; height: 24px;\">\n<div class=\"magic-33\"><span style=\"font-family: helvetica, arial, sans-serif; color: #000000; font-size: 14pt;\">Pierderea \u00een greutate, alte, \u00cenghe\u021barea pielii, Reducerea celulitei<\/span><\/div>\n<\/td>\n<\/tr>\n<tr style=\"height: 24px;\">\n<td style=\"width: 50%; height: 24px;\">\n<div class=\"magic-32\"><span style=\"font-family: helvetica, arial, sans-serif; color: #000000; font-size: 14pt;\">Aplica\u021bie<\/span><\/div>\n<\/td>\n<td style=\"width: 50%; height: 24px;\">\n<div class=\"magic-33\"><span style=\"font-family: helvetica, arial, sans-serif; color: #000000; font-size: 14pt;\">Pentru Comercial<\/span><\/div>\n<\/td>\n<\/tr>\n<tr style=\"height: 48px;\">\n<td style=\"width: 50%; height: 48px;\">\n<div class=\"magic-32\"><span style=\"font-family: helvetica, arial, sans-serif; color: #000000; font-size: 14pt;\">Servicii post-v\u00e2nzare furnizate<\/span><\/div>\n<\/td>\n<td style=\"width: 50%; height: 48px;\">\n<div class=\"magic-33\"><span style=\"font-family: helvetica, arial, sans-serif; color: #000000; font-size: 14pt;\">Piese de schimb gratuite, Asisten\u021b\u0103 online, Instalare pe teren, punere \u00een func\u021biune \u0219i instruire, Asisten\u021b\u0103 tehnic\u0103 video, altele, Servicii de \u00eentre\u021binere \u0219i repara\u021bii pe teren<\/span><\/div>\n<\/td>\n<\/tr>\n<tr style=\"height: 24px;\">\n<td style=\"width: 50%; height: 24px;\">\n<div class=\"magic-32\"><span style=\"font-family: helvetica, arial, sans-serif; color: #000000; font-size: 14pt;\">Caracteristic\u0103<\/span><\/div>\n<\/td>\n<td style=\"width: 50%; height: 24px;\">\n<div class=\"magic-33\"><span style=\"font-family: helvetica, arial, sans-serif; color: #000000; font-size: 14pt;\">Pierderea \u00een greutate, str\u00e2ngerea pielii, reducerea celulitei<\/span><\/div>\n<\/td>\n<\/tr>\n<tr style=\"height: 24px;\">\n<td style=\"width: 50%; height: 24px;\">\n<div class=\"magic-32\"><span style=\"font-family: helvetica, arial, sans-serif; color: #000000; font-size: 14pt;\">func\u0163ie<\/span><\/div>\n<\/td>\n<td style=\"width: 50%; height: 24px;\">\n<div class=\"magic-33\"><span style=\"font-family: helvetica, arial, sans-serif; color: #000000; font-size: 14pt;\">sl\u0103birea corpului<\/span><\/div>\n<\/td>\n<\/tr>\n<tr style=\"height: 24px;\">\n<td style=\"width: 50%; height: 24px;\">\n<div class=\"magic-32\"><span style=\"font-family: helvetica, arial, sans-serif; color: #000000; font-size: 14pt;\">Tehnologie<\/span><\/div>\n<\/td>\n<td style=\"width: 50%; height: 24px;\">\n<div class=\"magic-33\"><span style=\"font-family: helvetica, arial, sans-serif; color: #000000; font-size: 14pt;\">Electromagneti pulsate de \u00eenalt\u0103 intensitate<\/span><\/div>\n<\/td>\n<\/tr>\n<tr style=\"height: 24px;\">\n<td style=\"width: 50%; height: 24px;\">\n<div class=\"magic-32\" data-spm-anchor-id=\"a2700.details.0.i39.2bca1f03jENnbH\"><span style=\"font-family: helvetica, arial, sans-serif; color: #000000; font-size: 14pt;\">M\u00e2nerele<\/span><\/div>\n<\/td>\n<td style=\"width: 50%; height: 24px;\">\n<div class=\"magic-33\" data-spm-anchor-id=\"a2700.details.0.i36.2bca1f03jENnbH\"><span style=\"font-family: helvetica, arial, sans-serif; color: #000000; font-size: 14pt;\">2 M\u00e2nere<\/span><\/div>\n<\/td>\n<\/tr>\n<tr style=\"height: 24px;\">\n<td style=\"width: 50%; height: 24px;\"><span style=\"color: #000000; font-family: helvetica, arial, sans-serif; font-size: 14pt;\">Zona \u021bint\u0103: Tot corpul<\/span><\/td>\n<td style=\"width: 50%; height: 24px;\"><span style=\"color: #000000; font-family: helvetica, arial, sans-serif; font-size: 14pt;\">Tipul de priz\u0103: AU, Alte, Marea Britanie, UE, SUA, CN, JP, Za, Ea<\/span><\/td>\n<\/tr>\n<tr style=\"height: 24px;\">\n<td style=\"width: 50%; height: 24px;\"><span style=\"color: #000000; font-family: helvetica, arial, sans-serif; font-size: 14pt;\">Func\u021bie: Pierderea \u00een greutate, stimularea mu\u0219chilor<\/span><\/td>\n<td style=\"width: 50%; height: 24px;\"><span style=\"color: #000000; font-family: helvetica, arial, sans-serif; font-size: 14pt;\">Tensiune: 110V \/ 220V 50-60Hz<\/span><\/td>\n<\/tr>\n<tr style=\"height: 24px;\">\n<td style=\"width: 50%; height: 24px;\"><span style=\"color: #000000; font-family: helvetica, arial, sans-serif; font-size: 14pt;\">Durata pulsului: 300PS<\/span><\/td>\n<td style=\"width: 50%; height: 24px;\"><span style=\"color: #000000; font-family: helvetica, arial, sans-serif; font-size: 14pt;\">Aplicare: \u00cen scopuri comerciale<\/span><\/td>\n<\/tr>\n<tr style=\"height: 24px;\">\n<td style=\"width: 50%; height: 24px;\"><span style=\"color: #000000; font-family: helvetica, arial, sans-serif; font-size: 14pt;\">Dimensiune: 55X54X38cm<\/span><\/td>\n<td style=\"width: 50%; height: 24px;\"><span style=\"color: #000000; font-family: helvetica, arial, sans-serif; font-size: 14pt;\">Greutate: 35 kg<\/span><\/td>\n<\/tr>\n<\/tbody>\n<\/table>\n<\/div>\n<\/div>\n<\/div>\n<\/div>\n<\/div>\n<p>&nbsp;<\/p>\n<p><span style=\"color: #000000; font-family: helvetica, arial, sans-serif; font-size: 14pt;\">MLKJ este o companie de 18 ani care integreaz\u0103 proiectarea, dezvoltarea, produc\u021bia \u0219i v\u00e2nz\u0103rile de instrumente de frumuse\u021be.<\/span><br \/>\n<span style=\"color: #000000; font-family: helvetica, arial, sans-serif; font-size: 14pt;\">Fabric\u0103 real\u0103, proces de produc\u021bie real, evaluare real\u0103!<\/span><br \/>\n<span style=\"color: #000000; font-family: helvetica, arial, sans-serif; font-size: 14pt;\">Bine a\u021bi venit la compania noastr\u0103 sau vizita video!<\/span><br \/>\n<span style=\"color: #000000; font-family: helvetica, arial, sans-serif; font-size: 14pt;\">Numai atunci c\u00e2nd alege\u021bi un partener real, calitatea produsului poate fi garantat\u0103!<\/span><\/p>\n<p><span style=\"font-family: helvetica, arial, sans-serif; color: #000000; font-size: 14pt;\"><strong><a style=\"color: #000000;\" href=\"https:\/\/www.mlkjlasers.com\/ro\/contact-us\/\">Cere\u021bi pre\u021buri acum!<\/a><\/strong><\/span><\/p>\n<p>&nbsp;<\/p>","protected":false},"excerpt":{"rendered":"<p>Serviciu foarte bun \u0219i mul\u021bumit cu ma\u0219ina mea. Cu siguran\u021b\u0103 le voi folosi din nou. Mul\u0163umesc, Amber.<\/p>","protected":false},"featured_media":3731,"comment_status":"open","ping_status":"closed","template":"","meta":[],"product_cat":[28],"product_tag":[],"class_list":["post-2036","product","type-product","status-publish","has-post-thumbnail","hentry","product_cat-slimming-machine"],"_links":{"self":[{"href":"https:\/\/www.mlkjlasers.com\/ro\/wp-json\/wp\/v2\/product\/2036","targetHints":{"allow":["GET"]}}],"collection":[{"href":"https:\/\/www.mlkjlasers.com\/ro\/wp-json\/wp\/v2\/product"}],"about":[{"href":"https:\/\/www.mlkjlasers.com\/ro\/wp-json\/wp\/v2\/types\/product"}],"replies":[{"embeddable":true,"href":"https:\/\/www.mlkjlasers.com\/ro\/wp-json\/wp\/v2\/comments?post=2036"}],"wp:featuredmedia":[{"embeddable":true,"href":"https:\/\/www.mlkjlasers.com\/ro\/wp-json\/wp\/v2\/media\/3731"}],"wp:attachment":[{"href":"https:\/\/www.mlkjlasers.com\/ro\/wp-json\/wp\/v2\/media?parent=2036"}],"wp:term":[{"taxonomy":"product_cat","embeddable":true,"href":"https:\/\/www.mlkjlasers.com\/ro\/wp-json\/wp\/v2\/product_cat?post=2036"},{"taxonomy":"product_tag","embeddable":true,"href":"https:\/\/www.mlkjlasers.com\/ro\/wp-json\/wp\/v2\/product_tag?post=2036"}],"curies":[{"name":"wp","href":"https:\/\/api.w.org\/{rel}","templated":true}]}}