{"id":2334,"date":"2023-08-28T09:23:34","date_gmt":"2023-08-28T01:23:34","guid":{"rendered":"https:\/\/mlkjlasers.com\/?post_type=product&#038;p=2334"},"modified":"2026-01-27T15:14:58","modified_gmt":"2026-01-27T07:14:58","slug":"new-technology-fat-removal-ems-body-tightening-machines-lose-weight-machine-sculpting-ems-body-device-stimulator","status":"publish","type":"product","link":"https:\/\/www.mlkjlasers.com\/ro\/product\/new-technology-fat-removal-ems-body-tightening-machines-lose-weight-machine-sculpting-ems-body-device-stimulator\/","title":{"rendered":"Portabil pierde \u00een greutate 4 m\u00e2nere 16 Tesla Muscle Building Stimulator Ma\u0219in\u0103 de sculptur\u0103 de gr\u0103sime"},"content":{"rendered":"<div class=\"J_module\">\n<div class=\"icbu-pc-images magic-0\">\n<div>\n<div class=\"flex-layout-v\">\n<div class=\"flex-layout-h magic-0\">\n<div class=\"magic-1\"><span style=\"color: #000000; font-size: 14pt; font-family: helvetica, arial, sans-serif;\"><img fetchpriority=\"high\" decoding=\"async\" class=\"size-full wp-image-3747\" src=\"https:\/\/www.mlkjlasers.com\/wp-content\/uploads\/2026\/01\/\u4fbf\u643a\u56db-7.jpg\" alt=\"\" width=\"1920\" height=\"1080\" srcset=\"https:\/\/www.mlkjlasers.com\/wp-content\/uploads\/2026\/01\/\u4fbf\u643a\u56db-7.jpg 1920w, https:\/\/www.mlkjlasers.com\/wp-content\/uploads\/2026\/01\/\u4fbf\u643a\u56db-7-300x169.jpg 300w, https:\/\/www.mlkjlasers.com\/wp-content\/uploads\/2026\/01\/\u4fbf\u643a\u56db-7-1024x576.jpg 1024w, https:\/\/www.mlkjlasers.com\/wp-content\/uploads\/2026\/01\/\u4fbf\u643a\u56db-7-768x432.jpg 768w, https:\/\/www.mlkjlasers.com\/wp-content\/uploads\/2026\/01\/\u4fbf\u643a\u56db-7-1536x864.jpg 1536w, https:\/\/www.mlkjlasers.com\/wp-content\/uploads\/2026\/01\/\u4fbf\u643a\u56db-7-18x10.jpg 18w, https:\/\/www.mlkjlasers.com\/wp-content\/uploads\/2026\/01\/\u4fbf\u643a\u56db-7-600x338.jpg 600w\" sizes=\"(max-width: 1920px) 100vw, 1920px\" \/><\/span><\/div>\n<\/div>\n<\/div>\n<\/div>\n<\/div>\n<\/div>\n<div class=\"J_module\">\n<div class=\"detail-decorate-json-renderer-container\">\n<div class=\"magic-3\">\n<div class=\"magic-4\">\n<div class=\"magic-5\">\n<div class=\"magic-6\">\n<div class=\"magic-7\" style=\"text-align: left;\"><span style=\"font-size: 14pt;\"><b>Construi\u021bi Muschi<\/b><\/span><br \/>\n<span style=\"font-size: 14pt;\">Muschii se contract\u0103 de 30.000 de ori la frecven\u021b\u0103 \u0219i intensitate ridicate, permi\u021b\u00e2nd antrenamentul \u0219i cre\u0219terea densit\u0103\u021bii \u0219i volumului muscular.<\/span><br \/>\n<span style=\"font-size: 14pt;\"><b>Reducerea gr\u0103similor<\/b><\/span><br \/>\n<span style=\"font-size: 14pt;\">Contrac\u021bia final\u0103 a mu\u0219chilor necesit\u0103 o cantitate mare de energie, astfel \u00eenc\u00e2t celulele grase l\u00e2ng\u0103 mu\u0219chi sunt, de asemenea, consumate, duc\u00e2nd la apoptoz\u0103 natural\u0103 \u0219i reducerea eficient\u0103 a gr\u0103simii.<\/span><br \/>\n<span style=\"font-size: 14pt;\"><b>sculptur\u0103 muscular\u0103<\/b><\/span><br \/>\n<span style=\"font-size: 14pt;\">Exercitarea mu\u0219chilor abdominali \u0219i glutei, antrena\u021bi mu\u0219chii oblici ai abdomenului \u0219i modela\u021bi linia sirenei.<\/span><\/div>\n<div style=\"text-align: left;\"><span style=\"font-size: 14pt;\"><img decoding=\"async\" class=\"aligncenter size-full wp-image-3750\" src=\"https:\/\/www.mlkjlasers.com\/wp-content\/uploads\/2026\/01\/\u4fbf\u643a\u56db-11.jpg\" alt=\"\" width=\"1920\" height=\"1080\" srcset=\"https:\/\/www.mlkjlasers.com\/wp-content\/uploads\/2026\/01\/\u4fbf\u643a\u56db-11.jpg 1920w, https:\/\/www.mlkjlasers.com\/wp-content\/uploads\/2026\/01\/\u4fbf\u643a\u56db-11-300x169.jpg 300w, https:\/\/www.mlkjlasers.com\/wp-content\/uploads\/2026\/01\/\u4fbf\u643a\u56db-11-1024x576.jpg 1024w, https:\/\/www.mlkjlasers.com\/wp-content\/uploads\/2026\/01\/\u4fbf\u643a\u56db-11-768x432.jpg 768w, https:\/\/www.mlkjlasers.com\/wp-content\/uploads\/2026\/01\/\u4fbf\u643a\u56db-11-1536x864.jpg 1536w, https:\/\/www.mlkjlasers.com\/wp-content\/uploads\/2026\/01\/\u4fbf\u643a\u56db-11-18x10.jpg 18w, https:\/\/www.mlkjlasers.com\/wp-content\/uploads\/2026\/01\/\u4fbf\u643a\u56db-11-600x338.jpg 600w\" sizes=\"(max-width: 1920px) 100vw, 1920px\" \/><\/span><\/div>\n<div><\/div>\n<div class=\"magic-7\"><span class=\"magic-8\" style=\"color: #000000; font-size: 14pt; font-family: helvetica, arial, sans-serif;\">Super u\u0219or de pierdut \u00een greutate! <\/span><\/div>\n<div class=\"magic-7\"><span class=\"magic-8\" style=\"color: #000000; font-size: 14pt; font-family: helvetica, arial, sans-serif;\"> Tot ce ave\u021bi nevoie este o ma\u0219in\u0103 de modelare a mu\u0219chilor RF de \u00eenalt\u0103 rezisten\u021b\u0103<\/span><\/div>\n<\/div>\n<div><span style=\"font-size: 14pt;\"><img decoding=\"async\" class=\"size-full wp-image-3749 alignleft\" src=\"https:\/\/www.mlkjlasers.com\/wp-content\/uploads\/2026\/01\/\u4fbf\u643a\u56db-10.jpg\" alt=\"\" width=\"1920\" height=\"1080\" srcset=\"https:\/\/www.mlkjlasers.com\/wp-content\/uploads\/2026\/01\/\u4fbf\u643a\u56db-10.jpg 1920w, https:\/\/www.mlkjlasers.com\/wp-content\/uploads\/2026\/01\/\u4fbf\u643a\u56db-10-300x169.jpg 300w, https:\/\/www.mlkjlasers.com\/wp-content\/uploads\/2026\/01\/\u4fbf\u643a\u56db-10-1024x576.jpg 1024w, https:\/\/www.mlkjlasers.com\/wp-content\/uploads\/2026\/01\/\u4fbf\u643a\u56db-10-768x432.jpg 768w, https:\/\/www.mlkjlasers.com\/wp-content\/uploads\/2026\/01\/\u4fbf\u643a\u56db-10-1536x864.jpg 1536w, https:\/\/www.mlkjlasers.com\/wp-content\/uploads\/2026\/01\/\u4fbf\u643a\u56db-10-18x10.jpg 18w, https:\/\/www.mlkjlasers.com\/wp-content\/uploads\/2026\/01\/\u4fbf\u643a\u56db-10-600x338.jpg 600w\" sizes=\"(max-width: 1920px) 100vw, 1920px\" \/><\/span><\/div>\n<\/div>\n<\/div>\n<\/div>\n<\/div>\n<\/div>\n<div class=\"J_module\">\n<div class=\"icbu-pc-images magic-0\">\n<div>\n<div class=\"flex-layout-v\">\n<div class=\"flex-layout-h magic-0\">\n<div class=\"magic-9\"><span style=\"font-size: 14pt;\"><b style=\"color: #000000; font-family: helvetica, arial, sans-serif;\">Cum func\u021bioneaz\u0103 aceast\u0103 ma\u0219in\u0103?<\/b><\/span><\/div>\n<\/div>\n<\/div>\n<\/div>\n<\/div>\n<\/div>\n<div class=\"J_module\">\n<div class=\"detail-decorate-json-renderer-container\">\n<div class=\"magic-3\">\n<div class=\"magic-4\">\n<div class=\"magic-5\">\n<div class=\"magic-6\" style=\"text-align: left;\"><span class=\"magic-11\" style=\"color: #000000; font-size: 14pt; font-family: helvetica, arial, sans-serif;\">Adopt\u0103 electromagnetic pulsat de \u00eenalt\u0103 intensitate pentru a construi mu\u0219chi \u0219i tonuri pentru abdomen, bra\u021be, picioare \u0219i funduri.<br \/>\n<\/span><\/div>\n<div style=\"text-align: left;\"><span style=\"font-size: 14pt;\">\u00cen munca zilnic\u0103, atunci c\u00e2nd m\u00e2nerul ac\u021bioneaz\u0103 asupra diferitelor p\u0103r\u021bi ale clien\u021bilor diferi\u021bi, sunt necesari parametri diferi\u021bi. Fiecare m\u00e2ner poate ajusta parametrii independent, \u00eendeplinind perfect diferitele cerin\u021be energetice ale diferitelor p\u0103r\u021bi atunci c\u00e2nd m\u00e2nerele lucreaz\u0103 \u00een acela\u0219i timp.<\/span><\/div>\n<div><span style=\"font-size: 14pt;\"><img loading=\"lazy\" decoding=\"async\" class=\"aligncenter size-full wp-image-3751\" src=\"https:\/\/www.mlkjlasers.com\/wp-content\/uploads\/2026\/01\/\u4fbf\u643a\u56db-12.jpg\" alt=\"\" width=\"1920\" height=\"1080\" srcset=\"https:\/\/www.mlkjlasers.com\/wp-content\/uploads\/2026\/01\/\u4fbf\u643a\u56db-12.jpg 1920w, https:\/\/www.mlkjlasers.com\/wp-content\/uploads\/2026\/01\/\u4fbf\u643a\u56db-12-300x169.jpg 300w, https:\/\/www.mlkjlasers.com\/wp-content\/uploads\/2026\/01\/\u4fbf\u643a\u56db-12-1024x576.jpg 1024w, https:\/\/www.mlkjlasers.com\/wp-content\/uploads\/2026\/01\/\u4fbf\u643a\u56db-12-768x432.jpg 768w, https:\/\/www.mlkjlasers.com\/wp-content\/uploads\/2026\/01\/\u4fbf\u643a\u56db-12-1536x864.jpg 1536w, https:\/\/www.mlkjlasers.com\/wp-content\/uploads\/2026\/01\/\u4fbf\u643a\u56db-12-18x10.jpg 18w, https:\/\/www.mlkjlasers.com\/wp-content\/uploads\/2026\/01\/\u4fbf\u643a\u56db-12-600x338.jpg 600w\" sizes=\"(max-width: 1920px) 100vw, 1920px\" \/><\/span><\/div>\n<\/div>\n<div style=\"text-align: left;\"><span style=\"font-size: 14pt;\">Func\u021bionalitate multi-mod &#8211; Diferite niveluri de intensitate pentru tratament personalizat.<\/span><br \/>\n<span style=\"font-size: 14pt;\">Rapid &amp; Rezultate vizibile &#8211; Sim\u021bi\u021bi diferen\u021ba \u00een doar c\u00e2teva sesiuni.<\/span><br \/>\n<span style=\"font-size: 14pt;\">Sigur &amp; Non-invaziv &#8211; F\u0103r\u0103 opera\u0163ie, f\u0103r\u0103 timp de oprire, f\u0103r\u0103 durere.<\/span><br \/>\n<span style=\"font-size: 14pt;\">Utilizarea \u00eentregului corp &#8211; Func\u021bioneaz\u0103 pe abdomen, bra\u021be, coapsele, glutee \u0219i multe altele.<\/span><br \/>\n<span style=\"font-size: 14pt;\">Portabil &amp; U\u0219or de utilizat &#8211; Perfect pentru saloane, clinici sau uz casnic.<\/span><\/div>\n<div><span style=\"font-size: 14pt;\"><img loading=\"lazy\" decoding=\"async\" class=\"aligncenter size-full wp-image-3753\" src=\"https:\/\/www.mlkjlasers.com\/wp-content\/uploads\/2026\/01\/\u4fbf\u643a\u56db-14.jpg\" alt=\"\" width=\"1920\" height=\"1080\" srcset=\"https:\/\/www.mlkjlasers.com\/wp-content\/uploads\/2026\/01\/\u4fbf\u643a\u56db-14.jpg 1920w, https:\/\/www.mlkjlasers.com\/wp-content\/uploads\/2026\/01\/\u4fbf\u643a\u56db-14-300x169.jpg 300w, https:\/\/www.mlkjlasers.com\/wp-content\/uploads\/2026\/01\/\u4fbf\u643a\u56db-14-1024x576.jpg 1024w, https:\/\/www.mlkjlasers.com\/wp-content\/uploads\/2026\/01\/\u4fbf\u643a\u56db-14-768x432.jpg 768w, https:\/\/www.mlkjlasers.com\/wp-content\/uploads\/2026\/01\/\u4fbf\u643a\u56db-14-1536x864.jpg 1536w, https:\/\/www.mlkjlasers.com\/wp-content\/uploads\/2026\/01\/\u4fbf\u643a\u56db-14-18x10.jpg 18w, https:\/\/www.mlkjlasers.com\/wp-content\/uploads\/2026\/01\/\u4fbf\u643a\u56db-14-600x338.jpg 600w\" sizes=\"(max-width: 1920px) 100vw, 1920px\" \/><\/span><\/div>\n<div>\n<article class=\"4ever-article\"><strong><span style=\"font-size: 14pt;\" data-type=\"text\">Punctele de v\u00e2nzare ale dispozitivului de sl\u0103bire magnetic\u0103 cu 4 m\u00e2nere<\/span><\/strong><\/article>\n<article class=\"4ever-article\"><span style=\"font-size: 14pt;\">1.Patru m\u00e2nere care lucreaz\u0103 simultan - dubleaz\u0103 eficien\u021ba Trata\u021bi mai multe zone deodat\u0103 (de exemplu, abdomen coapsele bra\u021be fesele). Economisi\u021bi timp pe sesiune \u0219i \u00eembun\u0103t\u0103\u021bi\u021bi cifra de afaceri a clien\u021bilor - perfect pentru clinici ocupate.<\/span><\/article>\n<article><\/article>\n<article class=\"4ever-article\"><span style=\"font-size: 14pt;\">2.Control independent - Tratamente personalizate Fiecare m\u00e2ner func\u021bioneaz\u0103 independent cu set\u0103ri reglabile pentru intensitate \u0219i mod. Personalizat pentru diferite zone ale corpului \u0219i obiective - reducerea gr\u0103similor, tonificarea sau construirea muscular\u0103.<\/span><\/article>\n<article><\/article>\n<article class=\"4ever-article\"><span style=\"font-size: 14pt;\">3.Full-Body Contouring - Un dispozitiv, solu\u021bia total\u0103 acoper\u0103 abdomenul, bra\u021bele, coapsele, fundurile \u0219i multe altele. Ofer\u0103 o solu\u021bie complet\u0103 de sculptur\u0103 pentru a spori satisfac\u021bia \u0219i reten\u021bia clien\u021bilor.<\/span><\/article>\n<article><\/article>\n<article class=\"4ever-article\"><span style=\"font-size: 14pt;\">4.Eficient &amp; Cost-eficient pentru clinici O sesiune vizeaz\u0103 mai multe zone - mai pu\u021bin efort manual, mai mult\u0103 automatizare. Cre\u0219te eficien\u021ba personalului \u0219i reduce costurile de operare.<\/span><\/article>\n<article><\/article>\n<article class=\"4ever-article\"><span style=\"font-size: 14pt;\">5.Utilizarea cu dou\u0103 persoane - maximizarea veniturilor Doi clien\u021bi pot fi trata\u021bi \u00een acela\u0219i timp. Ideal pentru ore de v\u00e2rf, pachete promo\u021bionale sau tratamente de cuplu \/ grup.<\/span><\/article>\n<article><\/article>\n<article class=\"4ever-article\"><span style=\"font-size: 14pt;\">6. Apel de \u00eenalt\u0103 tehnologie - Experien\u021ba clientului premium Design elegant cu efecte LED \u0219i comenzi de ecran tactil \u00eembun\u0103t\u0103\u021be\u0219te valoarea perceput\u0103. Proiecteaz\u0103 o imagine modern\u0103 \u0219i profesional\u0103 care v\u0103 ridic\u0103 pozi\u021bionarea brandului.<\/span><\/article>\n<\/div>\n<\/div>\n<\/div>\n<\/div>\n<\/div>\n<div class=\"J_module\">\n<div class=\"detail-decorate-json-renderer-container\">\n<div class=\"magic-3\">\n<div class=\"magic-4\">\n<div class=\"magic-5\">\n<div class=\"magic-6\">\n<div class=\"magic-7\"><\/div>\n<\/div>\n<\/div>\n<\/div>\n<\/div>\n<\/div>\n<\/div>\n<div class=\"J_module\">\n<div class=\"icbu-pc-images magic-0\">\n<div class=\"flex-layout-v\">\n<div class=\"flex-layout-h magic-0\">\n<div class=\"magic-23\"><\/div>\n<\/div>\n<\/div>\n<\/div>\n<\/div>\n<div class=\"J_module\">\n<div class=\"icbu-pc-images magic-0\">\n<div>\n<div class=\"flex-layout-v\">\n<div class=\"flex-layout-h magic-0\">\n<div class=\"magic-24\"><\/div>\n<\/div>\n<\/div>\n<\/div>\n<\/div>\n<\/div>\n<div class=\"J_module\">\n<div class=\"detail-decorate-json-renderer-container\">\n<div class=\"magic-3\">\n<div class=\"magic-4\">\n<div class=\"magic-5\">\n<div class=\"magic-6\">\n<div class=\"magic-7\">\n<div><span style=\"font-size: 14pt;\"><img loading=\"lazy\" decoding=\"async\" class=\"aligncenter size-full wp-image-3752\" src=\"https:\/\/www.mlkjlasers.com\/wp-content\/uploads\/2026\/01\/\u4fbf\u643a\u56db-13.jpg\" alt=\"\" width=\"1920\" height=\"1080\" srcset=\"https:\/\/www.mlkjlasers.com\/wp-content\/uploads\/2026\/01\/\u4fbf\u643a\u56db-13.jpg 1920w, https:\/\/www.mlkjlasers.com\/wp-content\/uploads\/2026\/01\/\u4fbf\u643a\u56db-13-300x169.jpg 300w, https:\/\/www.mlkjlasers.com\/wp-content\/uploads\/2026\/01\/\u4fbf\u643a\u56db-13-1024x576.jpg 1024w, https:\/\/www.mlkjlasers.com\/wp-content\/uploads\/2026\/01\/\u4fbf\u643a\u56db-13-768x432.jpg 768w, https:\/\/www.mlkjlasers.com\/wp-content\/uploads\/2026\/01\/\u4fbf\u643a\u56db-13-1536x864.jpg 1536w, https:\/\/www.mlkjlasers.com\/wp-content\/uploads\/2026\/01\/\u4fbf\u643a\u56db-13-18x10.jpg 18w, https:\/\/www.mlkjlasers.com\/wp-content\/uploads\/2026\/01\/\u4fbf\u643a\u56db-13-600x338.jpg 600w\" sizes=\"(max-width: 1920px) 100vw, 1920px\" \/><\/span><\/div>\n<div class=\"magic-7\"><\/div>\n<div style=\"text-align: left;\"><span style=\"font-size: 14pt;\"><b style=\"color: #000000; font-family: helvetica, arial, sans-serif; text-align: left;\">\u00cendep\u0103rtarea gr\u0103similor<\/b><\/span><\/div>\n<\/div>\n<\/div>\n<\/div>\n<\/div>\n<\/div>\n<\/div>\n<\/div>\n<div class=\"J_module\">\n<div class=\"detail-decorate-json-renderer-container\">\n<div class=\"magic-3\">\n<div class=\"magic-4\">\n<div class=\"magic-5\">\n<div class=\"magic-6\" style=\"text-align: left;\"><span style=\"color: #000000; font-size: 14pt; font-family: helvetica, arial, sans-serif;\">Construc\u021bia muscular\u0103 \u00eembun\u0103t\u0103\u021be\u0219te eliberarea epinefrinei, ceea ce aduce un efect evident care duce la lipoliza supramaxim\u0103 \u00een celulele grase.<\/span><\/div>\n<div class=\"magic-6\" style=\"text-align: left;\"><span style=\"color: #000000; font-size: 14pt; font-family: helvetica, arial, sans-serif;\"><b>Circularea \u00eembun\u0103t\u0103\u021birii limfatice<\/b><\/span><br \/>\n<span style=\"color: #000000; font-size: 14pt; font-family: helvetica, arial, sans-serif;\">Undele electromagnetice stimuleaz\u0103 hemoglobina, cre\u0219te fluxul sanguin, circula\u021bia limfatic\u0103. Procedura cre\u0219te faptul c\u0103 celulele de gr\u0103sime moarte sunt eliminate \u00een mod natural.<\/span><\/div>\n<div class=\"magic-6\" style=\"text-align: left;\"><span style=\"color: #000000; font-size: 14pt; font-family: helvetica, arial, sans-serif;\"><b>Intensitate \u00eenalt\u0103<\/b><\/span><br \/>\n<span style=\"color: #000000; font-size: 14pt; font-family: helvetica, arial, sans-serif;\">Tesla se bazeaz\u0103 pe energie magnetic\u0103 de \u00eenalt\u0103 intensitate, care ar putea acoperi mu\u0219chii scheletici mari ai corpului uman, iar acest nivel ridicat de energie permite r\u0103spunsul muscular cu o remodelare profund\u0103 a structurii sale interioare.<\/span><\/div>\n<\/div>\n<\/div>\n<\/div>\n<\/div>\n<\/div>\n<div class=\"J_module\">\n<div class=\"detail-decorate-json-renderer-container\">\n<div class=\"magic-3\">\n<div class=\"magic-4\">\n<div class=\"magic-5\">\n<div class=\"magic-6\"><span style=\"font-size: 14pt;\"><img loading=\"lazy\" decoding=\"async\" class=\"aligncenter size-full wp-image-3748\" src=\"https:\/\/www.mlkjlasers.com\/wp-content\/uploads\/2026\/01\/\u4fbf\u643a\u56db-8.jpg\" alt=\"\" width=\"1920\" height=\"1080\" srcset=\"https:\/\/www.mlkjlasers.com\/wp-content\/uploads\/2026\/01\/\u4fbf\u643a\u56db-8.jpg 1920w, https:\/\/www.mlkjlasers.com\/wp-content\/uploads\/2026\/01\/\u4fbf\u643a\u56db-8-300x169.jpg 300w, https:\/\/www.mlkjlasers.com\/wp-content\/uploads\/2026\/01\/\u4fbf\u643a\u56db-8-1024x576.jpg 1024w, https:\/\/www.mlkjlasers.com\/wp-content\/uploads\/2026\/01\/\u4fbf\u643a\u56db-8-768x432.jpg 768w, https:\/\/www.mlkjlasers.com\/wp-content\/uploads\/2026\/01\/\u4fbf\u643a\u56db-8-1536x864.jpg 1536w, https:\/\/www.mlkjlasers.com\/wp-content\/uploads\/2026\/01\/\u4fbf\u643a\u56db-8-18x10.jpg 18w, https:\/\/www.mlkjlasers.com\/wp-content\/uploads\/2026\/01\/\u4fbf\u643a\u56db-8-600x338.jpg 600w\" sizes=\"(max-width: 1920px) 100vw, 1920px\" \/><\/span><\/div>\n<div><span style=\"font-size: 14pt;\"><b class=\"magic-19\" style=\"color: #000000; font-family: helvetica, arial, sans-serif;\"><span class=\"magic-11\"><span class=\"magic-20\">Ecran HD 14K, parametrii de sistem masculin \u0219i feminin preseta\u021bi mai convenabil<\/span><\/span><\/b><\/span><\/div>\n<\/div>\n<\/div>\n<\/div>\n<\/div>\n<\/div>\n<div class=\"J_module\">\n<div id=\"ali-anchor-AliMagic-3dz5fi\" class=\"magic-15\" data-section=\"AliMagic-3dz5fi\" data-section-title=\"Packing &amp; Delivery\">\n<div class=\"magic-7\"><span style=\"color: #000000; font-size: 14pt; font-family: helvetica, arial, sans-serif;\"><b class=\"magic-19\"><span class=\"magic-11\"><span class=\"magic-20\">Design inovativ de pornire cu un singur clic<\/span><\/span><\/b><\/span><\/div>\n<div><img loading=\"lazy\" decoding=\"async\" class=\"aligncenter size-full wp-image-3735\" src=\"https:\/\/www.mlkjlasers.com\/wp-content\/uploads\/2026\/01\/\u4fbf\u643a\u53cc-7.jpg\" alt=\"\" width=\"1920\" height=\"1080\" srcset=\"https:\/\/www.mlkjlasers.com\/wp-content\/uploads\/2026\/01\/\u4fbf\u643a\u53cc-7.jpg 1920w, https:\/\/www.mlkjlasers.com\/wp-content\/uploads\/2026\/01\/\u4fbf\u643a\u53cc-7-300x169.jpg 300w, https:\/\/www.mlkjlasers.com\/wp-content\/uploads\/2026\/01\/\u4fbf\u643a\u53cc-7-1024x576.jpg 1024w, https:\/\/www.mlkjlasers.com\/wp-content\/uploads\/2026\/01\/\u4fbf\u643a\u53cc-7-768x432.jpg 768w, https:\/\/www.mlkjlasers.com\/wp-content\/uploads\/2026\/01\/\u4fbf\u643a\u53cc-7-1536x864.jpg 1536w, https:\/\/www.mlkjlasers.com\/wp-content\/uploads\/2026\/01\/\u4fbf\u643a\u53cc-7-18x10.jpg 18w, https:\/\/www.mlkjlasers.com\/wp-content\/uploads\/2026\/01\/\u4fbf\u643a\u53cc-7-600x338.jpg 600w\" sizes=\"(max-width: 1920px) 100vw, 1920px\" \/><\/div>\n<\/div>\n<\/div>\n<div class=\"J_module\">\n<div class=\"icbu-pc-images magic-0\">\n<div>\n<div class=\"flex-layout-v\">\n<div class=\"flex-layout-h magic-0\">\n<div class=\"magic-45\"><\/div>\n<\/div>\n<\/div>\n<\/div>\n<\/div>\n<\/div>\n<div class=\"J_module\">\n<div class=\"detail-decorate-json-renderer-container\">\n<div class=\"magic-3\">\n<div class=\"magic-4\">\n<div class=\"magic-5\">\n<div class=\"magic-6\">\n<p class=\"magic-38\" style=\"text-align: center;\" data-spm-anchor-id=\"a2700.wholesale.0.i46.521e26ba3HtoMY\"><span style=\"font-size: 14pt; color: #000000; font-family: helvetica, arial, sans-serif;\"><b><u>Ambalare \u015fi livrare<\/u><\/b><br \/>\n<b>Ambalaj:<\/b> Cutie de aluminiu stabil\u0103 cu spum\u0103.<br \/>\n<b>Livrare:<\/b> 3 zile lucr\u0103toare, prin DHL, UPS, TNT, FedEx, etc serviciu u\u0219\u0103 la u\u0219\u0103.<br \/>\n\u00cenainte de livrare, inginerii no\u0219tri vor testa fiecare detaliu al ma\u0219inii, asigur\u00e2ndu-se c\u0103 clientul nostru poate ob\u021bine cea mai perfect\u0103 ma\u0219in\u0103 de la noi.\u00a0\u00a0<\/span><\/p>\n<\/div>\n<p data-spm-anchor-id=\"a2700.wholesale.0.i46.521e26ba3HtoMY\">\n<\/div>\n<\/div>\n<\/div>\n<\/div>\n<\/div>","protected":false},"excerpt":{"rendered":"<p><span class=\"\" title=\"Acest script a fost scris de c\u0103tre Operator Num\u0103r, acest script este complet gratuit, pentru utilizarea individual\u0103 de cercetare de \u00eenv\u0103\u021bare, interzice v\u00e2nzarea \u00eenapoi, profitul \u0219i alte ac\u021biuni, \u00eencalc\u0103torul de sine Num\u0103rul public: Operator Num\u0103r\">Stimulator muscular pentru frumuse\u021be sub\u021bire Ems<\/span><\/p>\n<p><span class=\"\" title=\"Acest script a fost scris de c\u0103tre Operator Num\u0103r, acest script este complet gratuit, pentru utilizarea individual\u0103 de cercetare de \u00eenv\u0103\u021bare, interzice v\u00e2nzarea \u00eenapoi, profitul \u0219i alte ac\u021biuni, \u00eencalc\u0103torul de sine Num\u0103rul public: Operator Num\u0103r\">Ems modelare ma\u0219in\u0103 de sculptur\u0103<\/span><\/p>\n<p><span class=\"\" title=\"Acest script a fost scris de c\u0103tre Operator Num\u0103r, acest script este complet gratuit, pentru utilizarea individual\u0103 de cercetare de \u00eenv\u0103\u021bare, interzice v\u00e2nzarea \u00eenapoi, profitul \u0219i alte ac\u021biuni, \u00eencalc\u0103torul de sine Num\u0103rul public: Operator Num\u0103r\">Ems modelarea sculpturii<\/span><\/p>\n<p><span class=\"\" title=\"Acest script a fost scris de c\u0103tre Operator Num\u0103r, acest script este complet gratuit, pentru utilizarea individual\u0103 de cercetare de \u00eenv\u0103\u021bare, interzice v\u00e2nzarea \u00eenapoi, profitul \u0219i alte ac\u021biuni, \u00eencalc\u0103torul de sine Num\u0103rul public: Operator Num\u0103r\">Sistemul de sl\u0103bire Ems Dispozitiv Ems<\/span><\/p>\n<p><span class=\"\" title=\"Acest script a fost scris de c\u0103tre Operator Num\u0103r, acest script este complet gratuit, pentru utilizarea individual\u0103 de cercetare de \u00eenv\u0103\u021bare, interzice v\u00e2nzarea \u00eenapoi, profitul \u0219i alte ac\u021biuni, \u00eencalc\u0103torul de sine Num\u0103rul public: Operator Num\u0103r\">Ems Shaping Sculptur\u0103 de eliminare a gr\u0103similor<\/span><\/p>","protected":false},"featured_media":3743,"comment_status":"open","ping_status":"closed","template":"","meta":[],"product_cat":[28],"product_tag":[],"class_list":["post-2334","product","type-product","status-publish","has-post-thumbnail","hentry","product_cat-slimming-machine"],"_links":{"self":[{"href":"https:\/\/www.mlkjlasers.com\/ro\/wp-json\/wp\/v2\/product\/2334","targetHints":{"allow":["GET"]}}],"collection":[{"href":"https:\/\/www.mlkjlasers.com\/ro\/wp-json\/wp\/v2\/product"}],"about":[{"href":"https:\/\/www.mlkjlasers.com\/ro\/wp-json\/wp\/v2\/types\/product"}],"replies":[{"embeddable":true,"href":"https:\/\/www.mlkjlasers.com\/ro\/wp-json\/wp\/v2\/comments?post=2334"}],"wp:featuredmedia":[{"embeddable":true,"href":"https:\/\/www.mlkjlasers.com\/ro\/wp-json\/wp\/v2\/media\/3743"}],"wp:attachment":[{"href":"https:\/\/www.mlkjlasers.com\/ro\/wp-json\/wp\/v2\/media?parent=2334"}],"wp:term":[{"taxonomy":"product_cat","embeddable":true,"href":"https:\/\/www.mlkjlasers.com\/ro\/wp-json\/wp\/v2\/product_cat?post=2334"},{"taxonomy":"product_tag","embeddable":true,"href":"https:\/\/www.mlkjlasers.com\/ro\/wp-json\/wp\/v2\/product_tag?post=2334"}],"curies":[{"name":"wp","href":"https:\/\/api.w.org\/{rel}","templated":true}]}}