{"id":2351,"date":"2023-08-28T13:49:00","date_gmt":"2023-08-28T05:49:00","guid":{"rendered":"https:\/\/mlkjlasers.com\/?post_type=product&#038;p=2351"},"modified":"2026-01-27T16:31:00","modified_gmt":"2026-01-27T08:31:00","slug":"q-switched-nd-yag-picosecond-laser-tattoo-removal-machine","status":"publish","type":"product","link":"https:\/\/www.mlkjlasers.com\/ro\/product\/q-switched-nd-yag-picosecond-laser-tattoo-removal-machine\/","title":{"rendered":"Ma\u0219in\u0103 portabil\u0103 de \u00eengrijire a pielii Q comutat\u0103 ND YAG Laser Tattoo Removal pentru utilizarea Saon de frumuse\u021be"},"content":{"rendered":"<p><span style=\"font-size: 14pt;\"><img fetchpriority=\"high\" decoding=\"async\" class=\"wp-image-3825 alignleft\" src=\"https:\/\/www.mlkjlasers.com\/wp-content\/uploads\/2026\/01\/ND-LV3\u8be6\u60c5\u9875-1.jpg\" alt=\"\" width=\"1920\" height=\"911\" srcset=\"https:\/\/www.mlkjlasers.com\/wp-content\/uploads\/2026\/01\/ND-LV3\u8be6\u60c5\u9875-1.jpg 750w, https:\/\/www.mlkjlasers.com\/wp-content\/uploads\/2026\/01\/ND-LV3\u8be6\u60c5\u9875-1-300x142.jpg 300w, https:\/\/www.mlkjlasers.com\/wp-content\/uploads\/2026\/01\/ND-LV3\u8be6\u60c5\u9875-1-18x9.jpg 18w, https:\/\/www.mlkjlasers.com\/wp-content\/uploads\/2026\/01\/ND-LV3\u8be6\u60c5\u9875-1-600x285.jpg 600w\" sizes=\"(max-width: 1920px) 100vw, 1920px\" \/><span style=\"color: #000000; font-family: helvetica, arial, sans-serif; font-size: 14pt;\">Lasere Nd: YAG pentru \u00eendep\u0103rtarea tatuajelor cu laser (Q-Switched Nd: YAG)<\/span><\/span><\/p>\n<div class=\"J_module\" style=\"text-align: left;\">\n<div class=\"detail-decorate-json-renderer-container\">\n<p style=\"text-align: left;\"><span style=\"font-family: helvetica, arial, sans-serif; color: #000000; font-size: 14pt;\">Laserul Nd: YAG cu laser Q-switched, ceea ce \u00eenseamn\u0103 c\u0103 produce pulsuri de energie excep\u021bional de scurte \u0219i puternice care dureaz\u0103 cel mult c\u00e2teva nanosecunde. <\/span><\/p>\n<p style=\"text-align: left;\"><span style=\"font-family: helvetica, arial, sans-serif; color: #000000; font-size: 14pt;\">Scurtitatea pulsului este esen\u021bial\u0103 pentru \u00eendep\u0103rtarea tatuajului, astfel \u00eenc\u00e2t cerneala de tatuaj s\u0103 fie spart\u0103 \u00een timp ce \u021besutul \u00eenconjur\u0103tor r\u0103m\u00e2ne nedorit.<\/span><\/p>\n<p style=\"text-align: left;\"><span style=\"font-family: helvetica, arial, sans-serif; color: #000000; font-size: 14pt;\">Laserele Nd: YAG Q-switched sunt o alegere excelent\u0103 pentru \u00eendep\u0103rtarea tatuajelor deoarece lungimea de und\u0103 produs\u0103 de 1064 nm este absorbit\u0103 bine de tatuajele negre \u0219i alte culori de tatuaj.<\/span><\/p>\n<p><span style=\"font-size: 14pt;\"><img decoding=\"async\" class=\"aligncenter wp-image-3827\" src=\"https:\/\/www.mlkjlasers.com\/wp-content\/uploads\/2026\/01\/ND-LV3\u8be6\u60c5\u9875-3.jpg\" alt=\"\" width=\"1920\" height=\"1874\" srcset=\"https:\/\/www.mlkjlasers.com\/wp-content\/uploads\/2026\/01\/ND-LV3\u8be6\u60c5\u9875-3.jpg 750w, https:\/\/www.mlkjlasers.com\/wp-content\/uploads\/2026\/01\/ND-LV3\u8be6\u60c5\u9875-3-300x293.jpg 300w, https:\/\/www.mlkjlasers.com\/wp-content\/uploads\/2026\/01\/ND-LV3\u8be6\u60c5\u9875-3-12x12.jpg 12w, https:\/\/www.mlkjlasers.com\/wp-content\/uploads\/2026\/01\/ND-LV3\u8be6\u60c5\u9875-3-600x586.jpg 600w\" sizes=\"(max-width: 1920px) 100vw, 1920px\" \/><\/span><\/p>\n<p style=\"text-align: left;\"><span style=\"font-family: helvetica, arial, sans-serif; color: #000000; font-size: 14pt;\">C\u00e2nd fasciculul de 1064 nm este dublat \u00een frecven\u021b\u0103, lumina \u00eencepe s\u0103 c\u0103l\u0103toreasc\u0103 la o a doua lungime de und\u0103, 532 nm. <\/span><\/p>\n<p style=\"text-align: left;\"><span style=\"font-family: helvetica, arial, sans-serif; color: #000000; font-size: 14pt;\">Lungimea de und\u0103 de 532 nm este foarte eficient\u0103 pe ro\u0219u, roz, portocaliu \u0219i alte culori str\u0103lucitoare.<\/span><\/p>\n<p style=\"text-align: left;\"><span style=\"font-family: helvetica, arial, sans-serif; color: #000000; font-size: 14pt;\">\u00cempreun\u0103, cele dou\u0103 lungimi de und\u0103 ale unui laser Nd: YAG pot trata aproape spectrul complet de culori de tatuaj pentru spargerea \u0219i \u00eendep\u0103rtarea cernealei de calitate <\/span><\/p>\n<p style=\"text-align: left;\"><span style=\"font-family: helvetica, arial, sans-serif; color: #000000; font-size: 14pt;\">\u2013 de aceea laserele Nd: YAG Q-switched sunt instrumentul de alegere pentru cele mai multe \u00eendep\u0103rtarea tatuajelor<\/span><\/p>\n<p><span style=\"font-size: 14pt;\"><img decoding=\"async\" class=\"aligncenter wp-image-3829\" src=\"https:\/\/www.mlkjlasers.com\/wp-content\/uploads\/2026\/01\/ND-LV3\u8be6\u60c5\u9875-5.jpg\" alt=\"\" width=\"1920\" height=\"1853\" srcset=\"https:\/\/www.mlkjlasers.com\/wp-content\/uploads\/2026\/01\/ND-LV3\u8be6\u60c5\u9875-5.jpg 750w, https:\/\/www.mlkjlasers.com\/wp-content\/uploads\/2026\/01\/ND-LV3\u8be6\u60c5\u9875-5-300x290.jpg 300w, https:\/\/www.mlkjlasers.com\/wp-content\/uploads\/2026\/01\/ND-LV3\u8be6\u60c5\u9875-5-12x12.jpg 12w, https:\/\/www.mlkjlasers.com\/wp-content\/uploads\/2026\/01\/ND-LV3\u8be6\u60c5\u9875-5-600x579.jpg 600w\" sizes=\"(max-width: 1920px) 100vw, 1920px\" \/><\/span><\/p>\n<p><span style=\"font-size: 14pt;\"><b class=\"magic-7\">M\u00e2ner: 4 milioane de lovituri<br \/>\n<\/b>Utilizat tehnologie unic\u0103 Focused Honeycomb pentru a forma un efect de vacuolizare a pielii, care poate proteja pielea de deterior\u0103ri \u00een timpul tratamentului. Sistemele de flux de ap\u0103 \u0219i nivelul apei p\u0103streaz\u0103 componentele optice valoroase.<\/span><br \/>\n<span style=\"font-size: 14pt;\">Disponibil<\/span><br \/>\n<span style=\"font-size: 14pt;\"><b>&#8212; &#8212; 1064NM<\/b><\/span><br \/>\n<span style=\"font-size: 14pt;\">\u00cendep\u0103rtarea pigmentului, \u00eendep\u0103rtarea m\u0103nurii \u00eentunecate, \u00eendep\u0103rtarea tatuajului negru.<\/span><br \/>\n<span style=\"font-size: 14pt;\"><b>&#8212; &#8212; 755NM<br \/>\n<\/b>Profesional pentru \u00eendep\u0103rtarea pigmentului, fa\u021ba speckleremoval.<\/span><br \/>\n<span style=\"font-size: 14pt;\"><b>&#8212; &#8212; 1320NM<br \/>\n<\/b>Papusa fata neagra, \u00eentinarea pielii, sc\u0103derea porilor.<\/span><br \/>\n<span style=\"font-size: 14pt;\"><b>&#8212; &#8212; 532NM<br \/>\n<\/b>\u00cendep\u0103rtarea pigmentului, \u00eendep\u0103rtarea tatuajului ro\u0219u maro verde.<\/span><\/p>\n<p><span style=\"font-size: 14pt;\"><img loading=\"lazy\" decoding=\"async\" class=\"aligncenter wp-image-3830\" src=\"https:\/\/www.mlkjlasers.com\/wp-content\/uploads\/2026\/01\/ND-LV3\u8be6\u60c5\u9875-6.jpg\" alt=\"\" width=\"1920\" height=\"1341\" srcset=\"https:\/\/www.mlkjlasers.com\/wp-content\/uploads\/2026\/01\/ND-LV3\u8be6\u60c5\u9875-6.jpg 750w, https:\/\/www.mlkjlasers.com\/wp-content\/uploads\/2026\/01\/ND-LV3\u8be6\u60c5\u9875-6-300x210.jpg 300w, https:\/\/www.mlkjlasers.com\/wp-content\/uploads\/2026\/01\/ND-LV3\u8be6\u60c5\u9875-6-18x12.jpg 18w, https:\/\/www.mlkjlasers.com\/wp-content\/uploads\/2026\/01\/ND-LV3\u8be6\u60c5\u9875-6-600x419.jpg 600w\" sizes=\"(max-width: 1920px) 100vw, 1920px\" \/><span style=\"font-family: helvetica, arial, sans-serif; color: #000000;\"><span class=\"magic-9\">1. moduri de func\u021bionare continue, super puls, frac\u021bionate diferite.<br \/>\n2. Diametrul punctului focal \u0219i intervalul sunt reglabile.<br \/>\n3. Cel mai bun tub laser RF din SUA, performan\u021b\u0103 stabil\u0103, \u00eenalt\u0103 eficacitate.<\/span><\/span><\/span><\/p>\n<p><span style=\"font-family: helvetica, arial, sans-serif; font-size: 14pt; color: #000000;\"><span class=\"magic-9\">4. F\u0103r\u0103 pigmentare \u0219i depigmantare a pielii, nu ave\u021bi nevoie de consumabile suplimentare.<br \/>\n5. protec\u021bie de siguran\u021b\u0103 cu alam automat.<br \/>\n6. Tratament u\u0219or \u0219i rapid, f\u0103r\u0103 timp de oprire.<br \/>\n7. Diferite volume spot sunt potrivite pentru diferite zone ale corpului.<\/span><\/span><\/p>\n<p><span style=\"font-size: 14pt;\"><img loading=\"lazy\" decoding=\"async\" class=\"aligncenter wp-image-3828\" src=\"https:\/\/www.mlkjlasers.com\/wp-content\/uploads\/2026\/01\/ND-LV3\u8be6\u60c5\u9875-4.jpg\" alt=\"\" width=\"1920\" height=\"1198\" srcset=\"https:\/\/www.mlkjlasers.com\/wp-content\/uploads\/2026\/01\/ND-LV3\u8be6\u60c5\u9875-4.jpg 750w, https:\/\/www.mlkjlasers.com\/wp-content\/uploads\/2026\/01\/ND-LV3\u8be6\u60c5\u9875-4-300x187.jpg 300w, https:\/\/www.mlkjlasers.com\/wp-content\/uploads\/2026\/01\/ND-LV3\u8be6\u60c5\u9875-4-18x12.jpg 18w, https:\/\/www.mlkjlasers.com\/wp-content\/uploads\/2026\/01\/ND-LV3\u8be6\u60c5\u9875-4-600x374.jpg 600w\" sizes=\"(max-width: 1920px) 100vw, 1920px\" \/><\/span><\/p>\n<\/div>\n<\/div>\n<div class=\"J_module\" style=\"text-align: left;\">\n<div class=\"detail-decorate-json-renderer-container\">\n<div class=\"magic-3\">\n<div class=\"magic-6\">\n<div class=\"magic-7\">\n<div class=\"magic-8\">\n<div><span style=\"color: #000000; font-family: helvetica, arial, sans-serif; font-size: 14pt;\">5 Capuri Ajusta\u021bi m\u0103rimea punctului de la 1mm la 7mm<\/span><\/div>\n<\/div>\n<\/div>\n<\/div>\n<\/div>\n<\/div>\n<\/div>\n<div class=\"J_module\" style=\"text-align: left;\">\n<div class=\"detail-decorate-json-renderer-container\">\n<div class=\"magic-3\">\n<div class=\"magic-6\">\n<div class=\"magic-7\">\n<div class=\"magic-8\">\n<p><span style=\"font-size: 14pt;\">Capul reglabil de 1064\/532 nm este pentru \u00eendep\u0103rtarea tatuajului \/ pigmentului cu suprafa\u021b\u0103 mare;<\/span><\/p>\n<\/div>\n<div class=\"magic-8\"><span style=\"font-family: helvetica, arial, sans-serif; font-size: 14pt; color: #000000;\"><span class=\"magic-5\"> Capul fix 1064\/532 nm este pentru o suprafa\u021b\u0103 mic\u0103 sau un loc special<\/span><\/span><\/div>\n<div><span style=\"font-size: 14pt;\"><img loading=\"lazy\" decoding=\"async\" class=\"aligncenter wp-image-3836\" src=\"https:\/\/www.mlkjlasers.com\/wp-content\/uploads\/2026\/01\/ND-LV3\u8be6\u60c5\u9875-12.jpg\" alt=\"\" width=\"1920\" height=\"1057\" srcset=\"https:\/\/www.mlkjlasers.com\/wp-content\/uploads\/2026\/01\/ND-LV3\u8be6\u60c5\u9875-12.jpg 750w, https:\/\/www.mlkjlasers.com\/wp-content\/uploads\/2026\/01\/ND-LV3\u8be6\u60c5\u9875-12-300x165.jpg 300w, https:\/\/www.mlkjlasers.com\/wp-content\/uploads\/2026\/01\/ND-LV3\u8be6\u60c5\u9875-12-18x10.jpg 18w, https:\/\/www.mlkjlasers.com\/wp-content\/uploads\/2026\/01\/ND-LV3\u8be6\u60c5\u9875-12-600x330.jpg 600w\" sizes=\"(max-width: 1920px) 100vw, 1920px\" \/><\/span><\/div>\n<\/div>\n<\/div>\n<\/div>\n<\/div>\n<\/div>\n<div class=\"J_module\" style=\"text-align: left;\">\n<div class=\"icbu-pc-images magic-0\">\n<div>\n<div class=\"flex-layout-v\">\n<div class=\"flex-layout-h magic-0\">\n<div class=\"magic-15\"><\/div>\n<div><\/div>\n<\/div>\n<\/div>\n<\/div>\n<\/div>\n<\/div>\n<div class=\"J_module\" style=\"text-align: left;\">\n<div class=\"detail-decorate-json-renderer-container\">\n<div class=\"magic-3\">\n<div class=\"magic-6\">\n<div class=\"magic-7\">\n<div class=\"magic-8\">\n<div><span class=\"magic-9\" style=\"font-family: helvetica, arial, sans-serif; font-size: 14pt; color: #000000;\">1. moduri de func\u021bionare continue, super puls, frac\u021bionate diferite.<br \/>\n2. Diametrul punctului focal \u0219i intervalul sunt reglabile.<br \/>\n3. Cel mai bun tub laser RF din SUA, importat din CONHERENT, performan\u021b\u0103 stabil\u0103, \u00eenalt\u0103 eficacitate.<br \/>\n4. F\u0103r\u0103 pigmentare \u0219i depigmantare a pielii, nu ave\u021bi nevoie de consumabile suplimentare.<br \/>\n5. protec\u021bie de siguran\u021b\u0103 cu alam automat.<br \/>\n6. Tratament u\u0219or \u0219i rapid, f\u0103r\u0103 timp de oprire.<br \/>\n7. Diferite volume spot sunt potrivite pentru diferite zone ale corpului.<\/span><\/div>\n<div><span style=\"font-size: 14pt;\"><img loading=\"lazy\" decoding=\"async\" class=\"aligncenter wp-image-3831\" src=\"https:\/\/www.mlkjlasers.com\/wp-content\/uploads\/2026\/01\/ND-LV3\u8be6\u60c5\u9875-7.jpg\" alt=\"\" width=\"1920\" height=\"1288\" srcset=\"https:\/\/www.mlkjlasers.com\/wp-content\/uploads\/2026\/01\/ND-LV3\u8be6\u60c5\u9875-7.jpg 750w, https:\/\/www.mlkjlasers.com\/wp-content\/uploads\/2026\/01\/ND-LV3\u8be6\u60c5\u9875-7-300x201.jpg 300w, https:\/\/www.mlkjlasers.com\/wp-content\/uploads\/2026\/01\/ND-LV3\u8be6\u60c5\u9875-7-18x12.jpg 18w, https:\/\/www.mlkjlasers.com\/wp-content\/uploads\/2026\/01\/ND-LV3\u8be6\u60c5\u9875-7-600x402.jpg 600w\" sizes=\"(max-width: 1920px) 100vw, 1920px\" \/><\/span><\/div>\n<div>\n<p><span class=\"magic-7\" style=\"font-size: 14pt;\">Q comutator Nd Yag Laser Tattoo Removal Machine Avantaje unice<\/span><\/p>\n<div><span style=\"font-size: 14pt;\">\u2022 Germania CE aprobat, \u00een conformitate cu standardul european de siguran\u021b\u0103<\/span><\/div>\n<div><span style=\"font-size: 14pt;\">\u2022 P\u00e2n\u0103 la 10Hz pentru \u00eendep\u0103rtarea mai rapid\u0103 a tatuajelor<\/span><\/div>\n<div><span style=\"font-size: 14pt;\">\u2022 Fascicul de direc\u021bionare infraro\u0219u pentru func\u021bionare precis\u0103<\/span><\/div>\n<div><span style=\"font-size: 14pt;\">\u2022 Timpul de via\u021b\u0103 al l\u0103mpii peste 1.000.000 de fotografii<\/span><\/div>\n<div data-spm-anchor-id=\"a2700.details-description.0.i1.d5cbbYb0bYb0Ce\"><span style=\"font-size: 14pt;\">\u2022 Carcas\u0103 ABS pentru lucr\u0103ri rapide de \u00eentre\u021binere<\/span><\/div>\n<div data-spm-anchor-id=\"a2700.details-description.0.i1.d5cbbYb0bYb0Ce\"><span style=\"font-size: 14pt;\"><img loading=\"lazy\" decoding=\"async\" class=\"aligncenter wp-image-3832\" src=\"https:\/\/www.mlkjlasers.com\/wp-content\/uploads\/2026\/01\/ND-LV3\u8be6\u60c5\u9875-8.jpg\" alt=\"\" width=\"1920\" height=\"1144\" srcset=\"https:\/\/www.mlkjlasers.com\/wp-content\/uploads\/2026\/01\/ND-LV3\u8be6\u60c5\u9875-8.jpg 750w, https:\/\/www.mlkjlasers.com\/wp-content\/uploads\/2026\/01\/ND-LV3\u8be6\u60c5\u9875-8-300x179.jpg 300w, https:\/\/www.mlkjlasers.com\/wp-content\/uploads\/2026\/01\/ND-LV3\u8be6\u60c5\u9875-8-18x12.jpg 18w, https:\/\/www.mlkjlasers.com\/wp-content\/uploads\/2026\/01\/ND-LV3\u8be6\u60c5\u9875-8-600x358.jpg 600w\" sizes=\"(max-width: 1920px) 100vw, 1920px\" \/><\/span><\/div>\n<\/div>\n<\/div>\n<\/div>\n<\/div>\n<\/div>\n<\/div>\n<\/div>\n<div class=\"J_module\" style=\"text-align: left;\">\n<div class=\"icbu-pc-images magic-0\">\n<div class=\"flex-layout-v\"><\/div>\n<\/div>\n<\/div>\n<div class=\"J_module\" style=\"text-align: left;\">\n<div class=\"detail-decorate-json-renderer-container\">\n<div class=\"magic-3\">\n<div class=\"magic-6\">\n<div class=\"magic-7\">\n<div class=\"magic-8\"><span style=\"font-size: 14pt;\"><img loading=\"lazy\" decoding=\"async\" class=\"aligncenter wp-image-3833\" src=\"https:\/\/www.mlkjlasers.com\/wp-content\/uploads\/2026\/01\/ND-LV3\u8be6\u60c5\u9875-9.jpg\" alt=\"\" width=\"1920\" height=\"1505\" srcset=\"https:\/\/www.mlkjlasers.com\/wp-content\/uploads\/2026\/01\/ND-LV3\u8be6\u60c5\u9875-9.jpg 750w, https:\/\/www.mlkjlasers.com\/wp-content\/uploads\/2026\/01\/ND-LV3\u8be6\u60c5\u9875-9-300x235.jpg 300w, https:\/\/www.mlkjlasers.com\/wp-content\/uploads\/2026\/01\/ND-LV3\u8be6\u60c5\u9875-9-15x12.jpg 15w, https:\/\/www.mlkjlasers.com\/wp-content\/uploads\/2026\/01\/ND-LV3\u8be6\u60c5\u9875-9-600x470.jpg 600w\" sizes=\"(max-width: 1920px) 100vw, 1920px\" \/><\/span><\/div>\n<div><span style=\"font-size: 14pt;\"><img loading=\"lazy\" decoding=\"async\" class=\"aligncenter wp-image-3834\" src=\"https:\/\/www.mlkjlasers.com\/wp-content\/uploads\/2026\/01\/ND-LV3\u8be6\u60c5\u9875-10.jpg\" alt=\"\" width=\"1920\" height=\"991\" srcset=\"https:\/\/www.mlkjlasers.com\/wp-content\/uploads\/2026\/01\/ND-LV3\u8be6\u60c5\u9875-10.jpg 750w, https:\/\/www.mlkjlasers.com\/wp-content\/uploads\/2026\/01\/ND-LV3\u8be6\u60c5\u9875-10-300x155.jpg 300w, https:\/\/www.mlkjlasers.com\/wp-content\/uploads\/2026\/01\/ND-LV3\u8be6\u60c5\u9875-10-18x9.jpg 18w, https:\/\/www.mlkjlasers.com\/wp-content\/uploads\/2026\/01\/ND-LV3\u8be6\u60c5\u9875-10-600x310.jpg 600w\" sizes=\"(max-width: 1920px) 100vw, 1920px\" \/><\/span><\/div>\n<div><span style=\"font-size: 14pt;\">Ecran tactil mare de culoare adev\u0103rat\u0103 de 8,4 inch. Experien\u021b\u0103 de atingere super rece.<\/span><br \/>\n<span style=\"font-size: 14pt;\">Limba special\u0103 poate fi ad\u0103ugat\u0103 \u00een func\u021bie de cerin\u021bele dvs. reale.<\/span><br \/>\n<span style=\"font-size: 14pt;\">Logoul dvs. poate fi ad\u0103ugat \u0219i pe ecranul laser cu diod\u0103.<\/span><\/div>\n<div><span style=\"font-size: 14pt;\"><img loading=\"lazy\" decoding=\"async\" class=\"aligncenter wp-image-3835\" src=\"https:\/\/www.mlkjlasers.com\/wp-content\/uploads\/2026\/01\/ND-LV3\u8be6\u60c5\u9875-11.jpg\" alt=\"\" width=\"1920\" height=\"748\" srcset=\"https:\/\/www.mlkjlasers.com\/wp-content\/uploads\/2026\/01\/ND-LV3\u8be6\u60c5\u9875-11.jpg 750w, https:\/\/www.mlkjlasers.com\/wp-content\/uploads\/2026\/01\/ND-LV3\u8be6\u60c5\u9875-11-300x117.jpg 300w, https:\/\/www.mlkjlasers.com\/wp-content\/uploads\/2026\/01\/ND-LV3\u8be6\u60c5\u9875-11-18x7.jpg 18w, https:\/\/www.mlkjlasers.com\/wp-content\/uploads\/2026\/01\/ND-LV3\u8be6\u60c5\u9875-11-600x234.jpg 600w\" sizes=\"(max-width: 1920px) 100vw, 1920px\" \/><\/span><\/div>\n<div><\/div>\n<\/div>\n<\/div>\n<\/div>\n<div><\/div>\n<\/div>\n<\/div>\n<div class=\"J_module\">\n<div class=\"icbu-pc-images magic-0\">\n<div>\n<div class=\"flex-layout-v\">\n<div class=\"flex-layout-h magic-0\" style=\"text-align: left;\">\n<div class=\"magic-19\"><\/div>\n<div><\/div>\n<div><\/div>\n<\/div>\n<div style=\"text-align: left;\"><span style=\"font-size: 14pt;\"><a href=\"https:\/\/www.mlkjlasers.com\/ro\/contact-us\/\"><span style=\"font-family: helvetica, arial, sans-serif; color: #3366ff;\">Alege\u021bi produc\u0103torul de instrumente de frumuse\u021be MLKJ Professional de 18 ani pentru a v\u0103 face cariera de frumuse\u021be mai u\u0219oar\u0103!<\/span><\/a><\/span><\/div>\n<div style=\"text-align: left;\"><\/div>\n<div class=\"flex-layout-h magic-0\" style=\"text-align: left;\">\n<div><\/div>\n<\/div>\n<div style=\"text-align: left;\"><\/div>\n<\/div>\n<\/div>\n<\/div>\n<\/div>","protected":false},"excerpt":{"rendered":"<p><span style=\"font-family: helvetica, arial, sans-serif;\">Laserele Nd: YAG Q-switched sunt o alegere excelent\u0103 pentru \u00eendep\u0103rtarea tatuajelor deoarece lungimea de und\u0103 produs\u0103 de 1064 nm este absorbit\u0103 bine de tatuajele negre \u0219i alte culori de tatuaj. <\/span><\/p>\n<p><span style=\"font-family: helvetica, arial, sans-serif;\">C\u00e2nd fasciculul de 1064 nm este dublat \u00een frecven\u021b\u0103, lumina \u00eencepe s\u0103 c\u0103l\u0103toreasc\u0103 la o a doua lungime de und\u0103, 532 nm. <\/span><\/p>\n<p><span style=\"font-family: helvetica, arial, sans-serif;\">Lungimea de und\u0103 de 532 nm este foarte eficient\u0103 pe ro\u0219u, roz, portocaliu \u0219i alte culori str\u0103lucitoare.<\/span><\/p>","protected":false},"featured_media":3821,"comment_status":"open","ping_status":"closed","template":"","meta":[],"product_cat":[24],"product_tag":[],"class_list":["post-2351","product","type-product","status-publish","has-post-thumbnail","hentry","product_cat-nd-yag-laser"],"_links":{"self":[{"href":"https:\/\/www.mlkjlasers.com\/ro\/wp-json\/wp\/v2\/product\/2351","targetHints":{"allow":["GET"]}}],"collection":[{"href":"https:\/\/www.mlkjlasers.com\/ro\/wp-json\/wp\/v2\/product"}],"about":[{"href":"https:\/\/www.mlkjlasers.com\/ro\/wp-json\/wp\/v2\/types\/product"}],"replies":[{"embeddable":true,"href":"https:\/\/www.mlkjlasers.com\/ro\/wp-json\/wp\/v2\/comments?post=2351"}],"wp:featuredmedia":[{"embeddable":true,"href":"https:\/\/www.mlkjlasers.com\/ro\/wp-json\/wp\/v2\/media\/3821"}],"wp:attachment":[{"href":"https:\/\/www.mlkjlasers.com\/ro\/wp-json\/wp\/v2\/media?parent=2351"}],"wp:term":[{"taxonomy":"product_cat","embeddable":true,"href":"https:\/\/www.mlkjlasers.com\/ro\/wp-json\/wp\/v2\/product_cat?post=2351"},{"taxonomy":"product_tag","embeddable":true,"href":"https:\/\/www.mlkjlasers.com\/ro\/wp-json\/wp\/v2\/product_tag?post=2351"}],"curies":[{"name":"wp","href":"https:\/\/api.w.org\/{rel}","templated":true}]}}