{"id":2840,"date":"2023-12-13T11:23:21","date_gmt":"2023-12-13T03:23:21","guid":{"rendered":"https:\/\/mlkjlasers.com\/?post_type=product&#038;p=2840"},"modified":"2026-01-26T10:34:42","modified_gmt":"2026-01-26T02:34:42","slug":"professional-755-808-1064-diode-laser-hair-removal-nd-yag-q-switched-tattoo-removal-laser","status":"publish","type":"product","link":"https:\/\/www.mlkjlasers.com\/ro\/product\/professional-755-808-1064-diode-laser-hair-removal-nd-yag-q-switched-tattoo-removal-laser\/","title":{"rendered":"Profesional 755 808 1064 diod\u0103 laser de \u00eendep\u0103rtare a p\u0103rului Nd yag q comutat laser de \u00eendep\u0103rtare a tatuajului"},"content":{"rendered":"<p>&nbsp;<\/p>\n<p><img fetchpriority=\"high\" decoding=\"async\" class=\"aligncenter size-full wp-image-3557\" src=\"https:\/\/www.mlkjlasers.com\/wp-content\/uploads\/2026\/01\/D19-808ND-\u5207\u56fe_01.jpg\" alt=\"\" width=\"2400\" height=\"1350\" srcset=\"https:\/\/www.mlkjlasers.com\/wp-content\/uploads\/2026\/01\/D19-808ND-\u5207\u56fe_01.jpg 2400w, https:\/\/www.mlkjlasers.com\/wp-content\/uploads\/2026\/01\/D19-808ND-\u5207\u56fe_01-300x169.jpg 300w, https:\/\/www.mlkjlasers.com\/wp-content\/uploads\/2026\/01\/D19-808ND-\u5207\u56fe_01-1024x576.jpg 1024w, https:\/\/www.mlkjlasers.com\/wp-content\/uploads\/2026\/01\/D19-808ND-\u5207\u56fe_01-768x432.jpg 768w, https:\/\/www.mlkjlasers.com\/wp-content\/uploads\/2026\/01\/D19-808ND-\u5207\u56fe_01-1536x864.jpg 1536w, https:\/\/www.mlkjlasers.com\/wp-content\/uploads\/2026\/01\/D19-808ND-\u5207\u56fe_01-2048x1152.jpg 2048w, https:\/\/www.mlkjlasers.com\/wp-content\/uploads\/2026\/01\/D19-808ND-\u5207\u56fe_01-600x338.jpg 600w\" sizes=\"(max-width: 2400px) 100vw, 2400px\" \/><\/p>\n<p><span style=\"font-size: 18pt; font-family: arial, helvetica, sans-serif;\"><strong>Avantaje:<\/strong><\/span><br \/>\n<span style=\"font-size: 14pt; font-family: arial, helvetica, sans-serif;\"><strong>Descrierile 2 \u00een 1 ND \/ 808nm diod\u0103 laser ma\u0219in\u0103 multifunc\u021bional\u0103, Ma\u0219ina include 2 m\u00e2nere:<\/strong><\/span><br \/>\n<span style=\"font-size: 14pt; font-family: arial, helvetica, sans-serif;\"><strong>1) ND yag m\u00e2ner pentru \u00eendep\u0103rtarea tatuajului, \u00eendep\u0103rtarea pigmentului, \u00eendep\u0103rtarea pistigilor, \u00eendep\u0103rtarea alunii, \u00eendep\u0103rtarea spr\u00e2ncenelor, p\u0103pu\u0219a fata neagr\u0103;<\/strong><\/span><br \/>\n<span style=\"font-size: 14pt; font-family: arial, helvetica, sans-serif;\"><strong>2) Maner laser cu diod\u0103 808nm pentru \u00eendep\u0103rtarea permanent\u0103, rapid\u0103 \u0219i f\u0103r\u0103 durere a p\u0103rului.<\/strong><\/span><\/p>\n<div><span style=\"font-size: 14pt; font-family: arial, helvetica, sans-serif;\"><strong>808nm Diode Laser: Descoperi\u021bi v\u00e2rful eficien\u021bei \u00een \u00eendep\u0103rtarea permanent\u0103 a p\u0103rului cu laserul nostru de ultim\u0103 or\u0103 808nm Diode Laser, conceput pentru a satisface f\u0103r\u0103 efort toate tipurile de piele \u0219i culorile p\u0103rului. Experimenta\u021bi revolu\u021bia \u00een \u00eendep\u0103rtarea p\u0103rului cu tratamente care nu sunt doar rapide, ci \u0219i practic f\u0103r\u0103 durere, oferind rezultate de neegalat.<\/strong><\/span><\/div>\n<p>&nbsp;<\/p>\n<div><img decoding=\"async\" class=\"aligncenter size-full wp-image-3558\" src=\"https:\/\/www.mlkjlasers.com\/wp-content\/uploads\/2026\/01\/D19-808ND-\u5207\u56fe_02.jpg\" alt=\"\" width=\"2400\" height=\"1350\" srcset=\"https:\/\/www.mlkjlasers.com\/wp-content\/uploads\/2026\/01\/D19-808ND-\u5207\u56fe_02.jpg 2400w, https:\/\/www.mlkjlasers.com\/wp-content\/uploads\/2026\/01\/D19-808ND-\u5207\u56fe_02-300x169.jpg 300w, https:\/\/www.mlkjlasers.com\/wp-content\/uploads\/2026\/01\/D19-808ND-\u5207\u56fe_02-1024x576.jpg 1024w, https:\/\/www.mlkjlasers.com\/wp-content\/uploads\/2026\/01\/D19-808ND-\u5207\u56fe_02-768x432.jpg 768w, https:\/\/www.mlkjlasers.com\/wp-content\/uploads\/2026\/01\/D19-808ND-\u5207\u56fe_02-1536x864.jpg 1536w, https:\/\/www.mlkjlasers.com\/wp-content\/uploads\/2026\/01\/D19-808ND-\u5207\u56fe_02-2048x1152.jpg 2048w, https:\/\/www.mlkjlasers.com\/wp-content\/uploads\/2026\/01\/D19-808ND-\u5207\u56fe_02-600x338.jpg 600w\" sizes=\"(max-width: 2400px) 100vw, 2400px\" \/><\/div>\n<div class=\"magic-13\"><span style=\"font-family: arial, helvetica, sans-serif; font-size: 18pt; color: #000000;\"><b class=\"magic-14\"><span class=\"magic-15\" data-spm-anchor-id=\"a2700.wholesale.0.i85.410c572fClQ0UR\">Pentru aceast\u0103 ma\u0219in\u0103, are \u00een total 2 m\u00e2nere:<\/span><\/b><\/span><\/div>\n<div class=\"magic-13\"><span style=\"font-family: arial, helvetica, sans-serif; font-size: 14pt; color: #000000;\"><b>1) Maner cu laser cu diod\u0103, utilizare pentru:<\/b><\/span><\/div>\n<div class=\"magic-13\"><span style=\"font-family: arial, helvetica, sans-serif; font-size: 14pt; color: #993300;\">\u00cendep\u0103rtarea permanent\u0103 a p\u0103rului.<\/span><\/div>\n<div class=\"magic-13\"><span style=\"font-family: arial, helvetica, sans-serif; font-size: 14pt; color: #000000;\"><b>2) M\u00e2ner ND YAG, utilizare pentru:<\/b><\/span><\/div>\n<div class=\"magic-13\" data-spm-anchor-id=\"a2700.wholesale.0.i84.410c572fClQ0UR\"><span style=\"font-family: arial, helvetica, sans-serif; font-size: 14pt; color: #993300;\">\u00cendep\u0103rtarea tatuajului, \u00eendep\u0103rtarea tatuajului pe frunte, \u00eendep\u0103rtarea liplinei, \u00eentinerirea pielii, \u00eendep\u0103rtarea semnului de na\u0219tere, nevasul otasului \u0219i petele dermale.<\/span><\/div>\n<p><span style=\"color: #993366; font-family: arial, helvetica, sans-serif;\"><strong><span style=\"font-size: 14pt;\"><span class=\"magic-12\" data-spm-anchor-id=\"a2700.wholesale.0.i80.405d3809lncSnH\">1. Diode Laser tehnic, se potrive\u0219te pentru toate tipurile de piele \u0219i p\u0103r.<\/span><\/span><\/strong><\/span><\/p>\n<p><span style=\"color: #993366; font-family: arial, helvetica, sans-serif;\"><strong><span style=\"font-size: 14pt;\"><span class=\"magic-12\" data-spm-anchor-id=\"a2700.wholesale.0.i80.405d3809lncSnH\">2. M\u00e2nere: Dimensiune spot 12 * 20mm, cel\u0103lalt 12 * 35mm<\/span><\/span><\/strong><\/span><\/p>\n<p><span style=\"color: #993366; font-family: arial, helvetica, sans-serif;\"><strong><span style=\"font-size: 14pt;\"><span class=\"magic-12\" data-spm-anchor-id=\"a2700.wholesale.0.i80.405d3809lncSnH\">3. Tratament rapid: frecven\u021b\u0103 de 1-10Hz, bare laser importate de SUA.<\/span><\/span><\/strong><\/span><\/p>\n<p><span style=\"color: #993366; font-family: arial, helvetica, sans-serif;\"><strong><span class=\"magic-12\" style=\"font-size: 14pt;\">4.755 808 1064, pentru toate tipurile de piele<\/span><\/strong><\/span><\/p>\n<p>&nbsp;<\/p>\n<p><img decoding=\"async\" class=\"aligncenter size-full wp-image-3559\" src=\"https:\/\/www.mlkjlasers.com\/wp-content\/uploads\/2026\/01\/D19-808ND-\u5207\u56fe_03.jpg\" alt=\"\" width=\"2400\" height=\"1350\" srcset=\"https:\/\/www.mlkjlasers.com\/wp-content\/uploads\/2026\/01\/D19-808ND-\u5207\u56fe_03.jpg 2400w, https:\/\/www.mlkjlasers.com\/wp-content\/uploads\/2026\/01\/D19-808ND-\u5207\u56fe_03-300x169.jpg 300w, https:\/\/www.mlkjlasers.com\/wp-content\/uploads\/2026\/01\/D19-808ND-\u5207\u56fe_03-1024x576.jpg 1024w, https:\/\/www.mlkjlasers.com\/wp-content\/uploads\/2026\/01\/D19-808ND-\u5207\u56fe_03-768x432.jpg 768w, https:\/\/www.mlkjlasers.com\/wp-content\/uploads\/2026\/01\/D19-808ND-\u5207\u56fe_03-1536x864.jpg 1536w, https:\/\/www.mlkjlasers.com\/wp-content\/uploads\/2026\/01\/D19-808ND-\u5207\u56fe_03-2048x1152.jpg 2048w, https:\/\/www.mlkjlasers.com\/wp-content\/uploads\/2026\/01\/D19-808ND-\u5207\u56fe_03-600x338.jpg 600w\" sizes=\"(max-width: 2400px) 100vw, 2400px\" \/><\/p>\n<p><span style=\"font-family: arial, helvetica, sans-serif;\"><strong><span style=\"font-size: 14pt;\">1. moduri de func\u021bionare continue, super puls, frac\u021bionate diferite.<\/span><\/strong><\/span><br \/>\n<span style=\"font-family: arial, helvetica, sans-serif;\"><strong><span style=\"font-size: 14pt;\">2. Diametrul punctului focal \u0219i intervalul sunt reglabile.<\/span><\/strong><\/span><br \/>\n<span style=\"font-family: arial, helvetica, sans-serif;\"><strong><span style=\"font-size: 14pt;\">3. Cel mai bun tub laser RF din SUA, importat din CONHERENT, performan\u021b\u0103 stabil\u0103, \u00eenalt\u0103 eficacitate.<\/span><\/strong><\/span><br \/>\n<span style=\"font-family: arial, helvetica, sans-serif;\"><strong><span style=\"font-size: 14pt;\">4. F\u0103r\u0103 pigmentare \u0219i depigmantare a pielii, nu ave\u021bi nevoie de consumabile suplimentare.<\/span><\/strong><\/span><br \/>\n<span style=\"font-family: arial, helvetica, sans-serif;\"><strong><span style=\"font-size: 14pt;\">5. protec\u021bie de siguran\u021b\u0103 cu alam automat.<\/span><\/strong><\/span><br \/>\n<span style=\"font-family: arial, helvetica, sans-serif;\"><strong><span style=\"font-size: 14pt;\">6. Tratament u\u0219or \u0219i rapid, f\u0103r\u0103 timp de oprire.<\/span><\/strong><\/span><br \/>\n<span style=\"font-family: arial, helvetica, sans-serif;\"><strong><span style=\"font-size: 14pt;\">7. Diferite volume spot sunt potrivite pentru diferite zone ale corpului.<\/span><\/strong><\/span><\/p>\n<p><img loading=\"lazy\" decoding=\"async\" class=\"aligncenter size-full wp-image-3567\" src=\"https:\/\/www.mlkjlasers.com\/wp-content\/uploads\/2026\/01\/D19-808ND-\u5207\u56fe_11.jpg\" alt=\"\" width=\"2400\" height=\"1350\" srcset=\"https:\/\/www.mlkjlasers.com\/wp-content\/uploads\/2026\/01\/D19-808ND-\u5207\u56fe_11.jpg 2400w, https:\/\/www.mlkjlasers.com\/wp-content\/uploads\/2026\/01\/D19-808ND-\u5207\u56fe_11-300x169.jpg 300w, https:\/\/www.mlkjlasers.com\/wp-content\/uploads\/2026\/01\/D19-808ND-\u5207\u56fe_11-1024x576.jpg 1024w, https:\/\/www.mlkjlasers.com\/wp-content\/uploads\/2026\/01\/D19-808ND-\u5207\u56fe_11-768x432.jpg 768w, https:\/\/www.mlkjlasers.com\/wp-content\/uploads\/2026\/01\/D19-808ND-\u5207\u56fe_11-1536x864.jpg 1536w, https:\/\/www.mlkjlasers.com\/wp-content\/uploads\/2026\/01\/D19-808ND-\u5207\u56fe_11-2048x1152.jpg 2048w, https:\/\/www.mlkjlasers.com\/wp-content\/uploads\/2026\/01\/D19-808ND-\u5207\u56fe_11-600x338.jpg 600w\" sizes=\"(max-width: 2400px) 100vw, 2400px\" \/><\/p>\n<div class=\"magic-7\"><span style=\"font-family: arial, helvetica, sans-serif; font-size: 14pt; color: #993300;\"><span class=\"magic-12\">Tehnologia laser de \u00eenalt\u0103 nd yag, standard interna\u021bional de produc\u021bie, test tehnic strict.<\/span><\/span><\/div>\n<div class=\"magic-7\" data-spm-anchor-id=\"a2700.wholesale.0.i82.405d3809lncSnH\"><span style=\"font-family: arial, helvetica, sans-serif; font-size: 14pt; color: #993300;\"><span class=\"magic-12\" data-spm-anchor-id=\"a2700.wholesale.0.i83.405d3809lncSnH\">Mecanismul de caset\u0103 cu comutator Q importat din piatr\u0103, \u00eentregul laser solid, f\u0103r\u0103 a \u00eenlocui comutatorul Q.<\/span><\/span><\/div>\n<div data-spm-anchor-id=\"a2700.wholesale.0.i82.405d3809lncSnH\"><img loading=\"lazy\" decoding=\"async\" class=\"aligncenter size-full wp-image-3560\" src=\"https:\/\/www.mlkjlasers.com\/wp-content\/uploads\/2026\/01\/D19-808ND-\u5207\u56fe_04.jpg\" alt=\"\" width=\"2400\" height=\"1350\" srcset=\"https:\/\/www.mlkjlasers.com\/wp-content\/uploads\/2026\/01\/D19-808ND-\u5207\u56fe_04.jpg 2400w, https:\/\/www.mlkjlasers.com\/wp-content\/uploads\/2026\/01\/D19-808ND-\u5207\u56fe_04-300x169.jpg 300w, https:\/\/www.mlkjlasers.com\/wp-content\/uploads\/2026\/01\/D19-808ND-\u5207\u56fe_04-1024x576.jpg 1024w, https:\/\/www.mlkjlasers.com\/wp-content\/uploads\/2026\/01\/D19-808ND-\u5207\u56fe_04-768x432.jpg 768w, https:\/\/www.mlkjlasers.com\/wp-content\/uploads\/2026\/01\/D19-808ND-\u5207\u56fe_04-1536x864.jpg 1536w, https:\/\/www.mlkjlasers.com\/wp-content\/uploads\/2026\/01\/D19-808ND-\u5207\u56fe_04-2048x1152.jpg 2048w, https:\/\/www.mlkjlasers.com\/wp-content\/uploads\/2026\/01\/D19-808ND-\u5207\u56fe_04-600x338.jpg 600w\" sizes=\"(max-width: 2400px) 100vw, 2400px\" \/><\/div>\n<p>&nbsp;<\/p>\n<p><span style=\"font-family: arial, helvetica, sans-serif; font-size: 14pt;\"><strong><span style=\"color: #993366;\">5 Capuri Ajusta\u021bi m\u0103rimea punctului de la 1mm la 7mm<\/span><\/strong><\/span><\/p>\n<p><span style=\"font-family: arial, helvetica, sans-serif; font-size: 14pt;\"><strong><span style=\"color: #993366;\">Defunc\u021bionarea precis\u0103 \u0219i aprofundat\u0103 a pigmentelor de 755nm, utilizat\u0103 pentru a elimina diferite pete \u0219i pentru a \u00eembun\u0103t\u0103\u021bi textura pielii<\/span><\/strong><\/span><\/p>\n<p><span style=\"font-family: arial, helvetica, sans-serif; font-size: 14pt;\"><strong><span style=\"color: #993366;\">Capul reglabil de 1064\/532 nm este pentru \u00eendep\u0103rtarea tatuajului \/ pigmentului cu suprafa\u021b\u0103 mare;<\/span><\/strong><\/span><\/p>\n<p><span style=\"font-family: arial, helvetica, sans-serif; font-size: 14pt;\"><strong><span style=\"color: #993366;\">Capul fix 1064\/532 nm este pentru \u00eendep\u0103rtarea tatuajului \/ pigmentului \u00een zon\u0103 mic\u0103 sau \u00een loc special;<\/span><\/strong><\/span><\/p>\n<div><span style=\"font-family: arial, helvetica, sans-serif; font-size: 14pt;\"><strong><span style=\"color: #993366;\">Capul de 1320 nm este pentru tratarea p\u0103pu\u0219ii negre pentru albirea pielii, \u00eentinarea pielii.<\/span><\/strong><\/span><\/div>\n<div><img loading=\"lazy\" decoding=\"async\" class=\"aligncenter size-full wp-image-3561\" src=\"https:\/\/www.mlkjlasers.com\/wp-content\/uploads\/2026\/01\/D19-808ND-\u5207\u56fe_05.jpg\" alt=\"\" width=\"2400\" height=\"1350\" srcset=\"https:\/\/www.mlkjlasers.com\/wp-content\/uploads\/2026\/01\/D19-808ND-\u5207\u56fe_05.jpg 2400w, https:\/\/www.mlkjlasers.com\/wp-content\/uploads\/2026\/01\/D19-808ND-\u5207\u56fe_05-300x169.jpg 300w, https:\/\/www.mlkjlasers.com\/wp-content\/uploads\/2026\/01\/D19-808ND-\u5207\u56fe_05-1024x576.jpg 1024w, https:\/\/www.mlkjlasers.com\/wp-content\/uploads\/2026\/01\/D19-808ND-\u5207\u56fe_05-768x432.jpg 768w, https:\/\/www.mlkjlasers.com\/wp-content\/uploads\/2026\/01\/D19-808ND-\u5207\u56fe_05-1536x864.jpg 1536w, https:\/\/www.mlkjlasers.com\/wp-content\/uploads\/2026\/01\/D19-808ND-\u5207\u56fe_05-2048x1152.jpg 2048w, https:\/\/www.mlkjlasers.com\/wp-content\/uploads\/2026\/01\/D19-808ND-\u5207\u56fe_05-600x338.jpg 600w\" sizes=\"(max-width: 2400px) 100vw, 2400px\" \/><\/div>\n<p>&nbsp;<\/p>\n<p><span style=\"font-size: 14pt;\"><strong><span style=\"font-family: arial, helvetica, sans-serif;\">Explora\u021bi aplica\u021biile noastre de tratament:<\/span><\/strong><\/span><br \/>\n<span style=\"font-size: 14pt; font-family: arial, helvetica, sans-serif;\">\u00cendep\u0103rtarea p\u0103rului: Experimenta\u021bi o procedur\u0103 rapid\u0103, f\u0103r\u0103 durere, care este frumos adaptat\u0103 pentru toate tipurile de piele.<\/span><br \/>\n<span style=\"font-size: 14pt; font-family: arial, helvetica, sans-serif;\">\u00cendep\u0103rtarea tatuajului, \u00eendep\u0103rtarea pigmentului, \u00eendep\u0103rtarea p\u00e2rghinilor, \u00eendep\u0103rtarea alunii, \u00eendep\u0103rtarea spr\u00e2ncenelor, p\u0103pu\u0219a fata neagr\u0103,<span style=\"color: #000000;\">\u00eendep\u0103rtarea nevusului, \u00eendep\u0103rtarea semnelor de na\u0219tere, \u00eentinarea pielii \u0219i albirea pielii.<\/span><\/span><span style=\"font-family: arial, helvetica, sans-serif; font-size: 14pt; color: #000000;\">\u00a0<\/span><\/p>\n<p>&nbsp;<\/p>\n<p><img loading=\"lazy\" decoding=\"async\" class=\"aligncenter size-full wp-image-3566\" src=\"https:\/\/www.mlkjlasers.com\/wp-content\/uploads\/2026\/01\/D19-808ND-\u5207\u56fe_10.jpg\" alt=\"\" width=\"2400\" height=\"1350\" srcset=\"https:\/\/www.mlkjlasers.com\/wp-content\/uploads\/2026\/01\/D19-808ND-\u5207\u56fe_10.jpg 2400w, https:\/\/www.mlkjlasers.com\/wp-content\/uploads\/2026\/01\/D19-808ND-\u5207\u56fe_10-300x169.jpg 300w, https:\/\/www.mlkjlasers.com\/wp-content\/uploads\/2026\/01\/D19-808ND-\u5207\u56fe_10-1024x576.jpg 1024w, https:\/\/www.mlkjlasers.com\/wp-content\/uploads\/2026\/01\/D19-808ND-\u5207\u56fe_10-768x432.jpg 768w, https:\/\/www.mlkjlasers.com\/wp-content\/uploads\/2026\/01\/D19-808ND-\u5207\u56fe_10-1536x864.jpg 1536w, https:\/\/www.mlkjlasers.com\/wp-content\/uploads\/2026\/01\/D19-808ND-\u5207\u56fe_10-2048x1152.jpg 2048w, https:\/\/www.mlkjlasers.com\/wp-content\/uploads\/2026\/01\/D19-808ND-\u5207\u56fe_10-600x338.jpg 600w\" sizes=\"(max-width: 2400px) 100vw, 2400px\" \/><\/p>\n<p><span style=\"font-family: arial, helvetica, sans-serif; font-size: 14pt; color: #000000;\">1) Dimensiune mare: folosit <b>Ecran tactil de 14 inch.<\/b><br \/>\n2) limb\u0103 multipl\u0103: trei tipuri de tipuri de piele op\u021biune, u\u0219or de operat.<br \/>\n3) <b>Servicii OEM<\/b>: logo-ul dvs. poate fi ad\u0103ugat pe ecranul ma\u0219inii gratuit, accepta\u021bi limba dvs. special\u0103.<\/span><\/p>\n<p>&nbsp;<\/p>\n<p><img loading=\"lazy\" decoding=\"async\" class=\"aligncenter size-full wp-image-3563\" src=\"https:\/\/www.mlkjlasers.com\/wp-content\/uploads\/2026\/01\/D19-808ND-\u5207\u56fe_07.jpg\" alt=\"\" width=\"2400\" height=\"1350\" srcset=\"https:\/\/www.mlkjlasers.com\/wp-content\/uploads\/2026\/01\/D19-808ND-\u5207\u56fe_07.jpg 2400w, https:\/\/www.mlkjlasers.com\/wp-content\/uploads\/2026\/01\/D19-808ND-\u5207\u56fe_07-300x169.jpg 300w, https:\/\/www.mlkjlasers.com\/wp-content\/uploads\/2026\/01\/D19-808ND-\u5207\u56fe_07-1024x576.jpg 1024w, https:\/\/www.mlkjlasers.com\/wp-content\/uploads\/2026\/01\/D19-808ND-\u5207\u56fe_07-768x432.jpg 768w, https:\/\/www.mlkjlasers.com\/wp-content\/uploads\/2026\/01\/D19-808ND-\u5207\u56fe_07-1536x864.jpg 1536w, https:\/\/www.mlkjlasers.com\/wp-content\/uploads\/2026\/01\/D19-808ND-\u5207\u56fe_07-2048x1152.jpg 2048w, https:\/\/www.mlkjlasers.com\/wp-content\/uploads\/2026\/01\/D19-808ND-\u5207\u56fe_07-600x338.jpg 600w\" sizes=\"(max-width: 2400px) 100vw, 2400px\" \/><\/p>\n<p><span style=\"font-size: 14pt; font-family: arial, helvetica, sans-serif;\"><strong>Interfa\u021b\u0103 u\u0219oar\u0103 de utilizat: naviga\u021bie u\u0219oar\u0103 cu o interfa\u021b\u0103 intuitiv\u0103 cu ecran tactil, conceput\u0103 pentru u\u0219urin\u021b\u0103 de utilizare<\/strong><\/span><br \/>\n<span style=\"font-size: 14pt; font-family: arial, helvetica, sans-serif;\"><strong>Sistem avansat de r\u0103cire: garanteaz\u0103 confortul superior al pacientului \u0219i evit\u0103 supra\u00eenc\u0103lzirea, asigur\u00e2nd o experien\u021b\u0103 lini\u0219tit\u0103<\/strong><\/span><br \/>\n<span style=\"font-size: 14pt; font-family: arial, helvetica, sans-serif;\"><strong>Performan\u021b\u0103 ridicat\u0103: ofer\u0103 \u00een mod constant rezultate fiabile, sigure \u0219i eficiente pentru fiecare sesiune<\/strong><\/span><br \/>\n<span style=\"font-size: 14pt; font-family: arial, helvetica, sans-serif;\"><strong>Design durabil: Construit cu materiale premium pentru a asigura performan\u021be durabile \u0219i longevitate<\/strong><\/span><\/p>\n<p><img loading=\"lazy\" decoding=\"async\" class=\"aligncenter size-full wp-image-3564\" src=\"https:\/\/www.mlkjlasers.com\/wp-content\/uploads\/2026\/01\/D19-808ND-\u5207\u56fe_08.jpg\" alt=\"\" width=\"2400\" height=\"1350\" srcset=\"https:\/\/www.mlkjlasers.com\/wp-content\/uploads\/2026\/01\/D19-808ND-\u5207\u56fe_08.jpg 2400w, https:\/\/www.mlkjlasers.com\/wp-content\/uploads\/2026\/01\/D19-808ND-\u5207\u56fe_08-300x169.jpg 300w, https:\/\/www.mlkjlasers.com\/wp-content\/uploads\/2026\/01\/D19-808ND-\u5207\u56fe_08-1024x576.jpg 1024w, https:\/\/www.mlkjlasers.com\/wp-content\/uploads\/2026\/01\/D19-808ND-\u5207\u56fe_08-768x432.jpg 768w, https:\/\/www.mlkjlasers.com\/wp-content\/uploads\/2026\/01\/D19-808ND-\u5207\u56fe_08-1536x864.jpg 1536w, https:\/\/www.mlkjlasers.com\/wp-content\/uploads\/2026\/01\/D19-808ND-\u5207\u56fe_08-2048x1152.jpg 2048w, https:\/\/www.mlkjlasers.com\/wp-content\/uploads\/2026\/01\/D19-808ND-\u5207\u56fe_08-600x338.jpg 600w\" sizes=\"(max-width: 2400px) 100vw, 2400px\" \/><\/p>\n<p>&nbsp;<\/p>\n<p><img loading=\"lazy\" decoding=\"async\" class=\"aligncenter size-full wp-image-3562\" src=\"https:\/\/www.mlkjlasers.com\/wp-content\/uploads\/2026\/01\/D19-808ND-\u5207\u56fe_06.jpg\" alt=\"\" width=\"2400\" height=\"1350\" srcset=\"https:\/\/www.mlkjlasers.com\/wp-content\/uploads\/2026\/01\/D19-808ND-\u5207\u56fe_06.jpg 2400w, https:\/\/www.mlkjlasers.com\/wp-content\/uploads\/2026\/01\/D19-808ND-\u5207\u56fe_06-300x169.jpg 300w, https:\/\/www.mlkjlasers.com\/wp-content\/uploads\/2026\/01\/D19-808ND-\u5207\u56fe_06-1024x576.jpg 1024w, https:\/\/www.mlkjlasers.com\/wp-content\/uploads\/2026\/01\/D19-808ND-\u5207\u56fe_06-768x432.jpg 768w, https:\/\/www.mlkjlasers.com\/wp-content\/uploads\/2026\/01\/D19-808ND-\u5207\u56fe_06-1536x864.jpg 1536w, https:\/\/www.mlkjlasers.com\/wp-content\/uploads\/2026\/01\/D19-808ND-\u5207\u56fe_06-2048x1152.jpg 2048w, https:\/\/www.mlkjlasers.com\/wp-content\/uploads\/2026\/01\/D19-808ND-\u5207\u56fe_06-600x338.jpg 600w\" sizes=\"(max-width: 2400px) 100vw, 2400px\" \/><\/p>\n<p><span style=\"font-size: 14pt; font-family: arial, helvetica, sans-serif;\">Cea mai avansat\u0103 ma\u0219in\u0103 de frumuse\u021be profesional\u0103 2 \u00een 1, conceput\u0103 cu aten\u021bie pentru excelen\u021b\u0103 estetic\u0103 de neegalat. Are capacit\u0103\u021bi extraordinare \u00een \u00eendep\u0103rtarea p\u0103rului, \u00eendep\u0103rtarea tatuajului, \u00eendep\u0103rtarea pigmentului, \u00eendep\u0103rtarea p\u00e2nzurilor, \u00eendep\u0103rtarea alunii, \u00eendep\u0103rtarea spr\u00e2ncenelor, p\u0103pu\u0219a fata neagr\u0103. Este conceput pentru a ridica serviciile salonurilor profesionale, clinicilor de frumuse\u021be \u0219i spaurilor medicale la noi \u00een\u0103l\u021bimi de complexitate \u0219i satisfac\u021bie a clien\u021bilor.<\/span><\/p>\n<p>&nbsp;<\/p>\n<p><img loading=\"lazy\" decoding=\"async\" class=\"aligncenter size-full wp-image-3565\" src=\"https:\/\/www.mlkjlasers.com\/wp-content\/uploads\/2026\/01\/D19-808ND-\u5207\u56fe_09.jpg\" alt=\"\" width=\"2400\" height=\"1350\" srcset=\"https:\/\/www.mlkjlasers.com\/wp-content\/uploads\/2026\/01\/D19-808ND-\u5207\u56fe_09.jpg 2400w, https:\/\/www.mlkjlasers.com\/wp-content\/uploads\/2026\/01\/D19-808ND-\u5207\u56fe_09-300x169.jpg 300w, https:\/\/www.mlkjlasers.com\/wp-content\/uploads\/2026\/01\/D19-808ND-\u5207\u56fe_09-1024x576.jpg 1024w, https:\/\/www.mlkjlasers.com\/wp-content\/uploads\/2026\/01\/D19-808ND-\u5207\u56fe_09-768x432.jpg 768w, https:\/\/www.mlkjlasers.com\/wp-content\/uploads\/2026\/01\/D19-808ND-\u5207\u56fe_09-1536x864.jpg 1536w, https:\/\/www.mlkjlasers.com\/wp-content\/uploads\/2026\/01\/D19-808ND-\u5207\u56fe_09-2048x1152.jpg 2048w, https:\/\/www.mlkjlasers.com\/wp-content\/uploads\/2026\/01\/D19-808ND-\u5207\u56fe_09-600x338.jpg 600w\" sizes=\"(max-width: 2400px) 100vw, 2400px\" \/><\/p>\n<p>&nbsp;<\/p>\n<p><span style=\"font-family: arial, helvetica, sans-serif;\"><strong>FDA, CE, ISO13485, ROHS suntem \u00eentotdeauna \u00een c\u0103utarea de inspira\u021bie nou\u0103 pentru a aduce produse mai fiabile partenerilor \u0219i clien\u021bilor no\u0219tri.<\/strong><\/span><\/p>\n<p><span style=\"font-family: arial, helvetica, sans-serif;\"><strong><a href=\"https:\/\/www.mlkjlasers.com\/ro\/contact-us\/\" target=\"_blank\" rel=\"noopener\">Contacta\u0163i-ne ast\u0103zi!<\/a><\/strong><\/span><\/p>\n<p><span style=\"font-family: arial, helvetica, sans-serif;\"><strong><a href=\"https:\/\/www.mlkjlasers.com\/ro\/contact-us\/\" target=\"_blank\" rel=\"noopener\">[Phone\u00a0Number]\uff1a+8615965364558<\/a><\/strong><\/span><\/p>\n<p><span style=\"font-family: arial, helvetica, sans-serif;\">[Email\u00a0Address]:sale@mingliangkj.com<\/span><\/p>","protected":false},"excerpt":{"rendered":"<p>Profesional 755 808 1064 diod\u0103 laser de \u00eendep\u0103rtare a p\u0103rului Nd yag q comutat laser de \u00eendep\u0103rtare a tatuajului<\/p>","protected":false},"featured_media":3554,"comment_status":"open","ping_status":"closed","template":"","meta":[],"product_cat":[29],"product_tag":[],"class_list":["post-2840","product","type-product","status-publish","has-post-thumbnail","hentry","product_cat-multifunction-beauty-machine"],"_links":{"self":[{"href":"https:\/\/www.mlkjlasers.com\/ro\/wp-json\/wp\/v2\/product\/2840","targetHints":{"allow":["GET"]}}],"collection":[{"href":"https:\/\/www.mlkjlasers.com\/ro\/wp-json\/wp\/v2\/product"}],"about":[{"href":"https:\/\/www.mlkjlasers.com\/ro\/wp-json\/wp\/v2\/types\/product"}],"replies":[{"embeddable":true,"href":"https:\/\/www.mlkjlasers.com\/ro\/wp-json\/wp\/v2\/comments?post=2840"}],"wp:featuredmedia":[{"embeddable":true,"href":"https:\/\/www.mlkjlasers.com\/ro\/wp-json\/wp\/v2\/media\/3554"}],"wp:attachment":[{"href":"https:\/\/www.mlkjlasers.com\/ro\/wp-json\/wp\/v2\/media?parent=2840"}],"wp:term":[{"taxonomy":"product_cat","embeddable":true,"href":"https:\/\/www.mlkjlasers.com\/ro\/wp-json\/wp\/v2\/product_cat?post=2840"},{"taxonomy":"product_tag","embeddable":true,"href":"https:\/\/www.mlkjlasers.com\/ro\/wp-json\/wp\/v2\/product_tag?post=2840"}],"curies":[{"name":"wp","href":"https:\/\/api.w.org\/{rel}","templated":true}]}}