{"id":3323,"date":"2026-01-06T10:13:24","date_gmt":"2026-01-06T02:13:24","guid":{"rendered":"https:\/\/www.mlkjlasers.com\/?post_type=product&#038;p=3323"},"modified":"2026-02-24T09:45:38","modified_gmt":"2026-02-24T01:45:38","slug":"2026-professional-three-wavelengths-755-808-1064-diode-laser-hair-removal-machine","status":"publish","type":"product","link":"https:\/\/www.mlkjlasers.com\/ro\/product\/2026-professional-three-wavelengths-755-808-1064-diode-laser-hair-removal-machine\/","title":{"rendered":"2026 Ma\u0219in\u0103 profesional\u0103 de \u00eendep\u0103rtare cu laser cu trei lungimi de und\u0103 755 808 1064 diode"},"content":{"rendered":"<p><img fetchpriority=\"high\" decoding=\"async\" class=\"aligncenter size-full wp-image-3319\" src=\"https:\/\/www.mlkjlasers.com\/wp-content\/uploads\/2026\/01\/laser-equipment-1-1.jpg\" alt=\"\" width=\"1920\" height=\"1080\" srcset=\"https:\/\/www.mlkjlasers.com\/wp-content\/uploads\/2026\/01\/laser-equipment-1-1.jpg 1920w, https:\/\/www.mlkjlasers.com\/wp-content\/uploads\/2026\/01\/laser-equipment-1-1-300x169.jpg 300w, https:\/\/www.mlkjlasers.com\/wp-content\/uploads\/2026\/01\/laser-equipment-1-1-1024x576.jpg 1024w, https:\/\/www.mlkjlasers.com\/wp-content\/uploads\/2026\/01\/laser-equipment-1-1-768x432.jpg 768w, https:\/\/www.mlkjlasers.com\/wp-content\/uploads\/2026\/01\/laser-equipment-1-1-1536x864.jpg 1536w, https:\/\/www.mlkjlasers.com\/wp-content\/uploads\/2026\/01\/laser-equipment-1-1-600x338.jpg 600w\" sizes=\"(max-width: 1920px) 100vw, 1920px\" \/><\/p>\n<div><span style=\"font-size: 18pt; font-weight: bold;\">Avantaje fa\u021b\u0103 de alte lasere<\/span><\/div>\n<div><span style=\"font-size: 14pt;\">1) <span style=\"font-weight: bold; color: #993366;\">Laser cu diod\u0103 808nm <\/span>permite luminii s\u0103 p\u0103trund\u0103 mai ad\u00e2nc \u00een piele \u0219i este <span style=\"color: #993366; font-weight: bold;\">mai sigur <\/span>dec\u00e2t alte lasere deoarece poate evita pigmentul de melanin\u0103 \u00een piele&#8217; epiderm\u0103. <\/span><\/div>\n<div class=\"br-block\"><span style=\"font-size: 14pt;\">2) frecven\u021b\u0103 rapid\u0103 de 1-10Hz combinat\u0103 cu o dimensiune de spot de 12x20mm pentru rezultate mai rapide, f\u0103r\u0103 probleme \u0219i eficiente, <span style=\"font-weight: bold; color: #993366;\">\u00eendep\u0103rtarea rapid\u0103 a p\u0103rului <\/span>pentru tratamentul unei zone mari.<\/span><\/div>\n<div class=\"br-block\"><span style=\"font-size: 14pt;\">3) Puterea ma\u0219inii 2000W poate func\u021biona\u00a0<span style=\"color: #993366; font-weight: bold;\">continuu timp de 24 de ore<\/span> f\u0103r\u0103 \u00eentrerupere, asigur\u00e2nd func\u021bionarea stabil\u0103 \u00een clinici \u0219i saloane aglomerate pentru a asigura eficien\u021ba optim\u0103 a tratamentului.<\/span><\/div>\n<div class=\"br-block\"><span style=\"font-size: 14pt;\">4) Putem folosi pentru\u00a0<span style=\"font-weight: bold; color: #993366;\">\u00eendep\u0103rtarea permanent\u0103 a p\u0103rului<\/span> de toate culorile p\u0103rului pe toate cele 6 tipuri de piele, inclusiv pielea bronzat\u0103. <\/span><\/div>\n<div class=\"br-block\"><span style=\"font-size: 14pt;\">5) Sistem de baz\u0103 de date u\u0219or de utilizat, capabil s\u0103 efectueze tratamente \u00een moduri masculine \u0219i feminine, inclusiv diferite p\u0103r\u021bi ale corpului, asigur\u00e2nd\u00a0<span style=\"font-weight: bold; color: #993366;\">\u00een siguran\u021b\u0103<\/span> parametrii pentru nou-veni\u021bi.<\/span><\/div>\n<div><img decoding=\"async\" class=\"aligncenter size-full wp-image-3316\" src=\"https:\/\/www.mlkjlasers.com\/wp-content\/uploads\/2026\/01\/laser-equipment-7-1.jpg\" alt=\"\" width=\"1920\" height=\"1080\" srcset=\"https:\/\/www.mlkjlasers.com\/wp-content\/uploads\/2026\/01\/laser-equipment-7-1.jpg 1920w, https:\/\/www.mlkjlasers.com\/wp-content\/uploads\/2026\/01\/laser-equipment-7-1-300x169.jpg 300w, https:\/\/www.mlkjlasers.com\/wp-content\/uploads\/2026\/01\/laser-equipment-7-1-1024x576.jpg 1024w, https:\/\/www.mlkjlasers.com\/wp-content\/uploads\/2026\/01\/laser-equipment-7-1-768x432.jpg 768w, https:\/\/www.mlkjlasers.com\/wp-content\/uploads\/2026\/01\/laser-equipment-7-1-1536x864.jpg 1536w, https:\/\/www.mlkjlasers.com\/wp-content\/uploads\/2026\/01\/laser-equipment-7-1-600x338.jpg 600w\" sizes=\"(max-width: 1920px) 100vw, 1920px\" \/><\/div>\n<div>\n<div class=\"br-block\"><span style=\"font-size: 16px;\"><span style=\"font-size: 18pt; font-weight: bold;\">Sistemul de r\u0103cire TEC<\/span><br \/>\n<span style=\"font-size: 14pt;\">1) r\u0103cire cu aer r\u0103cire cu ap\u0103 de \u00eenalt\u0103 putere semiconductor frigider termostatic m\u00e2ner cip TEC: -15 \u2103 la 5 \u2103.\u00a0<\/span><\/span><\/div>\n<div class=\"br-block\"><span style=\"font-size: 14pt;\">2) Sistemul de r\u0103cire nu numai c\u0103 face tratamentul nedureros \u0219i foarte confortabil pentru clien\u021bi, dar, de asemenea, asigur\u0103 c\u0103 ma\u0219ina func\u021bioneaz\u0103 continuu 24 de ore pe zi.<\/span><\/div>\n<div class=\"br-block\"><span style=\"font-size: 14pt;\">3) Sistemul de r\u0103cire TEC men\u021bine temperatura apei la o temperatur\u0103 constant\u0103 de 26\u00baC-28\u00baC \u00een mod constant.<\/span><\/div>\n<div><img decoding=\"async\" class=\"aligncenter size-full wp-image-3315\" src=\"https:\/\/www.mlkjlasers.com\/wp-content\/uploads\/2026\/01\/laser-equipment-6-1.jpg\" alt=\"\" width=\"1920\" height=\"1080\" srcset=\"https:\/\/www.mlkjlasers.com\/wp-content\/uploads\/2026\/01\/laser-equipment-6-1.jpg 1920w, https:\/\/www.mlkjlasers.com\/wp-content\/uploads\/2026\/01\/laser-equipment-6-1-300x169.jpg 300w, https:\/\/www.mlkjlasers.com\/wp-content\/uploads\/2026\/01\/laser-equipment-6-1-1024x576.jpg 1024w, https:\/\/www.mlkjlasers.com\/wp-content\/uploads\/2026\/01\/laser-equipment-6-1-768x432.jpg 768w, https:\/\/www.mlkjlasers.com\/wp-content\/uploads\/2026\/01\/laser-equipment-6-1-1536x864.jpg 1536w, https:\/\/www.mlkjlasers.com\/wp-content\/uploads\/2026\/01\/laser-equipment-6-1-600x338.jpg 600w\" sizes=\"(max-width: 1920px) 100vw, 1920px\" \/><\/div>\n<div>\n<div class=\"br-block\"><span style=\"font-size: 16px;\"><span style=\"font-size: 18pt; font-weight: bold;\">Ecran HD de 14 inchi<\/span><br \/>\n<span style=\"font-size: 14pt;\">1) Personaliza\u021bi-v\u0103 experien\u021ba: Ecranul v\u0103 permite s\u0103 ad\u0103uga\u021bi propriul logo unic f\u0103r\u0103 efort.<\/span><br \/>\n<span style=\"font-size: 14pt;\">2) Suport multilingv: ecran disponibil cu 10 limbi diferite pentru adaptabilitate global\u0103.<\/span><br \/>\n<span style=\"font-size: 14pt;\">3) Zone de tratament selectabile: Alege\u021bi din diferite p\u0103r\u021bi ale corpului cu ap\u0103sarea unui buton pentru a \u00eencepe tratamentul personalizat imediat!<\/span><\/span><\/div>\n<div><img loading=\"lazy\" decoding=\"async\" class=\"aligncenter size-full wp-image-3313\" src=\"https:\/\/www.mlkjlasers.com\/wp-content\/uploads\/2026\/01\/laser-equipment-4-1.jpg\" alt=\"\" width=\"1920\" height=\"1080\" srcset=\"https:\/\/www.mlkjlasers.com\/wp-content\/uploads\/2026\/01\/laser-equipment-4-1.jpg 1920w, https:\/\/www.mlkjlasers.com\/wp-content\/uploads\/2026\/01\/laser-equipment-4-1-300x169.jpg 300w, https:\/\/www.mlkjlasers.com\/wp-content\/uploads\/2026\/01\/laser-equipment-4-1-1024x576.jpg 1024w, https:\/\/www.mlkjlasers.com\/wp-content\/uploads\/2026\/01\/laser-equipment-4-1-768x432.jpg 768w, https:\/\/www.mlkjlasers.com\/wp-content\/uploads\/2026\/01\/laser-equipment-4-1-1536x864.jpg 1536w, https:\/\/www.mlkjlasers.com\/wp-content\/uploads\/2026\/01\/laser-equipment-4-1-600x338.jpg 600w\" sizes=\"(max-width: 1920px) 100vw, 1920px\" \/><\/div>\n<div>\n<div><span style=\"font-size: 18pt; font-weight: bold;\">Maner de \u00eenalt\u0103 putere<\/span><br \/>\n<span style=\"font-size: 14pt;\">1) 90% piese de schimb ale piesei de m\u00e2n\u0103 sunt de origine importate din Germania, SUA \u0219i Japonia, asigur\u0103 performan\u021ba stabil\u0103 a ma\u0219inii, rezultate uimitoare \u0219i timp lung de lucru.\u00a0<\/span><br \/>\n<span style=\"font-size: 14pt;\">2) Sistem de r\u0103cire perfect&#8212; temperatura safirului se r\u0103ce\u0219te la 0 ~ 3 \u00b0 C, clien\u021bii se simt confortabil \u0219i f\u0103r\u0103 durere \u00een timpul \u00eentregului tratament.\u00a0<\/span><br \/>\n<span style=\"font-size: 14pt;\">3) Meniu de tratament simplu \u0219i prietenos \u0219i sistem de protec\u021bie auto de alarm\u0103 a fluxului de ap\u0103, nivelul apei \u0219i temperatura apei \u00een meniu.<\/span><\/div>\n<\/div>\n<\/div>\n<div><\/div>\n<\/div>\n<div><img loading=\"lazy\" decoding=\"async\" class=\"aligncenter size-full wp-image-3311\" src=\"https:\/\/www.mlkjlasers.com\/wp-content\/uploads\/2026\/01\/laser-equipment-2-1.jpg\" alt=\"\" width=\"1920\" height=\"1080\" srcset=\"https:\/\/www.mlkjlasers.com\/wp-content\/uploads\/2026\/01\/laser-equipment-2-1.jpg 1920w, https:\/\/www.mlkjlasers.com\/wp-content\/uploads\/2026\/01\/laser-equipment-2-1-300x169.jpg 300w, https:\/\/www.mlkjlasers.com\/wp-content\/uploads\/2026\/01\/laser-equipment-2-1-1024x576.jpg 1024w, https:\/\/www.mlkjlasers.com\/wp-content\/uploads\/2026\/01\/laser-equipment-2-1-768x432.jpg 768w, https:\/\/www.mlkjlasers.com\/wp-content\/uploads\/2026\/01\/laser-equipment-2-1-1536x864.jpg 1536w, https:\/\/www.mlkjlasers.com\/wp-content\/uploads\/2026\/01\/laser-equipment-2-1-600x338.jpg 600w\" sizes=\"(max-width: 1920px) 100vw, 1920px\" \/><\/div>\n<div><\/div>\n<div>\n<div><span style=\"font-size: 18pt;\"><strong>Detalii de m\u00e2ner<\/strong><\/span><\/div>\n<div><span style=\"font-size: 14pt;\"><span style=\"font-weight: bold;\">Alex 755nm<\/span>Pentru p\u0103rul blond \u0219i fin, abordarea acestor tipuri provocatoare cu u\u0219urin\u021b\u0103 \u0219i fine\u021be. Conceput special pentru a aborda provoc\u0103rile unice ale p\u0103rului blond \u0219i fin, laserul nostru de 755nm asigur\u0103 rezultate vizibile.<\/span><\/div>\n<div class=\"br-block\"><\/div>\n<div class=\"br-block\"><span style=\"font-size: 14pt;\"><span style=\"font-weight: bold;\">Viteza rapid\u0103 808nm<\/span>Lungimea de und\u0103 standard de aur, perfect potrivit\u0103 pentru \u00eendep\u0103rtarea p\u0103rului de toate tipurile \u0219i texturile, satisfac\u00e2nd diverse nevoi de \u00eendep\u0103rtare a p\u0103rului.<\/span><\/div>\n<div class=\"br-block\"><span style=\"font-size: 14pt;\"><span style=\"font-weight: bold;\">Puls lung 1064nm<\/span>Cu accent pe penetrarea mai ad\u00e2nc\u0103, aceast\u0103 lungime de und\u0103 este conceput\u0103 pentru pielea \u00eentunecat\u0103 \u0219i bronzat\u0103, oferind tratamente sigure \u0219i eficiente pentru o gam\u0103 mai larg\u0103 de tonuri ale pielii. Piele \u00eentunecat\u0103 \u0219i bronzat\u0103.<\/span><\/div>\n<\/div>\n<div><img loading=\"lazy\" decoding=\"async\" class=\"aligncenter size-full wp-image-3317\" src=\"https:\/\/www.mlkjlasers.com\/wp-content\/uploads\/2026\/01\/laser-equipment-8-1.jpg\" alt=\"\" width=\"1920\" height=\"1080\" srcset=\"https:\/\/www.mlkjlasers.com\/wp-content\/uploads\/2026\/01\/laser-equipment-8-1.jpg 1920w, https:\/\/www.mlkjlasers.com\/wp-content\/uploads\/2026\/01\/laser-equipment-8-1-300x169.jpg 300w, https:\/\/www.mlkjlasers.com\/wp-content\/uploads\/2026\/01\/laser-equipment-8-1-1024x576.jpg 1024w, https:\/\/www.mlkjlasers.com\/wp-content\/uploads\/2026\/01\/laser-equipment-8-1-768x432.jpg 768w, https:\/\/www.mlkjlasers.com\/wp-content\/uploads\/2026\/01\/laser-equipment-8-1-1536x864.jpg 1536w, https:\/\/www.mlkjlasers.com\/wp-content\/uploads\/2026\/01\/laser-equipment-8-1-600x338.jpg 600w\" sizes=\"(max-width: 1920px) 100vw, 1920px\" \/><\/div>\n<div>\n<div><span style=\"font-weight: bold; font-size: 18pt;\">Avantaj imens<\/span><\/div>\n<div><span style=\"font-size: 14pt;\">&gt;  &gt; Recunoa\u0219terea inteligent\u0103 a culorii pielii &#8211; culoarea pielii se potrive\u0219te automat cu energia, reduc\u00e2nd riscul de arsuri.<\/span><br \/>\n<span style=\"font-size: 14pt;\">&gt;  &gt; 10 milioane de vie\u021bi laser &#8211; calculat pe baza tratamentului \u00eentregului corp, poate servi 300 de clien\u021bi.<\/span><br \/>\n<span style=\"font-size: 14pt;\">&gt;  &gt; Ecran tactil de \u00eenalt\u0103 defini\u021bie, care sprijin\u0103 comutarea cu un singur clic a interfe\u021belor lingvistice \u00een diferite \u021b\u0103ri.<\/span><br \/>\n<span style=\"font-size: 14pt;\">&gt;  &gt; Designul m\u00e2nerului u\u0219or, aderen\u021b\u0103 timp de 30 de minute f\u0103r\u0103 durere.<\/span><br \/>\n<span style=\"font-size: 14pt;\">&gt;  &gt; \u00centreaga ma\u0219in\u0103 a trecut FDA, CE, ISO \u0219i alte certific\u0103ri \u0219i este exportat\u0103 \u00een 72 de \u021b\u0103ri f\u0103r\u0103 bariere.<\/span><\/div>\n<div class=\"br-block\"><span style=\"font-size: 14pt;\">&gt;  &gt; 1000W 1200w permite \u00eendep\u0103rtarea cuprinz\u0103toare a p\u0103rului pe \u00eentreg corpul.<br \/>\n&gt;  &gt; 755nm \/ 808nm \/ 1064nm lungimi de und\u0103 triple rafinate.<br \/>\n&gt;  &gt; Longevitate impresionant\u0103, cu o durat\u0103 de via\u021b\u0103 de peste 40 de milioane de fotografii.<br \/>\n&gt;  &gt; Italia pomp\u0103 de ap\u0103, asigur\u00e2nd func\u021bionarea continu\u0103 timp de 24 de ore f\u0103r\u0103 \u00eentrerupere.<\/span><\/div>\n<div><img loading=\"lazy\" decoding=\"async\" class=\"aligncenter size-full wp-image-3312\" src=\"https:\/\/www.mlkjlasers.com\/wp-content\/uploads\/2026\/01\/laser-equipment-3-1.jpg\" alt=\"\" width=\"1920\" height=\"1080\" srcset=\"https:\/\/www.mlkjlasers.com\/wp-content\/uploads\/2026\/01\/laser-equipment-3-1.jpg 1920w, https:\/\/www.mlkjlasers.com\/wp-content\/uploads\/2026\/01\/laser-equipment-3-1-300x169.jpg 300w, https:\/\/www.mlkjlasers.com\/wp-content\/uploads\/2026\/01\/laser-equipment-3-1-1024x576.jpg 1024w, https:\/\/www.mlkjlasers.com\/wp-content\/uploads\/2026\/01\/laser-equipment-3-1-768x432.jpg 768w, https:\/\/www.mlkjlasers.com\/wp-content\/uploads\/2026\/01\/laser-equipment-3-1-1536x864.jpg 1536w, https:\/\/www.mlkjlasers.com\/wp-content\/uploads\/2026\/01\/laser-equipment-3-1-600x338.jpg 600w\" sizes=\"(max-width: 1920px) 100vw, 1920px\" \/><\/div>\n<\/div>\n<p><span style=\"font-size: 18pt; font-weight: bold;\">755 808 1064nm Diode laser de \u00eendep\u0103rtare a p\u0103rului ma\u0219in\u0103 este \u00een principal pentru \u00eendep\u0103rtare profesional\u0103 a p\u0103rului<\/span><\/p>\n<p><span style=\"font-size: 14pt;\">-755nm \u00een principal pentru p\u0103rul deschis pe pielea alb\u0103,<\/span><br \/>\n<span style=\"font-size: 14pt;\">- 808nm au un rezultat bun pentru toate tipurile de piele \u0219i culoarea p\u0103rului.<\/span><br \/>\n<span style=\"font-size: 14pt;\">1064nm face o treab\u0103 bun\u0103 pentru \u00eendep\u0103rtarea p\u0103rului pe pielea neagr\u0103.<\/span><\/p>\n<h3 class=\"contents\"><span style=\"font-size: 18pt; font-family: georgia, palatino, serif;\">\u00cenainte \u015fi dup\u0103<\/span><span style=\"font-size: 16px;\"> <img loading=\"lazy\" decoding=\"async\" class=\"aligncenter size-full wp-image-3106\" src=\"https:\/\/www.mlkjlasers.com\/wp-content\/uploads\/2024\/06\/8.jpg\" alt=\"\" width=\"1920\" height=\"1080\" srcset=\"https:\/\/www.mlkjlasers.com\/wp-content\/uploads\/2024\/06\/8.jpg 1920w, https:\/\/www.mlkjlasers.com\/wp-content\/uploads\/2024\/06\/8-300x169.jpg 300w, https:\/\/www.mlkjlasers.com\/wp-content\/uploads\/2024\/06\/8-1024x576.jpg 1024w, https:\/\/www.mlkjlasers.com\/wp-content\/uploads\/2024\/06\/8-768x432.jpg 768w, https:\/\/www.mlkjlasers.com\/wp-content\/uploads\/2024\/06\/8-1536x864.jpg 1536w, https:\/\/www.mlkjlasers.com\/wp-content\/uploads\/2024\/06\/8-600x338.jpg 600w\" sizes=\"(max-width: 1920px) 100vw, 1920px\" \/><\/span><\/h3>\n<p><span style=\"font-size: 14pt;\">Este potrivit pentru toate tipurile de piele \u0219i p\u0103r. De exemplu, \u00eendep\u0103rta\u021bi permanent p\u0103rul buzelor, p\u0103rul barbei, p\u0103rul pieptului, p\u0103rul axilei, p\u0103rul membrelor \u0219i p\u0103rul nedorit pe orice parte a corpului.<\/span><\/p>\n<p><img loading=\"lazy\" decoding=\"async\" class=\"aligncenter wp-image-3107\" src=\"https:\/\/www.mlkjlasers.com\/wp-content\/uploads\/2024\/06\/9.jpg\" alt=\"\" width=\"1518\" height=\"854\" srcset=\"https:\/\/www.mlkjlasers.com\/wp-content\/uploads\/2024\/06\/9.jpg 1200w, https:\/\/www.mlkjlasers.com\/wp-content\/uploads\/2024\/06\/9-300x169.jpg 300w, https:\/\/www.mlkjlasers.com\/wp-content\/uploads\/2024\/06\/9-1024x576.jpg 1024w, https:\/\/www.mlkjlasers.com\/wp-content\/uploads\/2024\/06\/9-768x432.jpg 768w, https:\/\/www.mlkjlasers.com\/wp-content\/uploads\/2024\/06\/9-600x338.jpg 600w\" sizes=\"(max-width: 1518px) 100vw, 1518px\" \/><\/p>\n<p><span style=\"font-size: 14pt; font-family: helvetica, arial, sans-serif;\"><strong><a href=\"https:\/\/www.mlkjlasers.com\/ro\/contact-us\/\" target=\"_blank\" rel=\"noopener\">Contacta\u0163i-ne ast\u0103zi! <\/a><\/strong><\/span><\/p>\n<p><span style=\"font-size: 14pt; font-family: helvetica, arial, sans-serif;\"><strong><a href=\"https:\/\/www.mlkjlasers.com\/ro\/contact-us\/\" target=\"_blank\" rel=\"noopener\">[Phone Number]\uff1a+8618054417523<\/a><\/strong><\/span><\/p>\n<p>[Email\u00a0Address]:sale@mingliangkj.com<\/p>","protected":false},"excerpt":{"rendered":"<p>* 755nm 808nm 1064nm tehnologie laser diod\u0103, potrivit\u0103 pentru toate tipurile de piele.<\/p>\n<p>* Promueaz\u0103 \u00een mod eficient acumularea de c\u0103ldur\u0103 \u00een foliculi de p\u0103r, c<span data-slate-fragment=\"JTVCJTdCJTIydHlwZSUyMiUzQSUyMnBhcmFncmFwaCUyMiUyQyUyMmNoaWxkcmVuJTIyJTNBJTVCJTdCJTIyaWQlMjIlM0ElMjJ6bExab0xiMG16JTIyJTJDJTIycGFyYUlkeCUyMiUzQTAlMkMlMjJzcmMlMjIlM0ElMjJzZWFtbGVzcyUyMGFuZCUyMGVmZmVjdGl2ZSUyMHJlc3VsdHMlMkMlQzIlQTBmYXN0JTIwaGFpciUyMHJlbW92YWwlMjBmb3IlMjBiaWclMjBhcmVhJTIwdHJlYXRtZW50LiUyMiUyQyUyMmRzdCUyMiUzQSUyMiVFNiU5NyVBMCVFNyVCQyU5RCVFNiU5QyU4OSVFNiU5NSU4OCVFNyU5QSU4NCVFNiU5NSU4OCVFNiU5RSU5QyVFRiVCQyU4QyVFNSVCRiVBQiVFOSU4MCU5RiVFOCU4NCVCMSVFNiVBRiU5QiVFRiVCQyU4QyVFOSU4MCU4MiVFNyU5NCVBOCVFNCVCQSU4RSVFNSVBNCVBNyVFOSU5RCVBMiVFNyVBNyVBRiVFNiVCMiVCQiVFNyU5NiU5NyVFMyU4MCU4MiUyMiUyQyUyMm1ldGFkYXRhJTIyJTNBJTIyJTIyJTJDJTIybWF0Y2hlcyUyMiUzQW51bGwlMkMlMjJ0cmFuc2xhdGVkQnklMjIlM0FudWxsJTJDJTIybWV0YURhdGElMjIlM0ElNUIlNUQlMkMlMjJ0ZXh0JTIyJTNBJTIyc2VhbWxlc3MlMjBhbmQlMjBlZmZlY3RpdmUlMjByZXN1bHRzJTJDJUMyJUEwZmFzdCUyMGhhaXIlMjByZW1vdmFsJTIwZm9yJTIwYmlnJTIwYXJlYSUyMHRyZWF0bWVudC4lMjIlN0QlNUQlN0QlNUQ=\">o \u00eendep\u0103rtare rapid\u0103 a p\u0103rului.<\/span><\/p>\n<p>* 808nm dioda laser este mai sigur, cu r\u0103cire eficient\u0103, punct de \u00eenghe\u021bare f\u0103r\u0103 durere \u0219i \u00eendep\u0103rtare permanent\u0103 a p\u0103rului f\u0103r\u0103 durere.<\/p>\n<p>* Sistem de r\u0103cire trei-\u00eentr-un: sistemul de r\u0103cire cu ap\u0103 de r\u0103cire cu compresor de r\u0103cire trei-\u00eentr-un. Capacitatea de lucru 24 de ore.<\/p>","protected":false},"featured_media":3302,"comment_status":"open","ping_status":"closed","template":"","meta":[],"product_cat":[15],"product_tag":[],"class_list":["post-3323","product","type-product","status-publish","has-post-thumbnail","hentry","product_cat-diode-laser-hair-removal-machine"],"_links":{"self":[{"href":"https:\/\/www.mlkjlasers.com\/ro\/wp-json\/wp\/v2\/product\/3323","targetHints":{"allow":["GET"]}}],"collection":[{"href":"https:\/\/www.mlkjlasers.com\/ro\/wp-json\/wp\/v2\/product"}],"about":[{"href":"https:\/\/www.mlkjlasers.com\/ro\/wp-json\/wp\/v2\/types\/product"}],"replies":[{"embeddable":true,"href":"https:\/\/www.mlkjlasers.com\/ro\/wp-json\/wp\/v2\/comments?post=3323"}],"wp:featuredmedia":[{"embeddable":true,"href":"https:\/\/www.mlkjlasers.com\/ro\/wp-json\/wp\/v2\/media\/3302"}],"wp:attachment":[{"href":"https:\/\/www.mlkjlasers.com\/ro\/wp-json\/wp\/v2\/media?parent=3323"}],"wp:term":[{"taxonomy":"product_cat","embeddable":true,"href":"https:\/\/www.mlkjlasers.com\/ro\/wp-json\/wp\/v2\/product_cat?post=3323"},{"taxonomy":"product_tag","embeddable":true,"href":"https:\/\/www.mlkjlasers.com\/ro\/wp-json\/wp\/v2\/product_tag?post=3323"}],"curies":[{"name":"wp","href":"https:\/\/api.w.org\/{rel}","templated":true}]}}