{"id":2320,"date":"2023-08-22T13:37:17","date_gmt":"2023-08-22T05:37:17","guid":{"rendered":"https:\/\/mlkjlasers.com\/?page_id=2320"},"modified":"2023-08-22T13:41:17","modified_gmt":"2023-08-22T05:41:17","slug":"privacy-policy","status":"publish","type":"page","link":"https:\/\/www.mlkjlasers.com\/tr\/privacy-policy\/","title":{"rendered":"Gizlilik Politikas\u0131"},"content":{"rendered":"<div data-elementor-type=\"wp-page\" data-elementor-id=\"2320\" class=\"elementor elementor-2320\" data-elementor-post-type=\"page\">\n\t\t\t\t\t\t<section class=\"elementor-section elementor-top-section elementor-element elementor-element-777b5a7 elementor-section-boxed elementor-section-height-default elementor-section-height-default\" data-id=\"777b5a7\" data-element_type=\"section\">\n\t\t\t\t\t\t<div class=\"elementor-container elementor-column-gap-default\">\n\t\t\t\t\t<div class=\"elementor-column elementor-col-100 elementor-top-column elementor-element elementor-element-e53dd6c\" data-id=\"e53dd6c\" data-element_type=\"column\">\n\t\t\t<div class=\"elementor-widget-wrap elementor-element-populated\">\n\t\t\t\t\t\t<div class=\"elementor-element elementor-element-6f21634 elementor-widget elementor-widget-text-editor\" data-id=\"6f21634\" data-element_type=\"widget\" data-widget_type=\"text-editor.default\">\n\t\t\t\t<div class=\"elementor-widget-container\">\n\t\t\t\t\t\t\t\t\t<p><span style=\"font-size: 14pt\"><strong>1. Hangi bilgileri topluyoruz?<\/strong><\/span><br \/><span style=\"font-size: 14pt\">M\u00fc\u015fteri toplay\u0131n&#8217; s ad\u0131, ileti\u015fim bilgileri, i\u015f i\u00e7eri\u011fi, yak\u0131n gelecekte sat\u0131n almak istedi\u011finiz mallar vb.<\/span><\/p><p><span style=\"font-size: 14pt\"><strong>2. Bu bilgiyi nas\u0131l kullan\u0131yoruz?<\/strong><\/span><br \/><span style=\"font-size: 14pt\">\u00a0Yasalara ve d\u00fczenlemelere ve kullan\u0131c\u0131larla yap\u0131lan anla\u015fmalara kesinlikle uyuyoruz ve toplanan bilgileri a\u015fa\u011f\u0131daki ama\u00e7lar i\u00e7in kullan\u0131yoruz. Bilgilerinizi a\u015fa\u011f\u0131daki ama\u00e7lardan fazlas\u0131 i\u00e7in kullan\u0131rsak, size tekrar a\u00e7\u0131klayaca\u011f\u0131z ve onay\u0131n\u0131z\u0131 alaca\u011f\u0131z.<\/span><br \/><span style=\"font-size: 14pt\">Size dil ayarlar\u0131, konum ayarlar\u0131 ve ki\u015fiselle\u015ftirilmi\u015f yard\u0131m hizmetleri gibi ki\u015fisel ihtiya\u00e7lar\u0131n\u0131z\u0131 kar\u015f\u0131layan hizmetler sa\u011flamak. G\u00fcvenlik departman\u0131 reklam, bilgi vb. \u00f6nerir. Reklamlar\u0131m\u0131z\u0131n ve di\u011fer promosyon faaliyetlerimizin etkinli\u011fini de\u011ferlendirmek ve geli\u015ftirmek ile ilgilenebilirsiniz. L\u00fctfen hizmetlerimizle ilgili ankete kat\u0131l\u0131n.<\/span><\/p><p><span style=\"font-size: 14pt\"><strong>Bu bilgileri franchise sahibi veya \u00fc\u00e7\u00fcnc\u00fc taraflarla payla\u015facak m\u0131y\u0131z?<\/strong><\/span><br \/><span style=\"font-size: 14pt\">Gizlili\u011finize ve web sitemizin ziyaret\u00e7ilerinin bize bilgi verdi\u011fi amaca sayg\u0131 duyuyoruz. Toplanan herhangi bir bilgiyi herhangi bir \u00fc\u00e7\u00fcnc\u00fc tarafa payla\u015fmayaca\u011f\u0131z, satmayaca\u011f\u0131z veya kiralamayaca\u011f\u0131z ve bunu gelecekte yapmayaca\u011f\u0131z.<\/span><br \/><span style=\"font-size: 14pt\">E\u011fer bize bir e-posta g\u00f6ndererek veya ileti\u015fim formunu &amp;#8220 arac\u0131l\u0131\u011f\u0131yla doldurarak bilgi talep ederseniz veya g\u00f6nderirseniz; G\u00f6nder: &#8221; fonksiyonu, e-posta adresinizi ve sa\u011flayabilece\u011finiz di\u011fer bilgileri kaydedebiliriz. Bu bilgiler gelecekte size faydal\u0131 olabilece\u011fini d\u00fc\u015f\u00fcnd\u00fc\u011f\u00fcm\u00fcz \u00e7\u00f6z\u00fcmler veya hizmetler hakk\u0131nda bilgi iletmek i\u00e7in e-posta, e-posta veya telefon yoluyla sizinle ileti\u015fime ge\u00e7mek i\u00e7in kullan\u0131labilir. E-posta ve sa\u011flad\u0131\u011f\u0131n\u0131z di\u011fer bilgiler herhangi bir \u00fc\u00e7\u00fcnc\u00fc tarafa sat\u0131lmayacak.<\/span><\/p><p><span style=\"font-size: 14pt\"><strong>4. M\u00fc\u015fteriler toplad\u0131\u011f\u0131m\u0131z bilgileri g\u00f6r\u00fcnt\u00fcleyebilir mi veya silebilir mi?<\/strong><\/span><br \/><span style=\"font-size: 14pt\">Uygun se\u00e7imler yapman\u0131z ve ki\u015fisel bilgilerinizi y\u00f6netmeniz i\u00e7in size uygun bilgi y\u00f6netimi se\u00e7enekleri sunuyoruz. \u0130leti\u015fim s\u0131rlar\u0131n\u0131z\u0131 korumak ve size g\u00fcvenli ileti\u015fim hizmetleri sa\u011flamak i\u00e7in yasalara ve d\u00fczenlemelere kesinlikle uyuyoruz.<\/span><\/p><p><span style=\"font-size: 14pt\"><strong>5. Yasal isteklere cevap vermek<\/strong><\/span><br \/><span style=\"font-size: 14pt\">(1) G\u00fcvenlik i\u00e7in kimli\u011finizi kan\u0131tlamak i\u00e7in bir istek yapman\u0131z gerekebilir. \u0130ste\u011finizi i\u015flemeden \u00f6nce kimli\u011finizi do\u011frulaman\u0131z\u0131 isteyebiliriz.<\/span><br \/><span style=\"font-size: 14pt\">(2) 30 g\u00fcn i\u00e7inde cevap verece\u011fiz. Memnun de\u011filseniz, bu gizlilik politikas\u0131n\u0131n m\u00fc\u015fteri hizmetleri ileti\u015fim bilgileri arac\u0131l\u0131\u011f\u0131yla \u015fikayet de ba\u015flatabilirsiniz.<\/span><br \/><span style=\"font-size: 14pt\">(3) A\u015fa\u011f\u0131daki durumlarda yasa ve d\u00fczenlemelere uygun olarak iste\u011finize cevap veremeyece\u011fiz:<\/span><br \/><span style=\"font-size: 14pt\">* Ulusal g\u00fcvenlik ve ulusal savunma g\u00fcvenli\u011fi ile ilgili;<\/span><br \/><span style=\"font-size: 14pt\">* Kamu g\u00fcvenli\u011fi, halk sa\u011fl\u0131\u011f\u0131 ve \u00f6nemli kamu \u00e7\u0131karlar\u0131 ile ilgili;<\/span><br \/><span style=\"font-size: 14pt\">* Ceza soru\u015fturmas\u0131, davac\u0131l\u0131k, yarg\u0131lama ve karar\u0131n uygulanmas\u0131 ile ilgili;<\/span><br \/><span style=\"font-size: 14pt\">* Ki\u015fisel bilgilerin konusunun \u00f6znel k\u00f6t\u00fc niyetleri veya haklar\u0131n k\u00f6t\u00fcye kullan\u0131lmas\u0131 oldu\u011funu g\u00f6stermek i\u00e7in yeterli kan\u0131tlar var;<\/span><br \/><span style=\"font-size: 14pt\">* \u0130ste\u011finize cevap vermek, sizin veya di\u011fer bireylerin ve kurulu\u015flar\u0131n me\u015fru haklar\u0131na ve \u00e7\u0131karlar\u0131na ciddi zarar verecektir;<\/span><br \/><span style=\"font-size: 14pt\">* Ticari s\u0131rlar\u0131 i\u00e7erir.<\/span><\/p><p><span style=\"font-size: 14pt\"><strong>Gizlilik uygulamalar\u0131m\u0131z\u0131 de\u011fi\u015ftirirsek sizi nas\u0131l bildirece\u011fiz?<\/strong><\/span><br \/><span style=\"font-size: 14pt\">Bu t\u00fcr de\u011fi\u015fiklikler bu Politika kapsam\u0131ndaki haklar\u0131n\u0131zdan \u00f6nemli bir istisna ile sonu\u00e7lan\u0131rsa, de\u011fi\u015fiklikler y\u00fcr\u00fcrl\u00fc\u011fe girmeden \u00f6nce sayfada, e-postada veya di\u011fer yollarla belirgin bir bildirim yoluyla sizi bilgilendirece\u011fiz. B\u00f6yle ko\u015fullarda, hizmetlerimizi kullanmaya devam ederek, revize edilmi\u015f politikaya ba\u011fl\u0131 olmay\u0131 kabul ediyorsunuz.<\/span><\/p><p><span style=\"font-size: 14pt\"><strong>7. Bizimle nas\u0131l ileti\u015fime ge\u00e7ebilirsiniz?<\/strong><\/span><br \/><span style=\"font-size: 14pt\">Bu gizlilik politikas\u0131 ile ilgili herhangi bir sorunuz, yorumunuz veya \u00f6neriniz varsa, bizimle ileti\u015fime ge\u00e7ebilirsiniz.\u00a0<\/span><br \/><span style=\"font-size: 14pt\">Email: sale@mingliangkj.com\u00a0<\/span><br \/><span style=\"font-size: 14pt\">Numara: 8615965364558 (WhatsApp ayn\u0131 numara), vb.<\/span><\/p><p><span style=\"font-size: 14pt\"><strong>8. Gizlilik Politikas\u0131 ne zaman y\u00fcr\u00fcrl\u00fc\u011fe girer?<\/strong><\/span><br \/><span style=\"font-size: 14pt\">D\u00fczenlenmi\u015f veya de\u011fi\u015ftirilmi\u015f i\u00e7erikler bildirildikten veya yay\u0131nland\u0131ktan 1 g\u00fcn sonra y\u00fcr\u00fcrl\u00fc\u011fe girecektir. Gizlilik politikas\u0131n\u0131n ayarlanmas\u0131ndan veya de\u011fi\u015ftirilmesinden sonra hizmetlerimizden herhangi birini kullanmaya devam ederseniz veya ilgili web sitelerimizi ziyaret ederseniz, bu, revize edilmi\u015f gizlilik politikas\u0131n\u0131 tam olarak okudu\u011funuz, anlad\u0131\u011f\u0131n\u0131z ve kabul etti\u011finiz ve buna ba\u011fl\u0131 oldu\u011funuz anlam\u0131na gelir.<\/span><\/p>\t\t\t\t\t\t\t\t<\/div>\n\t\t\t\t<\/div>\n\t\t\t\t\t<\/div>\n\t\t<\/div>\n\t\t\t\t\t<\/div>\n\t\t<\/section>\n\t\t\t\t<\/div>","protected":false},"excerpt":{"rendered":"<p>1. Hangi bilgileri topluyoruz? M\u00fc\u015fteri toplay\u0131n&#8217; s ad\u0131, ileti\u015fim bilgileri, i\u015f i\u00e7eri\u011fi, yak\u0131n gelecekte sat\u0131n almak istedi\u011finiz mallar vb. 2. Bu bilgileri nas\u0131l kullan\u0131yoruz? Yasalara ve d\u00fczenlemelere ve kullan\u0131c\u0131larla yap\u0131lan anla\u015fmalara kesinlikle uyuyoruz ve toplanan bilgileri a\u015fa\u011f\u0131daki ama\u00e7lar i\u00e7in kullan\u0131yoruz. Bilgilerinizi [&hellip;]<\/p>","protected":false},"author":167,"featured_media":0,"parent":0,"menu_order":11,"comment_status":"closed","ping_status":"closed","template":"elementor_header_footer","meta":{"footnotes":""},"class_list":["post-2320","page","type-page","status-publish","hentry"],"_links":{"self":[{"href":"https:\/\/www.mlkjlasers.com\/tr\/wp-json\/wp\/v2\/pages\/2320","targetHints":{"allow":["GET"]}}],"collection":[{"href":"https:\/\/www.mlkjlasers.com\/tr\/wp-json\/wp\/v2\/pages"}],"about":[{"href":"https:\/\/www.mlkjlasers.com\/tr\/wp-json\/wp\/v2\/types\/page"}],"author":[{"embeddable":true,"href":"https:\/\/www.mlkjlasers.com\/tr\/wp-json\/wp\/v2\/users\/167"}],"replies":[{"embeddable":true,"href":"https:\/\/www.mlkjlasers.com\/tr\/wp-json\/wp\/v2\/comments?post=2320"}],"version-history":[{"count":7,"href":"https:\/\/www.mlkjlasers.com\/tr\/wp-json\/wp\/v2\/pages\/2320\/revisions"}],"predecessor-version":[{"id":2328,"href":"https:\/\/www.mlkjlasers.com\/tr\/wp-json\/wp\/v2\/pages\/2320\/revisions\/2328"}],"wp:attachment":[{"href":"https:\/\/www.mlkjlasers.com\/tr\/wp-json\/wp\/v2\/media?parent=2320"}],"curies":[{"name":"wp","href":"https:\/\/api.w.org\/{rel}","templated":true}]}}