{"id":1855,"date":"2023-07-22T09:58:42","date_gmt":"2023-07-22T01:58:42","guid":{"rendered":"https:\/\/mlkjlasers.com\/?post_type=product&#038;p=1855"},"modified":"2026-01-26T09:23:22","modified_gmt":"2026-01-26T01:23:22","slug":"mlkj-medical-diode-laser-titanium-double-handle-hair-removal-machine-2-3","status":"publish","type":"product","link":"https:\/\/www.mlkjlasers.com\/tr\/product\/mlkj-medical-diode-laser-titanium-double-handle-hair-removal-machine-2-3\/","title":{"rendered":"FDA onaylanm\u0131\u015f diyot lazer epilasyon teknolojisi 808 diyot lazer epilasyon makinesi\u00a0"},"content":{"rendered":"<table style=\"border-collapse: collapse; width: 100%; height: 174px;\">\n<tbody>\n<tr style=\"height: 16px;\">\n<td style=\"width: 44.9553%; height: 16px;\"><span style=\"font-family: helvetica, arial, sans-serif; color: #000000; font-size: 14pt;\">MLKJ diyot lazer epilasyon makinesi\u00a0<\/span><\/td>\n<td style=\"width: 55.0447%; height: 16px;\"><span style=\"font-family: helvetica, arial, sans-serif; color: #000000; font-size: 14pt;\">Model numaras\u0131: Diyot lazer V17<\/span><\/td>\n<\/tr>\n<tr style=\"height: 24px;\">\n<td style=\"width: 44.9553%; height: 24px;\"><span style=\"font-family: helvetica, arial, sans-serif; color: #000000; font-size: 14pt;\">Dalga boyu: 808nm veya 755 808 1064nm<\/span><\/td>\n<td style=\"width: 55.0447%; height: 24px;\"><span style=\"font-family: helvetica, arial, sans-serif; color: #000000; font-size: 14pt;\">Ekran Boyutu:12 in\u00e7 Dokunmatik Ekran<\/span><\/td>\n<\/tr>\n<tr style=\"height: 24px;\">\n<td style=\"width: 44.9553%; height: 24px;\"><span style=\"font-family: helvetica, arial, sans-serif; color: #000000; font-size: 14pt;\">\u00d6mr\u00fc: 40 milyon at\u0131\u015f<\/span><\/td>\n<td style=\"width: 55.0447%; height: 24px;\"><span style=\"font-family: helvetica, arial, sans-serif; color: #000000; font-size: 14pt;\">Darbe s\u00fcresi: 10-300ms<\/span><\/td>\n<\/tr>\n<tr style=\"height: 24px;\">\n<td style=\"width: 44.9553%; height: 24px;\"><span style=\"font-family: helvetica, arial, sans-serif; color: #000000; font-size: 14pt;\">Lazer \u015ferit: her biri i\u00e7in 100w, Amerika tutarl\u0131 lazer \u00e7ubu\u011fu<\/span><\/td>\n<td style=\"width: 55.0447%; height: 24px;\"><span style=\"font-family: helvetica, arial, sans-serif; color: #000000; font-size: 14pt;\">Frekans: 1-10hz<\/span><\/td>\n<\/tr>\n<tr style=\"height: 24px;\">\n<td style=\"width: 44.9553%; height: 24px;\"><span style=\"font-family: helvetica, arial, sans-serif; color: #000000; font-size: 14pt;\">Nokta boyutu: 12x20mm ve 12x35mm nokta boyutu<\/span><\/td>\n<td style=\"width: 55.0447%; height: 24px;\"><span style=\"font-family: helvetica, arial, sans-serif; color: #000000; font-size: 14pt;\">Enerji: 1-150J<\/span><\/td>\n<\/tr>\n<tr style=\"height: 24px;\">\n<td style=\"width: 44.9553%; height: 24px;\"><span style=\"font-family: helvetica, arial, sans-serif; color: #000000; font-size: 14pt;\">So\u011futma sistemi: TEC su havas\u0131<\/span><\/td>\n<td style=\"width: 55.0447%; height: 24px;\"><span style=\"font-family: helvetica, arial, sans-serif; color: #000000; font-size: 14pt;\">Makinenin g\u00fcc\u00fc: 3000W<\/span><\/td>\n<\/tr>\n<tr style=\"height: 24px;\">\n<td style=\"width: 44.9553%; height: 24px;\"><span style=\"font-family: helvetica, arial, sans-serif; color: #000000; font-size: 14pt;\">Gerilim: AC110V 60HZ \/ AC220V 50HZ<\/span><\/td>\n<td style=\"width: 55.0447%; height: 24px;\"><span style=\"font-family: helvetica, arial, sans-serif; color: #000000; font-size: 14pt;\">Makine boyutu: 1000mm * 480mm * 520mm<\/span><\/td>\n<\/tr>\n<tr style=\"height: 14px;\">\n<td style=\"width: 44.9553%; height: 14px;\"><span style=\"font-family: helvetica, arial, sans-serif; color: #000000; font-size: 14pt;\">Paket: Al\u00fcminyum kutu<\/span><\/td>\n<td style=\"width: 55.0447%; height: 14px;\"><span style=\"font-family: helvetica, arial, sans-serif; color: #000000; font-size: 14pt;\">Servis garantisi: 2 y\u0131l garanti<\/span><\/td>\n<\/tr>\n<\/tbody>\n<\/table>\n<div><\/div>\n<div><span style=\"font-size: 14pt;\"><img fetchpriority=\"high\" decoding=\"async\" class=\"aligncenter wp-image-3542\" src=\"https:\/\/www.mlkjlasers.com\/wp-content\/uploads\/2026\/01\/808V174K-\u5c4f\u8be6\u60c5\u98751.jpg\" alt=\"\" width=\"1920\" height=\"2442\" srcset=\"https:\/\/www.mlkjlasers.com\/wp-content\/uploads\/2026\/01\/808V174K-\u5c4f\u8be6\u60c5\u98751.jpg 750w, https:\/\/www.mlkjlasers.com\/wp-content\/uploads\/2026\/01\/808V174K-\u5c4f\u8be6\u60c5\u98751-236x300.jpg 236w, https:\/\/www.mlkjlasers.com\/wp-content\/uploads\/2026\/01\/808V174K-\u5c4f\u8be6\u60c5\u98751-600x763.jpg 600w\" sizes=\"(max-width: 1920px) 100vw, 1920px\" \/><\/span><\/div>\n<div><\/div>\n<div><\/div>\n<div><span style=\"font-family: helvetica, arial, sans-serif; font-size: 14pt;\"><strong>MLKJ s\u00fcr\u00fcm\u00fc, 3 lazer dalga boyunu tek yenilik\u00e7i bir el par\u00e7as\u0131na birle\u015ftirir ve ayn\u0131 anda sa\u00e7 folik\u00fcl\u00fc i\u00e7indeki farkl\u0131 doku derinliklerinin yan\u0131 s\u0131ra anatomik yap\u0131lar\u0131 hedefler.<\/strong><\/span><\/div>\n<div>\n<div>\n<div class=\"J_module\">\n<div class=\"detail-decorate-json-renderer-container\">\n<div class=\"magic-4\">\n<div class=\"magic-5\">\n<div class=\"magic-6\" data-spm-anchor-id=\"a2700.wholesale.0.i58.1c986547E0aT7y\">\n<div class=\"magic-7\">\n<div style=\"text-align: left;\"><\/div>\n<div style=\"text-align: left;\"><span class=\"magic-9\" style=\"font-family: helvetica, arial, sans-serif; color: #000000; font-size: 14pt;\">TEC\/Kompres\u00f6r, cildi s\u00fcrekli so\u011futan ve t\u00fcm tedavi boyunca aral\u0131k kontroll\u00fc s\u0131cakl\u0131\u011f\u0131 kolayla\u015ft\u0131ran geli\u015fmi\u015f bir teknolojidir. Koldaki TEC levhalar\u0131, \u0131s\u0131y\u0131 korurken epidermal riskleri en aza indirir. S\u0131cakl\u0131k kontroll\u00fc ve sabit kal\u0131r, bu da diyonun verimlili\u011fine katk\u0131da bulunur. Hastalar art\u0131k oturum boyunca tamamen a\u011fr\u0131s\u0131z, serin ve konforlu bir deneyimin tad\u0131n\u0131 \u00e7\u0131karabilirler.<\/span><\/div>\n<div><img decoding=\"async\" class=\"aligncenter wp-image-3547\" src=\"https:\/\/www.mlkjlasers.com\/wp-content\/uploads\/2026\/01\/808V174K-\u5c4f\u8be6\u60c5\u98756.jpg\" alt=\"\" width=\"1920\" height=\"1892\" srcset=\"https:\/\/www.mlkjlasers.com\/wp-content\/uploads\/2026\/01\/808V174K-\u5c4f\u8be6\u60c5\u98756.jpg 750w, https:\/\/www.mlkjlasers.com\/wp-content\/uploads\/2026\/01\/808V174K-\u5c4f\u8be6\u60c5\u98756-300x296.jpg 300w, https:\/\/www.mlkjlasers.com\/wp-content\/uploads\/2026\/01\/808V174K-\u5c4f\u8be6\u60c5\u98756-600x591.jpg 600w, https:\/\/www.mlkjlasers.com\/wp-content\/uploads\/2026\/01\/808V174K-\u5c4f\u8be6\u60c5\u98756-100x100.jpg 100w\" sizes=\"(max-width: 1920px) 100vw, 1920px\" \/><\/div>\n<\/div>\n<\/div>\n<\/div>\n<\/div>\n<\/div>\n<\/div>\n<\/div>\n<div class=\"text-title\">\n<div><\/div>\n<div class=\"magic-17\"><span class=\"magic-9\" style=\"color: #000000; font-family: helvetica, arial, sans-serif; font-size: 14pt;\" data-spm-anchor-id=\"a2700.wholesale.0.i63.1c986547E0aT7y\">T\u00fcm par\u00e7alar i\u00e7in uygun 12 * 20mm veya 12 * 35mm nokta boyutu epilasyon<\/span><\/div>\n<\/div>\n<div class=\"text-content\">\n<div class=\"magic-17\" data-spm-anchor-id=\"a2700.wholesale.0.i64.1c986547E0aT7y\"><span class=\"magic-18\" style=\"color: #000000; font-family: helvetica, arial, sans-serif; font-size: 14pt;\"><b data-spm-anchor-id=\"a2700.wholesale.0.i66.1c986547E0aT7y\">3&#8212; 5 seans \u00f6m\u00fcr boyu epilasyon sonucu, kal\u0131c\u0131 epilasyon al\u0131r<\/b><\/span><\/div>\n<div data-spm-anchor-id=\"a2700.wholesale.0.i64.1c986547E0aT7y\"><\/div>\n<div data-spm-anchor-id=\"a2700.wholesale.0.i64.1c986547E0aT7y\">\n<div class=\"magic-17\" data-spm-anchor-id=\"a2700.wholesale.0.i68.1c986547E0aT7y\"><span class=\"magic-35\" style=\"font-family: helvetica, arial, sans-serif; font-size: 14pt;\">* G\u00fcvenli, H\u0131zl\u0131, <b>A\u011fr\u0131s\u0131z<\/b>\uff0c<b>kal\u0131c\u0131<\/b><\/span><\/div>\n<div class=\"magic-17\" data-spm-anchor-id=\"a2700.wholesale.0.i68.1c986547E0aT7y\"><span class=\"magic-35\" style=\"font-family: helvetica, arial, sans-serif; font-size: 14pt;\">* T\u00fcm cilt ve sa\u00e7 stili sa\u00e7 \u00e7\u0131karma i\u00e7in<\/span><\/div>\n<div>\n<div class=\"magic-17\"><span style=\"font-family: helvetica, arial, sans-serif; font-size: 14pt;\">* Duru\u015f s\u00fcresi yok<\/span><\/div>\n<div class=\"magic-17\" data-spm-anchor-id=\"a2700.wholesale.0.i67.1c986547E0aT7y\"><span style=\"font-family: helvetica, arial, sans-serif; font-size: 14pt;\">* Yan etkisi yok<\/span><\/div>\n<\/div>\n<\/div>\n<\/div>\n<\/div>\n<div><span style=\"font-size: 14pt;\"><img decoding=\"async\" class=\"aligncenter wp-image-3549\" src=\"https:\/\/www.mlkjlasers.com\/wp-content\/uploads\/2026\/01\/808V174K-\u5c4f\u8be6\u60c5\u98758.jpg\" alt=\"\" width=\"1920\" height=\"1426\" srcset=\"https:\/\/www.mlkjlasers.com\/wp-content\/uploads\/2026\/01\/808V174K-\u5c4f\u8be6\u60c5\u98758.jpg 750w, https:\/\/www.mlkjlasers.com\/wp-content\/uploads\/2026\/01\/808V174K-\u5c4f\u8be6\u60c5\u98758-300x223.jpg 300w, https:\/\/www.mlkjlasers.com\/wp-content\/uploads\/2026\/01\/808V174K-\u5c4f\u8be6\u60c5\u98758-600x446.jpg 600w\" sizes=\"(max-width: 1920px) 100vw, 1920px\" \/><\/span><\/div>\n<div><\/div>\n<div><span style=\"font-family: helvetica, arial, sans-serif; font-size: 14pt;\">\u00dc\u00e7 farkl\u0131 dalga boyunun emilme ve penetrasyon seviyelerini, diyot lazerin tedavi kapsam\u0131, konforu ve d\u00fc\u015f\u00fck bak\u0131m\u0131 ile birlikte birle\u015ftirerek, bug\u00fcn mevcut en g\u00fcvenli ve en kapsaml\u0131 epilasyon tedavisi elde edilir.<\/span><\/div>\n<div>\n<p><span style=\"font-family: helvetica, arial, sans-serif; font-size: 14pt;\"><strong>Optimal tedavi spektrumunu kapsayan 3 kombinasyon dalga boyu<\/strong><\/span><br \/>\n<span style=\"font-family: helvetica, arial, sans-serif; font-size: 14pt;\"><strong>Neredeyse a\u011fr\u0131s\u0131z<\/strong><\/span><br \/>\n<span style=\"font-family: helvetica, arial, sans-serif; font-size: 14pt;\"><strong>Kan\u0131tlanm\u0131\u015f g\u00fcvenlik kayd\u0131<\/strong><\/span><br \/>\n<span style=\"font-family: helvetica, arial, sans-serif; font-size: 14pt;\"><strong>T\u00fcm cilt t\u00fcrleri, k\u0131zarm\u0131\u015f cilt bile<\/strong><\/span><\/p>\n<\/div>\n<div><span style=\"color: #000000; font-family: helvetica, arial, sans-serif; font-size: 14pt;\"><img loading=\"lazy\" decoding=\"async\" class=\"aligncenter wp-image-3545\" src=\"https:\/\/www.mlkjlasers.com\/wp-content\/uploads\/2026\/01\/808V174K-\u5c4f\u8be6\u60c5\u98754.jpg\" alt=\"\" width=\"1920\" height=\"2079\" srcset=\"https:\/\/www.mlkjlasers.com\/wp-content\/uploads\/2026\/01\/808V174K-\u5c4f\u8be6\u60c5\u98754.jpg 750w, https:\/\/www.mlkjlasers.com\/wp-content\/uploads\/2026\/01\/808V174K-\u5c4f\u8be6\u60c5\u98754-277x300.jpg 277w, https:\/\/www.mlkjlasers.com\/wp-content\/uploads\/2026\/01\/808V174K-\u5c4f\u8be6\u60c5\u98754-600x650.jpg 600w\" sizes=\"(max-width: 1920px) 100vw, 1920px\" \/><\/span><\/div>\n<div><\/div>\n<div><span style=\"font-family: helvetica, arial, sans-serif; font-size: 14pt;\"><strong>ALEX 755nm Dalga Uzunlu\u011fu: <\/strong><\/span><\/div>\n<div><span style=\"font-family: helvetica, arial, sans-serif; font-size: 14pt;\">\u00c7ok \u00e7e\u015fitli sa\u00e7 t\u00fcrleri ve renkler, \u00f6zellikle a\u00e7\u0131k renkli ve ince sa\u00e7lar i\u00e7in ideal. Melanin kromoforu taraf\u0131ndan g\u00fc\u00e7l\u00fc enerji emimi sa\u011flar. <\/span><\/div>\n<div><span style=\"font-family: helvetica, arial, sans-serif; font-size: 14pt;\">Sa\u00e7 folik\u00fcl\u00fcn\u00fcn bulgununu daha y\u00fczeysel penetrasyonla hedefler. \u00d6zellikle ka\u015flar ve \u00fcst dudak gibi alanlarda sa\u00e7 i\u00e7in etkili. <\/span><\/div>\n<div><\/div>\n<div><span style=\"font-family: helvetica, arial, sans-serif; font-size: 14pt;\"><strong>H\u0130Z 808nm Dalga Uzunlu\u011fu:<\/strong><\/span><\/div>\n<div><span style=\"font-family: helvetica, arial, sans-serif; font-size: 14pt;\"> Lazer epilasyonunda klasik dalga boyu (810nm). Y\u00fcksek ortalama g\u00fc\u00e7 ile sa\u00e7 folik\u00fcl\u00fcn\u00fcn derin penetrasyonu sunar. <\/span><\/div>\n<div><span style=\"font-family: helvetica, arial, sans-serif; font-size: 14pt;\">B\u00fcy\u00fck 3.5cm nokta boyutu h\u0131zl\u0131 tedavi sa\u011flar. Orta derecede melanini emir, daha koyu cilt tipleri i\u00e7in g\u00fcvenli hale getirir. <\/span><\/div>\n<div><span style=\"font-family: helvetica, arial, sans-serif; font-size: 14pt;\">Sa\u00e7 folik\u00fcl\u00fcn\u00fcn bulge ve ampul\u00fcn\u00fc hedefliyor. Kollar, bacaklar, yanaklar ve sakal gibi alanlar\u0131 tedavi etmek i\u00e7in ideal. <\/span><\/div>\n<div><\/div>\n<div><span style=\"font-family: helvetica, arial, sans-serif; font-size: 14pt;\"><strong>Daha Koyu Cilt i\u00e7in DIODE LAZER YAG 1064: <\/strong><\/span><\/div>\n<div><span style=\"font-family: helvetica, arial, sans-serif; font-size: 14pt;\">ND: YAG dalga boyuna dayanan bir diyot lazeri kullan\u0131r. Daha koyu cilt tonlar\u0131 i\u00e7in uygun olan melanin kromoforu taraf\u0131ndan orta derecede enerji emir. <\/span><\/div>\n<div><span style=\"font-family: helvetica, arial, sans-serif; font-size: 14pt;\">Daha koyu cilt tonlar\u0131 olan hastalar i\u00e7in en iyi se\u00e7im.<\/span><\/div>\n<div>\n<div class=\"J_module\">\n<div class=\"detail-decorate-json-renderer-container\">\n<div class=\"magic-4\">\n<div class=\"magic-5\" data-spm-anchor-id=\"a2700.wholesale.0.i57.1c986547E0aT7y\">\n<div class=\"magic-6\"><span style=\"font-size: 14pt;\"><img loading=\"lazy\" decoding=\"async\" class=\"aligncenter wp-image-3544\" src=\"https:\/\/www.mlkjlasers.com\/wp-content\/uploads\/2026\/01\/808V174K-\u5c4f\u8be6\u60c5\u98753.jpg\" alt=\"\" width=\"1920\" height=\"2132\" srcset=\"https:\/\/www.mlkjlasers.com\/wp-content\/uploads\/2026\/01\/808V174K-\u5c4f\u8be6\u60c5\u98753.jpg 750w, https:\/\/www.mlkjlasers.com\/wp-content\/uploads\/2026\/01\/808V174K-\u5c4f\u8be6\u60c5\u98753-270x300.jpg 270w, https:\/\/www.mlkjlasers.com\/wp-content\/uploads\/2026\/01\/808V174K-\u5c4f\u8be6\u60c5\u98753-600x666.jpg 600w\" sizes=\"(max-width: 1920px) 100vw, 1920px\" \/><\/span><\/div>\n<\/div>\n<\/div>\n<\/div>\n<\/div>\n<\/div>\n<div><\/div>\n<div><span style=\"font-family: helvetica, arial, sans-serif; font-size: 14pt;\">* 12 in\u00e7 dokunmatik ekran \u00f6zelle\u015ftirilebilir<\/span><\/div>\n<div>\n<div class=\"J_module\">\n<div class=\"icbu-pc-images magic-1\">\n<div class=\"flex-layout-v\">\n<div class=\"flex-layout-h magic-1\">\n<div class=\"magic-27\" style=\"text-align: left;\">\n<div class=\"des_detail\">\n<div class=\"magic-17\"><span style=\"font-family: helvetica, arial, sans-serif; font-size: 14pt;\">* Erkek ve kad\u0131n ile, se\u00e7mek i\u00e7in 6 cilt stili<\/span><br \/>\n<span style=\"font-family: helvetica, arial, sans-serif; font-size: 14pt;\">* Kullan\u0131m\u0131 kolay, operasyon becerileri ve \u00f6\u011fretim hizmetleri sa\u011flamak<\/span><br \/>\n<span style=\"font-family: helvetica, arial, sans-serif; font-size: 14pt;\">* \u00dccretsiz logo ve dil ekranda \u00f6zelle\u015ftirilebilir<\/span><\/div>\n<\/div>\n<\/div>\n<\/div>\n<div class=\"flex-layout-h magic-1\">\n<div><span style=\"font-size: 14pt;\"><img loading=\"lazy\" decoding=\"async\" class=\"aligncenter wp-image-3543\" src=\"https:\/\/www.mlkjlasers.com\/wp-content\/uploads\/2026\/01\/808V174K-\u5c4f\u8be6\u60c5\u98752.jpg\" alt=\"\" width=\"1920\" height=\"1216\" srcset=\"https:\/\/www.mlkjlasers.com\/wp-content\/uploads\/2026\/01\/808V174K-\u5c4f\u8be6\u60c5\u98752.jpg 750w, https:\/\/www.mlkjlasers.com\/wp-content\/uploads\/2026\/01\/808V174K-\u5c4f\u8be6\u60c5\u98752-300x190.jpg 300w, https:\/\/www.mlkjlasers.com\/wp-content\/uploads\/2026\/01\/808V174K-\u5c4f\u8be6\u60c5\u98752-600x380.jpg 600w\" sizes=\"(max-width: 1920px) 100vw, 1920px\" \/><\/span><\/div>\n<\/div>\n<div><\/div>\n<\/div>\n<\/div>\n<\/div>\n<div class=\"J_module\">\n<div class=\"detail-decorate-json-renderer-container\">\n<div>\n<div>\n<div class=\"J_module\">\n<div class=\"detail-decorate-json-renderer-container\">\n<div class=\"magic-4\">\n<div class=\"magic-17\" style=\"text-align: left;\"><span style=\"font-size: 14pt; color: #000000; font-family: helvetica, arial, sans-serif;\"><strong><span class=\"magic-8\"><span class=\"magic-11\">755 808 1064 diyot lazer epilasyon makinesinin so\u011futmas\u0131<\/span><\/span><\/strong><\/span><\/div>\n<div style=\"text-align: left;\"><\/div>\n<div class=\"magic-5\">\n<div class=\"magic-6\" data-spm-anchor-id=\"a2700.wholesale.0.i58.1c986547E0aT7y\">\n<div class=\"magic-7\">\n<div style=\"text-align: left;\" data-spm-anchor-id=\"a2700.wholesale.0.i60.1c986547E0aT7y\"><span style=\"font-family: helvetica, arial, sans-serif; color: #000000; font-size: 14pt;\"><span class=\"magic-9\">* makineyi a\u00e7\u0131n, <\/span>hemen so\u011futma, hemen sa\u00e7 \u00e7\u0131karma <\/span><\/div>\n<div style=\"text-align: left;\"><span class=\"magic-9\" style=\"font-family: helvetica, arial, sans-serif; color: #000000; font-size: 14pt;\">* iyi so\u011futma daha uzun kol \u00f6mr\u00fc<br \/>\n* ger\u00e7ek buz a\u011fr\u0131s\u0131z sa\u00e7 \u00e7\u0131karma etkisi<\/span><\/div>\n<\/div>\n<\/div>\n<\/div>\n<\/div>\n<\/div>\n<\/div>\n<\/div>\n<div class=\"text-content\">\n<div data-spm-anchor-id=\"a2700.wholesale.0.i64.1c986547E0aT7y\">\n<div>\n<div data-spm-anchor-id=\"a2700.wholesale.0.i67.1c986547E0aT7y\"><\/div>\n<div class=\"magic-17\" data-spm-anchor-id=\"a2700.wholesale.0.i67.1c986547E0aT7y\"><span style=\"color: #000000; font-family: helvetica, arial, sans-serif; font-size: 14pt;\">\u00d6nce ve sonra<\/span><\/div>\n<div data-spm-anchor-id=\"a2700.wholesale.0.i67.1c986547E0aT7y\"><img loading=\"lazy\" decoding=\"async\" class=\"aligncenter wp-image-3548\" src=\"https:\/\/www.mlkjlasers.com\/wp-content\/uploads\/2026\/01\/808V174K-\u5c4f\u8be6\u60c5\u98757.jpg\" alt=\"\" width=\"1920\" height=\"1695\" srcset=\"https:\/\/www.mlkjlasers.com\/wp-content\/uploads\/2026\/01\/808V174K-\u5c4f\u8be6\u60c5\u98757.jpg 750w, https:\/\/www.mlkjlasers.com\/wp-content\/uploads\/2026\/01\/808V174K-\u5c4f\u8be6\u60c5\u98757-300x265.jpg 300w, https:\/\/www.mlkjlasers.com\/wp-content\/uploads\/2026\/01\/808V174K-\u5c4f\u8be6\u60c5\u98757-600x530.jpg 600w\" sizes=\"(max-width: 1920px) 100vw, 1920px\" \/><\/div>\n<div data-spm-anchor-id=\"a2700.wholesale.0.i67.1c986547E0aT7y\"><\/div>\n<\/div>\n<\/div>\n<\/div>\n<\/div>\n<\/div>\n<\/div>\n<\/div>\n<div class=\"des_box1\">\n<p>&nbsp;<\/p>\n<p style=\"text-align: center;\"><span style=\"color: #000000; font-family: helvetica, arial, sans-serif; font-size: 14pt;\"><strong>Burun sa\u00e7 tedavisi ba\u015f\u0131 ile e\u015fle\u015ftirilebilir!<\/strong><\/span><br \/>\n<span style=\"color: #000000; font-family: helvetica, arial, sans-serif; font-size: 14pt;\">Parmaklar, kulaklar, burun k\u0131llar\u0131 vb. gibi k\u00fc\u00e7\u00fck par\u00e7alar\u0131n t\u00fcylenmesi i\u00e7in<\/span><\/p>\n<p>&nbsp;<\/p>\n<\/div>\n<p>&nbsp;<\/p>\n<p><span style=\"font-size: 14pt;\"><img loading=\"lazy\" decoding=\"async\" class=\"aligncenter wp-image-3546\" src=\"https:\/\/www.mlkjlasers.com\/wp-content\/uploads\/2026\/01\/808V174K-\u5c4f\u8be6\u60c5\u98755.jpg\" alt=\"\" width=\"1920\" height=\"1190\" srcset=\"https:\/\/www.mlkjlasers.com\/wp-content\/uploads\/2026\/01\/808V174K-\u5c4f\u8be6\u60c5\u98755.jpg 750w, https:\/\/www.mlkjlasers.com\/wp-content\/uploads\/2026\/01\/808V174K-\u5c4f\u8be6\u60c5\u98755-300x186.jpg 300w, https:\/\/www.mlkjlasers.com\/wp-content\/uploads\/2026\/01\/808V174K-\u5c4f\u8be6\u60c5\u98755-600x372.jpg 600w\" sizes=\"(max-width: 1920px) 100vw, 1920px\" \/><\/span><\/p>\n<div class=\"des_detail\">\n<div class=\"magic-17\">\n<div class=\"flex-layout-h magic-1\">\n<div class=\"magic-27\" style=\"text-align: left;\"><span style=\"font-family: helvetica, arial, sans-serif; font-size: 14pt; color: #000000;\"><strong>H\u0131zl\u0131 ve Verimli<\/strong><\/span><\/div>\n<div><\/div>\n<\/div>\n<div><span style=\"font-family: helvetica, arial, sans-serif; font-size: 14pt;\">Bu diyot lazer dalga boylar\u0131n\u0131n kombinasyonu, \u00e7e\u015fitli sa\u00e7 t\u00fcrleri ve cilt tonlar\u0131 boyunca sa\u00e7 \u00e7\u0131karma i\u00e7in kapsaml\u0131 ve etkili bir \u00e7\u00f6z\u00fcm sa\u011flar ve t\u00fcm hastalar i\u00e7in optimal sonu\u00e7lar ve g\u00fcvenlik sa\u011flar.<\/span><\/div>\n<div class=\"flex-layout-h magic-1\">\n<div><\/div>\n<div class=\"magic-27\" style=\"text-align: left;\"><span style=\"font-family: helvetica, arial, sans-serif; font-size: 14pt;\"><span style=\"color: #000000;\">Daha b\u00fcy\u00fck bir lazer kafas\u0131 tasar\u0131m\u0131yla, bu geli\u015fmi\u015f makineler daha fazla y\u00fczey alan\u0131n\u0131 kaplayabilir, <\/span><span style=\"color: #000000;\">sa\u00e7 \u00e7\u0131karma s\u00fcrecini geleneksel sistemlerden% 40'a kadar daha h\u0131zl\u0131 hale getirmek. <\/span><\/span><\/div>\n<div><\/div>\n<div class=\"magic-27\" style=\"text-align: left;\"><span style=\"font-family: helvetica, arial, sans-serif; color: #000000; font-size: 14pt;\">Bu zaman tasarrufu \u00f6zelli\u011fi hem m\u00fc\u015fterilere hem de uygulay\u0131c\u0131lara fayda sa\u011flar ve daha verimli bir programlama ve daha h\u0131zl\u0131 oturumlar sa\u011flar.<\/span><\/div>\n<\/div>\n<\/div>\n<\/div>\n<p>&nbsp;<\/p>\n<p>&nbsp;<\/p>\n<div class=\"des_detail\">\n<p><span style=\"font-family: helvetica, arial, sans-serif; color: #000000; font-size: 14pt;\">FDA, CE, ISO13485 ve her zaman ortaklar\u0131m\u0131za ve m\u00fc\u015fterilerimize daha g\u00fcvenilir \u00fcr\u00fcnler getirmek i\u00e7in yeni yenilik\u00e7i ilham ar\u0131yoruz.<\/span><\/p>\n<p><span style=\"font-size: 14pt; font-family: helvetica, arial, sans-serif; color: #0000ff;\"><a style=\"color: #0000ff;\" href=\"https:\/\/www.mlkjlasers.com\/tr\/contact-us\/\" target=\"_blank\" rel=\"noopener\">\u015eimdi bizimle ileti\u015fime ge\u00e7in!<\/a><\/span><\/p>\n<p>&nbsp;<\/p>\n<\/div>","protected":false},"excerpt":{"rendered":"<p><span class=\"src\" data-group=\"2-0\">K\u0131sa darbelerin y\u00fcksek bir tekrarlama h\u0131z\u0131 dermi\u015fin derinlerine ula\u015f\u0131l\u0131r, neredeyse hi\u00e7bir a\u011fr\u0131 olmadan y\u00fcksek ortalama g\u00fc\u00e7 ve terap\u00f6tik olarak etkili \u0131s\u0131 birikimi elde edilir. <\/span><\/p>\n<p><span class=\"src\" data-group=\"4-0\">ICE lazeri cilt y\u00fczeyini so\u011futar, a\u011fr\u0131s\u0131z epilasyon i\u00e7in y\u00fczeysel yan\u0131klar\u0131 \u00f6nler. <\/span><\/p>\n<p><span class=\"src\" data-group=\"4-0\">FDA, CE ve ISO taahh\u00fcd\u00fc. Kullan\u0131m\u0131 kolay, operasyon becerileri ve \u00f6\u011fretim hizmetleri sa\u011flar. \u00dccretsiz logo ve dil ekranda \u00f6zelle\u015ftirilebilir<\/span><\/p>","protected":false},"featured_media":3534,"comment_status":"open","ping_status":"closed","template":"","meta":[],"product_cat":[15],"product_tag":[],"class_list":["post-1855","product","type-product","status-publish","has-post-thumbnail","hentry","product_cat-diode-laser-hair-removal-machine"],"_links":{"self":[{"href":"https:\/\/www.mlkjlasers.com\/tr\/wp-json\/wp\/v2\/product\/1855","targetHints":{"allow":["GET"]}}],"collection":[{"href":"https:\/\/www.mlkjlasers.com\/tr\/wp-json\/wp\/v2\/product"}],"about":[{"href":"https:\/\/www.mlkjlasers.com\/tr\/wp-json\/wp\/v2\/types\/product"}],"replies":[{"embeddable":true,"href":"https:\/\/www.mlkjlasers.com\/tr\/wp-json\/wp\/v2\/comments?post=1855"}],"wp:featuredmedia":[{"embeddable":true,"href":"https:\/\/www.mlkjlasers.com\/tr\/wp-json\/wp\/v2\/media\/3534"}],"wp:attachment":[{"href":"https:\/\/www.mlkjlasers.com\/tr\/wp-json\/wp\/v2\/media?parent=1855"}],"wp:term":[{"taxonomy":"product_cat","embeddable":true,"href":"https:\/\/www.mlkjlasers.com\/tr\/wp-json\/wp\/v2\/product_cat?post=1855"},{"taxonomy":"product_tag","embeddable":true,"href":"https:\/\/www.mlkjlasers.com\/tr\/wp-json\/wp\/v2\/product_tag?post=1855"}],"curies":[{"name":"wp","href":"https:\/\/api.w.org\/{rel}","templated":true}]}}