{"id":1866,"date":"2023-07-22T11:59:32","date_gmt":"2023-07-22T03:59:32","guid":{"rendered":"https:\/\/mlkjlasers.com\/?post_type=product&#038;p=1866"},"modified":"2026-01-27T09:57:11","modified_gmt":"2026-01-27T01:57:11","slug":"nd-yag-laser-tattoo-removal-2","status":"publish","type":"product","link":"https:\/\/www.mlkjlasers.com\/tr\/product\/nd-yag-laser-tattoo-removal-2\/","title":{"rendered":"T\u0131bbi klinik 1064 532 755nm Q-switched nd yag lazer picosecond ta\u015f\u0131nabilir lazer d\u00f6vme kald\u0131rma makinesi"},"content":{"rendered":"<div class=\"se4_tit\" style=\"text-align: left;\">\n<div class=\"l right\">\n<p><img fetchpriority=\"high\" decoding=\"async\" class=\"aligncenter size-full wp-image-3641\" src=\"https:\/\/www.mlkjlasers.com\/wp-content\/uploads\/2026\/01\/\u5c0f\u76ae\u79d2\u8be6\u60c5\u9875\u5207\u56fe-4.jpg\" alt=\"\" width=\"1920\" height=\"1080\" srcset=\"https:\/\/www.mlkjlasers.com\/wp-content\/uploads\/2026\/01\/\u5c0f\u76ae\u79d2\u8be6\u60c5\u9875\u5207\u56fe-4.jpg 1920w, https:\/\/www.mlkjlasers.com\/wp-content\/uploads\/2026\/01\/\u5c0f\u76ae\u79d2\u8be6\u60c5\u9875\u5207\u56fe-4-300x169.jpg 300w, https:\/\/www.mlkjlasers.com\/wp-content\/uploads\/2026\/01\/\u5c0f\u76ae\u79d2\u8be6\u60c5\u9875\u5207\u56fe-4-1024x576.jpg 1024w, https:\/\/www.mlkjlasers.com\/wp-content\/uploads\/2026\/01\/\u5c0f\u76ae\u79d2\u8be6\u60c5\u9875\u5207\u56fe-4-768x432.jpg 768w, https:\/\/www.mlkjlasers.com\/wp-content\/uploads\/2026\/01\/\u5c0f\u76ae\u79d2\u8be6\u60c5\u9875\u5207\u56fe-4-1536x864.jpg 1536w, https:\/\/www.mlkjlasers.com\/wp-content\/uploads\/2026\/01\/\u5c0f\u76ae\u79d2\u8be6\u60c5\u9875\u5207\u56fe-4-600x338.jpg 600w\" sizes=\"(max-width: 1920px) 100vw, 1920px\" \/><\/p>\n<\/div>\n<\/div>\n<div class=\"des2\" style=\"text-align: left;\">\n<div class=\"des_box1\">\n<p><strong><span style=\"font-family: helvetica, arial, sans-serif; font-size: 14pt;\">6 tedavi kafas\u0131 ile pikosekoniye lazer ekipman\u0131: sabit 1064 &amp; amp; 532nm, 1320nm, 755nm ve ayarlanabilir 1064 &amp; amp; 532nm'de<\/span><\/strong><br \/>\n<span style=\"font-family: helvetica, arial, sans-serif; font-size: 14pt;\">* Ka\u015f, dudak \u00e7izgisi, kol ve v\u00fccudun di\u011fer k\u0131sm\u0131nda siyah, mavi, siyan renkli d\u00f6vmeyi \u00e7\u0131karmak i\u00e7in 1064nm.<\/span><br \/>\n<span style=\"font-family: helvetica, arial, sans-serif; font-size: 14pt;\">* 532nm ka\u015f, dudak \u00e7izgisi, kol ve v\u00fccudun di\u011fer k\u0131sm\u0131nda k\u0131rm\u0131z\u0131, kahve, kahverengi renk d\u00f6vme kald\u0131rmak i\u00e7in.<\/span><br \/>\n<span style=\"font-family: helvetica, arial, sans-serif; font-size: 14pt;\">* Ayarlanabilir 1064 &amp; amp; B\u00fcy\u00fck acre d\u00f6vme kald\u0131rma i\u00e7in 532nm.<\/span><br \/>\n<span style=\"font-family: helvetica, arial, sans-serif; font-size: 14pt;\">* Sar\u0131 cilt kald\u0131rma i\u00e7in 755nm.<\/span><br \/>\n<span style=\"font-family: helvetica, arial, sans-serif; font-size: 14pt;\">* Siyah bebek, cilt gen\u00e7le\u015ftirme ve beyazlatma i\u00e7in 1320nm.<\/span><\/p>\n<\/div>\n<p><span style=\"font-size: 14pt;\"><img decoding=\"async\" class=\"aligncenter size-full wp-image-3638\" src=\"https:\/\/www.mlkjlasers.com\/wp-content\/uploads\/2026\/01\/\u5c0f\u76ae\u79d2\u8be6\u60c5\u9875\u5207\u56fe-1.jpg\" alt=\"\" width=\"1920\" height=\"1080\" srcset=\"https:\/\/www.mlkjlasers.com\/wp-content\/uploads\/2026\/01\/\u5c0f\u76ae\u79d2\u8be6\u60c5\u9875\u5207\u56fe-1.jpg 1920w, https:\/\/www.mlkjlasers.com\/wp-content\/uploads\/2026\/01\/\u5c0f\u76ae\u79d2\u8be6\u60c5\u9875\u5207\u56fe-1-300x169.jpg 300w, https:\/\/www.mlkjlasers.com\/wp-content\/uploads\/2026\/01\/\u5c0f\u76ae\u79d2\u8be6\u60c5\u9875\u5207\u56fe-1-1024x576.jpg 1024w, https:\/\/www.mlkjlasers.com\/wp-content\/uploads\/2026\/01\/\u5c0f\u76ae\u79d2\u8be6\u60c5\u9875\u5207\u56fe-1-768x432.jpg 768w, https:\/\/www.mlkjlasers.com\/wp-content\/uploads\/2026\/01\/\u5c0f\u76ae\u79d2\u8be6\u60c5\u9875\u5207\u56fe-1-1536x864.jpg 1536w, https:\/\/www.mlkjlasers.com\/wp-content\/uploads\/2026\/01\/\u5c0f\u76ae\u79d2\u8be6\u60c5\u9875\u5207\u56fe-1-600x338.jpg 600w\" sizes=\"(max-width: 1920px) 100vw, 1920px\" \/><\/span><\/p>\n<\/div>\n<div class=\"des2\" style=\"text-align: left;\">\n<p><span style=\"font-family: helvetica, arial, sans-serif; font-size: 14pt;\"><strong>Teknik \u00d6zellikler Picosencond Lazer:<\/strong><\/span><\/p>\n<p><span style=\"font-family: helvetica, arial, sans-serif; font-size: 14pt;\">1) Cilt ve sa\u00e7 folik\u00fcl\u00fcne zarar vermez; yara izi riski yok.<\/span><br \/>\n<span style=\"font-family: helvetica, arial, sans-serif; font-size: 14pt;\">2) An\u0131nda patlama y\u00fcksek lazer teknolojisi, uluslararas\u0131 \u00fcretim standart\u0131, teknik test kesinlikle.<\/span><br \/>\n<span style=\"font-family: helvetica, arial, sans-serif; font-size: 14pt;\">3) A\u011fr\u0131s\u0131z tedavi, az yan etki.<\/span><br \/>\n<span style=\"font-family: helvetica, arial, sans-serif; font-size: 14pt;\">4) Picosecond lazer kristal ba\u011flama lazer \u00e7ubu\u011fu kullan\u0131n, uzun \u00f6m\u00fcrl\u00fc 1 milyondan fazla.<\/span><br \/>\n<span style=\"font-family: helvetica, arial, sans-serif; font-size: 14pt;\">5) 500W DZ g\u00fcc\u00fc, 2 kondansat\u00f6r, maksimum enerji 2000mj'ye ula\u015fabilir.<\/span><br \/>\n<span style=\"font-family: helvetica, arial, sans-serif; font-size: 14pt;\">6) Makine i\u00e7in 2 y\u0131l garanti, sap i\u00e7in 1 y\u0131l.<\/span><\/p>\n<p><span style=\"font-size: 14pt;\"><img decoding=\"async\" class=\"aligncenter size-full wp-image-3645\" src=\"https:\/\/www.mlkjlasers.com\/wp-content\/uploads\/2026\/01\/\u5c0f\u76ae\u79d2\u8be6\u60c5\u9875\u5207\u56fe-9.jpg\" alt=\"\" width=\"1920\" height=\"1080\" srcset=\"https:\/\/www.mlkjlasers.com\/wp-content\/uploads\/2026\/01\/\u5c0f\u76ae\u79d2\u8be6\u60c5\u9875\u5207\u56fe-9.jpg 1920w, https:\/\/www.mlkjlasers.com\/wp-content\/uploads\/2026\/01\/\u5c0f\u76ae\u79d2\u8be6\u60c5\u9875\u5207\u56fe-9-300x169.jpg 300w, https:\/\/www.mlkjlasers.com\/wp-content\/uploads\/2026\/01\/\u5c0f\u76ae\u79d2\u8be6\u60c5\u9875\u5207\u56fe-9-1024x576.jpg 1024w, https:\/\/www.mlkjlasers.com\/wp-content\/uploads\/2026\/01\/\u5c0f\u76ae\u79d2\u8be6\u60c5\u9875\u5207\u56fe-9-768x432.jpg 768w, https:\/\/www.mlkjlasers.com\/wp-content\/uploads\/2026\/01\/\u5c0f\u76ae\u79d2\u8be6\u60c5\u9875\u5207\u56fe-9-1536x864.jpg 1536w, https:\/\/www.mlkjlasers.com\/wp-content\/uploads\/2026\/01\/\u5c0f\u76ae\u79d2\u8be6\u60c5\u9875\u5207\u56fe-9-600x338.jpg 600w\" sizes=\"(max-width: 1920px) 100vw, 1920px\" \/><\/span><\/p>\n<p><span style=\"font-size: 14pt; font-family: helvetica, arial, sans-serif;\"><strong>Pikosekinde lazer uygulamas\u0131:<\/strong><\/span><\/p>\n<p><span style=\"font-family: helvetica, arial, sans-serif; font-size: 14pt;\">En yeni ta\u015f\u0131nabilir picosecond lazer, normal lazer kafalar\u0131n\u0131n yan\u0131 s\u0131ra, cildin daha derin katman\u0131n\u0131 alabilen ve her t\u00fcrl\u00fc \u00e7i\u00e7ek i\u00e7in \u00e7ok iyi bir etki yapabilen 755nm picosecond lazer kafalar\u0131 da ekler: kloasma, ya\u015f pigmenti vb.<\/span><\/p>\n<p><span style=\"font-family: helvetica, arial, sans-serif; font-size: 14pt;\">* 1064nm, 532nm kafas\u0131 d\u00f6vme kald\u0131rma, g\u00f6z \u00e7izgisi kald\u0131rma vb yapabilir.<\/span><br \/>\n<span style=\"font-family: helvetica, arial, sans-serif; font-size: 14pt;\">* 1320nm siyah bebek cilt beyazlatma yapabilir.<\/span><\/p>\n<div class=\"des_box1\">\n<p><span style=\"font-size: 14pt;\"><img loading=\"lazy\" decoding=\"async\" class=\"aligncenter wp-image-3642\" src=\"https:\/\/www.mlkjlasers.com\/wp-content\/uploads\/2026\/01\/\u5c0f\u76ae\u79d2\u8be6\u60c5\u9875\u5207\u56fe-5.jpg\" alt=\"\" width=\"1920\" height=\"1728\" srcset=\"https:\/\/www.mlkjlasers.com\/wp-content\/uploads\/2026\/01\/\u5c0f\u76ae\u79d2\u8be6\u60c5\u9875\u5207\u56fe-5.jpg 1200w, https:\/\/www.mlkjlasers.com\/wp-content\/uploads\/2026\/01\/\u5c0f\u76ae\u79d2\u8be6\u60c5\u9875\u5207\u56fe-5-300x270.jpg 300w, https:\/\/www.mlkjlasers.com\/wp-content\/uploads\/2026\/01\/\u5c0f\u76ae\u79d2\u8be6\u60c5\u9875\u5207\u56fe-5-1024x922.jpg 1024w, https:\/\/www.mlkjlasers.com\/wp-content\/uploads\/2026\/01\/\u5c0f\u76ae\u79d2\u8be6\u60c5\u9875\u5207\u56fe-5-768x691.jpg 768w, https:\/\/www.mlkjlasers.com\/wp-content\/uploads\/2026\/01\/\u5c0f\u76ae\u79d2\u8be6\u60c5\u9875\u5207\u56fe-5-600x540.jpg 600w\" sizes=\"(max-width: 1920px) 100vw, 1920px\" \/><\/span><\/p>\n<\/div>\n<\/div>\n<div class=\"des2\">\n<div class=\"des_box1\">\n<div class=\"des\">\n<h3 class=\"contents\" style=\"text-align: left;\"><span style=\"font-family: helvetica, arial, sans-serif; font-size: 14pt;\">\u00d6nce ve sonra<\/span><\/h3>\n<div style=\"text-align: left;\"><span style=\"font-family: helvetica, arial, sans-serif; font-size: 14pt;\"> <img loading=\"lazy\" decoding=\"async\" class=\"aligncenter size-full wp-image-3643\" src=\"https:\/\/www.mlkjlasers.com\/wp-content\/uploads\/2026\/01\/\u5c0f\u76ae\u79d2\u8be6\u60c5\u9875\u5207\u56fe-6.jpg\" alt=\"\" width=\"1700\" height=\"1000\" srcset=\"https:\/\/www.mlkjlasers.com\/wp-content\/uploads\/2026\/01\/\u5c0f\u76ae\u79d2\u8be6\u60c5\u9875\u5207\u56fe-6.jpg 1700w, https:\/\/www.mlkjlasers.com\/wp-content\/uploads\/2026\/01\/\u5c0f\u76ae\u79d2\u8be6\u60c5\u9875\u5207\u56fe-6-300x176.jpg 300w, https:\/\/www.mlkjlasers.com\/wp-content\/uploads\/2026\/01\/\u5c0f\u76ae\u79d2\u8be6\u60c5\u9875\u5207\u56fe-6-1024x602.jpg 1024w, https:\/\/www.mlkjlasers.com\/wp-content\/uploads\/2026\/01\/\u5c0f\u76ae\u79d2\u8be6\u60c5\u9875\u5207\u56fe-6-768x452.jpg 768w, https:\/\/www.mlkjlasers.com\/wp-content\/uploads\/2026\/01\/\u5c0f\u76ae\u79d2\u8be6\u60c5\u9875\u5207\u56fe-6-1536x904.jpg 1536w, https:\/\/www.mlkjlasers.com\/wp-content\/uploads\/2026\/01\/\u5c0f\u76ae\u79d2\u8be6\u60c5\u9875\u5207\u56fe-6-600x353.jpg 600w\" sizes=\"(max-width: 1700px) 100vw, 1700px\" \/><\/span><\/div>\n<div>\n<div style=\"text-align: left;\"><span style=\"font-family: helvetica, arial, sans-serif; font-size: 14pt;\"> <img loading=\"lazy\" decoding=\"async\" class=\"aligncenter size-full wp-image-3640\" src=\"https:\/\/www.mlkjlasers.com\/wp-content\/uploads\/2026\/01\/\u5c0f\u76ae\u79d2\u8be6\u60c5\u9875\u5207\u56fe-3.jpg\" alt=\"\" width=\"1920\" height=\"1516\" srcset=\"https:\/\/www.mlkjlasers.com\/wp-content\/uploads\/2026\/01\/\u5c0f\u76ae\u79d2\u8be6\u60c5\u9875\u5207\u56fe-3.jpg 1920w, https:\/\/www.mlkjlasers.com\/wp-content\/uploads\/2026\/01\/\u5c0f\u76ae\u79d2\u8be6\u60c5\u9875\u5207\u56fe-3-300x237.jpg 300w, https:\/\/www.mlkjlasers.com\/wp-content\/uploads\/2026\/01\/\u5c0f\u76ae\u79d2\u8be6\u60c5\u9875\u5207\u56fe-3-1024x809.jpg 1024w, https:\/\/www.mlkjlasers.com\/wp-content\/uploads\/2026\/01\/\u5c0f\u76ae\u79d2\u8be6\u60c5\u9875\u5207\u56fe-3-768x606.jpg 768w, https:\/\/www.mlkjlasers.com\/wp-content\/uploads\/2026\/01\/\u5c0f\u76ae\u79d2\u8be6\u60c5\u9875\u5207\u56fe-3-1536x1213.jpg 1536w, https:\/\/www.mlkjlasers.com\/wp-content\/uploads\/2026\/01\/\u5c0f\u76ae\u79d2\u8be6\u60c5\u9875\u5207\u56fe-3-600x474.jpg 600w\" sizes=\"(max-width: 1920px) 100vw, 1920px\" \/><\/span><\/div>\n<p style=\"text-align: left;\"><span style=\"font-family: helvetica, arial, sans-serif; font-size: 14pt;\"><strong>* Lekler, kahve lekeleri, fotoya\u015flanma lekeleri, sivilce izleri ve k\u0131r\u0131\u015f\u0131kl\u0131klar, k\u0131rm\u0131z\u0131 ve sar\u0131 d\u00f6vmeler gibi cilt lekelerini tedavi edin<\/strong><\/span><br \/>\n<span style=\"font-family: helvetica, arial, sans-serif; font-size: 14pt;\"><strong>* Kahverengi gibi dermal lekeleri tedavi edin<\/strong><\/span><br \/>\n<span style=\"font-family: helvetica, arial, sans-serif; font-size: 14pt;\"><strong>* Siyan nevus, Ota nevus, kloasma, pigmentasyon, ayr\u0131ca beyazlatma ve sar\u0131y\u0131 kald\u0131rmak i\u00e7in parlatma, siyah ve mavi d\u00f6vmeleri y\u0131kayabilir<\/strong><\/span><br \/>\n<span style=\"font-family: helvetica, arial, sans-serif; font-size: 14pt;\"><strong>* Akne \u00e7ukurlar\u0131n\u0131 tedavi edin, g\u00f6zenekleri k\u00fc\u00e7\u00fclt\u00fcn, cildi s\u0131k\u0131\u015ft\u0131r\u0131n ve cilt gen\u00e7le\u015ftirme etkisini elde edin.<\/strong><\/span><\/p>\n<div class=\"des\" style=\"text-align: left;\">\n<div class=\"des_item\">\n<table style=\"border-collapse: collapse; width: 100%; height: 120px;\">\n<tbody>\n<tr style=\"height: 24px;\">\n<td style=\"width: 50%; height: 24px;\"><span style=\"font-family: helvetica, arial, sans-serif; font-size: 14pt;\">Avantaj\u0131<\/span><\/td>\n<td style=\"width: 50%; height: 24px;\"><span style=\"font-family: helvetica, arial, sans-serif; font-size: 14pt;\">g\u00fcvenlik<\/span><\/td>\n<\/tr>\n<tr style=\"height: 24px;\">\n<td style=\"width: 50%; height: 24px;\"><span style=\"font-family: helvetica, arial, sans-serif; font-size: 14pt;\">H\u0131zl\u0131, A\u011fr\u0131s\u0131z<\/span><\/td>\n<td style=\"width: 50%; height: 24px;\"><span style=\"font-family: helvetica, arial, sans-serif; font-size: 14pt;\">D\u00fc\u015f\u00fck sistem g\u00fcr\u00fclt\u00fcs\u00fc<\/span><\/td>\n<\/tr>\n<tr style=\"height: 24px;\">\n<td style=\"width: 50%; height: 24px;\"><span style=\"font-family: helvetica, arial, sans-serif; font-size: 14pt;\">Lokal anesteziye ihtiyac\u0131 yok<\/span><\/td>\n<td style=\"width: 50%; height: 24px;\"><span style=\"font-family: helvetica, arial, sans-serif; font-size: 14pt;\">Haz\u0131rl\u0131k s\u00fcresini azalt\u0131n<\/span><\/td>\n<\/tr>\n<tr style=\"height: 24px;\">\n<td style=\"width: 50%; height: 24px;\"><span style=\"font-family: helvetica, arial, sans-serif; font-size: 14pt;\">Hasta taban\u0131n\u0131z\u0131 geni\u015fletin<\/span><\/td>\n<td style=\"width: 50%; height: 24px;\"><span style=\"font-family: helvetica, arial, sans-serif; font-size: 14pt;\">K\u00e2r\u0131n\u0131z\u0131 art\u0131r\u0131n<\/span><\/td>\n<\/tr>\n<tr style=\"height: 24px;\">\n<td style=\"width: 50%; height: 24px;\"><span style=\"font-family: helvetica, arial, sans-serif; font-size: 14pt;\">V\u00fccudun t\u00fcm par\u00e7alar\u0131n\u0131n tedavisi i\u00e7in uygundur<\/span><\/td>\n<td style=\"width: 50%; height: 24px;\"><\/td>\n<\/tr>\n<\/tbody>\n<\/table>\n<p><span style=\"font-size: 14pt;\"><img loading=\"lazy\" decoding=\"async\" class=\"aligncenter wp-image-3639\" src=\"https:\/\/www.mlkjlasers.com\/wp-content\/uploads\/2026\/01\/\u5c0f\u76ae\u79d2\u8be6\u60c5\u9875\u5207\u56fe-2.jpg\" alt=\"\" width=\"1920\" height=\"909\" srcset=\"https:\/\/www.mlkjlasers.com\/wp-content\/uploads\/2026\/01\/\u5c0f\u76ae\u79d2\u8be6\u60c5\u9875\u5207\u56fe-2.jpg 1200w, https:\/\/www.mlkjlasers.com\/wp-content\/uploads\/2026\/01\/\u5c0f\u76ae\u79d2\u8be6\u60c5\u9875\u5207\u56fe-2-300x142.jpg 300w, https:\/\/www.mlkjlasers.com\/wp-content\/uploads\/2026\/01\/\u5c0f\u76ae\u79d2\u8be6\u60c5\u9875\u5207\u56fe-2-1024x485.jpg 1024w, https:\/\/www.mlkjlasers.com\/wp-content\/uploads\/2026\/01\/\u5c0f\u76ae\u79d2\u8be6\u60c5\u9875\u5207\u56fe-2-768x364.jpg 768w, https:\/\/www.mlkjlasers.com\/wp-content\/uploads\/2026\/01\/\u5c0f\u76ae\u79d2\u8be6\u60c5\u9875\u5207\u56fe-2-600x284.jpg 600w\" sizes=\"(max-width: 1920px) 100vw, 1920px\" \/><\/span><\/p>\n<\/div>\n<\/div>\n<div class=\"des_detail\">\n<h3 style=\"text-align: left;\"><span style=\"font-family: helvetica, arial, sans-serif; font-size: 14pt;\">LED Dokunmatik Ekran Ak\u0131ll\u0131 Kontrol Sistemi<\/span><\/h3>\n<h4 style=\"text-align: left;\"><span style=\"font-family: helvetica, arial, sans-serif; font-size: 14pt;\">Profesyonel Ekran, kullan\u0131m\u0131 kolay<\/span><\/h4>\n<h4 style=\"text-align: left;\"><span style=\"font-family: helvetica, arial, sans-serif; font-size: 14pt;\">\u00bb \u0130ngilizce ve herhangi bir dil<\/span><\/h4>\n<h4 style=\"text-align: left;\"><span style=\"font-family: helvetica, arial, sans-serif; font-size: 14pt;\">\u00bb OEM avialalbe'dir<\/span><\/h4>\n<h4 style=\"text-align: left;\"><span style=\"font-family: helvetica, arial, sans-serif; font-size: 14pt;\">\u00dccretsiz logo \u00f6zelle\u015ftirilebilir<\/span><\/h4>\n<table class=\"alignleft\" style=\"border-collapse: collapse; width: 100%; height: 120px;\">\n<tbody>\n<tr style=\"height: 24px;\">\n<td style=\"width: 50%; height: 24px;\"><span style=\"font-family: helvetica, arial, sans-serif; font-size: 14pt;\"><b>Picosecond Lazer D\u00f6vme Kald\u0131rma<\/b><\/span><\/td>\n<td style=\"width: 50%; height: 24px;\"><span style=\"font-family: helvetica, arial, sans-serif; font-size: 14pt;\">Model numaras\u0131: Ta\u015f\u0131nabilir Picosecond<\/span><\/td>\n<\/tr>\n<tr style=\"height: 24px;\">\n<td style=\"width: 50%; height: 24px;\"><span style=\"font-family: helvetica, arial, sans-serif; font-size: 14pt;\">dalga boyu (\u0131\u015f\u0131k): 1064nm 532nm (nokta ayarlanabilir); 1064nm 532nm 1320nm 755nm (nokta ayarlanabilir de\u011fildir)\u00a0<\/span><\/td>\n<td style=\"width: 50%; height: 24px;\"><span style=\"font-family: helvetica, arial, sans-serif; font-size: 14pt;\">At\u0131\u015flar:1,500,000<\/span><\/td>\n<\/tr>\n<tr style=\"height: 24px;\">\n<td style=\"width: 50%; height: 24px;\"><span style=\"font-family: helvetica, arial, sans-serif; font-size: 14pt;\">Fonksiyon: d\u00f6vme kald\u0131rma, cilt beyazlatma, cilt gen\u00e7le\u015ftirme<\/span><\/td>\n<td style=\"width: 50%; height: 24px;\"><span style=\"font-family: helvetica, arial, sans-serif; font-size: 14pt;\">Ekran Boyutu: 8.4 LCD dokunmatik ekran<\/span><\/td>\n<\/tr>\n<tr style=\"height: 24px;\">\n<td style=\"width: 50%; height: 24px;\"><span style=\"font-family: helvetica, arial, sans-serif; font-size: 14pt;\">I\u015f\u0131k noktas\u0131: 1-7mm ayarlanabilir<\/span><\/td>\n<td style=\"width: 50%; height: 24px;\"><span style=\"font-family: helvetica, arial, sans-serif; font-size: 14pt;\">Frekans: 1-20Hz<\/span><\/td>\n<\/tr>\n<tr style=\"height: 24px;\">\n<td style=\"width: 50%; height: 24px;\"><span style=\"font-family: helvetica, arial, sans-serif; font-size: 14pt;\">Paket: Al\u00fcminyum kutu<\/span><\/td>\n<td style=\"width: 50%; height: 24px;\"><span style=\"font-family: helvetica, arial, sans-serif; font-size: 14pt;\">Garanti: 2 y\u0131l<\/span><\/td>\n<\/tr>\n<\/tbody>\n<\/table>\n<div class=\"se4_tit\" style=\"text-align: left;\">\n<div class=\"l right\">\n<p>&nbsp;<\/p>\n<\/div>\n<\/div>\n<p style=\"text-align: left;\">\n<\/div>\n<\/div>\n<\/div>\n<\/div>\n<\/div>","protected":false},"excerpt":{"rendered":"<p><span class=\"src\" data-group=\"0-0\">* Lekler, kahve lekeleri, fotoya\u015flanma lekeleri, sivilce izleri ve k\u0131r\u0131\u015f\u0131kl\u0131klar, k\u0131rm\u0131z\u0131 ve sar\u0131 d\u00f6vmeler gibi cilt lekelerini tedavi edin <\/span><\/p>\n<p><span class=\"src\" data-group=\"1-0\">* Kahverengi gibi dermal lekeleri tedavi edin <\/span><\/p>\n<p><span class=\"src\" data-group=\"2-0\">* Siyan nevus, Ota nevus, kloasma, pigmentasyon, ayr\u0131ca beyazlatma ve sar\u0131y\u0131 kald\u0131rmak i\u00e7in parlatma, siyah ve mavi d\u00f6vmeleri y\u0131kayabilir <\/span><\/p>\n<p><span class=\"src\" data-group=\"3-0\">* Akne \u00e7ukurlar\u0131n\u0131 tedavi edin, g\u00f6zenekleri k\u00fc\u00e7\u00fclt\u00fcn, cildi s\u0131k\u0131\u015ft\u0131r\u0131n ve cilt gen\u00e7le\u015ftirme etkisini elde edin.<\/span><\/p>","protected":false},"featured_media":3652,"comment_status":"open","ping_status":"closed","template":"","meta":[],"product_cat":[23],"product_tag":[],"class_list":["post-1866","product","type-product","status-publish","has-post-thumbnail","hentry","product_cat-picosecond-laser"],"_links":{"self":[{"href":"https:\/\/www.mlkjlasers.com\/tr\/wp-json\/wp\/v2\/product\/1866","targetHints":{"allow":["GET"]}}],"collection":[{"href":"https:\/\/www.mlkjlasers.com\/tr\/wp-json\/wp\/v2\/product"}],"about":[{"href":"https:\/\/www.mlkjlasers.com\/tr\/wp-json\/wp\/v2\/types\/product"}],"replies":[{"embeddable":true,"href":"https:\/\/www.mlkjlasers.com\/tr\/wp-json\/wp\/v2\/comments?post=1866"}],"wp:featuredmedia":[{"embeddable":true,"href":"https:\/\/www.mlkjlasers.com\/tr\/wp-json\/wp\/v2\/media\/3652"}],"wp:attachment":[{"href":"https:\/\/www.mlkjlasers.com\/tr\/wp-json\/wp\/v2\/media?parent=1866"}],"wp:term":[{"taxonomy":"product_cat","embeddable":true,"href":"https:\/\/www.mlkjlasers.com\/tr\/wp-json\/wp\/v2\/product_cat?post=1866"},{"taxonomy":"product_tag","embeddable":true,"href":"https:\/\/www.mlkjlasers.com\/tr\/wp-json\/wp\/v2\/product_tag?post=1866"}],"curies":[{"name":"wp","href":"https:\/\/api.w.org\/{rel}","templated":true}]}}