{"id":1916,"date":"2023-07-24T13:50:08","date_gmt":"2023-07-24T05:50:08","guid":{"rendered":"https:\/\/mlkjlasers.com\/?post_type=product&#038;p=1916"},"modified":"2026-01-30T09:14:23","modified_gmt":"2026-01-30T01:14:23","slug":"mlkj-medical-diode-laser-titanium-double-handle-hair-removal-machine-2-2-3","status":"publish","type":"product","link":"https:\/\/www.mlkjlasers.com\/tr\/product\/mlkj-medical-diode-laser-titanium-double-handle-hair-removal-machine-2-2-3\/","title":{"rendered":"Ta\u015f\u0131nabilir Lazer Makinesi 755 808nm 1064nm Diyot Lazer K\u0131ld\u0131rma Makinesi"},"content":{"rendered":"<div>\n<table style=\"border-collapse: collapse; width: 100%; height: 167px;\">\n<tbody>\n<tr style=\"height: 23px;\">\n<td style=\"width: 50%; height: 23px;\"><span style=\"font-family: helvetica, arial, sans-serif; color: #000000; font-size: 12pt;\"><b>Protable Diyot Lazer K\u0131ld\u0131rma<\/b><\/span><\/td>\n<td style=\"width: 50%; height: 23px;\"><span style=\"font-family: helvetica, arial, sans-serif; color: #000000; font-size: 12pt;\">Model numaras\u0131: Diyot Lazer D10<\/span><\/td>\n<\/tr>\n<tr style=\"height: 24px;\">\n<td style=\"width: 50%; height: 24px;\"><span style=\"font-family: helvetica, arial, sans-serif; color: #000000; font-size: 12pt;\">Dalga boyu: 808nm veya 755 808 1064nm<\/span><\/td>\n<td style=\"width: 50%; height: 24px;\"><span style=\"font-family: helvetica, arial, sans-serif; color: #000000; font-size: 12pt;\">Ekran Boyutu:14 in\u00e7 4K tarz\u0131 dokunmatik ekran<\/span><\/td>\n<\/tr>\n<tr style=\"height: 24px;\">\n<td style=\"width: 50%; height: 24px;\"><span style=\"font-family: helvetica, arial, sans-serif; color: #000000; font-size: 12pt;\">\u00d6mr\u00fc: 40 milyon at\u0131\u015f<\/span><\/td>\n<td style=\"width: 50%; height: 24px;\"><span style=\"font-family: helvetica, arial, sans-serif; color: #000000; font-size: 12pt;\">Darbe s\u00fcresi: 10-300ms<\/span><\/td>\n<\/tr>\n<tr style=\"height: 24px;\">\n<td style=\"width: 50%; height: 24px;\"><span style=\"font-family: helvetica, arial, sans-serif; color: #000000; font-size: 12pt;\">Lazer \u015ferit: her biri i\u00e7in 1200w, Amerika tutarl\u0131 lazer \u00e7ubu\u011fu<\/span><\/td>\n<td style=\"width: 50%; height: 24px;\"><span style=\"font-family: helvetica, arial, sans-serif; color: #000000; font-size: 12pt;\">Frekans: 1-10hz<\/span><\/td>\n<\/tr>\n<tr style=\"height: 24px;\">\n<td style=\"width: 50%; height: 24px;\"><span style=\"font-family: helvetica, arial, sans-serif; color: #000000; font-size: 12pt;\">Enerji: 1-150J<\/span><\/td>\n<td style=\"width: 50%; height: 24px;\"><span style=\"font-family: helvetica, arial, sans-serif; color: #000000; font-size: 12pt;\">So\u011futma sistemi: Kompres\u00f6r su devresi<\/span><\/td>\n<\/tr>\n<tr style=\"height: 24px;\">\n<td style=\"width: 50%; height: 24px;\"><span style=\"font-family: helvetica, arial, sans-serif; color: #000000; font-size: 12pt;\">Makinenin g\u00fcc\u00fc: 3500W<\/span><\/td>\n<td style=\"width: 50%; height: 24px;\"><span style=\"font-family: helvetica, arial, sans-serif; color: #000000; font-size: 12pt;\">Gerilim: AC110V 60HZ \/ AC220V 50HZ<\/span><\/td>\n<\/tr>\n<tr style=\"height: 24px;\">\n<td style=\"width: 50%; height: 24px;\"><span style=\"font-family: helvetica, arial, sans-serif; color: #000000; font-size: 12pt;\">Paket: Al\u00fcminyum kutu<\/span><\/td>\n<td style=\"width: 50%; height: 24px;\"><span style=\"font-family: helvetica, arial, sans-serif; color: #000000; font-size: 12pt;\">Tutuklama emri: \u00f6m\u00fcr boyu garanti<\/span><\/td>\n<\/tr>\n<\/tbody>\n<\/table>\n<\/div>\n<p><img fetchpriority=\"high\" decoding=\"async\" class=\"aligncenter size-full wp-image-3903\" src=\"https:\/\/www.mlkjlasers.com\/wp-content\/uploads\/2026\/01\/D10-\u8be6\u60c5\u9875\u53ef\u7f16\u8f91_01.jpg\" alt=\"\" width=\"2342\" height=\"1545\" srcset=\"https:\/\/www.mlkjlasers.com\/wp-content\/uploads\/2026\/01\/D10-\u8be6\u60c5\u9875\u53ef\u7f16\u8f91_01.jpg 2342w, https:\/\/www.mlkjlasers.com\/wp-content\/uploads\/2026\/01\/D10-\u8be6\u60c5\u9875\u53ef\u7f16\u8f91_01-300x198.jpg 300w, https:\/\/www.mlkjlasers.com\/wp-content\/uploads\/2026\/01\/D10-\u8be6\u60c5\u9875\u53ef\u7f16\u8f91_01-1024x676.jpg 1024w, https:\/\/www.mlkjlasers.com\/wp-content\/uploads\/2026\/01\/D10-\u8be6\u60c5\u9875\u53ef\u7f16\u8f91_01-768x507.jpg 768w, https:\/\/www.mlkjlasers.com\/wp-content\/uploads\/2026\/01\/D10-\u8be6\u60c5\u9875\u53ef\u7f16\u8f91_01-1536x1013.jpg 1536w, https:\/\/www.mlkjlasers.com\/wp-content\/uploads\/2026\/01\/D10-\u8be6\u60c5\u9875\u53ef\u7f16\u8f91_01-2048x1351.jpg 2048w, https:\/\/www.mlkjlasers.com\/wp-content\/uploads\/2026\/01\/D10-\u8be6\u60c5\u9875\u53ef\u7f16\u8f91_01-18x12.jpg 18w, https:\/\/www.mlkjlasers.com\/wp-content\/uploads\/2026\/01\/D10-\u8be6\u60c5\u9875\u53ef\u7f16\u8f91_01-600x396.jpg 600w\" sizes=\"(max-width: 2342px) 100vw, 2342px\" \/><\/p>\n<p style=\"text-align: left;\"><span style=\"font-family: helvetica, arial, sans-serif; color: #000000; font-size: 12pt;\"><span style=\"font-size: 14pt;\"><strong>MLKJ Lazer<\/strong><\/span>\u00a0D\u00fcnya&#8217; en geli\u015fmi\u015f ve a\u011fr\u0131s\u0131z kal\u0131c\u0131 epilasyon teknolojisi. Farkl\u0131 cilt t\u00fcrleri i\u00e7in sa\u00e7 rengi kald\u0131rma, farkl\u0131 kal\u0131nl\u0131ktaki sa\u00e7lar, farkl\u0131 renklerdeki sa\u00e7lar vb.; kol benzersiz lazer tasar\u0131m\u0131n\u0131 benimser, lazer kafas\u0131 daha b\u00fcy\u00fck, bu y\u00fczden daha fazla y\u00fczey, di\u011ferlerinden% 40 daha h\u0131zl\u0131 epilasyon kaplayabilir.<\/span><\/p>\n<p style=\"text-align: left;\"><span style=\"font-family: helvetica, arial, sans-serif; color: #000000; font-size: 12pt;\">4 dalga 755 808 940 1064nm, farkl\u0131 t\u00fcrl\u00fc epilasyon i\u00e7in geni\u015f bir uygulanabilirlik yelpazesine sahiptir, FDA, CE, ISO13485 sertifikalar\u0131m\u0131z var ve her zaman ortaklar\u0131m\u0131za ve m\u00fc\u015fterilerimize daha g\u00fcvenilir \u00fcr\u00fcnler getirmek i\u00e7in yeni yenilik\u00e7i ilham ar\u0131yoruz.<span style=\"color: #0000ff; font-size: 14pt;\"><strong><a style=\"color: #0000ff;\" href=\"https:\/\/www.mlkjlasers.com\/tr\/contact-us\/\" target=\"_blank\" rel=\"noopener\">\u015eimdi bizimle ileti\u015fime ge\u00e7in!<\/a><\/strong><\/span><\/span><\/p>\n<p>&nbsp;<\/p>\n<p><span style=\"font-family: helvetica, arial, sans-serif; color: #000000; font-size: 12pt;\">tan\u0131t\u0131m\u0131 ile <strong>755nm, 808nm, 1064nm<\/strong> sa\u00e7 \u00e7\u0131karma teknolojisi, lazer sa\u00e7 \u00e7\u0131karma end\u00fcstrisi devrimci de\u011fi\u015fikliklerden ge\u00e7ti<\/span><\/p>\n<p><span style=\"font-family: helvetica, arial, sans-serif; color: #000000; font-size: 12pt;\">Bu geli\u015fmi\u015f sistemler h\u0131z, verimlilik ve konforun yeni bir \u00e7a\u011f\u0131n\u0131 getiriyor ve m\u00fc\u015fteriler ve uygulay\u0131c\u0131lar i\u00e7in de sa\u00e7 \u00e7\u0131karma deneyimini yeniden tan\u0131mlamaktad\u0131r.<\/span><\/p>\n<div class=\"J_module\">\n<div class=\"flex-layout-h magic-1\"><span style=\"font-family: helvetica, arial, sans-serif; color: #000000; font-size: 12pt;\"><img decoding=\"async\" class=\"aligncenter wp-image-3910\" src=\"https:\/\/www.mlkjlasers.com\/wp-content\/uploads\/2026\/01\/D10-\u8be6\u60c5\u9875\u53ef\u7f16\u8f91_08.png\" alt=\"\" width=\"1920\" height=\"1124\" srcset=\"https:\/\/www.mlkjlasers.com\/wp-content\/uploads\/2026\/01\/D10-\u8be6\u60c5\u9875\u53ef\u7f16\u8f91_08.png 1170w, https:\/\/www.mlkjlasers.com\/wp-content\/uploads\/2026\/01\/D10-\u8be6\u60c5\u9875\u53ef\u7f16\u8f91_08-300x176.png 300w, https:\/\/www.mlkjlasers.com\/wp-content\/uploads\/2026\/01\/D10-\u8be6\u60c5\u9875\u53ef\u7f16\u8f91_08-1024x600.png 1024w, https:\/\/www.mlkjlasers.com\/wp-content\/uploads\/2026\/01\/D10-\u8be6\u60c5\u9875\u53ef\u7f16\u8f91_08-768x450.png 768w, https:\/\/www.mlkjlasers.com\/wp-content\/uploads\/2026\/01\/D10-\u8be6\u60c5\u9875\u53ef\u7f16\u8f91_08-18x12.png 18w, https:\/\/www.mlkjlasers.com\/wp-content\/uploads\/2026\/01\/D10-\u8be6\u60c5\u9875\u53ef\u7f16\u8f91_08-600x351.png 600w\" sizes=\"(max-width: 1920px) 100vw, 1920px\" \/><\/span><\/div>\n<div><\/div>\n<\/div>\n<div>\n<p><span style=\"font-family: helvetica, arial, sans-serif; color: #000000; font-size: 14pt;\"><strong>Tam sa\u00e7 \u00e7\u0131karma<\/strong><\/span><\/p>\n<p><span style=\"font-family: helvetica, arial, sans-serif; color: #000000; font-size: 12pt;\">Bu lazer sistemlerinin \u00e7ok y\u00f6nl\u00fcl\u00fc\u011f\u00fc ger\u00e7ekten ola\u011fan\u00fcst\u00fc. Nokta boyutu 12 * 20mm 12 * 35mm, v\u00fccudun t\u00fcm b\u00f6lgelerinde sa\u00e7 \u00e7\u0131karma i\u00e7in m\u00fckemmeldir<\/span><\/p>\n<p><span style=\"font-family: helvetica, arial, sans-serif; color: #000000; font-size: 12pt;\">\u0130ster b\u00fcy\u00fck bir b\u00f6lge olsun, ister k\u0131r\u0131lgan bir b\u00f6lge olsun, m\u00fc\u015fteriler art\u0131k 3-5 seansl\u0131 bir tedavi plan\u0131yla \u00f6m\u00fcr boyu bir epilasyon etkisi elde edebilir, bu da s\u00fcreci temelde kal\u0131c\u0131 hale getirir.<\/span><\/p>\n<\/div>\n<p><img decoding=\"async\" class=\"aligncenter wp-image-3905\" src=\"https:\/\/www.mlkjlasers.com\/wp-content\/uploads\/2026\/01\/D10-\u8be6\u60c5\u9875\u53ef\u7f16\u8f91_03.jpg\" alt=\"\" width=\"1920\" height=\"1701\" srcset=\"https:\/\/www.mlkjlasers.com\/wp-content\/uploads\/2026\/01\/D10-\u8be6\u60c5\u9875\u53ef\u7f16\u8f91_03.jpg 2342w, https:\/\/www.mlkjlasers.com\/wp-content\/uploads\/2026\/01\/D10-\u8be6\u60c5\u9875\u53ef\u7f16\u8f91_03-300x266.jpg 300w, https:\/\/www.mlkjlasers.com\/wp-content\/uploads\/2026\/01\/D10-\u8be6\u60c5\u9875\u53ef\u7f16\u8f91_03-1024x907.jpg 1024w, https:\/\/www.mlkjlasers.com\/wp-content\/uploads\/2026\/01\/D10-\u8be6\u60c5\u9875\u53ef\u7f16\u8f91_03-768x680.jpg 768w, https:\/\/www.mlkjlasers.com\/wp-content\/uploads\/2026\/01\/D10-\u8be6\u60c5\u9875\u53ef\u7f16\u8f91_03-1536x1361.jpg 1536w, https:\/\/www.mlkjlasers.com\/wp-content\/uploads\/2026\/01\/D10-\u8be6\u60c5\u9875\u53ef\u7f16\u8f91_03-2048x1815.jpg 2048w, https:\/\/www.mlkjlasers.com\/wp-content\/uploads\/2026\/01\/D10-\u8be6\u60c5\u9875\u53ef\u7f16\u8f91_03-14x12.jpg 14w, https:\/\/www.mlkjlasers.com\/wp-content\/uploads\/2026\/01\/D10-\u8be6\u60c5\u9875\u53ef\u7f16\u8f91_03-600x532.jpg 600w\" sizes=\"(max-width: 1920px) 100vw, 1920px\" \/><\/p>\n<p>&nbsp;<\/p>\n<p style=\"text-align: left;\"><span style=\"font-family: helvetica, arial, sans-serif; font-size: 14pt; color: #000000;\"><strong>G\u00fcvenlik ve etkinlik<\/strong><\/span><\/p>\n<p style=\"text-align: left;\"><span style=\"font-family: helvetica, arial, sans-serif; color: #000000; font-size: 12pt;\">* FDA CE TUV MDL T\u0131p Sertifikas\u0131 Onayland\u0131<\/span><br \/>\n<span style=\"font-family: helvetica, arial, sans-serif; color: #000000; font-size: 12pt;\">* D\u00f6rt dalga boyu 755nm 808nm 940nm 1064nm diyot lazer epilasyon teknolojileri tek sapta, t\u00fcm cilt ve sa\u00e7 renkleri i\u00e7in uygundur.<\/span><\/p>\n<p><span style=\"font-family: helvetica, arial, sans-serif; color: #000000; font-size: 12pt;\"><img loading=\"lazy\" decoding=\"async\" class=\"aligncenter size-full wp-image-3906\" src=\"https:\/\/www.mlkjlasers.com\/wp-content\/uploads\/2026\/01\/D10-\u8be6\u60c5\u9875\u53ef\u7f16\u8f91_04.jpg\" alt=\"\" width=\"2342\" height=\"1657\" srcset=\"https:\/\/www.mlkjlasers.com\/wp-content\/uploads\/2026\/01\/D10-\u8be6\u60c5\u9875\u53ef\u7f16\u8f91_04.jpg 2342w, https:\/\/www.mlkjlasers.com\/wp-content\/uploads\/2026\/01\/D10-\u8be6\u60c5\u9875\u53ef\u7f16\u8f91_04-300x212.jpg 300w, https:\/\/www.mlkjlasers.com\/wp-content\/uploads\/2026\/01\/D10-\u8be6\u60c5\u9875\u53ef\u7f16\u8f91_04-1024x724.jpg 1024w, https:\/\/www.mlkjlasers.com\/wp-content\/uploads\/2026\/01\/D10-\u8be6\u60c5\u9875\u53ef\u7f16\u8f91_04-768x543.jpg 768w, https:\/\/www.mlkjlasers.com\/wp-content\/uploads\/2026\/01\/D10-\u8be6\u60c5\u9875\u53ef\u7f16\u8f91_04-1536x1087.jpg 1536w, https:\/\/www.mlkjlasers.com\/wp-content\/uploads\/2026\/01\/D10-\u8be6\u60c5\u9875\u53ef\u7f16\u8f91_04-2048x1449.jpg 2048w, https:\/\/www.mlkjlasers.com\/wp-content\/uploads\/2026\/01\/D10-\u8be6\u60c5\u9875\u53ef\u7f16\u8f91_04-18x12.jpg 18w, https:\/\/www.mlkjlasers.com\/wp-content\/uploads\/2026\/01\/D10-\u8be6\u60c5\u9875\u53ef\u7f16\u8f91_04-600x425.jpg 600w\" sizes=\"(max-width: 2342px) 100vw, 2342px\" \/><\/span><\/p>\n<p><span style=\"font-family: helvetica, arial, sans-serif; color: #000000; font-size: 14pt;\"><strong>Buz so\u011futmas\u0131 a\u011fr\u0131y\u0131 azalt\u0131r<\/strong><\/span><\/p>\n<p><span style=\"font-family: helvetica, arial, sans-serif; color: #000000; font-size: 12pt;\">\u015eimdi y\u00fcksek g\u00fc\u00e7 ve k\u0131sa nabz\u0131 olan teknoloji, v\u00fccudun a\u011fr\u0131s\u0131n\u0131 hissetmeden \u00f6nce \u0131\u015f\u0131k at\u0131\u015f\u0131n\u0131n bitti\u011fini sa\u011flar. T\u00fcm s\u00fcre\u00e7 \u00e7ok rahat, ac\u0131 hissetmeyin. Genellikle 3-5 seans kal\u0131c\u0131 bir epilasyon elde edebilir. Hasta rahatl\u0131\u011f\u0131 cildi s\u00fcrekli so\u011futarak, a\u011fr\u0131 ve rahats\u0131zl\u0131k \u00f6nemli \u00f6l\u00e7\u00fcde azal\u0131r.<\/span><\/p>\n<p><img loading=\"lazy\" decoding=\"async\" class=\"aligncenter size-full wp-image-3908\" src=\"https:\/\/www.mlkjlasers.com\/wp-content\/uploads\/2026\/01\/D10-\u8be6\u60c5\u9875\u53ef\u7f16\u8f91_06.jpg\" alt=\"\" width=\"2342\" height=\"1923\" srcset=\"https:\/\/www.mlkjlasers.com\/wp-content\/uploads\/2026\/01\/D10-\u8be6\u60c5\u9875\u53ef\u7f16\u8f91_06.jpg 2342w, https:\/\/www.mlkjlasers.com\/wp-content\/uploads\/2026\/01\/D10-\u8be6\u60c5\u9875\u53ef\u7f16\u8f91_06-300x246.jpg 300w, https:\/\/www.mlkjlasers.com\/wp-content\/uploads\/2026\/01\/D10-\u8be6\u60c5\u9875\u53ef\u7f16\u8f91_06-1024x841.jpg 1024w, https:\/\/www.mlkjlasers.com\/wp-content\/uploads\/2026\/01\/D10-\u8be6\u60c5\u9875\u53ef\u7f16\u8f91_06-768x631.jpg 768w, https:\/\/www.mlkjlasers.com\/wp-content\/uploads\/2026\/01\/D10-\u8be6\u60c5\u9875\u53ef\u7f16\u8f91_06-1536x1261.jpg 1536w, https:\/\/www.mlkjlasers.com\/wp-content\/uploads\/2026\/01\/D10-\u8be6\u60c5\u9875\u53ef\u7f16\u8f91_06-2048x1682.jpg 2048w, https:\/\/www.mlkjlasers.com\/wp-content\/uploads\/2026\/01\/D10-\u8be6\u60c5\u9875\u53ef\u7f16\u8f91_06-15x12.jpg 15w, https:\/\/www.mlkjlasers.com\/wp-content\/uploads\/2026\/01\/D10-\u8be6\u60c5\u9875\u53ef\u7f16\u8f91_06-600x493.jpg 600w\" sizes=\"(max-width: 2342px) 100vw, 2342px\" \/><\/p>\n<p class=\"contents\" style=\"text-align: left;\"><span style=\"font-size: 18pt;\"><strong><span style=\"font-family: helvetica, arial, sans-serif; color: #000000;\">\u00d6nce ve sonra<\/span><\/strong><\/span><\/p>\n<p><span style=\"font-family: helvetica, arial, sans-serif; color: #000000; font-size: 12pt;\"> <img loading=\"lazy\" decoding=\"async\" class=\"aligncenter size-full wp-image-3909\" src=\"https:\/\/www.mlkjlasers.com\/wp-content\/uploads\/2026\/01\/D10-\u8be6\u60c5\u9875\u53ef\u7f16\u8f91_07.jpg\" alt=\"\" width=\"2342\" height=\"1322\" srcset=\"https:\/\/www.mlkjlasers.com\/wp-content\/uploads\/2026\/01\/D10-\u8be6\u60c5\u9875\u53ef\u7f16\u8f91_07.jpg 2342w, https:\/\/www.mlkjlasers.com\/wp-content\/uploads\/2026\/01\/D10-\u8be6\u60c5\u9875\u53ef\u7f16\u8f91_07-300x169.jpg 300w, https:\/\/www.mlkjlasers.com\/wp-content\/uploads\/2026\/01\/D10-\u8be6\u60c5\u9875\u53ef\u7f16\u8f91_07-1024x578.jpg 1024w, https:\/\/www.mlkjlasers.com\/wp-content\/uploads\/2026\/01\/D10-\u8be6\u60c5\u9875\u53ef\u7f16\u8f91_07-768x434.jpg 768w, https:\/\/www.mlkjlasers.com\/wp-content\/uploads\/2026\/01\/D10-\u8be6\u60c5\u9875\u53ef\u7f16\u8f91_07-1536x867.jpg 1536w, https:\/\/www.mlkjlasers.com\/wp-content\/uploads\/2026\/01\/D10-\u8be6\u60c5\u9875\u53ef\u7f16\u8f91_07-2048x1156.jpg 2048w, https:\/\/www.mlkjlasers.com\/wp-content\/uploads\/2026\/01\/D10-\u8be6\u60c5\u9875\u53ef\u7f16\u8f91_07-18x10.jpg 18w, https:\/\/www.mlkjlasers.com\/wp-content\/uploads\/2026\/01\/D10-\u8be6\u60c5\u9875\u53ef\u7f16\u8f91_07-600x339.jpg 600w\" sizes=\"(max-width: 2342px) 100vw, 2342px\" \/><\/span><\/p>\n<p><span style=\"font-family: helvetica, arial, sans-serif; font-size: 14pt; color: #000000;\"><strong>Ak\u0131ll\u0131 \u00e7al\u0131\u015fma ve \u00f6zelle\u015ftirme<\/strong><\/span><\/p>\n<p style=\"text-align: left;\"><span style=\"font-family: helvetica, arial, sans-serif; color: #000000; font-size: 12pt;\">12 in\u00e7lik 4K ekran, ak\u0131ll\u0131 dokunmatik deneyim<\/span><br \/>\n<span style=\"font-family: helvetica, arial, sans-serif; color: #000000; font-size: 12pt;\">* \u00d6zelle\u015ftirilebilir tedavi \u00f6nayarlar\u0131<\/span><br \/>\n<span style=\"font-family: helvetica, arial, sans-serif; color: #000000; font-size: 12pt;\">* Erkek ve kad\u0131n ile, se\u00e7mek i\u00e7in 6 cilt stili<\/span><br \/>\n<span style=\"font-family: helvetica, arial, sans-serif; color: #000000; font-size: 12pt;\">* Operasyon becerileri \/ \u00f6\u011fretim hizmetleri sa\u011flayan kullan\u0131m\u0131 kolay<\/span><br \/>\n<span style=\"font-family: helvetica, arial, sans-serif; color: #000000; font-size: 12pt;\">* \u00dccretsiz logo ve dil ekranda \u00f6zelle\u015ftirilebilir<\/span><\/p>\n<p><span style=\"font-family: helvetica, arial, sans-serif; color: #000000; font-size: 12pt;\"> <img loading=\"lazy\" decoding=\"async\" class=\"aligncenter wp-image-3907\" src=\"https:\/\/www.mlkjlasers.com\/wp-content\/uploads\/2026\/01\/D10-\u8be6\u60c5\u9875\u53ef\u7f16\u8f91_05.png\" alt=\"\" width=\"1920\" height=\"1808\" srcset=\"https:\/\/www.mlkjlasers.com\/wp-content\/uploads\/2026\/01\/D10-\u8be6\u60c5\u9875\u53ef\u7f16\u8f91_05.png 1170w, https:\/\/www.mlkjlasers.com\/wp-content\/uploads\/2026\/01\/D10-\u8be6\u60c5\u9875\u53ef\u7f16\u8f91_05-300x283.png 300w, https:\/\/www.mlkjlasers.com\/wp-content\/uploads\/2026\/01\/D10-\u8be6\u60c5\u9875\u53ef\u7f16\u8f91_05-1024x964.png 1024w, https:\/\/www.mlkjlasers.com\/wp-content\/uploads\/2026\/01\/D10-\u8be6\u60c5\u9875\u53ef\u7f16\u8f91_05-768x723.png 768w, https:\/\/www.mlkjlasers.com\/wp-content\/uploads\/2026\/01\/D10-\u8be6\u60c5\u9875\u53ef\u7f16\u8f91_05-13x12.png 13w, https:\/\/www.mlkjlasers.com\/wp-content\/uploads\/2026\/01\/D10-\u8be6\u60c5\u9875\u53ef\u7f16\u8f91_05-600x565.png 600w\" sizes=\"(max-width: 1920px) 100vw, 1920px\" \/><\/span><\/p>\n<p><img loading=\"lazy\" decoding=\"async\" class=\"aligncenter size-full wp-image-3904\" src=\"https:\/\/www.mlkjlasers.com\/wp-content\/uploads\/2026\/01\/D10-\u8be6\u60c5\u9875\u53ef\u7f16\u8f91_02.jpg\" alt=\"\" width=\"2342\" height=\"1392\" srcset=\"https:\/\/www.mlkjlasers.com\/wp-content\/uploads\/2026\/01\/D10-\u8be6\u60c5\u9875\u53ef\u7f16\u8f91_02.jpg 2342w, https:\/\/www.mlkjlasers.com\/wp-content\/uploads\/2026\/01\/D10-\u8be6\u60c5\u9875\u53ef\u7f16\u8f91_02-300x178.jpg 300w, https:\/\/www.mlkjlasers.com\/wp-content\/uploads\/2026\/01\/D10-\u8be6\u60c5\u9875\u53ef\u7f16\u8f91_02-1024x609.jpg 1024w, https:\/\/www.mlkjlasers.com\/wp-content\/uploads\/2026\/01\/D10-\u8be6\u60c5\u9875\u53ef\u7f16\u8f91_02-768x456.jpg 768w, https:\/\/www.mlkjlasers.com\/wp-content\/uploads\/2026\/01\/D10-\u8be6\u60c5\u9875\u53ef\u7f16\u8f91_02-1536x913.jpg 1536w, https:\/\/www.mlkjlasers.com\/wp-content\/uploads\/2026\/01\/D10-\u8be6\u60c5\u9875\u53ef\u7f16\u8f91_02-2048x1217.jpg 2048w, https:\/\/www.mlkjlasers.com\/wp-content\/uploads\/2026\/01\/D10-\u8be6\u60c5\u9875\u53ef\u7f16\u8f91_02-18x12.jpg 18w, https:\/\/www.mlkjlasers.com\/wp-content\/uploads\/2026\/01\/D10-\u8be6\u60c5\u9875\u53ef\u7f16\u8f91_02-600x357.jpg 600w\" sizes=\"(max-width: 2342px) 100vw, 2342px\" \/><\/p>\n<p><img loading=\"lazy\" decoding=\"async\" class=\"aligncenter size-full wp-image-3911\" src=\"https:\/\/www.mlkjlasers.com\/wp-content\/uploads\/2026\/01\/D10-\u8be6\u60c5\u9875\u53ef\u7f16\u8f91_09-scaled.jpg\" alt=\"\" width=\"2069\" height=\"2560\" srcset=\"https:\/\/www.mlkjlasers.com\/wp-content\/uploads\/2026\/01\/D10-\u8be6\u60c5\u9875\u53ef\u7f16\u8f91_09-scaled.jpg 2069w, https:\/\/www.mlkjlasers.com\/wp-content\/uploads\/2026\/01\/D10-\u8be6\u60c5\u9875\u53ef\u7f16\u8f91_09-242x300.jpg 242w, https:\/\/www.mlkjlasers.com\/wp-content\/uploads\/2026\/01\/D10-\u8be6\u60c5\u9875\u53ef\u7f16\u8f91_09-828x1024.jpg 828w, https:\/\/www.mlkjlasers.com\/wp-content\/uploads\/2026\/01\/D10-\u8be6\u60c5\u9875\u53ef\u7f16\u8f91_09-768x950.jpg 768w, https:\/\/www.mlkjlasers.com\/wp-content\/uploads\/2026\/01\/D10-\u8be6\u60c5\u9875\u53ef\u7f16\u8f91_09-1241x1536.jpg 1241w, https:\/\/www.mlkjlasers.com\/wp-content\/uploads\/2026\/01\/D10-\u8be6\u60c5\u9875\u53ef\u7f16\u8f91_09-1655x2048.jpg 1655w, https:\/\/www.mlkjlasers.com\/wp-content\/uploads\/2026\/01\/D10-\u8be6\u60c5\u9875\u53ef\u7f16\u8f91_09-10x12.jpg 10w, https:\/\/www.mlkjlasers.com\/wp-content\/uploads\/2026\/01\/D10-\u8be6\u60c5\u9875\u53ef\u7f16\u8f91_09-600x742.jpg 600w\" sizes=\"(max-width: 2069px) 100vw, 2069px\" \/><\/p>\n<div class=\"des_detail\">\n<p><span style=\"font-family: helvetica, arial, sans-serif; font-size: 12pt; color: #000000;\">Bizim var <strong>FDA'n\u0131n<\/strong> ve <strong>CE'nin<\/strong> profesyonel sertifikalar, yenilik ve istikrarl\u0131 marka hizmetlerini takip etmek ve ortaklar\u0131n ve m\u00fc\u015fterilerin g\u00fcvenilir ve en son teknoloji \u00fcr\u00fcnleri almas\u0131n\u0131 sa\u011flamak.<\/span><br \/>\n<span style=\"font-family: helvetica, arial, sans-serif; font-size: 12pt; color: #000000;\">Bu en son teknolojiyi deneyimlemek ve sa\u00e7 \u00e7\u0131karma gelece\u011fine ad\u0131m atmak i\u00e7in \u015fimdi bizimle ileti\u015fime ge\u00e7in!<\/span><\/p>\n<p><strong><span style=\"font-size: 14pt; font-family: helvetica, arial, sans-serif; color: #0000ff;\"><a style=\"color: #0000ff;\" href=\"https:\/\/www.mlkjlasers.com\/tr\/contact-us\/\" target=\"_blank\" rel=\"noopener\">\u015eimdi bizimle ileti\u015fime ge\u00e7in!<\/a><\/span><\/strong><\/p>\n<p>&nbsp;<\/p>\n<\/div>","protected":false},"excerpt":{"rendered":"<p><span style=\"font-family: helvetica, arial, sans-serif;\">15 y\u0131ll\u0131k lazer g\u00fczellik alet \u00fcreticisi<\/span><\/p>\n<p><span style=\"font-family: helvetica, arial, sans-serif;\">OEM \/ ODM \u00f6zelle\u015ftirme ve tedavi \u00e7\u00f6z\u00fcmleri<\/span><\/p>\n<p><span style=\"font-family: helvetica, arial, sans-serif;\">3-5 seans kal\u0131c\u0131 bir epilasyon elde edebilir<\/span><\/p>\n<p>FDA CE TUV MDL T\u0131p Sertifikas\u0131 Onayland\u0131<\/p>\n<p><a href=\"https:\/\/www.mlkjlasers.com\/tr\/contact-us\/\">\u015eimdi fiyatlar\u0131 isteyin!<\/a><\/p>","protected":false},"featured_media":3857,"comment_status":"open","ping_status":"closed","template":"","meta":[],"product_cat":[15],"product_tag":[],"class_list":["post-1916","product","type-product","status-publish","has-post-thumbnail","hentry","product_cat-diode-laser-hair-removal-machine"],"_links":{"self":[{"href":"https:\/\/www.mlkjlasers.com\/tr\/wp-json\/wp\/v2\/product\/1916","targetHints":{"allow":["GET"]}}],"collection":[{"href":"https:\/\/www.mlkjlasers.com\/tr\/wp-json\/wp\/v2\/product"}],"about":[{"href":"https:\/\/www.mlkjlasers.com\/tr\/wp-json\/wp\/v2\/types\/product"}],"replies":[{"embeddable":true,"href":"https:\/\/www.mlkjlasers.com\/tr\/wp-json\/wp\/v2\/comments?post=1916"}],"wp:featuredmedia":[{"embeddable":true,"href":"https:\/\/www.mlkjlasers.com\/tr\/wp-json\/wp\/v2\/media\/3857"}],"wp:attachment":[{"href":"https:\/\/www.mlkjlasers.com\/tr\/wp-json\/wp\/v2\/media?parent=1916"}],"wp:term":[{"taxonomy":"product_cat","embeddable":true,"href":"https:\/\/www.mlkjlasers.com\/tr\/wp-json\/wp\/v2\/product_cat?post=1916"},{"taxonomy":"product_tag","embeddable":true,"href":"https:\/\/www.mlkjlasers.com\/tr\/wp-json\/wp\/v2\/product_tag?post=1916"}],"curies":[{"name":"wp","href":"https:\/\/api.w.org\/{rel}","templated":true}]}}