{"id":2107,"date":"2023-07-27T15:21:47","date_gmt":"2023-07-27T07:21:47","guid":{"rendered":"https:\/\/mlkjlasers.com\/?post_type=product&#038;p=2107"},"modified":"2026-01-27T10:39:05","modified_gmt":"2026-01-27T02:39:05","slug":"vertical-co2-fractional-laser-2","status":"publish","type":"product","link":"https:\/\/www.mlkjlasers.com\/tr\/product\/vertical-co2-fractional-laser-2\/","title":{"rendered":"Ta\u015f\u0131nabilir 40W CO2 Fraksiyonel Lazer Izi Kald\u0131rma Vajinal S\u0131klama Fraksiyonel CO2 Lazer Makinesi"},"content":{"rendered":"<div class=\"J_module\">\n<div class=\"icbu-pc-images magic-0\">\n<div class=\"flex-layout-v\"><span style=\"font-size: 14pt;\"><img fetchpriority=\"high\" decoding=\"async\" class=\"aligncenter wp-image-3659\" src=\"https:\/\/www.mlkjlasers.com\/wp-content\/uploads\/2026\/01\/co2-4.jpg\" alt=\"\" width=\"1920\" height=\"3086\" srcset=\"https:\/\/www.mlkjlasers.com\/wp-content\/uploads\/2026\/01\/co2-4.jpg 1200w, https:\/\/www.mlkjlasers.com\/wp-content\/uploads\/2026\/01\/co2-4-187x300.jpg 187w, https:\/\/www.mlkjlasers.com\/wp-content\/uploads\/2026\/01\/co2-4-637x1024.jpg 637w, https:\/\/www.mlkjlasers.com\/wp-content\/uploads\/2026\/01\/co2-4-768x1235.jpg 768w, https:\/\/www.mlkjlasers.com\/wp-content\/uploads\/2026\/01\/co2-4-956x1536.jpg 956w, https:\/\/www.mlkjlasers.com\/wp-content\/uploads\/2026\/01\/co2-4-600x965.jpg 600w\" sizes=\"(max-width: 1920px) 100vw, 1920px\" \/><\/span><\/div>\n<\/div>\n<\/div>\n<div class=\"J_module\">\n<div class=\"detail-decorate-json-renderer-container\">\n<div data-spm-anchor-id=\"a2700.wholesale.0.i36.304df5d1W3QwJB\"><span style=\"font-size: 14pt;\"><b> Safet, Rahat, Durum Durumu G\u00fczellik Lazeri Yok<\/b> <\/span><\/div>\n<div data-spm-anchor-id=\"a2700.wholesale.0.i36.304df5d1W3QwJB\"><span style=\"font-size: 14pt;\">1. MLKJ CO2 k\u0131s\u0131ml\u0131 lazer g\u00fczellik makinesi ABD ithal tutarl\u0131 lazer, destek makinesi kullan\u0131n <span style=\"color: #c4433c;\"><b>uzun \u00f6m\u00fcrl\u00fc \u00e7al\u0131\u015fma<\/b><\/span>, sabit \u00e7\u0131k\u0131\u015f g\u00fcc\u00fc. <\/span><\/div>\n<div data-spm-anchor-id=\"a2700.wholesale.0.i36.304df5d1W3QwJB\"><span style=\"font-size: 14pt;\">2. Kore ithal eklemli \u0131\u015f\u0131k rehberlik kolu, neredeyse hi\u00e7bir enerji kayb\u0131, y\u00fcksek enerji transfer oran\u0131, <span style=\"color: #c4433c;\"><b>Uzun vadeli kullan\u0131mdan sonra, herhangi bir a\u00e7\u0131 7 eklemler, uygun ve esnek \u00e7al\u0131\u015fma<\/b>.<\/span><\/span><\/div>\n<div data-spm-anchor-id=\"a2700.wholesale.0.i36.304df5d1W3QwJB\"><span style=\"font-size: 14pt;\"> 3. \u00c7al\u0131\u015fma modu: k\u0131s\u0131ml\u0131, kesme, jinekoloji<b> <span style=\"color: #c4433c;\">3 i\u00e7inde 1 sistem<\/span><\/b>, cilt gen\u00e7le\u015ftirme, sivil\u00e7e, k\u0131r\u0131\u015f\u0131kl\u0131k kald\u0131rma, yara izi onar\u0131m\u0131, epidermis kesme, vajinal bak\u0131m, vajinal kas\u0131lma vb. gibi birden fazla fonksiyona izin verir. <\/span><\/div>\n<div data-spm-anchor-id=\"a2700.wholesale.0.i36.304df5d1W3QwJB\"><span style=\"font-size: 14pt;\">4. 70W profesyonel <span style=\"color: #c4433c;\"><b>t\u0131bbi lazer \u00e7ekirdek<\/b>.<\/span> Lazer kazal\u0131 hasar\u0131n\u0131 \u00f6nlemek i\u00e7in, i\u00e7 taraf\u0131, lazerin uzun \u00f6m\u00fcrl\u00fc \u00e7al\u0131\u015fmas\u0131n\u0131 destekleyen koruyucu cihazlarla donat\u0131lm\u0131\u015ft\u0131r.<\/span><\/div>\n<div data-spm-anchor-id=\"a2700.wholesale.0.i36.304df5d1W3QwJB\"><span style=\"font-size: 14pt;\"><img decoding=\"async\" class=\"aligncenter wp-image-3667\" src=\"https:\/\/www.mlkjlasers.com\/wp-content\/uploads\/2026\/01\/co2-12.jpg\" alt=\"\" width=\"1920\" height=\"1920\" srcset=\"https:\/\/www.mlkjlasers.com\/wp-content\/uploads\/2026\/01\/co2-12.jpg 1080w, https:\/\/www.mlkjlasers.com\/wp-content\/uploads\/2026\/01\/co2-12-300x300.jpg 300w, https:\/\/www.mlkjlasers.com\/wp-content\/uploads\/2026\/01\/co2-12-1024x1024.jpg 1024w, https:\/\/www.mlkjlasers.com\/wp-content\/uploads\/2026\/01\/co2-12-150x150.jpg 150w, https:\/\/www.mlkjlasers.com\/wp-content\/uploads\/2026\/01\/co2-12-768x768.jpg 768w, https:\/\/www.mlkjlasers.com\/wp-content\/uploads\/2026\/01\/co2-12-600x600.jpg 600w, https:\/\/www.mlkjlasers.com\/wp-content\/uploads\/2026\/01\/co2-12-100x100.jpg 100w\" sizes=\"(max-width: 1920px) 100vw, 1920px\" \/><\/span><\/div>\n<div data-spm-anchor-id=\"a2700.wholesale.0.i36.304df5d1W3QwJB\"><span style=\"font-size: 14pt;\"><b>Akne izleri kald\u0131rma<\/b><\/span><br \/>\n<span style=\"font-size: 14pt;\">Kolajen \u00fcretimini ve cilt yenilenmesini te\u015fvik ederek akne izlerini etkili bir \u015fekilde azalt\u0131r.<\/span><br \/>\n<span style=\"font-size: 14pt;\">K\u0131r\u0131\u015f\u0131kl\u0131k Azaltma ve Ya\u015flanmaya Kar\u015f\u0131<\/span><br \/>\n<span style=\"font-size: 14pt;\">Cildi s\u0131k\u0131\u015ft\u0131rarak ve yeni kolajen b\u00fcy\u00fcmesini te\u015fvik ederek ince \u00e7izgileri ve k\u0131r\u0131\u015f\u0131kl\u0131klar\u0131 en aza indirir.<\/span><br \/>\n<span style=\"font-size: 14pt;\"><b>Pigmentasyon Tedavisi<\/b><\/span><br \/>\n<span style=\"font-size: 14pt;\">Ya\u015f lekeleri, g\u00fcne\u015f lekeleri ve melasma gibi pigmenteli lezyonlar\u0131 hedef al\u0131r ve par\u00e7alar.<\/span><br \/>\n<span style=\"font-size: 14pt;\"><b>Stretch Mark Kald\u0131rma<\/b><\/span><br \/>\n<span style=\"font-size: 14pt;\">Derin doku onar\u0131m\u0131n\u0131 te\u015fvik ederek cilt esnekli\u011fini ve dokusunu iyile\u015ftirir, stre\u00e7 \u00e7izgilerini etkili bir \u015fekilde azalt\u0131r.<\/span><br \/>\n<span style=\"font-size: 14pt;\"><b>Cilt S\u0131k\u0131\u015ft\u0131rma ve Yeniden Y\u00fczey<\/b><\/span><br \/>\n<span style=\"font-size: 14pt;\">Hasarl\u0131 cilt katmanlar\u0131n\u0131 \u00e7\u0131kararak ve h\u00fccre yenilenmesini te\u015fvik ederek cilt sa\u011flaml\u0131\u011f\u0131n\u0131 ve p\u00fcr\u00fczs\u00fczl\u00fc\u011f\u00fcn\u00fc artt\u0131r\u0131r.<\/span><br \/>\n<span style=\"font-size: 14pt;\"><b>Yar izi ve Cerrahi \u0130\u015faret Tedavisi<\/b><\/span><br \/>\n<span style=\"font-size: 14pt;\">Cerrahi izlerin, yaralanma izlerinin ve keloidlerin hassas lazer ablasyonu ve iyile\u015fmesi yoluyla g\u00f6r\u00fcn\u00fcrl\u00fc\u011f\u00fcn\u00fc azalt\u0131r.<\/span><\/div>\n<div data-spm-anchor-id=\"a2700.wholesale.0.i36.304df5d1W3QwJB\"><span style=\"font-size: 14pt;\"><img decoding=\"async\" class=\"aligncenter wp-image-3669\" src=\"https:\/\/www.mlkjlasers.com\/wp-content\/uploads\/2026\/01\/co2-14.jpg\" alt=\"\" width=\"1920\" height=\"1451\" srcset=\"https:\/\/www.mlkjlasers.com\/wp-content\/uploads\/2026\/01\/co2-14.jpg 1200w, https:\/\/www.mlkjlasers.com\/wp-content\/uploads\/2026\/01\/co2-14-300x227.jpg 300w, https:\/\/www.mlkjlasers.com\/wp-content\/uploads\/2026\/01\/co2-14-1024x774.jpg 1024w, https:\/\/www.mlkjlasers.com\/wp-content\/uploads\/2026\/01\/co2-14-768x580.jpg 768w, https:\/\/www.mlkjlasers.com\/wp-content\/uploads\/2026\/01\/co2-14-600x454.jpg 600w\" sizes=\"(max-width: 1920px) 100vw, 1920px\" \/><\/span><\/div>\n<div data-spm-anchor-id=\"a2700.wholesale.0.i36.304df5d1W3QwJB\"><span style=\"font-size: 14pt;\"><b>Alt\u0131 kafa<\/b> 6 tedavi kafalar\u0131 sunuyoruz, <b><span style=\"color: #085275;\">Bir Alman ithal tarama kafas\u0131<\/span><\/b> <span style=\"color: #06515d;\"><b>\u0130ki kesme kafas\u0131 \u00dc\u00e7 \u00f6zel tedavi kafas\u0131<\/b><\/span><br \/>\nTarama kafas\u0131 hassas cilt, g\u00f6zeneklerin k\u00fc\u00e7\u00fclmesi, striae gravidarum ve kloasman\u0131n kald\u0131r\u0131lmas\u0131 i\u00e7in kullan\u0131l\u0131r<br \/>\nKesme kafas\u0131 sarkom \/ nev\u00fcs\u00fc kald\u0131rmak i\u00e7in kullan\u0131l\u0131r<br \/>\n\u00d6zel kafa vajina s\u0131k\u0131\u015ft\u0131rmak, hassas vulva, hassas vulva i\u00e7in kullan\u0131l\u0131r<\/span><\/div>\n<div data-spm-anchor-id=\"a2700.wholesale.0.i36.304df5d1W3QwJB\"><span style=\"font-size: 14pt;\"><img loading=\"lazy\" decoding=\"async\" class=\"aligncenter wp-image-3671\" src=\"https:\/\/www.mlkjlasers.com\/wp-content\/uploads\/2026\/01\/co2-16.jpg\" alt=\"\" width=\"1920\" height=\"1963\" srcset=\"https:\/\/www.mlkjlasers.com\/wp-content\/uploads\/2026\/01\/co2-16.jpg 1200w, https:\/\/www.mlkjlasers.com\/wp-content\/uploads\/2026\/01\/co2-16-293x300.jpg 293w, https:\/\/www.mlkjlasers.com\/wp-content\/uploads\/2026\/01\/co2-16-1001x1024.jpg 1001w, https:\/\/www.mlkjlasers.com\/wp-content\/uploads\/2026\/01\/co2-16-768x785.jpg 768w, https:\/\/www.mlkjlasers.com\/wp-content\/uploads\/2026\/01\/co2-16-600x614.jpg 600w\" sizes=\"(max-width: 1920px) 100vw, 1920px\" \/><\/span><\/div>\n<div data-spm-anchor-id=\"a2700.wholesale.0.i36.304df5d1W3QwJB\">\n<p><span style=\"font-size: 14pt;\"> MLKJ fraksiyonel lazer ithal \u00e7ekirdek bile\u015fenleri ve bireysel bir teknoloji \u00fczerinde daha fazlas\u0131n\u0131 kullan\u0131r, grafikler daha standartt\u0131r, noktalar daha k\u00fc\u00e7\u00fckt\u00fcr ve d\u00fczenleme daha e\u015fit, daha iyi klinik sonu\u00e7lar, her k\u00fc\u00e7\u00fck fraksiyonel s\u00fctun tipik olarak bir g\u00fcn i\u00e7inde yeniden epitelize olur. <\/span><\/p>\n<div><span style=\"font-size: 14pt;\"><b><span style=\"color: #c4433c;\">Bu, yara izi, enfeksiyon veya uzun vadeli pigmentasyon de\u011fi\u015fiklikleri riskini en aza indirir.<\/span><\/b><\/span><\/div>\n<div><span style=\"font-size: 14pt;\"><img loading=\"lazy\" decoding=\"async\" class=\"aligncenter wp-image-3673\" src=\"https:\/\/www.mlkjlasers.com\/wp-content\/uploads\/2026\/01\/co2-18.jpg\" alt=\"\" width=\"1920\" height=\"2203\" srcset=\"https:\/\/www.mlkjlasers.com\/wp-content\/uploads\/2026\/01\/co2-18.jpg 1200w, https:\/\/www.mlkjlasers.com\/wp-content\/uploads\/2026\/01\/co2-18-261x300.jpg 261w, https:\/\/www.mlkjlasers.com\/wp-content\/uploads\/2026\/01\/co2-18-892x1024.jpg 892w, https:\/\/www.mlkjlasers.com\/wp-content\/uploads\/2026\/01\/co2-18-768x881.jpg 768w, https:\/\/www.mlkjlasers.com\/wp-content\/uploads\/2026\/01\/co2-18-600x689.jpg 600w\" sizes=\"(max-width: 1920px) 100vw, 1920px\" \/><\/span><\/div>\n<div><span style=\"font-size: 14pt;\"><b>Y\u00fcksek Hassasiyetli Cilt Resurfacing <\/b><\/span><br \/>\n<span style=\"font-size: 14pt;\">Hasarl\u0131 cildi hedef almak i\u00e7in hassas lazer \u0131\u015f\u0131nlar\u0131 sa\u011flar, do\u011fal iyile\u015fmeyi ve kolajeni te\u015fvik eder<\/span><br \/>\n<span style=\"font-size: 14pt;\">regenerasyon.<\/span><br \/>\n<span style=\"font-size: 14pt;\"><b>\u00c7ok Fonksiyonlu Tedavi Modlar\u0131<\/b><\/span><br \/>\n<span style=\"font-size: 14pt;\">Ayarlanabilir enerji seviyeleri ve izler de dahil olmak \u00fczere \u00f6zelle\u015ftirilmi\u015f tedaviler i\u00e7in tarama desenleri,<\/span><br \/>\n<span style=\"font-size: 14pt;\">k\u0131r\u0131\u015f\u0131kl\u0131klar, pigmentasyon, uzun vadeli cilt gen\u00e7le\u015ftirmesi i\u00e7in kolajen \u00fcretimini uyar\u0131r, ince \u00e7izgileri, sivilce izlerini ve g\u00fcne\u015f hasar\u0131n\u0131 azalt\u0131r.<\/span><br \/>\n<span style=\"font-size: 14pt;\"><b>Yenilik\u00e7i So\u011futma Sistemi<\/b><\/span><br \/>\n<span style=\"font-size: 14pt;\">Tedavi s\u0131ras\u0131nda hasta rahatl\u0131\u011f\u0131n\u0131 sa\u011flarken cildi korur&#8217; Termal hasardan y\u00fczey.<\/span><br \/>\n<span style=\"font-size: 14pt;\"><b>Kullan\u0131c\u0131 Dostu Aray\u00fcz\u00fc<\/b><\/span><br \/>\n<span style=\"font-size: 14pt;\">Kolay kullan\u0131m i\u00e7in sezgisel dokunmatik ekran aray\u00fcz\u00fc, hem deneyimli profesyoneller hem de yeni ba\u015flayanlar i\u00e7in uygundur.<\/span><br \/>\n<span style=\"font-size: 14pt;\"><b>G\u00fcvenli ve Sertifikal\u0131<\/b><\/span><br \/>\n<span style=\"font-size: 14pt;\">CE onaylanm\u0131\u015f, t\u00fcm cilt tipleri i\u00e7in y\u00fcksek g\u00fcvenlik ve performans standartlar\u0131n\u0131 sa\u011flar.<\/span><\/div>\n<div><span style=\"font-size: 14pt;\"><img loading=\"lazy\" decoding=\"async\" class=\"aligncenter size-full wp-image-3674\" src=\"https:\/\/www.mlkjlasers.com\/wp-content\/uploads\/2026\/01\/co2-19.jpg\" alt=\"\" width=\"1920\" height=\"1080\" srcset=\"https:\/\/www.mlkjlasers.com\/wp-content\/uploads\/2026\/01\/co2-19.jpg 1920w, https:\/\/www.mlkjlasers.com\/wp-content\/uploads\/2026\/01\/co2-19-300x169.jpg 300w, https:\/\/www.mlkjlasers.com\/wp-content\/uploads\/2026\/01\/co2-19-1024x576.jpg 1024w, https:\/\/www.mlkjlasers.com\/wp-content\/uploads\/2026\/01\/co2-19-768x432.jpg 768w, https:\/\/www.mlkjlasers.com\/wp-content\/uploads\/2026\/01\/co2-19-1536x864.jpg 1536w, https:\/\/www.mlkjlasers.com\/wp-content\/uploads\/2026\/01\/co2-19-600x338.jpg 600w\" sizes=\"(max-width: 1920px) 100vw, 1920px\" \/><\/span><\/div>\n<div><span style=\"font-size: 14pt;\">Tedavi etkisi<\/span><\/div>\n<div><span style=\"font-size: 14pt;\"><img loading=\"lazy\" decoding=\"async\" class=\"aligncenter wp-image-3672\" src=\"https:\/\/www.mlkjlasers.com\/wp-content\/uploads\/2026\/01\/co2-17.jpg\" alt=\"\" width=\"1920\" height=\"1373\" srcset=\"https:\/\/www.mlkjlasers.com\/wp-content\/uploads\/2026\/01\/co2-17.jpg 1200w, https:\/\/www.mlkjlasers.com\/wp-content\/uploads\/2026\/01\/co2-17-300x215.jpg 300w, https:\/\/www.mlkjlasers.com\/wp-content\/uploads\/2026\/01\/co2-17-1024x732.jpg 1024w, https:\/\/www.mlkjlasers.com\/wp-content\/uploads\/2026\/01\/co2-17-768x549.jpg 768w, https:\/\/www.mlkjlasers.com\/wp-content\/uploads\/2026\/01\/co2-17-600x429.jpg 600w\" sizes=\"(max-width: 1920px) 100vw, 1920px\" \/><\/span><\/div>\n<div><span style=\"font-size: 14pt;\"> Bu makine hakk\u0131nda daha fazla bilgi i\u00e7in, l\u00fctfen bir soru\u015fturma g\u00f6nderin ve bizimle ileti\u015fime ge\u00e7in, <span style=\"color: #c4433c;\"><b>24 saat \u00e7evrimi\u00e7i hizmet.<\/b><\/span><\/span><\/div>\n<\/div>\n<div data-spm-anchor-id=\"a2700.wholesale.0.i36.304df5d1W3QwJB\"><\/div>\n<\/div>\n<\/div>","protected":false},"excerpt":{"rendered":"<p><span style=\"font-family: helvetica, arial, sans-serif;\">1) sivilce, sivilce izi, izi vb. Kald\u0131r\u0131n; <\/span><\/p>\n<p><span style=\"font-family: helvetica, arial, sans-serif;\">2) G\u00f6zlerin etraf\u0131nda k\u0131r\u0131\u015f\u0131kl\u0131k, karga&#8217; s-ayaklar ve su eksikli\u011finden olu\u015fan k\u0131r\u0131\u015f\u0131kl\u0131k; <\/span><\/p>\n<p><span style=\"font-family: helvetica, arial, sans-serif;\">3) Y\u00fcz, aln\u0131, eklemler ve striae gravidarum \u00fczerindeki k\u0131r\u0131\u015f\u0131kl\u0131klar\u0131 etkili bir \u015fekilde azalt\u0131n; <\/span><\/p>\n<p><span style=\"font-family: helvetica, arial, sans-serif;\">4) Hiperkromik patolojik de\u011fi\u015fikliklerden olu\u015fan \u00e7i\u00e7ek, nevus zygomaticus ve di\u011fer noktalar\u0131 da\u011f\u0131t\u0131n; <\/span><\/p>\n<p><span style=\"font-family: helvetica, arial, sans-serif;\">5) Cildi s\u0131k\u0131\u015ft\u0131r\u0131n ve y\u00fcz\u00fc kald\u0131r\u0131n; <\/span><\/p>\n<p><span style=\"font-family: helvetica, arial, sans-serif;\">6) Striae gravidarum ve di\u011fer derin izleri \u00e7\u0131kar\u0131n <\/span><\/p>\n<p><span style=\"font-family: helvetica, arial, sans-serif;\">7) sarkom kald\u0131r\u0131lmas\u0131<\/span><\/p>\n<p><span style=\"font-family: helvetica, arial, sans-serif;\">8) vajinal s\u0131kma fonksiyonu iste\u011fe ba\u011fl\u0131\u00a0<\/span><\/p>","protected":false},"featured_media":3656,"comment_status":"open","ping_status":"closed","template":"","meta":[],"product_cat":[22],"product_tag":[],"class_list":["post-2107","product","type-product","status-publish","has-post-thumbnail","hentry","product_cat-co2-laser"],"_links":{"self":[{"href":"https:\/\/www.mlkjlasers.com\/tr\/wp-json\/wp\/v2\/product\/2107","targetHints":{"allow":["GET"]}}],"collection":[{"href":"https:\/\/www.mlkjlasers.com\/tr\/wp-json\/wp\/v2\/product"}],"about":[{"href":"https:\/\/www.mlkjlasers.com\/tr\/wp-json\/wp\/v2\/types\/product"}],"replies":[{"embeddable":true,"href":"https:\/\/www.mlkjlasers.com\/tr\/wp-json\/wp\/v2\/comments?post=2107"}],"wp:featuredmedia":[{"embeddable":true,"href":"https:\/\/www.mlkjlasers.com\/tr\/wp-json\/wp\/v2\/media\/3656"}],"wp:attachment":[{"href":"https:\/\/www.mlkjlasers.com\/tr\/wp-json\/wp\/v2\/media?parent=2107"}],"wp:term":[{"taxonomy":"product_cat","embeddable":true,"href":"https:\/\/www.mlkjlasers.com\/tr\/wp-json\/wp\/v2\/product_cat?post=2107"},{"taxonomy":"product_tag","embeddable":true,"href":"https:\/\/www.mlkjlasers.com\/tr\/wp-json\/wp\/v2\/product_tag?post=2107"}],"curies":[{"name":"wp","href":"https:\/\/api.w.org\/{rel}","templated":true}]}}