{"id":213,"date":"2023-05-29T16:02:49","date_gmt":"2023-05-29T08:02:49","guid":{"rendered":"https:\/\/mingliang.leadsclouds.com\/?post_type=product&#038;p=213"},"modified":"2026-01-27T17:21:15","modified_gmt":"2026-01-27T09:21:15","slug":"picosecond-laser-tattoo-removal","status":"publish","type":"product","link":"https:\/\/www.mlkjlasers.com\/tr\/product\/picosecond-laser-tattoo-removal\/","title":{"rendered":"Sat\u0131l\u0131k Picosecond Lazer D\u00f6vme Kald\u0131rma Makinesi Cilt Gen\u00e7le\u015ftirme Cilt Beyazlatma"},"content":{"rendered":"<div class=\"J_module\">\n<div class=\"icbu-pc-images magic-0\">\n<div>\n<div class=\"flex-layout-v\">\n<div class=\"flex-layout-h magic-0\">\n<div class=\"magic-1\"><span style=\"color: #000000; font-family: helvetica, arial, sans-serif;\"><img fetchpriority=\"high\" decoding=\"async\" class=\"magic-2 alignleft\" src=\"https:\/\/sc04.alicdn.com\/kf\/H448461831b8043888bd9dc8d38436560Z\/201077653\/H448461831b8043888bd9dc8d38436560Z.jpg\" width=\"1566\" height=\"2138\" data-src=\"\/\/sc04.alicdn.com\/kf\/H448461831b8043888bd9dc8d38436560Z\/201077653\/H448461831b8043888bd9dc8d38436560Z.jpg\" data-spm-anchor-id=\"a2700.details.0.i54.22f824bdtzFEzh\" \/><\/span><\/div>\n<\/div>\n<\/div>\n<\/div>\n<\/div>\n<\/div>\n<div class=\"J_module\" style=\"text-align: left;\">\n<div class=\"detail-decorate-json-renderer-container\">\n<div class=\"magic-3\">\n<div class=\"magic-4\">\n<div class=\"magic-5\">\n<div class=\"magic-6\">\n<div><\/div>\n<div><\/div>\n<div><\/div>\n<div><\/div>\n<div><\/div>\n<div><\/div>\n<div><\/div>\n<div><\/div>\n<div><\/div>\n<div><\/div>\n<div><\/div>\n<div><\/div>\n<div><\/div>\n<div><\/div>\n<div><\/div>\n<div><\/div>\n<div><\/div>\n<div><\/div>\n<div><\/div>\n<div><\/div>\n<div><\/div>\n<div><\/div>\n<div><\/div>\n<div><\/div>\n<div><\/div>\n<div><\/div>\n<div><\/div>\n<div><\/div>\n<div><\/div>\n<div><\/div>\n<div><\/div>\n<div><\/div>\n<div><\/div>\n<div><\/div>\n<div><\/div>\n<div><\/div>\n<div><\/div>\n<div><\/div>\n<div><\/div>\n<div><\/div>\n<div><\/div>\n<div><\/div>\n<div><\/div>\n<div><\/div>\n<div><\/div>\n<div><\/div>\n<div><\/div>\n<div><\/div>\n<div><\/div>\n<div><\/div>\n<div><\/div>\n<div><\/div>\n<div><\/div>\n<div><\/div>\n<div><\/div>\n<div><\/div>\n<div><\/div>\n<div><\/div>\n<div><\/div>\n<div><\/div>\n<div><\/div>\n<div><\/div>\n<div><\/div>\n<div><\/div>\n<div><\/div>\n<div><\/div>\n<div><\/div>\n<div><\/div>\n<div><span class=\"magic-7\" style=\"color: #000000; font-family: helvetica, arial, sans-serif;\"><span class=\"magic-8\"><b class=\"magic-7\"><span class=\"magic-9\">Avantajlar\u0131: <\/span><\/b><\/span><\/span><\/div>\n<div><span class=\"magic-7\" style=\"color: #000000; font-family: helvetica, arial, sans-serif;\"><span class=\"magic-10\"> 1. ABD \/ G\u00fcney Kore ithal 7 ortak artculated kol <\/span><\/span><\/div>\n<div><span class=\"magic-7\" style=\"color: #000000; font-family: helvetica, arial, sans-serif;\"><span class=\"magic-10\">2.300ps \/ 500ps, en son teknoloji <\/span><\/span><\/div>\n<div><span class=\"magic-7\" style=\"color: #000000; font-family: helvetica, arial, sans-serif;\"><span class=\"magic-10\">3. \u00c7e\u015fitli dalga boylar\u0131: <\/span><\/span><\/div>\n<div><span class=\"magic-7\" style=\"color: #000000; font-family: helvetica, arial, sans-serif;\"><span class=\"magic-11\">1064nm i\u00e7in:<\/span><span class=\"magic-10\">Dermal pigment lezyonlar\u0131 ve koyu renkli d\u00f6vme kald\u0131rma <\/span><\/span><\/div>\n<div><span class=\"magic-7\" style=\"color: #000000; font-family: helvetica, arial, sans-serif;\"><span class=\"magic-11\">532nm'de: <\/span><span class=\"magic-10\">Epidermal pigment lezyonlar\u0131, k\u0131rm\u0131z\u0131, sar\u0131, kahve d\u00f6vme kald\u0131rma <\/span><span class=\"magic-11\">585nm:<\/span><span class=\"magic-10\">mavi ve mor d\u00f6vme kald\u0131rma <\/span><\/span><\/div>\n<div><span class=\"magic-7\" style=\"color: #000000; font-family: helvetica, arial, sans-serif;\"><span class=\"magic-11\">650nm:<\/span><span class=\"magic-10\">Ye\u015fil d\u00f6vme kald\u0131rma <\/span><span class=\"magic-11\">755nm'de:<\/span><span class=\"magic-10\">Epidermal pigment lezyonlar\u0131<\/span><\/span><\/div>\n<\/div>\n<\/div>\n<\/div>\n<\/div>\n<\/div>\n<\/div>\n<div class=\"J_module\" style=\"text-align: left;\">\n<div class=\"icbu-pc-images magic-0\">\n<div>\n<div class=\"flex-layout-v\">\n<div class=\"flex-layout-h magic-0\">\n<div class=\"magic-12\"><span style=\"color: #000000; font-family: helvetica, arial, sans-serif;\"><img decoding=\"async\" class=\"magic-13 alignnone\" src=\"https:\/\/sc04.alicdn.com\/kf\/Hf1f2296332834b64a491abd32b25e7870\/201077653\/Hf1f2296332834b64a491abd32b25e7870.jpg\" width=\"1563\" height=\"1517\" data-src=\"\/\/sc04.alicdn.com\/kf\/Hf1f2296332834b64a491abd32b25e7870\/201077653\/Hf1f2296332834b64a491abd32b25e7870.jpg\" \/><\/span><\/div>\n<\/div>\n<div><\/div>\n<div><b class=\"magic-8\" style=\"color: #000000; font-family: helvetica, arial, sans-serif;\">Pikosekinde lazer uygulamas\u0131:<\/b><\/div>\n<\/div>\n<\/div>\n<\/div>\n<\/div>\n<div class=\"J_module\" style=\"text-align: left;\">\n<div class=\"detail-decorate-json-renderer-container\">\n<div class=\"magic-3\">\n<div class=\"magic-4\">\n<div class=\"magic-5\">\n<div class=\"magic-6\">\n<div><\/div>\n<div><span class=\"magic-10\" style=\"color: #000000; font-family: helvetica, arial, sans-serif;\">A. Honeycomb ba\u015f\u0131. Y\u00fcksek zirve g\u00fcc\u00fc 800-1200mj Y\u00fcksek tek darbe enerjisi pigmentin ezilmesi i\u00e7in g\u00fc\u00e7l\u00fc bir yetenek anlam\u0131na gelir <\/span><\/div>\n<div><span class=\"magic-10\" style=\"color: #000000; font-family: helvetica, arial, sans-serif;\">B. \u00c7ok daha y\u00fcksek g\u00fc\u00e7 \u00c7ift \u0131\u015f\u0131klar \u00e7ift \u00e7ubuklar. <\/span><\/div>\n<div><span class=\"magic-10\" style=\"color: #000000; font-family: helvetica, arial, sans-serif;\">C. 1-10mm ayarlanabilir nokta boyutu. D. Enerji yo\u011funlu\u011fu otomatik olarak nokta boyutu ile ayarlan\u0131r<\/span><\/div>\n<\/div>\n<\/div>\n<\/div>\n<\/div>\n<\/div>\n<\/div>\n<div class=\"J_module\" style=\"text-align: left;\">\n<div class=\"icbu-pc-images magic-0\">\n<div>\n<div class=\"flex-layout-v\">\n<div class=\"flex-layout-h magic-0\">\n<div class=\"magic-14\"><\/div>\n<div class=\"magic-14\"><span style=\"color: #000000; font-family: helvetica, arial, sans-serif;\"><img decoding=\"async\" class=\"magic-15 alignnone\" src=\"https:\/\/sc04.alicdn.com\/kf\/H47025a57b98148c1ab2ed58306169bb81\/201077653\/H47025a57b98148c1ab2ed58306169bb81.jpg\" width=\"1681\" height=\"1699\" data-src=\"\/\/sc04.alicdn.com\/kf\/H47025a57b98148c1ab2ed58306169bb81\/201077653\/H47025a57b98148c1ab2ed58306169bb81.jpg\" \/><\/span><\/div>\n<\/div>\n<\/div>\n<div><\/div>\n<div><b class=\"magic-8\" style=\"color: #000000; font-family: helvetica, arial, sans-serif;\">Teknik \u00f6zellikler:<\/b><\/div>\n<\/div>\n<\/div>\n<\/div>\n<div class=\"J_module\" style=\"text-align: left;\">\n<div class=\"detail-decorate-json-renderer-container\">\n<div class=\"magic-3\">\n<div class=\"magic-4\">\n<div class=\"magic-5\">\n<div class=\"magic-6\">\n<div><span class=\"magic-10\" style=\"color: #000000; font-family: helvetica, arial, sans-serif;\">&gt;  &gt; Cilt ve sa\u00e7 folik\u00fcl\u00fcne zarar vermez; yara izi riski yok.<br \/>\n&gt;  &gt; An\u0131nda patlama y\u00fcksek lazer teknolojisi, uluslararas\u0131 \u00fcretim standart\u0131, teknik test kesinlikle.<br \/>\n&gt;  &gt; \u0130thal ta\u015f Q-anahtar kaset mekanizmas\u0131, Q-anahtar\u0131n\u0131 de\u011fi\u015ftirmeden t\u00fcm kat\u0131 lazer.<br \/>\n&gt;  &gt; A\u011fr\u0131s\u0131z tedavi, az yan etki.<br \/>\n&gt;  &gt; Kullan\u0131m\u0131 kolay.<\/span><\/div>\n<\/div>\n<\/div>\n<\/div>\n<\/div>\n<\/div>\n<\/div>\n<div class=\"J_module\" style=\"text-align: left;\">\n<div class=\"icbu-pc-images magic-0\">\n<div>\n<div class=\"flex-layout-v\">\n<div class=\"flex-layout-h magic-0\">\n<div class=\"magic-18\"><span style=\"color: #000000; font-family: helvetica, arial, sans-serif;\"><img loading=\"lazy\" decoding=\"async\" class=\"magic-19\" src=\"https:\/\/sc02.alicdn.com\/kf\/HTB1Us.RgiCYBuNkHFCcq6AHtVXaw\/201077653\/HTB1Us.RgiCYBuNkHFCcq6AHtVXaw.jpg\" width=\"1573\" height=\"971\" data-src=\"\/\/sc02.alicdn.com\/kf\/HTB1Us.RgiCYBuNkHFCcq6AHtVXaw\/201077653\/HTB1Us.RgiCYBuNkHFCcq6AHtVXaw.jpg\" \/><\/span><\/div>\n<\/div>\n<\/div>\n<\/div>\n<\/div>\n<\/div>\n<div class=\"J_module\" style=\"text-align: left;\">\n<div class=\"detail-decorate-json-renderer-container\">\n<div class=\"magic-3\">\n<div class=\"magic-4\">\n<div class=\"magic-5\">\n<div class=\"magic-6\">\n<p><span class=\"magic-10\" style=\"color: #000000; font-family: helvetica, arial, sans-serif;\"><b>Picosecond lazer kollar\u0131:<\/b><\/span><\/p>\n<div><span class=\"magic-10\" style=\"color: #000000; font-family: helvetica, arial, sans-serif;\">&gt;  &gt; 755nm: Pico ikinci lazer kafas\u0131, ya\u015f noktas\u0131 kald\u0131rma, leke kald\u0131rma, kloasma remvoal i\u00e7in.<br \/>\n&gt;  &gt; 1064nm ve amp; D\u00f6vme kald\u0131rma, ka\u015f bo\u015flu\u011fu vb i\u00e7in 532nm<br \/>\n&gt;  &gt; Daha hassas bir g\u00f6r\u00fcn\u00fcmle d\u00f6vme lazer kald\u0131rma makinesi i\u00e7in yeni marka rehber \u0131\u015f\u0131k kolu.<\/span><\/div>\n<\/div>\n<\/div>\n<\/div>\n<\/div>\n<\/div>\n<\/div>\n<div class=\"J_module\" style=\"text-align: left;\">\n<div class=\"icbu-pc-images magic-0\">\n<div>\n<div class=\"flex-layout-v\">\n<div class=\"flex-layout-h magic-0\">\n<div class=\"magic-20\"><span style=\"color: #000000; font-family: helvetica, arial, sans-serif;\"><img loading=\"lazy\" decoding=\"async\" class=\"magic-21\" src=\"https:\/\/sc04.alicdn.com\/kf\/H9af949599b4141ad9afc83c16c62d4efH\/201077653\/H9af949599b4141ad9afc83c16c62d4efH.jpg\" width=\"1561\" height=\"1080\" data-src=\"\/\/sc04.alicdn.com\/kf\/H9af949599b4141ad9afc83c16c62d4efH\/201077653\/H9af949599b4141ad9afc83c16c62d4efH.jpg\" \/><\/span><\/div>\n<\/div>\n<\/div>\n<\/div>\n<\/div>\n<\/div>\n<div class=\"J_module\" style=\"text-align: left;\">\n<div class=\"detail-decorate-json-renderer-container\">\n<div class=\"magic-3\">\n<div class=\"magic-4\">\n<div class=\"magic-5\">\n<div class=\"magic-6\"><span class=\"magic-10\" style=\"color: #000000; font-family: helvetica, arial, sans-serif;\"><span class=\"magic-8\"><b>Pico lazer makinesinin tedavi alan\u0131:<\/b><\/span> \u2022 T\u00fcm renkli d\u00f6vme, g\u00f6z \u00e7izgisi ve dudak \u00e7izgisi kald\u0131r\u0131lmas\u0131 \u2022 Epidermis ve dermis pigmenti \u2022 Ota'n\u0131n Evus, mavi naevus, siyah nevus, kahve noktas\u0131Senile plaklar, \u00e7i\u00e7ekler, g\u00fcne\u015f yan\u0131\u011f\u0131 noktas\u0131 ve kloasmaCilt beyazlatma ve k\u0131r\u0131\u015f\u0131kl\u0131k kald\u0131r\u0131lmas\u0131 vb.<\/span><\/div>\n<div>\n<div class=\"magic-6\" data-spm-anchor-id=\"a2700.details.0.i53.22f824bdtzFEzh\"><span class=\"magic-10\" style=\"color: #000000; font-family: helvetica, arial, sans-serif;\"><b class=\"magic-8\">Picosecond tedavi notlar\u0131:<\/b> <\/span><\/div>\n<div class=\"magic-6\" data-spm-anchor-id=\"a2700.details.0.i53.22f824bdtzFEzh\"><span class=\"magic-10\" style=\"color: #000000; font-family: helvetica, arial, sans-serif;\">1. Lekler ayr\u0131l\u0131rsa, ellerle tutmak ve do\u011fal olarak d\u00fc\u015fmelerine izin vermek kesinlikle yasakt\u0131r. <\/span><\/div>\n<div class=\"magic-6\" data-spm-anchor-id=\"a2700.details.0.i53.22f824bdtzFEzh\"><span class=\"magic-10\" style=\"color: #000000; font-family: helvetica, arial, sans-serif;\">2. Erken a\u015famada, s\u00fcrekli olarak 15 g\u00fcn t\u0131bbi onar\u0131m maskesi uygulamak gerekir. \u0130lk yedi g\u00fcn sabah ve ak\u015fam yay\u0131nlanacak. Bundan sonra her g\u00fcn bir etiket uygulay\u0131n. Her g\u00fcn uygulamas\u0131 \u00f6nerilir. <\/span><\/div>\n<div class=\"magic-6\" data-spm-anchor-id=\"a2700.details.0.i53.22f824bdtzFEzh\"><span class=\"magic-10\" style=\"color: #000000; font-family: helvetica, arial, sans-serif;\">3. Tamir serisi her \u00e7i\u00e7ek tedavisinden sonra kullan\u0131lmal\u0131d\u0131r. <\/span><\/div>\n<div class=\"magic-6\" data-spm-anchor-id=\"a2700.details.0.i53.22f824bdtzFEzh\"><span class=\"magic-10\" style=\"color: #000000; font-family: helvetica, arial, sans-serif;\">4. T\u00fcm tedavi d\u00f6nemi boyunca g\u00fcne\u015fe maruz kalma kesinlikle yasakt\u0131r. G\u00fcne\u015f kremi losyonu SPF30 veya PA kullan\u0131n. <\/span><\/div>\n<div class=\"magic-6\" data-spm-anchor-id=\"a2700.details.0.i53.22f824bdtzFEzh\"><span class=\"magic-10\" style=\"color: #000000; font-family: helvetica, arial, sans-serif;\">5. D\u00fcn gece tedavi sonras\u0131 \u00e7ok az m\u00fc\u015fteri pigment refl\u00fcksine sahip olabilir. \u00d6zel tedaviye ihtiya\u00e7 yoktur. G\u00fcne\u015f kremi ve nemlendirici yap\u0131l\u0131r ve pigment yava\u015f yava\u015f metabolize olur.<\/span><\/div>\n<\/div>\n<\/div>\n<\/div>\n<\/div>\n<\/div>\n<\/div>\n<div class=\"J_module\" style=\"text-align: left;\">\n<div class=\"icbu-pc-images magic-0\">\n<div>\n<div class=\"flex-layout-v\">\n<div class=\"flex-layout-h magic-0\">\n<div class=\"magic-22\"><span style=\"color: #000000; font-family: helvetica, arial, sans-serif;\"><img loading=\"lazy\" decoding=\"async\" class=\"magic-23\" src=\"https:\/\/sc04.alicdn.com\/kf\/HTB1BNxVJFXXXXXwXpXXq6xXFXXXt\/201077653\/HTB1BNxVJFXXXXXwXpXXq6xXFXXXt.jpg\" width=\"1568\" height=\"1272\" data-src=\"\/\/sc04.alicdn.com\/kf\/HTB1BNxVJFXXXXXwXpXXq6xXFXXXt\/201077653\/HTB1BNxVJFXXXXXwXpXXq6xXFXXXt.jpg\" \/><\/span><\/div>\n<\/div>\n<\/div>\n<\/div>\n<\/div>\n<\/div>\n<div class=\"J_module\" style=\"text-align: left;\">\n<div class=\"icbu-pc-images magic-0\">\n<div>\n<div class=\"flex-layout-v\">\n<div class=\"flex-layout-h magic-0\">\n<div class=\"magic-24\"><span style=\"color: #000000; font-family: helvetica, arial, sans-serif;\"><img loading=\"lazy\" decoding=\"async\" class=\"magic-25\" src=\"https:\/\/sc04.alicdn.com\/kf\/H7bf48451817146eb8859f68e5abcffd2p\/201077653\/H7bf48451817146eb8859f68e5abcffd2p.jpg\" width=\"1572\" height=\"957\" data-src=\"\/\/sc04.alicdn.com\/kf\/H7bf48451817146eb8859f68e5abcffd2p\/201077653\/H7bf48451817146eb8859f68e5abcffd2p.jpg\" \/><\/span><\/div>\n<\/div>\n<\/div>\n<\/div>\n<\/div>\n<\/div>\n<div class=\"J_module\" style=\"text-align: left;\">\n<div class=\"icbu-pc-images magic-0\">\n<div>\n<div class=\"flex-layout-v\">\n<div class=\"flex-layout-h magic-0\">\n<div class=\"magic-26\"><span style=\"color: #000000; font-family: helvetica, arial, sans-serif;\"><img loading=\"lazy\" decoding=\"async\" class=\"magic-27\" src=\"https:\/\/sc04.alicdn.com\/kf\/Hf05edce2867446ae9711364601b31739f\/201077653\/Hf05edce2867446ae9711364601b31739f.jpg\" width=\"1609\" height=\"1454\" data-src=\"\/\/sc04.alicdn.com\/kf\/Hf05edce2867446ae9711364601b31739f\/201077653\/Hf05edce2867446ae9711364601b31739f.jpg\" \/><\/span><\/div>\n<\/div>\n<\/div>\n<\/div>\n<\/div>\n<\/div>\n<div class=\"J_module\" style=\"text-align: left;\">\n<div class=\"ife-detail-decorate-table\">\n<table class=\"has-title is-zebra all magic-28\" style=\"width: 100.851%; height: 599px;\">\n<tbody>\n<tr>\n<td colspan=\"2\" rowspan=\"1\">\n<div class=\"magic-29\"><span style=\"color: #000000; font-family: helvetica, arial, sans-serif;\">Lazer:<\/span><\/div>\n<\/td>\n<td colspan=\"3\" rowspan=\"1\">\n<div class=\"magic-32\"><span style=\"color: #000000; font-family: helvetica, arial, sans-serif;\">Picolazer'\u0131n<\/span><\/div>\n<\/td>\n<\/tr>\n<tr>\n<td colspan=\"2\" rowspan=\"1\">\n<div class=\"magic-29\"><span style=\"color: #000000; font-family: helvetica, arial, sans-serif;\">\u00c7\u0131k\u0131\u015f modu:<\/span><\/div>\n<\/td>\n<td colspan=\"3\" rowspan=\"1\">\n<div class=\"magic-32\"><span style=\"color: #000000; font-family: helvetica, arial, sans-serif;\">Aktif Q<\/span><\/div>\n<\/td>\n<\/tr>\n<tr>\n<td colspan=\"2\" rowspan=\"1\">\n<div class=\"magic-29\"><span style=\"color: #000000; font-family: helvetica, arial, sans-serif;\">Lazer kristal \u00e7ubu\u011fu:<\/span><\/div>\n<\/td>\n<td colspan=\"3\" rowspan=\"1\">\n<div class=\"magic-32\"><span style=\"color: #000000; font-family: helvetica, arial, sans-serif;\">\u00c7ift lamba \u00e7ift \u00e7ubuk<\/span><\/div>\n<\/td>\n<\/tr>\n<tr>\n<td colspan=\"2\" rowspan=\"1\">\n<div class=\"magic-29\"><span style=\"color: #000000; font-family: helvetica, arial, sans-serif;\">Dalga boyu:<\/span><\/div>\n<\/td>\n<td colspan=\"3\" rowspan=\"1\">\n<div class=\"magic-32\"><span style=\"color: #000000; font-family: helvetica, arial, sans-serif;\">dalga boyu 1064nm &amp; 532nm ve amp; 755nm'de<\/span><\/div>\n<\/td>\n<\/tr>\n<tr>\n<td colspan=\"2\" rowspan=\"1\">\n<div class=\"magic-29\"><span style=\"color: #000000; font-family: helvetica, arial, sans-serif;\">Alet ekran\u0131:<\/span><\/div>\n<\/td>\n<td colspan=\"3\" rowspan=\"1\">\n<div class=\"magic-32\"><span style=\"color: #000000; font-family: helvetica, arial, sans-serif;\">12 in\u00e7 renkli dokunmatik ekran<\/span><\/div>\n<\/td>\n<\/tr>\n<tr>\n<td colspan=\"2\" rowspan=\"1\">\n<div class=\"magic-29\"><span style=\"color: #000000; font-family: helvetica, arial, sans-serif;\">Darbe geni\u015fli\u011fi:<\/span><\/div>\n<\/td>\n<td colspan=\"3\" rowspan=\"1\">\n<div class=\"magic-32\"><span style=\"color: #000000; font-family: helvetica, arial, sans-serif;\">300ps-2ns<\/span><\/div>\n<\/td>\n<\/tr>\n<tr>\n<td colspan=\"2\" rowspan=\"1\">\n<div class=\"magic-29\"><span style=\"color: #000000; font-family: helvetica, arial, sans-serif;\">Nokta boyutu:<\/span><\/div>\n<\/td>\n<td colspan=\"3\" rowspan=\"1\">\n<div class=\"magic-32\"><span style=\"color: #000000; font-family: helvetica, arial, sans-serif;\">1-10 mm aras\u0131nda<\/span><\/div>\n<\/td>\n<\/tr>\n<tr>\n<td colspan=\"2\" rowspan=\"1\">\n<div class=\"magic-29\"><span style=\"color: #000000; font-family: helvetica, arial, sans-serif;\">Enerji:<\/span><\/div>\n<\/td>\n<td colspan=\"3\" rowspan=\"1\">\n<div class=\"magic-32\"><span style=\"color: #000000; font-family: helvetica, arial, sans-serif;\">10-2000MJ<\/span><\/div>\n<\/td>\n<\/tr>\n<tr>\n<td colspan=\"2\" rowspan=\"1\">\n<div class=\"magic-29\"><span style=\"color: #000000; font-family: helvetica, arial, sans-serif;\">S\u0131kl\u0131k:<\/span><\/div>\n<\/td>\n<td colspan=\"3\" rowspan=\"1\">\n<div class=\"magic-32\"><span style=\"color: #000000; font-family: helvetica, arial, sans-serif;\">1-10Hz (ayarlanabilir)<\/span><\/div>\n<\/td>\n<\/tr>\n<tr>\n<td colspan=\"2\" rowspan=\"1\">\n<div class=\"magic-29\"><span style=\"color: #000000; font-family: helvetica, arial, sans-serif;\">Net a\u011f\u0131rl\u0131k:<\/span><\/div>\n<\/td>\n<td colspan=\"3\" rowspan=\"1\">\n<div class=\"magic-32\"><span style=\"color: #000000; font-family: helvetica, arial, sans-serif;\">105kg'l\u0131k<\/span><\/div>\n<\/td>\n<\/tr>\n<tr>\n<td colspan=\"2\" rowspan=\"1\">\n<div class=\"magic-29\"><span style=\"color: #000000; font-family: helvetica, arial, sans-serif;\">Gerilim:<\/span><\/div>\n<\/td>\n<td colspan=\"3\" rowspan=\"1\">\n<div class=\"magic-32\"><span style=\"color: #000000; font-family: helvetica, arial, sans-serif;\">220V \/ 110V \/ 15A 50Hz (60Hz)<\/span><\/div>\n<\/td>\n<\/tr>\n<tr>\n<td colspan=\"2\" rowspan=\"1\">\n<div class=\"magic-29\"><span style=\"color: #000000; font-family: helvetica, arial, sans-serif;\">So\u011futma sistemi:<\/span><\/div>\n<\/td>\n<td colspan=\"3\" rowspan=\"1\">\n<div class=\"magic-32\"><span style=\"color: #000000; font-family: helvetica, arial, sans-serif;\">R\u00fczgar suyu yar\u0131 iletken so\u011futma<\/span><\/div>\n<\/td>\n<\/tr>\n<tr>\n<td colspan=\"2\" rowspan=\"1\">\n<div class=\"magic-29\"><span style=\"color: #000000; font-family: helvetica, arial, sans-serif;\">S\u00fcrekli \u00e7al\u0131\u015fma s\u00fcresi:<\/span><\/div>\n<\/td>\n<td colspan=\"3\" rowspan=\"1\">\n<div class=\"magic-32\"><span style=\"color: #000000; font-family: helvetica, arial, sans-serif;\">24 saat<\/span><\/div>\n<\/td>\n<\/tr>\n<\/tbody>\n<\/table>\n<\/div>\n<\/div>\n<div class=\"J_module\">\n<div class=\"detail-decorate-json-renderer-container\">\n<div class=\"magic-3\">\n<div class=\"magic-4\">\n<div class=\"magic-5\">\n<div class=\"magic-6\" style=\"text-align: left;\" data-spm-anchor-id=\"a2700.details.0.i53.22f824bdtzFEzh\"><\/div>\n<\/div>\n<\/div>\n<\/div>\n<\/div>\n<\/div>","protected":false},"excerpt":{"rendered":"<p>Penetrasyonun derinli\u011fini sadece birka\u00e7 mikrometre derinlikte (sadece birka\u00e7 ka\u011f\u0131t kadar derinlikte) k\u00fc\u00e7\u00fck termal kanallarla \u00e7ok daha derine kadar kontrol edebiliriz.<\/p>\n<p>Tamamen g\u00fcvenli ve d\u00fcnyadaki y\u00fczlerce kad\u0131n taraf\u0131ndan test edilmi\u015ftir; ideal dalga boyu derin doku veya organ taraf\u0131ndan herhangi bir termal hasar \u00f6nlemek i\u00e7in mukoza zar\u0131 mikronu taraf\u0131ndan emilir.<\/p>\n<p>A\u011fr\u0131s\u0131z tedavi, Hastalar sadece i\u00e7lerinde s\u0131cak \/ s\u0131cak hissedebilir, herhangi bir a\u011fr\u0131 hissedemezler<\/p>","protected":false},"featured_media":221,"comment_status":"open","ping_status":"closed","template":"","meta":[],"product_cat":[23],"product_tag":[],"class_list":["post-213","product","type-product","status-publish","has-post-thumbnail","hentry","product_cat-picosecond-laser"],"_links":{"self":[{"href":"https:\/\/www.mlkjlasers.com\/tr\/wp-json\/wp\/v2\/product\/213","targetHints":{"allow":["GET"]}}],"collection":[{"href":"https:\/\/www.mlkjlasers.com\/tr\/wp-json\/wp\/v2\/product"}],"about":[{"href":"https:\/\/www.mlkjlasers.com\/tr\/wp-json\/wp\/v2\/types\/product"}],"replies":[{"embeddable":true,"href":"https:\/\/www.mlkjlasers.com\/tr\/wp-json\/wp\/v2\/comments?post=213"}],"wp:featuredmedia":[{"embeddable":true,"href":"https:\/\/www.mlkjlasers.com\/tr\/wp-json\/wp\/v2\/media\/221"}],"wp:attachment":[{"href":"https:\/\/www.mlkjlasers.com\/tr\/wp-json\/wp\/v2\/media?parent=213"}],"wp:term":[{"taxonomy":"product_cat","embeddable":true,"href":"https:\/\/www.mlkjlasers.com\/tr\/wp-json\/wp\/v2\/product_cat?post=213"},{"taxonomy":"product_tag","embeddable":true,"href":"https:\/\/www.mlkjlasers.com\/tr\/wp-json\/wp\/v2\/product_tag?post=213"}],"curies":[{"name":"wp","href":"https:\/\/api.w.org\/{rel}","templated":true}]}}