{"id":2351,"date":"2023-08-28T13:49:00","date_gmt":"2023-08-28T05:49:00","guid":{"rendered":"https:\/\/mlkjlasers.com\/?post_type=product&#038;p=2351"},"modified":"2026-01-27T16:31:00","modified_gmt":"2026-01-27T08:31:00","slug":"q-switched-nd-yag-picosecond-laser-tattoo-removal-machine","status":"publish","type":"product","link":"https:\/\/www.mlkjlasers.com\/tr\/product\/q-switched-nd-yag-picosecond-laser-tattoo-removal-machine\/","title":{"rendered":"G\u00fczellik Saon Kullan\u0131m\u0131 i\u00e7in Ta\u015f\u0131nabilir Cilt Bak\u0131m\u0131 Q Anahtarlanm\u0131\u015f ND YAG Lazer D\u00f6vme Kald\u0131rma Makinesi"},"content":{"rendered":"<p><span style=\"font-size: 14pt;\"><img fetchpriority=\"high\" decoding=\"async\" class=\"wp-image-3825 alignleft\" src=\"https:\/\/www.mlkjlasers.com\/wp-content\/uploads\/2026\/01\/ND-LV3\u8be6\u60c5\u9875-1.jpg\" alt=\"\" width=\"1920\" height=\"911\" srcset=\"https:\/\/www.mlkjlasers.com\/wp-content\/uploads\/2026\/01\/ND-LV3\u8be6\u60c5\u9875-1.jpg 750w, https:\/\/www.mlkjlasers.com\/wp-content\/uploads\/2026\/01\/ND-LV3\u8be6\u60c5\u9875-1-300x142.jpg 300w, https:\/\/www.mlkjlasers.com\/wp-content\/uploads\/2026\/01\/ND-LV3\u8be6\u60c5\u9875-1-18x9.jpg 18w, https:\/\/www.mlkjlasers.com\/wp-content\/uploads\/2026\/01\/ND-LV3\u8be6\u60c5\u9875-1-600x285.jpg 600w\" sizes=\"(max-width: 1920px) 100vw, 1920px\" \/><span style=\"color: #000000; font-family: helvetica, arial, sans-serif; font-size: 14pt;\">Lazer D\u00f6vme Kald\u0131rma i\u00e7in Nd: YAG Lazerler (Q-Switched Nd: YAG)<\/span><\/span><\/p>\n<div class=\"J_module\" style=\"text-align: left;\">\n<div class=\"detail-decorate-json-renderer-container\">\n<p style=\"text-align: left;\"><span style=\"font-family: helvetica, arial, sans-serif; color: #000000; font-size: 14pt;\">Nd: YAG lazer Q-switched lazer, en \u00e7ok birka\u00e7 nanosaniye s\u00fcren ola\u011fan\u00fcst\u00fc k\u0131sa, g\u00fc\u00e7l\u00fc enerji darbeleri \u00fcretti\u011fi anlam\u0131na gelir. <\/span><\/p>\n<p style=\"text-align: left;\"><span style=\"font-family: helvetica, arial, sans-serif; color: #000000; font-size: 14pt;\">Nabz\u0131n k\u0131sac\u0131l\u0131\u011f\u0131, d\u00f6vme \u00e7\u0131karmak i\u00e7in gereklidir, b\u00f6ylece d\u00f6vme m\u00fcrekkebi \u00e7evreli doku zarars\u0131z kal\u0131rken k\u0131r\u0131l\u0131r.<\/span><\/p>\n<p style=\"text-align: left;\"><span style=\"font-family: helvetica, arial, sans-serif; color: #000000; font-size: 14pt;\">Q-anahtarlanm\u0131\u015f Nd: YAG lazerleri d\u00f6vme kald\u0131rma i\u00e7in m\u00fckemmel bir se\u00e7imdir \u00e7\u00fcnk\u00fc \u00fcretilen 1064 nm dalga boyu siyah d\u00f6vmeler ve di\u011fer d\u00f6vme renkleri taraf\u0131ndan iyi emilir.<\/span><\/p>\n<p><span style=\"font-size: 14pt;\"><img decoding=\"async\" class=\"aligncenter wp-image-3827\" src=\"https:\/\/www.mlkjlasers.com\/wp-content\/uploads\/2026\/01\/ND-LV3\u8be6\u60c5\u9875-3.jpg\" alt=\"\" width=\"1920\" height=\"1874\" srcset=\"https:\/\/www.mlkjlasers.com\/wp-content\/uploads\/2026\/01\/ND-LV3\u8be6\u60c5\u9875-3.jpg 750w, https:\/\/www.mlkjlasers.com\/wp-content\/uploads\/2026\/01\/ND-LV3\u8be6\u60c5\u9875-3-300x293.jpg 300w, https:\/\/www.mlkjlasers.com\/wp-content\/uploads\/2026\/01\/ND-LV3\u8be6\u60c5\u9875-3-12x12.jpg 12w, https:\/\/www.mlkjlasers.com\/wp-content\/uploads\/2026\/01\/ND-LV3\u8be6\u60c5\u9875-3-600x586.jpg 600w\" sizes=\"(max-width: 1920px) 100vw, 1920px\" \/><\/span><\/p>\n<p style=\"text-align: left;\"><span style=\"font-family: helvetica, arial, sans-serif; color: #000000; font-size: 14pt;\">1064 nm \u0131\u015f\u0131n\u0131 frekans ikiye katland\u0131\u011f\u0131nda, \u0131\u015f\u0131k ikinci bir dalga uzunlu\u011fu olan 532 nm'de seyahat etmeye ba\u015flar. <\/span><\/p>\n<p style=\"text-align: left;\"><span style=\"font-family: helvetica, arial, sans-serif; color: #000000; font-size: 14pt;\">532 nm dalga boyu k\u0131rm\u0131z\u0131, pembe, turuncu ve di\u011fer parlak renklerde \u00e7ok etkilidir.<\/span><\/p>\n<p style=\"text-align: left;\"><span style=\"font-family: helvetica, arial, sans-serif; color: #000000; font-size: 14pt;\">Birlikte, bir Nd: YAG lazerinin iki dalga boyu, kaliteli m\u00fcrekkep par\u00e7alanmas\u0131 ve kald\u0131r\u0131lmas\u0131 i\u00e7in d\u00f6vme renklerinin neredeyse tam spektrumunu tedavi edebilir <\/span><\/p>\n<p style=\"text-align: left;\"><span style=\"font-family: helvetica, arial, sans-serif; color: #000000; font-size: 14pt;\">\u2013 bu y\u00fczden Q-switched Nd: YAG lazerleri \u00e7o\u011fu d\u00f6vme kald\u0131rma i\u00e7in tercih edilen ara\u00e7t\u0131r<\/span><\/p>\n<p><span style=\"font-size: 14pt;\"><img decoding=\"async\" class=\"aligncenter wp-image-3829\" src=\"https:\/\/www.mlkjlasers.com\/wp-content\/uploads\/2026\/01\/ND-LV3\u8be6\u60c5\u9875-5.jpg\" alt=\"\" width=\"1920\" height=\"1853\" srcset=\"https:\/\/www.mlkjlasers.com\/wp-content\/uploads\/2026\/01\/ND-LV3\u8be6\u60c5\u9875-5.jpg 750w, https:\/\/www.mlkjlasers.com\/wp-content\/uploads\/2026\/01\/ND-LV3\u8be6\u60c5\u9875-5-300x290.jpg 300w, https:\/\/www.mlkjlasers.com\/wp-content\/uploads\/2026\/01\/ND-LV3\u8be6\u60c5\u9875-5-12x12.jpg 12w, https:\/\/www.mlkjlasers.com\/wp-content\/uploads\/2026\/01\/ND-LV3\u8be6\u60c5\u9875-5-600x579.jpg 600w\" sizes=\"(max-width: 1920px) 100vw, 1920px\" \/><\/span><\/p>\n<p><span style=\"font-size: 14pt;\"><b class=\"magic-7\">Kol: 4 milyon at\u0131\u015f<br \/>\n<\/b>Tedavi s\u0131ras\u0131nda cildi hasardan koruyabilen cilt etkisi vak\u00fclizasyonu olu\u015fturmak i\u00e7in benzersiz Honeycomb Odakl\u0131 teknoloji kullan\u0131ld\u0131. Su ak\u0131\u015f\u0131 ve su seviyesi sistemleri de\u011ferli optik bile\u015fenleri her zaman kesin bir g\u00fcvenli durumda tutmaktad\u0131r.<\/span><br \/>\n<span style=\"font-size: 14pt;\">Mevcut<\/span><br \/>\n<span style=\"font-size: 14pt;\"><b>&#8212; &#8212; 1064NM'nin<\/b><\/span><br \/>\n<span style=\"font-size: 14pt;\">Pigment kald\u0131r\u0131lmas\u0131, koyu brown kald\u0131r\u0131lmas\u0131, siyah d\u00f6vme kald\u0131r\u0131lmas\u0131.<\/span><br \/>\n<span style=\"font-size: 14pt;\"><b>&#8212; &#8212; 755NM'nin<br \/>\n<\/b>Pigment kald\u0131rma, y\u00fcz speckleremoval i\u00e7in profesyonel.<\/span><br \/>\n<span style=\"font-size: 14pt;\"><b>&#8212; &#8212; 1320NM'nin<br \/>\n<\/b>Siyah y\u00fcz bebe\u011fi, cilt gen\u00e7le\u015ftirilmesi, g\u00f6zenekleri k\u00fc\u00e7\u00fcltmek.<\/span><br \/>\n<span style=\"font-size: 14pt;\"><b>&#8212; &#8212; 532NM'nin<br \/>\n<\/b>Pigment kald\u0131rma, k\u0131rm\u0131z\u0131 a\u00e7\u0131k kahverengi ye\u015fil d\u00f6vme kald\u0131rma.<\/span><\/p>\n<p><span style=\"font-size: 14pt;\"><img loading=\"lazy\" decoding=\"async\" class=\"aligncenter wp-image-3830\" src=\"https:\/\/www.mlkjlasers.com\/wp-content\/uploads\/2026\/01\/ND-LV3\u8be6\u60c5\u9875-6.jpg\" alt=\"\" width=\"1920\" height=\"1341\" srcset=\"https:\/\/www.mlkjlasers.com\/wp-content\/uploads\/2026\/01\/ND-LV3\u8be6\u60c5\u9875-6.jpg 750w, https:\/\/www.mlkjlasers.com\/wp-content\/uploads\/2026\/01\/ND-LV3\u8be6\u60c5\u9875-6-300x210.jpg 300w, https:\/\/www.mlkjlasers.com\/wp-content\/uploads\/2026\/01\/ND-LV3\u8be6\u60c5\u9875-6-18x12.jpg 18w, https:\/\/www.mlkjlasers.com\/wp-content\/uploads\/2026\/01\/ND-LV3\u8be6\u60c5\u9875-6-600x419.jpg 600w\" sizes=\"(max-width: 1920px) 100vw, 1920px\" \/><span style=\"font-family: helvetica, arial, sans-serif; color: #000000;\"><span class=\"magic-9\">1. S\u00fcrekli, s\u00fcper darbe, k\u0131smen farkl\u0131 \u00e7al\u0131\u015fma modlar\u0131.<br \/>\n2. Odan noktas\u0131 \u00e7ap\u0131 ve aral\u0131\u011f\u0131 ayarlanabilir.<br \/>\n3. En iyi ABD RF lazer t\u00fcp\u00fc, istikrarl\u0131 performans, y\u00fcksek etkili.<\/span><\/span><\/span><\/p>\n<p><span style=\"font-family: helvetica, arial, sans-serif; font-size: 14pt; color: #000000;\"><span class=\"magic-9\">4. Cildin pigmentasyonu ve depigmantasyonu yok, ekstra t\u00fcketim malzemesine ihtiya\u00e7 yoktur.<br \/>\n5. Otomatik alam ile g\u00fcvenlik koruma.<br \/>\n6. Kolay ve h\u0131zl\u0131 tedavi, durma s\u00fcresi yok.<br \/>\n7. \u00c7e\u015fitli nokta hacmleri v\u00fccudun farkl\u0131 b\u00f6lgeleri i\u00e7in uygundur.<\/span><\/span><\/p>\n<p><span style=\"font-size: 14pt;\"><img loading=\"lazy\" decoding=\"async\" class=\"aligncenter wp-image-3828\" src=\"https:\/\/www.mlkjlasers.com\/wp-content\/uploads\/2026\/01\/ND-LV3\u8be6\u60c5\u9875-4.jpg\" alt=\"\" width=\"1920\" height=\"1198\" srcset=\"https:\/\/www.mlkjlasers.com\/wp-content\/uploads\/2026\/01\/ND-LV3\u8be6\u60c5\u9875-4.jpg 750w, https:\/\/www.mlkjlasers.com\/wp-content\/uploads\/2026\/01\/ND-LV3\u8be6\u60c5\u9875-4-300x187.jpg 300w, https:\/\/www.mlkjlasers.com\/wp-content\/uploads\/2026\/01\/ND-LV3\u8be6\u60c5\u9875-4-18x12.jpg 18w, https:\/\/www.mlkjlasers.com\/wp-content\/uploads\/2026\/01\/ND-LV3\u8be6\u60c5\u9875-4-600x374.jpg 600w\" sizes=\"(max-width: 1920px) 100vw, 1920px\" \/><\/span><\/p>\n<\/div>\n<\/div>\n<div class=\"J_module\" style=\"text-align: left;\">\n<div class=\"detail-decorate-json-renderer-container\">\n<div class=\"magic-3\">\n<div class=\"magic-6\">\n<div class=\"magic-7\">\n<div class=\"magic-8\">\n<div><span style=\"color: #000000; font-family: helvetica, arial, sans-serif; font-size: 14pt;\">5 Kafa 1mm'den 7mm'ye kadar nokta boyutunu ayarlay\u0131n<\/span><\/div>\n<\/div>\n<\/div>\n<\/div>\n<\/div>\n<\/div>\n<\/div>\n<div class=\"J_module\" style=\"text-align: left;\">\n<div class=\"detail-decorate-json-renderer-container\">\n<div class=\"magic-3\">\n<div class=\"magic-6\">\n<div class=\"magic-7\">\n<div class=\"magic-8\">\n<p><span style=\"font-size: 14pt;\">Ayarlanabilir 1064\/532 nm kafas\u0131 b\u00fcy\u00fck alan d\u00f6vme \/ pigment kald\u0131rma i\u00e7in;<\/span><\/p>\n<\/div>\n<div class=\"magic-8\"><span style=\"font-family: helvetica, arial, sans-serif; font-size: 14pt; color: #000000;\"><span class=\"magic-5\"> Sabit 1064\/532 nm kafas\u0131 k\u00fc\u00e7\u00fck alan veya \u00f6zel yer i\u00e7in<\/span><\/span><\/div>\n<div><span style=\"font-size: 14pt;\"><img loading=\"lazy\" decoding=\"async\" class=\"aligncenter wp-image-3836\" src=\"https:\/\/www.mlkjlasers.com\/wp-content\/uploads\/2026\/01\/ND-LV3\u8be6\u60c5\u9875-12.jpg\" alt=\"\" width=\"1920\" height=\"1057\" srcset=\"https:\/\/www.mlkjlasers.com\/wp-content\/uploads\/2026\/01\/ND-LV3\u8be6\u60c5\u9875-12.jpg 750w, https:\/\/www.mlkjlasers.com\/wp-content\/uploads\/2026\/01\/ND-LV3\u8be6\u60c5\u9875-12-300x165.jpg 300w, https:\/\/www.mlkjlasers.com\/wp-content\/uploads\/2026\/01\/ND-LV3\u8be6\u60c5\u9875-12-18x10.jpg 18w, https:\/\/www.mlkjlasers.com\/wp-content\/uploads\/2026\/01\/ND-LV3\u8be6\u60c5\u9875-12-600x330.jpg 600w\" sizes=\"(max-width: 1920px) 100vw, 1920px\" \/><\/span><\/div>\n<\/div>\n<\/div>\n<\/div>\n<\/div>\n<\/div>\n<div class=\"J_module\" style=\"text-align: left;\">\n<div class=\"icbu-pc-images magic-0\">\n<div>\n<div class=\"flex-layout-v\">\n<div class=\"flex-layout-h magic-0\">\n<div class=\"magic-15\"><\/div>\n<div><\/div>\n<\/div>\n<\/div>\n<\/div>\n<\/div>\n<\/div>\n<div class=\"J_module\" style=\"text-align: left;\">\n<div class=\"detail-decorate-json-renderer-container\">\n<div class=\"magic-3\">\n<div class=\"magic-6\">\n<div class=\"magic-7\">\n<div class=\"magic-8\">\n<div><span class=\"magic-9\" style=\"font-family: helvetica, arial, sans-serif; font-size: 14pt; color: #000000;\">1. S\u00fcrekli, s\u00fcper darbe, k\u0131smen farkl\u0131 \u00e7al\u0131\u015fma modlar\u0131.<br \/>\n2. Odan noktas\u0131 \u00e7ap\u0131 ve aral\u0131\u011f\u0131 ayarlanabilir.<br \/>\n3. En iyi ABD RF lazer t\u00fcp\u00fc, CONHERENT'ten ithal edilmi\u015f, istikrarl\u0131 performans, y\u00fcksek etkili.<br \/>\n4. Cildin pigmentasyonu ve depigmantasyonu yok, ekstra t\u00fcketim malzemesine ihtiya\u00e7 yoktur.<br \/>\n5. Otomatik alam ile g\u00fcvenlik koruma.<br \/>\n6. Kolay ve h\u0131zl\u0131 tedavi, durma s\u00fcresi yok.<br \/>\n7. \u00c7e\u015fitli nokta hacmleri v\u00fccudun farkl\u0131 b\u00f6lgeleri i\u00e7in uygundur.<\/span><\/div>\n<div><span style=\"font-size: 14pt;\"><img loading=\"lazy\" decoding=\"async\" class=\"aligncenter wp-image-3831\" src=\"https:\/\/www.mlkjlasers.com\/wp-content\/uploads\/2026\/01\/ND-LV3\u8be6\u60c5\u9875-7.jpg\" alt=\"\" width=\"1920\" height=\"1288\" srcset=\"https:\/\/www.mlkjlasers.com\/wp-content\/uploads\/2026\/01\/ND-LV3\u8be6\u60c5\u9875-7.jpg 750w, https:\/\/www.mlkjlasers.com\/wp-content\/uploads\/2026\/01\/ND-LV3\u8be6\u60c5\u9875-7-300x201.jpg 300w, https:\/\/www.mlkjlasers.com\/wp-content\/uploads\/2026\/01\/ND-LV3\u8be6\u60c5\u9875-7-18x12.jpg 18w, https:\/\/www.mlkjlasers.com\/wp-content\/uploads\/2026\/01\/ND-LV3\u8be6\u60c5\u9875-7-600x402.jpg 600w\" sizes=\"(max-width: 1920px) 100vw, 1920px\" \/><\/span><\/div>\n<div>\n<p><span class=\"magic-7\" style=\"font-size: 14pt;\">Q anahtar\u0131 Nd Yag Lazer D\u00f6vme Kald\u0131rma Makinesi Benzersiz Avantajlar\u0131<\/span><\/p>\n<div><span style=\"font-size: 14pt;\">\u2022 Almanya CE Onaylanm\u0131\u015f, Avrupa G\u00fcvenlik Standartlar\u0131na uygun<\/span><\/div>\n<div><span style=\"font-size: 14pt;\">\u2022 Daha h\u0131zl\u0131 d\u00f6vme kald\u0131rma i\u00e7in 10HZ'e kadar<\/span><\/div>\n<div><span style=\"font-size: 14pt;\">\u2022 Do\u011fru \u00e7al\u0131\u015fma i\u00e7in k\u0131z\u0131l\u00f6tesi hedef \u0131\u015f\u0131n\u0131<\/span><\/div>\n<div><span style=\"font-size: 14pt;\">\u2022 Lamba \u00f6mr\u00fc 1.000.000 \u00e7ekimden fazla<\/span><\/div>\n<div data-spm-anchor-id=\"a2700.details-description.0.i1.d5cbbYb0bYb0Ce\"><span style=\"font-size: 14pt;\">\u2022 H\u0131zl\u0131 bak\u0131m i\u015fleri i\u00e7in ABS konut<\/span><\/div>\n<div data-spm-anchor-id=\"a2700.details-description.0.i1.d5cbbYb0bYb0Ce\"><span style=\"font-size: 14pt;\"><img loading=\"lazy\" decoding=\"async\" class=\"aligncenter wp-image-3832\" src=\"https:\/\/www.mlkjlasers.com\/wp-content\/uploads\/2026\/01\/ND-LV3\u8be6\u60c5\u9875-8.jpg\" alt=\"\" width=\"1920\" height=\"1144\" srcset=\"https:\/\/www.mlkjlasers.com\/wp-content\/uploads\/2026\/01\/ND-LV3\u8be6\u60c5\u9875-8.jpg 750w, https:\/\/www.mlkjlasers.com\/wp-content\/uploads\/2026\/01\/ND-LV3\u8be6\u60c5\u9875-8-300x179.jpg 300w, https:\/\/www.mlkjlasers.com\/wp-content\/uploads\/2026\/01\/ND-LV3\u8be6\u60c5\u9875-8-18x12.jpg 18w, https:\/\/www.mlkjlasers.com\/wp-content\/uploads\/2026\/01\/ND-LV3\u8be6\u60c5\u9875-8-600x358.jpg 600w\" sizes=\"(max-width: 1920px) 100vw, 1920px\" \/><\/span><\/div>\n<\/div>\n<\/div>\n<\/div>\n<\/div>\n<\/div>\n<\/div>\n<\/div>\n<div class=\"J_module\" style=\"text-align: left;\">\n<div class=\"icbu-pc-images magic-0\">\n<div class=\"flex-layout-v\"><\/div>\n<\/div>\n<\/div>\n<div class=\"J_module\" style=\"text-align: left;\">\n<div class=\"detail-decorate-json-renderer-container\">\n<div class=\"magic-3\">\n<div class=\"magic-6\">\n<div class=\"magic-7\">\n<div class=\"magic-8\"><span style=\"font-size: 14pt;\"><img loading=\"lazy\" decoding=\"async\" class=\"aligncenter wp-image-3833\" src=\"https:\/\/www.mlkjlasers.com\/wp-content\/uploads\/2026\/01\/ND-LV3\u8be6\u60c5\u9875-9.jpg\" alt=\"\" width=\"1920\" height=\"1505\" srcset=\"https:\/\/www.mlkjlasers.com\/wp-content\/uploads\/2026\/01\/ND-LV3\u8be6\u60c5\u9875-9.jpg 750w, https:\/\/www.mlkjlasers.com\/wp-content\/uploads\/2026\/01\/ND-LV3\u8be6\u60c5\u9875-9-300x235.jpg 300w, https:\/\/www.mlkjlasers.com\/wp-content\/uploads\/2026\/01\/ND-LV3\u8be6\u60c5\u9875-9-15x12.jpg 15w, https:\/\/www.mlkjlasers.com\/wp-content\/uploads\/2026\/01\/ND-LV3\u8be6\u60c5\u9875-9-600x470.jpg 600w\" sizes=\"(max-width: 1920px) 100vw, 1920px\" \/><\/span><\/div>\n<div><span style=\"font-size: 14pt;\"><img loading=\"lazy\" decoding=\"async\" class=\"aligncenter wp-image-3834\" src=\"https:\/\/www.mlkjlasers.com\/wp-content\/uploads\/2026\/01\/ND-LV3\u8be6\u60c5\u9875-10.jpg\" alt=\"\" width=\"1920\" height=\"991\" srcset=\"https:\/\/www.mlkjlasers.com\/wp-content\/uploads\/2026\/01\/ND-LV3\u8be6\u60c5\u9875-10.jpg 750w, https:\/\/www.mlkjlasers.com\/wp-content\/uploads\/2026\/01\/ND-LV3\u8be6\u60c5\u9875-10-300x155.jpg 300w, https:\/\/www.mlkjlasers.com\/wp-content\/uploads\/2026\/01\/ND-LV3\u8be6\u60c5\u9875-10-18x9.jpg 18w, https:\/\/www.mlkjlasers.com\/wp-content\/uploads\/2026\/01\/ND-LV3\u8be6\u60c5\u9875-10-600x310.jpg 600w\" sizes=\"(max-width: 1920px) 100vw, 1920px\" \/><\/span><\/div>\n<div><span style=\"font-size: 14pt;\">8.4 in\u00e7 ger\u00e7ek renkli b\u00fcy\u00fck dokunmatik ekran. S\u00fcper serin dokunmatik deneyim.<\/span><br \/>\n<span style=\"font-size: 14pt;\">Ger\u00e7ek ihtiya\u00e7lar\u0131n\u0131za g\u00f6re \u00f6zel dil eklenebilir.<\/span><br \/>\n<span style=\"font-size: 14pt;\">Logonuz ayr\u0131ca diyot lazer ekran\u0131na eklenebilir.<\/span><\/div>\n<div><span style=\"font-size: 14pt;\"><img loading=\"lazy\" decoding=\"async\" class=\"aligncenter wp-image-3835\" src=\"https:\/\/www.mlkjlasers.com\/wp-content\/uploads\/2026\/01\/ND-LV3\u8be6\u60c5\u9875-11.jpg\" alt=\"\" width=\"1920\" height=\"748\" srcset=\"https:\/\/www.mlkjlasers.com\/wp-content\/uploads\/2026\/01\/ND-LV3\u8be6\u60c5\u9875-11.jpg 750w, https:\/\/www.mlkjlasers.com\/wp-content\/uploads\/2026\/01\/ND-LV3\u8be6\u60c5\u9875-11-300x117.jpg 300w, https:\/\/www.mlkjlasers.com\/wp-content\/uploads\/2026\/01\/ND-LV3\u8be6\u60c5\u9875-11-18x7.jpg 18w, https:\/\/www.mlkjlasers.com\/wp-content\/uploads\/2026\/01\/ND-LV3\u8be6\u60c5\u9875-11-600x234.jpg 600w\" sizes=\"(max-width: 1920px) 100vw, 1920px\" \/><\/span><\/div>\n<div><\/div>\n<\/div>\n<\/div>\n<\/div>\n<div><\/div>\n<\/div>\n<\/div>\n<div class=\"J_module\">\n<div class=\"icbu-pc-images magic-0\">\n<div>\n<div class=\"flex-layout-v\">\n<div class=\"flex-layout-h magic-0\" style=\"text-align: left;\">\n<div class=\"magic-19\"><\/div>\n<div><\/div>\n<div><\/div>\n<\/div>\n<div style=\"text-align: left;\"><span style=\"font-size: 14pt;\"><a href=\"https:\/\/www.mlkjlasers.com\/tr\/contact-us\/\"><span style=\"font-family: helvetica, arial, sans-serif; color: #3366ff;\">G\u00fczellik kariyerinizi kolayla\u015ft\u0131rmak i\u00e7in 18 y\u0131ll\u0131k MLKJ Profesyonel G\u00fczellik alet \u00fcreticisini se\u00e7in!<\/span><\/a><\/span><\/div>\n<div style=\"text-align: left;\"><\/div>\n<div class=\"flex-layout-h magic-0\" style=\"text-align: left;\">\n<div><\/div>\n<\/div>\n<div style=\"text-align: left;\"><\/div>\n<\/div>\n<\/div>\n<\/div>\n<\/div>","protected":false},"excerpt":{"rendered":"<p><span style=\"font-family: helvetica, arial, sans-serif;\">Q-anahtarlanm\u0131\u015f Nd: YAG lazerleri d\u00f6vme kald\u0131rma i\u00e7in m\u00fckemmel bir se\u00e7imdir \u00e7\u00fcnk\u00fc \u00fcretilen 1064 nm dalga boyu siyah d\u00f6vmeler ve di\u011fer d\u00f6vme renkleri taraf\u0131ndan iyi emilir. <\/span><\/p>\n<p><span style=\"font-family: helvetica, arial, sans-serif;\">1064 nm \u0131\u015f\u0131n\u0131 frekans ikiye katland\u0131\u011f\u0131nda, \u0131\u015f\u0131k ikinci bir dalga uzunlu\u011fu olan 532 nm'de seyahat etmeye ba\u015flar. <\/span><\/p>\n<p><span style=\"font-family: helvetica, arial, sans-serif;\">532 nm dalga boyu k\u0131rm\u0131z\u0131, pembe, turuncu ve di\u011fer parlak renklerde \u00e7ok etkilidir.<\/span><\/p>","protected":false},"featured_media":3821,"comment_status":"open","ping_status":"closed","template":"","meta":[],"product_cat":[24],"product_tag":[],"class_list":["post-2351","product","type-product","status-publish","has-post-thumbnail","hentry","product_cat-nd-yag-laser"],"_links":{"self":[{"href":"https:\/\/www.mlkjlasers.com\/tr\/wp-json\/wp\/v2\/product\/2351","targetHints":{"allow":["GET"]}}],"collection":[{"href":"https:\/\/www.mlkjlasers.com\/tr\/wp-json\/wp\/v2\/product"}],"about":[{"href":"https:\/\/www.mlkjlasers.com\/tr\/wp-json\/wp\/v2\/types\/product"}],"replies":[{"embeddable":true,"href":"https:\/\/www.mlkjlasers.com\/tr\/wp-json\/wp\/v2\/comments?post=2351"}],"wp:featuredmedia":[{"embeddable":true,"href":"https:\/\/www.mlkjlasers.com\/tr\/wp-json\/wp\/v2\/media\/3821"}],"wp:attachment":[{"href":"https:\/\/www.mlkjlasers.com\/tr\/wp-json\/wp\/v2\/media?parent=2351"}],"wp:term":[{"taxonomy":"product_cat","embeddable":true,"href":"https:\/\/www.mlkjlasers.com\/tr\/wp-json\/wp\/v2\/product_cat?post=2351"},{"taxonomy":"product_tag","embeddable":true,"href":"https:\/\/www.mlkjlasers.com\/tr\/wp-json\/wp\/v2\/product_tag?post=2351"}],"curies":[{"name":"wp","href":"https:\/\/api.w.org\/{rel}","templated":true}]}}