{"id":2690,"date":"2023-11-10T09:27:29","date_gmt":"2023-11-10T01:27:29","guid":{"rendered":"https:\/\/mlkjlasers.com\/?post_type=product&#038;p=2690"},"modified":"2026-01-26T16:39:43","modified_gmt":"2026-01-26T08:39:43","slug":"new-design-nd-yag-laser-tattoo-removal-microneedle-980nm-laser-elight-ipl-diode-laser-hair-removal-7d-hifu-machine","status":"publish","type":"product","link":"https:\/\/www.mlkjlasers.com\/tr\/product\/new-design-nd-yag-laser-tattoo-removal-microneedle-980nm-laser-elight-ipl-diode-laser-hair-removal-7d-hifu-machine\/","title":{"rendered":"4in1 \u00e7ok i\u015flevli makine mikro i\u011fneler RF Cilt Gen\u00e7le\u015ftirme 980nm hifu 808 epilasyon diyot lazer makinesi"},"content":{"rendered":"<div class=\"J_module\">\n<div class=\"icbu-pc-images magic-0\">\n<div>\n<div class=\"flex-layout-v\">\n<div class=\"flex-layout-h magic-0\">\n<div class=\"magic-1\"><span style=\"font-size: 14pt;\"><img fetchpriority=\"high\" decoding=\"async\" class=\"aligncenter wp-image-3610\" src=\"https:\/\/www.mlkjlasers.com\/wp-content\/uploads\/2026\/01\/EXFU-M1\u591a\u529f\u80fd808HIFU\u5fae\u9488980\u8be6\u60c5\u9875_01.jpg\" alt=\"\" width=\"1920\" height=\"3177\" srcset=\"https:\/\/www.mlkjlasers.com\/wp-content\/uploads\/2026\/01\/EXFU-M1\u591a\u529f\u80fd808HIFU\u5fae\u9488980\u8be6\u60c5\u9875_01.jpg 750w, https:\/\/www.mlkjlasers.com\/wp-content\/uploads\/2026\/01\/EXFU-M1\u591a\u529f\u80fd808HIFU\u5fae\u9488980\u8be6\u60c5\u9875_01-181x300.jpg 181w, https:\/\/www.mlkjlasers.com\/wp-content\/uploads\/2026\/01\/EXFU-M1\u591a\u529f\u80fd808HIFU\u5fae\u9488980\u8be6\u60c5\u9875_01-619x1024.jpg 619w, https:\/\/www.mlkjlasers.com\/wp-content\/uploads\/2026\/01\/EXFU-M1\u591a\u529f\u80fd808HIFU\u5fae\u9488980\u8be6\u60c5\u9875_01-600x993.jpg 600w\" sizes=\"(max-width: 1920px) 100vw, 1920px\" \/><\/span><\/div>\n<\/div>\n<\/div>\n<\/div>\n<\/div>\n<\/div>\n<div class=\"J_module\" style=\"text-align: left;\">\n<div class=\"detail-decorate-json-renderer-container\">\n<div class=\"magic-5\">\n<div class=\"magic-6\">\n<div class=\"magic-7\">\n<div class=\"magic-8\">\n<div class=\"magic-9\"><span style=\"font-size: 14pt; font-family: helvetica, arial, sans-serif;\"><b class=\"magic-10\"><span class=\"magic-11\">\u00dcr\u00fcn A\u00e7\u0131klamas\u0131<br \/>\nBu makine i\u00e7in toplam 4 kolu vard\u0131r. \u0130htiya\u00e7lar\u0131n\u0131za g\u00f6re e\u015fle\u015ftirin.<\/span><\/b><\/span><\/div>\n<div class=\"magic-9\"><span style=\"font-size: 14pt; font-family: helvetica, arial, sans-serif;\"><b>1) Diyot Lazer kolu, kullan\u0131n:<\/b><\/span><\/div>\n<div class=\"magic-9\"><span style=\"font-size: 14pt; font-family: helvetica, arial, sans-serif;\">Kal\u0131c\u0131 sa\u00e7 \u00e7\u0131karma.<\/span><\/div>\n<div class=\"magic-9\"><span style=\"font-size: 14pt; font-family: helvetica, arial, sans-serif;\"><b>2) HIFU kolu, kullan\u0131n:<\/b><\/span><\/div>\n<div class=\"magic-9\"><span style=\"font-size: 14pt; font-family: helvetica, arial, sans-serif;\">K\u0131r\u0131\u015f\u0131kl\u0131k azaltma kontur \u015fekillendirme<\/span><\/div>\n<div class=\"magic-9\"><span style=\"font-size: 14pt; font-family: helvetica, arial, sans-serif;\"><b>3) Mikro i\u011fne kolu, kullan\u0131n:<\/b><\/span><\/div>\n<div class=\"magic-9\">\n<div class=\"magic-9\"><span style=\"font-size: 14pt; font-family: helvetica, arial, sans-serif;\">K\u0131r\u0131\u015f\u0131kl\u0131k azaltma kontur \u015fekillendirme, anti-k\u0131r\u0131\u015f\u0131kl\u0131k ya\u011f \u00e7\u00f6zmek, kald\u0131rmak ve cilt yenilenmesini te\u015fvik etmek<\/span><\/div>\n<div class=\"magic-9\"><span style=\"font-size: 14pt; font-family: helvetica, arial, sans-serif;\"><b>4) 980nm lazer, kullan\u0131n:<\/b><\/span><\/div>\n<div class=\"magic-9\"><span style=\"font-size: 14pt; font-family: helvetica, arial, sans-serif;\">\u00d6r\u00fcmcek ven k\u0131rm\u0131z\u0131 kan \u00e7izgisi kald\u0131r\u0131lmas\u0131, gri t\u0131rnak mantar tedavisi<\/span><\/div>\n<\/div>\n<\/div>\n<\/div>\n<\/div>\n<\/div>\n<\/div>\n<\/div>\n<div class=\"J_module\" style=\"text-align: left;\">\n<div id=\"ali-anchor-AliMagic-ma4kpp\" class=\"magic-13\" data-section=\"AliMagic-ma4kpp\" data-section-title=\"Product Description\"><span style=\"font-size: 14pt;\"><img decoding=\"async\" class=\"aligncenter wp-image-3612\" src=\"https:\/\/www.mlkjlasers.com\/wp-content\/uploads\/2026\/01\/EXFU-M1\u591a\u529f\u80fd808HIFU\u5fae\u9488980\u8be6\u60c5\u9875_03.jpg\" alt=\"\" width=\"1920\" height=\"2634\" srcset=\"https:\/\/www.mlkjlasers.com\/wp-content\/uploads\/2026\/01\/EXFU-M1\u591a\u529f\u80fd808HIFU\u5fae\u9488980\u8be6\u60c5\u9875_03.jpg 750w, https:\/\/www.mlkjlasers.com\/wp-content\/uploads\/2026\/01\/EXFU-M1\u591a\u529f\u80fd808HIFU\u5fae\u9488980\u8be6\u60c5\u9875_03-219x300.jpg 219w, https:\/\/www.mlkjlasers.com\/wp-content\/uploads\/2026\/01\/EXFU-M1\u591a\u529f\u80fd808HIFU\u5fae\u9488980\u8be6\u60c5\u9875_03-746x1024.jpg 746w, https:\/\/www.mlkjlasers.com\/wp-content\/uploads\/2026\/01\/EXFU-M1\u591a\u529f\u80fd808HIFU\u5fae\u9488980\u8be6\u60c5\u9875_03-600x823.jpg 600w\" sizes=\"(max-width: 1920px) 100vw, 1920px\" \/><\/span><\/div>\n<\/div>\n<div class=\"J_module\" style=\"text-align: left;\">\n<div id=\"ali-anchor-AliMagic-sj5rec\" class=\"magic-13\" data-section=\"AliMagic-sj5rec\" data-section-title=\"About Handle\"><span style=\"font-size: 14pt; font-family: helvetica, arial, sans-serif;\">Kol Hakk\u0131nda<\/span><\/div>\n<\/div>\n<div class=\"J_module\" style=\"text-align: left;\">\n<div class=\"icbu-pc-images magic-0\">\n<div>\n<div class=\"flex-layout-v\">\n<div class=\"flex-layout-h magic-0\">\n<div class=\"magic-16\"><span style=\"font-size: 14pt; font-family: helvetica, arial, sans-serif;\"><img decoding=\"async\" class=\"aligncenter wp-image-3617\" src=\"https:\/\/www.mlkjlasers.com\/wp-content\/uploads\/2026\/01\/EXFU-M1\u591a\u529f\u80fd808HIFU\u5fae\u9488980\u8be6\u60c5\u9875_08.jpg\" alt=\"\" width=\"1920\" height=\"3418\" srcset=\"https:\/\/www.mlkjlasers.com\/wp-content\/uploads\/2026\/01\/EXFU-M1\u591a\u529f\u80fd808HIFU\u5fae\u9488980\u8be6\u60c5\u9875_08.jpg 750w, https:\/\/www.mlkjlasers.com\/wp-content\/uploads\/2026\/01\/EXFU-M1\u591a\u529f\u80fd808HIFU\u5fae\u9488980\u8be6\u60c5\u9875_08-169x300.jpg 169w, https:\/\/www.mlkjlasers.com\/wp-content\/uploads\/2026\/01\/EXFU-M1\u591a\u529f\u80fd808HIFU\u5fae\u9488980\u8be6\u60c5\u9875_08-575x1024.jpg 575w, https:\/\/www.mlkjlasers.com\/wp-content\/uploads\/2026\/01\/EXFU-M1\u591a\u529f\u80fd808HIFU\u5fae\u9488980\u8be6\u60c5\u9875_08-600x1068.jpg 600w\" sizes=\"(max-width: 1920px) 100vw, 1920px\" \/><\/span><\/div>\n<\/div>\n<\/div>\n<\/div>\n<\/div>\n<\/div>\n<div class=\"J_module\" style=\"text-align: left;\">\n<div class=\"detail-decorate-json-renderer-container\">\n<div class=\"magic-5\">\n<div class=\"magic-6\">\n<div class=\"magic-7\">\n<div class=\"magic-8\">\n<div><\/div>\n<div class=\"magic-18\"><span style=\"font-size: 14pt; font-family: helvetica, arial, sans-serif;\"><b class=\"magic-19\"><span class=\"magic-20\" style=\"color: #48916c;\"><span class=\"magic-21\">Diyot lazer tak\u0131m\u0131 <\/span><i class=\"magic-22\">T\u00fcm ciltler i\u00e7in<\/i><span class=\"magic-21\"> Sa\u00e7 tipi tedavisi.<\/span><\/span><\/b><\/span><\/div>\n<div class=\"magic-18\"><span style=\"font-size: 14pt; font-family: helvetica, arial, sans-serif;\"><b class=\"magic-10\"><span class=\"magic-20\" style=\"color: #48916c;\">\u0130thalat Lazer Bar. 50 milyon at\u0131\u015f zaman\u0131.<\/span><\/b><\/span><\/div>\n<div><span style=\"font-size: 14pt;\"><img loading=\"lazy\" decoding=\"async\" class=\"aligncenter wp-image-3616\" src=\"https:\/\/www.mlkjlasers.com\/wp-content\/uploads\/2026\/01\/EXFU-M1\u591a\u529f\u80fd808HIFU\u5fae\u9488980\u8be6\u60c5\u9875_07.jpg\" alt=\"\" width=\"1920\" height=\"1646\" srcset=\"https:\/\/www.mlkjlasers.com\/wp-content\/uploads\/2026\/01\/EXFU-M1\u591a\u529f\u80fd808HIFU\u5fae\u9488980\u8be6\u60c5\u9875_07.jpg 750w, https:\/\/www.mlkjlasers.com\/wp-content\/uploads\/2026\/01\/EXFU-M1\u591a\u529f\u80fd808HIFU\u5fae\u9488980\u8be6\u60c5\u9875_07-300x257.jpg 300w, https:\/\/www.mlkjlasers.com\/wp-content\/uploads\/2026\/01\/EXFU-M1\u591a\u529f\u80fd808HIFU\u5fae\u9488980\u8be6\u60c5\u9875_07-600x514.jpg 600w\" sizes=\"(max-width: 1920px) 100vw, 1920px\" \/><\/span><\/div>\n<div><span style=\"font-size: 14pt;\">\u25cf  A\u011fr\u0131s\u0131z: Her t\u00fcrl\u00fc cilt epilasyon i\u00e7in 755\/808\/1064nm diyot lazeri<\/span><br \/>\n<span style=\"font-size: 14pt;\">\u25cf  Daha H\u0131zl\u0131: B\u00fcy\u00fck alan noktas\u0131 kayd\u0131rma i\u015flemi<\/span><br \/>\n<span style=\"font-size: 14pt;\">\u25cf  Travma yok: Cilt dokusuna travma yoktur<\/span><br \/>\n<span style=\"font-size: 14pt;\">\u25cf  G\u00fcvenlik: \u0130\u015flem zorlu\u011funu azaltmak i\u00e7in yard\u0131mc\u0131n\u0131n \u0131\u015f\u0131\u011f\u0131ndan ka\u00e7\u0131nmak i\u00e7in<\/span><\/div>\n<div><span style=\"font-size: 14pt;\"><img loading=\"lazy\" decoding=\"async\" class=\"aligncenter wp-image-3615\" src=\"https:\/\/www.mlkjlasers.com\/wp-content\/uploads\/2026\/01\/EXFU-M1\u591a\u529f\u80fd808HIFU\u5fae\u9488980\u8be6\u60c5\u9875_06.jpg\" alt=\"\" width=\"1920\" height=\"1490\" srcset=\"https:\/\/www.mlkjlasers.com\/wp-content\/uploads\/2026\/01\/EXFU-M1\u591a\u529f\u80fd808HIFU\u5fae\u9488980\u8be6\u60c5\u9875_06.jpg 750w, https:\/\/www.mlkjlasers.com\/wp-content\/uploads\/2026\/01\/EXFU-M1\u591a\u529f\u80fd808HIFU\u5fae\u9488980\u8be6\u60c5\u9875_06-300x233.jpg 300w, https:\/\/www.mlkjlasers.com\/wp-content\/uploads\/2026\/01\/EXFU-M1\u591a\u529f\u80fd808HIFU\u5fae\u9488980\u8be6\u60c5\u9875_06-600x466.jpg 600w\" sizes=\"(max-width: 1920px) 100vw, 1920px\" \/><\/span><\/div>\n<\/div>\n<\/div>\n<\/div>\n<\/div>\n<\/div>\n<\/div>\n<div class=\"J_module\" style=\"text-align: left;\">\n<div class=\"icbu-pc-images magic-0\">\n<div>\n<div class=\"flex-layout-v\">\n<div class=\"flex-layout-h magic-0\">\n<div class=\"magic-23\"><b style=\"font-family: helvetica, arial, sans-serif; font-size: 14pt;\">11D Kartu\u015flar<\/b><\/div>\n<\/div>\n<\/div>\n<\/div>\n<\/div>\n<\/div>\n<div class=\"J_module\" style=\"text-align: left;\">\n<div class=\"detail-decorate-json-renderer-container\">\n<div class=\"magic-5\">\n<div class=\"magic-6\">\n<div class=\"magic-7\">\n<div class=\"magic-8\"><span style=\"font-size: 14pt; font-family: helvetica, arial, sans-serif;\"><b><span style=\"color: #48916c;\">L7-1.5mm, MF2.0mm, L7-3.0mm, L4-4.5mm, MF6.0mm, <\/span><\/b><\/span><\/div>\n<div class=\"magic-8\"><span style=\"font-size: 14pt; font-family: helvetica, arial, sans-serif;\"><b><span style=\"color: #bf4c76;\">MF9.0mm, MF13.0mm, DL1.5, DL2.0, DL3.0, DL4.5 <\/span><\/b><\/span><\/div>\n<div class=\"magic-8\"><span style=\"font-size: 14pt; font-family: helvetica, arial, sans-serif;\"> 1. Al\u0131n, g\u00f6z, a\u011f\u0131z vb. etraf\u0131ndaki k\u0131r\u0131\u015f\u0131kl\u0131klar\u0131 \u00e7\u0131kar\u0131n. <\/span><\/div>\n<div class=\"magic-8\"><span style=\"font-size: 14pt; font-family: helvetica, arial, sans-serif;\">2. Her iki yana\u011f\u0131n cildini kald\u0131rmak ve s\u0131k\u0131\u015ft\u0131rmak. <\/span><\/div>\n<div class=\"magic-8\"><span style=\"font-size: 14pt; font-family: helvetica, arial, sans-serif;\">3. Cilt esnekli\u011fini iyile\u015ftirme ve kontur \u015fekillendirme. <\/span><\/div>\n<div class=\"magic-8\"><span style=\"font-size: 14pt; font-family: helvetica, arial, sans-serif;\">4. \u00c7ene hatt\u0131n\u0131 iyile\u015ftirmek, \"marionet hatlar\u0131n\u0131\" azaltmak. <\/span><\/div>\n<div class=\"magic-8\"><span style=\"font-size: 14pt; font-family: helvetica, arial, sans-serif;\">5. Al\u0131ndaki cilt dokusunu s\u0131k\u0131\u015ft\u0131rmak, ka\u015flar\u0131 kald\u0131rmak. <\/span><\/div>\n<div class=\"magic-8\"><span style=\"font-size: 14pt; font-family: helvetica, arial, sans-serif;\">6. Cilt derisini iyile\u015ftirmek, cildi hassas ve parlak hale getirmek.<\/span><\/div>\n<div class=\"magic-8\"><span style=\"font-size: 14pt; font-family: helvetica, arial, sans-serif;\"> 7. Daha fazla ya\u015flanma sorununu \u00e7\u00f6zmek i\u00e7in Hyaluronik asit, kolajen gibi g\u00fczellik enjekte ile e\u015fle\u015fin. <\/span><\/div>\n<div class=\"magic-8\"><span style=\"font-size: 14pt; font-family: helvetica, arial, sans-serif;\">8. Boyun k\u0131r\u0131\u015f\u0131kl\u0131klar\u0131n\u0131 kald\u0131rmak, boyun ya\u015flanmas\u0131n\u0131 korumak.<\/span><\/div>\n<\/div>\n<\/div>\n<\/div>\n<\/div>\n<\/div>\n<div class=\"J_module\" style=\"text-align: left;\">\n<div class=\"icbu-pc-images magic-0\">\n<div>\n<div class=\"flex-layout-v\">\n<div class=\"flex-layout-h magic-0\">\n<div class=\"magic-43\"><span style=\"font-size: 14pt; font-family: helvetica, arial, sans-serif;\"><img loading=\"lazy\" decoding=\"async\" class=\"aligncenter wp-image-3613\" src=\"https:\/\/www.mlkjlasers.com\/wp-content\/uploads\/2026\/01\/EXFU-M1\u591a\u529f\u80fd808HIFU\u5fae\u9488980\u8be6\u60c5\u9875_04.jpg\" alt=\"\" width=\"1920\" height=\"2186\" srcset=\"https:\/\/www.mlkjlasers.com\/wp-content\/uploads\/2026\/01\/EXFU-M1\u591a\u529f\u80fd808HIFU\u5fae\u9488980\u8be6\u60c5\u9875_04.jpg 750w, https:\/\/www.mlkjlasers.com\/wp-content\/uploads\/2026\/01\/EXFU-M1\u591a\u529f\u80fd808HIFU\u5fae\u9488980\u8be6\u60c5\u9875_04-263x300.jpg 263w, https:\/\/www.mlkjlasers.com\/wp-content\/uploads\/2026\/01\/EXFU-M1\u591a\u529f\u80fd808HIFU\u5fae\u9488980\u8be6\u60c5\u9875_04-600x683.jpg 600w\" sizes=\"(max-width: 1920px) 100vw, 1920px\" \/><\/span><\/div>\n<div><span style=\"font-size: 14pt;\"><img loading=\"lazy\" decoding=\"async\" class=\"aligncenter wp-image-3614\" src=\"https:\/\/www.mlkjlasers.com\/wp-content\/uploads\/2026\/01\/EXFU-M1\u591a\u529f\u80fd808HIFU\u5fae\u9488980\u8be6\u60c5\u9875_05.jpg\" alt=\"\" width=\"1920\" height=\"1953\" srcset=\"https:\/\/www.mlkjlasers.com\/wp-content\/uploads\/2026\/01\/EXFU-M1\u591a\u529f\u80fd808HIFU\u5fae\u9488980\u8be6\u60c5\u9875_05.jpg 750w, https:\/\/www.mlkjlasers.com\/wp-content\/uploads\/2026\/01\/EXFU-M1\u591a\u529f\u80fd808HIFU\u5fae\u9488980\u8be6\u60c5\u9875_05-295x300.jpg 295w, https:\/\/www.mlkjlasers.com\/wp-content\/uploads\/2026\/01\/EXFU-M1\u591a\u529f\u80fd808HIFU\u5fae\u9488980\u8be6\u60c5\u9875_05-600x610.jpg 600w\" sizes=\"(max-width: 1920px) 100vw, 1920px\" \/><\/span><\/div>\n<\/div>\n<\/div>\n<\/div>\n<\/div>\n<\/div>\n<div class=\"J_module\" style=\"text-align: left;\">\n<div class=\"detail-decorate-json-renderer-container\">\n<div class=\"magic-5\">\n<div class=\"magic-6\">\n<div class=\"magic-7\">\n<div class=\"magic-8\"><span style=\"font-size: 14pt;\"><strong><span style=\"font-family: helvetica, arial, sans-serif;\">Mikro \u0130\u011fne &amp; Mikro \u0130\u011fne \u00c7ok Fonksiyonlu<\/span><\/strong><\/span><\/div>\n<div class=\"magic-8\"><span style=\"font-size: 14pt; font-family: helvetica, arial, sans-serif;\">1. Yal\u0131t\u0131lmayan i\u011fneler: epidermis ve dermis katman\u0131na e\u015fit terapi <\/span><\/div>\n<div class=\"magic-8\"><span style=\"font-size: 14pt; font-family: helvetica, arial, sans-serif;\">2. Ad\u0131m motor tipi: i\u011fne, \u015fok olmadan cilde p\u00fcr\u00fczs\u00fcz bir \u015fekilde eklenir\u00a0 <\/span><\/div>\n<div class=\"magic-8\"><span style=\"font-size: 14pt; font-family: helvetica, arial, sans-serif;\">3. Alt\u0131n kaplama i\u011fneler: y\u00fcksek biyolojik uyumluluk, metal alerji hastas\u0131na uygundur <\/span><\/div>\n<div class=\"magic-8\"><span style=\"font-size: 14pt; font-family: helvetica, arial, sans-serif;\">*. Anti-k\u0131r\u0131\u015f\u0131kl\u0131k, cildi sertle\u015ftirmek, sahte k\u0131r\u0131\u015f\u0131kl\u0131klar\u0131 iyile\u015ftirmek, ya\u011flar\u0131 \u00e7\u00f6zmek, \u015fekillendirmek ve kald\u0131rmak. <\/span><\/div>\n<div class=\"magic-8\"><span style=\"font-size: 14pt; font-family: helvetica, arial, sans-serif;\">*. Cildi h\u0131zl\u0131 bir \u015fekilde parlat\u0131n ve daha hassas hale getirin. <\/span><\/div>\n<div class=\"magic-8\"><span style=\"font-size: 14pt; font-family: helvetica, arial, sans-serif;\">*. Y\u00fcz lenf dola\u015f\u0131m\u0131n\u0131 aktif olarak te\u015fvik edin, cilt \u00f6demi sorununu \u00e7\u00f6z\u00fcn. <\/span><\/div>\n<div class=\"magic-8\"><span style=\"font-size: 14pt; font-family: helvetica, arial, sans-serif;\">*. Cildi kald\u0131rmak ve s\u0131k\u0131\u015ft\u0131rmak, stretch markalar\u0131n\u0131 tamir etmeyi etkili bir \u015fekilde \u00e7\u00f6zmek.<\/span><\/div>\n<div class=\"magic-8\"><span style=\"font-size: 14pt; font-family: helvetica, arial, sans-serif;\"> *. G\u00f6z\u00fcn siyah kenar\u0131n\u0131, g\u00f6z torbalar\u0131n\u0131 ve g\u00f6z\u00fcn etraf\u0131ndaki k\u0131r\u0131\u015f\u0131kl\u0131klar\u0131 \u00e7\u0131karmak. <\/span><\/div>\n<div class=\"magic-8\"><span style=\"font-size: 14pt; font-family: helvetica, arial, sans-serif;\">Gezenikleri k\u00fc\u00e7\u00fcltmek, blain izi onarmak, cildi sakinle\u015ftirmek.<\/span><\/div>\n<\/div>\n<\/div>\n<\/div>\n<\/div>\n<\/div>\n<div class=\"J_module\" style=\"text-align: left;\">\n<div class=\"icbu-pc-images magic-0\">\n<div>\n<div class=\"flex-layout-v\">\n<div class=\"flex-layout-h magic-0\">\n<div class=\"magic-47\"><span style=\"font-size: 14pt; font-family: helvetica, arial, sans-serif;\"><img loading=\"lazy\" decoding=\"async\" class=\"magic-48 aligncenter\" src=\"https:\/\/sc04.alicdn.com\/kf\/H76a10eb0580a43eea1049f4f685defe32\/201077653\/H76a10eb0580a43eea1049f4f685defe32.jpg\" width=\"1827\" height=\"1243\" data-src=\"\/\/sc04.alicdn.com\/kf\/H76a10eb0580a43eea1049f4f685defe32\/201077653\/H76a10eb0580a43eea1049f4f685defe32.jpg\" \/><\/span><\/div>\n<div><span style=\"font-size: 14pt;\"><b style=\"font-family: helvetica, arial, sans-serif;\">980nm lazer<\/b><\/span><\/div>\n<\/div>\n<\/div>\n<\/div>\n<\/div>\n<\/div>\n<div class=\"J_module\" style=\"text-align: left;\">\n<div class=\"detail-decorate-json-renderer-container\">\n<div class=\"magic-5\">\n<div class=\"magic-6\">\n<div class=\"magic-7\">\n<div class=\"magic-8\"><span style=\"font-size: 14pt; font-family: helvetica, arial, sans-serif;\">Kiri\u015f, \u00e7evredeki cilt dokusunu yakmaktan ka\u00e7\u0131n\u0131rken hedef dokuya ula\u015fmak i\u00e7in daha odaklanm\u0131\u015f enerji sa\u011flamak i\u00e7in 0,5-3mm \u00e7ap aral\u0131\u011f\u0131na odaklan\u0131r. <\/span><\/div>\n<div class=\"magic-8\"><span style=\"font-size: 14pt; font-family: helvetica, arial, sans-serif;\">Transkutan \u0131\u015f\u0131nlama (dokuya 1 ila 2 mm n\u00fcfuz ile) hemoglobin taraf\u0131ndan doku se\u00e7ici emilmesine neden olur (hemoglobin lazerin ana hedefidir) <\/span><\/div>\n<div class=\"magic-8\"><span style=\"font-size: 14pt; font-family: helvetica, arial, sans-serif;\"><b>\u00d6r\u00fcmcek ven k\u0131rm\u0131z\u0131 kan \u00e7izgisi kald\u0131r\u0131lmas\u0131, gri t\u0131rnak mantar\u0131 tedavisi.<\/b><\/span><\/div>\n<\/div>\n<\/div>\n<\/div>\n<\/div>\n<\/div>\n<div class=\"J_module\" style=\"text-align: left;\">\n<div class=\"icbu-pc-images magic-0\">\n<div>\n<div class=\"flex-layout-v\">\n<div class=\"flex-layout-h magic-0\">\n<div class=\"magic-51\"><span style=\"font-size: 14pt; font-family: helvetica, arial, sans-serif;\"><img loading=\"lazy\" decoding=\"async\" class=\"aligncenter wp-image-3618\" src=\"https:\/\/www.mlkjlasers.com\/wp-content\/uploads\/2026\/01\/EXFU-M1\u591a\u529f\u80fd808HIFU\u5fae\u9488980\u8be6\u60c5\u9875_09.jpg\" alt=\"\" width=\"1920\" height=\"2468\" srcset=\"https:\/\/www.mlkjlasers.com\/wp-content\/uploads\/2026\/01\/EXFU-M1\u591a\u529f\u80fd808HIFU\u5fae\u9488980\u8be6\u60c5\u9875_09.jpg 750w, https:\/\/www.mlkjlasers.com\/wp-content\/uploads\/2026\/01\/EXFU-M1\u591a\u529f\u80fd808HIFU\u5fae\u9488980\u8be6\u60c5\u9875_09-233x300.jpg 233w, https:\/\/www.mlkjlasers.com\/wp-content\/uploads\/2026\/01\/EXFU-M1\u591a\u529f\u80fd808HIFU\u5fae\u9488980\u8be6\u60c5\u9875_09-600x771.jpg 600w\" sizes=\"(max-width: 1920px) 100vw, 1920px\" \/><\/span><\/div>\n<\/div>\n<\/div>\n<\/div>\n<\/div>\n<\/div>\n<div class=\"J_module\" style=\"text-align: left;\">\n<div class=\"detail-decorate-json-renderer-container\">\n<div class=\"magic-5\">\n<div class=\"magic-6\">\n<div class=\"magic-7\">\n<div class=\"magic-8\">\n<div class=\"magic-9\"><span style=\"font-size: 14pt; font-family: helvetica, arial, sans-serif;\"><span class=\"magic-20\">1. <\/span><b class=\"magic-53\">14 in\u00e7<\/b><span class=\"magic-20\"> b\u00fcy\u00fck dokunmatik ekran, insanla\u015ft\u0131r\u0131lm\u0131\u015f tasarlanm\u0131\u015f<\/span><\/span><\/div>\n<div class=\"magic-9\">\n<div class=\"magic-9\"><span style=\"font-size: 14pt; font-family: helvetica, arial, sans-serif;\"><span class=\"magic-20\">2. Erkek \/ kad\u0131n, v\u00fccut par\u00e7alar\u0131,<\/span><b class=\"magic-54\"> Se\u00e7enekler i\u00e7in 6 cilt tipi.<\/b><\/span><\/div>\n<div class=\"magic-9\"><span class=\"magic-20\" style=\"font-size: 14pt; font-family: helvetica, arial, sans-serif;\">3. Ana diliniz \u0130ngilizce.<\/span><\/div>\n<div class=\"magic-9\" data-spm-anchor-id=\"a2700.details.0.i23.4f3d7272nLtHZk\"><span style=\"font-size: 14pt; font-family: helvetica, arial, sans-serif;\"><span class=\"magic-20\">4. <\/span><b class=\"magic-10\">\u00dccretsiz OEM<\/b><span class=\"magic-20\"> program hizmeti (logo \/ sistem&#8230;)<\/span><\/span><\/div>\n<\/div>\n<\/div>\n<\/div>\n<\/div>\n<\/div>\n<\/div>\n<\/div>\n<div style=\"text-align: left;\" data-spm-anchor-id=\"a2700.details.0.i23.4f3d7272nLtHZk\"><span style=\"font-size: 14pt;\"><img loading=\"lazy\" decoding=\"async\" class=\"aligncenter wp-image-3619\" src=\"https:\/\/www.mlkjlasers.com\/wp-content\/uploads\/2026\/01\/EXFU-M1\u591a\u529f\u80fd808HIFU\u5fae\u9488980\u8be6\u60c5\u9875_10.jpg\" alt=\"\" width=\"1920\" height=\"1426\" srcset=\"https:\/\/www.mlkjlasers.com\/wp-content\/uploads\/2026\/01\/EXFU-M1\u591a\u529f\u80fd808HIFU\u5fae\u9488980\u8be6\u60c5\u9875_10.jpg 750w, https:\/\/www.mlkjlasers.com\/wp-content\/uploads\/2026\/01\/EXFU-M1\u591a\u529f\u80fd808HIFU\u5fae\u9488980\u8be6\u60c5\u9875_10-300x223.jpg 300w, https:\/\/www.mlkjlasers.com\/wp-content\/uploads\/2026\/01\/EXFU-M1\u591a\u529f\u80fd808HIFU\u5fae\u9488980\u8be6\u60c5\u9875_10-600x446.jpg 600w\" sizes=\"(max-width: 1920px) 100vw, 1920px\" \/><\/span><\/div>\n<div data-spm-anchor-id=\"a2700.details.0.i23.4f3d7272nLtHZk\"><span style=\"font-size: 14pt;\"><img loading=\"lazy\" decoding=\"async\" class=\"aligncenter wp-image-3611\" src=\"https:\/\/www.mlkjlasers.com\/wp-content\/uploads\/2026\/01\/EXFU-M1\u591a\u529f\u80fd808HIFU\u5fae\u9488980\u8be6\u60c5\u9875_02.jpg\" alt=\"\" width=\"1920\" height=\"2140\" srcset=\"https:\/\/www.mlkjlasers.com\/wp-content\/uploads\/2026\/01\/EXFU-M1\u591a\u529f\u80fd808HIFU\u5fae\u9488980\u8be6\u60c5\u9875_02.jpg 750w, https:\/\/www.mlkjlasers.com\/wp-content\/uploads\/2026\/01\/EXFU-M1\u591a\u529f\u80fd808HIFU\u5fae\u9488980\u8be6\u60c5\u9875_02-269x300.jpg 269w, https:\/\/www.mlkjlasers.com\/wp-content\/uploads\/2026\/01\/EXFU-M1\u591a\u529f\u80fd808HIFU\u5fae\u9488980\u8be6\u60c5\u9875_02-600x669.jpg 600w\" sizes=\"(max-width: 1920px) 100vw, 1920px\" \/><\/span><\/div>\n<div style=\"text-align: left;\" data-spm-anchor-id=\"a2700.details.0.i23.4f3d7272nLtHZk\"><span style=\"font-size: 14pt;\"><img loading=\"lazy\" decoding=\"async\" class=\"aligncenter wp-image-3620\" src=\"https:\/\/www.mlkjlasers.com\/wp-content\/uploads\/2026\/01\/EXFU-M1\u591a\u529f\u80fd808HIFU\u5fae\u9488980\u8be6\u60c5\u9875_11.jpg\" alt=\"\" width=\"1920\" height=\"3351\" srcset=\"https:\/\/www.mlkjlasers.com\/wp-content\/uploads\/2026\/01\/EXFU-M1\u591a\u529f\u80fd808HIFU\u5fae\u9488980\u8be6\u60c5\u9875_11.jpg 750w, https:\/\/www.mlkjlasers.com\/wp-content\/uploads\/2026\/01\/EXFU-M1\u591a\u529f\u80fd808HIFU\u5fae\u9488980\u8be6\u60c5\u9875_11-172x300.jpg 172w, https:\/\/www.mlkjlasers.com\/wp-content\/uploads\/2026\/01\/EXFU-M1\u591a\u529f\u80fd808HIFU\u5fae\u9488980\u8be6\u60c5\u9875_11-587x1024.jpg 587w, https:\/\/www.mlkjlasers.com\/wp-content\/uploads\/2026\/01\/EXFU-M1\u591a\u529f\u80fd808HIFU\u5fae\u9488980\u8be6\u60c5\u9875_11-600x1047.jpg 600w\" sizes=\"(max-width: 1920px) 100vw, 1920px\" \/><\/span><\/div>\n<div data-spm-anchor-id=\"a2700.details.0.i23.4f3d7272nLtHZk\">\n<p style=\"text-align: left;\"><span style=\"font-family: helvetica, arial, sans-serif; font-size: 14pt; color: #0000ff;\">G\u00fczellik ekipmanlar\u0131, ortak arama ve g\u00fczellik giri\u015fimcili\u011fi hakk\u0131nda herhangi bir sorunuz varsa, l\u00fctfen MLKJ'ye dan\u0131\u015f\u0131n!<\/span><\/p>\n<p style=\"text-align: left;\"><span style=\"font-size: 14pt;\"><strong><span style=\"font-family: helvetica, arial, sans-serif; color: #0000ff;\">Tel\/Whatsapp: +86 15965364558<\/span><\/strong><\/span><\/p>\n<p style=\"text-align: left;\"><span style=\"font-size: 14pt;\"><strong><span style=\"font-family: helvetica, arial, sans-serif; color: #0000ff;\">E-mail: sale@mingliangkj.com<\/span><\/strong><\/span><\/p>\n<p style=\"text-align: left;\">\n<\/div>","protected":false},"excerpt":{"rendered":"<h1 data-spm-anchor-id=\"a2700.details.0.i21.4f3d7272nLtHZk\"><span style=\"font-size: 12pt; font-family: helvetica, arial, sans-serif;\">Yeni tasar\u0131m Diyot lazer epilasyon<\/span><\/h1>\n<h1 data-spm-anchor-id=\"a2700.details.0.i21.4f3d7272nLtHZk\"><span style=\"font-size: 12pt; font-family: helvetica, arial, sans-serif;\">Mikro i\u011fne lazeri<\/span><\/h1>\n<h1 data-spm-anchor-id=\"a2700.details.0.i21.4f3d7272nLtHZk\"><span style=\"font-size: 12pt; font-family: helvetica, arial, sans-serif;\">980nm lazer <\/span><\/h1>\n<h1 data-spm-anchor-id=\"a2700.details.0.i21.4f3d7272nLtHZk\"><span style=\"font-size: 12pt; font-family: helvetica, arial, sans-serif;\">11D Hifu Makinesi<\/span><\/h1>","protected":false},"featured_media":3609,"comment_status":"open","ping_status":"closed","template":"","meta":[],"product_cat":[29],"product_tag":[],"class_list":["post-2690","product","type-product","status-publish","has-post-thumbnail","hentry","product_cat-multifunction-beauty-machine"],"_links":{"self":[{"href":"https:\/\/www.mlkjlasers.com\/tr\/wp-json\/wp\/v2\/product\/2690","targetHints":{"allow":["GET"]}}],"collection":[{"href":"https:\/\/www.mlkjlasers.com\/tr\/wp-json\/wp\/v2\/product"}],"about":[{"href":"https:\/\/www.mlkjlasers.com\/tr\/wp-json\/wp\/v2\/types\/product"}],"replies":[{"embeddable":true,"href":"https:\/\/www.mlkjlasers.com\/tr\/wp-json\/wp\/v2\/comments?post=2690"}],"wp:featuredmedia":[{"embeddable":true,"href":"https:\/\/www.mlkjlasers.com\/tr\/wp-json\/wp\/v2\/media\/3609"}],"wp:attachment":[{"href":"https:\/\/www.mlkjlasers.com\/tr\/wp-json\/wp\/v2\/media?parent=2690"}],"wp:term":[{"taxonomy":"product_cat","embeddable":true,"href":"https:\/\/www.mlkjlasers.com\/tr\/wp-json\/wp\/v2\/product_cat?post=2690"},{"taxonomy":"product_tag","embeddable":true,"href":"https:\/\/www.mlkjlasers.com\/tr\/wp-json\/wp\/v2\/product_tag?post=2690"}],"curies":[{"name":"wp","href":"https:\/\/api.w.org\/{rel}","templated":true}]}}