{"id":2713,"date":"2023-11-15T14:54:18","date_gmt":"2023-11-15T06:54:18","guid":{"rendered":"https:\/\/mlkjlasers.com\/?post_type=product&#038;p=2713"},"modified":"2026-01-24T10:17:12","modified_gmt":"2026-01-24T02:17:12","slug":"q-switched-nd-yag-laser-tattoo-removal-machine-2","status":"publish","type":"product","link":"https:\/\/www.mlkjlasers.com\/tr\/product\/q-switched-nd-yag-laser-tattoo-removal-machine-2\/","title":{"rendered":"Pico Lazer D\u00f6vme Kald\u0131rma Q-Switched Nd Yag Lazer Makinesi"},"content":{"rendered":"<div class=\"J_module\">\n<div class=\"icbu-pc-images magic-0\">\n<div class=\"flex-layout-v\">\n<div class=\"flex-layout-h magic-0\">\n<div><span style=\"font-size: 14pt;\"><img fetchpriority=\"high\" decoding=\"async\" class=\"aligncenter size-full wp-image-3487\" src=\"https:\/\/www.mlkjlasers.com\/wp-content\/uploads\/2026\/01\/ND-LA3\u6d77\u62a5.jpg\" alt=\"\" width=\"1920\" height=\"300\" srcset=\"https:\/\/www.mlkjlasers.com\/wp-content\/uploads\/2026\/01\/ND-LA3\u6d77\u62a5.jpg 1920w, https:\/\/www.mlkjlasers.com\/wp-content\/uploads\/2026\/01\/ND-LA3\u6d77\u62a5-300x47.jpg 300w, https:\/\/www.mlkjlasers.com\/wp-content\/uploads\/2026\/01\/ND-LA3\u6d77\u62a5-1024x160.jpg 1024w, https:\/\/www.mlkjlasers.com\/wp-content\/uploads\/2026\/01\/ND-LA3\u6d77\u62a5-768x120.jpg 768w, https:\/\/www.mlkjlasers.com\/wp-content\/uploads\/2026\/01\/ND-LA3\u6d77\u62a5-1536x240.jpg 1536w, https:\/\/www.mlkjlasers.com\/wp-content\/uploads\/2026\/01\/ND-LA3\u6d77\u62a5-600x94.jpg 600w\" sizes=\"(max-width: 1920px) 100vw, 1920px\" \/><\/span><\/div>\n<div class=\"magic-1\">\n<p><span style=\"font-family: Arial; font-size: 14pt;\">1. Fonksiyon: d\u00f6vme kald\u0131rma, kal\u0131c\u0131 makup kald\u0131rma, nevus kald\u0131rma, ota kald\u0131rma nevus, karbon soyma tedavisi;<\/span><\/p>\n<p><span style=\"font-size: 14pt;\"><span style=\"font-family: Arial;\" data-spm-anchor-id=\"a2700.pc-decorate.0.i6.3eba3333s30LTF\">2. Problar: 6 prob <\/span><span style=\"font-family: Arial;\">Ayarlanabilir 1064\/532nm: nokta boyutunu ayarlayabilir, b\u00fcy\u00fck alan tedavisi i\u00e7in daha kolay; <\/span><span style=\"font-family: Arial;\">Sabit 1064\/532nm: can&#8217; t nokta boyutunu ayarlamak;<\/span><span style=\"font-family: Arial;\">755\/1320nm: cilt gen\u00e7lendirme.<\/span><\/span><\/p>\n<div><span style=\"font-family: Arial; font-size: 14pt;\">3.Frekans: 1-20HZ;<\/span><\/div>\n<\/div>\n<div class=\"magic-1\"><\/div>\n<div class=\"magic-1\"><\/div>\n<\/div>\n<\/div>\n<\/div>\n<\/div>\n<div class=\"J_module\">\n<div class=\"icbu-pc-images magic-0\">\n<div class=\"flex-layout-v\">\n<div class=\"flex-layout-h magic-0\">\n<div class=\"magic-11\"><span style=\"color: #000000; font-family: helvetica, arial, sans-serif; font-size: 14pt;\"><img decoding=\"async\" class=\"aligncenter size-full wp-image-3532\" src=\"https:\/\/www.mlkjlasers.com\/wp-content\/uploads\/2026\/01\/LA3\u8be6\u60c5\u98751_01.jpg\" alt=\"\" width=\"2344\" height=\"1329\" srcset=\"https:\/\/www.mlkjlasers.com\/wp-content\/uploads\/2026\/01\/LA3\u8be6\u60c5\u98751_01.jpg 2344w, https:\/\/www.mlkjlasers.com\/wp-content\/uploads\/2026\/01\/LA3\u8be6\u60c5\u98751_01-300x170.jpg 300w, https:\/\/www.mlkjlasers.com\/wp-content\/uploads\/2026\/01\/LA3\u8be6\u60c5\u98751_01-1024x581.jpg 1024w, https:\/\/www.mlkjlasers.com\/wp-content\/uploads\/2026\/01\/LA3\u8be6\u60c5\u98751_01-768x435.jpg 768w, https:\/\/www.mlkjlasers.com\/wp-content\/uploads\/2026\/01\/LA3\u8be6\u60c5\u98751_01-1536x871.jpg 1536w, https:\/\/www.mlkjlasers.com\/wp-content\/uploads\/2026\/01\/LA3\u8be6\u60c5\u98751_01-2048x1161.jpg 2048w, https:\/\/www.mlkjlasers.com\/wp-content\/uploads\/2026\/01\/LA3\u8be6\u60c5\u98751_01-600x340.jpg 600w\" sizes=\"(max-width: 2344px) 100vw, 2344px\" \/><\/span><\/div>\n<div><\/div>\n<\/div>\n<\/div>\n<\/div>\n<\/div>\n<div class=\"J_module\">\n<div class=\"detail-decorate-json-renderer-container\">\n<div class=\"magic-3\">\n<div class=\"magic-4\">\n<div class=\"magic-5\">\n<div class=\"magic-6\">\n<p><span style=\"font-size: 14pt;\"><span class=\"magic-15\" style=\"color: #000000; font-family: helvetica, arial, sans-serif;\"><span class=\"magic-8\"><b class=\"magic-16\"><span class=\"magic-16\">Usta kalitesi, a\u015f\u0131r\u0131 ayr\u0131nt\u0131lar\u0131 yans\u0131t\u0131r <\/span><\/b><\/span><\/span><span class=\"magic-8\" style=\"color: #000000; font-family: helvetica, arial, sans-serif;\"><b>Rasyonel tasar\u0131m <\/b><\/span><\/span><\/p>\n<div><span class=\"magic-8\" style=\"color: #000000; font-family: helvetica, arial, sans-serif; font-size: 14pt;\">1. \u00dcr\u00fcn yeni bir g\u00f6r\u00fcn\u00fcme sahiptir ve esasen s\u0131cak bir model olarak sat\u0131l\u0131r <\/span><\/div>\n<div><span class=\"magic-8\" style=\"color: #000000; font-family: helvetica, arial, sans-serif; font-size: 14pt;\">2. Ayarlanabilir kol braketi, g\u00fc\u00e7l\u00fc ve dayan\u0131kl\u0131 <\/span><\/div>\n<div><span class=\"magic-8\" style=\"color: #000000; font-family: helvetica, arial, sans-serif; font-size: 14pt;\">3. Kaymaz sap, ergonomik tasar\u0131m <\/span><\/div>\n<div><span class=\"magic-8\" style=\"color: #000000; font-family: helvetica, arial, sans-serif; font-size: 14pt;\">4. Geni\u015fletilmi\u015f tedavi ba\u011flant\u0131 t\u00fcp\u00fc<\/span><\/div>\n<div><\/div>\n<\/div>\n<div><span style=\"font-size: 14pt;\"><img decoding=\"async\" class=\"aligncenter size-full wp-image-3523\" src=\"https:\/\/www.mlkjlasers.com\/wp-content\/uploads\/2026\/01\/LA3\u8be6\u60c5\u98751_10.jpg\" alt=\"\" width=\"2344\" height=\"1656\" srcset=\"https:\/\/www.mlkjlasers.com\/wp-content\/uploads\/2026\/01\/LA3\u8be6\u60c5\u98751_10.jpg 2344w, https:\/\/www.mlkjlasers.com\/wp-content\/uploads\/2026\/01\/LA3\u8be6\u60c5\u98751_10-300x212.jpg 300w, https:\/\/www.mlkjlasers.com\/wp-content\/uploads\/2026\/01\/LA3\u8be6\u60c5\u98751_10-1024x723.jpg 1024w, https:\/\/www.mlkjlasers.com\/wp-content\/uploads\/2026\/01\/LA3\u8be6\u60c5\u98751_10-768x543.jpg 768w, https:\/\/www.mlkjlasers.com\/wp-content\/uploads\/2026\/01\/LA3\u8be6\u60c5\u98751_10-1536x1085.jpg 1536w, https:\/\/www.mlkjlasers.com\/wp-content\/uploads\/2026\/01\/LA3\u8be6\u60c5\u98751_10-2048x1447.jpg 2048w, https:\/\/www.mlkjlasers.com\/wp-content\/uploads\/2026\/01\/LA3\u8be6\u60c5\u98751_10-600x424.jpg 600w\" sizes=\"(max-width: 2344px) 100vw, 2344px\" \/><\/span><\/div>\n<\/div>\n<\/div>\n<div><\/div>\n<\/div>\n<\/div>\n<\/div>\n<div class=\"J_module\">\n<div class=\"icbu-pc-images magic-0\">\n<div class=\"flex-layout-v\">\n<div class=\"flex-layout-h magic-0\">\n<div class=\"magic-19\"><span style=\"font-size: 14pt;\"><b class=\"magic-20\" style=\"color: #000000; font-family: helvetica, arial, sans-serif;\"><span class=\"magic-16\">En k\u00fc\u00e7\u00fck boyut<\/span><\/b><\/span><\/div>\n<\/div>\n<\/div>\n<\/div>\n<\/div>\n<div class=\"J_module\">\n<div class=\"detail-decorate-json-renderer-container\">\n<div class=\"magic-3\">\n<div class=\"magic-4\">\n<div class=\"magic-5\">\n<div class=\"magic-6\"><span style=\"font-family: helvetica, arial, sans-serif; font-size: 14pt;\">En k\u00fc\u00e7\u00fck boyut 1. T\u0131bbi ekipmanlar\u0131n temel bile\u015fenlerini benimseyin. Makinenin b\u00fcy\u00fckl\u00fc\u011f\u00fc daha k\u00fc\u00e7\u00fckt\u00fcr. <\/span><\/div>\n<div class=\"magic-6\"><span style=\"font-family: helvetica, arial, sans-serif; font-size: 14pt;\">2. S\u0131radan makinelerden daha d\u00fc\u015f\u00fck s\u0131n\u0131r \u00f6tesi kargo. <\/span><\/div>\n<div class=\"magic-6\">\n<p><span style=\"font-family: helvetica, arial, sans-serif; font-size: 14pt;\">3. Kol daha k\u00fc\u00e7\u00fck ve kullan\u0131m\u0131 daha uygundur<\/span><\/p>\n<p><span style=\"font-size: 14pt;\"><img loading=\"lazy\" decoding=\"async\" class=\"aligncenter size-full wp-image-3529\" src=\"https:\/\/www.mlkjlasers.com\/wp-content\/uploads\/2026\/01\/LA3\u8be6\u60c5\u98751_04.jpg\" alt=\"\" width=\"2344\" height=\"1434\" srcset=\"https:\/\/www.mlkjlasers.com\/wp-content\/uploads\/2026\/01\/LA3\u8be6\u60c5\u98751_04.jpg 2344w, https:\/\/www.mlkjlasers.com\/wp-content\/uploads\/2026\/01\/LA3\u8be6\u60c5\u98751_04-300x184.jpg 300w, https:\/\/www.mlkjlasers.com\/wp-content\/uploads\/2026\/01\/LA3\u8be6\u60c5\u98751_04-1024x626.jpg 1024w, https:\/\/www.mlkjlasers.com\/wp-content\/uploads\/2026\/01\/LA3\u8be6\u60c5\u98751_04-768x470.jpg 768w, https:\/\/www.mlkjlasers.com\/wp-content\/uploads\/2026\/01\/LA3\u8be6\u60c5\u98751_04-1536x940.jpg 1536w, https:\/\/www.mlkjlasers.com\/wp-content\/uploads\/2026\/01\/LA3\u8be6\u60c5\u98751_04-2048x1253.jpg 2048w, https:\/\/www.mlkjlasers.com\/wp-content\/uploads\/2026\/01\/LA3\u8be6\u60c5\u98751_04-600x367.jpg 600w\" sizes=\"(max-width: 2344px) 100vw, 2344px\" \/><\/span><\/p>\n<div>\n<p><span style=\"font-size: 14pt;\"><strong style=\"font-family: helvetica, arial, sans-serif;\">5 tedavi kafalar\u0131, \u00e7\u0131kar\u0131labilir ve d\u00f6nd\u00fcr\u00fclebilir d\u0131\u015f tel tasar\u0131m\u0131<\/strong><\/span><\/p>\n<\/div>\n<\/div>\n<\/div>\n<\/div>\n<\/div>\n<\/div>\n<\/div>\n<div class=\"J_module\">\n<div class=\"detail-decorate-json-renderer-container\">\n<div class=\"magic-3\">\n<div class=\"magic-4\">\n<div class=\"magic-5\">\n<div class=\"magic-6\">\n<p><span style=\"font-family: helvetica, arial, sans-serif; font-size: 14pt;\">1. <strong>532:<\/strong> Renkli d\u00f6vmeleri \u00e7\u0131kar\u0131n. <\/span><\/p>\n<p><span style=\"font-family: helvetica, arial, sans-serif; font-size: 14pt;\">2. <strong>755:<\/strong> bal yuvar\u0131\u011f\u0131 kafas\u0131: ya\u015f lekeleri, lekeler ve kloazma'y\u0131 kald\u0131rmak i\u00e7in kullan\u0131l\u0131r. Cilt i\u00e7in az hasar <\/span><\/p>\n<p><span style=\"font-family: helvetica, arial, sans-serif; font-size: 14pt;\">3. <strong>Ayarlanabilir parametre 1064:<\/strong> d\u00f6vme kald\u0131rma, ka\u015f temizleme i\u00e7in <\/span><\/p>\n<p><span style=\"font-family: helvetica, arial, sans-serif; font-size: 14pt;\">4. <strong>Ayarlanamaz parametre 1064:<\/strong> D\u00f6vmeleri kald\u0131rmak ve ka\u015flar\u0131 temizlemek i\u00e7in kullan\u0131l\u0131r <\/span><\/p>\n<p><span style=\"font-family: helvetica, arial, sans-serif; font-size: 14pt;\">5. <strong>1320:<\/strong> geni\u015f alan tedavisi, b\u00fcy\u00fck nokta, h\u0131zl\u0131 tedavi h\u0131z\u0131 ve iyi etki<\/span><\/p>\n<div><span style=\"font-size: 14pt;\"><img loading=\"lazy\" decoding=\"async\" class=\"aligncenter size-full wp-image-3530\" src=\"https:\/\/www.mlkjlasers.com\/wp-content\/uploads\/2026\/01\/LA3\u8be6\u60c5\u98751_03.jpg\" alt=\"\" width=\"2344\" height=\"2064\" srcset=\"https:\/\/www.mlkjlasers.com\/wp-content\/uploads\/2026\/01\/LA3\u8be6\u60c5\u98751_03.jpg 2344w, https:\/\/www.mlkjlasers.com\/wp-content\/uploads\/2026\/01\/LA3\u8be6\u60c5\u98751_03-300x264.jpg 300w, https:\/\/www.mlkjlasers.com\/wp-content\/uploads\/2026\/01\/LA3\u8be6\u60c5\u98751_03-1024x902.jpg 1024w, https:\/\/www.mlkjlasers.com\/wp-content\/uploads\/2026\/01\/LA3\u8be6\u60c5\u98751_03-768x676.jpg 768w, https:\/\/www.mlkjlasers.com\/wp-content\/uploads\/2026\/01\/LA3\u8be6\u60c5\u98751_03-1536x1353.jpg 1536w, https:\/\/www.mlkjlasers.com\/wp-content\/uploads\/2026\/01\/LA3\u8be6\u60c5\u98751_03-2048x1803.jpg 2048w, https:\/\/www.mlkjlasers.com\/wp-content\/uploads\/2026\/01\/LA3\u8be6\u60c5\u98751_03-600x528.jpg 600w\" sizes=\"(max-width: 2344px) 100vw, 2344px\" \/><\/span><\/div>\n<\/div>\n<\/div>\n<\/div>\n<\/div>\n<\/div>\n<\/div>\n<div class=\"J_module\">\n<div class=\"icbu-pc-images magic-0\">\n<div>\n<div class=\"flex-layout-v\">\n<div class=\"flex-layout-h magic-0\">\n<div><span style=\"font-size: 14pt;\"><b style=\"color: #000000; font-family: helvetica, arial, sans-serif;\">Maksimum enerji, en iyi etki<\/b><\/span><\/div>\n<\/div>\n<\/div>\n<\/div>\n<\/div>\n<\/div>\n<div class=\"J_module\">\n<div class=\"detail-decorate-json-renderer-container\">\n<div class=\"magic-3\">\n<div class=\"magic-4\">\n<div class=\"magic-5\">\n<div class=\"magic-6\">\n<div><span class=\"magic-8\" style=\"color: #000000; font-family: helvetica, arial, sans-serif; font-size: 14pt;\">1. Laboratuvar verileri lazer \u00e7ubu\u011funun 2000mj'ye ula\u015ft\u0131\u011f\u0131n\u0131 g\u00f6steriyor. <\/span><\/div>\n<div><span class=\"magic-8\" style=\"color: #000000; font-family: helvetica, arial, sans-serif; font-size: 14pt;\">2. Lazer de\u011ferinin hassas hesaplanmas\u0131 <\/span><\/div>\n<div><span class=\"magic-8\" style=\"color: #000000; font-family: helvetica, arial, sans-serif; font-size: 14pt;\">3. G\u00f6stergi \u0131\u015f\u0131\u011f\u0131n\u0131n hedef mesafesi 6-10cm'dir<\/span><\/div>\n<div><span style=\"font-size: 14pt;\"><img loading=\"lazy\" decoding=\"async\" class=\"aligncenter size-full wp-image-3525\" src=\"https:\/\/www.mlkjlasers.com\/wp-content\/uploads\/2026\/01\/LA3\u8be6\u60c5\u98751_08.jpg\" alt=\"\" width=\"2344\" height=\"1800\" srcset=\"https:\/\/www.mlkjlasers.com\/wp-content\/uploads\/2026\/01\/LA3\u8be6\u60c5\u98751_08.jpg 2344w, https:\/\/www.mlkjlasers.com\/wp-content\/uploads\/2026\/01\/LA3\u8be6\u60c5\u98751_08-300x230.jpg 300w, https:\/\/www.mlkjlasers.com\/wp-content\/uploads\/2026\/01\/LA3\u8be6\u60c5\u98751_08-1024x786.jpg 1024w, https:\/\/www.mlkjlasers.com\/wp-content\/uploads\/2026\/01\/LA3\u8be6\u60c5\u98751_08-768x590.jpg 768w, https:\/\/www.mlkjlasers.com\/wp-content\/uploads\/2026\/01\/LA3\u8be6\u60c5\u98751_08-1536x1180.jpg 1536w, https:\/\/www.mlkjlasers.com\/wp-content\/uploads\/2026\/01\/LA3\u8be6\u60c5\u98751_08-2048x1573.jpg 2048w, https:\/\/www.mlkjlasers.com\/wp-content\/uploads\/2026\/01\/LA3\u8be6\u60c5\u98751_08-600x461.jpg 600w\" sizes=\"(max-width: 2344px) 100vw, 2344px\" \/><\/span><\/div>\n<\/div>\n<\/div>\n<\/div>\n<\/div>\n<\/div>\n<\/div>\n<div class=\"J_module\">\n<div class=\"icbu-pc-images magic-0\">\n<div>\n<div class=\"flex-layout-v\">\n<div class=\"flex-layout-h magic-0\">\n<div class=\"magic-11\"><\/div>\n<\/div>\n<\/div>\n<\/div>\n<\/div>\n<\/div>\n<div class=\"J_module\">\n<div class=\"detail-decorate-json-renderer-container\">\n<div class=\"magic-3\">\n<div class=\"magic-4\">\n<div class=\"magic-5\">\n<div class=\"magic-6\">\n<p><span style=\"color: #000000; font-family: helvetica, arial, sans-serif; font-size: 14pt;\">\u0130thal ta\u015f Q-anahtar kaset mekanizmas\u0131, Q-anahtar\u0131n\u0131 de\u011fi\u015ftirmeden t\u00fcm kat\u0131 lazer.<\/span><\/p>\n<div><span class=\"magic-8\" style=\"color: #000000; font-family: helvetica, arial, sans-serif; font-size: 14pt;\"><b>D\u00f6vme kald\u0131rma. Ka\u015f, g\u00f6z \u00e7izgisi, dudak \u00e7izgisi ve v\u00fccudun di\u011fer par\u00e7alar\u0131ndaki siyah, mavi, kahverengi ve k\u0131rm\u0131z\u0131 d\u00f6vme pigmentlerini \u00e7\u0131kar\u0131n Do\u011fum i\u015faretini, otas nevus ve dermal lekeyi \u00e7\u0131kar\u0131n An\u0131nda patlama y\u00fcksek lazer teknolojisi, uluslararas\u0131 \u00fcretim standart\u0131, teknik test kesinlikle.<\/b> Cilt sorunlar\u0131n\u0131n \u00e7\u00f6z\u00fcm\u00fc.<\/span><\/div>\n<div><span style=\"font-size: 14pt;\"><img loading=\"lazy\" decoding=\"async\" class=\"aligncenter size-full wp-image-3522\" src=\"https:\/\/www.mlkjlasers.com\/wp-content\/uploads\/2026\/01\/LA3\u8be6\u60c5\u98751_11.jpg\" alt=\"\" width=\"2344\" height=\"2151\" srcset=\"https:\/\/www.mlkjlasers.com\/wp-content\/uploads\/2026\/01\/LA3\u8be6\u60c5\u98751_11.jpg 2344w, https:\/\/www.mlkjlasers.com\/wp-content\/uploads\/2026\/01\/LA3\u8be6\u60c5\u98751_11-300x275.jpg 300w, https:\/\/www.mlkjlasers.com\/wp-content\/uploads\/2026\/01\/LA3\u8be6\u60c5\u98751_11-1024x940.jpg 1024w, https:\/\/www.mlkjlasers.com\/wp-content\/uploads\/2026\/01\/LA3\u8be6\u60c5\u98751_11-768x705.jpg 768w, https:\/\/www.mlkjlasers.com\/wp-content\/uploads\/2026\/01\/LA3\u8be6\u60c5\u98751_11-1536x1410.jpg 1536w, https:\/\/www.mlkjlasers.com\/wp-content\/uploads\/2026\/01\/LA3\u8be6\u60c5\u98751_11-2048x1879.jpg 2048w, https:\/\/www.mlkjlasers.com\/wp-content\/uploads\/2026\/01\/LA3\u8be6\u60c5\u98751_11-600x551.jpg 600w\" sizes=\"(max-width: 2344px) 100vw, 2344px\" \/><\/span><\/div>\n<\/div>\n<\/div>\n<div><\/div>\n<\/div>\n<\/div>\n<\/div>\n<\/div>\n<div class=\"J_module\">\n<div class=\"icbu-pc-images magic-0\">\n<div class=\"flex-layout-v\">\n<div class=\"flex-layout-h magic-0\">\n<div class=\"magic-32\"><\/div>\n<\/div>\n<\/div>\n<\/div>\n<\/div>\n<div class=\"J_module\">\n<div class=\"detail-decorate-json-renderer-container\">\n<div class=\"magic-3\">\n<div class=\"magic-4\">\n<div class=\"magic-5\">\n<div class=\"magic-6\" data-spm-anchor-id=\"a2700.wholesale.0.i54.5f0f3c62M7tBsi\"><span class=\"magic-8\" style=\"color: #000000; font-family: helvetica, arial, sans-serif; font-size: 14pt;\">&#8211; 12 in\u00e7 ger\u00e7ek renkli b\u00fcy\u00fck dokunmatik ekran<br \/>\n&#8211; Herhangi bir renk yazd\u0131r\u0131n. Yazd\u0131r\u0131n<b> logo<\/b> Makinede.<br \/>\n&#8211; Herhangi bir ekle <b>dil<\/b> makine sistemine.<br \/>\n&#8211; \u00d6zel tasar\u0131m <b>makine kabu\u011fu <\/b>sizin i\u00e7in, pazarda kendi markan\u0131z\u0131 olu\u015fturun.<br \/>\n&#8211; Yeni tasar\u0131m <b>aray\u00fcz ve sistem<\/b> makine, sizin ve m\u00fc\u015fterileriniz i\u00e7in en uygun hale getirin.<\/span><\/div>\n<div data-spm-anchor-id=\"a2700.wholesale.0.i54.5f0f3c62M7tBsi\"><span style=\"font-size: 14pt;\"><img loading=\"lazy\" decoding=\"async\" class=\"aligncenter size-full wp-image-3528\" src=\"https:\/\/www.mlkjlasers.com\/wp-content\/uploads\/2026\/01\/LA3\u8be6\u60c5\u98751_05-scaled.jpg\" alt=\"\" width=\"2209\" height=\"2560\" srcset=\"https:\/\/www.mlkjlasers.com\/wp-content\/uploads\/2026\/01\/LA3\u8be6\u60c5\u98751_05-scaled.jpg 2209w, https:\/\/www.mlkjlasers.com\/wp-content\/uploads\/2026\/01\/LA3\u8be6\u60c5\u98751_05-259x300.jpg 259w, https:\/\/www.mlkjlasers.com\/wp-content\/uploads\/2026\/01\/LA3\u8be6\u60c5\u98751_05-883x1024.jpg 883w, https:\/\/www.mlkjlasers.com\/wp-content\/uploads\/2026\/01\/LA3\u8be6\u60c5\u98751_05-768x890.jpg 768w, https:\/\/www.mlkjlasers.com\/wp-content\/uploads\/2026\/01\/LA3\u8be6\u60c5\u98751_05-1325x1536.jpg 1325w, https:\/\/www.mlkjlasers.com\/wp-content\/uploads\/2026\/01\/LA3\u8be6\u60c5\u98751_05-1767x2048.jpg 1767w, https:\/\/www.mlkjlasers.com\/wp-content\/uploads\/2026\/01\/LA3\u8be6\u60c5\u98751_05-600x695.jpg 600w\" sizes=\"(max-width: 2209px) 100vw, 2209px\" \/><\/span><\/div>\n<\/div>\n<\/div>\n<\/div>\n<\/div>\n<\/div>\n<div data-spm-anchor-id=\"a2700.wholesale.0.i54.5f0f3c62M7tBsi\"><span style=\"font-size: 14pt;\"><img loading=\"lazy\" decoding=\"async\" class=\"aligncenter size-full wp-image-3531\" src=\"https:\/\/www.mlkjlasers.com\/wp-content\/uploads\/2026\/01\/LA3\u8be6\u60c5\u98751_02.jpg\" alt=\"\" width=\"2344\" height=\"1385\" srcset=\"https:\/\/www.mlkjlasers.com\/wp-content\/uploads\/2026\/01\/LA3\u8be6\u60c5\u98751_02.jpg 2344w, https:\/\/www.mlkjlasers.com\/wp-content\/uploads\/2026\/01\/LA3\u8be6\u60c5\u98751_02-300x177.jpg 300w, https:\/\/www.mlkjlasers.com\/wp-content\/uploads\/2026\/01\/LA3\u8be6\u60c5\u98751_02-1024x605.jpg 1024w, https:\/\/www.mlkjlasers.com\/wp-content\/uploads\/2026\/01\/LA3\u8be6\u60c5\u98751_02-768x454.jpg 768w, https:\/\/www.mlkjlasers.com\/wp-content\/uploads\/2026\/01\/LA3\u8be6\u60c5\u98751_02-1536x908.jpg 1536w, https:\/\/www.mlkjlasers.com\/wp-content\/uploads\/2026\/01\/LA3\u8be6\u60c5\u98751_02-2048x1210.jpg 2048w, https:\/\/www.mlkjlasers.com\/wp-content\/uploads\/2026\/01\/LA3\u8be6\u60c5\u98751_02-600x355.jpg 600w\" sizes=\"(max-width: 2344px) 100vw, 2344px\" \/><\/span><\/div>\n<div data-spm-anchor-id=\"a2700.wholesale.0.i54.5f0f3c62M7tBsi\"><strong><span style=\"font-size: 14pt; font-family: arial, helvetica, sans-serif;\">5 tedavi kafalar\u0131 <\/span><span style=\"font-size: 14pt; font-family: arial, helvetica, sans-serif;\">\u00c7e\u015fitli cilt sorunlar\u0131na \u00e7\u00f6z\u00fcm<\/span><\/strong><br \/>\n<span style=\"font-size: 14pt; font-family: arial, helvetica, sans-serif;\">532: Renkli d\u00f6vmeleri \u00e7\u0131kar\u0131n.<\/span><br \/>\n<span style=\"font-size: 14pt; font-family: arial, helvetica, sans-serif;\">755 bal tarz\u0131 kafas\u0131: ya\u015f lekeleri, lekeler ve kloazma kald\u0131rmak i\u00e7in kullan\u0131l\u0131r. Cilt i\u00e7in az hasar<\/span><br \/>\n<span style=\"font-size: 14pt; font-family: arial, helvetica, sans-serif;\">Ayarlanabilir parametre 1064: d\u00f6vme kald\u0131rma, ka\u015f temizleme i\u00e7in<\/span><br \/>\n<span style=\"font-size: 14pt; font-family: arial, helvetica, sans-serif;\">Ayarlanamaz parametre 1064: d\u00f6vmeleri kald\u0131rmak ve ka\u015flar\u0131 temizlemek i\u00e7in kullan\u0131l\u0131r<\/span><br \/>\n<span style=\"font-size: 14pt; font-family: arial, helvetica, sans-serif;\">1320: geni\u015f alan tedavisi, b\u00fcy\u00fck nokta, h\u0131zl\u0131 tedavi h\u0131z\u0131 ve iyi etki<\/span><\/div>\n<div data-spm-anchor-id=\"a2700.wholesale.0.i54.5f0f3c62M7tBsi\"><img loading=\"lazy\" decoding=\"async\" class=\"aligncenter size-full wp-image-3526\" src=\"https:\/\/www.mlkjlasers.com\/wp-content\/uploads\/2026\/01\/LA3\u8be6\u60c5\u98751_07.jpg\" alt=\"\" width=\"2344\" height=\"1461\" srcset=\"https:\/\/www.mlkjlasers.com\/wp-content\/uploads\/2026\/01\/LA3\u8be6\u60c5\u98751_07.jpg 2344w, https:\/\/www.mlkjlasers.com\/wp-content\/uploads\/2026\/01\/LA3\u8be6\u60c5\u98751_07-300x187.jpg 300w, https:\/\/www.mlkjlasers.com\/wp-content\/uploads\/2026\/01\/LA3\u8be6\u60c5\u98751_07-1024x638.jpg 1024w, https:\/\/www.mlkjlasers.com\/wp-content\/uploads\/2026\/01\/LA3\u8be6\u60c5\u98751_07-768x479.jpg 768w, https:\/\/www.mlkjlasers.com\/wp-content\/uploads\/2026\/01\/LA3\u8be6\u60c5\u98751_07-1536x957.jpg 1536w, https:\/\/www.mlkjlasers.com\/wp-content\/uploads\/2026\/01\/LA3\u8be6\u60c5\u98751_07-2048x1277.jpg 2048w, https:\/\/www.mlkjlasers.com\/wp-content\/uploads\/2026\/01\/LA3\u8be6\u60c5\u98751_07-600x374.jpg 600w\" sizes=\"(max-width: 2344px) 100vw, 2344px\" \/><\/div>\n<div data-spm-anchor-id=\"a2700.wholesale.0.i54.5f0f3c62M7tBsi\"><img loading=\"lazy\" decoding=\"async\" class=\"aligncenter size-full wp-image-3524\" src=\"https:\/\/www.mlkjlasers.com\/wp-content\/uploads\/2026\/01\/LA3\u8be6\u60c5\u98751_09.jpg\" alt=\"\" width=\"2344\" height=\"1428\" srcset=\"https:\/\/www.mlkjlasers.com\/wp-content\/uploads\/2026\/01\/LA3\u8be6\u60c5\u98751_09.jpg 2344w, https:\/\/www.mlkjlasers.com\/wp-content\/uploads\/2026\/01\/LA3\u8be6\u60c5\u98751_09-300x183.jpg 300w, https:\/\/www.mlkjlasers.com\/wp-content\/uploads\/2026\/01\/LA3\u8be6\u60c5\u98751_09-1024x624.jpg 1024w, https:\/\/www.mlkjlasers.com\/wp-content\/uploads\/2026\/01\/LA3\u8be6\u60c5\u98751_09-768x468.jpg 768w, https:\/\/www.mlkjlasers.com\/wp-content\/uploads\/2026\/01\/LA3\u8be6\u60c5\u98751_09-1536x936.jpg 1536w, https:\/\/www.mlkjlasers.com\/wp-content\/uploads\/2026\/01\/LA3\u8be6\u60c5\u98751_09-2048x1248.jpg 2048w, https:\/\/www.mlkjlasers.com\/wp-content\/uploads\/2026\/01\/LA3\u8be6\u60c5\u98751_09-600x366.jpg 600w\" sizes=\"(max-width: 2344px) 100vw, 2344px\" \/><\/div>\n<div data-spm-anchor-id=\"a2700.wholesale.0.i54.5f0f3c62M7tBsi\"><span style=\"font-size: 14pt;\"><em><strong><span style=\"font-family: helvetica, arial, sans-serif;\"><span class=\"src\" data-group=\"0-0\">18 y\u0131ll\u0131k profesyonel g\u00fczellik e\u015fyalar\u0131 \u00e7e\u015fitli i\u015flevlerde \u00fcretimi.<\/span><span class=\"src\" data-group=\"0-1\"> Bire bire e\u011fitim hizmeti. \u015eimdi bizimle ileti\u015fime ge\u00e7in!<\/span><\/span><\/strong><\/em><\/span><\/div>\n<div data-spm-anchor-id=\"a2700.wholesale.0.i54.5f0f3c62M7tBsi\"><\/div>\n<div data-spm-anchor-id=\"a2700.wholesale.0.i54.5f0f3c62M7tBsi\"><\/div>","protected":false},"excerpt":{"rendered":"<p><span style=\"font-family: helvetica, arial, sans-serif;\">* En yeni ta\u015f\u0131nabilir picosecond lazer, normal lazer kafalar\u0131n\u0131n yan\u0131 s\u0131ra, cildin daha derin katman\u0131n\u0131 alabilen ve her t\u00fcrl\u00fc \u00e7i\u00e7ek i\u00e7in \u00e7ok iyi bir etki yapabilen 755nm picosecond lazer kafalar\u0131 da ekler: kloasma, ya\u015f pigmenti vb.<\/span><\/p>\n<p><span style=\"font-family: helvetica, arial, sans-serif;\">* 1064nm, 532nm kafas\u0131 d\u00f6vme kald\u0131rma, g\u00f6z \u00e7izgisi kald\u0131rma vb yapabilir.<\/span><\/p>\n<p><span style=\"font-family: helvetica, arial, sans-serif;\">* 1320nm siyah bebek cilt beyazlatma yapabilir.<\/span><\/p>\n<p><span style=\"font-family: helvetica, arial, sans-serif;\">* Cilt ve sa\u00e7 folik\u00fcl\u00fcne zarar vermez; yara izi riski yok. A\u011fr\u0131s\u0131z tedavi, az yan etki.<\/span><\/p>\n<p><span style=\"font-family: helvetica, arial, sans-serif;\">*<span class=\"src\" data-group=\"0-0\">\u00c7e\u015fitli fonksiyonlarda 15 y\u0131ll\u0131k profesyonel g\u00fczellik e\u015fyalar\u0131 \u00fcretimi.<\/span><span class=\"src\" data-group=\"0-1\"> Bire bire e\u011fitim hizmeti.<\/span><\/span><\/p>","protected":false},"featured_media":3481,"comment_status":"open","ping_status":"closed","template":"","meta":[],"product_cat":[23],"product_tag":[],"class_list":["post-2713","product","type-product","status-publish","has-post-thumbnail","hentry","product_cat-picosecond-laser"],"_links":{"self":[{"href":"https:\/\/www.mlkjlasers.com\/tr\/wp-json\/wp\/v2\/product\/2713","targetHints":{"allow":["GET"]}}],"collection":[{"href":"https:\/\/www.mlkjlasers.com\/tr\/wp-json\/wp\/v2\/product"}],"about":[{"href":"https:\/\/www.mlkjlasers.com\/tr\/wp-json\/wp\/v2\/types\/product"}],"replies":[{"embeddable":true,"href":"https:\/\/www.mlkjlasers.com\/tr\/wp-json\/wp\/v2\/comments?post=2713"}],"wp:featuredmedia":[{"embeddable":true,"href":"https:\/\/www.mlkjlasers.com\/tr\/wp-json\/wp\/v2\/media\/3481"}],"wp:attachment":[{"href":"https:\/\/www.mlkjlasers.com\/tr\/wp-json\/wp\/v2\/media?parent=2713"}],"wp:term":[{"taxonomy":"product_cat","embeddable":true,"href":"https:\/\/www.mlkjlasers.com\/tr\/wp-json\/wp\/v2\/product_cat?post=2713"},{"taxonomy":"product_tag","embeddable":true,"href":"https:\/\/www.mlkjlasers.com\/tr\/wp-json\/wp\/v2\/product_tag?post=2713"}],"curies":[{"name":"wp","href":"https:\/\/api.w.org\/{rel}","templated":true}]}}