{"id":2840,"date":"2023-12-13T11:23:21","date_gmt":"2023-12-13T03:23:21","guid":{"rendered":"https:\/\/mlkjlasers.com\/?post_type=product&#038;p=2840"},"modified":"2026-01-26T10:34:42","modified_gmt":"2026-01-26T02:34:42","slug":"professional-755-808-1064-diode-laser-hair-removal-nd-yag-q-switched-tattoo-removal-laser","status":"publish","type":"product","link":"https:\/\/www.mlkjlasers.com\/tr\/product\/professional-755-808-1064-diode-laser-hair-removal-nd-yag-q-switched-tattoo-removal-laser\/","title":{"rendered":"Profesyonel 755 808 1064 diyot lazer epilasyon Nd yag q d\u00f6vme kald\u0131rma lazeri anahtarlad\u0131"},"content":{"rendered":"<p>&nbsp;<\/p>\n<p><img fetchpriority=\"high\" decoding=\"async\" class=\"aligncenter size-full wp-image-3557\" src=\"https:\/\/www.mlkjlasers.com\/wp-content\/uploads\/2026\/01\/D19-808ND-\u5207\u56fe_01.jpg\" alt=\"\" width=\"2400\" height=\"1350\" srcset=\"https:\/\/www.mlkjlasers.com\/wp-content\/uploads\/2026\/01\/D19-808ND-\u5207\u56fe_01.jpg 2400w, https:\/\/www.mlkjlasers.com\/wp-content\/uploads\/2026\/01\/D19-808ND-\u5207\u56fe_01-300x169.jpg 300w, https:\/\/www.mlkjlasers.com\/wp-content\/uploads\/2026\/01\/D19-808ND-\u5207\u56fe_01-1024x576.jpg 1024w, https:\/\/www.mlkjlasers.com\/wp-content\/uploads\/2026\/01\/D19-808ND-\u5207\u56fe_01-768x432.jpg 768w, https:\/\/www.mlkjlasers.com\/wp-content\/uploads\/2026\/01\/D19-808ND-\u5207\u56fe_01-1536x864.jpg 1536w, https:\/\/www.mlkjlasers.com\/wp-content\/uploads\/2026\/01\/D19-808ND-\u5207\u56fe_01-2048x1152.jpg 2048w, https:\/\/www.mlkjlasers.com\/wp-content\/uploads\/2026\/01\/D19-808ND-\u5207\u56fe_01-600x338.jpg 600w\" sizes=\"(max-width: 2400px) 100vw, 2400px\" \/><\/p>\n<p><span style=\"font-size: 18pt; font-family: arial, helvetica, sans-serif;\"><strong>Avantajlar\u0131:<\/strong><\/span><br \/>\n<span style=\"font-size: 14pt; font-family: arial, helvetica, sans-serif;\"><strong>2 in 1 ND \/ 808nm diyot lazer \u00e7ok i\u015flevli makinesinin a\u00e7\u0131klamalar\u0131, Makine 2 sap i\u00e7erir:<\/strong><\/span><br \/>\n<span style=\"font-size: 14pt; font-family: arial, helvetica, sans-serif;\"><strong>1) D\u00f6vme kald\u0131r\u0131lmas\u0131, pigment kald\u0131r\u0131lmas\u0131, \u00e7i\u00e7ek kald\u0131r\u0131lmas\u0131, k\u00f6k\u00fcn kald\u0131r\u0131lmas\u0131, ka\u015f nak\u0131\u015f kald\u0131r\u0131lmas\u0131, siyah y\u00fcz bebe\u011fi i\u00e7in ND yag kolu;<\/strong><\/span><br \/>\n<span style=\"font-size: 14pt; font-family: arial, helvetica, sans-serif;\"><strong>2) Kal\u0131c\u0131, h\u0131zl\u0131 ve a\u011fr\u0131s\u0131z epilasyon i\u00e7in 808nm diyot lazer kolu.<\/strong><\/span><\/p>\n<div><span style=\"font-size: 14pt; font-family: arial, helvetica, sans-serif;\"><strong>808nm Diyot Lazer: T\u00fcm cilt t\u00fcrleri ve sa\u00e7 renklerini kolayca kar\u015f\u0131lamak i\u00e7in tasarlanan en son teknoloji 808nm Diyot Lazerimizle kal\u0131c\u0131 epilasyondaki verimlili\u011fin zirvesini ke\u015ffedin. Sadece h\u0131zl\u0131 de\u011fil, ayn\u0131 zamanda neredeyse a\u011fr\u0131s\u0131z olan ve e\u015fsiz sonu\u00e7lar sa\u011flayan tedavilerle sa\u00e7 \u00e7\u0131karma devrimini deneyimleyin.<\/strong><\/span><\/div>\n<p>&nbsp;<\/p>\n<div><img decoding=\"async\" class=\"aligncenter size-full wp-image-3558\" src=\"https:\/\/www.mlkjlasers.com\/wp-content\/uploads\/2026\/01\/D19-808ND-\u5207\u56fe_02.jpg\" alt=\"\" width=\"2400\" height=\"1350\" srcset=\"https:\/\/www.mlkjlasers.com\/wp-content\/uploads\/2026\/01\/D19-808ND-\u5207\u56fe_02.jpg 2400w, https:\/\/www.mlkjlasers.com\/wp-content\/uploads\/2026\/01\/D19-808ND-\u5207\u56fe_02-300x169.jpg 300w, https:\/\/www.mlkjlasers.com\/wp-content\/uploads\/2026\/01\/D19-808ND-\u5207\u56fe_02-1024x576.jpg 1024w, https:\/\/www.mlkjlasers.com\/wp-content\/uploads\/2026\/01\/D19-808ND-\u5207\u56fe_02-768x432.jpg 768w, https:\/\/www.mlkjlasers.com\/wp-content\/uploads\/2026\/01\/D19-808ND-\u5207\u56fe_02-1536x864.jpg 1536w, https:\/\/www.mlkjlasers.com\/wp-content\/uploads\/2026\/01\/D19-808ND-\u5207\u56fe_02-2048x1152.jpg 2048w, https:\/\/www.mlkjlasers.com\/wp-content\/uploads\/2026\/01\/D19-808ND-\u5207\u56fe_02-600x338.jpg 600w\" sizes=\"(max-width: 2400px) 100vw, 2400px\" \/><\/div>\n<div class=\"magic-13\"><span style=\"font-family: arial, helvetica, sans-serif; font-size: 18pt; color: #000000;\"><b class=\"magic-14\"><span class=\"magic-15\" data-spm-anchor-id=\"a2700.wholesale.0.i85.410c572fClQ0UR\">Bu makine i\u00e7in, tamamen 2 kolu vard\u0131r:<\/span><\/b><\/span><\/div>\n<div class=\"magic-13\"><span style=\"font-family: arial, helvetica, sans-serif; font-size: 14pt; color: #000000;\"><b>1) Diyot Lazer kolu, kullan\u0131n:<\/b><\/span><\/div>\n<div class=\"magic-13\"><span style=\"font-family: arial, helvetica, sans-serif; font-size: 14pt; color: #993300;\">Kal\u0131c\u0131 sa\u00e7 \u00e7\u0131karma.<\/span><\/div>\n<div class=\"magic-13\"><span style=\"font-family: arial, helvetica, sans-serif; font-size: 14pt; color: #000000;\"><b>2) ND YAG kolu, kullan\u0131n:<\/b><\/span><\/div>\n<div class=\"magic-13\" data-spm-anchor-id=\"a2700.wholesale.0.i84.410c572fClQ0UR\"><span style=\"font-family: arial, helvetica, sans-serif; font-size: 14pt; color: #993300;\">D\u00f6vme kald\u0131rma, ka\u015f kald\u0131rma d\u00f6vme, dudak \u00e7izgisi kald\u0131rma, cilt gen\u00e7le\u015ftirme, do\u011fum i\u015faretini, otas nevus ve dermal lekeyi kald\u0131rma.<\/span><\/div>\n<p><span style=\"color: #993366; font-family: arial, helvetica, sans-serif;\"><strong><span style=\"font-size: 14pt;\"><span class=\"magic-12\" data-spm-anchor-id=\"a2700.wholesale.0.i80.405d3809lncSnH\">1. Diyot Lazer teknik, t\u00fcm cilt ve sa\u00e7 t\u00fcrleri i\u00e7in uygundur.<\/span><\/span><\/strong><\/span><\/p>\n<p><span style=\"color: #993366; font-family: arial, helvetica, sans-serif;\"><strong><span style=\"font-size: 14pt;\"><span class=\"magic-12\" data-spm-anchor-id=\"a2700.wholesale.0.i80.405d3809lncSnH\">2. Kollar: Nokta boyutu 12 * 20mm, di\u011fer 12 * 35mm<\/span><\/span><\/strong><\/span><\/p>\n<p><span style=\"color: #993366; font-family: arial, helvetica, sans-serif;\"><strong><span style=\"font-size: 14pt;\"><span class=\"magic-12\" data-spm-anchor-id=\"a2700.wholesale.0.i80.405d3809lncSnH\">3. H\u0131zl\u0131 tedavi: 1-10Hz frekans\u0131, ABD ithal lazer \u00e7ubuklar\u0131.<\/span><\/span><\/strong><\/span><\/p>\n<p><span style=\"color: #993366; font-family: arial, helvetica, sans-serif;\"><strong><span class=\"magic-12\" style=\"font-size: 14pt;\">4.755 808 1064, t\u00fcm cilt t\u00fcrleri i\u00e7in<\/span><\/strong><\/span><\/p>\n<p>&nbsp;<\/p>\n<p><img decoding=\"async\" class=\"aligncenter size-full wp-image-3559\" src=\"https:\/\/www.mlkjlasers.com\/wp-content\/uploads\/2026\/01\/D19-808ND-\u5207\u56fe_03.jpg\" alt=\"\" width=\"2400\" height=\"1350\" srcset=\"https:\/\/www.mlkjlasers.com\/wp-content\/uploads\/2026\/01\/D19-808ND-\u5207\u56fe_03.jpg 2400w, https:\/\/www.mlkjlasers.com\/wp-content\/uploads\/2026\/01\/D19-808ND-\u5207\u56fe_03-300x169.jpg 300w, https:\/\/www.mlkjlasers.com\/wp-content\/uploads\/2026\/01\/D19-808ND-\u5207\u56fe_03-1024x576.jpg 1024w, https:\/\/www.mlkjlasers.com\/wp-content\/uploads\/2026\/01\/D19-808ND-\u5207\u56fe_03-768x432.jpg 768w, https:\/\/www.mlkjlasers.com\/wp-content\/uploads\/2026\/01\/D19-808ND-\u5207\u56fe_03-1536x864.jpg 1536w, https:\/\/www.mlkjlasers.com\/wp-content\/uploads\/2026\/01\/D19-808ND-\u5207\u56fe_03-2048x1152.jpg 2048w, https:\/\/www.mlkjlasers.com\/wp-content\/uploads\/2026\/01\/D19-808ND-\u5207\u56fe_03-600x338.jpg 600w\" sizes=\"(max-width: 2400px) 100vw, 2400px\" \/><\/p>\n<p><span style=\"font-family: arial, helvetica, sans-serif;\"><strong><span style=\"font-size: 14pt;\">1. S\u00fcrekli, s\u00fcper darbe, k\u0131smen farkl\u0131 \u00e7al\u0131\u015fma modlar\u0131.<\/span><\/strong><\/span><br \/>\n<span style=\"font-family: arial, helvetica, sans-serif;\"><strong><span style=\"font-size: 14pt;\">2. Odan noktas\u0131 \u00e7ap\u0131 ve aral\u0131\u011f\u0131 ayarlanabilir.<\/span><\/strong><\/span><br \/>\n<span style=\"font-family: arial, helvetica, sans-serif;\"><strong><span style=\"font-size: 14pt;\">3. En iyi ABD RF lazer t\u00fcp\u00fc, CONHERENT'ten ithal edilmi\u015f, istikrarl\u0131 performans, y\u00fcksek etkili.<\/span><\/strong><\/span><br \/>\n<span style=\"font-family: arial, helvetica, sans-serif;\"><strong><span style=\"font-size: 14pt;\">4. Cildin pigmentasyonu ve depigmantasyonu yok, ekstra t\u00fcketim malzemesine ihtiya\u00e7 yoktur.<\/span><\/strong><\/span><br \/>\n<span style=\"font-family: arial, helvetica, sans-serif;\"><strong><span style=\"font-size: 14pt;\">5. Otomatik alam ile g\u00fcvenlik koruma.<\/span><\/strong><\/span><br \/>\n<span style=\"font-family: arial, helvetica, sans-serif;\"><strong><span style=\"font-size: 14pt;\">6. Kolay ve h\u0131zl\u0131 tedavi, durma s\u00fcresi yok.<\/span><\/strong><\/span><br \/>\n<span style=\"font-family: arial, helvetica, sans-serif;\"><strong><span style=\"font-size: 14pt;\">7. \u00c7e\u015fitli nokta hacmleri v\u00fccudun farkl\u0131 b\u00f6lgeleri i\u00e7in uygundur.<\/span><\/strong><\/span><\/p>\n<p><img loading=\"lazy\" decoding=\"async\" class=\"aligncenter size-full wp-image-3567\" src=\"https:\/\/www.mlkjlasers.com\/wp-content\/uploads\/2026\/01\/D19-808ND-\u5207\u56fe_11.jpg\" alt=\"\" width=\"2400\" height=\"1350\" srcset=\"https:\/\/www.mlkjlasers.com\/wp-content\/uploads\/2026\/01\/D19-808ND-\u5207\u56fe_11.jpg 2400w, https:\/\/www.mlkjlasers.com\/wp-content\/uploads\/2026\/01\/D19-808ND-\u5207\u56fe_11-300x169.jpg 300w, https:\/\/www.mlkjlasers.com\/wp-content\/uploads\/2026\/01\/D19-808ND-\u5207\u56fe_11-1024x576.jpg 1024w, https:\/\/www.mlkjlasers.com\/wp-content\/uploads\/2026\/01\/D19-808ND-\u5207\u56fe_11-768x432.jpg 768w, https:\/\/www.mlkjlasers.com\/wp-content\/uploads\/2026\/01\/D19-808ND-\u5207\u56fe_11-1536x864.jpg 1536w, https:\/\/www.mlkjlasers.com\/wp-content\/uploads\/2026\/01\/D19-808ND-\u5207\u56fe_11-2048x1152.jpg 2048w, https:\/\/www.mlkjlasers.com\/wp-content\/uploads\/2026\/01\/D19-808ND-\u5207\u56fe_11-600x338.jpg 600w\" sizes=\"(max-width: 2400px) 100vw, 2400px\" \/><\/p>\n<div class=\"magic-7\"><span style=\"font-family: arial, helvetica, sans-serif; font-size: 14pt; color: #993300;\"><span class=\"magic-12\">Y\u00fcksek nd yag lazer teknolojisi, uluslararas\u0131 \u00fcretim standart\u0131, teknik test kesinlikle.<\/span><\/span><\/div>\n<div class=\"magic-7\" data-spm-anchor-id=\"a2700.wholesale.0.i82.405d3809lncSnH\"><span style=\"font-family: arial, helvetica, sans-serif; font-size: 14pt; color: #993300;\"><span class=\"magic-12\" data-spm-anchor-id=\"a2700.wholesale.0.i83.405d3809lncSnH\">\u0130thal ta\u015f Q-anahtar kaset mekanizmas\u0131, Q-anahtar\u0131n\u0131 de\u011fi\u015ftirmeden t\u00fcm kat\u0131 lazer.<\/span><\/span><\/div>\n<div data-spm-anchor-id=\"a2700.wholesale.0.i82.405d3809lncSnH\"><img loading=\"lazy\" decoding=\"async\" class=\"aligncenter size-full wp-image-3560\" src=\"https:\/\/www.mlkjlasers.com\/wp-content\/uploads\/2026\/01\/D19-808ND-\u5207\u56fe_04.jpg\" alt=\"\" width=\"2400\" height=\"1350\" srcset=\"https:\/\/www.mlkjlasers.com\/wp-content\/uploads\/2026\/01\/D19-808ND-\u5207\u56fe_04.jpg 2400w, https:\/\/www.mlkjlasers.com\/wp-content\/uploads\/2026\/01\/D19-808ND-\u5207\u56fe_04-300x169.jpg 300w, https:\/\/www.mlkjlasers.com\/wp-content\/uploads\/2026\/01\/D19-808ND-\u5207\u56fe_04-1024x576.jpg 1024w, https:\/\/www.mlkjlasers.com\/wp-content\/uploads\/2026\/01\/D19-808ND-\u5207\u56fe_04-768x432.jpg 768w, https:\/\/www.mlkjlasers.com\/wp-content\/uploads\/2026\/01\/D19-808ND-\u5207\u56fe_04-1536x864.jpg 1536w, https:\/\/www.mlkjlasers.com\/wp-content\/uploads\/2026\/01\/D19-808ND-\u5207\u56fe_04-2048x1152.jpg 2048w, https:\/\/www.mlkjlasers.com\/wp-content\/uploads\/2026\/01\/D19-808ND-\u5207\u56fe_04-600x338.jpg 600w\" sizes=\"(max-width: 2400px) 100vw, 2400px\" \/><\/div>\n<p>&nbsp;<\/p>\n<p><span style=\"font-family: arial, helvetica, sans-serif; font-size: 14pt;\"><strong><span style=\"color: #993366;\">5 Kafa 1mm'den 7mm'ye kadar nokta boyutunu ayarlay\u0131n<\/span><\/strong><\/span><\/p>\n<p><span style=\"font-family: arial, helvetica, sans-serif; font-size: 14pt;\"><strong><span style=\"color: #993366;\">\u00c7e\u015fitli lekeleri kald\u0131rmak ve cilt dokusunu iyile\u015ftirmek i\u00e7in kullan\u0131lan pigmentlerin 755nm hassas ve derin par\u00e7alanmas\u0131<\/span><\/strong><\/span><\/p>\n<p><span style=\"font-family: arial, helvetica, sans-serif; font-size: 14pt;\"><strong><span style=\"color: #993366;\">Ayarlanabilir 1064\/532 nm kafas\u0131 b\u00fcy\u00fck alan d\u00f6vme \/ pigment kald\u0131rma i\u00e7in;<\/span><\/strong><\/span><\/p>\n<p><span style=\"font-family: arial, helvetica, sans-serif; font-size: 14pt;\"><strong><span style=\"color: #993366;\">Sabit 1064\/532 nm kafas\u0131 k\u00fc\u00e7\u00fck alan veya \u00f6zel yer d\u00f6vme \/ pigment kald\u0131rma i\u00e7in;<\/span><\/strong><\/span><\/p>\n<div><span style=\"font-family: arial, helvetica, sans-serif; font-size: 14pt;\"><strong><span style=\"color: #993366;\">1320 nm kafas\u0131 cilt beyazlatma, cilt gen\u00e7le\u015ftirme i\u00e7in Siyah Bebek Tedavi i\u00e7in.<\/span><\/strong><\/span><\/div>\n<div><img loading=\"lazy\" decoding=\"async\" class=\"aligncenter size-full wp-image-3561\" src=\"https:\/\/www.mlkjlasers.com\/wp-content\/uploads\/2026\/01\/D19-808ND-\u5207\u56fe_05.jpg\" alt=\"\" width=\"2400\" height=\"1350\" srcset=\"https:\/\/www.mlkjlasers.com\/wp-content\/uploads\/2026\/01\/D19-808ND-\u5207\u56fe_05.jpg 2400w, https:\/\/www.mlkjlasers.com\/wp-content\/uploads\/2026\/01\/D19-808ND-\u5207\u56fe_05-300x169.jpg 300w, https:\/\/www.mlkjlasers.com\/wp-content\/uploads\/2026\/01\/D19-808ND-\u5207\u56fe_05-1024x576.jpg 1024w, https:\/\/www.mlkjlasers.com\/wp-content\/uploads\/2026\/01\/D19-808ND-\u5207\u56fe_05-768x432.jpg 768w, https:\/\/www.mlkjlasers.com\/wp-content\/uploads\/2026\/01\/D19-808ND-\u5207\u56fe_05-1536x864.jpg 1536w, https:\/\/www.mlkjlasers.com\/wp-content\/uploads\/2026\/01\/D19-808ND-\u5207\u56fe_05-2048x1152.jpg 2048w, https:\/\/www.mlkjlasers.com\/wp-content\/uploads\/2026\/01\/D19-808ND-\u5207\u56fe_05-600x338.jpg 600w\" sizes=\"(max-width: 2400px) 100vw, 2400px\" \/><\/div>\n<p>&nbsp;<\/p>\n<p><span style=\"font-size: 14pt;\"><strong><span style=\"font-family: arial, helvetica, sans-serif;\">Tedavi Uygulamalar\u0131m\u0131z\u0131 Ke\u015ffedin:<\/span><\/strong><\/span><br \/>\n<span style=\"font-size: 14pt; font-family: arial, helvetica, sans-serif;\">K\u0131l \u00e7\u0131karma: T\u00fcm cilt t\u00fcrleri i\u00e7in g\u00fczel bir \u015fekilde uyarlanm\u0131\u015f h\u0131zl\u0131, a\u011fr\u0131s\u0131z bir prosed\u00fcr deneyimleyin.<\/span><br \/>\n<span style=\"font-size: 14pt; font-family: arial, helvetica, sans-serif;\">D\u00f6vme kald\u0131r\u0131lmas\u0131, pigment kald\u0131r\u0131lmas\u0131, \u00e7i\u00e7ek kald\u0131r\u0131lmas\u0131, k\u00f6stekek kald\u0131r\u0131lmas\u0131, ka\u015f nak\u0131\u015f kald\u0131r\u0131lmas\u0131, siyah y\u00fcz bebe\u011fi,<span style=\"color: #000000;\">Nevus kald\u0131rma, do\u011fum i\u015fareti kald\u0131rma, cilt gen\u00e7le\u015ftirme ve cilt beyazlatma.<\/span><\/span><span style=\"font-family: arial, helvetica, sans-serif; font-size: 14pt; color: #000000;\">\u00a0<\/span><\/p>\n<p>&nbsp;<\/p>\n<p><img loading=\"lazy\" decoding=\"async\" class=\"aligncenter size-full wp-image-3566\" src=\"https:\/\/www.mlkjlasers.com\/wp-content\/uploads\/2026\/01\/D19-808ND-\u5207\u56fe_10.jpg\" alt=\"\" width=\"2400\" height=\"1350\" srcset=\"https:\/\/www.mlkjlasers.com\/wp-content\/uploads\/2026\/01\/D19-808ND-\u5207\u56fe_10.jpg 2400w, https:\/\/www.mlkjlasers.com\/wp-content\/uploads\/2026\/01\/D19-808ND-\u5207\u56fe_10-300x169.jpg 300w, https:\/\/www.mlkjlasers.com\/wp-content\/uploads\/2026\/01\/D19-808ND-\u5207\u56fe_10-1024x576.jpg 1024w, https:\/\/www.mlkjlasers.com\/wp-content\/uploads\/2026\/01\/D19-808ND-\u5207\u56fe_10-768x432.jpg 768w, https:\/\/www.mlkjlasers.com\/wp-content\/uploads\/2026\/01\/D19-808ND-\u5207\u56fe_10-1536x864.jpg 1536w, https:\/\/www.mlkjlasers.com\/wp-content\/uploads\/2026\/01\/D19-808ND-\u5207\u56fe_10-2048x1152.jpg 2048w, https:\/\/www.mlkjlasers.com\/wp-content\/uploads\/2026\/01\/D19-808ND-\u5207\u56fe_10-600x338.jpg 600w\" sizes=\"(max-width: 2400px) 100vw, 2400px\" \/><\/p>\n<p><span style=\"font-family: arial, helvetica, sans-serif; font-size: 14pt; color: #000000;\">1) B\u00fcy\u00fck boyut: kullan\u0131ld\u0131 <b>14 in\u00e7 renkli dokunmatik ekran.<\/b><br \/>\n2) \u00c7oklu dil: \u00dc\u00e7 \u00e7e\u015fit cilt t\u00fcr\u00fc se\u00e7ene\u011fi, kullan\u0131m\u0131 kolay.<br \/>\n3) <b>OEM hizmeti<\/b>: logonuz makine ekran\u0131na \u00fccretsiz olarak eklenebilir, \u00f6zel dilinizi kabul edin.<\/span><\/p>\n<p>&nbsp;<\/p>\n<p><img loading=\"lazy\" decoding=\"async\" class=\"aligncenter size-full wp-image-3563\" src=\"https:\/\/www.mlkjlasers.com\/wp-content\/uploads\/2026\/01\/D19-808ND-\u5207\u56fe_07.jpg\" alt=\"\" width=\"2400\" height=\"1350\" srcset=\"https:\/\/www.mlkjlasers.com\/wp-content\/uploads\/2026\/01\/D19-808ND-\u5207\u56fe_07.jpg 2400w, https:\/\/www.mlkjlasers.com\/wp-content\/uploads\/2026\/01\/D19-808ND-\u5207\u56fe_07-300x169.jpg 300w, https:\/\/www.mlkjlasers.com\/wp-content\/uploads\/2026\/01\/D19-808ND-\u5207\u56fe_07-1024x576.jpg 1024w, https:\/\/www.mlkjlasers.com\/wp-content\/uploads\/2026\/01\/D19-808ND-\u5207\u56fe_07-768x432.jpg 768w, https:\/\/www.mlkjlasers.com\/wp-content\/uploads\/2026\/01\/D19-808ND-\u5207\u56fe_07-1536x864.jpg 1536w, https:\/\/www.mlkjlasers.com\/wp-content\/uploads\/2026\/01\/D19-808ND-\u5207\u56fe_07-2048x1152.jpg 2048w, https:\/\/www.mlkjlasers.com\/wp-content\/uploads\/2026\/01\/D19-808ND-\u5207\u56fe_07-600x338.jpg 600w\" sizes=\"(max-width: 2400px) 100vw, 2400px\" \/><\/p>\n<p><span style=\"font-size: 14pt; font-family: arial, helvetica, sans-serif;\"><strong>Kullan\u0131c\u0131 Dostu Aray\u00fcz\u00fc: Kullan\u0131m kolayl\u0131\u011f\u0131 i\u00e7in tasarlanm\u0131\u015f sezgisel bir dokunmatik ekran aray\u00fcz\u00fc ile \u00e7abas\u0131z navigasyon<\/strong><\/span><br \/>\n<span style=\"font-size: 14pt; font-family: arial, helvetica, sans-serif;\"><strong>Geli\u015fmi\u015f So\u011futma Sistemi: \u00dcst\u00fcn hasta konforunu garanti eder ve a\u015f\u0131r\u0131 \u0131s\u0131nmadan ka\u00e7\u0131n\u0131r, sakin bir deneyim sa\u011flar<\/strong><\/span><br \/>\n<span style=\"font-size: 14pt; font-family: arial, helvetica, sans-serif;\"><strong>Y\u00fcksek Performans: Her oturum i\u00e7in s\u00fcrekli olarak g\u00fcvenilir, g\u00fcvenli ve verimli sonu\u00e7lar sunar<\/strong><\/span><br \/>\n<span style=\"font-size: 14pt; font-family: arial, helvetica, sans-serif;\"><strong>Dayan\u0131kl\u0131 Tasar\u0131m: Dayan\u0131kl\u0131 performans ve uzun \u00f6m\u00fcr sa\u011flamak i\u00e7in premium malzemelerle yap\u0131lm\u0131\u015ft\u0131r<\/strong><\/span><\/p>\n<p><img loading=\"lazy\" decoding=\"async\" class=\"aligncenter size-full wp-image-3564\" src=\"https:\/\/www.mlkjlasers.com\/wp-content\/uploads\/2026\/01\/D19-808ND-\u5207\u56fe_08.jpg\" alt=\"\" width=\"2400\" height=\"1350\" srcset=\"https:\/\/www.mlkjlasers.com\/wp-content\/uploads\/2026\/01\/D19-808ND-\u5207\u56fe_08.jpg 2400w, https:\/\/www.mlkjlasers.com\/wp-content\/uploads\/2026\/01\/D19-808ND-\u5207\u56fe_08-300x169.jpg 300w, https:\/\/www.mlkjlasers.com\/wp-content\/uploads\/2026\/01\/D19-808ND-\u5207\u56fe_08-1024x576.jpg 1024w, https:\/\/www.mlkjlasers.com\/wp-content\/uploads\/2026\/01\/D19-808ND-\u5207\u56fe_08-768x432.jpg 768w, https:\/\/www.mlkjlasers.com\/wp-content\/uploads\/2026\/01\/D19-808ND-\u5207\u56fe_08-1536x864.jpg 1536w, https:\/\/www.mlkjlasers.com\/wp-content\/uploads\/2026\/01\/D19-808ND-\u5207\u56fe_08-2048x1152.jpg 2048w, https:\/\/www.mlkjlasers.com\/wp-content\/uploads\/2026\/01\/D19-808ND-\u5207\u56fe_08-600x338.jpg 600w\" sizes=\"(max-width: 2400px) 100vw, 2400px\" \/><\/p>\n<p>&nbsp;<\/p>\n<p><img loading=\"lazy\" decoding=\"async\" class=\"aligncenter size-full wp-image-3562\" src=\"https:\/\/www.mlkjlasers.com\/wp-content\/uploads\/2026\/01\/D19-808ND-\u5207\u56fe_06.jpg\" alt=\"\" width=\"2400\" height=\"1350\" srcset=\"https:\/\/www.mlkjlasers.com\/wp-content\/uploads\/2026\/01\/D19-808ND-\u5207\u56fe_06.jpg 2400w, https:\/\/www.mlkjlasers.com\/wp-content\/uploads\/2026\/01\/D19-808ND-\u5207\u56fe_06-300x169.jpg 300w, https:\/\/www.mlkjlasers.com\/wp-content\/uploads\/2026\/01\/D19-808ND-\u5207\u56fe_06-1024x576.jpg 1024w, https:\/\/www.mlkjlasers.com\/wp-content\/uploads\/2026\/01\/D19-808ND-\u5207\u56fe_06-768x432.jpg 768w, https:\/\/www.mlkjlasers.com\/wp-content\/uploads\/2026\/01\/D19-808ND-\u5207\u56fe_06-1536x864.jpg 1536w, https:\/\/www.mlkjlasers.com\/wp-content\/uploads\/2026\/01\/D19-808ND-\u5207\u56fe_06-2048x1152.jpg 2048w, https:\/\/www.mlkjlasers.com\/wp-content\/uploads\/2026\/01\/D19-808ND-\u5207\u56fe_06-600x338.jpg 600w\" sizes=\"(max-width: 2400px) 100vw, 2400px\" \/><\/p>\n<p><span style=\"font-size: 14pt; font-family: arial, helvetica, sans-serif;\">En geli\u015fmi\u015f 2 in 1 profesyonel g\u00fczellik makinesi, e\u015fsiz estetik m\u00fckemmellik i\u00e7in dikkatle tasarlanm\u0131\u015ft\u0131r. K\u0131l kald\u0131rma, d\u00f6vme kald\u0131rma, pigment kald\u0131rma, \u00e7i\u00e7ek kald\u0131rma, ke\u00e7ek kald\u0131rma, ka\u015f nak\u0131\u015f kald\u0131rma, siyah y\u00fcz bebe\u011fi konusunda ola\u011fan\u00fcst\u00fc yeteneklere sahiptir. Profesyonel salonlar, g\u00fczellik klinikleri ve t\u0131bbi spa hizmetlerini karma\u015f\u0131kl\u0131k ve m\u00fc\u015fteri memnuniyetinin yeni y\u00fcksekliklerine y\u00fckseltmek i\u00e7in tasarlanm\u0131\u015ft\u0131r.<\/span><\/p>\n<p>&nbsp;<\/p>\n<p><img loading=\"lazy\" decoding=\"async\" class=\"aligncenter size-full wp-image-3565\" src=\"https:\/\/www.mlkjlasers.com\/wp-content\/uploads\/2026\/01\/D19-808ND-\u5207\u56fe_09.jpg\" alt=\"\" width=\"2400\" height=\"1350\" srcset=\"https:\/\/www.mlkjlasers.com\/wp-content\/uploads\/2026\/01\/D19-808ND-\u5207\u56fe_09.jpg 2400w, https:\/\/www.mlkjlasers.com\/wp-content\/uploads\/2026\/01\/D19-808ND-\u5207\u56fe_09-300x169.jpg 300w, https:\/\/www.mlkjlasers.com\/wp-content\/uploads\/2026\/01\/D19-808ND-\u5207\u56fe_09-1024x576.jpg 1024w, https:\/\/www.mlkjlasers.com\/wp-content\/uploads\/2026\/01\/D19-808ND-\u5207\u56fe_09-768x432.jpg 768w, https:\/\/www.mlkjlasers.com\/wp-content\/uploads\/2026\/01\/D19-808ND-\u5207\u56fe_09-1536x864.jpg 1536w, https:\/\/www.mlkjlasers.com\/wp-content\/uploads\/2026\/01\/D19-808ND-\u5207\u56fe_09-2048x1152.jpg 2048w, https:\/\/www.mlkjlasers.com\/wp-content\/uploads\/2026\/01\/D19-808ND-\u5207\u56fe_09-600x338.jpg 600w\" sizes=\"(max-width: 2400px) 100vw, 2400px\" \/><\/p>\n<p>&nbsp;<\/p>\n<p><span style=\"font-family: arial, helvetica, sans-serif;\"><strong>FDA, CE, ISO13485, ROHS her zaman ortaklar\u0131m\u0131za ve m\u00fc\u015fterilerimize daha g\u00fcvenilir \u00fcr\u00fcnler getirmek i\u00e7in yeni yenilik ilham\u0131 ar\u0131yoruz.<\/strong><\/span><\/p>\n<p><span style=\"font-family: arial, helvetica, sans-serif;\"><strong><a href=\"https:\/\/www.mlkjlasers.com\/tr\/contact-us\/\" target=\"_blank\" rel=\"noopener\">Bug\u00fcn bizimle ileti\u015fime ge\u00e7in!<\/a><\/strong><\/span><\/p>\n<p><span style=\"font-family: arial, helvetica, sans-serif;\"><strong><a href=\"https:\/\/www.mlkjlasers.com\/tr\/contact-us\/\" target=\"_blank\" rel=\"noopener\">[Phone\u00a0Number]\uff1a+8615965364558<\/a><\/strong><\/span><\/p>\n<p><span style=\"font-family: arial, helvetica, sans-serif;\">[Email\u00a0Address]:sale@mingliangkj.com<\/span><\/p>","protected":false},"excerpt":{"rendered":"<p>Profesyonel 755 808 1064 diyot lazer epilasyon Nd yag q d\u00f6vme kald\u0131rma lazeri anahtarlad\u0131<\/p>","protected":false},"featured_media":3554,"comment_status":"open","ping_status":"closed","template":"","meta":[],"product_cat":[29],"product_tag":[],"class_list":["post-2840","product","type-product","status-publish","has-post-thumbnail","hentry","product_cat-multifunction-beauty-machine"],"_links":{"self":[{"href":"https:\/\/www.mlkjlasers.com\/tr\/wp-json\/wp\/v2\/product\/2840","targetHints":{"allow":["GET"]}}],"collection":[{"href":"https:\/\/www.mlkjlasers.com\/tr\/wp-json\/wp\/v2\/product"}],"about":[{"href":"https:\/\/www.mlkjlasers.com\/tr\/wp-json\/wp\/v2\/types\/product"}],"replies":[{"embeddable":true,"href":"https:\/\/www.mlkjlasers.com\/tr\/wp-json\/wp\/v2\/comments?post=2840"}],"wp:featuredmedia":[{"embeddable":true,"href":"https:\/\/www.mlkjlasers.com\/tr\/wp-json\/wp\/v2\/media\/3554"}],"wp:attachment":[{"href":"https:\/\/www.mlkjlasers.com\/tr\/wp-json\/wp\/v2\/media?parent=2840"}],"wp:term":[{"taxonomy":"product_cat","embeddable":true,"href":"https:\/\/www.mlkjlasers.com\/tr\/wp-json\/wp\/v2\/product_cat?post=2840"},{"taxonomy":"product_tag","embeddable":true,"href":"https:\/\/www.mlkjlasers.com\/tr\/wp-json\/wp\/v2\/product_tag?post=2840"}],"curies":[{"name":"wp","href":"https:\/\/api.w.org\/{rel}","templated":true}]}}