{"id":2890,"date":"2024-01-19T14:00:16","date_gmt":"2024-01-19T06:00:16","guid":{"rendered":"https:\/\/mlkjlasers.com\/?post_type=product&#038;p=2890"},"modified":"2026-01-23T15:05:25","modified_gmt":"2026-01-23T07:05:25","slug":"80k-cavitation-vacuum-machine-rf-roller-massage-body-shaping-slimming-machine-cavitation-vacuum-rf-machine","status":"publish","type":"product","link":"https:\/\/www.mlkjlasers.com\/tr\/product\/80k-cavitation-vacuum-machine-rf-roller-massage-body-shaping-slimming-machine-cavitation-vacuum-rf-machine\/","title":{"rendered":"80K kavitasyon vakum makinesi rf silindir masaj v\u00fccut \u015fekillendirme zay\u0131flama makinesi kavitasyon vakum rf makinesi"},"content":{"rendered":"<p><img fetchpriority=\"high\" decoding=\"async\" class=\"aligncenter wp-image-2891\" src=\"https:\/\/mlkjlasers.com\/wp-content\/uploads\/2024\/01\/1.jpg\" alt=\"\" width=\"1920\" height=\"1080\" srcset=\"https:\/\/www.mlkjlasers.com\/wp-content\/uploads\/2024\/01\/1.jpg 1920w, https:\/\/www.mlkjlasers.com\/wp-content\/uploads\/2024\/01\/1-300x169.jpg 300w, https:\/\/www.mlkjlasers.com\/wp-content\/uploads\/2024\/01\/1-1024x576.jpg 1024w, https:\/\/www.mlkjlasers.com\/wp-content\/uploads\/2024\/01\/1-768x432.jpg 768w, https:\/\/www.mlkjlasers.com\/wp-content\/uploads\/2024\/01\/1-1536x864.jpg 1536w, https:\/\/www.mlkjlasers.com\/wp-content\/uploads\/2024\/01\/1-600x338.jpg 600w\" sizes=\"(max-width: 1920px) 100vw, 1920px\" \/><\/p>\n<p><img decoding=\"async\" class=\"aligncenter wp-image-2892\" src=\"https:\/\/mlkjlasers.com\/wp-content\/uploads\/2024\/01\/2.jpg\" alt=\"\" width=\"1920\" height=\"1080\" srcset=\"https:\/\/www.mlkjlasers.com\/wp-content\/uploads\/2024\/01\/2.jpg 1920w, https:\/\/www.mlkjlasers.com\/wp-content\/uploads\/2024\/01\/2-300x169.jpg 300w, https:\/\/www.mlkjlasers.com\/wp-content\/uploads\/2024\/01\/2-1024x576.jpg 1024w, https:\/\/www.mlkjlasers.com\/wp-content\/uploads\/2024\/01\/2-768x432.jpg 768w, https:\/\/www.mlkjlasers.com\/wp-content\/uploads\/2024\/01\/2-1536x864.jpg 1536w, https:\/\/www.mlkjlasers.com\/wp-content\/uploads\/2024\/01\/2-600x338.jpg 600w\" sizes=\"(max-width: 1920px) 100vw, 1920px\" \/><\/p>\n<p>&nbsp;<\/p>\n<p><span class=\"magic-9\"><b class=\"magic-10\" data-spm-anchor-id=\"a2700.wholesale.0.i89.7c517cf3tiIswF\">80K kavitasyon: <\/b>D\u00fc\u015f\u00fck frekansl\u0131 ultrason dalgalar\u0131n\u0131n kullan\u0131m\u0131na dayanarak v\u00fccutta \u201ckavitasyon\u201d olarak adland\u0131r\u0131lan bir fenomen yarat\u0131r. Kavitasyon, ultrason dalgalar\u0131 ya\u011f h\u00fccrelerini \u00e7evreleyen s\u0131v\u0131da k\u00fc\u00e7\u00fck baloncuklar\u0131n olu\u015fumuna ve patlamas\u0131na neden oldu\u011funda olu\u015fur ve onlar\u0131n par\u00e7alanmas\u0131na neden olur. Sel\u00fclit g\u00f6r\u00fcn\u00fcm\u00fcn\u00fc azaltmak, cildi tonize etmek ve sertle\u015ftirmek ve tedavi edilen b\u00f6lgelerin \u00e7evresini azaltmak i\u00e7in etkili olabilir. <\/span><\/p>\n<div data-spm-anchor-id=\"a2700.wholesale.0.i87.7c517cf3tiIswF\"><span class=\"magic-9\"><b class=\"magic-10\">\u00c7ok kutumlu RF: <\/b>Cilde uygulanan elektromanyetik dalgalar\u0131 kullan\u0131r ve dalgalar cildin y\u00fczeyine n\u00fcfuz eder ve daha derin katmanlara ula\u015f\u0131r, dokular\u0131n titremesine ve \u0131s\u0131 \u00fcretmesine neden olur. B\u00f6ylece ya\u011f h\u00fccrelerinin par\u00e7alanmas\u0131n\u0131 te\u015fvik eder <\/span><\/div>\n<div data-spm-anchor-id=\"a2700.wholesale.0.i88.7c517cf3tiIswF\"><span class=\"magic-9\"><b class=\"magic-10\">Vakum RF: <\/b>Hem vakum emi\u015f hem de RF teknolojisinin teknolojilerini birle\u015ftirir. Vakum emmesi cildi masaj etmek ve manip\u00fcle etmek i\u00e7in kullan\u0131l\u0131rken, RF teknolojisi cildin derin katmanlar\u0131n\u0131 \u0131s\u0131tmak, kolajen \u00fcretimini ve ya\u011f h\u00fccrelerinin par\u00e7alanmas\u0131n\u0131 te\u015fvik etmek i\u00e7in kullan\u0131l\u0131r.<\/span><\/div>\n<div data-spm-anchor-id=\"a2700.wholesale.0.i88.7c517cf3tiIswF\"><\/div>\n<div data-spm-anchor-id=\"a2700.wholesale.0.i88.7c517cf3tiIswF\"><img decoding=\"async\" class=\"aligncenter wp-image-2893\" src=\"https:\/\/mlkjlasers.com\/wp-content\/uploads\/2024\/01\/3.jpg\" alt=\"\" width=\"1920\" height=\"1608\" srcset=\"https:\/\/www.mlkjlasers.com\/wp-content\/uploads\/2024\/01\/3.jpg 1920w, https:\/\/www.mlkjlasers.com\/wp-content\/uploads\/2024\/01\/3-300x251.jpg 300w, https:\/\/www.mlkjlasers.com\/wp-content\/uploads\/2024\/01\/3-1024x858.jpg 1024w, https:\/\/www.mlkjlasers.com\/wp-content\/uploads\/2024\/01\/3-768x643.jpg 768w, https:\/\/www.mlkjlasers.com\/wp-content\/uploads\/2024\/01\/3-1536x1286.jpg 1536w, https:\/\/www.mlkjlasers.com\/wp-content\/uploads\/2024\/01\/3-600x503.jpg 600w\" sizes=\"(max-width: 1920px) 100vw, 1920px\" \/><\/div>\n<div data-spm-anchor-id=\"a2700.wholesale.0.i88.7c517cf3tiIswF\"><\/div>\n<div data-spm-anchor-id=\"a2700.wholesale.0.i88.7c517cf3tiIswF\"><b class=\"magic-10\" data-spm-anchor-id=\"a2700.wholesale.0.i91.7c517cf3tiIswF\">Bu makine nas\u0131l \u00e7al\u0131\u015f\u0131r?<br \/>\n<\/b>Y\u00fcz ameliyat\u0131 kafas\u0131 yoluyla, kolajen, elastik lifler, hialuronik asit ve di\u011fer maddeler olu\u015fturmak ve cilt canl\u0131l\u0131\u011f\u0131n\u0131 geri kazand\u0131rmak i\u00e7in insan fibroblastlar\u0131n\u0131 canland\u0131rabilir; Y\u00fcz cildinin sar\u0131 s\u0131k\u0131c\u0131, kontur a\u00e7\u0131k de\u011fil, esneklik eksikli\u011fi, cilt gev\u015fek, k\u0131r\u0131\u015f\u0131kl\u0131klar, \u00e7ift \u00e7ene ve y\u00fcz depresyonu \u00e7\u00f6zebilir. \u0130nce v\u00fccut \u015fekillendirme: adipositlerin par\u00e7alanmas\u0131 i\u00e7in, lipitleri kas enerjisine par\u00e7alamak, ya\u011f hacmini azaltmak, cildi s\u0131k\u0131\u015ft\u0131rmak, \u015fekil etkisi. Sel\u00fclit birikimi, v\u00fccut obezitesi, portakal cilt dokusu, nem \u00f6demi vb. \u00e7\u00f6zebilir.<\/p>\n<\/div>\n<div data-spm-anchor-id=\"a2700.wholesale.0.i88.7c517cf3tiIswF\"><\/div>\n<div data-spm-anchor-id=\"a2700.wholesale.0.i88.7c517cf3tiIswF\"><img loading=\"lazy\" decoding=\"async\" class=\"aligncenter wp-image-2897\" src=\"https:\/\/mlkjlasers.com\/wp-content\/uploads\/2024\/01\/7.jpg\" alt=\"\" width=\"1920\" height=\"1080\" srcset=\"https:\/\/www.mlkjlasers.com\/wp-content\/uploads\/2024\/01\/7.jpg 1920w, https:\/\/www.mlkjlasers.com\/wp-content\/uploads\/2024\/01\/7-300x169.jpg 300w, https:\/\/www.mlkjlasers.com\/wp-content\/uploads\/2024\/01\/7-1024x576.jpg 1024w, https:\/\/www.mlkjlasers.com\/wp-content\/uploads\/2024\/01\/7-768x432.jpg 768w, https:\/\/www.mlkjlasers.com\/wp-content\/uploads\/2024\/01\/7-1536x864.jpg 1536w, https:\/\/www.mlkjlasers.com\/wp-content\/uploads\/2024\/01\/7-600x338.jpg 600w\" sizes=\"(max-width: 1920px) 100vw, 1920px\" \/><\/div>\n<div data-spm-anchor-id=\"a2700.wholesale.0.i88.7c517cf3tiIswF\"><\/div>\n<div data-spm-anchor-id=\"a2700.wholesale.0.i88.7c517cf3tiIswF\"><b class=\"magic-10\">Avantajlar\u0131 ve \u00d6zellikleri<br \/>\n<\/b>1. V\u00fccut kolu, kontrol edilmesi ve ayarlanmas\u0131 daha kolay olan 2,8 in\u00e7 dokunmatik ekranla donat\u0131lm\u0131\u015ft\u0131r.<br \/>\n2. G\u00fczellik masaj\u0131na gerek yok, basit \u00e7al\u0131\u015fma g\u00fcvenlidir.<br \/>\n3. Frekans d\u00f6n\u00fc\u015f\u00fcm\u00fc negatif bas\u0131n\u00e7 \u00e7ekimi: saf fiziksel \u00f6zelli\u011fin cilde zarar\u0131 yoktur, en iyi etki<br \/>\nEn derin.<br \/>\n4. \u0130ki y\u00f6nl\u00fc g\u00fc\u00e7 silindiri: temas y\u00fczeyi daha geni\u015ftir, fonksiyon alan\u0131 daha b\u00fcy\u00fck, fonksiyon derinli\u011fi daha derindir.<br \/>\n5. Ki\u015fisel \u00f6zel collet: \u00fc\u00e7 boyutlu etki derin, ak\u0131ll\u0131 sonsuz de\u011fi\u015fken h\u0131z uyarma derinli\u011fi farkl\u0131d\u0131r.<\/div>\n<div data-spm-anchor-id=\"a2700.wholesale.0.i88.7c517cf3tiIswF\"><\/div>\n<div data-spm-anchor-id=\"a2700.wholesale.0.i88.7c517cf3tiIswF\"><img loading=\"lazy\" decoding=\"async\" class=\"aligncenter wp-image-2895\" src=\"https:\/\/mlkjlasers.com\/wp-content\/uploads\/2024\/01\/5.jpg\" alt=\"\" width=\"1920\" height=\"1080\" srcset=\"https:\/\/www.mlkjlasers.com\/wp-content\/uploads\/2024\/01\/5.jpg 1920w, https:\/\/www.mlkjlasers.com\/wp-content\/uploads\/2024\/01\/5-300x169.jpg 300w, https:\/\/www.mlkjlasers.com\/wp-content\/uploads\/2024\/01\/5-1024x576.jpg 1024w, https:\/\/www.mlkjlasers.com\/wp-content\/uploads\/2024\/01\/5-768x432.jpg 768w, https:\/\/www.mlkjlasers.com\/wp-content\/uploads\/2024\/01\/5-1536x864.jpg 1536w, https:\/\/www.mlkjlasers.com\/wp-content\/uploads\/2024\/01\/5-600x338.jpg 600w\" sizes=\"(max-width: 1920px) 100vw, 1920px\" \/><\/div>\n<div data-spm-anchor-id=\"a2700.wholesale.0.i88.7c517cf3tiIswF\"><\/div>\n<div data-spm-anchor-id=\"a2700.wholesale.0.i88.7c517cf3tiIswF\"><img loading=\"lazy\" decoding=\"async\" class=\"aligncenter wp-image-2896\" src=\"https:\/\/mlkjlasers.com\/wp-content\/uploads\/2024\/01\/6.jpg\" alt=\"\" width=\"1920\" height=\"1608\" srcset=\"https:\/\/www.mlkjlasers.com\/wp-content\/uploads\/2024\/01\/6.jpg 1920w, https:\/\/www.mlkjlasers.com\/wp-content\/uploads\/2024\/01\/6-300x251.jpg 300w, https:\/\/www.mlkjlasers.com\/wp-content\/uploads\/2024\/01\/6-1024x858.jpg 1024w, https:\/\/www.mlkjlasers.com\/wp-content\/uploads\/2024\/01\/6-768x643.jpg 768w, https:\/\/www.mlkjlasers.com\/wp-content\/uploads\/2024\/01\/6-1536x1286.jpg 1536w, https:\/\/www.mlkjlasers.com\/wp-content\/uploads\/2024\/01\/6-600x503.jpg 600w\" sizes=\"(max-width: 1920px) 100vw, 1920px\" \/><\/div>\n<div data-spm-anchor-id=\"a2700.wholesale.0.i88.7c517cf3tiIswF\"><\/div>\n<div data-spm-anchor-id=\"a2700.wholesale.0.i88.7c517cf3tiIswF\"><img loading=\"lazy\" decoding=\"async\" class=\"aligncenter wp-image-2894\" src=\"https:\/\/mlkjlasers.com\/wp-content\/uploads\/2024\/01\/4.jpg\" alt=\"\" width=\"1920\" height=\"1080\" srcset=\"https:\/\/www.mlkjlasers.com\/wp-content\/uploads\/2024\/01\/4.jpg 1920w, https:\/\/www.mlkjlasers.com\/wp-content\/uploads\/2024\/01\/4-300x169.jpg 300w, https:\/\/www.mlkjlasers.com\/wp-content\/uploads\/2024\/01\/4-1024x576.jpg 1024w, https:\/\/www.mlkjlasers.com\/wp-content\/uploads\/2024\/01\/4-768x432.jpg 768w, https:\/\/www.mlkjlasers.com\/wp-content\/uploads\/2024\/01\/4-1536x864.jpg 1536w, https:\/\/www.mlkjlasers.com\/wp-content\/uploads\/2024\/01\/4-600x338.jpg 600w\" sizes=\"(max-width: 1920px) 100vw, 1920px\" \/><\/div>\n<div data-spm-anchor-id=\"a2700.wholesale.0.i88.7c517cf3tiIswF\"><\/div>\n<div data-spm-anchor-id=\"a2700.wholesale.0.i88.7c517cf3tiIswF\">* 14 in\u00e7 dokunmatik ekran, kullan\u0131m\u0131 kolay;<br \/>\n* \u00dcr\u00fcn g\u00f6r\u00fcn\u00fcm\u00fc ve i\u015fletim sistemi \u00f6zelle\u015ftirme hizmetleri sa\u011flamak;<br \/>\n* \u00dcr\u00fcn kullan\u0131m\u0131 rehberli\u011fi e\u011fitimi;<br \/>\n* Sistem y\u00fckseltme rehberli\u011fi, \u00f6zel m\u00fc\u015fteri hizmetleri izleme hizmeti!<\/div>\n<div data-spm-anchor-id=\"a2700.wholesale.0.i88.7c517cf3tiIswF\"><\/div>\n<div data-spm-anchor-id=\"a2700.wholesale.0.i88.7c517cf3tiIswF\"><img loading=\"lazy\" decoding=\"async\" class=\"aligncenter wp-image-2898\" src=\"https:\/\/mlkjlasers.com\/wp-content\/uploads\/2024\/01\/8.jpg\" alt=\"\" width=\"1920\" height=\"1080\" srcset=\"https:\/\/www.mlkjlasers.com\/wp-content\/uploads\/2024\/01\/8.jpg 1920w, https:\/\/www.mlkjlasers.com\/wp-content\/uploads\/2024\/01\/8-300x169.jpg 300w, https:\/\/www.mlkjlasers.com\/wp-content\/uploads\/2024\/01\/8-1024x576.jpg 1024w, https:\/\/www.mlkjlasers.com\/wp-content\/uploads\/2024\/01\/8-768x432.jpg 768w, https:\/\/www.mlkjlasers.com\/wp-content\/uploads\/2024\/01\/8-1536x864.jpg 1536w, https:\/\/www.mlkjlasers.com\/wp-content\/uploads\/2024\/01\/8-600x338.jpg 600w\" sizes=\"(max-width: 1920px) 100vw, 1920px\" \/><\/div>\n<div data-spm-anchor-id=\"a2700.wholesale.0.i88.7c517cf3tiIswF\"><\/div>\n<div data-spm-anchor-id=\"a2700.wholesale.0.i88.7c517cf3tiIswF\"><em><strong><span style=\"color: #0000ff;\">Daha fazla \u00fcr\u00fcn ayr\u0131nt\u0131s\u0131 ve uygulama y\u00f6ntemleri, bize dan\u0131\u015fmak i\u00e7in ho\u015f geldiniz!<\/span><\/strong><\/em><br \/>\n<em><strong><span style=\"color: #0000ff;\">7 * 24 saat \u00e7evrimi\u00e7i hizmet!<\/span><\/strong><\/em><\/div>\n<div data-spm-anchor-id=\"a2700.wholesale.0.i88.7c517cf3tiIswF\"><\/div>","protected":false},"excerpt":{"rendered":"<p>&nbsp; 80K kavitasyon: D\u00fc\u015f\u00fck frekansl\u0131 ultrason dalgalar\u0131n\u0131n kullan\u0131m\u0131na dayanarak v\u00fccutta \u201ckavitasyon\u201d olarak adland\u0131r\u0131lan bir fenomen yarat\u0131r. Kavitasyon, ultrason dalgalar\u0131 ya\u011f h\u00fccrelerini \u00e7evreleyen s\u0131v\u0131da k\u00fc\u00e7\u00fck baloncuklar\u0131n olu\u015fumuna ve patlamas\u0131na neden oldu\u011funda olu\u015fur ve onlar\u0131n par\u00e7alanmas\u0131na neden olur.  [&hellip;] g\u00f6r\u00fcn\u00fcm\u00fcn\u00fc azaltmak i\u00e7in etkili olabilir<\/p>","protected":false},"featured_media":3492,"comment_status":"open","ping_status":"closed","template":"","meta":[],"product_cat":[28],"product_tag":[],"class_list":["post-2890","product","type-product","status-publish","has-post-thumbnail","hentry","product_cat-slimming-machine"],"_links":{"self":[{"href":"https:\/\/www.mlkjlasers.com\/tr\/wp-json\/wp\/v2\/product\/2890","targetHints":{"allow":["GET"]}}],"collection":[{"href":"https:\/\/www.mlkjlasers.com\/tr\/wp-json\/wp\/v2\/product"}],"about":[{"href":"https:\/\/www.mlkjlasers.com\/tr\/wp-json\/wp\/v2\/types\/product"}],"replies":[{"embeddable":true,"href":"https:\/\/www.mlkjlasers.com\/tr\/wp-json\/wp\/v2\/comments?post=2890"}],"wp:featuredmedia":[{"embeddable":true,"href":"https:\/\/www.mlkjlasers.com\/tr\/wp-json\/wp\/v2\/media\/3492"}],"wp:attachment":[{"href":"https:\/\/www.mlkjlasers.com\/tr\/wp-json\/wp\/v2\/media?parent=2890"}],"wp:term":[{"taxonomy":"product_cat","embeddable":true,"href":"https:\/\/www.mlkjlasers.com\/tr\/wp-json\/wp\/v2\/product_cat?post=2890"},{"taxonomy":"product_tag","embeddable":true,"href":"https:\/\/www.mlkjlasers.com\/tr\/wp-json\/wp\/v2\/product_tag?post=2890"}],"curies":[{"name":"wp","href":"https:\/\/api.w.org\/{rel}","templated":true}]}}