{"id":2941,"date":"2024-01-30T09:19:38","date_gmt":"2024-01-30T01:19:38","guid":{"rendered":"https:\/\/mlkjlasers.com\/?post_type=product&#038;p=2941"},"modified":"2026-01-21T08:59:37","modified_gmt":"2026-01-21T00:59:37","slug":"10d-focused-ultrasound-hifu-skin-rejuvenation-beauty-hifu-10d-hifu-machine-skin-tightening","status":"publish","type":"product","link":"https:\/\/www.mlkjlasers.com\/tr\/product\/10d-focused-ultrasound-hifu-skin-rejuvenation-beauty-hifu-10d-hifu-machine-skin-tightening\/","title":{"rendered":"10D Odakl\u0131 Ultrason Hifu Cilt Gen\u00e7le\u015ftirme G\u00fczellik Hifu 10D Hifu Makinesi Cilt S\u0131klama"},"content":{"rendered":"<p><img fetchpriority=\"high\" decoding=\"async\" class=\"alignnone wp-image-2942\" src=\"https:\/\/mlkjlasers.com\/wp-content\/uploads\/2024\/01\/\u8be6\u60c5\u9875_01.jpg\" alt=\"\" width=\"1920\" height=\"3241\" srcset=\"https:\/\/www.mlkjlasers.com\/wp-content\/uploads\/2024\/01\/\u8be6\u60c5\u9875_01.jpg 750w, https:\/\/www.mlkjlasers.com\/wp-content\/uploads\/2024\/01\/\u8be6\u60c5\u9875_01-178x300.jpg 178w, https:\/\/www.mlkjlasers.com\/wp-content\/uploads\/2024\/01\/\u8be6\u60c5\u9875_01-607x1024.jpg 607w, https:\/\/www.mlkjlasers.com\/wp-content\/uploads\/2024\/01\/\u8be6\u60c5\u9875_01-600x1013.jpg 600w\" sizes=\"(max-width: 1920px) 100vw, 1920px\" \/><\/p>\n<div data-spm-anchor-id=\"a2700.wholesale.0.i82.36bff5dflxmUVP\"><\/div>\n<div data-spm-anchor-id=\"a2700.wholesale.0.i82.36bff5dflxmUVP\">Son HIFU makinesi Odakl\u0131 Ultrason<\/div>\n<div data-spm-anchor-id=\"a2700.wholesale.0.i83.36bff5dflxmUVP\">En Yeni 7D 9D 10D 11D Hifu V\u00fccut Zay\u0131flama Facelifting Winkle Kald\u0131rma<\/div>\n<div data-spm-anchor-id=\"a2700.wholesale.0.i83.36bff5dflxmUVP\"><\/div>\n<div data-spm-anchor-id=\"a2700.wholesale.0.i83.36bff5dflxmUVP\"><img decoding=\"async\" class=\"alignnone wp-image-2950\" src=\"https:\/\/mlkjlasers.com\/wp-content\/uploads\/2024\/01\/\u8be6\u60c5\u9875_09.jpg\" alt=\"\" width=\"1920\" height=\"1498\" srcset=\"https:\/\/www.mlkjlasers.com\/wp-content\/uploads\/2024\/01\/\u8be6\u60c5\u9875_09.jpg 750w, https:\/\/www.mlkjlasers.com\/wp-content\/uploads\/2024\/01\/\u8be6\u60c5\u9875_09-300x234.jpg 300w, https:\/\/www.mlkjlasers.com\/wp-content\/uploads\/2024\/01\/\u8be6\u60c5\u9875_09-600x468.jpg 600w\" sizes=\"(max-width: 1920px) 100vw, 1920px\" \/><\/div>\n<div data-spm-anchor-id=\"a2700.wholesale.0.i83.36bff5dflxmUVP\"><\/div>\n<div data-spm-anchor-id=\"a2700.wholesale.0.i83.36bff5dflxmUVP\">HIFU (Y\u00fcksek Yo\u011funluk Odakl\u0131 Ultrason) Cilt dokusu termal olu\u015fturmas\u0131 i\u00e7in tedavi pozisyonuna odaklanan y\u00fcksek enerji ultrason kullan\u0131n,<\/div>\n<div data-spm-anchor-id=\"a2700.wholesale.0.i83.36bff5dflxmUVP\">ve kolajeni uyarmak i\u00e7in y\u00fcksek h\u0131zl\u0131 s\u00fcrt\u00fcnme h\u00fccreleri yap\u0131n. B\u00f6yle bir \u0131s\u0131 etkisi epiderme zarar vermez, \u00e7\u00fcnk\u00fc tedavi h\u0131zl\u0131 ve do\u011frudan eri\u015fim<\/div>\n<div data-spm-anchor-id=\"a2700.wholesale.0.i83.36bff5dflxmUVP\">0-0,5 saniye i\u00e7inde \u00e7evreli dokuya dokunmadan tedavi yeri ve do\u011frudan y\u00fczeysel tendon membran sistemine (SMAS) ge\u00e7ebilir,<\/div>\n<div data-spm-anchor-id=\"a2700.wholesale.0.i83.36bff5dflxmUVP\">bu y\u00fczden kas katman\u0131n\u0131 \u00e7ekerken s\u0131k\u0131 cilt yap\u0131labilir, ince y\u00fcz ilerilecek etkiye kadar.<\/div>\n<div data-spm-anchor-id=\"a2700.wholesale.0.i83.36bff5dflxmUVP\"><\/div>\n<div data-spm-anchor-id=\"a2700.wholesale.0.i83.36bff5dflxmUVP\"><img decoding=\"async\" class=\"alignnone wp-image-2945\" src=\"https:\/\/mlkjlasers.com\/wp-content\/uploads\/2024\/01\/\u8be6\u60c5\u9875_04.jpg\" alt=\"\" width=\"1920\" height=\"2967\" srcset=\"https:\/\/www.mlkjlasers.com\/wp-content\/uploads\/2024\/01\/\u8be6\u60c5\u9875_04.jpg 750w, https:\/\/www.mlkjlasers.com\/wp-content\/uploads\/2024\/01\/\u8be6\u60c5\u9875_04-194x300.jpg 194w, https:\/\/www.mlkjlasers.com\/wp-content\/uploads\/2024\/01\/\u8be6\u60c5\u9875_04-663x1024.jpg 663w, https:\/\/www.mlkjlasers.com\/wp-content\/uploads\/2024\/01\/\u8be6\u60c5\u9875_04-600x927.jpg 600w\" sizes=\"(max-width: 1920px) 100vw, 1920px\" \/><\/div>\n<div data-spm-anchor-id=\"a2700.wholesale.0.i83.36bff5dflxmUVP\"><\/div>\n<div data-spm-anchor-id=\"a2700.wholesale.0.i83.36bff5dflxmUVP\">\n<div>Kartu\u015flar L7-1.5mm, MF2.0mm, L7-3.0mm, L4-4.5mm,<\/div>\n<div data-spm-anchor-id=\"a2700.wholesale.0.i86.36bff5dflxmUVP\">MF6.0mm, MF9.0mm, MF13.0mm, DL1.5, DL3.0, DL4.5<\/div>\n<\/div>\n<div data-spm-anchor-id=\"a2700.wholesale.0.i86.36bff5dflxmUVP\"><\/div>\n<div data-spm-anchor-id=\"a2700.wholesale.0.i86.36bff5dflxmUVP\"><img loading=\"lazy\" decoding=\"async\" class=\"alignnone wp-image-2946\" src=\"https:\/\/mlkjlasers.com\/wp-content\/uploads\/2024\/01\/\u8be6\u60c5\u9875_05.jpg\" alt=\"\" width=\"1920\" height=\"2332\" srcset=\"https:\/\/www.mlkjlasers.com\/wp-content\/uploads\/2024\/01\/\u8be6\u60c5\u9875_05.jpg 750w, https:\/\/www.mlkjlasers.com\/wp-content\/uploads\/2024\/01\/\u8be6\u60c5\u9875_05-247x300.jpg 247w, https:\/\/www.mlkjlasers.com\/wp-content\/uploads\/2024\/01\/\u8be6\u60c5\u9875_05-600x729.jpg 600w\" sizes=\"(max-width: 1920px) 100vw, 1920px\" \/><\/div>\n<div data-spm-anchor-id=\"a2700.wholesale.0.i86.36bff5dflxmUVP\"><\/div>\n<div data-spm-anchor-id=\"a2700.wholesale.0.i86.36bff5dflxmUVP\"><img loading=\"lazy\" decoding=\"async\" class=\"alignnone wp-image-2944\" src=\"https:\/\/mlkjlasers.com\/wp-content\/uploads\/2024\/01\/\u8be6\u60c5\u9875_03.jpg\" alt=\"\" width=\"1920\" height=\"1905\" srcset=\"https:\/\/www.mlkjlasers.com\/wp-content\/uploads\/2024\/01\/\u8be6\u60c5\u9875_03.jpg 750w, https:\/\/www.mlkjlasers.com\/wp-content\/uploads\/2024\/01\/\u8be6\u60c5\u9875_03-300x298.jpg 300w, https:\/\/www.mlkjlasers.com\/wp-content\/uploads\/2024\/01\/\u8be6\u60c5\u9875_03-150x150.jpg 150w, https:\/\/www.mlkjlasers.com\/wp-content\/uploads\/2024\/01\/\u8be6\u60c5\u9875_03-600x595.jpg 600w, https:\/\/www.mlkjlasers.com\/wp-content\/uploads\/2024\/01\/\u8be6\u60c5\u9875_03-100x100.jpg 100w\" sizes=\"(max-width: 1920px) 100vw, 1920px\" \/><\/div>\n<div data-spm-anchor-id=\"a2700.wholesale.0.i86.36bff5dflxmUVP\"><\/div>\n<div data-spm-anchor-id=\"a2700.wholesale.0.i83.36bff5dflxmUVP\">\n<div data-spm-anchor-id=\"a2700.wholesale.0.i86.36bff5dflxmUVP\">* Y\u00fcksek bir tekrarlama h\u0131z\u0131 k\u0131sa nabzlar dermis derinlerine teslim edilir, neredeyse hi\u00e7bir a\u011fr\u0131 olmadan y\u00fcksek ortalama g\u00fc\u00e7 ve terap\u00f6tik olarak etkili \u0131s\u0131 birikimi elde edilir.<\/div>\n<div data-spm-anchor-id=\"a2700.wholesale.0.i86.36bff5dflxmUVP\">* En son makine tamamen oyulmu\u015f ve ya\u015flanma kar\u015f\u0131t\u0131 toplam 11 sonda sahiptir.<br \/>\n* Y\u00fcz kald\u0131rma, s\u0131k\u0131\u015ft\u0131rma ve v\u00fccut konturu \u015fekillendirme sisteminin cerrahi olmayan tedavisi. D\u00fcnyan\u0131n en son y\u00fcksek enerji odakl\u0131 ultrason teknolojisi.<\/div>\n<div data-spm-anchor-id=\"a2700.wholesale.0.i86.36bff5dflxmUVP\"><\/div>\n<div data-spm-anchor-id=\"a2700.wholesale.0.i86.36bff5dflxmUVP\"><img loading=\"lazy\" decoding=\"async\" class=\"alignnone wp-image-2948\" src=\"https:\/\/mlkjlasers.com\/wp-content\/uploads\/2024\/01\/\u8be6\u60c5\u9875_07.jpg\" alt=\"\" width=\"1920\" height=\"1300\" srcset=\"https:\/\/www.mlkjlasers.com\/wp-content\/uploads\/2024\/01\/\u8be6\u60c5\u9875_07.jpg 750w, https:\/\/www.mlkjlasers.com\/wp-content\/uploads\/2024\/01\/\u8be6\u60c5\u9875_07-300x203.jpg 300w, https:\/\/www.mlkjlasers.com\/wp-content\/uploads\/2024\/01\/\u8be6\u60c5\u9875_07-600x406.jpg 600w\" sizes=\"(max-width: 1920px) 100vw, 1920px\" \/><\/div>\n<div data-spm-anchor-id=\"a2700.wholesale.0.i86.36bff5dflxmUVP\"><\/div>\n<div data-spm-anchor-id=\"a2700.wholesale.0.i86.36bff5dflxmUVP\">\n<p>1. Al\u0131n, g\u00f6z, a\u011f\u0131z vb. etraf\u0131ndaki k\u0131r\u0131\u015f\u0131kl\u0131klar\u0131 \u00e7\u0131kar\u0131n.<\/p>\n<div>2. Her iki yana\u011f\u0131n cildini kald\u0131rmak ve s\u0131k\u0131\u015ft\u0131rmak.<\/div>\n<div>3. Cilt esnekli\u011fini iyile\u015ftirme ve kontur \u015fekillendirme.<\/div>\n<div>4. \u00c7ene hatt\u0131n\u0131 iyile\u015ftirmek, \"marionet hatlar\u0131n\u0131\" azaltmak.<\/div>\n<div>5. Al\u0131ndaki cilt dokusunu s\u0131k\u0131\u015ft\u0131rmak, ka\u015flar\u0131 kald\u0131rmak.<\/div>\n<div>6. Cilt derisini iyile\u015ftirmek, cildi hassas ve parlak hale getirmek.<\/div>\n<div>7. Daha fazla ya\u015flanma sorununu \u00e7\u00f6zmek i\u00e7in Hyaluronik asit, kolajen gibi g\u00fczellik enjekte ile e\u015fle\u015fin.<\/div>\n<div data-spm-anchor-id=\"a2700.wholesale.0.i88.36bff5dflxmUVP\">8. Boyun k\u0131r\u0131\u015f\u0131kl\u0131klar\u0131n\u0131 kald\u0131rmak, boyun ya\u015flanmas\u0131n\u0131 korumak.<\/div>\n<div data-spm-anchor-id=\"a2700.wholesale.0.i88.36bff5dflxmUVP\"><\/div>\n<div data-spm-anchor-id=\"a2700.wholesale.0.i88.36bff5dflxmUVP\"><img loading=\"lazy\" decoding=\"async\" class=\"alignnone wp-image-2947\" src=\"https:\/\/mlkjlasers.com\/wp-content\/uploads\/2024\/01\/\u8be6\u60c5\u9875_06.jpg\" alt=\"\" width=\"1920\" height=\"2112\" srcset=\"https:\/\/www.mlkjlasers.com\/wp-content\/uploads\/2024\/01\/\u8be6\u60c5\u9875_06.jpg 750w, https:\/\/www.mlkjlasers.com\/wp-content\/uploads\/2024\/01\/\u8be6\u60c5\u9875_06-273x300.jpg 273w, https:\/\/www.mlkjlasers.com\/wp-content\/uploads\/2024\/01\/\u8be6\u60c5\u9875_06-600x660.jpg 600w\" sizes=\"(max-width: 1920px) 100vw, 1920px\" \/><\/div>\n<\/div>\n<p><strong>Renkli dokunmatik ekran cilt gen\u00e7le\u015ftirme<br \/>\n<\/strong>1. 15.6 in\u00e7 b\u00fcy\u00fck dokunmatik ekran, insanla\u015ft\u0131r\u0131lm\u0131\u015f tasarlanm\u0131\u015ft\u0131r<br \/>\n2. Erkek \/ kad\u0131n, v\u00fccut par\u00e7alar\u0131, se\u00e7enek i\u00e7in 6 cilt tipi.<br \/>\n3. Ana diliniz \u0130ngilizce.<br \/>\n4. \u00dccretsiz OEM program hizmeti (logo \/ sistem&#8230;)<\/p>\n<table class=\"cke_show_border\" style=\"width: 100.525%; height: 502px;\">\n<tbody>\n<tr style=\"height: 23px;\">\n<td style=\"width: 23.182%; height: 23px;\" colspan=\"1\" rowspan=\"1\">Cihaz Ad\u0131<\/td>\n<td style=\"width: 215.953%; height: 23px;\" colspan=\"1\" rowspan=\"1\">EXFU Seiko HIFU'nun<\/td>\n<\/tr>\n<tr style=\"height: 25px;\">\n<td style=\"width: 23.182%; height: 25px;\" colspan=\"1\" rowspan=\"1\">\u00d6\u011fe T\u00fcr\u00fc<\/td>\n<td style=\"width: 215.953%; height: 25px;\" colspan=\"1\" rowspan=\"1\">Katlanabilir \u00c7ift Kontrol 11DUltrasound Makinesi<\/td>\n<\/tr>\n<tr style=\"height: 34px;\">\n<td style=\"width: 23.182%; height: 34px;\" colspan=\"1\" rowspan=\"1\">Teknoloji<\/td>\n<td style=\"width: 215.953%; height: 34px;\" colspan=\"1\" rowspan=\"1\">Y\u00fcksek Yo\u011funluklu Odakl\u0131 Ultrason<\/td>\n<\/tr>\n<tr style=\"height: 37px;\">\n<td style=\"width: 23.182%; height: 37px;\" colspan=\"1\" rowspan=\"1\">Giri\u015f Voltaj\u0131<\/td>\n<td style=\"width: 215.953%; height: 37px;\" colspan=\"1\" rowspan=\"1\">AC100V &#8211; 240V'lik<\/td>\n<\/tr>\n<tr style=\"height: 38px;\">\n<td style=\"width: 23.182%; height: 38px;\" colspan=\"1\" rowspan=\"1\">\u00c7\u0131k\u0131\u015f Frekans\u0131<\/td>\n<td style=\"width: 215.953%; height: 38px;\" colspan=\"1\" rowspan=\"1\">2-7MHz'de<\/td>\n<\/tr>\n<tr style=\"height: 38px;\">\n<td style=\"width: 23.182%; height: 38px;\" colspan=\"1\" rowspan=\"1\">Maksimum G\u00fc\u00e7<\/td>\n<td style=\"width: 215.953%; height: 38px;\" colspan=\"1\" rowspan=\"1\">200-400VA<\/td>\n<\/tr>\n<tr style=\"height: 51px;\">\n<td style=\"width: 23.182%; height: 51px;\" colspan=\"1\" rowspan=\"1\">Sigorta<\/td>\n<td style=\"width: 215.953%; height: 51px;\" colspan=\"1\" rowspan=\"1\">5A'n\u0131n<\/td>\n<\/tr>\n<tr style=\"height: 38px;\">\n<td style=\"width: 23.182%; height: 38px;\" colspan=\"1\" rowspan=\"1\">Kol Say\u0131s\u0131<\/td>\n<td style=\"width: 215.953%; height: 38px;\" colspan=\"1\" rowspan=\"1\">2 Kollar\u0131<\/td>\n<\/tr>\n<tr style=\"height: 36px;\">\n<td style=\"width: 23.182%; height: 36px;\" colspan=\"1\" rowspan=\"1\">Tedavi Alan\u0131<\/td>\n<td style=\"width: 215.953%; height: 36px;\" colspan=\"1\" rowspan=\"1\">Y\u00fcz,V\u00fccut,<\/td>\n<\/tr>\n<tr style=\"height: 51px;\">\n<td style=\"width: 23.182%; height: 102px;\" colspan=\"1\" rowspan=\"2\">Kartu\u015flar<\/td>\n<td style=\"width: 215.953%; height: 51px;\" colspan=\"1\" rowspan=\"1\">L7-1.5mm, MF2.0mm, L7-3.0mm, L4-4.5mm,<\/td>\n<\/tr>\n<tr style=\"height: 51px;\">\n<td style=\"width: 215.953%; height: 51px;\" colspan=\"1\" rowspan=\"1\">MF6.0mm, MF9.0mm, MF13.0mm, DL1.5, DL3.0, DL4.5<\/td>\n<\/tr>\n<tr style=\"height: 51px;\">\n<td style=\"width: 23.182%; height: 51px;\" colspan=\"1\" rowspan=\"1\">At\u0131\u015flar<\/td>\n<td style=\"width: 215.953%; height: 51px;\" colspan=\"1\" rowspan=\"1\">20000 At\u0131\u015f \/ Kartu\u015f<\/td>\n<\/tr>\n<tr style=\"height: 19px;\">\n<td style=\"width: 23.182%; height: 19px;\" colspan=\"1\" rowspan=\"1\">Paketleme A\u011f\u0131rl\u0131\u011f\u0131<\/td>\n<td style=\"width: 215.953%; height: 19px;\" colspan=\"1\" rowspan=\"1\">11 kg'l\u0131k<\/td>\n<\/tr>\n<tr style=\"height: 10px;\">\n<td style=\"width: 23.182%; height: 10px;\" colspan=\"1\" rowspan=\"1\">Ambalaj Boyutu<\/td>\n<td style=\"width: 215.953%; height: 10px;\" colspan=\"1\" rowspan=\"1\">550x430x180mm<\/td>\n<\/tr>\n<\/tbody>\n<\/table>\n<p><img loading=\"lazy\" decoding=\"async\" class=\"alignnone wp-image-2943\" src=\"https:\/\/mlkjlasers.com\/wp-content\/uploads\/2024\/01\/\u8be6\u60c5\u9875_02.jpg\" alt=\"\" width=\"1920\" height=\"924\" srcset=\"https:\/\/www.mlkjlasers.com\/wp-content\/uploads\/2024\/01\/\u8be6\u60c5\u9875_02.jpg 750w, https:\/\/www.mlkjlasers.com\/wp-content\/uploads\/2024\/01\/\u8be6\u60c5\u9875_02-300x144.jpg 300w, https:\/\/www.mlkjlasers.com\/wp-content\/uploads\/2024\/01\/\u8be6\u60c5\u9875_02-600x289.jpg 600w\" sizes=\"(max-width: 1920px) 100vw, 1920px\" \/><\/p>\n<p>1) 16 y\u0131l fabrika \u00fcreticisi t\u00fcm m\u00fc\u015fterilerden% 100 iyi geri bildirim.<br \/>\n3) Sorunlar\u0131 kolayca \u00e7\u00f6zebilen sat\u0131\u015f sonras\u0131 ekip. \u00dccretsiz OEM program hizmeti (logo \/ sistem&#8230;)<\/p>\n<div data-spm-anchor-id=\"a2700.wholesale.0.i93.36bff5dflxmUVP\"><\/div>\n<div data-spm-anchor-id=\"a2700.wholesale.0.i93.36bff5dflxmUVP\"><span style=\"color: #339966; font-size: 14pt;\"><em><strong>G\u00fczellik ekipmanlar\u0131 ve bilgisi hakk\u0131nda daha fazla bilgi edinin, bizimle ileti\u015fime ge\u00e7mekten \u00e7ekinmeyin!<\/strong><\/em><\/span><\/div>\n<div data-spm-anchor-id=\"a2700.wholesale.0.i93.36bff5dflxmUVP\"><\/div>\n<\/div>","protected":false},"excerpt":{"rendered":"<p>En son HIFU makinesi Odakl\u0131 Ultrason En yeni 7D 9D 10D 11D Hifu V\u00fccut Zay\u0131flama Y\u00fcz Kald\u0131rma Winkle Kald\u0131rma HIFU (Y\u00fcksek Yo\u011funluk Odakl\u0131 Ultrason) Tedavi pozisyonuna odaklanan y\u00fcksek enerji ultrason kullan\u0131n, b\u00f6ylece cilt dokusu termal olu\u015fturur ve kolajeni uyarmak i\u00e7in y\u00fcksek h\u0131zl\u0131 s\u00fcrt\u00fcnme h\u00fccreleri olu\u015fturur. B\u00f6yle bir \u0131s\u0131 etkisi epiderme zarar vermez, \u00e7\u00fcnk\u00fc tedavi [&hellip;]<\/p>","protected":false},"featured_media":2953,"comment_status":"open","ping_status":"closed","template":"","meta":[],"product_cat":[30],"product_tag":[],"class_list":["post-2941","product","type-product","status-publish","has-post-thumbnail","hentry","product_cat-11d-hifu"],"_links":{"self":[{"href":"https:\/\/www.mlkjlasers.com\/tr\/wp-json\/wp\/v2\/product\/2941","targetHints":{"allow":["GET"]}}],"collection":[{"href":"https:\/\/www.mlkjlasers.com\/tr\/wp-json\/wp\/v2\/product"}],"about":[{"href":"https:\/\/www.mlkjlasers.com\/tr\/wp-json\/wp\/v2\/types\/product"}],"replies":[{"embeddable":true,"href":"https:\/\/www.mlkjlasers.com\/tr\/wp-json\/wp\/v2\/comments?post=2941"}],"wp:featuredmedia":[{"embeddable":true,"href":"https:\/\/www.mlkjlasers.com\/tr\/wp-json\/wp\/v2\/media\/2953"}],"wp:attachment":[{"href":"https:\/\/www.mlkjlasers.com\/tr\/wp-json\/wp\/v2\/media?parent=2941"}],"wp:term":[{"taxonomy":"product_cat","embeddable":true,"href":"https:\/\/www.mlkjlasers.com\/tr\/wp-json\/wp\/v2\/product_cat?post=2941"},{"taxonomy":"product_tag","embeddable":true,"href":"https:\/\/www.mlkjlasers.com\/tr\/wp-json\/wp\/v2\/product_tag?post=2941"}],"curies":[{"name":"wp","href":"https:\/\/api.w.org\/{rel}","templated":true}]}}