{"id":3323,"date":"2026-01-06T10:13:24","date_gmt":"2026-01-06T02:13:24","guid":{"rendered":"https:\/\/www.mlkjlasers.com\/?post_type=product&#038;p=3323"},"modified":"2026-02-24T09:45:38","modified_gmt":"2026-02-24T01:45:38","slug":"2026-professional-three-wavelengths-755-808-1064-diode-laser-hair-removal-machine","status":"publish","type":"product","link":"https:\/\/www.mlkjlasers.com\/tr\/product\/2026-professional-three-wavelengths-755-808-1064-diode-laser-hair-removal-machine\/","title":{"rendered":"2026 Profesyonel \u00fc\u00e7 dalga boyu 755 808 1064 diyot lazer epilasyon makinesi"},"content":{"rendered":"<p><img fetchpriority=\"high\" decoding=\"async\" class=\"aligncenter size-full wp-image-3319\" src=\"https:\/\/www.mlkjlasers.com\/wp-content\/uploads\/2026\/01\/laser-equipment-1-1.jpg\" alt=\"\" width=\"1920\" height=\"1080\" srcset=\"https:\/\/www.mlkjlasers.com\/wp-content\/uploads\/2026\/01\/laser-equipment-1-1.jpg 1920w, https:\/\/www.mlkjlasers.com\/wp-content\/uploads\/2026\/01\/laser-equipment-1-1-300x169.jpg 300w, https:\/\/www.mlkjlasers.com\/wp-content\/uploads\/2026\/01\/laser-equipment-1-1-1024x576.jpg 1024w, https:\/\/www.mlkjlasers.com\/wp-content\/uploads\/2026\/01\/laser-equipment-1-1-768x432.jpg 768w, https:\/\/www.mlkjlasers.com\/wp-content\/uploads\/2026\/01\/laser-equipment-1-1-1536x864.jpg 1536w, https:\/\/www.mlkjlasers.com\/wp-content\/uploads\/2026\/01\/laser-equipment-1-1-600x338.jpg 600w\" sizes=\"(max-width: 1920px) 100vw, 1920px\" \/><\/p>\n<div><span style=\"font-size: 18pt; font-weight: bold;\">Di\u011fer lazerlere g\u00f6re avantajlar<\/span><\/div>\n<div><span style=\"font-size: 14pt;\">1) <span style=\"font-weight: bold; color: #993366;\">808nm diyot lazeri <\/span>I\u015f\u0131\u011f\u0131n cilde daha derin n\u00fcfuz etmesini sa\u011flar ve <span style=\"color: #993366; font-weight: bold;\">daha g\u00fcvenli <\/span>Di\u011fer lazerlerden daha fazla \u00e7\u00fcnk\u00fc ciltte melanin pigmentini \u00f6nleyebilir&#8217; S epidermis. <\/span><\/div>\n<div class=\"br-block\"><span style=\"font-size: 14pt;\">2) Daha h\u0131zl\u0131, sorunsuz ve etkili sonu\u00e7lar i\u00e7in 12x20mm nokta boyutu ile birle\u015ftirilmi\u015f 1-10Hz h\u0131zl\u0131 frekans, <span style=\"font-weight: bold; color: #993366;\">h\u0131zl\u0131 sa\u00e7 \u00e7\u0131karma <\/span>B\u00fcy\u00fck alan tedavisi i\u00e7in.<\/span><\/div>\n<div class=\"br-block\"><span style=\"font-size: 14pt;\">3) 2000W makine g\u00fcc\u00fc \u00e7al\u0131\u015fabilir\u00a0<span style=\"color: #993366; font-weight: bold;\">24 saat s\u00fcrekli<\/span> kesintisiz, yo\u011fun kliniklerde ve salonlarda istikrarl\u0131 \u00e7al\u0131\u015fmay\u0131 sa\u011flamak, optimal tedavi verimlili\u011fini sa\u011flamak.<\/span><\/div>\n<div class=\"br-block\"><span style=\"font-size: 14pt;\">4) Bunu kullanabiliriz\u00a0<span style=\"font-weight: bold; color: #993366;\">kal\u0131c\u0131 sa\u00e7 \u00e7\u0131karma<\/span> Tanned cilt dahil olmak \u00fczere 6 cilt tipinde t\u00fcm renkli k\u0131llar\u0131n. <\/span><\/div>\n<div class=\"br-block\"><span style=\"font-size: 14pt;\">5) Kullan\u0131c\u0131 dostu Veritaban\u0131 sistemi, \u00e7e\u015fitli v\u00fccut par\u00e7alar\u0131 da dahil olmak \u00fczere erkek ve kad\u0131n modlarda tedaviler ger\u00e7ekle\u015ftirebilir, sa\u011flar\u00a0<span style=\"font-weight: bold; color: #993366;\">g\u00fcvenli<\/span> Yeni gelenler i\u00e7in parametreler.<\/span><\/div>\n<div><img decoding=\"async\" class=\"aligncenter size-full wp-image-3316\" src=\"https:\/\/www.mlkjlasers.com\/wp-content\/uploads\/2026\/01\/laser-equipment-7-1.jpg\" alt=\"\" width=\"1920\" height=\"1080\" srcset=\"https:\/\/www.mlkjlasers.com\/wp-content\/uploads\/2026\/01\/laser-equipment-7-1.jpg 1920w, https:\/\/www.mlkjlasers.com\/wp-content\/uploads\/2026\/01\/laser-equipment-7-1-300x169.jpg 300w, https:\/\/www.mlkjlasers.com\/wp-content\/uploads\/2026\/01\/laser-equipment-7-1-1024x576.jpg 1024w, https:\/\/www.mlkjlasers.com\/wp-content\/uploads\/2026\/01\/laser-equipment-7-1-768x432.jpg 768w, https:\/\/www.mlkjlasers.com\/wp-content\/uploads\/2026\/01\/laser-equipment-7-1-1536x864.jpg 1536w, https:\/\/www.mlkjlasers.com\/wp-content\/uploads\/2026\/01\/laser-equipment-7-1-600x338.jpg 600w\" sizes=\"(max-width: 1920px) 100vw, 1920px\" \/><\/div>\n<div>\n<div class=\"br-block\"><span style=\"font-size: 16px;\"><span style=\"font-size: 18pt; font-weight: bold;\">TEC So\u011futma Sistemi<\/span><br \/>\n<span style=\"font-size: 14pt;\">1) Hava So\u011futma Su So\u011futma y\u00fcksek g\u00fc\u00e7l\u00fc yar\u0131 iletken termostatik buzdolab\u0131 Kolu TEC cip: -15 \u2103 ile 5 \u2103.\u00a0<\/span><\/span><\/div>\n<div class=\"br-block\"><span style=\"font-size: 14pt;\">2) So\u011futma sistemi sadece tedaviyi a\u011fr\u0131s\u0131z ve m\u00fc\u015fteriler i\u00e7in \u00e7ok rahat k\u0131lmakla kalmaz, ayn\u0131 zamanda makinenin g\u00fcnde 24 saat s\u00fcrekli \u00e7al\u0131\u015fmas\u0131n\u0131 sa\u011flar.<\/span><\/div>\n<div class=\"br-block\"><span style=\"font-size: 14pt;\">3) TEC so\u011futma sistemi su s\u0131cakl\u0131\u011f\u0131n\u0131 sabit bir 26\u00baC-28\u00baC tutarl\u0131 olarak korur.<\/span><\/div>\n<div><img decoding=\"async\" class=\"aligncenter size-full wp-image-3315\" src=\"https:\/\/www.mlkjlasers.com\/wp-content\/uploads\/2026\/01\/laser-equipment-6-1.jpg\" alt=\"\" width=\"1920\" height=\"1080\" srcset=\"https:\/\/www.mlkjlasers.com\/wp-content\/uploads\/2026\/01\/laser-equipment-6-1.jpg 1920w, https:\/\/www.mlkjlasers.com\/wp-content\/uploads\/2026\/01\/laser-equipment-6-1-300x169.jpg 300w, https:\/\/www.mlkjlasers.com\/wp-content\/uploads\/2026\/01\/laser-equipment-6-1-1024x576.jpg 1024w, https:\/\/www.mlkjlasers.com\/wp-content\/uploads\/2026\/01\/laser-equipment-6-1-768x432.jpg 768w, https:\/\/www.mlkjlasers.com\/wp-content\/uploads\/2026\/01\/laser-equipment-6-1-1536x864.jpg 1536w, https:\/\/www.mlkjlasers.com\/wp-content\/uploads\/2026\/01\/laser-equipment-6-1-600x338.jpg 600w\" sizes=\"(max-width: 1920px) 100vw, 1920px\" \/><\/div>\n<div>\n<div class=\"br-block\"><span style=\"font-size: 16px;\"><span style=\"font-size: 18pt; font-weight: bold;\">14 in\u00e7lik HD ekran<\/span><br \/>\n<span style=\"font-size: 14pt;\">1) Deneyiminizi \u00d6zelle\u015ftirin: Ekran kendi benzersiz logonuzu kolayca eklemenize olanak sa\u011flar.<\/span><br \/>\n<span style=\"font-size: 14pt;\">2) \u00c7ok Dilli Destek: Ekran k\u00fcresel uyarlanabilirlik i\u00e7in 10 farkl\u0131 dille mevcuttur.<\/span><br \/>\n<span style=\"font-size: 14pt;\">3) Se\u00e7ilebilir Tedavi Alanlar\u0131: Ki\u015fiselle\u015ftirilmi\u015f tedavinize an\u0131nda ba\u015flamak i\u00e7in bir d\u00fc\u011fmeye dokunarak \u00e7e\u015fitli v\u00fccut par\u00e7alar\u0131ndan se\u00e7in!<\/span><\/span><\/div>\n<div><img loading=\"lazy\" decoding=\"async\" class=\"aligncenter size-full wp-image-3313\" src=\"https:\/\/www.mlkjlasers.com\/wp-content\/uploads\/2026\/01\/laser-equipment-4-1.jpg\" alt=\"\" width=\"1920\" height=\"1080\" srcset=\"https:\/\/www.mlkjlasers.com\/wp-content\/uploads\/2026\/01\/laser-equipment-4-1.jpg 1920w, https:\/\/www.mlkjlasers.com\/wp-content\/uploads\/2026\/01\/laser-equipment-4-1-300x169.jpg 300w, https:\/\/www.mlkjlasers.com\/wp-content\/uploads\/2026\/01\/laser-equipment-4-1-1024x576.jpg 1024w, https:\/\/www.mlkjlasers.com\/wp-content\/uploads\/2026\/01\/laser-equipment-4-1-768x432.jpg 768w, https:\/\/www.mlkjlasers.com\/wp-content\/uploads\/2026\/01\/laser-equipment-4-1-1536x864.jpg 1536w, https:\/\/www.mlkjlasers.com\/wp-content\/uploads\/2026\/01\/laser-equipment-4-1-600x338.jpg 600w\" sizes=\"(max-width: 1920px) 100vw, 1920px\" \/><\/div>\n<div>\n<div><span style=\"font-size: 18pt; font-weight: bold;\">Y\u00fcksek g\u00fc\u00e7l\u00fc kolu<\/span><br \/>\n<span style=\"font-size: 14pt;\">1) El par\u00e7as\u0131n\u0131n% 90 yedek par\u00e7alar\u0131 Almanya, ABD ve Japonya'dan ithal edilmi\u015f, makinenin istikrarl\u0131 performans\u0131n\u0131, inan\u0131lmaz sonu\u00e7lar\u0131 ve uzun s\u00fcreli \u00e7al\u0131\u015fmas\u0131n\u0131 sa\u011flar.\u00a0<\/span><br \/>\n<span style=\"font-size: 14pt;\">2) M\u00fckemmel so\u011futma sistemi&#8212; safir s\u0131cakl\u0131\u011f\u0131 0 ~ 3 \u00b0 C so\u011fur, m\u00fc\u015fteriler t\u00fcm tedavi s\u0131ras\u0131nda rahat ve a\u011fr\u0131s\u0131z hisseder.\u00a0<\/span><br \/>\n<span style=\"font-size: 14pt;\">3) Basit ve dost\u00e7a tedavi men\u00fcs\u00fc ve men\u00fcdeki su ak\u0131\u015f\u0131, su seviyesi ve su s\u0131cakl\u0131\u011f\u0131n\u0131n otomatik alarm koruma sistemi.<\/span><\/div>\n<\/div>\n<\/div>\n<div><\/div>\n<\/div>\n<div><img loading=\"lazy\" decoding=\"async\" class=\"aligncenter size-full wp-image-3311\" src=\"https:\/\/www.mlkjlasers.com\/wp-content\/uploads\/2026\/01\/laser-equipment-2-1.jpg\" alt=\"\" width=\"1920\" height=\"1080\" srcset=\"https:\/\/www.mlkjlasers.com\/wp-content\/uploads\/2026\/01\/laser-equipment-2-1.jpg 1920w, https:\/\/www.mlkjlasers.com\/wp-content\/uploads\/2026\/01\/laser-equipment-2-1-300x169.jpg 300w, https:\/\/www.mlkjlasers.com\/wp-content\/uploads\/2026\/01\/laser-equipment-2-1-1024x576.jpg 1024w, https:\/\/www.mlkjlasers.com\/wp-content\/uploads\/2026\/01\/laser-equipment-2-1-768x432.jpg 768w, https:\/\/www.mlkjlasers.com\/wp-content\/uploads\/2026\/01\/laser-equipment-2-1-1536x864.jpg 1536w, https:\/\/www.mlkjlasers.com\/wp-content\/uploads\/2026\/01\/laser-equipment-2-1-600x338.jpg 600w\" sizes=\"(max-width: 1920px) 100vw, 1920px\" \/><\/div>\n<div><\/div>\n<div>\n<div><span style=\"font-size: 18pt;\"><strong>Kol Detaylar\u0131<\/strong><\/span><\/div>\n<div><span style=\"font-size: 14pt;\"><span style=\"font-weight: bold;\">Alex 755nm'de<\/span>Sar\u0131\u015f\u0131n ve ince sa\u00e7lar i\u00e7in, bu zorlu tipleri kolayl\u0131kla ve incelikle ele almak. Sar\u0131\u015f\u0131n ve ince sa\u00e7lar\u0131n benzersiz zorluklar\u0131n\u0131 \u00e7\u00f6zmek i\u00e7in \u00f6zel olarak tasarlanm\u0131\u015f 755nm lazerimiz fark edilebilir sonu\u00e7lar sa\u011flar.<\/span><\/div>\n<div class=\"br-block\"><\/div>\n<div class=\"br-block\"><span style=\"font-size: 14pt;\"><span style=\"font-weight: bold;\">H\u0131zl\u0131 H\u0131z 808nm<\/span>: Alt\u0131n standart dalga boyu, her t\u00fcrl\u00fc ve doku sa\u00e7lar\u0131 \u00e7\u0131karmak i\u00e7in m\u00fckemmel bir \u015fekilde uygundur, \u00e7e\u015fitli sa\u00e7 \u00e7\u0131karma ihtiya\u00e7lar\u0131n\u0131 kar\u015f\u0131lar.<\/span><\/div>\n<div class=\"br-block\"><span style=\"font-size: 14pt;\"><span style=\"font-weight: bold;\">Uzun Darbe 1064nm<\/span>Daha derin penetrasyona odaklanarak, bu dalga boyu koyu ve bronzlanm\u0131\u015f cilt i\u00e7in tasarlanm\u0131\u015ft\u0131r ve daha geni\u015f bir cilt tonlar\u0131 i\u00e7in g\u00fcvenli ve etkili tedaviler sa\u011flar. Koyu ve Tanned Cilt.<\/span><\/div>\n<\/div>\n<div><img loading=\"lazy\" decoding=\"async\" class=\"aligncenter size-full wp-image-3317\" src=\"https:\/\/www.mlkjlasers.com\/wp-content\/uploads\/2026\/01\/laser-equipment-8-1.jpg\" alt=\"\" width=\"1920\" height=\"1080\" srcset=\"https:\/\/www.mlkjlasers.com\/wp-content\/uploads\/2026\/01\/laser-equipment-8-1.jpg 1920w, https:\/\/www.mlkjlasers.com\/wp-content\/uploads\/2026\/01\/laser-equipment-8-1-300x169.jpg 300w, https:\/\/www.mlkjlasers.com\/wp-content\/uploads\/2026\/01\/laser-equipment-8-1-1024x576.jpg 1024w, https:\/\/www.mlkjlasers.com\/wp-content\/uploads\/2026\/01\/laser-equipment-8-1-768x432.jpg 768w, https:\/\/www.mlkjlasers.com\/wp-content\/uploads\/2026\/01\/laser-equipment-8-1-1536x864.jpg 1536w, https:\/\/www.mlkjlasers.com\/wp-content\/uploads\/2026\/01\/laser-equipment-8-1-600x338.jpg 600w\" sizes=\"(max-width: 1920px) 100vw, 1920px\" \/><\/div>\n<div>\n<div><span style=\"font-weight: bold; font-size: 18pt;\">B\u00fcy\u00fck Avantaj<\/span><\/div>\n<div><span style=\"font-size: 14pt;\">&gt;  &gt; Ak\u0131ll\u0131 cilt rengi tan\u0131ma &#8211; Cilt rengi otomatik olarak enerjiyle e\u015fle\u015fir ve yanma riskini azalt\u0131r.<\/span><br \/>\n<span style=\"font-size: 14pt;\">&gt;  &gt; 10 milyon lazer \u00f6mr\u00fc &#8211; T\u00fcm v\u00fccut tedavisine dayanarak hesaplan\u0131r, 300 m\u00fc\u015fteriye hizmet verebilir.<\/span><br \/>\n<span style=\"font-size: 14pt;\">&gt;  &gt; Y\u00fcksek \u00e7\u00f6z\u00fcn\u00fcrl\u00fckl\u00fc dokunmatik ekran, \u00e7e\u015fitli \u00fclkelerde dil aray\u00fczlerinin tek t\u0131klama de\u011fi\u015ftirilmesini destekler.<\/span><br \/>\n<span style=\"font-size: 14pt;\">&gt;  &gt; Hafif kol tasar\u0131m\u0131, a\u011fr\u0131s\u0131z 30 dakika tutar.<\/span><br \/>\n<span style=\"font-size: 14pt;\">&gt;  &gt; T\u00fcm makine FDA, CE, ISO ve di\u011fer sertifikalar\u0131 ge\u00e7ti ve engellersiz 72 \u00fclkeye ihra\u00e7 edilir.<\/span><\/div>\n<div class=\"br-block\"><span style=\"font-size: 14pt;\">&gt;  &gt; 1000W 1200w t\u00fcm v\u00fccutta kapsaml\u0131 bir epilasyon sa\u011flar.<br \/>\n&gt;  &gt; 755nm \/ 808nm \/ 1064nm m\u00fckemmel \u00fc\u00e7l\u00fc dalga boylar\u0131.<br \/>\n&gt;  &gt; Etkileyici uzun \u00f6m\u00fcrl\u00fc, 40 milyon at\u0131\u015f\u0131 a\u015fm\u0131\u015f bir \u00f6m\u00fcrl\u00fc.<br \/>\n&gt;  &gt; \u0130talya su pompas\u0131, kesintisiz 24 saat s\u00fcrekli \u00e7al\u0131\u015fmay\u0131 sa\u011flar.<\/span><\/div>\n<div><img loading=\"lazy\" decoding=\"async\" class=\"aligncenter size-full wp-image-3312\" src=\"https:\/\/www.mlkjlasers.com\/wp-content\/uploads\/2026\/01\/laser-equipment-3-1.jpg\" alt=\"\" width=\"1920\" height=\"1080\" srcset=\"https:\/\/www.mlkjlasers.com\/wp-content\/uploads\/2026\/01\/laser-equipment-3-1.jpg 1920w, https:\/\/www.mlkjlasers.com\/wp-content\/uploads\/2026\/01\/laser-equipment-3-1-300x169.jpg 300w, https:\/\/www.mlkjlasers.com\/wp-content\/uploads\/2026\/01\/laser-equipment-3-1-1024x576.jpg 1024w, https:\/\/www.mlkjlasers.com\/wp-content\/uploads\/2026\/01\/laser-equipment-3-1-768x432.jpg 768w, https:\/\/www.mlkjlasers.com\/wp-content\/uploads\/2026\/01\/laser-equipment-3-1-1536x864.jpg 1536w, https:\/\/www.mlkjlasers.com\/wp-content\/uploads\/2026\/01\/laser-equipment-3-1-600x338.jpg 600w\" sizes=\"(max-width: 1920px) 100vw, 1920px\" \/><\/div>\n<\/div>\n<p><span style=\"font-size: 18pt; font-weight: bold;\">755 808 1064nm Diyot lazer epilasyon makinesi esas olarak profesyonel epilasyon i\u00e7in<\/span><\/p>\n<p><span style=\"font-size: 14pt;\">- 755nm esasen beyaz cilt \u00fczerindeki hafif sa\u00e7 i\u00e7in,<\/span><br \/>\n<span style=\"font-size: 14pt;\">808nm t\u00fcm cilt t\u00fcr\u00fc ve sa\u00e7 rengi i\u00e7in iyi bir sonuca sahiptir.<\/span><br \/>\n<span style=\"font-size: 14pt;\">-1064nm siyah cilt epilasyon i\u00e7in iyi bir i\u015f yap\u0131yor.<\/span><\/p>\n<h3 class=\"contents\"><span style=\"font-size: 18pt; font-family: georgia, palatino, serif;\">\u00d6nce ve Sonra<\/span><span style=\"font-size: 16px;\"> <img loading=\"lazy\" decoding=\"async\" class=\"aligncenter size-full wp-image-3106\" src=\"https:\/\/www.mlkjlasers.com\/wp-content\/uploads\/2024\/06\/8.jpg\" alt=\"\" width=\"1920\" height=\"1080\" srcset=\"https:\/\/www.mlkjlasers.com\/wp-content\/uploads\/2024\/06\/8.jpg 1920w, https:\/\/www.mlkjlasers.com\/wp-content\/uploads\/2024\/06\/8-300x169.jpg 300w, https:\/\/www.mlkjlasers.com\/wp-content\/uploads\/2024\/06\/8-1024x576.jpg 1024w, https:\/\/www.mlkjlasers.com\/wp-content\/uploads\/2024\/06\/8-768x432.jpg 768w, https:\/\/www.mlkjlasers.com\/wp-content\/uploads\/2024\/06\/8-1536x864.jpg 1536w, https:\/\/www.mlkjlasers.com\/wp-content\/uploads\/2024\/06\/8-600x338.jpg 600w\" sizes=\"(max-width: 1920px) 100vw, 1920px\" \/><\/span><\/h3>\n<p><span style=\"font-size: 14pt;\">T\u00fcm cilt ve sa\u00e7 t\u00fcrleri i\u00e7in uygundur. Dudak sa\u00e7lar\u0131n\u0131, sakal sa\u00e7lar\u0131n\u0131, g\u00f6\u011f\u00fcs sa\u00e7lar\u0131n\u0131, kolluk sa\u00e7lar\u0131n\u0131, ekstremite sa\u00e7lar\u0131n\u0131 ve v\u00fccudun herhangi bir b\u00f6lgesindeki istenmeyen sa\u00e7lar\u0131 kal\u0131c\u0131 olarak \u00e7\u0131kar\u0131n.<\/span><\/p>\n<p><img loading=\"lazy\" decoding=\"async\" class=\"aligncenter wp-image-3107\" src=\"https:\/\/www.mlkjlasers.com\/wp-content\/uploads\/2024\/06\/9.jpg\" alt=\"\" width=\"1518\" height=\"854\" srcset=\"https:\/\/www.mlkjlasers.com\/wp-content\/uploads\/2024\/06\/9.jpg 1200w, https:\/\/www.mlkjlasers.com\/wp-content\/uploads\/2024\/06\/9-300x169.jpg 300w, https:\/\/www.mlkjlasers.com\/wp-content\/uploads\/2024\/06\/9-1024x576.jpg 1024w, https:\/\/www.mlkjlasers.com\/wp-content\/uploads\/2024\/06\/9-768x432.jpg 768w, https:\/\/www.mlkjlasers.com\/wp-content\/uploads\/2024\/06\/9-600x338.jpg 600w\" sizes=\"(max-width: 1518px) 100vw, 1518px\" \/><\/p>\n<p><span style=\"font-size: 14pt; font-family: helvetica, arial, sans-serif;\"><strong><a href=\"https:\/\/www.mlkjlasers.com\/tr\/contact-us\/\" target=\"_blank\" rel=\"noopener\">Bug\u00fcn bizimle ileti\u015fime ge\u00e7in! <\/a><\/strong><\/span><\/p>\n<p><span style=\"font-size: 14pt; font-family: helvetica, arial, sans-serif;\"><strong><a href=\"https:\/\/www.mlkjlasers.com\/tr\/contact-us\/\" target=\"_blank\" rel=\"noopener\">[Phone Number]\uff1a+8618054417523<\/a><\/strong><\/span><\/p>\n<p>[Email\u00a0Address]:sale@mingliangkj.com<\/p>","protected":false},"excerpt":{"rendered":"<p>* 755nm 808nm 1064nm diyot lazer teknolojisi, t\u00fcm cilt t\u00fcrleri i\u00e7in uygundur.<\/p>\n<p>* Sa\u00e7 folik\u00fcllerinde \u0131s\u0131 birikimini etkili bir \u015fekilde te\u015fvik eder, c<span data-slate-fragment=\"JTVCJTdCJTIydHlwZSUyMiUzQSUyMnBhcmFncmFwaCUyMiUyQyUyMmNoaWxkcmVuJTIyJTNBJTVCJTdCJTIyaWQlMjIlM0ElMjJ6bExab0xiMG16JTIyJTJDJTIycGFyYUlkeCUyMiUzQTAlMkMlMjJzcmMlMjIlM0ElMjJzZWFtbGVzcyUyMGFuZCUyMGVmZmVjdGl2ZSUyMHJlc3VsdHMlMkMlQzIlQTBmYXN0JTIwaGFpciUyMHJlbW92YWwlMjBmb3IlMjBiaWclMjBhcmVhJTIwdHJlYXRtZW50LiUyMiUyQyUyMmRzdCUyMiUzQSUyMiVFNiU5NyVBMCVFNyVCQyU5RCVFNiU5QyU4OSVFNiU5NSU4OCVFNyU5QSU4NCVFNiU5NSU4OCVFNiU5RSU5QyVFRiVCQyU4QyVFNSVCRiVBQiVFOSU4MCU5RiVFOCU4NCVCMSVFNiVBRiU5QiVFRiVCQyU4QyVFOSU4MCU4MiVFNyU5NCVBOCVFNCVCQSU4RSVFNSVBNCVBNyVFOSU5RCVBMiVFNyVBNyVBRiVFNiVCMiVCQiVFNyU5NiU5NyVFMyU4MCU4MiUyMiUyQyUyMm1ldGFkYXRhJTIyJTNBJTIyJTIyJTJDJTIybWF0Y2hlcyUyMiUzQW51bGwlMkMlMjJ0cmFuc2xhdGVkQnklMjIlM0FudWxsJTJDJTIybWV0YURhdGElMjIlM0ElNUIlNUQlMkMlMjJ0ZXh0JTIyJTNBJTIyc2VhbWxlc3MlMjBhbmQlMjBlZmZlY3RpdmUlMjByZXN1bHRzJTJDJUMyJUEwZmFzdCUyMGhhaXIlMjByZW1vdmFsJTIwZm9yJTIwYmlnJTIwYXJlYSUyMHRyZWF0bWVudC4lMjIlN0QlNUQlN0QlNUQ=\">h\u0131zl\u0131 bir sa\u00e7 \u00e7\u0131karma elde etmek.<\/span><\/p>\n<p>* 808nm diyot lazeri, verimli so\u011futma, a\u011fr\u0131s\u0131z donma noktas\u0131 ve kal\u0131c\u0131 a\u011fr\u0131s\u0131z epilasyon ile daha g\u00fcvenlidir.<\/p>\n<p>* \u00dc\u00e7 bir so\u011futma sistemi: hava so\u011futma su so\u011futma kompres\u00f6r \u00fc\u00e7 bir so\u011futma sistemi. 24 saat \u00e7al\u0131\u015fma kapasitesi.<\/p>","protected":false},"featured_media":3302,"comment_status":"open","ping_status":"closed","template":"","meta":[],"product_cat":[15],"product_tag":[],"class_list":["post-3323","product","type-product","status-publish","has-post-thumbnail","hentry","product_cat-diode-laser-hair-removal-machine"],"_links":{"self":[{"href":"https:\/\/www.mlkjlasers.com\/tr\/wp-json\/wp\/v2\/product\/3323","targetHints":{"allow":["GET"]}}],"collection":[{"href":"https:\/\/www.mlkjlasers.com\/tr\/wp-json\/wp\/v2\/product"}],"about":[{"href":"https:\/\/www.mlkjlasers.com\/tr\/wp-json\/wp\/v2\/types\/product"}],"replies":[{"embeddable":true,"href":"https:\/\/www.mlkjlasers.com\/tr\/wp-json\/wp\/v2\/comments?post=3323"}],"wp:featuredmedia":[{"embeddable":true,"href":"https:\/\/www.mlkjlasers.com\/tr\/wp-json\/wp\/v2\/media\/3302"}],"wp:attachment":[{"href":"https:\/\/www.mlkjlasers.com\/tr\/wp-json\/wp\/v2\/media?parent=3323"}],"wp:term":[{"taxonomy":"product_cat","embeddable":true,"href":"https:\/\/www.mlkjlasers.com\/tr\/wp-json\/wp\/v2\/product_cat?post=3323"},{"taxonomy":"product_tag","embeddable":true,"href":"https:\/\/www.mlkjlasers.com\/tr\/wp-json\/wp\/v2\/product_tag?post=3323"}],"curies":[{"name":"wp","href":"https:\/\/api.w.org\/{rel}","templated":true}]}}