{"id":660,"date":"2023-06-05T16:57:34","date_gmt":"2023-06-05T08:57:34","guid":{"rendered":"https:\/\/mingliang.leadsclouds.com\/?post_type=product&#038;p=660"},"modified":"2026-01-28T10:22:58","modified_gmt":"2026-01-28T02:22:58","slug":"portable-microneedle-980","status":"publish","type":"product","link":"https:\/\/www.mlkjlasers.com\/tr\/product\/portable-microneedle-980\/","title":{"rendered":"Ta\u015f\u0131nabilir mikro i\u011fne 980 diyot lazer kan damarlar\u0131 kald\u0131rma 980 nm lazer damar kald\u0131rma makinesi"},"content":{"rendered":"<table class=\"alignleft\" style=\"border-collapse: collapse; width: 100%; height: 168px;\">\n<tbody>\n<tr style=\"height: 24px;\">\n<td style=\"width: 50%; height: 24px;\"><span style=\"font-family: helvetica, arial, sans-serif; color: #000000; font-size: 14pt;\"><b>Ta\u015f\u0131nabilir Mikro \u0130\u011fne 980 diyot lazeri<\/b><\/span><\/td>\n<td style=\"width: 50%; height: 24px;\"><span style=\"font-family: helvetica, arial, sans-serif; color: #000000; font-size: 14pt;\">Model numaras\u0131: Microneedling 980NM<\/span><\/td>\n<\/tr>\n<tr style=\"height: 24px;\">\n<td style=\"width: 50%; height: 24px;\"><span style=\"font-family: helvetica, arial, sans-serif; color: #000000; font-size: 14pt;\">Stil:Ta\u015f\u0131nabilir<\/span><\/td>\n<td style=\"width: 50%; height: 24px;\"><span style=\"font-family: helvetica, arial, sans-serif; color: #000000; font-size: 14pt;\">Ekran Boyutu: 10.4 in\u00e7 ger\u00e7ek renkli dokunmatik ekran<\/span><\/td>\n<\/tr>\n<tr style=\"height: 24px;\">\n<td style=\"width: 50%; height: 24px;\"><span style=\"font-family: helvetica, arial, sans-serif; color: #000000; font-size: 14pt;\">Fonksiyon: k\u0131r\u0131\u015f\u0131kl\u0131klar\u0131 azaltmak yara izi<\/span><\/td>\n<td style=\"width: 50%; height: 24px;\"><span style=\"font-family: helvetica, arial, sans-serif; color: #000000; font-size: 14pt;\">Toplam sonu\u00e7: 10 ila 120mi \/ pin adiustable<\/span><\/td>\n<\/tr>\n<tr style=\"height: 24px;\">\n<td style=\"width: 50%; height: 24px;\"><span style=\"font-family: helvetica, arial, sans-serif; color: #000000; font-size: 14pt;\">Derinlik: 0-4.0 ayarlanabilir<\/span><\/td>\n<td style=\"width: 50%; height: 24px;\"><span style=\"font-family: helvetica, arial, sans-serif; color: #000000; font-size: 14pt;\">RF: 10-150 ayarlanabilir<\/span><\/td>\n<\/tr>\n<tr style=\"height: 24px;\">\n<td style=\"width: 50%; height: 24px;\"><span style=\"font-family: helvetica, arial, sans-serif; color: #000000; font-size: 14pt;\">Tedavi: Otomatik vakum ind\u00fcksiyon, manuel<\/span><\/td>\n<td style=\"width: 50%; height: 24px;\"><span style=\"font-family: helvetica, arial, sans-serif; color: #000000; font-size: 14pt;\">Gerilim: AC220V \/ 110V 50HZ \/ 60HZ<\/span><\/td>\n<\/tr>\n<tr style=\"height: 24px;\">\n<td style=\"width: 50%; height: 24px;\"><span style=\"font-family: helvetica, arial, sans-serif; color: #000000; font-size: 14pt;\">Makine demans\u0131: L * W * H: 280 * 240 * 300mm<\/span><\/td>\n<td style=\"width: 50%; height: 24px;\"><span style=\"font-family: helvetica, arial, sans-serif; color: #000000; font-size: 14pt;\">Paket: Al\u00fcminyum kutu<\/span><\/td>\n<\/tr>\n<tr style=\"height: 24px;\">\n<td style=\"width: 50%; height: 24px;\"><span style=\"font-family: helvetica, arial, sans-serif; color: #000000; font-size: 14pt;\">M\u00fc\u015fteri hizmetleri: \u00dccretsiz yedek par\u00e7alar, video teknik destek, \u00e7evrimi\u00e7i destek<\/span><\/td>\n<td style=\"width: 50%; height: 24px;\"><span style=\"font-family: helvetica, arial, sans-serif; color: #000000; font-size: 14pt;\">Garanti: Makine i\u00e7in 1 y\u0131l ve sap i\u00e7in yar\u0131m y\u0131l<\/span><\/td>\n<\/tr>\n<\/tbody>\n<\/table>\n<div class=\"se4_tit\" style=\"text-align: left;\"><\/div>\n<div class=\"des\" style=\"text-align: left;\">\n<div class=\"des_item\">\n<div class=\"des_detail\">\n<div class=\"J_module\">\n<div class=\"icbu-pc-images magic-0\">\n<div class=\"flex-layout-v\">\n<div class=\"flex-layout-h magic-0\">\n<div class=\"magic-1\"><\/div>\n<\/div>\n<\/div>\n<div><\/div>\n<\/div>\n<\/div>\n<div class=\"J_module\">\n<div class=\"detail-decorate-json-renderer-container\">\n<div class=\"magic-3\">\n<div class=\"magic-4\">\n<div class=\"magic-5\">\n<div><\/div>\n<div><\/div>\n<div class=\"magic-6\">\n<p>&nbsp;<\/p>\n<p>&nbsp;<\/p>\n<p><span style=\"font-size: 14pt;\"><img fetchpriority=\"high\" decoding=\"async\" class=\"\" src=\"https:\/\/sc04.alicdn.com\/kf\/Hb8b5e85ea91d45ef8bdde700da07170aw\/252086154\/Hb8b5e85ea91d45ef8bdde700da07170aw.jpg\" width=\"1554\" height=\"1122\" \/><\/span><\/p>\n<p><span class=\"magic-11\" style=\"font-size: 14pt;\">1. Anti-k\u0131r\u0131\u015f\u0131kl\u0131k, cildi sertle\u015ftirmek, sahte k\u0131r\u0131\u015f\u0131kl\u0131klar\u0131 iyile\u015ftirmek, ya\u011f \u00e7\u00f6zmek, \u015fekillendirmek ve kald\u0131rmak. <\/span><\/p>\n<p><span class=\"magic-11\" style=\"font-size: 14pt;\">2. H\u0131zl\u0131 bir \u015fekilde s\u0131k\u0131c\u0131 ve parlaks\u0131z semptomu geli\u015ftirin, kuru cildi ve sall\u0131 ciltleri geli\u015ftirin, cildi parlat\u0131n ve daha hassas hale getirin.<\/span><\/p>\n<p><span class=\"magic-11\" style=\"font-size: 14pt;\">3. Y\u00fcz lenf dola\u015f\u0131m\u0131n\u0131 aktif olarak te\u015fvik edin, cilt \u00f6demi sorununu \u00e7\u00f6z\u00fcn. <\/span><\/p>\n<p><span class=\"magic-11\" style=\"font-size: 14pt;\">4. Cildi kald\u0131rmak ve s\u0131k\u0131\u015ft\u0131rmak, y\u00fcz sar\u0131lmas\u0131 sorununu etkili bir \u015fekilde \u00e7\u00f6zmek, hassas y\u00fcz\u00fc \u015fekillendirmek, stretch markalar\u0131n\u0131 onarmak. <\/span><\/p>\n<p><span class=\"magic-11\" style=\"font-size: 14pt;\">5. G\u00f6z\u00fcn siyah kenar\u0131n\u0131, g\u00f6z torbalar\u0131n\u0131 ve g\u00f6z\u00fcn etraf\u0131ndaki k\u0131r\u0131\u015f\u0131kl\u0131klar\u0131 \u00e7\u0131karmak. Gezenikleri k\u00fc\u00e7\u00fcltmek, blain izi onarmak, cildi sakinle\u015ftirmek.<\/span><\/p>\n<\/div>\n<\/div>\n<\/div>\n<\/div>\n<\/div>\n<\/div>\n<div class=\"J_module\">\n<div class=\"icbu-pc-images magic-0\">\n<div class=\"flex-layout-v\">\n<div class=\"flex-layout-h magic-0\">\n<div class=\"magic-10\"><img decoding=\"async\" class=\"\" src=\"https:\/\/sc04.alicdn.com\/kf\/Hd4e8e4265ae94e6e9ccfd635cf074d24U\/252086154\/Hd4e8e4265ae94e6e9ccfd635cf074d24U.jpg\" width=\"1559\" height=\"1782\" \/><\/div>\n<\/div>\n<\/div>\n<\/div>\n<\/div>\n<div class=\"J_module\">\n<div class=\"detail-decorate-json-renderer-container\">\n<div class=\"magic-3\">\n<div class=\"magic-4\">\n<div class=\"magic-5\">\n<div class=\"magic-6\">\n<p><span class=\"magic-8\" style=\"font-family: helvetica, arial, sans-serif; color: #000000; font-size: 14pt;\"><b>2 in 1 980nm Diyot Lazer Mikro \u0130\u011fne<\/b><\/span><\/p>\n<div><span class=\"magic-9\" style=\"font-family: helvetica, arial, sans-serif; color: #000000; font-size: 14pt;\">1.980nm lazer \u0131\u015f\u0131n\u0131, \u00e7evreli cilt dokusunu yakmaktan ka\u00e7\u0131narak, hedef dokuya ula\u015fmak i\u00e7in daha odaklanm\u0131\u015f enerjiyi sa\u011flamak i\u00e7in 0.2-0.5mm \u00e7ap aral\u0131\u011f\u0131na odaklan\u0131r. Transkutan \u0131\u015f\u0131nlama (dokuda 1 ila 2 mm n\u00fcfuz ile) hemoglobin taraf\u0131ndan doku se\u00e7ici emilmesine neden olur (hemoglobin lazerin ana hedefidir) <\/span><\/div>\n<div><span class=\"magic-9\" style=\"font-family: helvetica, arial, sans-serif; color: #000000; font-size: 14pt;\">2. RF Microneedling tedavisi cildin \u00fcst katman\u0131na n\u00fcfuz etmek i\u00e7in s\u00fcltrafin i\u011fneleri ve radyofrekans (RF) enerjisini kullan\u0131r. Bu, tedavi edilen b\u00f6lgelere elastin ve kolajenin yenilenmesine izin verir ve cildin canland\u0131r\u0131lm\u0131\u015f g\u00f6r\u00fcn\u00fcm\u00fcne neden olur.<\/span><\/div>\n<\/div>\n<\/div>\n<\/div>\n<\/div>\n<\/div>\n<\/div>\n<div class=\"J_module\">\n<div class=\"icbu-pc-images magic-0\">\n<div>\n<div class=\"flex-layout-v\">\n<div class=\"flex-layout-h magic-0\">\n<div class=\"magic-12\"><span style=\"font-family: helvetica, arial, sans-serif; color: #000000; font-size: 14pt;\"><img decoding=\"async\" class=\"magic-13 alignleft\" src=\"https:\/\/sc04.alicdn.com\/kf\/Hfd0c3bfa095c4231835fcc8749feb1b9N\/252086154\/Hfd0c3bfa095c4231835fcc8749feb1b9N.jpg\" width=\"1562\" height=\"1562\" data-src=\"\/\/sc04.alicdn.com\/kf\/Hfd0c3bfa095c4231835fcc8749feb1b9N\/252086154\/Hfd0c3bfa095c4231835fcc8749feb1b9N.jpg\" \/><\/span><\/div>\n<div class=\"magic-14\"><span style=\"font-family: helvetica, arial, sans-serif; color: #000000; font-size: 14pt;\"><img loading=\"lazy\" decoding=\"async\" class=\"magic-15\" src=\"https:\/\/sc04.alicdn.com\/kf\/H63b4fd714d704086a06436049985b6fcj\/252086154\/H63b4fd714d704086a06436049985b6fcj.jpg\" width=\"1560\" height=\"1560\" data-src=\"\/\/sc04.alicdn.com\/kf\/H63b4fd714d704086a06436049985b6fcj\/252086154\/H63b4fd714d704086a06436049985b6fcj.jpg\" \/><\/span><\/div>\n<\/div>\n<\/div>\n<\/div>\n<\/div>\n<\/div>\n<div class=\"J_module\">\n<div id=\"ali-anchor-AliMagic-bqw1j4\" class=\"magic-16\" data-section=\"AliMagic-bqw1j4\" data-section-title=\"RF Microneedling Handle Display\"><span style=\"font-size: 14pt;\"><strong><span style=\"font-family: helvetica, arial, sans-serif; color: #000000;\">RF Microneedling Kolu Ekran\u0131<\/span><\/strong><\/span><\/div>\n<\/div>\n<div class=\"J_module\">\n<div class=\"icbu-pc-images magic-0\">\n<div>\n<div class=\"flex-layout-v\">\n<div class=\"flex-layout-h magic-0\">\n<div class=\"magic-17\"><span style=\"font-family: helvetica, arial, sans-serif; color: #000000; font-size: 14pt;\"><img loading=\"lazy\" decoding=\"async\" class=\"magic-18 alignnone\" src=\"https:\/\/sc04.alicdn.com\/kf\/H154ddd392cfd42e68914023c0cbadef6r\/252086154\/H154ddd392cfd42e68914023c0cbadef6r.jpg\" width=\"1567\" height=\"1744\" data-src=\"\/\/sc04.alicdn.com\/kf\/H154ddd392cfd42e68914023c0cbadef6r\/252086154\/H154ddd392cfd42e68914023c0cbadef6r.jpg\" \/><\/span><\/div>\n<\/div>\n<div><\/div>\n<\/div>\n<\/div>\n<\/div>\n<\/div>\n<div class=\"J_module\">\n<div class=\"detail-decorate-json-renderer-container\">\n<div class=\"magic-3\">\n<div class=\"magic-4\">\n<div class=\"magic-5\">\n<div class=\"magic-6\"><span class=\"magic-9\" style=\"font-family: helvetica, arial, sans-serif; color: #000000; font-size: 14pt;\">Exfu RF Microneedling makinesi cildi s\u0131k\u0131\u015ft\u0131rabilir ve yumu\u015fak doku koag\u00fclasyonu yoluyla sa\u011flaml\u0131\u011f\u0131 sa\u011flayabilir. Bu, tedavi edilen b\u00f6lgelere elastin ve kolajenin yenilenmesine izin verir ve cildin canland\u0131r\u0131lm\u0131\u015f g\u00f6r\u00fcn\u00fcm\u00fcne neden olur.<\/span><\/div>\n<div>\n<div class=\"J_module\">\n<div class=\"icbu-pc-images magic-0\">\n<div><\/div>\n<div><span style=\"font-size: 14pt;\"><b style=\"color: #000000; font-family: helvetica, arial, sans-serif;\">Cilt canland\u0131rma i\u00e7in tedavi nas\u0131l yap\u0131l\u0131r?<\/b><\/span><\/div>\n<\/div>\n<\/div>\n<div class=\"J_module\">\n<div class=\"detail-decorate-json-renderer-container\">\n<div class=\"magic-3\">\n<div class=\"magic-4\">\n<div class=\"magic-5\">\n<div><\/div>\n<div class=\"magic-6\"><span class=\"magic-9\" style=\"font-family: helvetica, arial, sans-serif; color: #000000; font-size: 14pt;\">Cildinizi uyand\u0131r\u0131n&#8217; s do\u011fal kolajen &amp; elastin \u00fcretimi. Frekans mikro i\u011fne tedavisi, cildin \u00fcst katman\u0131na n\u00fcfuz etmek ve v\u00fccudu tetiklemek i\u00e7in ultra ince i\u011fneler ve radyofrekans (RF) enerjisi kullan\u0131r. yeni kolajen ve elastin yenilenmek i\u00e7in do\u011fal iyile\u015fme s\u00fcreci. Di\u011fer cilt canland\u0131rma tedavilerinden farkl\u0131 olarak, bu tedaviler v\u00fccudun herhangi bir yerinde ve y\u0131l\u0131n herhangi bir zaman\u0131nda t\u00fcm cilt tiplerinde yap\u0131labilir.<\/span><\/div>\n<\/div>\n<\/div>\n<\/div>\n<\/div>\n<\/div>\n<\/div>\n<div><\/div>\n<\/div>\n<\/div>\n<\/div>\n<\/div>\n<\/div>\n<div class=\"J_module\">\n<div class=\"icbu-pc-images magic-0\">\n<div>\n<div class=\"flex-layout-v\">\n<div class=\"flex-layout-h magic-0\">\n<div class=\"magic-19\"><span style=\"font-family: helvetica, arial, sans-serif; color: #000000; font-size: 14pt;\"><img loading=\"lazy\" decoding=\"async\" class=\"magic-20 alignnone\" src=\"https:\/\/sc04.alicdn.com\/kf\/H166086f7a74342b09575d7831c0b64f19\/252086154\/H166086f7a74342b09575d7831c0b64f19.jpg\" width=\"1559\" height=\"1559\" data-src=\"\/\/sc04.alicdn.com\/kf\/H166086f7a74342b09575d7831c0b64f19\/252086154\/H166086f7a74342b09575d7831c0b64f19.jpg\" \/><\/span><\/div>\n<\/div>\n<\/div>\n<\/div>\n<\/div>\n<\/div>\n<div class=\"J_module\">\n<div class=\"detail-decorate-json-renderer-container\">\n<div class=\"magic-3\">\n<div class=\"magic-4\">\n<div class=\"magic-5\">\n<div class=\"magic-6\"><\/div>\n<\/div>\n<div>\n<h4 style=\"text-align: left;\"><span style=\"font-family: helvetica, arial, sans-serif; color: #000000; font-size: 14pt;\"><img loading=\"lazy\" decoding=\"async\" class=\"alignnone\" src=\"https:\/\/www.exfulaser.com\/uploads\/20221125\/%E5%9B%BE%E5%B1%82-213.jpg\" alt=\"\" width=\"1680\" height=\"413\" \/><\/span><\/h4>\n<\/div>\n<\/div>\n<\/div>\n<\/div>\n<\/div>\n<div class=\"J_module\">\n<div class=\"detail-decorate-json-renderer-container\">\n<div class=\"magic-3\">\n<div class=\"magic-4\">\n<div class=\"magic-5\">\n<div class=\"magic-6\">\n<p><span class=\"magic-9\" style=\"font-family: helvetica, arial, sans-serif; color: #000000; font-size: 14pt;\"><b>Tedavi alanlar\u0131 nelerdir? <\/b><\/span><\/p>\n<div><span class=\"magic-9\" style=\"font-family: helvetica, arial, sans-serif; color: #000000; font-size: 14pt;\">Hem y\u00fcz hem de v\u00fccut tedavi edilebilir. Tedavi edilebilir alanlar a\u015fa\u011f\u0131daki gibi: Tam Y\u00fcz \/ Al\u0131n \/ Karga ayaklar\u0131 \/ \u00dcst Yanak \/ Alt G\u00f6zler \/ Alt \/ Yanak \/ Burun \/ \u00dcst &amp; amp; Alt dudak \/ \u00e7ene \/ \u00e7ene \u00e7izgisi \/ boyun \/ dekolej \/ dirsek \/ kar\u0131n<\/span><\/div>\n<div><\/div>\n<div><span style=\"font-size: 14pt;\"><strong><span style=\"color: #000000; font-family: helvetica, arial, sans-serif;\">980nm Diyot Lazer Kolu ekran\u0131<\/span><\/strong><\/span><\/div>\n<\/div>\n<\/div>\n<\/div>\n<\/div>\n<\/div>\n<\/div>\n<div class=\"J_module\">\n<div data-section=\"AliMagic-r0ip19\" data-section-title=\"980nm Diode Laser Handle display\"><\/div>\n<\/div>\n<div class=\"J_module\">\n<div class=\"icbu-pc-images magic-0\">\n<div>\n<div class=\"flex-layout-v\">\n<div class=\"flex-layout-h magic-0\">\n<div class=\"magic-21\"><span style=\"font-family: helvetica, arial, sans-serif; color: #000000; font-size: 14pt;\"><img loading=\"lazy\" decoding=\"async\" class=\"magic-22 alignnone\" src=\"https:\/\/sc04.alicdn.com\/kf\/H57ad29db6f494a7eba3d2f89125e44dfP\/252086154\/H57ad29db6f494a7eba3d2f89125e44dfP.jpg\" width=\"1562\" height=\"1063\" data-src=\"\/\/sc04.alicdn.com\/kf\/H57ad29db6f494a7eba3d2f89125e44dfP\/252086154\/H57ad29db6f494a7eba3d2f89125e44dfP.jpg\" \/><\/span><\/div>\n<\/div>\n<\/div>\n<div><\/div>\n<\/div>\n<\/div>\n<\/div>\n<div class=\"J_module\">\n<div class=\"detail-decorate-json-renderer-container\">\n<div class=\"magic-3\">\n<div class=\"magic-4\">\n<div class=\"magic-5\">\n<div class=\"magic-6\">\n<div class=\"magic-25\"><span class=\"magic-9\" style=\"color: #000000; font-family: helvetica, arial, sans-serif; font-size: 14pt;\"><b class=\"magic-26\">\u00d6r\u00fcmcek Ven Kald\u0131rma 980 Diyot Vask\u00fcler Lazer Makinesi<\/b><\/span><\/div>\n<div class=\"magic-25\"><span class=\"magic-9\" style=\"color: #000000; font-family: helvetica, arial, sans-serif; font-size: 14pt;\"><b class=\"magic-26\">Diyot Lazer 980nm tamir ve gri nai kald\u0131rmak<\/b><\/span><\/div>\n<\/div>\n<div><\/div>\n<\/div>\n<\/div>\n<\/div>\n<\/div>\n<\/div>\n<div class=\"J_module\">\n<div class=\"icbu-pc-images magic-0\">\n<div>\n<div class=\"flex-layout-v\">\n<div class=\"flex-layout-h magic-0\">\n<div class=\"magic-27\"><span style=\"font-family: helvetica, arial, sans-serif; color: #000000; font-size: 14pt;\"><img loading=\"lazy\" decoding=\"async\" class=\"magic-28 alignnone\" src=\"https:\/\/sc04.alicdn.com\/kf\/H24211fab3e594d65a7c17f7a36aa70899\/252086154\/H24211fab3e594d65a7c17f7a36aa70899.jpg\" width=\"1588\" height=\"2035\" data-src=\"\/\/sc04.alicdn.com\/kf\/H24211fab3e594d65a7c17f7a36aa70899\/252086154\/H24211fab3e594d65a7c17f7a36aa70899.jpg\" \/><\/span><\/div>\n<div><\/div>\n<\/div>\n<\/div>\n<\/div>\n<\/div>\n<\/div>\n<div class=\"J_module\">\n<div class=\"detail-decorate-json-renderer-container\">\n<div class=\"magic-3\">\n<div class=\"magic-4\">\n<div class=\"magic-5\">\n<div class=\"magic-6\"><span class=\"magic-8\" style=\"font-family: helvetica, arial, sans-serif; color: #000000; font-size: 14pt;\"><b>Makine \u00f6zellikleri: <\/b><\/span><\/div>\n<div class=\"magic-6\"><span class=\"magic-9\" style=\"font-family: helvetica, arial, sans-serif; color: #000000; font-size: 14pt;\">* T\u00fcketilebilir par\u00e7a yok, makine g\u00fcnde 24 saat \u00e7al\u0131\u015fabilir. <\/span><\/div>\n<div class=\"magic-6\"><span class=\"magic-9\" style=\"font-family: helvetica, arial, sans-serif; color: #000000; font-size: 14pt;\">* Epiderme hi\u00e7 zarar vermez. <\/span><\/div>\n<div class=\"magic-6\"><span class=\"magic-9\" style=\"font-family: helvetica, arial, sans-serif; color: #000000; font-size: 14pt;\">* A\u011fr\u0131s\u0131z, invaziv olmayan, durma zaman\u0131 yok. <\/span><\/div>\n<div class=\"magic-6\"><span class=\"magic-9\" style=\"font-family: helvetica, arial, sans-serif; color: #000000; font-size: 14pt;\">* Ta\u015f\u0131nabilir tasar\u0131m, ta\u015f\u0131ma kolay. <\/span><\/div>\n<div class=\"magic-6\"><span class=\"magic-9\" style=\"font-family: helvetica, arial, sans-serif; color: #000000; font-size: 14pt;\">* Cilt yeniden y\u00fczeyleme i\u00e7in 4 kafa ile nokta boyutu alt\u0131n mikro i\u011fne makinesini ayarlamak i\u00e7in 4 y\u00fcz\u00fckl\u00fc \u00fcst donan\u0131ml\u0131 yedek, 980nm lazer. <\/span><\/div>\n<div class=\"magic-6\"><span class=\"magic-9\" style=\"font-family: helvetica, arial, sans-serif; color: #000000; font-size: 14pt;\">* Birden fazla dil se\u00e7ilebilir, ihtiya\u00e7lar\u0131n\u0131za g\u00f6re \u00fccretsiz logo yapabiliriz.<\/span><\/div>\n<div><\/div>\n<\/div>\n<\/div>\n<\/div>\n<\/div>\n<\/div>\n<div class=\"J_module\">\n<div class=\"icbu-pc-images magic-0\">\n<div>\n<div class=\"flex-layout-v\">\n<div class=\"flex-layout-h magic-0\">\n<div class=\"magic-21\"><span style=\"font-family: helvetica, arial, sans-serif; color: #000000; font-size: 14pt;\"><img loading=\"lazy\" decoding=\"async\" class=\"magic-22 alignnone\" src=\"https:\/\/sc04.alicdn.com\/kf\/Hb8c48007443e4bc6a50fc8ed220ca7000\/252086154\/Hb8c48007443e4bc6a50fc8ed220ca7000.jpg\" width=\"1603\" height=\"1091\" data-src=\"\/\/sc04.alicdn.com\/kf\/Hb8c48007443e4bc6a50fc8ed220ca7000\/252086154\/Hb8c48007443e4bc6a50fc8ed220ca7000.jpg\" \/><\/span><\/div>\n<\/div>\n<\/div>\n<\/div>\n<\/div>\n<\/div>\n<div class=\"J_module\">\n<div class=\"detail-decorate-json-renderer-container\">\n<div class=\"magic-3\">\n<div class=\"magic-4\">\n<div class=\"magic-5\">\n<div class=\"magic-6\">\n<div class=\"magic-25\"><span style=\"font-family: helvetica, arial, sans-serif; color: #000000; font-size: 14pt;\"><b><span class=\"magic-31\"> Tek anahtarl\u0131 g\u00fc\u00e7 a\u00e7ma tasar\u0131m\u0131 <\/span><\/b><\/span><\/div>\n<\/div>\n<\/div>\n<\/div>\n<\/div>\n<\/div>\n<\/div>\n<div class=\"J_module\">\n<div data-section=\"AliMagic-whquon\" data-section-title=\"Screen Display\"><\/div>\n<div id=\"ali-anchor-AliMagic-whquon\" class=\"magic-16\" data-section=\"AliMagic-whquon\" data-section-title=\"Screen Display\"><span style=\"font-family: helvetica, arial, sans-serif; color: #000000; font-size: 14pt;\">Ekran Ekran\u0131<\/span><\/div>\n<div data-section=\"AliMagic-whquon\" data-section-title=\"Screen Display\"><\/div>\n<\/div>\n<div class=\"J_module\">\n<div class=\"icbu-pc-images magic-0\">\n<div>\n<div class=\"flex-layout-v\">\n<div class=\"flex-layout-h magic-0\">\n<div class=\"magic-32\"><span style=\"font-family: helvetica, arial, sans-serif; color: #000000; font-size: 14pt;\"><img loading=\"lazy\" decoding=\"async\" class=\"magic-33 alignnone\" src=\"https:\/\/sc04.alicdn.com\/kf\/Ha927851f2e944ee683ef6c7b2d5de1a1f\/252086154\/Ha927851f2e944ee683ef6c7b2d5de1a1f.jpg\" width=\"1582\" height=\"1204\" data-src=\"\/\/sc04.alicdn.com\/kf\/Ha927851f2e944ee683ef6c7b2d5de1a1f\/252086154\/Ha927851f2e944ee683ef6c7b2d5de1a1f.jpg\" \/><\/span><\/div>\n<\/div>\n<\/div>\n<\/div>\n<\/div>\n<\/div>\n<div class=\"J_module\">\n<div class=\"detail-decorate-json-renderer-container\">\n<div class=\"magic-3\">\n<div class=\"magic-4\">\n<div class=\"magic-5\">\n<div data-spm-anchor-id=\"a2700.wholesale.0.i28.464341182zYuX6\"><\/div>\n<div class=\"magic-6\" data-spm-anchor-id=\"a2700.wholesale.0.i28.464341182zYuX6\"><span style=\"font-family: helvetica, arial, sans-serif; color: #000000; font-size: 14pt;\">1. 14 in\u00e7 b\u00fcy\u00fck dokunmatik ekran, insanla\u015ft\u0131r\u0131lm\u0131\u015f tasarlanm\u0131\u015ft\u0131r <\/span><\/div>\n<div class=\"magic-6\" data-spm-anchor-id=\"a2700.wholesale.0.i28.464341182zYuX6\"><span style=\"font-family: helvetica, arial, sans-serif; color: #000000; font-size: 14pt;\">2. Erkek \/ kad\u0131n, v\u00fccut par\u00e7alar\u0131, se\u00e7enek i\u00e7in 6 cilt tipi. <\/span><br \/>\n<span style=\"font-family: helvetica, arial, sans-serif; color: #000000; font-size: 14pt;\">3. Ana diliniz \u0130ngilizce. <\/span><br \/>\n<span style=\"font-family: helvetica, arial, sans-serif; color: #000000; font-size: 14pt;\">4. \u00dccretsiz OEM program hizmeti (logo \/ sistem&#8230;)<\/span><\/div>\n<\/div>\n<\/div>\n<\/div>\n<\/div>\n<\/div>\n<\/div>\n<\/div>\n<\/div>\n<div style=\"text-align: left;\" data-spm-anchor-id=\"a2700.wholesale.0.i28.464341182zYuX6\"><\/div>\n<div style=\"text-align: left;\" data-spm-anchor-id=\"a2700.wholesale.0.i28.464341182zYuX6\"><\/div>\n<div style=\"text-align: left;\" data-spm-anchor-id=\"a2700.wholesale.0.i28.464341182zYuX6\"><span style=\"font-size: 14pt;\"><em><span style=\"color: #0000ff;\"><strong><span style=\"font-family: helvetica, arial, sans-serif;\">\u015eimdi daha fazla bilgi edinin!<\/span><\/strong><\/span><\/em><\/span><\/div>\n<div style=\"text-align: left;\" data-spm-anchor-id=\"a2700.wholesale.0.i28.464341182zYuX6\"><\/div>","protected":false},"excerpt":{"rendered":"<div><span class=\"magic-9\" style=\"font-family: helvetica, arial, sans-serif; color: #000000;\">980nm lazer \u0131\u015f\u0131n\u0131, \u00e7evreli cilt dokusunu yakmaktan ka\u00e7\u0131narak, hedef dokuya ula\u015fmak i\u00e7in daha odaklanm\u0131\u015f enerjiyi sa\u011flamak i\u00e7in 0,2-0,5mm \u00e7ap aral\u0131\u011f\u0131na odaklan\u0131r. Transkutan \u0131\u015f\u0131nlama (dokuda 1 ila 2 mm n\u00fcfuz ile) hemoglobin taraf\u0131ndan doku se\u00e7ici emilmesine neden olur (hemoglobin lazerin ana hedefidir)<\/span><\/div>\n<div><\/div>\n<div><span class=\"magic-9\" style=\"font-family: helvetica, arial, sans-serif; color: #000000;\">RF Microneedling tedavisi cildin \u00fcst katman\u0131na n\u00fcfuz etmek i\u00e7in s\u00fcltrafin i\u011fneleri ve radyofrekans (RF) enerjisini kullan\u0131r. Bu, tedavi edilen b\u00f6lgelere elastin ve kolajenin yenilenmesine izin verir ve cildin canland\u0131r\u0131lm\u0131\u015f g\u00f6r\u00fcn\u00fcm\u00fcne neden olur.<\/span><\/div>\n<div><\/div>\n<div>15 y\u0131l g\u00fczellik alet \u00fcreticisi, daha \u00f6zelle\u015ftirilmi\u015f hizmetler sa\u011flayabilir<\/div>","protected":false},"featured_media":662,"comment_status":"open","ping_status":"closed","template":"","meta":[],"product_cat":[25],"product_tag":[],"class_list":["post-660","product","type-product","status-publish","has-post-thumbnail","hentry","product_cat-micro-needle-microneedle-multi-function"],"_links":{"self":[{"href":"https:\/\/www.mlkjlasers.com\/tr\/wp-json\/wp\/v2\/product\/660","targetHints":{"allow":["GET"]}}],"collection":[{"href":"https:\/\/www.mlkjlasers.com\/tr\/wp-json\/wp\/v2\/product"}],"about":[{"href":"https:\/\/www.mlkjlasers.com\/tr\/wp-json\/wp\/v2\/types\/product"}],"replies":[{"embeddable":true,"href":"https:\/\/www.mlkjlasers.com\/tr\/wp-json\/wp\/v2\/comments?post=660"}],"wp:featuredmedia":[{"embeddable":true,"href":"https:\/\/www.mlkjlasers.com\/tr\/wp-json\/wp\/v2\/media\/662"}],"wp:attachment":[{"href":"https:\/\/www.mlkjlasers.com\/tr\/wp-json\/wp\/v2\/media?parent=660"}],"wp:term":[{"taxonomy":"product_cat","embeddable":true,"href":"https:\/\/www.mlkjlasers.com\/tr\/wp-json\/wp\/v2\/product_cat?post=660"},{"taxonomy":"product_tag","embeddable":true,"href":"https:\/\/www.mlkjlasers.com\/tr\/wp-json\/wp\/v2\/product_tag?post=660"}],"curies":[{"name":"wp","href":"https:\/\/api.w.org\/{rel}","templated":true}]}}